{"id":26208,"date":"2024-02-13T18:21:53","date_gmt":"2024-02-13T17:21:53","guid":{"rendered":"https:\/\/truusk.store\/product\/sidobord-med-sakerhetsglas-runt-soffbord-soffbord-glasbord-for-vardagsrum-sovrum-metall-svart-80-x-80-x-75-cm\/"},"modified":"2026-03-12T09:06:32","modified_gmt":"2026-03-12T08:06:32","slug":"truusk-soffbord-i-runt-glas-svart-metall-perfekt-for-vardagsrum-och-sovrum-80-x-80-x-75-cm","status":"publish","type":"product","link":"https:\/\/truusk.store\/sv\/produkt\/truusk-soffbord-i-runt-glas-svart-metall-perfekt-for-vardagsrum-och-sovrum-80-x-80-x-75-cm\/","title":{"rendered":"TRUUSK Soffbord i Runt Glas &#8211; Svart Metall &#8211; Perfekt f\u00f6r Vardagsrum och Sovrum &#8211; 80 x 80 x 75 cm"},"content":{"rendered":"<p>Detta matbord \u00e4r ett elegant tillskott till din matsal eller vardagsrum. Placera mat, dryck, snacks och till och med b\u00f6cker p\u00e5 den och njut. Telefonbordets runda h\u00e4rdade glasskiva ger det en vacker touch och \u00e4r l\u00e4tt att reng\u00f6ra och underh\u00e5lla. De justerbara f\u00f6tterna s\u00e4kerst\u00e4ller balans p\u00e5 lite oj\u00e4mna golv. Kombinera det med k\u00f6ksbordet i glas f\u00f6r att g\u00f6ra det snyggt i ditt hem.<\/p>\n<h3>Beskrivning:<\/h3>\n<ul>\n<li>Snyggt runt glasbord, perfekt f\u00f6r din matsal, vardagsrum, balkong, k\u00f6k eller uteplats, kan anv\u00e4ndas som matbord, sidobord, barbord, sidobord, etc.<\/li>\n<li>Kombinationen av glas- och metalldesign ger ditt hem en modern touch<\/li>\n<li>Skivan av h\u00e4rdat glas f\u00f6r styrka och enkel reng\u00f6ring<\/li>\n<li>Korsade ben i neutral svart metall f\u00f6r stabilitet<\/li>\n<li>Justerbara f\u00f6tter f\u00f6r balans p\u00e5 lite oj\u00e4mna golv<\/li>\n<li>Montering kr\u00e4vs<\/li>\n<\/ul>\n<h3>Teknisk data:<\/h3>\n<ul>\n<li>Svart f\u00e4rg<\/li>\n<li>Material: st\u00e5l, h\u00e4rdat glas<\/li>\n<li>Totala m\u00e5tt: 80L x 80W x 75H cm<\/li>\n<li>Glasplattans tjocklek: 7 mm<\/li>\n<li>Lastkapacitet: 30 kg<\/li>\n<\/ul>\n<h3>Leveransens omfattning:<\/h3>\n<ul>\n<li>1 x Sidobord<\/li>\n<li>1 x Instruktioner<\/li>\n<\/ul>\n","protected":false},"excerpt":{"rendered":"<p>Detta matbord \u00e4r ett elegant tillskott till din matsal eller vardagsrum. Placera mat, dryck, snacks och till och med b\u00f6cker&#8230;<\/p>\n","protected":false},"featured_media":26209,"template":"","meta":[],"product_brand":[],"product_cat":[485,505,501],"product_tag":[],"class_list":{"0":"post-26208","1":"product","2":"type-product","3":"status-publish","4":"has-post-thumbnail","6":"product_cat-hus-bo","7":"product_cat-soffa-och-sidobord","8":"product_cat-tabeller","10":"first","11":"instock","12":"sale","13":"taxable","14":"shipping-taxable","15":"purchasable","16":"product-type-simple"},"yoast_head":"<!-- This site is optimized with the Yoast SEO plugin v25.4 - https:\/\/yoast.com\/wordpress\/plugins\/seo\/ -->\n<title>TRUUSK Soffbord i Runt Glas - Svart Metall - Perfekt f\u00f6r Vardagsrum och Sovrum - 80 x 80 x 75 cm - TRUUSK - Hem, Tr\u00e4dg\u00e5rd &amp; Fritid<\/title>\n<meta name=\"robots\" content=\"index, follow, max-snippet:-1, max-image-preview:large, max-video-preview:-1\" \/>\n<link rel=\"canonical\" href=\"https:\/\/truusk.store\/sv\/produkt\/truusk-soffbord-i-runt-glas-svart-metall-perfekt-for-vardagsrum-och-sovrum-80-x-80-x-75-cm\/\" \/>\n<meta property=\"og:locale\" content=\"sv_SE\" \/>\n<meta property=\"og:type\" content=\"article\" \/>\n<meta property=\"og:title\" content=\"TRUUSK Soffbord i Runt Glas - Svart Metall - Perfekt f\u00f6r Vardagsrum och Sovrum - 80 x 80 x 75 cm - TRUUSK - Hem, Tr\u00e4dg\u00e5rd &amp; Fritid\" \/>\n<meta property=\"og:description\" content=\"Detta matbord \u00e4r ett elegant tillskott till din matsal eller vardagsrum. Placera mat, dryck, snacks och till och med b\u00f6cker...\" \/>\n<meta property=\"og:url\" content=\"https:\/\/truusk.store\/sv\/produkt\/truusk-soffbord-i-runt-glas-svart-metall-perfekt-for-vardagsrum-och-sovrum-80-x-80-x-75-cm\/\" \/>\n<meta property=\"og:site_name\" content=\"TRUUSK - Hem, Tr\u00e4dg\u00e5rd &amp; Fritid\" \/>\n<meta property=\"article:modified_time\" content=\"2026-03-12T08:06:32+00:00\" \/>\n<meta property=\"og:image\" content=\"https:\/\/i0.wp.com\/truusk.se\/wp-content\/uploads\/2024\/02\/sidobord-med-sakerhetsglas-runt-soffbord-soffbord-glasbord-for-vardagsrum-sovrum-metall-svart-80-x-80-x-75-cm.webp?fit=800%2C800&ssl=1\" \/>\n\t<meta property=\"og:image:width\" content=\"800\" \/>\n\t<meta property=\"og:image:height\" content=\"800\" \/>\n\t<meta property=\"og:image:type\" content=\"image\/webp\" \/>\n<meta name=\"twitter:card\" content=\"summary_large_image\" \/>\n<meta name=\"twitter:label1\" content=\"Ber\u00e4knad l\u00e4stid\" \/>\n\t<meta name=\"twitter:data1\" content=\"1 minut\" \/>\n<!-- \/ Yoast SEO plugin. -->","yoast_head_json":{"title":"TRUUSK Soffbord i Runt Glas - Svart Metall - Perfekt f\u00f6r Vardagsrum och Sovrum - 80 x 80 x 75 cm - TRUUSK - Hem, Tr\u00e4dg\u00e5rd &amp; Fritid","robots":{"index":"index","follow":"follow","max-snippet":"max-snippet:-1","max-image-preview":"max-image-preview:large","max-video-preview":"max-video-preview:-1"},"canonical":"https:\/\/truusk.store\/sv\/produkt\/truusk-soffbord-i-runt-glas-svart-metall-perfekt-for-vardagsrum-och-sovrum-80-x-80-x-75-cm\/","og_locale":"sv_SE","og_type":"article","og_title":"TRUUSK Soffbord i Runt Glas - Svart Metall - Perfekt f\u00f6r Vardagsrum och Sovrum - 80 x 80 x 75 cm - TRUUSK - Hem, Tr\u00e4dg\u00e5rd &amp; Fritid","og_description":"Detta matbord \u00e4r ett elegant tillskott till din matsal eller vardagsrum. Placera mat, dryck, snacks och till och med b\u00f6cker...","og_url":"https:\/\/truusk.store\/sv\/produkt\/truusk-soffbord-i-runt-glas-svart-metall-perfekt-for-vardagsrum-och-sovrum-80-x-80-x-75-cm\/","og_site_name":"TRUUSK - Hem, Tr\u00e4dg\u00e5rd &amp; Fritid","article_modified_time":"2026-03-12T08:06:32+00:00","og_image":[{"width":800,"height":800,"url":"https:\/\/i0.wp.com\/truusk.se\/wp-content\/uploads\/2024\/02\/sidobord-med-sakerhetsglas-runt-soffbord-soffbord-glasbord-for-vardagsrum-sovrum-metall-svart-80-x-80-x-75-cm.webp?fit=800%2C800&ssl=1","type":"image\/webp"}],"twitter_card":"summary_large_image","twitter_misc":{"Ber\u00e4knad l\u00e4stid":"1 minut"},"schema":{"@context":"https:\/\/schema.org","@graph":[{"@type":"WebPage","@id":"https:\/\/truusk.store\/sv\/produkt\/truusk-soffbord-i-runt-glas-svart-metall-perfekt-for-vardagsrum-och-sovrum-80-x-80-x-75-cm\/","url":"https:\/\/truusk.store\/sv\/produkt\/truusk-soffbord-i-runt-glas-svart-metall-perfekt-for-vardagsrum-och-sovrum-80-x-80-x-75-cm\/","name":"TRUUSK Soffbord i Runt Glas - Svart Metall - Perfekt f\u00f6r Vardagsrum och Sovrum - 80 x 80 x 75 cm - TRUUSK - Hem, Tr\u00e4dg\u00e5rd &amp; Fritid","isPartOf":{"@id":"https:\/\/truusk.store\/sv\/#website"},"primaryImageOfPage":{"@id":"https:\/\/truusk.store\/sv\/produkt\/truusk-soffbord-i-runt-glas-svart-metall-perfekt-for-vardagsrum-och-sovrum-80-x-80-x-75-cm\/#primaryimage"},"image":{"@id":"https:\/\/truusk.store\/sv\/produkt\/truusk-soffbord-i-runt-glas-svart-metall-perfekt-for-vardagsrum-och-sovrum-80-x-80-x-75-cm\/#primaryimage"},"thumbnailUrl":"https:\/\/i0.wp.com\/truusk.store\/wp-content\/uploads\/2024\/02\/sidobord-med-sakerhetsglas-runt-soffbord-soffbord-glasbord-for-vardagsrum-sovrum-metall-svart-80-x-80-x-75-cm.webp?fit=800%2C800&ssl=1","datePublished":"2024-02-13T17:21:53+00:00","dateModified":"2026-03-12T08:06:32+00:00","breadcrumb":{"@id":"https:\/\/truusk.store\/sv\/produkt\/truusk-soffbord-i-runt-glas-svart-metall-perfekt-for-vardagsrum-och-sovrum-80-x-80-x-75-cm\/#breadcrumb"},"inLanguage":"sv-SE","potentialAction":[{"@type":"ReadAction","target":["https:\/\/truusk.store\/sv\/produkt\/truusk-soffbord-i-runt-glas-svart-metall-perfekt-for-vardagsrum-och-sovrum-80-x-80-x-75-cm\/"]}]},{"@type":"ImageObject","inLanguage":"sv-SE","@id":"https:\/\/truusk.store\/sv\/produkt\/truusk-soffbord-i-runt-glas-svart-metall-perfekt-for-vardagsrum-och-sovrum-80-x-80-x-75-cm\/#primaryimage","url":"https:\/\/i0.wp.com\/truusk.store\/wp-content\/uploads\/2024\/02\/sidobord-med-sakerhetsglas-runt-soffbord-soffbord-glasbord-for-vardagsrum-sovrum-metall-svart-80-x-80-x-75-cm.webp?fit=800%2C800&ssl=1","contentUrl":"https:\/\/i0.wp.com\/truusk.store\/wp-content\/uploads\/2024\/02\/sidobord-med-sakerhetsglas-runt-soffbord-soffbord-glasbord-for-vardagsrum-sovrum-metall-svart-80-x-80-x-75-cm.webp?fit=800%2C800&ssl=1","width":800,"height":800,"caption":"Sidobord Med S\u00e4kerhetsglas, Runt Soffbord, Soffbord, Glasbord F\u00f6r Vardagsrum, Sovrum, Metall, Svart, 80 X 80 X 75 Cm 1"},{"@type":"BreadcrumbList","@id":"https:\/\/truusk.store\/sv\/produkt\/truusk-soffbord-i-runt-glas-svart-metall-perfekt-for-vardagsrum-och-sovrum-80-x-80-x-75-cm\/#breadcrumb","itemListElement":[{"@type":"ListItem","position":1,"name":"Home","item":"https:\/\/truusk.store\/sv\/"},{"@type":"ListItem","position":2,"name":"Shop","item":"https:\/\/truusk.store\/shop\/"},{"@type":"ListItem","position":3,"name":"TRUUSK Soffbord i Runt Glas &#8211; Svart Metall &#8211; Perfekt f\u00f6r Vardagsrum och Sovrum &#8211; 80 x 80 x 75 cm"}]},{"@type":"WebSite","@id":"https:\/\/truusk.store\/sv\/#website","url":"https:\/\/truusk.store\/sv\/","name":"TRUUSK - Hem, Tr\u00e4dg\u00e5rd & Fritid","description":"","publisher":{"@id":"https:\/\/truusk.store\/sv\/#organization"},"potentialAction":[{"@type":"SearchAction","target":{"@type":"EntryPoint","urlTemplate":"https:\/\/truusk.store\/sv\/?s={search_term_string}"},"query-input":{"@type":"PropertyValueSpecification","valueRequired":true,"valueName":"search_term_string"}}],"inLanguage":"sv-SE"},{"@type":"Organization","@id":"https:\/\/truusk.store\/sv\/#organization","name":"TRUUSK - Hem, Tr\u00e4dg\u00e5rd & Fritid","url":"https:\/\/truusk.store\/sv\/","logo":{"@type":"ImageObject","inLanguage":"sv-SE","@id":"https:\/\/truusk.store\/sv\/#\/schema\/logo\/image\/","url":"https:\/\/i0.wp.com\/truusk.store\/wp-content\/uploads\/2026\/03\/cropped-TRUUSK.png?fit=2032%2C917&ssl=1","contentUrl":"https:\/\/i0.wp.com\/truusk.store\/wp-content\/uploads\/2026\/03\/cropped-TRUUSK.png?fit=2032%2C917&ssl=1","width":2032,"height":917,"caption":"TRUUSK - Hem, Tr\u00e4dg\u00e5rd & Fritid"},"image":{"@id":"https:\/\/truusk.store\/sv\/#\/schema\/logo\/image\/"}}]}},"jetpack_sharing_enabled":true,"_links":{"self":[{"href":"https:\/\/truusk.store\/sv\/wp-json\/wp\/v2\/product\/26208","targetHints":{"allow":["GET"]}}],"collection":[{"href":"https:\/\/truusk.store\/sv\/wp-json\/wp\/v2\/product"}],"about":[{"href":"https:\/\/truusk.store\/sv\/wp-json\/wp\/v2\/types\/product"}],"wp:featuredmedia":[{"embeddable":true,"href":"https:\/\/truusk.store\/sv\/wp-json\/wp\/v2\/media\/26209"}],"wp:attachment":[{"href":"https:\/\/truusk.store\/sv\/wp-json\/wp\/v2\/media?parent=26208"}],"wp:term":[{"taxonomy":"product_brand","embeddable":true,"href":"https:\/\/truusk.store\/sv\/wp-json\/wp\/v2\/product_brand?post=26208"},{"taxonomy":"product_cat","embeddable":true,"href":"https:\/\/truusk.store\/sv\/wp-json\/wp\/v2\/product_cat?post=26208"},{"taxonomy":"product_tag","embeddable":true,"href":"https:\/\/truusk.store\/sv\/wp-json\/wp\/v2\/product_tag?post=26208"}],"curies":[{"name":"wp","href":"https:\/\/api.w.org\/{rel}","templated":true}]}}