{"id":26284,"date":"2024-02-13T18:24:16","date_gmt":"2024-02-13T17:24:16","guid":{"rendered":"https:\/\/truusk.store\/product\/miniugn-32l-1600w-elektrisk-miniugn-med-slagguppsamlingsbricka-metall-rostfritt-stal-glas-silver-522-x-381-x-335-cm\/"},"modified":"2026-03-12T09:06:34","modified_gmt":"2026-03-12T08:06:34","slug":"truusk-elektrisk-miniugn-32l-1600w-slagguppsamlingsbricka-rostfritt-stal-glas-silver-522-x-381-x-335-cm","status":"publish","type":"product","link":"https:\/\/truusk.store\/sv\/produkt\/truusk-elektrisk-miniugn-32l-1600w-slagguppsamlingsbricka-rostfritt-stal-glas-silver-522-x-381-x-335-cm\/","title":{"rendered":"TRUUSK Elektrisk Miniugn 32L 1600W &#8211; Slagguppsamlingsbricka &#8211; Rostfritt St\u00e5l &#8211; Glas &#8211; Silver &#8211; 52,2 X 38,1 X 33,5 Cm"},"content":{"rendered":"<p>Varf\u00f6r v\u00e4ljer du inte en miniugn? Tack vare den justerbara temperaturen och tillagningstiden kan denna miniugn m\u00f6ta olika behov. 3 tillagningsl\u00e4gen: \u00f6vre grill, nedre grill, \u00f6vre och nedre grill kan v\u00e4ljas. 3 \u00f6ppningar och olika kastruller s\u00e4kerst\u00e4ller bra resultat n\u00e4r du lagar olika matr\u00e4tter. Den lilla ugnen har plats f\u00f6r 6 skivor br\u00f6d eller en 12-tums pizza. Denna ugn \u00e4r l\u00e4mplig f\u00f6r hela familjen.<\/p>\n<h3>Beskrivning:<\/h3>\n<ul>\n<li>Har en stor kapacitet p\u00e5 32 liter f\u00f6r att tillaga 6 skivor br\u00f6d eller en 12&#8221; pizza<\/li>\n<li>Tillagningstiden kan st\u00e4llas in fr\u00e5n 0 till 60 minuter<\/li>\n<li>3 tillagningsl\u00e4gen: \u00f6vre grill, nedre grill, \u00f6vre plus nedre grill att v\u00e4lja mellan<\/li>\n<li>Har 2 v\u00e4rmer\u00f6r i rostfritt st\u00e5l<\/li>\n<li>3 fack och olika bakpl\u00e5tar \u00e4r l\u00e4mpliga f\u00f6r olika typer av mat<\/li>\n<\/ul>\n<h3>Teknisk data:<\/h3>\n<ul>\n<li>silver<\/li>\n<li>Material: metall, rostfritt st\u00e5l, glas<\/li>\n<li>\u00d6vergripande m\u00e5tt: 52,2L x 38,1B x 33,5H cm<\/li>\n<li>Innerm\u00e5tt: 38,8L x 33,4B x 27,3H cm<\/li>\n<li>B\u00e4rstorlek: 40L x 26,5W cm<\/li>\n<li>Sp\u00e4nning: 230V \/50HZ<\/li>\n<li>Kabell\u00e4ngd: 0,9 m<\/li>\n<\/ul>\n<h3>Leveransens omfattning:<\/h3>\n<ul>\n<li>1 x miniugn<\/li>\n<li>1 x Tr\u00e5dst\u00e4ll<\/li>\n<li>1 x bakpl\u00e5t<\/li>\n<li>1 x Bakpl\u00e5tshandtag<\/li>\n<li>1 x str\u00f6br\u00f6d.- 1 x instruktioner<\/li>\n<\/ul>\n","protected":false},"excerpt":{"rendered":"<p>Varf\u00f6r v\u00e4ljer du inte en miniugn? Tack vare den justerbara temperaturen och tillagningstiden kan denna miniugn m\u00f6ta olika behov. 3&#8230;<\/p>\n","protected":false},"featured_media":26285,"template":"","meta":[],"product_brand":[],"product_cat":[485,498,499],"product_tag":[],"class_list":{"0":"post-26284","1":"product","2":"type-product","3":"status-publish","4":"has-post-thumbnail","6":"product_cat-hus-bo","7":"product_cat-hushallsapparater","8":"product_cat-koksutrustning","10":"first","11":"instock","12":"sale","13":"taxable","14":"shipping-taxable","15":"purchasable","16":"product-type-simple"},"yoast_head":"<!-- This site is optimized with the Yoast SEO plugin v25.4 - https:\/\/yoast.com\/wordpress\/plugins\/seo\/ -->\n<title>TRUUSK Elektrisk Miniugn 32L 1600W - Slagguppsamlingsbricka - Rostfritt St\u00e5l - Glas - Silver - 52,2 X 38,1 X 33,5 Cm - TRUUSK - Hem, Tr\u00e4dg\u00e5rd &amp; Fritid<\/title>\n<meta name=\"robots\" content=\"index, follow, max-snippet:-1, max-image-preview:large, max-video-preview:-1\" \/>\n<link rel=\"canonical\" href=\"https:\/\/truusk.store\/sv\/produkt\/truusk-elektrisk-miniugn-32l-1600w-slagguppsamlingsbricka-rostfritt-stal-glas-silver-522-x-381-x-335-cm\/\" \/>\n<meta property=\"og:locale\" content=\"sv_SE\" \/>\n<meta property=\"og:type\" content=\"article\" \/>\n<meta property=\"og:title\" content=\"TRUUSK Elektrisk Miniugn 32L 1600W - Slagguppsamlingsbricka - Rostfritt St\u00e5l - Glas - Silver - 52,2 X 38,1 X 33,5 Cm - TRUUSK - Hem, Tr\u00e4dg\u00e5rd &amp; Fritid\" \/>\n<meta property=\"og:description\" content=\"Varf\u00f6r v\u00e4ljer du inte en miniugn? Tack vare den justerbara temperaturen och tillagningstiden kan denna miniugn m\u00f6ta olika behov. 3...\" \/>\n<meta property=\"og:url\" content=\"https:\/\/truusk.store\/sv\/produkt\/truusk-elektrisk-miniugn-32l-1600w-slagguppsamlingsbricka-rostfritt-stal-glas-silver-522-x-381-x-335-cm\/\" \/>\n<meta property=\"og:site_name\" content=\"TRUUSK - Hem, Tr\u00e4dg\u00e5rd &amp; Fritid\" \/>\n<meta property=\"article:modified_time\" content=\"2026-03-12T08:06:34+00:00\" \/>\n<meta property=\"og:image\" content=\"https:\/\/i0.wp.com\/truusk.se\/wp-content\/uploads\/2024\/02\/miniugn-32l-1600w-elektrisk-miniugn-med-slagguppsamlingsbricka-metall-rostfritt-stal-glas-silver-522-x-381-x-335-cm.webp?fit=800%2C800&ssl=1\" \/>\n\t<meta property=\"og:image:width\" content=\"800\" \/>\n\t<meta property=\"og:image:height\" content=\"800\" \/>\n\t<meta property=\"og:image:type\" content=\"image\/webp\" \/>\n<meta name=\"twitter:card\" content=\"summary_large_image\" \/>\n<meta name=\"twitter:label1\" content=\"Ber\u00e4knad l\u00e4stid\" \/>\n\t<meta name=\"twitter:data1\" content=\"1 minut\" \/>\n<!-- \/ Yoast SEO plugin. -->","yoast_head_json":{"title":"TRUUSK Elektrisk Miniugn 32L 1600W - Slagguppsamlingsbricka - Rostfritt St\u00e5l - Glas - Silver - 52,2 X 38,1 X 33,5 Cm - TRUUSK - Hem, Tr\u00e4dg\u00e5rd &amp; Fritid","robots":{"index":"index","follow":"follow","max-snippet":"max-snippet:-1","max-image-preview":"max-image-preview:large","max-video-preview":"max-video-preview:-1"},"canonical":"https:\/\/truusk.store\/sv\/produkt\/truusk-elektrisk-miniugn-32l-1600w-slagguppsamlingsbricka-rostfritt-stal-glas-silver-522-x-381-x-335-cm\/","og_locale":"sv_SE","og_type":"article","og_title":"TRUUSK Elektrisk Miniugn 32L 1600W - Slagguppsamlingsbricka - Rostfritt St\u00e5l - Glas - Silver - 52,2 X 38,1 X 33,5 Cm - TRUUSK - Hem, Tr\u00e4dg\u00e5rd &amp; Fritid","og_description":"Varf\u00f6r v\u00e4ljer du inte en miniugn? Tack vare den justerbara temperaturen och tillagningstiden kan denna miniugn m\u00f6ta olika behov. 3...","og_url":"https:\/\/truusk.store\/sv\/produkt\/truusk-elektrisk-miniugn-32l-1600w-slagguppsamlingsbricka-rostfritt-stal-glas-silver-522-x-381-x-335-cm\/","og_site_name":"TRUUSK - Hem, Tr\u00e4dg\u00e5rd &amp; Fritid","article_modified_time":"2026-03-12T08:06:34+00:00","og_image":[{"width":800,"height":800,"url":"https:\/\/i0.wp.com\/truusk.se\/wp-content\/uploads\/2024\/02\/miniugn-32l-1600w-elektrisk-miniugn-med-slagguppsamlingsbricka-metall-rostfritt-stal-glas-silver-522-x-381-x-335-cm.webp?fit=800%2C800&ssl=1","type":"image\/webp"}],"twitter_card":"summary_large_image","twitter_misc":{"Ber\u00e4knad l\u00e4stid":"1 minut"},"schema":{"@context":"https:\/\/schema.org","@graph":[{"@type":"WebPage","@id":"https:\/\/truusk.store\/sv\/produkt\/truusk-elektrisk-miniugn-32l-1600w-slagguppsamlingsbricka-rostfritt-stal-glas-silver-522-x-381-x-335-cm\/","url":"https:\/\/truusk.store\/sv\/produkt\/truusk-elektrisk-miniugn-32l-1600w-slagguppsamlingsbricka-rostfritt-stal-glas-silver-522-x-381-x-335-cm\/","name":"TRUUSK Elektrisk Miniugn 32L 1600W - Slagguppsamlingsbricka - Rostfritt St\u00e5l - Glas - Silver - 52,2 X 38,1 X 33,5 Cm - TRUUSK - Hem, Tr\u00e4dg\u00e5rd &amp; Fritid","isPartOf":{"@id":"https:\/\/truusk.store\/sv\/#website"},"primaryImageOfPage":{"@id":"https:\/\/truusk.store\/sv\/produkt\/truusk-elektrisk-miniugn-32l-1600w-slagguppsamlingsbricka-rostfritt-stal-glas-silver-522-x-381-x-335-cm\/#primaryimage"},"image":{"@id":"https:\/\/truusk.store\/sv\/produkt\/truusk-elektrisk-miniugn-32l-1600w-slagguppsamlingsbricka-rostfritt-stal-glas-silver-522-x-381-x-335-cm\/#primaryimage"},"thumbnailUrl":"https:\/\/i0.wp.com\/truusk.store\/wp-content\/uploads\/2024\/02\/miniugn-32l-1600w-elektrisk-miniugn-med-slagguppsamlingsbricka-metall-rostfritt-stal-glas-silver-522-x-381-x-335-cm.webp?fit=800%2C800&ssl=1","datePublished":"2024-02-13T17:24:16+00:00","dateModified":"2026-03-12T08:06:34+00:00","breadcrumb":{"@id":"https:\/\/truusk.store\/sv\/produkt\/truusk-elektrisk-miniugn-32l-1600w-slagguppsamlingsbricka-rostfritt-stal-glas-silver-522-x-381-x-335-cm\/#breadcrumb"},"inLanguage":"sv-SE","potentialAction":[{"@type":"ReadAction","target":["https:\/\/truusk.store\/sv\/produkt\/truusk-elektrisk-miniugn-32l-1600w-slagguppsamlingsbricka-rostfritt-stal-glas-silver-522-x-381-x-335-cm\/"]}]},{"@type":"ImageObject","inLanguage":"sv-SE","@id":"https:\/\/truusk.store\/sv\/produkt\/truusk-elektrisk-miniugn-32l-1600w-slagguppsamlingsbricka-rostfritt-stal-glas-silver-522-x-381-x-335-cm\/#primaryimage","url":"https:\/\/i0.wp.com\/truusk.store\/wp-content\/uploads\/2024\/02\/miniugn-32l-1600w-elektrisk-miniugn-med-slagguppsamlingsbricka-metall-rostfritt-stal-glas-silver-522-x-381-x-335-cm.webp?fit=800%2C800&ssl=1","contentUrl":"https:\/\/i0.wp.com\/truusk.store\/wp-content\/uploads\/2024\/02\/miniugn-32l-1600w-elektrisk-miniugn-med-slagguppsamlingsbricka-metall-rostfritt-stal-glas-silver-522-x-381-x-335-cm.webp?fit=800%2C800&ssl=1","width":800,"height":800,"caption":"Miniugn 32L 1600W Elektrisk Miniugn Med Slagguppsamlingsbricka Metall Rostfritt St\u00e5l Glas Silver 52,2 X 38,1 X 33,5 Cm 1"},{"@type":"BreadcrumbList","@id":"https:\/\/truusk.store\/sv\/produkt\/truusk-elektrisk-miniugn-32l-1600w-slagguppsamlingsbricka-rostfritt-stal-glas-silver-522-x-381-x-335-cm\/#breadcrumb","itemListElement":[{"@type":"ListItem","position":1,"name":"Home","item":"https:\/\/truusk.store\/sv\/"},{"@type":"ListItem","position":2,"name":"Shop","item":"https:\/\/truusk.store\/shop\/"},{"@type":"ListItem","position":3,"name":"TRUUSK Elektrisk Miniugn 32L 1600W &#8211; Slagguppsamlingsbricka &#8211; Rostfritt St\u00e5l &#8211; Glas &#8211; Silver &#8211; 52,2 X 38,1 X 33,5 Cm"}]},{"@type":"WebSite","@id":"https:\/\/truusk.store\/sv\/#website","url":"https:\/\/truusk.store\/sv\/","name":"TRUUSK - Hem, Tr\u00e4dg\u00e5rd & Fritid","description":"","publisher":{"@id":"https:\/\/truusk.store\/sv\/#organization"},"potentialAction":[{"@type":"SearchAction","target":{"@type":"EntryPoint","urlTemplate":"https:\/\/truusk.store\/sv\/?s={search_term_string}"},"query-input":{"@type":"PropertyValueSpecification","valueRequired":true,"valueName":"search_term_string"}}],"inLanguage":"sv-SE"},{"@type":"Organization","@id":"https:\/\/truusk.store\/sv\/#organization","name":"TRUUSK - Hem, Tr\u00e4dg\u00e5rd & Fritid","url":"https:\/\/truusk.store\/sv\/","logo":{"@type":"ImageObject","inLanguage":"sv-SE","@id":"https:\/\/truusk.store\/sv\/#\/schema\/logo\/image\/","url":"https:\/\/i0.wp.com\/truusk.store\/wp-content\/uploads\/2026\/03\/cropped-TRUUSK.png?fit=2032%2C917&ssl=1","contentUrl":"https:\/\/i0.wp.com\/truusk.store\/wp-content\/uploads\/2026\/03\/cropped-TRUUSK.png?fit=2032%2C917&ssl=1","width":2032,"height":917,"caption":"TRUUSK - Hem, Tr\u00e4dg\u00e5rd & Fritid"},"image":{"@id":"https:\/\/truusk.store\/sv\/#\/schema\/logo\/image\/"}}]}},"jetpack_sharing_enabled":true,"_links":{"self":[{"href":"https:\/\/truusk.store\/sv\/wp-json\/wp\/v2\/product\/26284","targetHints":{"allow":["GET"]}}],"collection":[{"href":"https:\/\/truusk.store\/sv\/wp-json\/wp\/v2\/product"}],"about":[{"href":"https:\/\/truusk.store\/sv\/wp-json\/wp\/v2\/types\/product"}],"wp:featuredmedia":[{"embeddable":true,"href":"https:\/\/truusk.store\/sv\/wp-json\/wp\/v2\/media\/26285"}],"wp:attachment":[{"href":"https:\/\/truusk.store\/sv\/wp-json\/wp\/v2\/media?parent=26284"}],"wp:term":[{"taxonomy":"product_brand","embeddable":true,"href":"https:\/\/truusk.store\/sv\/wp-json\/wp\/v2\/product_brand?post=26284"},{"taxonomy":"product_cat","embeddable":true,"href":"https:\/\/truusk.store\/sv\/wp-json\/wp\/v2\/product_cat?post=26284"},{"taxonomy":"product_tag","embeddable":true,"href":"https:\/\/truusk.store\/sv\/wp-json\/wp\/v2\/product_tag?post=26284"}],"curies":[{"name":"wp","href":"https:\/\/api.w.org\/{rel}","templated":true}]}}