{"id":26388,"date":"2024-02-13T18:27:34","date_gmt":"2024-02-13T17:27:34","guid":{"rendered":"https:\/\/truusk.store\/product\/whiteboard-whiteboardkalender-for-att-organisera-semesterplaner-och-manadsplanering-inklusive-1-pennhallare-4-markorer-och-suddgummi-90-x-60-cm\/"},"modified":"2026-03-12T09:06:35","modified_gmt":"2026-03-12T08:06:35","slug":"truusk-whiteboard-whiteboardkalender-organisera-semesterplaner-och-manadsplanering-inklusive-pennhallare-markorer-och","status":"publish","type":"product","link":"https:\/\/truusk.store\/sv\/produkt\/truusk-whiteboard-whiteboardkalender-organisera-semesterplaner-och-manadsplanering-inklusive-pennhallare-markorer-och\/","title":{"rendered":"TRUUSK Whiteboard Whiteboardkalender &#8211; Organisera Semesterplaner och M\u00e5nadsplanering &#8211; Inklusive Pennh\u00e5llare, Mark\u00f6rer och"},"content":{"rendered":"<p>Denna kalendertavla ser inte bara bra ut, utan \u00e4r ocks\u00e5 s\u00e4rskilt praktisk. De fyra glaskl\u00e4mmorna g\u00f6r det enkelt att f\u00e4sta lappar p\u00e5 glasv\u00e4ggen. En extra hylla ger gott om plats f\u00f6r tillbeh\u00f6r. Du kan enkelt l\u00e4mna lappar p\u00e5 v\u00e4ggen med hj\u00e4lp av de medf\u00f6ljande mark\u00f6rerna. Denna praktiska glasskiva passar hem, kontor, skolor och mycket mer.<\/p>\n<h3>Beskrivning:<\/h3>\n<ul>\n<li>Setet inneh\u00e5ller en kalendertavla, 1 suddgummi och 4 mark\u00f6rer<\/li>\n<li>Glasskivan \u00e4r l\u00e4tt att skriva p\u00e5 och reng\u00f6ra<\/li>\n<li>Inkluderar 4 medf\u00f6ljande glaskl\u00e4mmor<\/li>\n<li>En integrerad pennbricka ger plats f\u00f6r tillbeh\u00f6r<\/li>\n<li>M\u00e5nadsplaneraren kan anv\u00e4ndas som en kalender eller som ett familjememo<\/li>\n<li>Mycket praktiskt f\u00f6r kontor, hem eller skolor<\/li>\n<li>En raml\u00f6s design f\u00f6r enkel reng\u00f6ring<\/li>\n<\/ul>\n<h3>Teknisk data:<\/h3>\n<ul>\n<li>F\u00e4rg vit<\/li>\n<li>Material: glasplatta<\/li>\n<li>\u00d6vergripande m\u00e5tt: 90W x 60D x 0,2H cm<\/li>\n<li>Pennh\u00e5llare storlek: 60W x 5D cm<\/li>\n<li>Glaskl\u00e4mmor storlek: 2,5 x 2,7H cm<\/li>\n<li>Pennfackets storlek: 45W x 5D cm<\/li>\n<\/ul>\n<h3>Leveransens omfattning:<\/h3>\n<ul>\n<li>1 x Kalendertavla<\/li>\n<li>4 x mark\u00f6rer<\/li>\n<li>1 x suddgummi<\/li>\n<li>1 x Instruktioner<\/li>\n<\/ul>\n","protected":false},"excerpt":{"rendered":"<p>Denna kalendertavla ser inte bara bra ut, utan \u00e4r ocks\u00e5 s\u00e4rskilt praktisk. De fyra glaskl\u00e4mmorna g\u00f6r det enkelt att f\u00e4sta&#8230;<\/p>\n","protected":false},"featured_media":26389,"template":"","meta":[],"product_brand":[],"product_cat":[485,497],"product_tag":[],"class_list":{"0":"post-26388","1":"product","2":"type-product","3":"status-publish","4":"has-post-thumbnail","6":"product_cat-hus-bo","7":"product_cat-kontorsmaterial","9":"first","10":"instock","11":"sale","12":"taxable","13":"shipping-taxable","14":"purchasable","15":"product-type-simple"},"yoast_head":"<!-- This site is optimized with the Yoast SEO plugin v25.4 - https:\/\/yoast.com\/wordpress\/plugins\/seo\/ -->\n<title>TRUUSK Whiteboard Whiteboardkalender - Organisera Semesterplaner och M\u00e5nadsplanering - Inklusive Pennh\u00e5llare, Mark\u00f6rer och - TRUUSK - Hem, Tr\u00e4dg\u00e5rd &amp; Fritid<\/title>\n<meta name=\"robots\" content=\"index, follow, max-snippet:-1, max-image-preview:large, max-video-preview:-1\" \/>\n<link rel=\"canonical\" href=\"https:\/\/truusk.store\/sv\/produkt\/truusk-whiteboard-whiteboardkalender-organisera-semesterplaner-och-manadsplanering-inklusive-pennhallare-markorer-och\/\" \/>\n<meta property=\"og:locale\" content=\"sv_SE\" \/>\n<meta property=\"og:type\" content=\"article\" \/>\n<meta property=\"og:title\" content=\"TRUUSK Whiteboard Whiteboardkalender - Organisera Semesterplaner och M\u00e5nadsplanering - Inklusive Pennh\u00e5llare, Mark\u00f6rer och - TRUUSK - Hem, Tr\u00e4dg\u00e5rd &amp; Fritid\" \/>\n<meta property=\"og:description\" content=\"Denna kalendertavla ser inte bara bra ut, utan \u00e4r ocks\u00e5 s\u00e4rskilt praktisk. De fyra glaskl\u00e4mmorna g\u00f6r det enkelt att f\u00e4sta...\" \/>\n<meta property=\"og:url\" content=\"https:\/\/truusk.store\/sv\/produkt\/truusk-whiteboard-whiteboardkalender-organisera-semesterplaner-och-manadsplanering-inklusive-pennhallare-markorer-och\/\" \/>\n<meta property=\"og:site_name\" content=\"TRUUSK - Hem, Tr\u00e4dg\u00e5rd &amp; Fritid\" \/>\n<meta property=\"article:modified_time\" content=\"2026-03-12T08:06:35+00:00\" \/>\n<meta property=\"og:image\" content=\"https:\/\/i0.wp.com\/truusk.se\/wp-content\/uploads\/2024\/02\/whiteboard-whiteboardkalender-for-att-organisera-semesterplaner-och-manadsplanering-inklusive-1-pennhallare-4-markorer-och-suddgummi-90-x-60-cm.webp?fit=800%2C800&ssl=1\" \/>\n\t<meta property=\"og:image:width\" content=\"800\" \/>\n\t<meta property=\"og:image:height\" content=\"800\" \/>\n\t<meta property=\"og:image:type\" content=\"image\/webp\" \/>\n<meta name=\"twitter:card\" content=\"summary_large_image\" \/>\n<meta name=\"twitter:label1\" content=\"Ber\u00e4knad l\u00e4stid\" \/>\n\t<meta name=\"twitter:data1\" content=\"1 minut\" \/>\n<!-- \/ Yoast SEO plugin. -->","yoast_head_json":{"title":"TRUUSK Whiteboard Whiteboardkalender - Organisera Semesterplaner och M\u00e5nadsplanering - Inklusive Pennh\u00e5llare, Mark\u00f6rer och - TRUUSK - Hem, Tr\u00e4dg\u00e5rd &amp; Fritid","robots":{"index":"index","follow":"follow","max-snippet":"max-snippet:-1","max-image-preview":"max-image-preview:large","max-video-preview":"max-video-preview:-1"},"canonical":"https:\/\/truusk.store\/sv\/produkt\/truusk-whiteboard-whiteboardkalender-organisera-semesterplaner-och-manadsplanering-inklusive-pennhallare-markorer-och\/","og_locale":"sv_SE","og_type":"article","og_title":"TRUUSK Whiteboard Whiteboardkalender - Organisera Semesterplaner och M\u00e5nadsplanering - Inklusive Pennh\u00e5llare, Mark\u00f6rer och - TRUUSK - Hem, Tr\u00e4dg\u00e5rd &amp; Fritid","og_description":"Denna kalendertavla ser inte bara bra ut, utan \u00e4r ocks\u00e5 s\u00e4rskilt praktisk. De fyra glaskl\u00e4mmorna g\u00f6r det enkelt att f\u00e4sta...","og_url":"https:\/\/truusk.store\/sv\/produkt\/truusk-whiteboard-whiteboardkalender-organisera-semesterplaner-och-manadsplanering-inklusive-pennhallare-markorer-och\/","og_site_name":"TRUUSK - Hem, Tr\u00e4dg\u00e5rd &amp; Fritid","article_modified_time":"2026-03-12T08:06:35+00:00","og_image":[{"width":800,"height":800,"url":"https:\/\/i0.wp.com\/truusk.se\/wp-content\/uploads\/2024\/02\/whiteboard-whiteboardkalender-for-att-organisera-semesterplaner-och-manadsplanering-inklusive-1-pennhallare-4-markorer-och-suddgummi-90-x-60-cm.webp?fit=800%2C800&ssl=1","type":"image\/webp"}],"twitter_card":"summary_large_image","twitter_misc":{"Ber\u00e4knad l\u00e4stid":"1 minut"},"schema":{"@context":"https:\/\/schema.org","@graph":[{"@type":"WebPage","@id":"https:\/\/truusk.store\/sv\/produkt\/truusk-whiteboard-whiteboardkalender-organisera-semesterplaner-och-manadsplanering-inklusive-pennhallare-markorer-och\/","url":"https:\/\/truusk.store\/sv\/produkt\/truusk-whiteboard-whiteboardkalender-organisera-semesterplaner-och-manadsplanering-inklusive-pennhallare-markorer-och\/","name":"TRUUSK Whiteboard Whiteboardkalender - Organisera Semesterplaner och M\u00e5nadsplanering - Inklusive Pennh\u00e5llare, Mark\u00f6rer och - TRUUSK - Hem, Tr\u00e4dg\u00e5rd &amp; Fritid","isPartOf":{"@id":"https:\/\/truusk.store\/sv\/#website"},"primaryImageOfPage":{"@id":"https:\/\/truusk.store\/sv\/produkt\/truusk-whiteboard-whiteboardkalender-organisera-semesterplaner-och-manadsplanering-inklusive-pennhallare-markorer-och\/#primaryimage"},"image":{"@id":"https:\/\/truusk.store\/sv\/produkt\/truusk-whiteboard-whiteboardkalender-organisera-semesterplaner-och-manadsplanering-inklusive-pennhallare-markorer-och\/#primaryimage"},"thumbnailUrl":"https:\/\/i0.wp.com\/truusk.store\/wp-content\/uploads\/2024\/02\/whiteboard-whiteboardkalender-for-att-organisera-semesterplaner-och-manadsplanering-inklusive-1-pennhallare-4-markorer-och-suddgummi-90-x-60-cm.webp?fit=800%2C800&ssl=1","datePublished":"2024-02-13T17:27:34+00:00","dateModified":"2026-03-12T08:06:35+00:00","breadcrumb":{"@id":"https:\/\/truusk.store\/sv\/produkt\/truusk-whiteboard-whiteboardkalender-organisera-semesterplaner-och-manadsplanering-inklusive-pennhallare-markorer-och\/#breadcrumb"},"inLanguage":"sv-SE","potentialAction":[{"@type":"ReadAction","target":["https:\/\/truusk.store\/sv\/produkt\/truusk-whiteboard-whiteboardkalender-organisera-semesterplaner-och-manadsplanering-inklusive-pennhallare-markorer-och\/"]}]},{"@type":"ImageObject","inLanguage":"sv-SE","@id":"https:\/\/truusk.store\/sv\/produkt\/truusk-whiteboard-whiteboardkalender-organisera-semesterplaner-och-manadsplanering-inklusive-pennhallare-markorer-och\/#primaryimage","url":"https:\/\/i0.wp.com\/truusk.store\/wp-content\/uploads\/2024\/02\/whiteboard-whiteboardkalender-for-att-organisera-semesterplaner-och-manadsplanering-inklusive-1-pennhallare-4-markorer-och-suddgummi-90-x-60-cm.webp?fit=800%2C800&ssl=1","contentUrl":"https:\/\/i0.wp.com\/truusk.store\/wp-content\/uploads\/2024\/02\/whiteboard-whiteboardkalender-for-att-organisera-semesterplaner-och-manadsplanering-inklusive-1-pennhallare-4-markorer-och-suddgummi-90-x-60-cm.webp?fit=800%2C800&ssl=1","width":800,"height":800,"caption":"Whiteboard Whiteboardkalender F\u00f6r Att Organisera Semesterplaner Och M\u00e5nadsplanering Inklusive 1 Pennh\u00e5llare, 4 Mark\u00f6rer Och Suddgummi 90 X 60 Cm 1"},{"@type":"BreadcrumbList","@id":"https:\/\/truusk.store\/sv\/produkt\/truusk-whiteboard-whiteboardkalender-organisera-semesterplaner-och-manadsplanering-inklusive-pennhallare-markorer-och\/#breadcrumb","itemListElement":[{"@type":"ListItem","position":1,"name":"Home","item":"https:\/\/truusk.store\/sv\/"},{"@type":"ListItem","position":2,"name":"Shop","item":"https:\/\/truusk.store\/shop\/"},{"@type":"ListItem","position":3,"name":"TRUUSK Whiteboard Whiteboardkalender &#8211; Organisera Semesterplaner och M\u00e5nadsplanering &#8211; Inklusive Pennh\u00e5llare, Mark\u00f6rer och"}]},{"@type":"WebSite","@id":"https:\/\/truusk.store\/sv\/#website","url":"https:\/\/truusk.store\/sv\/","name":"TRUUSK - Hem, Tr\u00e4dg\u00e5rd & Fritid","description":"","publisher":{"@id":"https:\/\/truusk.store\/sv\/#organization"},"potentialAction":[{"@type":"SearchAction","target":{"@type":"EntryPoint","urlTemplate":"https:\/\/truusk.store\/sv\/?s={search_term_string}"},"query-input":{"@type":"PropertyValueSpecification","valueRequired":true,"valueName":"search_term_string"}}],"inLanguage":"sv-SE"},{"@type":"Organization","@id":"https:\/\/truusk.store\/sv\/#organization","name":"TRUUSK - Hem, Tr\u00e4dg\u00e5rd & Fritid","url":"https:\/\/truusk.store\/sv\/","logo":{"@type":"ImageObject","inLanguage":"sv-SE","@id":"https:\/\/truusk.store\/sv\/#\/schema\/logo\/image\/","url":"https:\/\/i0.wp.com\/truusk.store\/wp-content\/uploads\/2026\/03\/cropped-TRUUSK.png?fit=2032%2C917&ssl=1","contentUrl":"https:\/\/i0.wp.com\/truusk.store\/wp-content\/uploads\/2026\/03\/cropped-TRUUSK.png?fit=2032%2C917&ssl=1","width":2032,"height":917,"caption":"TRUUSK - Hem, Tr\u00e4dg\u00e5rd & Fritid"},"image":{"@id":"https:\/\/truusk.store\/sv\/#\/schema\/logo\/image\/"}}]}},"jetpack_sharing_enabled":true,"_links":{"self":[{"href":"https:\/\/truusk.store\/sv\/wp-json\/wp\/v2\/product\/26388","targetHints":{"allow":["GET"]}}],"collection":[{"href":"https:\/\/truusk.store\/sv\/wp-json\/wp\/v2\/product"}],"about":[{"href":"https:\/\/truusk.store\/sv\/wp-json\/wp\/v2\/types\/product"}],"wp:featuredmedia":[{"embeddable":true,"href":"https:\/\/truusk.store\/sv\/wp-json\/wp\/v2\/media\/26389"}],"wp:attachment":[{"href":"https:\/\/truusk.store\/sv\/wp-json\/wp\/v2\/media?parent=26388"}],"wp:term":[{"taxonomy":"product_brand","embeddable":true,"href":"https:\/\/truusk.store\/sv\/wp-json\/wp\/v2\/product_brand?post=26388"},{"taxonomy":"product_cat","embeddable":true,"href":"https:\/\/truusk.store\/sv\/wp-json\/wp\/v2\/product_cat?post=26388"},{"taxonomy":"product_tag","embeddable":true,"href":"https:\/\/truusk.store\/sv\/wp-json\/wp\/v2\/product_tag?post=26388"}],"curies":[{"name":"wp","href":"https:\/\/api.w.org\/{rel}","templated":true}]}}