{"id":26429,"date":"2024-02-13T18:28:59","date_gmt":"2024-02-13T17:28:59","guid":{"rendered":"https:\/\/truusk.store\/product\/elektrisk-bordsstativ-med-motordator-bord-hojdjusterbart-stabord-brodbord-bordsstall-metallspanskiva-natur-svart-140-x-70-x-72-116-cm\/"},"modified":"2026-03-12T09:06:35","modified_gmt":"2026-03-12T08:06:35","slug":"truusk-elektriskt-bordsstativ-justerbar-hojd-metallspanskiva-natur-svart-140-x-70-cm-stabord","status":"publish","type":"product","link":"https:\/\/truusk.store\/sv\/produkt\/truusk-elektriskt-bordsstativ-justerbar-hojd-metallspanskiva-natur-svart-140-x-70-cm-stabord\/","title":{"rendered":"TRUUSK Elektriskt Bordsstativ &#8211; Justerbar H\u00f6jd &#8211; Metallsp\u00e5nskiva &#8211; Natur + Svart &#8211; 140 x 70 cm &#8211; St\u00e5bord"},"content":{"rendered":"<p>Detta skrivbord ser inte bara bra ut, utan \u00e4r ocks\u00e5 s\u00e4rskilt praktiskt. Tack vare en elektrisk anordning kan du fritt v\u00e4lja din skrivbordsh\u00f6jd. Fyra f\u00f6rinst\u00e4llningar l\u00e5ter dig v\u00e4lja mellan en skrivbordsh\u00f6jd p\u00e5 72 cm till 116 cm. F\u00f6r \u00f6kad s\u00e4kerhet \u00e4r detta skrivbord utrustat med \u00f6verhettningsskydd och en automatisk stoppfunktion. Detta elektriska skrivbord ser bra ut var som helst.<\/p>\n<h3>Beskrivning:<\/h3>\n<ul>\n<li>LED-displayen visar h\u00f6jd- och inst\u00e4llningsm\u00f6jligheter<\/li>\n<li>Det finns 4 f\u00f6rinst\u00e4llda alternativ fr\u00e5n 72 cm till 116 cm<\/li>\n<li>Tryck p\u00e5 knappen i 2 sekunder f\u00f6r att justera minnesh\u00f6jden<\/li>\n<li>4 tr\u00e4paneler i tv\u00e5 olika f\u00e4rger bildar en unik bordsskiva<\/li>\n<li>Kollisionsm\u00e4tningssystem och \u00f6verhettningsskydd garanterar s\u00e4kerheten<\/li>\n<li>Modernt designat bord<\/li>\n<li>L\u00e4mplig f\u00f6r studier, kontor med mera<\/li>\n<li>Montering kr\u00e4vs<\/li>\n<\/ul>\n<h3>Teknisk data:<\/h3>\n<ul>\n<li>F\u00e4rg: Natur+svart<\/li>\n<li>Material: metall, sp\u00e5nskiva<\/li>\n<li>Totalstorlek: 140L x 70W x 72-116H cm<\/li>\n<li>Bordsskivans storlek: 40W x 70D (sidov\u00e4gg), 60W x 30D (mittv\u00e4gg)<\/li>\n<li>Lastkapacitet: 70 kg<\/li>\n<li>Effekt: 52,2W<\/li>\n<li>Str\u00f6m: 1,8A<\/li>\n<li>Kabell\u00e4ngd: 2 m<\/li>\n<li>Sp\u00e4nning: 100-240V\/50\/60HZ (ing\u00e5ng), 29V (utg\u00e5ng)<\/li>\n<\/ul>\n<h3>Leveransens omfattning:<\/h3>\n<ul>\n<li>1 x Elektriskt st\u00e5ende skrivbord<\/li>\n<li>1 x Instruktioner<\/li>\n<\/ul>\n","protected":false},"excerpt":{"rendered":"<p>Detta skrivbord ser inte bara bra ut, utan \u00e4r ocks\u00e5 s\u00e4rskilt praktiskt. Tack vare en elektrisk anordning kan du fritt&#8230;<\/p>\n","protected":false},"featured_media":26430,"template":"","meta":[],"product_brand":[],"product_cat":[485,502,501],"product_tag":[],"class_list":{"0":"post-26429","1":"product","2":"type-product","3":"status-publish","4":"has-post-thumbnail","6":"product_cat-hus-bo","7":"product_cat-skrivbord","8":"product_cat-tabeller","10":"first","11":"instock","12":"sale","13":"taxable","14":"shipping-taxable","15":"purchasable","16":"product-type-simple"},"yoast_head":"<!-- This site is optimized with the Yoast SEO plugin v25.4 - https:\/\/yoast.com\/wordpress\/plugins\/seo\/ -->\n<title>TRUUSK Elektriskt Bordsstativ - Justerbar H\u00f6jd - Metallsp\u00e5nskiva - Natur + Svart - 140 x 70 cm - St\u00e5bord - TRUUSK - Hem, Tr\u00e4dg\u00e5rd &amp; Fritid<\/title>\n<meta name=\"robots\" content=\"index, follow, max-snippet:-1, max-image-preview:large, max-video-preview:-1\" \/>\n<link rel=\"canonical\" href=\"https:\/\/truusk.store\/sv\/produkt\/truusk-elektriskt-bordsstativ-justerbar-hojd-metallspanskiva-natur-svart-140-x-70-cm-stabord\/\" \/>\n<meta property=\"og:locale\" content=\"sv_SE\" \/>\n<meta property=\"og:type\" content=\"article\" \/>\n<meta property=\"og:title\" content=\"TRUUSK Elektriskt Bordsstativ - Justerbar H\u00f6jd - Metallsp\u00e5nskiva - Natur + Svart - 140 x 70 cm - St\u00e5bord - TRUUSK - Hem, Tr\u00e4dg\u00e5rd &amp; Fritid\" \/>\n<meta property=\"og:description\" content=\"Detta skrivbord ser inte bara bra ut, utan \u00e4r ocks\u00e5 s\u00e4rskilt praktiskt. Tack vare en elektrisk anordning kan du fritt...\" \/>\n<meta property=\"og:url\" content=\"https:\/\/truusk.store\/sv\/produkt\/truusk-elektriskt-bordsstativ-justerbar-hojd-metallspanskiva-natur-svart-140-x-70-cm-stabord\/\" \/>\n<meta property=\"og:site_name\" content=\"TRUUSK - Hem, Tr\u00e4dg\u00e5rd &amp; Fritid\" \/>\n<meta property=\"article:modified_time\" content=\"2026-03-12T08:06:35+00:00\" \/>\n<meta property=\"og:image\" content=\"https:\/\/i0.wp.com\/truusk.se\/wp-content\/uploads\/2024\/02\/elektrisk-bordsstativ-med-motordator-bord-hojdjusterbart-stabord-brodbord-bordsstall-metallspanskiva-natur-svart-140-x-70-x-72-116-cm.webp?fit=800%2C800&ssl=1\" \/>\n\t<meta property=\"og:image:width\" content=\"800\" \/>\n\t<meta property=\"og:image:height\" content=\"800\" \/>\n\t<meta property=\"og:image:type\" content=\"image\/webp\" \/>\n<meta name=\"twitter:card\" content=\"summary_large_image\" \/>\n<meta name=\"twitter:label1\" content=\"Ber\u00e4knad l\u00e4stid\" \/>\n\t<meta name=\"twitter:data1\" content=\"1 minut\" \/>\n<!-- \/ Yoast SEO plugin. -->","yoast_head_json":{"title":"TRUUSK Elektriskt Bordsstativ - Justerbar H\u00f6jd - Metallsp\u00e5nskiva - Natur + Svart - 140 x 70 cm - St\u00e5bord - TRUUSK - Hem, Tr\u00e4dg\u00e5rd &amp; Fritid","robots":{"index":"index","follow":"follow","max-snippet":"max-snippet:-1","max-image-preview":"max-image-preview:large","max-video-preview":"max-video-preview:-1"},"canonical":"https:\/\/truusk.store\/sv\/produkt\/truusk-elektriskt-bordsstativ-justerbar-hojd-metallspanskiva-natur-svart-140-x-70-cm-stabord\/","og_locale":"sv_SE","og_type":"article","og_title":"TRUUSK Elektriskt Bordsstativ - Justerbar H\u00f6jd - Metallsp\u00e5nskiva - Natur + Svart - 140 x 70 cm - St\u00e5bord - TRUUSK - Hem, Tr\u00e4dg\u00e5rd &amp; Fritid","og_description":"Detta skrivbord ser inte bara bra ut, utan \u00e4r ocks\u00e5 s\u00e4rskilt praktiskt. Tack vare en elektrisk anordning kan du fritt...","og_url":"https:\/\/truusk.store\/sv\/produkt\/truusk-elektriskt-bordsstativ-justerbar-hojd-metallspanskiva-natur-svart-140-x-70-cm-stabord\/","og_site_name":"TRUUSK - Hem, Tr\u00e4dg\u00e5rd &amp; Fritid","article_modified_time":"2026-03-12T08:06:35+00:00","og_image":[{"width":800,"height":800,"url":"https:\/\/i0.wp.com\/truusk.se\/wp-content\/uploads\/2024\/02\/elektrisk-bordsstativ-med-motordator-bord-hojdjusterbart-stabord-brodbord-bordsstall-metallspanskiva-natur-svart-140-x-70-x-72-116-cm.webp?fit=800%2C800&ssl=1","type":"image\/webp"}],"twitter_card":"summary_large_image","twitter_misc":{"Ber\u00e4knad l\u00e4stid":"1 minut"},"schema":{"@context":"https:\/\/schema.org","@graph":[{"@type":"WebPage","@id":"https:\/\/truusk.store\/sv\/produkt\/truusk-elektriskt-bordsstativ-justerbar-hojd-metallspanskiva-natur-svart-140-x-70-cm-stabord\/","url":"https:\/\/truusk.store\/sv\/produkt\/truusk-elektriskt-bordsstativ-justerbar-hojd-metallspanskiva-natur-svart-140-x-70-cm-stabord\/","name":"TRUUSK Elektriskt Bordsstativ - Justerbar H\u00f6jd - Metallsp\u00e5nskiva - Natur + Svart - 140 x 70 cm - St\u00e5bord - TRUUSK - Hem, Tr\u00e4dg\u00e5rd &amp; Fritid","isPartOf":{"@id":"https:\/\/truusk.store\/sv\/#website"},"primaryImageOfPage":{"@id":"https:\/\/truusk.store\/sv\/produkt\/truusk-elektriskt-bordsstativ-justerbar-hojd-metallspanskiva-natur-svart-140-x-70-cm-stabord\/#primaryimage"},"image":{"@id":"https:\/\/truusk.store\/sv\/produkt\/truusk-elektriskt-bordsstativ-justerbar-hojd-metallspanskiva-natur-svart-140-x-70-cm-stabord\/#primaryimage"},"thumbnailUrl":"https:\/\/i0.wp.com\/truusk.store\/wp-content\/uploads\/2024\/02\/elektrisk-bordsstativ-med-motordator-bord-hojdjusterbart-stabord-brodbord-bordsstall-metallspanskiva-natur-svart-140-x-70-x-72-116-cm.webp?fit=800%2C800&ssl=1","datePublished":"2024-02-13T17:28:59+00:00","dateModified":"2026-03-12T08:06:35+00:00","breadcrumb":{"@id":"https:\/\/truusk.store\/sv\/produkt\/truusk-elektriskt-bordsstativ-justerbar-hojd-metallspanskiva-natur-svart-140-x-70-cm-stabord\/#breadcrumb"},"inLanguage":"sv-SE","potentialAction":[{"@type":"ReadAction","target":["https:\/\/truusk.store\/sv\/produkt\/truusk-elektriskt-bordsstativ-justerbar-hojd-metallspanskiva-natur-svart-140-x-70-cm-stabord\/"]}]},{"@type":"ImageObject","inLanguage":"sv-SE","@id":"https:\/\/truusk.store\/sv\/produkt\/truusk-elektriskt-bordsstativ-justerbar-hojd-metallspanskiva-natur-svart-140-x-70-cm-stabord\/#primaryimage","url":"https:\/\/i0.wp.com\/truusk.store\/wp-content\/uploads\/2024\/02\/elektrisk-bordsstativ-med-motordator-bord-hojdjusterbart-stabord-brodbord-bordsstall-metallspanskiva-natur-svart-140-x-70-x-72-116-cm.webp?fit=800%2C800&ssl=1","contentUrl":"https:\/\/i0.wp.com\/truusk.store\/wp-content\/uploads\/2024\/02\/elektrisk-bordsstativ-med-motordator-bord-hojdjusterbart-stabord-brodbord-bordsstall-metallspanskiva-natur-svart-140-x-70-x-72-116-cm.webp?fit=800%2C800&ssl=1","width":800,"height":800,"caption":"Elektrisk Bordsstativ Med Motordator Bord H\u00f6jdjusterbart St\u00e5bord Br\u00f6dbord Bordsst\u00e4ll Metallsp\u00e5nskiva Natur + Svart 140 X 70 X 72-116 Cm 1"},{"@type":"BreadcrumbList","@id":"https:\/\/truusk.store\/sv\/produkt\/truusk-elektriskt-bordsstativ-justerbar-hojd-metallspanskiva-natur-svart-140-x-70-cm-stabord\/#breadcrumb","itemListElement":[{"@type":"ListItem","position":1,"name":"Home","item":"https:\/\/truusk.store\/sv\/"},{"@type":"ListItem","position":2,"name":"Shop","item":"https:\/\/truusk.store\/shop\/"},{"@type":"ListItem","position":3,"name":"TRUUSK Elektriskt Bordsstativ &#8211; Justerbar H\u00f6jd &#8211; Metallsp\u00e5nskiva &#8211; Natur + Svart &#8211; 140 x 70 cm &#8211; St\u00e5bord"}]},{"@type":"WebSite","@id":"https:\/\/truusk.store\/sv\/#website","url":"https:\/\/truusk.store\/sv\/","name":"TRUUSK - Hem, Tr\u00e4dg\u00e5rd & Fritid","description":"","publisher":{"@id":"https:\/\/truusk.store\/sv\/#organization"},"potentialAction":[{"@type":"SearchAction","target":{"@type":"EntryPoint","urlTemplate":"https:\/\/truusk.store\/sv\/?s={search_term_string}"},"query-input":{"@type":"PropertyValueSpecification","valueRequired":true,"valueName":"search_term_string"}}],"inLanguage":"sv-SE"},{"@type":"Organization","@id":"https:\/\/truusk.store\/sv\/#organization","name":"TRUUSK - Hem, Tr\u00e4dg\u00e5rd & Fritid","url":"https:\/\/truusk.store\/sv\/","logo":{"@type":"ImageObject","inLanguage":"sv-SE","@id":"https:\/\/truusk.store\/sv\/#\/schema\/logo\/image\/","url":"https:\/\/i0.wp.com\/truusk.store\/wp-content\/uploads\/2026\/03\/cropped-TRUUSK.png?fit=2032%2C917&ssl=1","contentUrl":"https:\/\/i0.wp.com\/truusk.store\/wp-content\/uploads\/2026\/03\/cropped-TRUUSK.png?fit=2032%2C917&ssl=1","width":2032,"height":917,"caption":"TRUUSK - Hem, Tr\u00e4dg\u00e5rd & Fritid"},"image":{"@id":"https:\/\/truusk.store\/sv\/#\/schema\/logo\/image\/"}}]}},"jetpack_sharing_enabled":true,"_links":{"self":[{"href":"https:\/\/truusk.store\/sv\/wp-json\/wp\/v2\/product\/26429","targetHints":{"allow":["GET"]}}],"collection":[{"href":"https:\/\/truusk.store\/sv\/wp-json\/wp\/v2\/product"}],"about":[{"href":"https:\/\/truusk.store\/sv\/wp-json\/wp\/v2\/types\/product"}],"wp:featuredmedia":[{"embeddable":true,"href":"https:\/\/truusk.store\/sv\/wp-json\/wp\/v2\/media\/26430"}],"wp:attachment":[{"href":"https:\/\/truusk.store\/sv\/wp-json\/wp\/v2\/media?parent=26429"}],"wp:term":[{"taxonomy":"product_brand","embeddable":true,"href":"https:\/\/truusk.store\/sv\/wp-json\/wp\/v2\/product_brand?post=26429"},{"taxonomy":"product_cat","embeddable":true,"href":"https:\/\/truusk.store\/sv\/wp-json\/wp\/v2\/product_cat?post=26429"},{"taxonomy":"product_tag","embeddable":true,"href":"https:\/\/truusk.store\/sv\/wp-json\/wp\/v2\/product_tag?post=26429"}],"curies":[{"name":"wp","href":"https:\/\/api.w.org\/{rel}","templated":true}]}}