{"id":26439,"date":"2024-02-13T18:29:19","date_gmt":"2024-02-13T17:29:19","guid":{"rendered":"https:\/\/truusk.store\/product\/hantelset-20-30kgs-2-in-1-hantlar-skivstanger-justerbar-tyngdlyftning-for-home-fitness-muscle-stal-pp-plast-jarn-sand-rod-svart-215-x-215-x-38-cm\/"},"modified":"2026-03-12T09:06:35","modified_gmt":"2026-03-12T08:06:35","slug":"truusk-justerbar-hantelset-20-30kgs-2-in-1-hantlar-skivstanger-for-hemmatraning-stal-och-pp-plast-rod-och-svart-215","status":"publish","type":"product","link":"https:\/\/truusk.store\/sv\/produkt\/truusk-justerbar-hantelset-20-30kgs-2-in-1-hantlar-skivstanger-for-hemmatraning-stal-och-pp-plast-rod-och-svart-215\/","title":{"rendered":"TRUUSK Justerbar Hantelset 20\/30KGS &#8211; 2-IN-1 Hantlar &amp; Skivst\u00e4nger &#8211; F\u00f6r Hemmatr\u00e4ning &#8211; St\u00e5l och PP Plast &#8211; R\u00f6d och Svart &#8211; 21,5"},"content":{"rendered":"<p>Detta 2-IN-1 hantelset kan anv\u00e4ndas som ett hantelset eller ett skivst\u00e5ngsset. Med detta hantelset kan du snabbt och effektivt st\u00e4rka armmuskler, biceps, triceps och coremuskler. Tr\u00e4ning med detta hantelset kan f\u00f6rb\u00e4ttra din uth\u00e5llighet och ditt konditionssystem. Hantlarna \u00e4r gjorda av j\u00e4rnsand och polypropen. Vikten och tr\u00e4ningsniv\u00e5n kan anpassas efter dina individuella behov.<\/p>\n<h3>Beskrivning:<\/h3>\n<ul>\n<li>2 i 1 hantelset<\/li>\n<li>Hantelsetet kan konverteras med bara n\u00e5gra enkla steg<\/li>\n<li>Hantlarna \u00e4r gjorda av j\u00e4rnsand med PP-plast<\/li>\n<li>Setet \u00e4r l\u00e4mpligt f\u00f6r hemmabruk<\/li>\n<li>Det halkfria handtaget \u00f6kar s\u00e4ker hantering och \u00e4r bekv\u00e4m.<\/li>\n<li>Produkten \u00e4r mycket h\u00e5llbar och har l\u00e5ng livsl\u00e4ngd<\/li>\n<li>Materialet \u00e4r tryck- och n\u00f6tningsbest\u00e4ndigt<\/li>\n<li>Idealisk f\u00f6r fysisk tr\u00e4ning: Hj\u00e4lper till att st\u00e4rka armar, axlar och rygg och f\u00f6rb\u00e4ttrar konditionen<\/li>\n<li>Kan anv\u00e4ndas hemma, p\u00e5 gymmet och i fritidsomr\u00e5den<\/li>\n<\/ul>\n<h3>Teknisk data:<\/h3>\n<ul>\n<li>F\u00e4rg: R\u00f6d+svart<\/li>\n<li>Material: st\u00e5l, PP-plast, j\u00e4rnsand<\/li>\n<li>4 x 1,25 kg tallrikar: 17,5 x 3T cm<\/li>\n<li>8 x 2,5 kg tallrikar: 21,5 x 3,8T cm<\/li>\n<li>2 x 2,5 cm x 40 L cm kort st\u00e5ng<\/li>\n<li>1 x 2,5 cm x 40Lcm vevstake<\/li>\n<li>1 x 2,5 cm inre h\u00e5l p\u00e5 klockplattan<\/li>\n<li>4 x l\u00e5s<\/li>\n<\/ul>\n<h3>Leveransens omfattning:<\/h3>\n<ul>\n<li>4 x 1,25 kg tallrikar<\/li>\n<li>8 x 2,5 kg tallrikar<\/li>\n<li>2 x kort st\u00e5ng<\/li>\n<li>1 x Vevst\u00e5ng<\/li>\n<li>4 x l\u00e5s<\/li>\n<\/ul>\n","protected":false},"excerpt":{"rendered":"<p>Detta 2-IN-1 hantelset kan anv\u00e4ndas som ett hantelset eller ett skivst\u00e5ngsset. Med detta hantelset kan du snabbt och effektivt st\u00e4rka&#8230;<\/p>\n","protected":false},"featured_media":26440,"template":"","meta":[],"product_brand":[],"product_cat":[668,661,647],"product_tag":[],"class_list":{"0":"post-26439","1":"product","2":"type-product","3":"status-publish","4":"has-post-thumbnail","6":"product_cat-hantlar","7":"product_cat-kondition-styrketraning","8":"product_cat-sport-fritid","10":"first","11":"instock","12":"sale","13":"taxable","14":"shipping-taxable","15":"purchasable","16":"product-type-simple"},"yoast_head":"<!-- This site is optimized with the Yoast SEO plugin v25.4 - https:\/\/yoast.com\/wordpress\/plugins\/seo\/ -->\n<title>TRUUSK Justerbar Hantelset 20\/30KGS - 2-IN-1 Hantlar &amp; Skivst\u00e4nger - F\u00f6r Hemmatr\u00e4ning - St\u00e5l och PP Plast - R\u00f6d och Svart - 21,5 - TRUUSK - Hem, Tr\u00e4dg\u00e5rd &amp; Fritid<\/title>\n<meta name=\"robots\" content=\"index, follow, max-snippet:-1, max-image-preview:large, max-video-preview:-1\" \/>\n<link rel=\"canonical\" href=\"https:\/\/truusk.store\/sv\/produkt\/truusk-justerbar-hantelset-20-30kgs-2-in-1-hantlar-skivstanger-for-hemmatraning-stal-och-pp-plast-rod-och-svart-215\/\" \/>\n<meta property=\"og:locale\" content=\"sv_SE\" \/>\n<meta property=\"og:type\" content=\"article\" \/>\n<meta property=\"og:title\" content=\"TRUUSK Justerbar Hantelset 20\/30KGS - 2-IN-1 Hantlar &amp; Skivst\u00e4nger - F\u00f6r Hemmatr\u00e4ning - St\u00e5l och PP Plast - R\u00f6d och Svart - 21,5 - TRUUSK - Hem, Tr\u00e4dg\u00e5rd &amp; Fritid\" \/>\n<meta property=\"og:description\" content=\"Detta 2-IN-1 hantelset kan anv\u00e4ndas som ett hantelset eller ett skivst\u00e5ngsset. Med detta hantelset kan du snabbt och effektivt st\u00e4rka...\" \/>\n<meta property=\"og:url\" content=\"https:\/\/truusk.store\/sv\/produkt\/truusk-justerbar-hantelset-20-30kgs-2-in-1-hantlar-skivstanger-for-hemmatraning-stal-och-pp-plast-rod-och-svart-215\/\" \/>\n<meta property=\"og:site_name\" content=\"TRUUSK - Hem, Tr\u00e4dg\u00e5rd &amp; Fritid\" \/>\n<meta property=\"article:modified_time\" content=\"2026-03-12T08:06:35+00:00\" \/>\n<meta property=\"og:image\" content=\"https:\/\/i0.wp.com\/truusk.se\/wp-content\/uploads\/2024\/02\/hantelset-20-30kgs-2-in-1-hantlar-skivstanger-justerbar-tyngdlyftning-for-home-fitness-muscle-stal-pp-plast-jarn-sand-rod-svart-215-x-215-x-38-cm.webp?fit=800%2C800&ssl=1\" \/>\n\t<meta property=\"og:image:width\" content=\"800\" \/>\n\t<meta property=\"og:image:height\" content=\"800\" \/>\n\t<meta property=\"og:image:type\" content=\"image\/webp\" \/>\n<meta name=\"twitter:card\" content=\"summary_large_image\" \/>\n<meta name=\"twitter:label1\" content=\"Ber\u00e4knad l\u00e4stid\" \/>\n\t<meta name=\"twitter:data1\" content=\"1 minut\" \/>\n<!-- \/ Yoast SEO plugin. -->","yoast_head_json":{"title":"TRUUSK Justerbar Hantelset 20\/30KGS - 2-IN-1 Hantlar &amp; Skivst\u00e4nger - F\u00f6r Hemmatr\u00e4ning - St\u00e5l och PP Plast - R\u00f6d och Svart - 21,5 - TRUUSK - Hem, Tr\u00e4dg\u00e5rd &amp; Fritid","robots":{"index":"index","follow":"follow","max-snippet":"max-snippet:-1","max-image-preview":"max-image-preview:large","max-video-preview":"max-video-preview:-1"},"canonical":"https:\/\/truusk.store\/sv\/produkt\/truusk-justerbar-hantelset-20-30kgs-2-in-1-hantlar-skivstanger-for-hemmatraning-stal-och-pp-plast-rod-och-svart-215\/","og_locale":"sv_SE","og_type":"article","og_title":"TRUUSK Justerbar Hantelset 20\/30KGS - 2-IN-1 Hantlar &amp; Skivst\u00e4nger - F\u00f6r Hemmatr\u00e4ning - St\u00e5l och PP Plast - R\u00f6d och Svart - 21,5 - TRUUSK - Hem, Tr\u00e4dg\u00e5rd &amp; Fritid","og_description":"Detta 2-IN-1 hantelset kan anv\u00e4ndas som ett hantelset eller ett skivst\u00e5ngsset. Med detta hantelset kan du snabbt och effektivt st\u00e4rka...","og_url":"https:\/\/truusk.store\/sv\/produkt\/truusk-justerbar-hantelset-20-30kgs-2-in-1-hantlar-skivstanger-for-hemmatraning-stal-och-pp-plast-rod-och-svart-215\/","og_site_name":"TRUUSK - Hem, Tr\u00e4dg\u00e5rd &amp; Fritid","article_modified_time":"2026-03-12T08:06:35+00:00","og_image":[{"width":800,"height":800,"url":"https:\/\/i0.wp.com\/truusk.se\/wp-content\/uploads\/2024\/02\/hantelset-20-30kgs-2-in-1-hantlar-skivstanger-justerbar-tyngdlyftning-for-home-fitness-muscle-stal-pp-plast-jarn-sand-rod-svart-215-x-215-x-38-cm.webp?fit=800%2C800&ssl=1","type":"image\/webp"}],"twitter_card":"summary_large_image","twitter_misc":{"Ber\u00e4knad l\u00e4stid":"1 minut"},"schema":{"@context":"https:\/\/schema.org","@graph":[{"@type":"WebPage","@id":"https:\/\/truusk.store\/sv\/produkt\/truusk-justerbar-hantelset-20-30kgs-2-in-1-hantlar-skivstanger-for-hemmatraning-stal-och-pp-plast-rod-och-svart-215\/","url":"https:\/\/truusk.store\/sv\/produkt\/truusk-justerbar-hantelset-20-30kgs-2-in-1-hantlar-skivstanger-for-hemmatraning-stal-och-pp-plast-rod-och-svart-215\/","name":"TRUUSK Justerbar Hantelset 20\/30KGS - 2-IN-1 Hantlar &amp; Skivst\u00e4nger - F\u00f6r Hemmatr\u00e4ning - St\u00e5l och PP Plast - R\u00f6d och Svart - 21,5 - TRUUSK - Hem, Tr\u00e4dg\u00e5rd &amp; Fritid","isPartOf":{"@id":"https:\/\/truusk.store\/sv\/#website"},"primaryImageOfPage":{"@id":"https:\/\/truusk.store\/sv\/produkt\/truusk-justerbar-hantelset-20-30kgs-2-in-1-hantlar-skivstanger-for-hemmatraning-stal-och-pp-plast-rod-och-svart-215\/#primaryimage"},"image":{"@id":"https:\/\/truusk.store\/sv\/produkt\/truusk-justerbar-hantelset-20-30kgs-2-in-1-hantlar-skivstanger-for-hemmatraning-stal-och-pp-plast-rod-och-svart-215\/#primaryimage"},"thumbnailUrl":"https:\/\/i0.wp.com\/truusk.store\/wp-content\/uploads\/2024\/02\/hantelset-20-30kgs-2-in-1-hantlar-skivstanger-justerbar-tyngdlyftning-for-home-fitness-muscle-stal-pp-plast-jarn-sand-rod-svart-215-x-215-x-38-cm.webp?fit=800%2C800&ssl=1","datePublished":"2024-02-13T17:29:19+00:00","dateModified":"2026-03-12T08:06:35+00:00","breadcrumb":{"@id":"https:\/\/truusk.store\/sv\/produkt\/truusk-justerbar-hantelset-20-30kgs-2-in-1-hantlar-skivstanger-for-hemmatraning-stal-och-pp-plast-rod-och-svart-215\/#breadcrumb"},"inLanguage":"sv-SE","potentialAction":[{"@type":"ReadAction","target":["https:\/\/truusk.store\/sv\/produkt\/truusk-justerbar-hantelset-20-30kgs-2-in-1-hantlar-skivstanger-for-hemmatraning-stal-och-pp-plast-rod-och-svart-215\/"]}]},{"@type":"ImageObject","inLanguage":"sv-SE","@id":"https:\/\/truusk.store\/sv\/produkt\/truusk-justerbar-hantelset-20-30kgs-2-in-1-hantlar-skivstanger-for-hemmatraning-stal-och-pp-plast-rod-och-svart-215\/#primaryimage","url":"https:\/\/i0.wp.com\/truusk.store\/wp-content\/uploads\/2024\/02\/hantelset-20-30kgs-2-in-1-hantlar-skivstanger-justerbar-tyngdlyftning-for-home-fitness-muscle-stal-pp-plast-jarn-sand-rod-svart-215-x-215-x-38-cm.webp?fit=800%2C800&ssl=1","contentUrl":"https:\/\/i0.wp.com\/truusk.store\/wp-content\/uploads\/2024\/02\/hantelset-20-30kgs-2-in-1-hantlar-skivstanger-justerbar-tyngdlyftning-for-home-fitness-muscle-stal-pp-plast-jarn-sand-rod-svart-215-x-215-x-38-cm.webp?fit=800%2C800&ssl=1","width":800,"height":800,"caption":"Hantelset 20\/30KGS 2-IN-1 Hantlar &amp; Skivst\u00e4nger Justerbar Tyngdlyftning F\u00f6r Home Fitness Muscle St\u00e5l PP Plast J\u00e4rn Sand R\u00f6d + Svart 21,5 X 21,5 X 3,8 Cm 1"},{"@type":"BreadcrumbList","@id":"https:\/\/truusk.store\/sv\/produkt\/truusk-justerbar-hantelset-20-30kgs-2-in-1-hantlar-skivstanger-for-hemmatraning-stal-och-pp-plast-rod-och-svart-215\/#breadcrumb","itemListElement":[{"@type":"ListItem","position":1,"name":"Home","item":"https:\/\/truusk.store\/sv\/"},{"@type":"ListItem","position":2,"name":"Shop","item":"https:\/\/truusk.store\/shop\/"},{"@type":"ListItem","position":3,"name":"TRUUSK Justerbar Hantelset 20\/30KGS &#8211; 2-IN-1 Hantlar &amp; Skivst\u00e4nger &#8211; F\u00f6r Hemmatr\u00e4ning &#8211; St\u00e5l och PP Plast &#8211; R\u00f6d och Svart &#8211; 21,5"}]},{"@type":"WebSite","@id":"https:\/\/truusk.store\/sv\/#website","url":"https:\/\/truusk.store\/sv\/","name":"TRUUSK - Hem, Tr\u00e4dg\u00e5rd & Fritid","description":"","publisher":{"@id":"https:\/\/truusk.store\/sv\/#organization"},"potentialAction":[{"@type":"SearchAction","target":{"@type":"EntryPoint","urlTemplate":"https:\/\/truusk.store\/sv\/?s={search_term_string}"},"query-input":{"@type":"PropertyValueSpecification","valueRequired":true,"valueName":"search_term_string"}}],"inLanguage":"sv-SE"},{"@type":"Organization","@id":"https:\/\/truusk.store\/sv\/#organization","name":"TRUUSK - Hem, Tr\u00e4dg\u00e5rd & Fritid","url":"https:\/\/truusk.store\/sv\/","logo":{"@type":"ImageObject","inLanguage":"sv-SE","@id":"https:\/\/truusk.store\/sv\/#\/schema\/logo\/image\/","url":"https:\/\/i0.wp.com\/truusk.store\/wp-content\/uploads\/2026\/03\/cropped-TRUUSK.png?fit=2032%2C917&ssl=1","contentUrl":"https:\/\/i0.wp.com\/truusk.store\/wp-content\/uploads\/2026\/03\/cropped-TRUUSK.png?fit=2032%2C917&ssl=1","width":2032,"height":917,"caption":"TRUUSK - Hem, Tr\u00e4dg\u00e5rd & Fritid"},"image":{"@id":"https:\/\/truusk.store\/sv\/#\/schema\/logo\/image\/"}}]}},"jetpack_sharing_enabled":true,"_links":{"self":[{"href":"https:\/\/truusk.store\/sv\/wp-json\/wp\/v2\/product\/26439","targetHints":{"allow":["GET"]}}],"collection":[{"href":"https:\/\/truusk.store\/sv\/wp-json\/wp\/v2\/product"}],"about":[{"href":"https:\/\/truusk.store\/sv\/wp-json\/wp\/v2\/types\/product"}],"wp:featuredmedia":[{"embeddable":true,"href":"https:\/\/truusk.store\/sv\/wp-json\/wp\/v2\/media\/26440"}],"wp:attachment":[{"href":"https:\/\/truusk.store\/sv\/wp-json\/wp\/v2\/media?parent=26439"}],"wp:term":[{"taxonomy":"product_brand","embeddable":true,"href":"https:\/\/truusk.store\/sv\/wp-json\/wp\/v2\/product_brand?post=26439"},{"taxonomy":"product_cat","embeddable":true,"href":"https:\/\/truusk.store\/sv\/wp-json\/wp\/v2\/product_cat?post=26439"},{"taxonomy":"product_tag","embeddable":true,"href":"https:\/\/truusk.store\/sv\/wp-json\/wp\/v2\/product_tag?post=26439"}],"curies":[{"name":"wp","href":"https:\/\/api.w.org\/{rel}","templated":true}]}}