{"id":26458,"date":"2024-02-13T18:30:03","date_gmt":"2024-02-13T17:30:03","guid":{"rendered":"https:\/\/truusk.store\/product\/barpall-snurrstol-hojdjusterbar-barstol-med-hjul-av-konstlader-arbetspall-bro-pall-360-vridbar-med-ryggstod-vadderad-beige-56-x-57-x-104-127-cm\/"},"modified":"2026-03-12T09:06:36","modified_gmt":"2026-03-12T08:06:36","slug":"truusk-justerbar-barpall-med-hjul-konstlader-360-vridbar-ryggstod-vadderad-beige-56x57x104-127-cm","status":"publish","type":"product","link":"https:\/\/truusk.store\/sv\/produkt\/truusk-justerbar-barpall-med-hjul-konstlader-360-vridbar-ryggstod-vadderad-beige-56x57x104-127-cm\/","title":{"rendered":"TRUUSK Justerbar Barpall med Hjul &#8211; Konstl\u00e4der &#8211; 360\u00b0 Vridbar &#8211; Ryggst\u00f6d &#8211; Vadderad &#8211; Beige &#8211; 56x57x104-127 cm"},"content":{"rendered":"<p>Oavsett om det \u00e4r en k\u00f6ksb\u00e4nk, en hemmabar eller ett festrum &#8211; denna eleganta barstol sk\u00e4r en fin figur \u00f6verallt. Det mjuka PU-l\u00e4dret och den gener\u00f6sa stoppningen ger en h\u00f6g sittkomfort. Tack vare r\u00f6rliga hjul kan barstolen enkelt flyttas. Tack vare sin praktiska rotationsfunktion kan du alltid ha \u00f6verblicken. Denna barstol b\u00f6r inte saknas fr\u00e5n n\u00e5gon disk.<\/p>\n<h3>Beskrivning:<\/h3>\n<ul>\n<li>Modern design<\/li>\n<li>Ett m\u00e5ste f\u00f6r hembarer, kontor, k\u00f6k eller salonger<\/li>\n<li>Sitth\u00f6jden och h\u00f6jden p\u00e5 fotst\u00f6den \u00e4r justerbara f\u00f6r att m\u00f6ta olika behov<\/li>\n<li>Mjukt PU-l\u00e4der f\u00f6r en touch av sofistikering<\/li>\n<li>Vridbar sits s\u00e4kerst\u00e4ller fri rotation<\/li>\n<li>Medelh\u00f6gt ryggst\u00f6d och en mjuk vadderad sits<\/li>\n<li>H\u00f6gdensitetsskum som ger exceptionell komfort<\/li>\n<li>360 sv\u00e4ngbara hjul p\u00e5 en robust, f\u00f6rkromad 5-stj\u00e4rnig st\u00e5lbas s\u00e4kerst\u00e4ller r\u00f6relsefrihet i alla riktningar<\/li>\n<li>Montering kr\u00e4vs<\/li>\n<\/ul>\n<h3>Teknisk data:<\/h3>\n<ul>\n<li>F\u00e4rg beige<\/li>\n<li>Material: PU-l\u00e4der, st\u00e5l<\/li>\n<li>\u00d6vergripande m\u00e5tt: 56W x 57D x 104-127H cm<\/li>\n<li>Sits: 41W x 41D x 72-95H cm<\/li>\n<li>Sitstjocklek: 11 cm<\/li>\n<li>Baksida: 40W x 24H cm<\/li>\n<li>Justeringsomr\u00e5de f\u00f6r fotst\u00f6den: 21,5-47 cm<\/li>\n<li>Lastkapacitet: 125 kg<\/li>\n<\/ul>\n<h3>Leveransens omfattning:<\/h3>\n<ul>\n<li>1 x Barstol<\/li>\n<li>1 x Instruktioner<\/li>\n<\/ul>\n","protected":false},"excerpt":{"rendered":"<p>Oavsett om det \u00e4r en k\u00f6ksb\u00e4nk, en hemmabar eller ett festrum &#8211; denna eleganta barstol sk\u00e4r en fin figur \u00f6verallt&#8230;.<\/p>\n","protected":false},"featured_media":26459,"template":"","meta":[],"product_brand":[],"product_cat":[544,485,542],"product_tag":[],"class_list":{"0":"post-26458","1":"product","2":"type-product","3":"status-publish","4":"has-post-thumbnail","6":"product_cat-barstol","7":"product_cat-hus-bo","8":"product_cat-pall","10":"first","11":"instock","12":"sale","13":"taxable","14":"shipping-taxable","15":"purchasable","16":"product-type-simple"},"yoast_head":"<!-- This site is optimized with the Yoast SEO plugin v25.4 - https:\/\/yoast.com\/wordpress\/plugins\/seo\/ -->\n<title>TRUUSK Justerbar Barpall med Hjul - Konstl\u00e4der - 360\u00b0 Vridbar - Ryggst\u00f6d - Vadderad - Beige - 56x57x104-127 cm - TRUUSK - Hem, Tr\u00e4dg\u00e5rd &amp; Fritid<\/title>\n<meta name=\"robots\" content=\"index, follow, max-snippet:-1, max-image-preview:large, max-video-preview:-1\" \/>\n<link rel=\"canonical\" href=\"https:\/\/truusk.store\/sv\/produkt\/truusk-justerbar-barpall-med-hjul-konstlader-360-vridbar-ryggstod-vadderad-beige-56x57x104-127-cm\/\" \/>\n<meta property=\"og:locale\" content=\"sv_SE\" \/>\n<meta property=\"og:type\" content=\"article\" \/>\n<meta property=\"og:title\" content=\"TRUUSK Justerbar Barpall med Hjul - Konstl\u00e4der - 360\u00b0 Vridbar - Ryggst\u00f6d - Vadderad - Beige - 56x57x104-127 cm - TRUUSK - Hem, Tr\u00e4dg\u00e5rd &amp; Fritid\" \/>\n<meta property=\"og:description\" content=\"Oavsett om det \u00e4r en k\u00f6ksb\u00e4nk, en hemmabar eller ett festrum &#8211; denna eleganta barstol sk\u00e4r en fin figur \u00f6verallt....\" \/>\n<meta property=\"og:url\" content=\"https:\/\/truusk.store\/sv\/produkt\/truusk-justerbar-barpall-med-hjul-konstlader-360-vridbar-ryggstod-vadderad-beige-56x57x104-127-cm\/\" \/>\n<meta property=\"og:site_name\" content=\"TRUUSK - Hem, Tr\u00e4dg\u00e5rd &amp; Fritid\" \/>\n<meta property=\"article:modified_time\" content=\"2026-03-12T08:06:36+00:00\" \/>\n<meta property=\"og:image\" content=\"https:\/\/i0.wp.com\/truusk.se\/wp-content\/uploads\/2024\/02\/barpall-snurrstol-hojdjusterbar-barstol-med-hjul-av-konstlader-arbetspall-bro-pall-360-vridbar-med-ryggstod-vadderad-beige-56-x-57-x-104-127-cm.webp?fit=800%2C800&ssl=1\" \/>\n\t<meta property=\"og:image:width\" content=\"800\" \/>\n\t<meta property=\"og:image:height\" content=\"800\" \/>\n\t<meta property=\"og:image:type\" content=\"image\/webp\" \/>\n<meta name=\"twitter:card\" content=\"summary_large_image\" \/>\n<meta name=\"twitter:label1\" content=\"Ber\u00e4knad l\u00e4stid\" \/>\n\t<meta name=\"twitter:data1\" content=\"1 minut\" \/>\n<!-- \/ Yoast SEO plugin. -->","yoast_head_json":{"title":"TRUUSK Justerbar Barpall med Hjul - Konstl\u00e4der - 360\u00b0 Vridbar - Ryggst\u00f6d - Vadderad - Beige - 56x57x104-127 cm - TRUUSK - Hem, Tr\u00e4dg\u00e5rd &amp; Fritid","robots":{"index":"index","follow":"follow","max-snippet":"max-snippet:-1","max-image-preview":"max-image-preview:large","max-video-preview":"max-video-preview:-1"},"canonical":"https:\/\/truusk.store\/sv\/produkt\/truusk-justerbar-barpall-med-hjul-konstlader-360-vridbar-ryggstod-vadderad-beige-56x57x104-127-cm\/","og_locale":"sv_SE","og_type":"article","og_title":"TRUUSK Justerbar Barpall med Hjul - Konstl\u00e4der - 360\u00b0 Vridbar - Ryggst\u00f6d - Vadderad - Beige - 56x57x104-127 cm - TRUUSK - Hem, Tr\u00e4dg\u00e5rd &amp; Fritid","og_description":"Oavsett om det \u00e4r en k\u00f6ksb\u00e4nk, en hemmabar eller ett festrum &#8211; denna eleganta barstol sk\u00e4r en fin figur \u00f6verallt....","og_url":"https:\/\/truusk.store\/sv\/produkt\/truusk-justerbar-barpall-med-hjul-konstlader-360-vridbar-ryggstod-vadderad-beige-56x57x104-127-cm\/","og_site_name":"TRUUSK - Hem, Tr\u00e4dg\u00e5rd &amp; Fritid","article_modified_time":"2026-03-12T08:06:36+00:00","og_image":[{"width":800,"height":800,"url":"https:\/\/i0.wp.com\/truusk.se\/wp-content\/uploads\/2024\/02\/barpall-snurrstol-hojdjusterbar-barstol-med-hjul-av-konstlader-arbetspall-bro-pall-360-vridbar-med-ryggstod-vadderad-beige-56-x-57-x-104-127-cm.webp?fit=800%2C800&ssl=1","type":"image\/webp"}],"twitter_card":"summary_large_image","twitter_misc":{"Ber\u00e4knad l\u00e4stid":"1 minut"},"schema":{"@context":"https:\/\/schema.org","@graph":[{"@type":"WebPage","@id":"https:\/\/truusk.store\/sv\/produkt\/truusk-justerbar-barpall-med-hjul-konstlader-360-vridbar-ryggstod-vadderad-beige-56x57x104-127-cm\/","url":"https:\/\/truusk.store\/sv\/produkt\/truusk-justerbar-barpall-med-hjul-konstlader-360-vridbar-ryggstod-vadderad-beige-56x57x104-127-cm\/","name":"TRUUSK Justerbar Barpall med Hjul - Konstl\u00e4der - 360\u00b0 Vridbar - Ryggst\u00f6d - Vadderad - Beige - 56x57x104-127 cm - TRUUSK - Hem, Tr\u00e4dg\u00e5rd &amp; Fritid","isPartOf":{"@id":"https:\/\/truusk.store\/sv\/#website"},"primaryImageOfPage":{"@id":"https:\/\/truusk.store\/sv\/produkt\/truusk-justerbar-barpall-med-hjul-konstlader-360-vridbar-ryggstod-vadderad-beige-56x57x104-127-cm\/#primaryimage"},"image":{"@id":"https:\/\/truusk.store\/sv\/produkt\/truusk-justerbar-barpall-med-hjul-konstlader-360-vridbar-ryggstod-vadderad-beige-56x57x104-127-cm\/#primaryimage"},"thumbnailUrl":"https:\/\/i0.wp.com\/truusk.store\/wp-content\/uploads\/2024\/02\/barpall-snurrstol-hojdjusterbar-barstol-med-hjul-av-konstlader-arbetspall-bro-pall-360-vridbar-med-ryggstod-vadderad-beige-56-x-57-x-104-127-cm.webp?fit=800%2C800&ssl=1","datePublished":"2024-02-13T17:30:03+00:00","dateModified":"2026-03-12T08:06:36+00:00","breadcrumb":{"@id":"https:\/\/truusk.store\/sv\/produkt\/truusk-justerbar-barpall-med-hjul-konstlader-360-vridbar-ryggstod-vadderad-beige-56x57x104-127-cm\/#breadcrumb"},"inLanguage":"sv-SE","potentialAction":[{"@type":"ReadAction","target":["https:\/\/truusk.store\/sv\/produkt\/truusk-justerbar-barpall-med-hjul-konstlader-360-vridbar-ryggstod-vadderad-beige-56x57x104-127-cm\/"]}]},{"@type":"ImageObject","inLanguage":"sv-SE","@id":"https:\/\/truusk.store\/sv\/produkt\/truusk-justerbar-barpall-med-hjul-konstlader-360-vridbar-ryggstod-vadderad-beige-56x57x104-127-cm\/#primaryimage","url":"https:\/\/i0.wp.com\/truusk.store\/wp-content\/uploads\/2024\/02\/barpall-snurrstol-hojdjusterbar-barstol-med-hjul-av-konstlader-arbetspall-bro-pall-360-vridbar-med-ryggstod-vadderad-beige-56-x-57-x-104-127-cm.webp?fit=800%2C800&ssl=1","contentUrl":"https:\/\/i0.wp.com\/truusk.store\/wp-content\/uploads\/2024\/02\/barpall-snurrstol-hojdjusterbar-barstol-med-hjul-av-konstlader-arbetspall-bro-pall-360-vridbar-med-ryggstod-vadderad-beige-56-x-57-x-104-127-cm.webp?fit=800%2C800&ssl=1","width":800,"height":800,"caption":"Barpall Snurrstol H\u00f6jdjusterbar Barstol Med Hjul Av Konstl\u00e4der Arbetspall Bro Pall 360 Vridbar Med Ryggst\u00f6d Vadderad Beige 56 X 57 X 104-127 Cm 1"},{"@type":"BreadcrumbList","@id":"https:\/\/truusk.store\/sv\/produkt\/truusk-justerbar-barpall-med-hjul-konstlader-360-vridbar-ryggstod-vadderad-beige-56x57x104-127-cm\/#breadcrumb","itemListElement":[{"@type":"ListItem","position":1,"name":"Home","item":"https:\/\/truusk.store\/sv\/"},{"@type":"ListItem","position":2,"name":"Shop","item":"https:\/\/truusk.store\/shop\/"},{"@type":"ListItem","position":3,"name":"TRUUSK Justerbar Barpall med Hjul &#8211; Konstl\u00e4der &#8211; 360\u00b0 Vridbar &#8211; Ryggst\u00f6d &#8211; Vadderad &#8211; Beige &#8211; 56x57x104-127 cm"}]},{"@type":"WebSite","@id":"https:\/\/truusk.store\/sv\/#website","url":"https:\/\/truusk.store\/sv\/","name":"TRUUSK - Hem, Tr\u00e4dg\u00e5rd & Fritid","description":"","publisher":{"@id":"https:\/\/truusk.store\/sv\/#organization"},"potentialAction":[{"@type":"SearchAction","target":{"@type":"EntryPoint","urlTemplate":"https:\/\/truusk.store\/sv\/?s={search_term_string}"},"query-input":{"@type":"PropertyValueSpecification","valueRequired":true,"valueName":"search_term_string"}}],"inLanguage":"sv-SE"},{"@type":"Organization","@id":"https:\/\/truusk.store\/sv\/#organization","name":"TRUUSK - Hem, Tr\u00e4dg\u00e5rd & Fritid","url":"https:\/\/truusk.store\/sv\/","logo":{"@type":"ImageObject","inLanguage":"sv-SE","@id":"https:\/\/truusk.store\/sv\/#\/schema\/logo\/image\/","url":"https:\/\/i0.wp.com\/truusk.store\/wp-content\/uploads\/2026\/03\/cropped-TRUUSK.png?fit=2032%2C917&ssl=1","contentUrl":"https:\/\/i0.wp.com\/truusk.store\/wp-content\/uploads\/2026\/03\/cropped-TRUUSK.png?fit=2032%2C917&ssl=1","width":2032,"height":917,"caption":"TRUUSK - Hem, Tr\u00e4dg\u00e5rd & Fritid"},"image":{"@id":"https:\/\/truusk.store\/sv\/#\/schema\/logo\/image\/"}}]}},"jetpack_sharing_enabled":true,"_links":{"self":[{"href":"https:\/\/truusk.store\/sv\/wp-json\/wp\/v2\/product\/26458","targetHints":{"allow":["GET"]}}],"collection":[{"href":"https:\/\/truusk.store\/sv\/wp-json\/wp\/v2\/product"}],"about":[{"href":"https:\/\/truusk.store\/sv\/wp-json\/wp\/v2\/types\/product"}],"wp:featuredmedia":[{"embeddable":true,"href":"https:\/\/truusk.store\/sv\/wp-json\/wp\/v2\/media\/26459"}],"wp:attachment":[{"href":"https:\/\/truusk.store\/sv\/wp-json\/wp\/v2\/media?parent=26458"}],"wp:term":[{"taxonomy":"product_brand","embeddable":true,"href":"https:\/\/truusk.store\/sv\/wp-json\/wp\/v2\/product_brand?post=26458"},{"taxonomy":"product_cat","embeddable":true,"href":"https:\/\/truusk.store\/sv\/wp-json\/wp\/v2\/product_cat?post=26458"},{"taxonomy":"product_tag","embeddable":true,"href":"https:\/\/truusk.store\/sv\/wp-json\/wp\/v2\/product_tag?post=26458"}],"curies":[{"name":"wp","href":"https:\/\/api.w.org\/{rel}","templated":true}]}}