{"id":26480,"date":"2024-02-13T18:30:52","date_gmt":"2024-02-13T17:30:52","guid":{"rendered":"https:\/\/truusk.store\/product\/gamingstol-datorstol-ergonomisk-kontorsstol-gamerstol-med-nackstod-svankdyna-kontorsstol-hojdjusterbar-360-vridbar-skum-konstlader-pvc-rosa-vit-64-x-67-x-119-127-cm\/"},"modified":"2026-03-12T09:06:36","modified_gmt":"2026-03-12T08:06:36","slug":"truusk-gamingstol-ergonomisk-datorstol-med-nackstod-svankdyna-360-vridbar-justerbar-hojd-skumstoppad-konstlader","status":"publish","type":"product","link":"https:\/\/truusk.store\/sv\/produkt\/truusk-gamingstol-ergonomisk-datorstol-med-nackstod-svankdyna-360-vridbar-justerbar-hojd-skumstoppad-konstlader\/","title":{"rendered":"TRUUSK Gamingstol &#8211; Ergonomisk Datorstol med Nackst\u00f6d &#8211; Svankdyna &#8211; 360\u00b0 Vridbar &#8211; Justerbar H\u00f6jd &#8211; Skumstoppad &#8211; Konstl\u00e4der &#8211;"},"content":{"rendered":"<p>Denna trendiga spelstol har ultramjuk stoppning och ett ergonomiskt format ryggst\u00f6d. Detta g\u00f6r l\u00e5nga perioder av sittande s\u00e4rskilt mysigt och bekv\u00e4mt. Ett inbyggt fotst\u00f6d s\u00e4kerst\u00e4ller st\u00f6rsta m\u00f6jliga avslappning n\u00e4r du sitter. Den trendiga designen med rallyr\u00e4nder ger denna spelstol dess typiska spelutseende. Denna spelstol \u00e4r den idealiska tr\u00e4ningspartnern f\u00f6r intensiv e-sporttr\u00e4ning.<\/p>\n<h3>Beskrivning:<\/h3>\n<ul>\n<li>Ryggst\u00f6dets lutningsvinkel upp till 135<\/li>\n<li>F\u00e4llbara f\u00f6tter<\/li>\n<li>Med high-end gaslyft f\u00f6r h\u00f6jdjustering<\/li>\n<li>Sv\u00e4ngbara hjul s\u00e4kerst\u00e4ller enkel och snabb r\u00f6rlighet<\/li>\n<li>Racing spelstil i rosa och vitt<\/li>\n<li>L\u00e4mplig f\u00f6r e-sport, kontor, studier etc.<\/li>\n<li>Montering kr\u00e4vs<\/li>\n<\/ul>\n<h3>Teknisk data:<\/h3>\n<ul>\n<li>F\u00e4rg: Rosa+Vit<\/li>\n<li>Material: skum, plast, st\u00e5l, PVC<\/li>\n<li>\u00d6vergripande m\u00e5tt: 64W x 67D x 119-127H cm<\/li>\n<li>Liggyta: 64W x 97D x 108-116H cm<\/li>\n<li>Sits: 50W x 49D x 45-53H cm<\/li>\n<li>Armst\u00f6dets h\u00f6jd (till sittplats): 23 cm<\/li>\n<li>M\u00e5tt baksida: 54W x 79H cm<\/li>\n<li>Max lastkapacitet: 120 kg<\/li>\n<\/ul>\n<h3>Leveransens omfattning:<\/h3>\n<ul>\n<li>1 x Kontorsstol<\/li>\n<li>1 x Instruktioner<\/li>\n<\/ul>\n","protected":false},"excerpt":{"rendered":"<p>Denna trendiga spelstol har ultramjuk stoppning och ett ergonomiskt format ryggst\u00f6d. Detta g\u00f6r l\u00e5nga perioder av sittande s\u00e4rskilt mysigt och&#8230;<\/p>\n","protected":false},"featured_media":26481,"template":"","meta":[],"product_brand":[],"product_cat":[485,517,515],"product_tag":[],"class_list":{"0":"post-26480","1":"product","2":"type-product","3":"status-publish","4":"has-post-thumbnail","6":"product_cat-hus-bo","7":"product_cat-spelstolar","8":"product_cat-stolar","10":"first","11":"instock","12":"sale","13":"taxable","14":"shipping-taxable","15":"purchasable","16":"product-type-simple"},"yoast_head":"<!-- This site is optimized with the Yoast SEO plugin v25.4 - https:\/\/yoast.com\/wordpress\/plugins\/seo\/ -->\n<title>TRUUSK Gamingstol - Ergonomisk Datorstol med Nackst\u00f6d - Svankdyna - 360\u00b0 Vridbar - Justerbar H\u00f6jd - Skumstoppad - Konstl\u00e4der - TRUUSK - Hem, Tr\u00e4dg\u00e5rd &amp; Fritid<\/title>\n<meta name=\"robots\" content=\"index, follow, max-snippet:-1, max-image-preview:large, max-video-preview:-1\" \/>\n<link rel=\"canonical\" href=\"https:\/\/truusk.store\/sv\/produkt\/truusk-gamingstol-ergonomisk-datorstol-med-nackstod-svankdyna-360-vridbar-justerbar-hojd-skumstoppad-konstlader\/\" \/>\n<meta property=\"og:locale\" content=\"sv_SE\" \/>\n<meta property=\"og:type\" content=\"article\" \/>\n<meta property=\"og:title\" content=\"TRUUSK Gamingstol - Ergonomisk Datorstol med Nackst\u00f6d - Svankdyna - 360\u00b0 Vridbar - Justerbar H\u00f6jd - Skumstoppad - Konstl\u00e4der - TRUUSK - Hem, Tr\u00e4dg\u00e5rd &amp; Fritid\" \/>\n<meta property=\"og:description\" content=\"Denna trendiga spelstol har ultramjuk stoppning och ett ergonomiskt format ryggst\u00f6d. Detta g\u00f6r l\u00e5nga perioder av sittande s\u00e4rskilt mysigt och...\" \/>\n<meta property=\"og:url\" content=\"https:\/\/truusk.store\/sv\/produkt\/truusk-gamingstol-ergonomisk-datorstol-med-nackstod-svankdyna-360-vridbar-justerbar-hojd-skumstoppad-konstlader\/\" \/>\n<meta property=\"og:site_name\" content=\"TRUUSK - Hem, Tr\u00e4dg\u00e5rd &amp; Fritid\" \/>\n<meta property=\"article:modified_time\" content=\"2026-03-12T08:06:36+00:00\" \/>\n<meta property=\"og:image\" content=\"https:\/\/i0.wp.com\/truusk.se\/wp-content\/uploads\/2024\/02\/gamingstol-datorstol-ergonomisk-kontorsstol-gamerstol-med-nackstod-svankdyna-kontorsstol-hojdjusterbar-360-vridbar-skum-konstlader-pvc-rosa-vit-64-x-67-x-119-127-cm.webp?fit=800%2C800&ssl=1\" \/>\n\t<meta property=\"og:image:width\" content=\"800\" \/>\n\t<meta property=\"og:image:height\" content=\"800\" \/>\n\t<meta property=\"og:image:type\" content=\"image\/webp\" \/>\n<meta name=\"twitter:card\" content=\"summary_large_image\" \/>\n<meta name=\"twitter:label1\" content=\"Ber\u00e4knad l\u00e4stid\" \/>\n\t<meta name=\"twitter:data1\" content=\"1 minut\" \/>\n<!-- \/ Yoast SEO plugin. -->","yoast_head_json":{"title":"TRUUSK Gamingstol - Ergonomisk Datorstol med Nackst\u00f6d - Svankdyna - 360\u00b0 Vridbar - Justerbar H\u00f6jd - Skumstoppad - Konstl\u00e4der - TRUUSK - Hem, Tr\u00e4dg\u00e5rd &amp; Fritid","robots":{"index":"index","follow":"follow","max-snippet":"max-snippet:-1","max-image-preview":"max-image-preview:large","max-video-preview":"max-video-preview:-1"},"canonical":"https:\/\/truusk.store\/sv\/produkt\/truusk-gamingstol-ergonomisk-datorstol-med-nackstod-svankdyna-360-vridbar-justerbar-hojd-skumstoppad-konstlader\/","og_locale":"sv_SE","og_type":"article","og_title":"TRUUSK Gamingstol - Ergonomisk Datorstol med Nackst\u00f6d - Svankdyna - 360\u00b0 Vridbar - Justerbar H\u00f6jd - Skumstoppad - Konstl\u00e4der - TRUUSK - Hem, Tr\u00e4dg\u00e5rd &amp; Fritid","og_description":"Denna trendiga spelstol har ultramjuk stoppning och ett ergonomiskt format ryggst\u00f6d. Detta g\u00f6r l\u00e5nga perioder av sittande s\u00e4rskilt mysigt och...","og_url":"https:\/\/truusk.store\/sv\/produkt\/truusk-gamingstol-ergonomisk-datorstol-med-nackstod-svankdyna-360-vridbar-justerbar-hojd-skumstoppad-konstlader\/","og_site_name":"TRUUSK - Hem, Tr\u00e4dg\u00e5rd &amp; Fritid","article_modified_time":"2026-03-12T08:06:36+00:00","og_image":[{"width":800,"height":800,"url":"https:\/\/i0.wp.com\/truusk.se\/wp-content\/uploads\/2024\/02\/gamingstol-datorstol-ergonomisk-kontorsstol-gamerstol-med-nackstod-svankdyna-kontorsstol-hojdjusterbar-360-vridbar-skum-konstlader-pvc-rosa-vit-64-x-67-x-119-127-cm.webp?fit=800%2C800&ssl=1","type":"image\/webp"}],"twitter_card":"summary_large_image","twitter_misc":{"Ber\u00e4knad l\u00e4stid":"1 minut"},"schema":{"@context":"https:\/\/schema.org","@graph":[{"@type":"WebPage","@id":"https:\/\/truusk.store\/sv\/produkt\/truusk-gamingstol-ergonomisk-datorstol-med-nackstod-svankdyna-360-vridbar-justerbar-hojd-skumstoppad-konstlader\/","url":"https:\/\/truusk.store\/sv\/produkt\/truusk-gamingstol-ergonomisk-datorstol-med-nackstod-svankdyna-360-vridbar-justerbar-hojd-skumstoppad-konstlader\/","name":"TRUUSK Gamingstol - Ergonomisk Datorstol med Nackst\u00f6d - Svankdyna - 360\u00b0 Vridbar - Justerbar H\u00f6jd - Skumstoppad - Konstl\u00e4der - TRUUSK - Hem, Tr\u00e4dg\u00e5rd &amp; Fritid","isPartOf":{"@id":"https:\/\/truusk.store\/sv\/#website"},"primaryImageOfPage":{"@id":"https:\/\/truusk.store\/sv\/produkt\/truusk-gamingstol-ergonomisk-datorstol-med-nackstod-svankdyna-360-vridbar-justerbar-hojd-skumstoppad-konstlader\/#primaryimage"},"image":{"@id":"https:\/\/truusk.store\/sv\/produkt\/truusk-gamingstol-ergonomisk-datorstol-med-nackstod-svankdyna-360-vridbar-justerbar-hojd-skumstoppad-konstlader\/#primaryimage"},"thumbnailUrl":"https:\/\/i0.wp.com\/truusk.store\/wp-content\/uploads\/2024\/02\/gamingstol-datorstol-ergonomisk-kontorsstol-gamerstol-med-nackstod-svankdyna-kontorsstol-hojdjusterbar-360-vridbar-skum-konstlader-pvc-rosa-vit-64-x-67-x-119-127-cm.webp?fit=800%2C800&ssl=1","datePublished":"2024-02-13T17:30:52+00:00","dateModified":"2026-03-12T08:06:36+00:00","breadcrumb":{"@id":"https:\/\/truusk.store\/sv\/produkt\/truusk-gamingstol-ergonomisk-datorstol-med-nackstod-svankdyna-360-vridbar-justerbar-hojd-skumstoppad-konstlader\/#breadcrumb"},"inLanguage":"sv-SE","potentialAction":[{"@type":"ReadAction","target":["https:\/\/truusk.store\/sv\/produkt\/truusk-gamingstol-ergonomisk-datorstol-med-nackstod-svankdyna-360-vridbar-justerbar-hojd-skumstoppad-konstlader\/"]}]},{"@type":"ImageObject","inLanguage":"sv-SE","@id":"https:\/\/truusk.store\/sv\/produkt\/truusk-gamingstol-ergonomisk-datorstol-med-nackstod-svankdyna-360-vridbar-justerbar-hojd-skumstoppad-konstlader\/#primaryimage","url":"https:\/\/i0.wp.com\/truusk.store\/wp-content\/uploads\/2024\/02\/gamingstol-datorstol-ergonomisk-kontorsstol-gamerstol-med-nackstod-svankdyna-kontorsstol-hojdjusterbar-360-vridbar-skum-konstlader-pvc-rosa-vit-64-x-67-x-119-127-cm.webp?fit=800%2C800&ssl=1","contentUrl":"https:\/\/i0.wp.com\/truusk.store\/wp-content\/uploads\/2024\/02\/gamingstol-datorstol-ergonomisk-kontorsstol-gamerstol-med-nackstod-svankdyna-kontorsstol-hojdjusterbar-360-vridbar-skum-konstlader-pvc-rosa-vit-64-x-67-x-119-127-cm.webp?fit=800%2C800&ssl=1","width":800,"height":800,"caption":"Gamingstol, Datorstol, Ergonomisk Kontorsstol, Gamerstol Med Nackst\u00f6d, Svankdyna, Kontorsstol, H\u00f6jdjusterbar, 360 Vridbar, Skum, Konstl\u00e4der, PVC, Rosa + Vit, 64 X 67 X 119-127 Cm 1"},{"@type":"BreadcrumbList","@id":"https:\/\/truusk.store\/sv\/produkt\/truusk-gamingstol-ergonomisk-datorstol-med-nackstod-svankdyna-360-vridbar-justerbar-hojd-skumstoppad-konstlader\/#breadcrumb","itemListElement":[{"@type":"ListItem","position":1,"name":"Home","item":"https:\/\/truusk.store\/sv\/"},{"@type":"ListItem","position":2,"name":"Shop","item":"https:\/\/truusk.store\/shop\/"},{"@type":"ListItem","position":3,"name":"TRUUSK Gamingstol &#8211; Ergonomisk Datorstol med Nackst\u00f6d &#8211; Svankdyna &#8211; 360\u00b0 Vridbar &#8211; Justerbar H\u00f6jd &#8211; Skumstoppad &#8211; Konstl\u00e4der &#8211;"}]},{"@type":"WebSite","@id":"https:\/\/truusk.store\/sv\/#website","url":"https:\/\/truusk.store\/sv\/","name":"TRUUSK - Hem, Tr\u00e4dg\u00e5rd & Fritid","description":"","publisher":{"@id":"https:\/\/truusk.store\/sv\/#organization"},"potentialAction":[{"@type":"SearchAction","target":{"@type":"EntryPoint","urlTemplate":"https:\/\/truusk.store\/sv\/?s={search_term_string}"},"query-input":{"@type":"PropertyValueSpecification","valueRequired":true,"valueName":"search_term_string"}}],"inLanguage":"sv-SE"},{"@type":"Organization","@id":"https:\/\/truusk.store\/sv\/#organization","name":"TRUUSK - Hem, Tr\u00e4dg\u00e5rd & Fritid","url":"https:\/\/truusk.store\/sv\/","logo":{"@type":"ImageObject","inLanguage":"sv-SE","@id":"https:\/\/truusk.store\/sv\/#\/schema\/logo\/image\/","url":"https:\/\/i0.wp.com\/truusk.store\/wp-content\/uploads\/2026\/03\/cropped-TRUUSK.png?fit=2032%2C917&ssl=1","contentUrl":"https:\/\/i0.wp.com\/truusk.store\/wp-content\/uploads\/2026\/03\/cropped-TRUUSK.png?fit=2032%2C917&ssl=1","width":2032,"height":917,"caption":"TRUUSK - Hem, Tr\u00e4dg\u00e5rd & Fritid"},"image":{"@id":"https:\/\/truusk.store\/sv\/#\/schema\/logo\/image\/"}}]}},"jetpack_sharing_enabled":true,"_links":{"self":[{"href":"https:\/\/truusk.store\/sv\/wp-json\/wp\/v2\/product\/26480","targetHints":{"allow":["GET"]}}],"collection":[{"href":"https:\/\/truusk.store\/sv\/wp-json\/wp\/v2\/product"}],"about":[{"href":"https:\/\/truusk.store\/sv\/wp-json\/wp\/v2\/types\/product"}],"wp:featuredmedia":[{"embeddable":true,"href":"https:\/\/truusk.store\/sv\/wp-json\/wp\/v2\/media\/26481"}],"wp:attachment":[{"href":"https:\/\/truusk.store\/sv\/wp-json\/wp\/v2\/media?parent=26480"}],"wp:term":[{"taxonomy":"product_brand","embeddable":true,"href":"https:\/\/truusk.store\/sv\/wp-json\/wp\/v2\/product_brand?post=26480"},{"taxonomy":"product_cat","embeddable":true,"href":"https:\/\/truusk.store\/sv\/wp-json\/wp\/v2\/product_cat?post=26480"},{"taxonomy":"product_tag","embeddable":true,"href":"https:\/\/truusk.store\/sv\/wp-json\/wp\/v2\/product_tag?post=26480"}],"curies":[{"name":"wp","href":"https:\/\/api.w.org\/{rel}","templated":true}]}}