{"id":26540,"date":"2024-02-13T18:33:11","date_gmt":"2024-02-13T17:33:11","guid":{"rendered":"https:\/\/truusk.store\/product\/akande-fordon-akande-bil-baby-akande-barnbil-licensierad-av-mercedes-antos-lastbil-stil-med-ljus-for-barn-fran-12-till-36-manader-metall-pp-plast-vit-svart-625x285x45cm\/"},"modified":"2026-03-12T09:06:37","modified_gmt":"2026-03-12T08:06:37","slug":"truusk-licensierad-mercedes-lastbilsbil-for-barn-med-ljus-metall-och-pp-plast-vit-svart-625x285x45cm","status":"publish","type":"product","link":"https:\/\/truusk.store\/sv\/produkt\/truusk-licensierad-mercedes-lastbilsbil-for-barn-med-ljus-metall-och-pp-plast-vit-svart-625x285x45cm\/","title":{"rendered":"TRUUSK Licensierad Mercedes Lastbilsbil f\u00f6r Barn &#8211; Med Ljus &#8211; Metall och PP Plast &#8211; Vit\/Svart &#8211; 62,5&#215;28,5x45cm"},"content":{"rendered":"<p>V\u00e5r leksaksbil har ett brett s\u00e4te, ett horn, f\u00f6rvaring under s\u00e4tet och ett h\u00f6gt ryggst\u00f6d f\u00f6r att st\u00f6dja barn och uppmuntra dem att springa. Ryggst\u00f6det fungerar ocks\u00e5 som ett handtag och l\u00e5ter dig pusha barnen &#8211; f\u00f6r timmars aktivitet med barnet.<\/p>\n<h3>Beskrivning:<\/h3>\n<ul>\n<li>Officiellt licensierad av Mercedes<\/li>\n<li>3-i-1-design av en fot-till-mark-rullator, en pusher och en walk-on<\/li>\n<li>R\u00f6rlig ratt, ett horn med ljudeffekter och 2 str\u00e5lkastare ger en realistisk och rolig k\u00e4nsla<\/li>\n<li>Uppmuntrar sm\u00e5barn att tr\u00e4na och springa samtidigt som de har roligt<\/li>\n<li>Antispinnbroms, fyra sl\u00e4ta hjul och h\u00f6gt ryggst\u00f6d f\u00f6r s\u00e4kerhet vid anv\u00e4ndning<\/li>\n<li>F\u00f6rvaringsutrymme under s\u00e4tet f\u00f6r s\u00e4ker f\u00f6rvaring av leksaker under k\u00f6rning<\/li>\n<li>Den drivs inte elektriskt, utan snarare genom att trycka p\u00e5 tv\u00e5 ben. Denna push-bil kr\u00e4ver 2 AA-batterier<\/li>\n<li>F\u00f6r att minska risken f\u00f6r skador kr\u00e4vs tillsyn av vuxen. Anv\u00e4nd aldrig p\u00e5 v\u00e4gar, n\u00e4ra motorfordon, p\u00e5 eller n\u00e4ra branta sluttningar eller trappor, simbass\u00e4nger eller andra vattendrag<\/li>\n<\/ul>\n<h3>Teknisk data:<\/h3>\n<ul>\n<li>F\u00e4rg: Vit+svart<\/li>\n<li>Material: metall, PP-plast<\/li>\n<li>Totalstorlek: 62,5L x 28,5W x 45H cm<\/li>\n<li>Sitsstorlek: 28L x 17D x 28H (fr\u00e5n golv) cm<\/li>\n<li>Storlek p\u00e5 f\u00f6rvaringsutrymme under sitsen: 24L x 15,8W x 18H cm<\/li>\n<li>L\u00e4mplig f\u00f6r barn i \u00e5ldrarna 12 till 36 m\u00e5nader<\/li>\n<li>PP plasthjul: 13cm<\/li>\n<li>Lastkapacitet: 25 kg<\/li>\n<li>Montering kr\u00e4vs<\/li>\n<\/ul>\n<h3>Leveransens omfattning:<\/h3>\n<ul>\n<li>1 x barnbil<\/li>\n<li>1 x bruksanvisning<\/li>\n<\/ul>\n","protected":false},"excerpt":{"rendered":"<p>V\u00e5r leksaksbil har ett brett s\u00e4te, ett horn, f\u00f6rvaring under s\u00e4tet och ett h\u00f6gt ryggst\u00f6d f\u00f6r att st\u00f6dja barn och&#8230;<\/p>\n","protected":false},"featured_media":26541,"template":"","meta":[],"product_brand":[],"product_cat":[609,613,610],"product_tag":[],"class_list":{"0":"post-26540","1":"product","2":"type-product","3":"status-publish","4":"has-post-thumbnail","6":"product_cat-baby-barn","7":"product_cat-balansera-cyklar-och-akande","8":"product_cat-barnfordon","10":"first","11":"instock","12":"sale","13":"taxable","14":"shipping-taxable","15":"purchasable","16":"product-type-simple"},"yoast_head":"<!-- This site is optimized with the Yoast SEO plugin v25.4 - https:\/\/yoast.com\/wordpress\/plugins\/seo\/ -->\n<title>TRUUSK Licensierad Mercedes Lastbilsbil f\u00f6r Barn - Med Ljus - Metall och PP Plast - Vit\/Svart - 62,5x28,5x45cm - TRUUSK - Hem, Tr\u00e4dg\u00e5rd &amp; Fritid<\/title>\n<meta name=\"robots\" content=\"index, follow, max-snippet:-1, max-image-preview:large, max-video-preview:-1\" \/>\n<link rel=\"canonical\" href=\"https:\/\/truusk.store\/sv\/produkt\/truusk-licensierad-mercedes-lastbilsbil-for-barn-med-ljus-metall-och-pp-plast-vit-svart-625x285x45cm\/\" \/>\n<meta property=\"og:locale\" content=\"sv_SE\" \/>\n<meta property=\"og:type\" content=\"article\" \/>\n<meta property=\"og:title\" content=\"TRUUSK Licensierad Mercedes Lastbilsbil f\u00f6r Barn - Med Ljus - Metall och PP Plast - Vit\/Svart - 62,5x28,5x45cm - TRUUSK - Hem, Tr\u00e4dg\u00e5rd &amp; Fritid\" \/>\n<meta property=\"og:description\" content=\"V\u00e5r leksaksbil har ett brett s\u00e4te, ett horn, f\u00f6rvaring under s\u00e4tet och ett h\u00f6gt ryggst\u00f6d f\u00f6r att st\u00f6dja barn och...\" \/>\n<meta property=\"og:url\" content=\"https:\/\/truusk.store\/sv\/produkt\/truusk-licensierad-mercedes-lastbilsbil-for-barn-med-ljus-metall-och-pp-plast-vit-svart-625x285x45cm\/\" \/>\n<meta property=\"og:site_name\" content=\"TRUUSK - Hem, Tr\u00e4dg\u00e5rd &amp; Fritid\" \/>\n<meta property=\"article:modified_time\" content=\"2026-03-12T08:06:37+00:00\" \/>\n<meta property=\"og:image\" content=\"https:\/\/i0.wp.com\/truusk.se\/wp-content\/uploads\/2024\/02\/akande-fordon-akande-bil-baby-akande-barnbil-licensierad-av-mercedes-antos-lastbil-stil-med-ljus-for-barn-fran-12-till-36-manader-metall-pp-plast-vit-svart-625x285x45cm.webp?fit=800%2C800&ssl=1\" \/>\n\t<meta property=\"og:image:width\" content=\"800\" \/>\n\t<meta property=\"og:image:height\" content=\"800\" \/>\n\t<meta property=\"og:image:type\" content=\"image\/webp\" \/>\n<meta name=\"twitter:card\" content=\"summary_large_image\" \/>\n<meta name=\"twitter:label1\" content=\"Ber\u00e4knad l\u00e4stid\" \/>\n\t<meta name=\"twitter:data1\" content=\"1 minut\" \/>\n<!-- \/ Yoast SEO plugin. -->","yoast_head_json":{"title":"TRUUSK Licensierad Mercedes Lastbilsbil f\u00f6r Barn - Med Ljus - Metall och PP Plast - Vit\/Svart - 62,5x28,5x45cm - TRUUSK - Hem, Tr\u00e4dg\u00e5rd &amp; Fritid","robots":{"index":"index","follow":"follow","max-snippet":"max-snippet:-1","max-image-preview":"max-image-preview:large","max-video-preview":"max-video-preview:-1"},"canonical":"https:\/\/truusk.store\/sv\/produkt\/truusk-licensierad-mercedes-lastbilsbil-for-barn-med-ljus-metall-och-pp-plast-vit-svart-625x285x45cm\/","og_locale":"sv_SE","og_type":"article","og_title":"TRUUSK Licensierad Mercedes Lastbilsbil f\u00f6r Barn - Med Ljus - Metall och PP Plast - Vit\/Svart - 62,5x28,5x45cm - TRUUSK - Hem, Tr\u00e4dg\u00e5rd &amp; Fritid","og_description":"V\u00e5r leksaksbil har ett brett s\u00e4te, ett horn, f\u00f6rvaring under s\u00e4tet och ett h\u00f6gt ryggst\u00f6d f\u00f6r att st\u00f6dja barn och...","og_url":"https:\/\/truusk.store\/sv\/produkt\/truusk-licensierad-mercedes-lastbilsbil-for-barn-med-ljus-metall-och-pp-plast-vit-svart-625x285x45cm\/","og_site_name":"TRUUSK - Hem, Tr\u00e4dg\u00e5rd &amp; Fritid","article_modified_time":"2026-03-12T08:06:37+00:00","og_image":[{"width":800,"height":800,"url":"https:\/\/i0.wp.com\/truusk.se\/wp-content\/uploads\/2024\/02\/akande-fordon-akande-bil-baby-akande-barnbil-licensierad-av-mercedes-antos-lastbil-stil-med-ljus-for-barn-fran-12-till-36-manader-metall-pp-plast-vit-svart-625x285x45cm.webp?fit=800%2C800&ssl=1","type":"image\/webp"}],"twitter_card":"summary_large_image","twitter_misc":{"Ber\u00e4knad l\u00e4stid":"1 minut"},"schema":{"@context":"https:\/\/schema.org","@graph":[{"@type":"WebPage","@id":"https:\/\/truusk.store\/sv\/produkt\/truusk-licensierad-mercedes-lastbilsbil-for-barn-med-ljus-metall-och-pp-plast-vit-svart-625x285x45cm\/","url":"https:\/\/truusk.store\/sv\/produkt\/truusk-licensierad-mercedes-lastbilsbil-for-barn-med-ljus-metall-och-pp-plast-vit-svart-625x285x45cm\/","name":"TRUUSK Licensierad Mercedes Lastbilsbil f\u00f6r Barn - Med Ljus - Metall och PP Plast - Vit\/Svart - 62,5x28,5x45cm - TRUUSK - Hem, Tr\u00e4dg\u00e5rd &amp; Fritid","isPartOf":{"@id":"https:\/\/truusk.store\/sv\/#website"},"primaryImageOfPage":{"@id":"https:\/\/truusk.store\/sv\/produkt\/truusk-licensierad-mercedes-lastbilsbil-for-barn-med-ljus-metall-och-pp-plast-vit-svart-625x285x45cm\/#primaryimage"},"image":{"@id":"https:\/\/truusk.store\/sv\/produkt\/truusk-licensierad-mercedes-lastbilsbil-for-barn-med-ljus-metall-och-pp-plast-vit-svart-625x285x45cm\/#primaryimage"},"thumbnailUrl":"https:\/\/i0.wp.com\/truusk.store\/wp-content\/uploads\/2024\/02\/akande-fordon-akande-bil-baby-akande-barnbil-licensierad-av-mercedes-antos-lastbil-stil-med-ljus-for-barn-fran-12-till-36-manader-metall-pp-plast-vit-svart-625x285x45cm.webp?fit=800%2C800&ssl=1","datePublished":"2024-02-13T17:33:11+00:00","dateModified":"2026-03-12T08:06:37+00:00","breadcrumb":{"@id":"https:\/\/truusk.store\/sv\/produkt\/truusk-licensierad-mercedes-lastbilsbil-for-barn-med-ljus-metall-och-pp-plast-vit-svart-625x285x45cm\/#breadcrumb"},"inLanguage":"sv-SE","potentialAction":[{"@type":"ReadAction","target":["https:\/\/truusk.store\/sv\/produkt\/truusk-licensierad-mercedes-lastbilsbil-for-barn-med-ljus-metall-och-pp-plast-vit-svart-625x285x45cm\/"]}]},{"@type":"ImageObject","inLanguage":"sv-SE","@id":"https:\/\/truusk.store\/sv\/produkt\/truusk-licensierad-mercedes-lastbilsbil-for-barn-med-ljus-metall-och-pp-plast-vit-svart-625x285x45cm\/#primaryimage","url":"https:\/\/i0.wp.com\/truusk.store\/wp-content\/uploads\/2024\/02\/akande-fordon-akande-bil-baby-akande-barnbil-licensierad-av-mercedes-antos-lastbil-stil-med-ljus-for-barn-fran-12-till-36-manader-metall-pp-plast-vit-svart-625x285x45cm.webp?fit=800%2C800&ssl=1","contentUrl":"https:\/\/i0.wp.com\/truusk.store\/wp-content\/uploads\/2024\/02\/akande-fordon-akande-bil-baby-akande-barnbil-licensierad-av-mercedes-antos-lastbil-stil-med-ljus-for-barn-fran-12-till-36-manader-metall-pp-plast-vit-svart-625x285x45cm.webp?fit=800%2C800&ssl=1","width":800,"height":800,"caption":"\u00c5kande Fordon \u00e5kande Bil Baby \u00e5kande Barnbil Licensierad Av Mercedes ANTOS Lastbil Stil Med Ljus F\u00f6r Barn Fr\u00e5n 12 Till 36 M\u00e5nader Metall PP Plast Vit + Svart 62,5x28,5x45cm 1"},{"@type":"BreadcrumbList","@id":"https:\/\/truusk.store\/sv\/produkt\/truusk-licensierad-mercedes-lastbilsbil-for-barn-med-ljus-metall-och-pp-plast-vit-svart-625x285x45cm\/#breadcrumb","itemListElement":[{"@type":"ListItem","position":1,"name":"Home","item":"https:\/\/truusk.store\/sv\/"},{"@type":"ListItem","position":2,"name":"Shop","item":"https:\/\/truusk.store\/shop\/"},{"@type":"ListItem","position":3,"name":"TRUUSK Licensierad Mercedes Lastbilsbil f\u00f6r Barn &#8211; Med Ljus &#8211; Metall och PP Plast &#8211; Vit\/Svart &#8211; 62,5&#215;28,5x45cm"}]},{"@type":"WebSite","@id":"https:\/\/truusk.store\/sv\/#website","url":"https:\/\/truusk.store\/sv\/","name":"TRUUSK - Hem, Tr\u00e4dg\u00e5rd & Fritid","description":"","publisher":{"@id":"https:\/\/truusk.store\/sv\/#organization"},"potentialAction":[{"@type":"SearchAction","target":{"@type":"EntryPoint","urlTemplate":"https:\/\/truusk.store\/sv\/?s={search_term_string}"},"query-input":{"@type":"PropertyValueSpecification","valueRequired":true,"valueName":"search_term_string"}}],"inLanguage":"sv-SE"},{"@type":"Organization","@id":"https:\/\/truusk.store\/sv\/#organization","name":"TRUUSK - Hem, Tr\u00e4dg\u00e5rd & Fritid","url":"https:\/\/truusk.store\/sv\/","logo":{"@type":"ImageObject","inLanguage":"sv-SE","@id":"https:\/\/truusk.store\/sv\/#\/schema\/logo\/image\/","url":"https:\/\/i0.wp.com\/truusk.store\/wp-content\/uploads\/2026\/03\/cropped-TRUUSK.png?fit=2032%2C917&ssl=1","contentUrl":"https:\/\/i0.wp.com\/truusk.store\/wp-content\/uploads\/2026\/03\/cropped-TRUUSK.png?fit=2032%2C917&ssl=1","width":2032,"height":917,"caption":"TRUUSK - Hem, Tr\u00e4dg\u00e5rd & Fritid"},"image":{"@id":"https:\/\/truusk.store\/sv\/#\/schema\/logo\/image\/"}}]}},"jetpack_sharing_enabled":true,"_links":{"self":[{"href":"https:\/\/truusk.store\/sv\/wp-json\/wp\/v2\/product\/26540","targetHints":{"allow":["GET"]}}],"collection":[{"href":"https:\/\/truusk.store\/sv\/wp-json\/wp\/v2\/product"}],"about":[{"href":"https:\/\/truusk.store\/sv\/wp-json\/wp\/v2\/types\/product"}],"wp:featuredmedia":[{"embeddable":true,"href":"https:\/\/truusk.store\/sv\/wp-json\/wp\/v2\/media\/26541"}],"wp:attachment":[{"href":"https:\/\/truusk.store\/sv\/wp-json\/wp\/v2\/media?parent=26540"}],"wp:term":[{"taxonomy":"product_brand","embeddable":true,"href":"https:\/\/truusk.store\/sv\/wp-json\/wp\/v2\/product_brand?post=26540"},{"taxonomy":"product_cat","embeddable":true,"href":"https:\/\/truusk.store\/sv\/wp-json\/wp\/v2\/product_cat?post=26540"},{"taxonomy":"product_tag","embeddable":true,"href":"https:\/\/truusk.store\/sv\/wp-json\/wp\/v2\/product_tag?post=26540"}],"curies":[{"name":"wp","href":"https:\/\/api.w.org\/{rel}","templated":true}]}}