{"id":26580,"date":"2024-02-13T18:34:35","date_gmt":"2024-02-13T17:34:35","guid":{"rendered":"https:\/\/truusk.store\/product\/basketstativ-hojdjusterbart-basketsystem-for-barn-basketkorg-med-hjul-utomhusstal-pvc-hdpe-svart-83-x-75-x-206-260cm\/"},"modified":"2026-03-12T09:06:37","modified_gmt":"2026-03-12T08:06:37","slug":"truusk-justerbart-basketstativ-for-barn-med-hjul-svart-83-x-75-x-206-260-cm-stal-pvc-hdpe","status":"publish","type":"product","link":"https:\/\/truusk.store\/sv\/produkt\/truusk-justerbart-basketstativ-for-barn-med-hjul-svart-83-x-75-x-206-260-cm-stal-pvc-hdpe\/","title":{"rendered":"TRUUSK Justerbart Basketstativ f\u00f6r Barn &#8211; Med Hjul &#8211; Svart &#8211; 83 x 75 x 206-260 cm &#8211; St\u00e5l\/PVC\/HDPE"},"content":{"rendered":"<p>V\u00e5rt basketst\u00e4ll \u00e4r tillverkat av h\u00f6gkvalitativt st\u00e5l som t\u00e5l h\u00e5rt v\u00e4der. Detta basketstativ kan justeras i h\u00f6jdled och h\u00e5ller i flera \u00e5r. En fantastisk leksak att f\u00f6lja med dina barn och ge hela familjen roligt att spela basket. Sj\u00e4lva basen \u00e4r slitstark och kan fyllas med vatten eller sand f\u00f6r st\u00f6rre stabilitet.<\/p>\n<h3>Beskrivning:<\/h3>\n<ul>\n<li>Basen kan fyllas med 35 kg vatten, 40 kg eller max 45 kg vatten och sand f\u00f6r b\u00e4ttre stabilitet<\/li>\n<li>Sockel utrustad med 2 hjul f\u00f6r enkel f\u00f6rflyttning<\/li>\n<li>Kan anv\u00e4ndas b\u00e5de inomhus och utomhus<\/li>\n<li>Kanten \u00e4r f\u00f6rsedd med nylonn\u00e4t och transparent PVC-panel f\u00f6r att st\u00e5 emot h\u00e5rt v\u00e4der och m\u00f6jligg\u00f6ra l\u00e5ngvarig anv\u00e4ndning<\/li>\n<li>Justerbar h\u00f6jd p\u00e5 basketkorgen, l\u00e4mplig f\u00f6r barn<\/li>\n<li>Certifiering: EN 1270<\/li>\n<\/ul>\n<h3>Teknisk data:<\/h3>\n<ul>\n<li>Svart f\u00e4rg<\/li>\n<li>Material: st\u00e5l, PVC, HDPE<\/li>\n<li>Hjulstorlek: 9 cm<\/li>\n<li>Bakgrundsm\u00e5tt: 83W x 55D cm<\/li>\n<li>Justerbar h\u00f6jd: 206-260cm<\/li>\n<li>Basketkorgs h\u00f6jd: 156-210 cm<\/li>\n<li>Basstorlek: 75W x 45D x 13H cm<\/li>\n<\/ul>\n<h3>Leveransens omfattning:<\/h3>\n<ul>\n<li>1 x basketst\u00e4ll<\/li>\n<li>1 x Instruktioner<\/li>\n<\/ul>\n","protected":false},"excerpt":{"rendered":"<p>V\u00e5rt basketst\u00e4ll \u00e4r tillverkat av h\u00f6gkvalitativt st\u00e5l som t\u00e5l h\u00e5rt v\u00e4der. Detta basketstativ kan justeras i h\u00f6jdled och h\u00e5ller i&#8230;<\/p>\n","protected":false},"featured_media":26581,"template":"","meta":[],"product_brand":[],"product_cat":[609,617,738,616],"product_tag":[],"class_list":{"0":"post-26580","1":"product","2":"type-product","3":"status-publish","4":"has-post-thumbnail","6":"product_cat-baby-barn","7":"product_cat-barnidrott","8":"product_cat-basketstallning","9":"product_cat-utomhusleksaker","11":"first","12":"instock","13":"sale","14":"taxable","15":"shipping-taxable","16":"purchasable","17":"product-type-simple"},"yoast_head":"<!-- This site is optimized with the Yoast SEO plugin v25.4 - https:\/\/yoast.com\/wordpress\/plugins\/seo\/ -->\n<title>TRUUSK Justerbart Basketstativ f\u00f6r Barn - Med Hjul - Svart - 83 x 75 x 206-260 cm - St\u00e5l\/PVC\/HDPE - TRUUSK - Hem, Tr\u00e4dg\u00e5rd &amp; Fritid<\/title>\n<meta name=\"robots\" content=\"index, follow, max-snippet:-1, max-image-preview:large, max-video-preview:-1\" \/>\n<link rel=\"canonical\" href=\"https:\/\/truusk.store\/sv\/produkt\/truusk-justerbart-basketstativ-for-barn-med-hjul-svart-83-x-75-x-206-260-cm-stal-pvc-hdpe\/\" \/>\n<meta property=\"og:locale\" content=\"sv_SE\" \/>\n<meta property=\"og:type\" content=\"article\" \/>\n<meta property=\"og:title\" content=\"TRUUSK Justerbart Basketstativ f\u00f6r Barn - Med Hjul - Svart - 83 x 75 x 206-260 cm - St\u00e5l\/PVC\/HDPE - TRUUSK - Hem, Tr\u00e4dg\u00e5rd &amp; Fritid\" \/>\n<meta property=\"og:description\" content=\"V\u00e5rt basketst\u00e4ll \u00e4r tillverkat av h\u00f6gkvalitativt st\u00e5l som t\u00e5l h\u00e5rt v\u00e4der. Detta basketstativ kan justeras i h\u00f6jdled och h\u00e5ller i...\" \/>\n<meta property=\"og:url\" content=\"https:\/\/truusk.store\/sv\/produkt\/truusk-justerbart-basketstativ-for-barn-med-hjul-svart-83-x-75-x-206-260-cm-stal-pvc-hdpe\/\" \/>\n<meta property=\"og:site_name\" content=\"TRUUSK - Hem, Tr\u00e4dg\u00e5rd &amp; Fritid\" \/>\n<meta property=\"article:modified_time\" content=\"2026-03-12T08:06:37+00:00\" \/>\n<meta property=\"og:image\" content=\"https:\/\/i0.wp.com\/truusk.se\/wp-content\/uploads\/2024\/02\/basketstativ-hojdjusterbart-basketsystem-for-barn-basketkorg-med-hjul-utomhusstal-pvc-hdpe-svart-83-x-75-x-206-260cm.webp?fit=800%2C800&ssl=1\" \/>\n\t<meta property=\"og:image:width\" content=\"800\" \/>\n\t<meta property=\"og:image:height\" content=\"800\" \/>\n\t<meta property=\"og:image:type\" content=\"image\/webp\" \/>\n<meta name=\"twitter:card\" content=\"summary_large_image\" \/>\n<meta name=\"twitter:label1\" content=\"Ber\u00e4knad l\u00e4stid\" \/>\n\t<meta name=\"twitter:data1\" content=\"1 minut\" \/>\n<!-- \/ Yoast SEO plugin. -->","yoast_head_json":{"title":"TRUUSK Justerbart Basketstativ f\u00f6r Barn - Med Hjul - Svart - 83 x 75 x 206-260 cm - St\u00e5l\/PVC\/HDPE - TRUUSK - Hem, Tr\u00e4dg\u00e5rd &amp; Fritid","robots":{"index":"index","follow":"follow","max-snippet":"max-snippet:-1","max-image-preview":"max-image-preview:large","max-video-preview":"max-video-preview:-1"},"canonical":"https:\/\/truusk.store\/sv\/produkt\/truusk-justerbart-basketstativ-for-barn-med-hjul-svart-83-x-75-x-206-260-cm-stal-pvc-hdpe\/","og_locale":"sv_SE","og_type":"article","og_title":"TRUUSK Justerbart Basketstativ f\u00f6r Barn - Med Hjul - Svart - 83 x 75 x 206-260 cm - St\u00e5l\/PVC\/HDPE - TRUUSK - Hem, Tr\u00e4dg\u00e5rd &amp; Fritid","og_description":"V\u00e5rt basketst\u00e4ll \u00e4r tillverkat av h\u00f6gkvalitativt st\u00e5l som t\u00e5l h\u00e5rt v\u00e4der. Detta basketstativ kan justeras i h\u00f6jdled och h\u00e5ller i...","og_url":"https:\/\/truusk.store\/sv\/produkt\/truusk-justerbart-basketstativ-for-barn-med-hjul-svart-83-x-75-x-206-260-cm-stal-pvc-hdpe\/","og_site_name":"TRUUSK - Hem, Tr\u00e4dg\u00e5rd &amp; Fritid","article_modified_time":"2026-03-12T08:06:37+00:00","og_image":[{"width":800,"height":800,"url":"https:\/\/i0.wp.com\/truusk.se\/wp-content\/uploads\/2024\/02\/basketstativ-hojdjusterbart-basketsystem-for-barn-basketkorg-med-hjul-utomhusstal-pvc-hdpe-svart-83-x-75-x-206-260cm.webp?fit=800%2C800&ssl=1","type":"image\/webp"}],"twitter_card":"summary_large_image","twitter_misc":{"Ber\u00e4knad l\u00e4stid":"1 minut"},"schema":{"@context":"https:\/\/schema.org","@graph":[{"@type":"WebPage","@id":"https:\/\/truusk.store\/sv\/produkt\/truusk-justerbart-basketstativ-for-barn-med-hjul-svart-83-x-75-x-206-260-cm-stal-pvc-hdpe\/","url":"https:\/\/truusk.store\/sv\/produkt\/truusk-justerbart-basketstativ-for-barn-med-hjul-svart-83-x-75-x-206-260-cm-stal-pvc-hdpe\/","name":"TRUUSK Justerbart Basketstativ f\u00f6r Barn - Med Hjul - Svart - 83 x 75 x 206-260 cm - St\u00e5l\/PVC\/HDPE - TRUUSK - Hem, Tr\u00e4dg\u00e5rd &amp; Fritid","isPartOf":{"@id":"https:\/\/truusk.store\/sv\/#website"},"primaryImageOfPage":{"@id":"https:\/\/truusk.store\/sv\/produkt\/truusk-justerbart-basketstativ-for-barn-med-hjul-svart-83-x-75-x-206-260-cm-stal-pvc-hdpe\/#primaryimage"},"image":{"@id":"https:\/\/truusk.store\/sv\/produkt\/truusk-justerbart-basketstativ-for-barn-med-hjul-svart-83-x-75-x-206-260-cm-stal-pvc-hdpe\/#primaryimage"},"thumbnailUrl":"https:\/\/i0.wp.com\/truusk.store\/wp-content\/uploads\/2024\/02\/basketstativ-hojdjusterbart-basketsystem-for-barn-basketkorg-med-hjul-utomhusstal-pvc-hdpe-svart-83-x-75-x-206-260cm.webp?fit=800%2C800&ssl=1","datePublished":"2024-02-13T17:34:35+00:00","dateModified":"2026-03-12T08:06:37+00:00","breadcrumb":{"@id":"https:\/\/truusk.store\/sv\/produkt\/truusk-justerbart-basketstativ-for-barn-med-hjul-svart-83-x-75-x-206-260-cm-stal-pvc-hdpe\/#breadcrumb"},"inLanguage":"sv-SE","potentialAction":[{"@type":"ReadAction","target":["https:\/\/truusk.store\/sv\/produkt\/truusk-justerbart-basketstativ-for-barn-med-hjul-svart-83-x-75-x-206-260-cm-stal-pvc-hdpe\/"]}]},{"@type":"ImageObject","inLanguage":"sv-SE","@id":"https:\/\/truusk.store\/sv\/produkt\/truusk-justerbart-basketstativ-for-barn-med-hjul-svart-83-x-75-x-206-260-cm-stal-pvc-hdpe\/#primaryimage","url":"https:\/\/i0.wp.com\/truusk.store\/wp-content\/uploads\/2024\/02\/basketstativ-hojdjusterbart-basketsystem-for-barn-basketkorg-med-hjul-utomhusstal-pvc-hdpe-svart-83-x-75-x-206-260cm.webp?fit=800%2C800&ssl=1","contentUrl":"https:\/\/i0.wp.com\/truusk.store\/wp-content\/uploads\/2024\/02\/basketstativ-hojdjusterbart-basketsystem-for-barn-basketkorg-med-hjul-utomhusstal-pvc-hdpe-svart-83-x-75-x-206-260cm.webp?fit=800%2C800&ssl=1","width":800,"height":800,"caption":"Basketstativ H\u00f6jdjusterbart Basketsystem F\u00f6r Barn Basketkorg Med Hjul Utomhusst\u00e5l PVC HDPE Svart 83 X 75 X 206-260cm 1"},{"@type":"BreadcrumbList","@id":"https:\/\/truusk.store\/sv\/produkt\/truusk-justerbart-basketstativ-for-barn-med-hjul-svart-83-x-75-x-206-260-cm-stal-pvc-hdpe\/#breadcrumb","itemListElement":[{"@type":"ListItem","position":1,"name":"Home","item":"https:\/\/truusk.store\/sv\/"},{"@type":"ListItem","position":2,"name":"Shop","item":"https:\/\/truusk.store\/shop\/"},{"@type":"ListItem","position":3,"name":"TRUUSK Justerbart Basketstativ f\u00f6r Barn &#8211; Med Hjul &#8211; Svart &#8211; 83 x 75 x 206-260 cm &#8211; St\u00e5l\/PVC\/HDPE"}]},{"@type":"WebSite","@id":"https:\/\/truusk.store\/sv\/#website","url":"https:\/\/truusk.store\/sv\/","name":"TRUUSK - Hem, Tr\u00e4dg\u00e5rd & Fritid","description":"","publisher":{"@id":"https:\/\/truusk.store\/sv\/#organization"},"potentialAction":[{"@type":"SearchAction","target":{"@type":"EntryPoint","urlTemplate":"https:\/\/truusk.store\/sv\/?s={search_term_string}"},"query-input":{"@type":"PropertyValueSpecification","valueRequired":true,"valueName":"search_term_string"}}],"inLanguage":"sv-SE"},{"@type":"Organization","@id":"https:\/\/truusk.store\/sv\/#organization","name":"TRUUSK - Hem, Tr\u00e4dg\u00e5rd & Fritid","url":"https:\/\/truusk.store\/sv\/","logo":{"@type":"ImageObject","inLanguage":"sv-SE","@id":"https:\/\/truusk.store\/sv\/#\/schema\/logo\/image\/","url":"https:\/\/i0.wp.com\/truusk.store\/wp-content\/uploads\/2026\/03\/cropped-TRUUSK.png?fit=2032%2C917&ssl=1","contentUrl":"https:\/\/i0.wp.com\/truusk.store\/wp-content\/uploads\/2026\/03\/cropped-TRUUSK.png?fit=2032%2C917&ssl=1","width":2032,"height":917,"caption":"TRUUSK - Hem, Tr\u00e4dg\u00e5rd & Fritid"},"image":{"@id":"https:\/\/truusk.store\/sv\/#\/schema\/logo\/image\/"}}]}},"jetpack_sharing_enabled":true,"_links":{"self":[{"href":"https:\/\/truusk.store\/sv\/wp-json\/wp\/v2\/product\/26580","targetHints":{"allow":["GET"]}}],"collection":[{"href":"https:\/\/truusk.store\/sv\/wp-json\/wp\/v2\/product"}],"about":[{"href":"https:\/\/truusk.store\/sv\/wp-json\/wp\/v2\/types\/product"}],"wp:featuredmedia":[{"embeddable":true,"href":"https:\/\/truusk.store\/sv\/wp-json\/wp\/v2\/media\/26581"}],"wp:attachment":[{"href":"https:\/\/truusk.store\/sv\/wp-json\/wp\/v2\/media?parent=26580"}],"wp:term":[{"taxonomy":"product_brand","embeddable":true,"href":"https:\/\/truusk.store\/sv\/wp-json\/wp\/v2\/product_brand?post=26580"},{"taxonomy":"product_cat","embeddable":true,"href":"https:\/\/truusk.store\/sv\/wp-json\/wp\/v2\/product_cat?post=26580"},{"taxonomy":"product_tag","embeddable":true,"href":"https:\/\/truusk.store\/sv\/wp-json\/wp\/v2\/product_tag?post=26580"}],"curies":[{"name":"wp","href":"https:\/\/api.w.org\/{rel}","templated":true}]}}