{"id":26705,"date":"2024-02-13T18:38:28","date_gmt":"2024-02-13T17:38:28","guid":{"rendered":"https:\/\/truusk.store\/product\/rullbehallare-arkivskap-mellanvagg-centrallasbar-stalhus-5-hjul-vit-39-x-48-x-67-cm\/"},"modified":"2026-03-12T09:06:38","modified_gmt":"2026-03-12T08:06:38","slug":"truusk-rullbehallare-med-mellanvagg-centrallasbar-stalhus-5-hjul-vit-39-x-48-x-67-cm","status":"publish","type":"product","link":"https:\/\/truusk.store\/sv\/produkt\/truusk-rullbehallare-med-mellanvagg-centrallasbar-stalhus-5-hjul-vit-39-x-48-x-67-cm\/","title":{"rendered":"TRUUSK Rullbeh\u00e5llare med Mellanv\u00e4gg &#8211; Centrall\u00e5sbar &#8211; St\u00e5lhus &#8211; 5 Hjul &#8211; Vit &#8211; 39 x 48 x 67 cm"},"content":{"rendered":"<p>H\u00e5ll ordning p\u00e5 ditt kontor, arbetsrum eller hobbyrum med arkivsk\u00e5pet. Denna rullande beh\u00e5llare erbjuder idealiska f\u00f6rvaringsm\u00f6jligheter f\u00f6r att h\u00e4nga filer, papper och dokument i A4-format med sina 2 rymliga l\u00e5dor. Tack vare de 5 universalhjulen, varav 2 \u00e4r utrustade med bromsar, kan sk\u00e5pet flyttas utan anstr\u00e4ngning. Centrall\u00e5ssystemet s\u00e4krar alla l\u00e5dor med ett enda vrid p\u00e5 nyckeln. Perfekt f\u00f6r en organiserad arbetsmilj\u00f6.<\/p>\n<h3>Beskrivning:<\/h3>\n<ul>\n<li>Idealisk f\u00f6rvaringsl\u00f6sning f\u00f6r att h\u00e5lla ordning p\u00e5 ditt kontor, arbetsrum eller hemmakontor<\/li>\n<li>2 l\u00e5dor av den rullande beh\u00e5llaren \u00e4r designade f\u00f6r mappar, papper och filer i A4-format<\/li>\n<li>En avtagbar avdelare f\u00f6rhindrar att filerna glider och kan \u00e4ven anv\u00e4ndas f\u00f6r att separera dokument<\/li>\n<li>5 universalhjul p\u00e5 rullsk\u00e5pet till\u00e5ter fri r\u00f6relse, varav 2 \u00e4r utrustade med bromsar f\u00f6r s\u00e4kerhet<\/li>\n<li>Ett extra hjul \u00e4r placerat under l\u00e5dan f\u00f6r att f\u00f6rhindra tippning<\/li>\n<li>Centrall\u00e5ssystem som l\u00e5ser alla l\u00e5dor med ett enda vrid p\u00e5 nyckeln<\/li>\n<li>Tillverkad av st\u00e5l f\u00f6r enkel reng\u00f6ring och l\u00e5ngvarig anv\u00e4ndning<\/li>\n<li>Det \u00e4r bara hjulen som beh\u00f6ver skruvas fast<\/li>\n<\/ul>\n<h3>Teknisk data:<\/h3>\n<ul>\n<li>F\u00e4rg vit<\/li>\n<li>Material: st\u00e5l<\/li>\n<li>\u00d6vergripande m\u00e5tt: 39W x 48D x 67H cm<\/li>\n<li>L\u00e5dans innerm\u00e5tt: 32W x 44,5D x 24H cm<\/li>\n<li>Lastkapacitet: 40 kg (totalt), 5 kg (l\u00e5da)<\/li>\n<\/ul>\n<h3>Leveransens omfattning:<\/h3>\n<ul>\n<li>1 x rullcontainer<\/li>\n<li>2 x nycklar<\/li>\n<li>1 x manuell<\/li>\n<\/ul>\n","protected":false},"excerpt":{"rendered":"<p>H\u00e5ll ordning p\u00e5 ditt kontor, arbetsrum eller hobbyrum med arkivsk\u00e5pet. Denna rullande beh\u00e5llare erbjuder idealiska f\u00f6rvaringsm\u00f6jligheter f\u00f6r att h\u00e4nga filer,&#8230;<\/p>\n","protected":false},"featured_media":26706,"template":"","meta":[],"product_brand":[],"product_cat":[533,485,528],"product_tag":[],"class_list":{"0":"post-26705","1":"product","2":"type-product","3":"status-publish","4":"has-post-thumbnail","6":"product_cat-arkivskap-rullcontainer","7":"product_cat-hus-bo","8":"product_cat-skap-byraer","10":"first","11":"instock","12":"sale","13":"taxable","14":"shipping-taxable","15":"purchasable","16":"product-type-simple"},"yoast_head":"<!-- This site is optimized with the Yoast SEO plugin v25.4 - https:\/\/yoast.com\/wordpress\/plugins\/seo\/ -->\n<title>TRUUSK Rullbeh\u00e5llare med Mellanv\u00e4gg - Centrall\u00e5sbar - St\u00e5lhus - 5 Hjul - Vit - 39 x 48 x 67 cm - TRUUSK - Hem, Tr\u00e4dg\u00e5rd &amp; Fritid<\/title>\n<meta name=\"robots\" content=\"index, follow, max-snippet:-1, max-image-preview:large, max-video-preview:-1\" \/>\n<link rel=\"canonical\" href=\"https:\/\/truusk.store\/sv\/produkt\/truusk-rullbehallare-med-mellanvagg-centrallasbar-stalhus-5-hjul-vit-39-x-48-x-67-cm\/\" \/>\n<meta property=\"og:locale\" content=\"sv_SE\" \/>\n<meta property=\"og:type\" content=\"article\" \/>\n<meta property=\"og:title\" content=\"TRUUSK Rullbeh\u00e5llare med Mellanv\u00e4gg - Centrall\u00e5sbar - St\u00e5lhus - 5 Hjul - Vit - 39 x 48 x 67 cm - TRUUSK - Hem, Tr\u00e4dg\u00e5rd &amp; Fritid\" \/>\n<meta property=\"og:description\" content=\"H\u00e5ll ordning p\u00e5 ditt kontor, arbetsrum eller hobbyrum med arkivsk\u00e5pet. Denna rullande beh\u00e5llare erbjuder idealiska f\u00f6rvaringsm\u00f6jligheter f\u00f6r att h\u00e4nga filer,...\" \/>\n<meta property=\"og:url\" content=\"https:\/\/truusk.store\/sv\/produkt\/truusk-rullbehallare-med-mellanvagg-centrallasbar-stalhus-5-hjul-vit-39-x-48-x-67-cm\/\" \/>\n<meta property=\"og:site_name\" content=\"TRUUSK - Hem, Tr\u00e4dg\u00e5rd &amp; Fritid\" \/>\n<meta property=\"article:modified_time\" content=\"2026-03-12T08:06:38+00:00\" \/>\n<meta property=\"og:image\" content=\"https:\/\/i0.wp.com\/truusk.se\/wp-content\/uploads\/2024\/02\/rullbehallare-arkivskap-mellanvagg-centrallasbar-stalhus-5-hjul-vit-39-x-48-x-67-cm.webp?fit=800%2C800&ssl=1\" \/>\n\t<meta property=\"og:image:width\" content=\"800\" \/>\n\t<meta property=\"og:image:height\" content=\"800\" \/>\n\t<meta property=\"og:image:type\" content=\"image\/webp\" \/>\n<meta name=\"twitter:card\" content=\"summary_large_image\" \/>\n<meta name=\"twitter:label1\" content=\"Ber\u00e4knad l\u00e4stid\" \/>\n\t<meta name=\"twitter:data1\" content=\"1 minut\" \/>\n<!-- \/ Yoast SEO plugin. -->","yoast_head_json":{"title":"TRUUSK Rullbeh\u00e5llare med Mellanv\u00e4gg - Centrall\u00e5sbar - St\u00e5lhus - 5 Hjul - Vit - 39 x 48 x 67 cm - TRUUSK - Hem, Tr\u00e4dg\u00e5rd &amp; Fritid","robots":{"index":"index","follow":"follow","max-snippet":"max-snippet:-1","max-image-preview":"max-image-preview:large","max-video-preview":"max-video-preview:-1"},"canonical":"https:\/\/truusk.store\/sv\/produkt\/truusk-rullbehallare-med-mellanvagg-centrallasbar-stalhus-5-hjul-vit-39-x-48-x-67-cm\/","og_locale":"sv_SE","og_type":"article","og_title":"TRUUSK Rullbeh\u00e5llare med Mellanv\u00e4gg - Centrall\u00e5sbar - St\u00e5lhus - 5 Hjul - Vit - 39 x 48 x 67 cm - TRUUSK - Hem, Tr\u00e4dg\u00e5rd &amp; Fritid","og_description":"H\u00e5ll ordning p\u00e5 ditt kontor, arbetsrum eller hobbyrum med arkivsk\u00e5pet. Denna rullande beh\u00e5llare erbjuder idealiska f\u00f6rvaringsm\u00f6jligheter f\u00f6r att h\u00e4nga filer,...","og_url":"https:\/\/truusk.store\/sv\/produkt\/truusk-rullbehallare-med-mellanvagg-centrallasbar-stalhus-5-hjul-vit-39-x-48-x-67-cm\/","og_site_name":"TRUUSK - Hem, Tr\u00e4dg\u00e5rd &amp; Fritid","article_modified_time":"2026-03-12T08:06:38+00:00","og_image":[{"width":800,"height":800,"url":"https:\/\/i0.wp.com\/truusk.se\/wp-content\/uploads\/2024\/02\/rullbehallare-arkivskap-mellanvagg-centrallasbar-stalhus-5-hjul-vit-39-x-48-x-67-cm.webp?fit=800%2C800&ssl=1","type":"image\/webp"}],"twitter_card":"summary_large_image","twitter_misc":{"Ber\u00e4knad l\u00e4stid":"1 minut"},"schema":{"@context":"https:\/\/schema.org","@graph":[{"@type":"WebPage","@id":"https:\/\/truusk.store\/sv\/produkt\/truusk-rullbehallare-med-mellanvagg-centrallasbar-stalhus-5-hjul-vit-39-x-48-x-67-cm\/","url":"https:\/\/truusk.store\/sv\/produkt\/truusk-rullbehallare-med-mellanvagg-centrallasbar-stalhus-5-hjul-vit-39-x-48-x-67-cm\/","name":"TRUUSK Rullbeh\u00e5llare med Mellanv\u00e4gg - Centrall\u00e5sbar - St\u00e5lhus - 5 Hjul - Vit - 39 x 48 x 67 cm - TRUUSK - Hem, Tr\u00e4dg\u00e5rd &amp; Fritid","isPartOf":{"@id":"https:\/\/truusk.store\/sv\/#website"},"primaryImageOfPage":{"@id":"https:\/\/truusk.store\/sv\/produkt\/truusk-rullbehallare-med-mellanvagg-centrallasbar-stalhus-5-hjul-vit-39-x-48-x-67-cm\/#primaryimage"},"image":{"@id":"https:\/\/truusk.store\/sv\/produkt\/truusk-rullbehallare-med-mellanvagg-centrallasbar-stalhus-5-hjul-vit-39-x-48-x-67-cm\/#primaryimage"},"thumbnailUrl":"https:\/\/i0.wp.com\/truusk.store\/wp-content\/uploads\/2024\/02\/rullbehallare-arkivskap-mellanvagg-centrallasbar-stalhus-5-hjul-vit-39-x-48-x-67-cm.webp?fit=800%2C800&ssl=1","datePublished":"2024-02-13T17:38:28+00:00","dateModified":"2026-03-12T08:06:38+00:00","breadcrumb":{"@id":"https:\/\/truusk.store\/sv\/produkt\/truusk-rullbehallare-med-mellanvagg-centrallasbar-stalhus-5-hjul-vit-39-x-48-x-67-cm\/#breadcrumb"},"inLanguage":"sv-SE","potentialAction":[{"@type":"ReadAction","target":["https:\/\/truusk.store\/sv\/produkt\/truusk-rullbehallare-med-mellanvagg-centrallasbar-stalhus-5-hjul-vit-39-x-48-x-67-cm\/"]}]},{"@type":"ImageObject","inLanguage":"sv-SE","@id":"https:\/\/truusk.store\/sv\/produkt\/truusk-rullbehallare-med-mellanvagg-centrallasbar-stalhus-5-hjul-vit-39-x-48-x-67-cm\/#primaryimage","url":"https:\/\/i0.wp.com\/truusk.store\/wp-content\/uploads\/2024\/02\/rullbehallare-arkivskap-mellanvagg-centrallasbar-stalhus-5-hjul-vit-39-x-48-x-67-cm.webp?fit=800%2C800&ssl=1","contentUrl":"https:\/\/i0.wp.com\/truusk.store\/wp-content\/uploads\/2024\/02\/rullbehallare-arkivskap-mellanvagg-centrallasbar-stalhus-5-hjul-vit-39-x-48-x-67-cm.webp?fit=800%2C800&ssl=1","width":800,"height":800,"caption":"Rullbeh\u00e5llare, Arkivsk\u00e5p, Mellanv\u00e4gg, Centrall\u00e5sbar, St\u00e5lhus, 5 Hjul, Vit, 39 X 48 X 67 Cm 1"},{"@type":"BreadcrumbList","@id":"https:\/\/truusk.store\/sv\/produkt\/truusk-rullbehallare-med-mellanvagg-centrallasbar-stalhus-5-hjul-vit-39-x-48-x-67-cm\/#breadcrumb","itemListElement":[{"@type":"ListItem","position":1,"name":"Home","item":"https:\/\/truusk.store\/sv\/"},{"@type":"ListItem","position":2,"name":"Shop","item":"https:\/\/truusk.store\/shop\/"},{"@type":"ListItem","position":3,"name":"TRUUSK Rullbeh\u00e5llare med Mellanv\u00e4gg &#8211; Centrall\u00e5sbar &#8211; St\u00e5lhus &#8211; 5 Hjul &#8211; Vit &#8211; 39 x 48 x 67 cm"}]},{"@type":"WebSite","@id":"https:\/\/truusk.store\/sv\/#website","url":"https:\/\/truusk.store\/sv\/","name":"TRUUSK - Hem, Tr\u00e4dg\u00e5rd & Fritid","description":"","publisher":{"@id":"https:\/\/truusk.store\/sv\/#organization"},"potentialAction":[{"@type":"SearchAction","target":{"@type":"EntryPoint","urlTemplate":"https:\/\/truusk.store\/sv\/?s={search_term_string}"},"query-input":{"@type":"PropertyValueSpecification","valueRequired":true,"valueName":"search_term_string"}}],"inLanguage":"sv-SE"},{"@type":"Organization","@id":"https:\/\/truusk.store\/sv\/#organization","name":"TRUUSK - Hem, Tr\u00e4dg\u00e5rd & Fritid","url":"https:\/\/truusk.store\/sv\/","logo":{"@type":"ImageObject","inLanguage":"sv-SE","@id":"https:\/\/truusk.store\/sv\/#\/schema\/logo\/image\/","url":"https:\/\/i0.wp.com\/truusk.store\/wp-content\/uploads\/2026\/03\/cropped-TRUUSK.png?fit=2032%2C917&ssl=1","contentUrl":"https:\/\/i0.wp.com\/truusk.store\/wp-content\/uploads\/2026\/03\/cropped-TRUUSK.png?fit=2032%2C917&ssl=1","width":2032,"height":917,"caption":"TRUUSK - Hem, Tr\u00e4dg\u00e5rd & Fritid"},"image":{"@id":"https:\/\/truusk.store\/sv\/#\/schema\/logo\/image\/"}}]}},"jetpack_sharing_enabled":true,"_links":{"self":[{"href":"https:\/\/truusk.store\/sv\/wp-json\/wp\/v2\/product\/26705","targetHints":{"allow":["GET"]}}],"collection":[{"href":"https:\/\/truusk.store\/sv\/wp-json\/wp\/v2\/product"}],"about":[{"href":"https:\/\/truusk.store\/sv\/wp-json\/wp\/v2\/types\/product"}],"wp:featuredmedia":[{"embeddable":true,"href":"https:\/\/truusk.store\/sv\/wp-json\/wp\/v2\/media\/26706"}],"wp:attachment":[{"href":"https:\/\/truusk.store\/sv\/wp-json\/wp\/v2\/media?parent=26705"}],"wp:term":[{"taxonomy":"product_brand","embeddable":true,"href":"https:\/\/truusk.store\/sv\/wp-json\/wp\/v2\/product_brand?post=26705"},{"taxonomy":"product_cat","embeddable":true,"href":"https:\/\/truusk.store\/sv\/wp-json\/wp\/v2\/product_cat?post=26705"},{"taxonomy":"product_tag","embeddable":true,"href":"https:\/\/truusk.store\/sv\/wp-json\/wp\/v2\/product_tag?post=26705"}],"curies":[{"name":"wp","href":"https:\/\/api.w.org\/{rel}","templated":true}]}}