{"id":26737,"date":"2024-02-13T18:39:35","date_gmt":"2024-02-13T17:39:35","guid":{"rendered":"https:\/\/truusk.store\/product\/kontorsstol-snurrstol-skrivbordsstol-hoj-och-sankbar-360-svangbar-pilgrimsmussla-med-somlinjedesign-skum-sammetsliknande-polyesterbla-49-x-54-x-79-91-cm\/"},"modified":"2026-03-12T09:06:38","modified_gmt":"2026-03-12T08:06:38","slug":"truusk-kontorsstol-snurrstol-skrivbordsstol-hoj-och-sankbar-360-svangbar-pilgrimsmussla-design-skum","status":"publish","type":"product","link":"https:\/\/truusk.store\/sv\/produkt\/truusk-kontorsstol-snurrstol-skrivbordsstol-hoj-och-sankbar-360-svangbar-pilgrimsmussla-design-skum\/","title":{"rendered":"TRUUSK Kontorsstol &#8211; Snurrstol &#8211; Skrivbordsstol &#8211; H\u00f6j- Och S\u00e4nkbar &#8211; 360-sv\u00e4ngbar &#8211; Pilgrimsmussla Design &#8211; Skum &#8211;"},"content":{"rendered":"<p>V\u00e4lj denna avslappnade kontorsstol f\u00f6r avkoppling eller f\u00f6r ditt arbete. Du kan placera PC-stolen p\u00e5 kontoret, sovrummet eller vardagsrummet. Med sin ergonomiska design, tjocka stoppning och mjuka tyg erbjuder skrivbordsstolen extra komfort f\u00f6r l\u00e5ngvarig anv\u00e4ndning. Du kan justera sitth\u00f6jden f\u00f6r att f\u00e5 en b\u00e4ttre sittupplevelse. De sv\u00e4ngbara hjulen och den avancerade gaslyften g\u00f6r att du kan r\u00f6ra dig snabbt.<\/p>\n<h3>Beskrivning:<\/h3>\n<ul>\n<li>Ergonomisk linjedesign med tjockt vadderad sits, ger extra komfort<\/li>\n<li>Skummet \u00e4r mjukt och elegant<\/li>\n<li>Den justerbara sitth\u00f6jden kan justeras f\u00f6r att passa ditt skrivbord eller sittstil<\/li>\n<li>High-end gaslyft och hjul, g\u00f6r h\u00f6jdjusteringen och r\u00f6relsen smidig<\/li>\n<li>Roterande hjul och s\u00e4te s\u00e4kerst\u00e4ller enkel och snabb r\u00f6rlighet<\/li>\n<li>Pilgrimsmusslas form med nattlinjedesign skapar fritidsstil, l\u00e4mplig f\u00f6r studier, vardagsrum, sovrum etc.<\/li>\n<li>Montering kr\u00e4vs<\/li>\n<\/ul>\n<h3>Teknisk data:<\/h3>\n<ul>\n<li>F\u00e4rg bl\u00e5<\/li>\n<li>Material: Skum, st\u00e5l, nylon, sammetslen polyester<\/li>\n<li>\u00d6vergripande m\u00e5tt: 49W x 54D x 79-91H cm<\/li>\n<li>Sittm\u00e5tt: 45W x 44D x 46-58H cm<\/li>\n<li>M\u00e5tt bak: 34L x 48W cm<\/li>\n<li>Max belastning: 120 kg<\/li>\n<\/ul>\n<h3>Leveransens omfattning:<\/h3>\n<ul>\n<li>1 x stol<\/li>\n<li>1 x Instruktioner<\/li>\n<\/ul>\n","protected":false},"excerpt":{"rendered":"<p>V\u00e4lj denna avslappnade kontorsstol f\u00f6r avkoppling eller f\u00f6r ditt arbete. Du kan placera PC-stolen p\u00e5 kontoret, sovrummet eller vardagsrummet. Med&#8230;<\/p>\n","protected":false},"featured_media":26738,"template":"","meta":[],"product_brand":[],"product_cat":[485,516,515],"product_tag":[],"class_list":{"0":"post-26737","1":"product","2":"type-product","3":"status-publish","4":"has-post-thumbnail","6":"product_cat-hus-bo","7":"product_cat-kontorsstolar","8":"product_cat-stolar","10":"first","11":"instock","12":"sale","13":"taxable","14":"shipping-taxable","15":"purchasable","16":"product-type-simple"},"yoast_head":"<!-- This site is optimized with the Yoast SEO plugin v25.4 - https:\/\/yoast.com\/wordpress\/plugins\/seo\/ -->\n<title>TRUUSK Kontorsstol - Snurrstol - Skrivbordsstol - H\u00f6j- Och S\u00e4nkbar - 360-sv\u00e4ngbar - Pilgrimsmussla Design - Skum - TRUUSK - Hem, Tr\u00e4dg\u00e5rd &amp; Fritid<\/title>\n<meta name=\"robots\" content=\"index, follow, max-snippet:-1, max-image-preview:large, max-video-preview:-1\" \/>\n<link rel=\"canonical\" href=\"https:\/\/truusk.store\/sv\/produkt\/truusk-kontorsstol-snurrstol-skrivbordsstol-hoj-och-sankbar-360-svangbar-pilgrimsmussla-design-skum\/\" \/>\n<meta property=\"og:locale\" content=\"sv_SE\" \/>\n<meta property=\"og:type\" content=\"article\" \/>\n<meta property=\"og:title\" content=\"TRUUSK Kontorsstol - Snurrstol - Skrivbordsstol - H\u00f6j- Och S\u00e4nkbar - 360-sv\u00e4ngbar - Pilgrimsmussla Design - Skum - TRUUSK - Hem, Tr\u00e4dg\u00e5rd &amp; Fritid\" \/>\n<meta property=\"og:description\" content=\"V\u00e4lj denna avslappnade kontorsstol f\u00f6r avkoppling eller f\u00f6r ditt arbete. Du kan placera PC-stolen p\u00e5 kontoret, sovrummet eller vardagsrummet. Med...\" \/>\n<meta property=\"og:url\" content=\"https:\/\/truusk.store\/sv\/produkt\/truusk-kontorsstol-snurrstol-skrivbordsstol-hoj-och-sankbar-360-svangbar-pilgrimsmussla-design-skum\/\" \/>\n<meta property=\"og:site_name\" content=\"TRUUSK - Hem, Tr\u00e4dg\u00e5rd &amp; Fritid\" \/>\n<meta property=\"article:modified_time\" content=\"2026-03-12T08:06:38+00:00\" \/>\n<meta property=\"og:image\" content=\"https:\/\/i0.wp.com\/truusk.se\/wp-content\/uploads\/2024\/02\/kontorsstol-snurrstol-skrivbordsstol-hoj-och-sankbar-360-svangbar-pilgrimsmussla-med-somlinjedesign-skum-sammetsliknande-polyesterbla-49-x-54-x-79-91-cm.webp?fit=800%2C800&ssl=1\" \/>\n\t<meta property=\"og:image:width\" content=\"800\" \/>\n\t<meta property=\"og:image:height\" content=\"800\" \/>\n\t<meta property=\"og:image:type\" content=\"image\/webp\" \/>\n<meta name=\"twitter:card\" content=\"summary_large_image\" \/>\n<meta name=\"twitter:label1\" content=\"Ber\u00e4knad l\u00e4stid\" \/>\n\t<meta name=\"twitter:data1\" content=\"1 minut\" \/>\n<!-- \/ Yoast SEO plugin. -->","yoast_head_json":{"title":"TRUUSK Kontorsstol - Snurrstol - Skrivbordsstol - H\u00f6j- Och S\u00e4nkbar - 360-sv\u00e4ngbar - Pilgrimsmussla Design - Skum - TRUUSK - Hem, Tr\u00e4dg\u00e5rd &amp; Fritid","robots":{"index":"index","follow":"follow","max-snippet":"max-snippet:-1","max-image-preview":"max-image-preview:large","max-video-preview":"max-video-preview:-1"},"canonical":"https:\/\/truusk.store\/sv\/produkt\/truusk-kontorsstol-snurrstol-skrivbordsstol-hoj-och-sankbar-360-svangbar-pilgrimsmussla-design-skum\/","og_locale":"sv_SE","og_type":"article","og_title":"TRUUSK Kontorsstol - Snurrstol - Skrivbordsstol - H\u00f6j- Och S\u00e4nkbar - 360-sv\u00e4ngbar - Pilgrimsmussla Design - Skum - TRUUSK - Hem, Tr\u00e4dg\u00e5rd &amp; Fritid","og_description":"V\u00e4lj denna avslappnade kontorsstol f\u00f6r avkoppling eller f\u00f6r ditt arbete. Du kan placera PC-stolen p\u00e5 kontoret, sovrummet eller vardagsrummet. Med...","og_url":"https:\/\/truusk.store\/sv\/produkt\/truusk-kontorsstol-snurrstol-skrivbordsstol-hoj-och-sankbar-360-svangbar-pilgrimsmussla-design-skum\/","og_site_name":"TRUUSK - Hem, Tr\u00e4dg\u00e5rd &amp; Fritid","article_modified_time":"2026-03-12T08:06:38+00:00","og_image":[{"width":800,"height":800,"url":"https:\/\/i0.wp.com\/truusk.se\/wp-content\/uploads\/2024\/02\/kontorsstol-snurrstol-skrivbordsstol-hoj-och-sankbar-360-svangbar-pilgrimsmussla-med-somlinjedesign-skum-sammetsliknande-polyesterbla-49-x-54-x-79-91-cm.webp?fit=800%2C800&ssl=1","type":"image\/webp"}],"twitter_card":"summary_large_image","twitter_misc":{"Ber\u00e4knad l\u00e4stid":"1 minut"},"schema":{"@context":"https:\/\/schema.org","@graph":[{"@type":"WebPage","@id":"https:\/\/truusk.store\/sv\/produkt\/truusk-kontorsstol-snurrstol-skrivbordsstol-hoj-och-sankbar-360-svangbar-pilgrimsmussla-design-skum\/","url":"https:\/\/truusk.store\/sv\/produkt\/truusk-kontorsstol-snurrstol-skrivbordsstol-hoj-och-sankbar-360-svangbar-pilgrimsmussla-design-skum\/","name":"TRUUSK Kontorsstol - Snurrstol - Skrivbordsstol - H\u00f6j- Och S\u00e4nkbar - 360-sv\u00e4ngbar - Pilgrimsmussla Design - Skum - TRUUSK - Hem, Tr\u00e4dg\u00e5rd &amp; Fritid","isPartOf":{"@id":"https:\/\/truusk.store\/sv\/#website"},"primaryImageOfPage":{"@id":"https:\/\/truusk.store\/sv\/produkt\/truusk-kontorsstol-snurrstol-skrivbordsstol-hoj-och-sankbar-360-svangbar-pilgrimsmussla-design-skum\/#primaryimage"},"image":{"@id":"https:\/\/truusk.store\/sv\/produkt\/truusk-kontorsstol-snurrstol-skrivbordsstol-hoj-och-sankbar-360-svangbar-pilgrimsmussla-design-skum\/#primaryimage"},"thumbnailUrl":"https:\/\/i0.wp.com\/truusk.store\/wp-content\/uploads\/2024\/02\/kontorsstol-snurrstol-skrivbordsstol-hoj-och-sankbar-360-svangbar-pilgrimsmussla-med-somlinjedesign-skum-sammetsliknande-polyesterbla-49-x-54-x-79-91-cm.webp?fit=800%2C800&ssl=1","datePublished":"2024-02-13T17:39:35+00:00","dateModified":"2026-03-12T08:06:38+00:00","breadcrumb":{"@id":"https:\/\/truusk.store\/sv\/produkt\/truusk-kontorsstol-snurrstol-skrivbordsstol-hoj-och-sankbar-360-svangbar-pilgrimsmussla-design-skum\/#breadcrumb"},"inLanguage":"sv-SE","potentialAction":[{"@type":"ReadAction","target":["https:\/\/truusk.store\/sv\/produkt\/truusk-kontorsstol-snurrstol-skrivbordsstol-hoj-och-sankbar-360-svangbar-pilgrimsmussla-design-skum\/"]}]},{"@type":"ImageObject","inLanguage":"sv-SE","@id":"https:\/\/truusk.store\/sv\/produkt\/truusk-kontorsstol-snurrstol-skrivbordsstol-hoj-och-sankbar-360-svangbar-pilgrimsmussla-design-skum\/#primaryimage","url":"https:\/\/i0.wp.com\/truusk.store\/wp-content\/uploads\/2024\/02\/kontorsstol-snurrstol-skrivbordsstol-hoj-och-sankbar-360-svangbar-pilgrimsmussla-med-somlinjedesign-skum-sammetsliknande-polyesterbla-49-x-54-x-79-91-cm.webp?fit=800%2C800&ssl=1","contentUrl":"https:\/\/i0.wp.com\/truusk.store\/wp-content\/uploads\/2024\/02\/kontorsstol-snurrstol-skrivbordsstol-hoj-och-sankbar-360-svangbar-pilgrimsmussla-med-somlinjedesign-skum-sammetsliknande-polyesterbla-49-x-54-x-79-91-cm.webp?fit=800%2C800&ssl=1","width":800,"height":800,"caption":"Kontorsstol Snurrstol Skrivbordsstol H\u00f6j- Och S\u00e4nkbar 360-sv\u00e4ngbar Pilgrimsmussla Med S\u00f6mlinjedesign Skum Sammetsliknande Polyesterbl\u00e5 49 X 54 X 79-91 Cm 1"},{"@type":"BreadcrumbList","@id":"https:\/\/truusk.store\/sv\/produkt\/truusk-kontorsstol-snurrstol-skrivbordsstol-hoj-och-sankbar-360-svangbar-pilgrimsmussla-design-skum\/#breadcrumb","itemListElement":[{"@type":"ListItem","position":1,"name":"Home","item":"https:\/\/truusk.store\/sv\/"},{"@type":"ListItem","position":2,"name":"Shop","item":"https:\/\/truusk.store\/shop\/"},{"@type":"ListItem","position":3,"name":"TRUUSK Kontorsstol &#8211; Snurrstol &#8211; Skrivbordsstol &#8211; H\u00f6j- Och S\u00e4nkbar &#8211; 360-sv\u00e4ngbar &#8211; Pilgrimsmussla Design &#8211; Skum &#8211;"}]},{"@type":"WebSite","@id":"https:\/\/truusk.store\/sv\/#website","url":"https:\/\/truusk.store\/sv\/","name":"TRUUSK - Hem, Tr\u00e4dg\u00e5rd & Fritid","description":"","publisher":{"@id":"https:\/\/truusk.store\/sv\/#organization"},"potentialAction":[{"@type":"SearchAction","target":{"@type":"EntryPoint","urlTemplate":"https:\/\/truusk.store\/sv\/?s={search_term_string}"},"query-input":{"@type":"PropertyValueSpecification","valueRequired":true,"valueName":"search_term_string"}}],"inLanguage":"sv-SE"},{"@type":"Organization","@id":"https:\/\/truusk.store\/sv\/#organization","name":"TRUUSK - Hem, Tr\u00e4dg\u00e5rd & Fritid","url":"https:\/\/truusk.store\/sv\/","logo":{"@type":"ImageObject","inLanguage":"sv-SE","@id":"https:\/\/truusk.store\/sv\/#\/schema\/logo\/image\/","url":"https:\/\/i0.wp.com\/truusk.store\/wp-content\/uploads\/2026\/03\/cropped-TRUUSK.png?fit=2032%2C917&ssl=1","contentUrl":"https:\/\/i0.wp.com\/truusk.store\/wp-content\/uploads\/2026\/03\/cropped-TRUUSK.png?fit=2032%2C917&ssl=1","width":2032,"height":917,"caption":"TRUUSK - Hem, Tr\u00e4dg\u00e5rd & Fritid"},"image":{"@id":"https:\/\/truusk.store\/sv\/#\/schema\/logo\/image\/"}}]}},"jetpack_sharing_enabled":true,"_links":{"self":[{"href":"https:\/\/truusk.store\/sv\/wp-json\/wp\/v2\/product\/26737","targetHints":{"allow":["GET"]}}],"collection":[{"href":"https:\/\/truusk.store\/sv\/wp-json\/wp\/v2\/product"}],"about":[{"href":"https:\/\/truusk.store\/sv\/wp-json\/wp\/v2\/types\/product"}],"wp:featuredmedia":[{"embeddable":true,"href":"https:\/\/truusk.store\/sv\/wp-json\/wp\/v2\/media\/26738"}],"wp:attachment":[{"href":"https:\/\/truusk.store\/sv\/wp-json\/wp\/v2\/media?parent=26737"}],"wp:term":[{"taxonomy":"product_brand","embeddable":true,"href":"https:\/\/truusk.store\/sv\/wp-json\/wp\/v2\/product_brand?post=26737"},{"taxonomy":"product_cat","embeddable":true,"href":"https:\/\/truusk.store\/sv\/wp-json\/wp\/v2\/product_cat?post=26737"},{"taxonomy":"product_tag","embeddable":true,"href":"https:\/\/truusk.store\/sv\/wp-json\/wp\/v2\/product_tag?post=26737"}],"curies":[{"name":"wp","href":"https:\/\/api.w.org\/{rel}","templated":true}]}}