{"id":26755,"date":"2024-02-13T18:40:12","date_gmt":"2024-02-13T17:40:12","guid":{"rendered":"https:\/\/truusk.store\/product\/valpspring-utomhus-inhagnad-lekhage-for-husdjur-lekhage-lekhage-hundinhagnad-anpassningsbar-form-med-dorr-metall-79-x-100-cm-svart\/"},"modified":"2026-03-12T09:07:07","modified_gmt":"2026-03-12T08:07:07","slug":"truusk-inhagnad-lekhage-for-hundar-och-katter-anpassningsbar-form-med-dorr-metall-79-x-100-cm-svart","status":"publish","type":"product","link":"https:\/\/truusk.store\/sv\/produkt\/truusk-inhagnad-lekhage-for-hundar-och-katter-anpassningsbar-form-med-dorr-metall-79-x-100-cm-svart\/","title":{"rendered":"TRUUSK Inh\u00e4gnad Lekhage f\u00f6r Hundar och Katter &#8211; Anpassningsbar Form &#8211; Med D\u00f6rr &#8211; Metall &#8211; 79 x 100 cm &#8211; Svart"},"content":{"rendered":"<p>Denna valplopp \u00e4r l\u00e4mplig f\u00f6r utomhus- och inomhusbruk. I detta valplopp kan dina valpar leka, sova och busa i s\u00e4kerhet. En l\u00e5sbar d\u00f6rr ser till att dina valpar h\u00e5ller sig s\u00e4kra inne. Pipen \u00e4r l\u00e4tt att montera och demontera och kan f\u00e4llas ihop f\u00f6r f\u00f6rvaring. Materialet \u00e4r v\u00e4derbest\u00e4ndigt och l\u00e4ttsk\u00f6tt. Pipen kan f\u00f6rstoras efter behov med hj\u00e4lp av ytterligare element. Ge dina valpar lite frihet med denna valpk\u00f6rning.<\/p>\n<h3>Beskrivning:<\/h3>\n<ul>\n<li>Stabila metallr\u00f6r s\u00e4kerst\u00e4ller ett s\u00e4kert och stabilt stativ<\/li>\n<li>Materialet \u00e4r l\u00e4ttsk\u00f6tt och h\u00e5llbart<\/li>\n<li>Valparna kan titta ut genom barerna och lukta p\u00e5 frisk luft<\/li>\n<li>En upph\u00f6jd och l\u00e5sbar entr\u00e9d\u00f6rr ser till att valparna h\u00e5ller sig s\u00e4kra inne<\/li>\n<li>L\u00e4mplig f\u00f6r inomhus och utomhus<\/li>\n<li>Enkel och snabb montering<\/li>\n<li>F\u00e4llbar f\u00f6r platsbesparande f\u00f6rvaring<\/li>\n<li>Kapslingen kan enkelt ut\u00f6kas med ytterligare element<\/li>\n<li>8 ankarkrokar f\u00f6r stabilare inf\u00e4stning<\/li>\n<li>L\u00e4mplig f\u00f6r sm\u00e5 och medelstora hundar med en axelh\u00f6jd p\u00e5 mindre \u00e4n 50 cm (ej l\u00e4mplig f\u00f6r leksakshundar, marsvin, chinchillor och liknande sm\u00e5djur)<\/li>\n<\/ul>\n<h3>Teknisk data:<\/h3>\n<ul>\n<li>Material: metall<\/li>\n<li>Svart f\u00e4rg<\/li>\n<li>M\u00e5tt per gallerelement: 79W x 100H cm<\/li>\n<li>M\u00e5tt: 38L x 62H cm<\/li>\n<\/ul>\n<h3>Leveransens omfattning:<\/h3>\n<ul>\n<li>1 x Lekhage f\u00f6r husdjur<\/li>\n<li>1 x Instruktioner<\/li>\n<\/ul>\n","protected":false},"excerpt":{"rendered":"<p>Denna valplopp \u00e4r l\u00e4mplig f\u00f6r utomhus- och inomhusbruk. I detta valplopp kan dina valpar leka, sova och busa i s\u00e4kerhet&#8230;.<\/p>\n","protected":false},"featured_media":26756,"template":"","meta":[],"product_brand":[],"product_cat":[577,574,573],"product_tag":[],"class_list":{"0":"post-26755","1":"product","2":"type-product","3":"status-publish","4":"has-post-thumbnail","6":"product_cat-hundgrindar-avdelare","7":"product_cat-hundtillbehor","8":"product_cat-husdjursmaterial","10":"first","11":"instock","12":"sale","13":"taxable","14":"shipping-taxable","15":"purchasable","16":"product-type-simple"},"yoast_head":"<!-- This site is optimized with the Yoast SEO plugin v25.4 - https:\/\/yoast.com\/wordpress\/plugins\/seo\/ -->\n<title>TRUUSK Inh\u00e4gnad Lekhage f\u00f6r Hundar och Katter - Anpassningsbar Form - Med D\u00f6rr - Metall - 79 x 100 cm - Svart - TRUUSK - Hem, Tr\u00e4dg\u00e5rd &amp; Fritid<\/title>\n<meta name=\"robots\" content=\"index, follow, max-snippet:-1, max-image-preview:large, max-video-preview:-1\" \/>\n<link rel=\"canonical\" href=\"https:\/\/truusk.store\/sv\/produkt\/truusk-inhagnad-lekhage-for-hundar-och-katter-anpassningsbar-form-med-dorr-metall-79-x-100-cm-svart\/\" \/>\n<meta property=\"og:locale\" content=\"sv_SE\" \/>\n<meta property=\"og:type\" content=\"article\" \/>\n<meta property=\"og:title\" content=\"TRUUSK Inh\u00e4gnad Lekhage f\u00f6r Hundar och Katter - Anpassningsbar Form - Med D\u00f6rr - Metall - 79 x 100 cm - Svart - TRUUSK - Hem, Tr\u00e4dg\u00e5rd &amp; Fritid\" \/>\n<meta property=\"og:description\" content=\"Denna valplopp \u00e4r l\u00e4mplig f\u00f6r utomhus- och inomhusbruk. I detta valplopp kan dina valpar leka, sova och busa i s\u00e4kerhet....\" \/>\n<meta property=\"og:url\" content=\"https:\/\/truusk.store\/sv\/produkt\/truusk-inhagnad-lekhage-for-hundar-och-katter-anpassningsbar-form-med-dorr-metall-79-x-100-cm-svart\/\" \/>\n<meta property=\"og:site_name\" content=\"TRUUSK - Hem, Tr\u00e4dg\u00e5rd &amp; Fritid\" \/>\n<meta property=\"article:modified_time\" content=\"2026-03-12T08:07:07+00:00\" \/>\n<meta property=\"og:image\" content=\"https:\/\/i0.wp.com\/truusk.se\/wp-content\/uploads\/2024\/02\/valpspring-utomhus-inhagnad-lekhage-for-husdjur-lekhage-lekhage-hundinhagnad-anpassningsbar-form-med-dorr-metall-79-x-100-cm-svart.webp?fit=800%2C800&ssl=1\" \/>\n\t<meta property=\"og:image:width\" content=\"800\" \/>\n\t<meta property=\"og:image:height\" content=\"800\" \/>\n\t<meta property=\"og:image:type\" content=\"image\/webp\" \/>\n<meta name=\"twitter:card\" content=\"summary_large_image\" \/>\n<meta name=\"twitter:label1\" content=\"Ber\u00e4knad l\u00e4stid\" \/>\n\t<meta name=\"twitter:data1\" content=\"1 minut\" \/>\n<!-- \/ Yoast SEO plugin. -->","yoast_head_json":{"title":"TRUUSK Inh\u00e4gnad Lekhage f\u00f6r Hundar och Katter - Anpassningsbar Form - Med D\u00f6rr - Metall - 79 x 100 cm - Svart - TRUUSK - Hem, Tr\u00e4dg\u00e5rd &amp; Fritid","robots":{"index":"index","follow":"follow","max-snippet":"max-snippet:-1","max-image-preview":"max-image-preview:large","max-video-preview":"max-video-preview:-1"},"canonical":"https:\/\/truusk.store\/sv\/produkt\/truusk-inhagnad-lekhage-for-hundar-och-katter-anpassningsbar-form-med-dorr-metall-79-x-100-cm-svart\/","og_locale":"sv_SE","og_type":"article","og_title":"TRUUSK Inh\u00e4gnad Lekhage f\u00f6r Hundar och Katter - Anpassningsbar Form - Med D\u00f6rr - Metall - 79 x 100 cm - Svart - TRUUSK - Hem, Tr\u00e4dg\u00e5rd &amp; Fritid","og_description":"Denna valplopp \u00e4r l\u00e4mplig f\u00f6r utomhus- och inomhusbruk. I detta valplopp kan dina valpar leka, sova och busa i s\u00e4kerhet....","og_url":"https:\/\/truusk.store\/sv\/produkt\/truusk-inhagnad-lekhage-for-hundar-och-katter-anpassningsbar-form-med-dorr-metall-79-x-100-cm-svart\/","og_site_name":"TRUUSK - Hem, Tr\u00e4dg\u00e5rd &amp; Fritid","article_modified_time":"2026-03-12T08:07:07+00:00","og_image":[{"width":800,"height":800,"url":"https:\/\/i0.wp.com\/truusk.se\/wp-content\/uploads\/2024\/02\/valpspring-utomhus-inhagnad-lekhage-for-husdjur-lekhage-lekhage-hundinhagnad-anpassningsbar-form-med-dorr-metall-79-x-100-cm-svart.webp?fit=800%2C800&ssl=1","type":"image\/webp"}],"twitter_card":"summary_large_image","twitter_misc":{"Ber\u00e4knad l\u00e4stid":"1 minut"},"schema":{"@context":"https:\/\/schema.org","@graph":[{"@type":"WebPage","@id":"https:\/\/truusk.store\/sv\/produkt\/truusk-inhagnad-lekhage-for-hundar-och-katter-anpassningsbar-form-med-dorr-metall-79-x-100-cm-svart\/","url":"https:\/\/truusk.store\/sv\/produkt\/truusk-inhagnad-lekhage-for-hundar-och-katter-anpassningsbar-form-med-dorr-metall-79-x-100-cm-svart\/","name":"TRUUSK Inh\u00e4gnad Lekhage f\u00f6r Hundar och Katter - Anpassningsbar Form - Med D\u00f6rr - Metall - 79 x 100 cm - Svart - TRUUSK - Hem, Tr\u00e4dg\u00e5rd &amp; Fritid","isPartOf":{"@id":"https:\/\/truusk.store\/sv\/#website"},"primaryImageOfPage":{"@id":"https:\/\/truusk.store\/sv\/produkt\/truusk-inhagnad-lekhage-for-hundar-och-katter-anpassningsbar-form-med-dorr-metall-79-x-100-cm-svart\/#primaryimage"},"image":{"@id":"https:\/\/truusk.store\/sv\/produkt\/truusk-inhagnad-lekhage-for-hundar-och-katter-anpassningsbar-form-med-dorr-metall-79-x-100-cm-svart\/#primaryimage"},"thumbnailUrl":"https:\/\/i0.wp.com\/truusk.store\/wp-content\/uploads\/2024\/02\/valpspring-utomhus-inhagnad-lekhage-for-husdjur-lekhage-lekhage-hundinhagnad-anpassningsbar-form-med-dorr-metall-79-x-100-cm-svart.webp?fit=800%2C800&ssl=1","datePublished":"2024-02-13T17:40:12+00:00","dateModified":"2026-03-12T08:07:07+00:00","breadcrumb":{"@id":"https:\/\/truusk.store\/sv\/produkt\/truusk-inhagnad-lekhage-for-hundar-och-katter-anpassningsbar-form-med-dorr-metall-79-x-100-cm-svart\/#breadcrumb"},"inLanguage":"sv-SE","potentialAction":[{"@type":"ReadAction","target":["https:\/\/truusk.store\/sv\/produkt\/truusk-inhagnad-lekhage-for-hundar-och-katter-anpassningsbar-form-med-dorr-metall-79-x-100-cm-svart\/"]}]},{"@type":"ImageObject","inLanguage":"sv-SE","@id":"https:\/\/truusk.store\/sv\/produkt\/truusk-inhagnad-lekhage-for-hundar-och-katter-anpassningsbar-form-med-dorr-metall-79-x-100-cm-svart\/#primaryimage","url":"https:\/\/i0.wp.com\/truusk.store\/wp-content\/uploads\/2024\/02\/valpspring-utomhus-inhagnad-lekhage-for-husdjur-lekhage-lekhage-hundinhagnad-anpassningsbar-form-med-dorr-metall-79-x-100-cm-svart.webp?fit=800%2C800&ssl=1","contentUrl":"https:\/\/i0.wp.com\/truusk.store\/wp-content\/uploads\/2024\/02\/valpspring-utomhus-inhagnad-lekhage-for-husdjur-lekhage-lekhage-hundinhagnad-anpassningsbar-form-med-dorr-metall-79-x-100-cm-svart.webp?fit=800%2C800&ssl=1","width":800,"height":800,"caption":"Valpspring Utomhus Inh\u00e4gnad Lekhage F\u00f6r Husdjur Lekhage Lekhage Hundinh\u00e4gnad Anpassningsbar Form Med D\u00f6rr Metall 79 X 100 Cm Svart 1"},{"@type":"BreadcrumbList","@id":"https:\/\/truusk.store\/sv\/produkt\/truusk-inhagnad-lekhage-for-hundar-och-katter-anpassningsbar-form-med-dorr-metall-79-x-100-cm-svart\/#breadcrumb","itemListElement":[{"@type":"ListItem","position":1,"name":"Home","item":"https:\/\/truusk.store\/sv\/"},{"@type":"ListItem","position":2,"name":"Shop","item":"https:\/\/truusk.store\/shop\/"},{"@type":"ListItem","position":3,"name":"TRUUSK Inh\u00e4gnad Lekhage f\u00f6r Hundar och Katter &#8211; Anpassningsbar Form &#8211; Med D\u00f6rr &#8211; Metall &#8211; 79 x 100 cm &#8211; Svart"}]},{"@type":"WebSite","@id":"https:\/\/truusk.store\/sv\/#website","url":"https:\/\/truusk.store\/sv\/","name":"TRUUSK - Hem, Tr\u00e4dg\u00e5rd & Fritid","description":"","publisher":{"@id":"https:\/\/truusk.store\/sv\/#organization"},"potentialAction":[{"@type":"SearchAction","target":{"@type":"EntryPoint","urlTemplate":"https:\/\/truusk.store\/sv\/?s={search_term_string}"},"query-input":{"@type":"PropertyValueSpecification","valueRequired":true,"valueName":"search_term_string"}}],"inLanguage":"sv-SE"},{"@type":"Organization","@id":"https:\/\/truusk.store\/sv\/#organization","name":"TRUUSK - Hem, Tr\u00e4dg\u00e5rd & Fritid","url":"https:\/\/truusk.store\/sv\/","logo":{"@type":"ImageObject","inLanguage":"sv-SE","@id":"https:\/\/truusk.store\/sv\/#\/schema\/logo\/image\/","url":"https:\/\/i0.wp.com\/truusk.store\/wp-content\/uploads\/2026\/03\/cropped-TRUUSK.png?fit=2032%2C917&ssl=1","contentUrl":"https:\/\/i0.wp.com\/truusk.store\/wp-content\/uploads\/2026\/03\/cropped-TRUUSK.png?fit=2032%2C917&ssl=1","width":2032,"height":917,"caption":"TRUUSK - Hem, Tr\u00e4dg\u00e5rd & Fritid"},"image":{"@id":"https:\/\/truusk.store\/sv\/#\/schema\/logo\/image\/"}}]}},"jetpack_sharing_enabled":true,"_links":{"self":[{"href":"https:\/\/truusk.store\/sv\/wp-json\/wp\/v2\/product\/26755","targetHints":{"allow":["GET"]}}],"collection":[{"href":"https:\/\/truusk.store\/sv\/wp-json\/wp\/v2\/product"}],"about":[{"href":"https:\/\/truusk.store\/sv\/wp-json\/wp\/v2\/types\/product"}],"wp:featuredmedia":[{"embeddable":true,"href":"https:\/\/truusk.store\/sv\/wp-json\/wp\/v2\/media\/26756"}],"wp:attachment":[{"href":"https:\/\/truusk.store\/sv\/wp-json\/wp\/v2\/media?parent=26755"}],"wp:term":[{"taxonomy":"product_brand","embeddable":true,"href":"https:\/\/truusk.store\/sv\/wp-json\/wp\/v2\/product_brand?post=26755"},{"taxonomy":"product_cat","embeddable":true,"href":"https:\/\/truusk.store\/sv\/wp-json\/wp\/v2\/product_cat?post=26755"},{"taxonomy":"product_tag","embeddable":true,"href":"https:\/\/truusk.store\/sv\/wp-json\/wp\/v2\/product_tag?post=26755"}],"curies":[{"name":"wp","href":"https:\/\/api.w.org\/{rel}","templated":true}]}}