{"id":26772,"date":"2024-02-13T18:40:55","date_gmt":"2024-02-13T17:40:55","guid":{"rendered":"https:\/\/truusk.store\/product\/executive-stol-kontorsstol-skrivbordsstol-snurrstol-ergonomisk-med-vippfunktion-hojdjusterbar-diamantmonster-modern-elegant-lyxig-konstlader-metallskum-vit-66x69x121-cm\/"},"modified":"2026-03-12T09:07:08","modified_gmt":"2026-03-12T08:07:08","slug":"truusk-kontorsstol-ergonomisk-med-vippfunktion-hojdjusterbar-diamantmonster-vit-66x69x121-cm","status":"publish","type":"product","link":"https:\/\/truusk.store\/sv\/produkt\/truusk-kontorsstol-ergonomisk-med-vippfunktion-hojdjusterbar-diamantmonster-vit-66x69x121-cm\/","title":{"rendered":"TRUUSK Kontorsstol &#8211; Ergonomisk med Vippfunktion &#8211; H\u00f6jdjusterbar &#8211; Diamantm\u00f6nster &#8211; Vit 66x69x121 cm"},"content":{"rendered":"<p>Inte en vanlig kontorsstol, denna stol lyfter din sittupplevelse med ett h\u00f6gkvalitativt tr\u00e5dsytt diamantm\u00f6nster som erbjuder sofistikerade detaljer och ger en extra dimension av komfort. Denna kontorsstol med h\u00f6g rygg erbjuder allt du beh\u00f6ver i en arbetsstol, inklusive en vippfunktion, 360 vridning och justerbar sits, samt bekv\u00e4ma kuddar. V\u00e5r chefsstol ger \u00f6verl\u00e4gsen komfort och ett modernt utseende till ditt hemmakontor.<\/p>\n<h3>Beskrivning:<\/h3>\n<ul>\n<li>Datorstolen har ett integrerat nackst\u00f6d f\u00f6r komfort och st\u00f6d<\/li>\n<li>Tjock vaddering i sits och armst\u00f6d f\u00f6r st\u00f6d och komfort hela dagen<\/li>\n<li>Imiterat l\u00e4der med ett elegant diamantm\u00f6nster f\u00f6r en lyxig k\u00e4nsla<\/li>\n<li>Tiltfunktion l\u00e5ter dig gunga fram och tillbaka f\u00f6r att ta en paus<\/li>\n<li>Justerbar h\u00f6jd kan anpassas till ditt skrivbord eller sittvanor<\/li>\n<li>360 sv\u00e4ngbara hjul p\u00e5 krombas s\u00e4kerst\u00e4ller enkel och snabb r\u00f6rlighet<\/li>\n<li>High-end gaslyft f\u00f6r smidig upp och ner<\/li>\n<li>L\u00e4mplig f\u00f6r kontor, hemmakontor etc.<\/li>\n<li>Montering kr\u00e4vs<\/li>\n<\/ul>\n<h3>Teknisk data:<\/h3>\n<ul>\n<li>F\u00e4rg vit<\/li>\n<li>Material: PU-l\u00e4der, metall, skum, nylon<\/li>\n<li>\u00d6vergripande m\u00e5tt: 66W x 69D x 113-121H cm<\/li>\n<li>Sitsstorlek: 52W x 50D cm<\/li>\n<li>Sitth\u00f6jd: 47,5-55,5 cm<\/li>\n<li>Sittdynans tjocklek: 12 cm<\/li>\n<li>Armst\u00f6d till sitth\u00f6jd: 18 cm<\/li>\n<li>Lastkapacitet: 120 kg<\/li>\n<\/ul>\n<h3>Leveransens omfattning:<\/h3>\n<ul>\n<li>1 x Kontorsstol<\/li>\n<li>1 x Instruktioner<\/li>\n<\/ul>\n","protected":false},"excerpt":{"rendered":"<p>Inte en vanlig kontorsstol, denna stol lyfter din sittupplevelse med ett h\u00f6gkvalitativt tr\u00e5dsytt diamantm\u00f6nster som erbjuder sofistikerade detaljer och ger&#8230;<\/p>\n","protected":false},"featured_media":26773,"template":"","meta":[],"product_brand":[],"product_cat":[485,516,515],"product_tag":[],"class_list":{"0":"post-26772","1":"product","2":"type-product","3":"status-publish","4":"has-post-thumbnail","6":"product_cat-hus-bo","7":"product_cat-kontorsstolar","8":"product_cat-stolar","10":"first","11":"instock","12":"sale","13":"taxable","14":"shipping-taxable","15":"purchasable","16":"product-type-simple"},"yoast_head":"<!-- This site is optimized with the Yoast SEO plugin v25.4 - https:\/\/yoast.com\/wordpress\/plugins\/seo\/ -->\n<title>TRUUSK Kontorsstol - Ergonomisk med Vippfunktion - H\u00f6jdjusterbar - Diamantm\u00f6nster - Vit 66x69x121 cm - TRUUSK - Hem, Tr\u00e4dg\u00e5rd &amp; Fritid<\/title>\n<meta name=\"robots\" content=\"index, follow, max-snippet:-1, max-image-preview:large, max-video-preview:-1\" \/>\n<link rel=\"canonical\" href=\"https:\/\/truusk.store\/sv\/produkt\/truusk-kontorsstol-ergonomisk-med-vippfunktion-hojdjusterbar-diamantmonster-vit-66x69x121-cm\/\" \/>\n<meta property=\"og:locale\" content=\"sv_SE\" \/>\n<meta property=\"og:type\" content=\"article\" \/>\n<meta property=\"og:title\" content=\"TRUUSK Kontorsstol - Ergonomisk med Vippfunktion - H\u00f6jdjusterbar - Diamantm\u00f6nster - Vit 66x69x121 cm - TRUUSK - Hem, Tr\u00e4dg\u00e5rd &amp; Fritid\" \/>\n<meta property=\"og:description\" content=\"Inte en vanlig kontorsstol, denna stol lyfter din sittupplevelse med ett h\u00f6gkvalitativt tr\u00e5dsytt diamantm\u00f6nster som erbjuder sofistikerade detaljer och ger...\" \/>\n<meta property=\"og:url\" content=\"https:\/\/truusk.store\/sv\/produkt\/truusk-kontorsstol-ergonomisk-med-vippfunktion-hojdjusterbar-diamantmonster-vit-66x69x121-cm\/\" \/>\n<meta property=\"og:site_name\" content=\"TRUUSK - Hem, Tr\u00e4dg\u00e5rd &amp; Fritid\" \/>\n<meta property=\"article:modified_time\" content=\"2026-03-12T08:07:08+00:00\" \/>\n<meta property=\"og:image\" content=\"https:\/\/i0.wp.com\/truusk.se\/wp-content\/uploads\/2024\/02\/executive-stol-kontorsstol-skrivbordsstol-snurrstol-ergonomisk-med-vippfunktion-hojdjusterbar-diamantmonster-modern-elegant-lyxig-konstlader-metallskum-vit-66x69x121-cm.webp?fit=800%2C800&ssl=1\" \/>\n\t<meta property=\"og:image:width\" content=\"800\" \/>\n\t<meta property=\"og:image:height\" content=\"800\" \/>\n\t<meta property=\"og:image:type\" content=\"image\/webp\" \/>\n<meta name=\"twitter:card\" content=\"summary_large_image\" \/>\n<meta name=\"twitter:label1\" content=\"Ber\u00e4knad l\u00e4stid\" \/>\n\t<meta name=\"twitter:data1\" content=\"1 minut\" \/>\n<!-- \/ Yoast SEO plugin. -->","yoast_head_json":{"title":"TRUUSK Kontorsstol - Ergonomisk med Vippfunktion - H\u00f6jdjusterbar - Diamantm\u00f6nster - Vit 66x69x121 cm - TRUUSK - Hem, Tr\u00e4dg\u00e5rd &amp; Fritid","robots":{"index":"index","follow":"follow","max-snippet":"max-snippet:-1","max-image-preview":"max-image-preview:large","max-video-preview":"max-video-preview:-1"},"canonical":"https:\/\/truusk.store\/sv\/produkt\/truusk-kontorsstol-ergonomisk-med-vippfunktion-hojdjusterbar-diamantmonster-vit-66x69x121-cm\/","og_locale":"sv_SE","og_type":"article","og_title":"TRUUSK Kontorsstol - Ergonomisk med Vippfunktion - H\u00f6jdjusterbar - Diamantm\u00f6nster - Vit 66x69x121 cm - TRUUSK - Hem, Tr\u00e4dg\u00e5rd &amp; Fritid","og_description":"Inte en vanlig kontorsstol, denna stol lyfter din sittupplevelse med ett h\u00f6gkvalitativt tr\u00e5dsytt diamantm\u00f6nster som erbjuder sofistikerade detaljer och ger...","og_url":"https:\/\/truusk.store\/sv\/produkt\/truusk-kontorsstol-ergonomisk-med-vippfunktion-hojdjusterbar-diamantmonster-vit-66x69x121-cm\/","og_site_name":"TRUUSK - Hem, Tr\u00e4dg\u00e5rd &amp; Fritid","article_modified_time":"2026-03-12T08:07:08+00:00","og_image":[{"width":800,"height":800,"url":"https:\/\/i0.wp.com\/truusk.se\/wp-content\/uploads\/2024\/02\/executive-stol-kontorsstol-skrivbordsstol-snurrstol-ergonomisk-med-vippfunktion-hojdjusterbar-diamantmonster-modern-elegant-lyxig-konstlader-metallskum-vit-66x69x121-cm.webp?fit=800%2C800&ssl=1","type":"image\/webp"}],"twitter_card":"summary_large_image","twitter_misc":{"Ber\u00e4knad l\u00e4stid":"1 minut"},"schema":{"@context":"https:\/\/schema.org","@graph":[{"@type":"WebPage","@id":"https:\/\/truusk.store\/sv\/produkt\/truusk-kontorsstol-ergonomisk-med-vippfunktion-hojdjusterbar-diamantmonster-vit-66x69x121-cm\/","url":"https:\/\/truusk.store\/sv\/produkt\/truusk-kontorsstol-ergonomisk-med-vippfunktion-hojdjusterbar-diamantmonster-vit-66x69x121-cm\/","name":"TRUUSK Kontorsstol - Ergonomisk med Vippfunktion - H\u00f6jdjusterbar - Diamantm\u00f6nster - Vit 66x69x121 cm - TRUUSK - Hem, Tr\u00e4dg\u00e5rd &amp; Fritid","isPartOf":{"@id":"https:\/\/truusk.store\/sv\/#website"},"primaryImageOfPage":{"@id":"https:\/\/truusk.store\/sv\/produkt\/truusk-kontorsstol-ergonomisk-med-vippfunktion-hojdjusterbar-diamantmonster-vit-66x69x121-cm\/#primaryimage"},"image":{"@id":"https:\/\/truusk.store\/sv\/produkt\/truusk-kontorsstol-ergonomisk-med-vippfunktion-hojdjusterbar-diamantmonster-vit-66x69x121-cm\/#primaryimage"},"thumbnailUrl":"https:\/\/i0.wp.com\/truusk.store\/wp-content\/uploads\/2024\/02\/executive-stol-kontorsstol-skrivbordsstol-snurrstol-ergonomisk-med-vippfunktion-hojdjusterbar-diamantmonster-modern-elegant-lyxig-konstlader-metallskum-vit-66x69x121-cm.webp?fit=800%2C800&ssl=1","datePublished":"2024-02-13T17:40:55+00:00","dateModified":"2026-03-12T08:07:08+00:00","breadcrumb":{"@id":"https:\/\/truusk.store\/sv\/produkt\/truusk-kontorsstol-ergonomisk-med-vippfunktion-hojdjusterbar-diamantmonster-vit-66x69x121-cm\/#breadcrumb"},"inLanguage":"sv-SE","potentialAction":[{"@type":"ReadAction","target":["https:\/\/truusk.store\/sv\/produkt\/truusk-kontorsstol-ergonomisk-med-vippfunktion-hojdjusterbar-diamantmonster-vit-66x69x121-cm\/"]}]},{"@type":"ImageObject","inLanguage":"sv-SE","@id":"https:\/\/truusk.store\/sv\/produkt\/truusk-kontorsstol-ergonomisk-med-vippfunktion-hojdjusterbar-diamantmonster-vit-66x69x121-cm\/#primaryimage","url":"https:\/\/i0.wp.com\/truusk.store\/wp-content\/uploads\/2024\/02\/executive-stol-kontorsstol-skrivbordsstol-snurrstol-ergonomisk-med-vippfunktion-hojdjusterbar-diamantmonster-modern-elegant-lyxig-konstlader-metallskum-vit-66x69x121-cm.webp?fit=800%2C800&ssl=1","contentUrl":"https:\/\/i0.wp.com\/truusk.store\/wp-content\/uploads\/2024\/02\/executive-stol-kontorsstol-skrivbordsstol-snurrstol-ergonomisk-med-vippfunktion-hojdjusterbar-diamantmonster-modern-elegant-lyxig-konstlader-metallskum-vit-66x69x121-cm.webp?fit=800%2C800&ssl=1","width":800,"height":800,"caption":"Executive Stol Kontorsstol Skrivbordsstol Snurrstol Ergonomisk Med Vippfunktion H\u00f6jdjusterbar Diamantm\u00f6nster Modern Elegant Lyxig Konstl\u00e4der Metallskum Vit 66x69x121 Cm 1"},{"@type":"BreadcrumbList","@id":"https:\/\/truusk.store\/sv\/produkt\/truusk-kontorsstol-ergonomisk-med-vippfunktion-hojdjusterbar-diamantmonster-vit-66x69x121-cm\/#breadcrumb","itemListElement":[{"@type":"ListItem","position":1,"name":"Home","item":"https:\/\/truusk.store\/sv\/"},{"@type":"ListItem","position":2,"name":"Shop","item":"https:\/\/truusk.store\/shop\/"},{"@type":"ListItem","position":3,"name":"TRUUSK Kontorsstol &#8211; Ergonomisk med Vippfunktion &#8211; H\u00f6jdjusterbar &#8211; Diamantm\u00f6nster &#8211; Vit 66x69x121 cm"}]},{"@type":"WebSite","@id":"https:\/\/truusk.store\/sv\/#website","url":"https:\/\/truusk.store\/sv\/","name":"TRUUSK - Hem, Tr\u00e4dg\u00e5rd & Fritid","description":"","publisher":{"@id":"https:\/\/truusk.store\/sv\/#organization"},"potentialAction":[{"@type":"SearchAction","target":{"@type":"EntryPoint","urlTemplate":"https:\/\/truusk.store\/sv\/?s={search_term_string}"},"query-input":{"@type":"PropertyValueSpecification","valueRequired":true,"valueName":"search_term_string"}}],"inLanguage":"sv-SE"},{"@type":"Organization","@id":"https:\/\/truusk.store\/sv\/#organization","name":"TRUUSK - Hem, Tr\u00e4dg\u00e5rd & Fritid","url":"https:\/\/truusk.store\/sv\/","logo":{"@type":"ImageObject","inLanguage":"sv-SE","@id":"https:\/\/truusk.store\/sv\/#\/schema\/logo\/image\/","url":"https:\/\/i0.wp.com\/truusk.store\/wp-content\/uploads\/2026\/03\/cropped-TRUUSK.png?fit=2032%2C917&ssl=1","contentUrl":"https:\/\/i0.wp.com\/truusk.store\/wp-content\/uploads\/2026\/03\/cropped-TRUUSK.png?fit=2032%2C917&ssl=1","width":2032,"height":917,"caption":"TRUUSK - Hem, Tr\u00e4dg\u00e5rd & Fritid"},"image":{"@id":"https:\/\/truusk.store\/sv\/#\/schema\/logo\/image\/"}}]}},"jetpack_sharing_enabled":true,"_links":{"self":[{"href":"https:\/\/truusk.store\/sv\/wp-json\/wp\/v2\/product\/26772","targetHints":{"allow":["GET"]}}],"collection":[{"href":"https:\/\/truusk.store\/sv\/wp-json\/wp\/v2\/product"}],"about":[{"href":"https:\/\/truusk.store\/sv\/wp-json\/wp\/v2\/types\/product"}],"wp:featuredmedia":[{"embeddable":true,"href":"https:\/\/truusk.store\/sv\/wp-json\/wp\/v2\/media\/26773"}],"wp:attachment":[{"href":"https:\/\/truusk.store\/sv\/wp-json\/wp\/v2\/media?parent=26772"}],"wp:term":[{"taxonomy":"product_brand","embeddable":true,"href":"https:\/\/truusk.store\/sv\/wp-json\/wp\/v2\/product_brand?post=26772"},{"taxonomy":"product_cat","embeddable":true,"href":"https:\/\/truusk.store\/sv\/wp-json\/wp\/v2\/product_cat?post=26772"},{"taxonomy":"product_tag","embeddable":true,"href":"https:\/\/truusk.store\/sv\/wp-json\/wp\/v2\/product_tag?post=26772"}],"curies":[{"name":"wp","href":"https:\/\/api.w.org\/{rel}","templated":true}]}}