{"id":26896,"date":"2024-02-13T18:44:51","date_gmt":"2024-02-13T17:44:51","guid":{"rendered":"https:\/\/truusk.store\/product\/lekhage-for-smadjur-utomhusinhagnad-4-st-golvspetsar-220-cm-x-103-cm-x-103-cm-svart-gron\/"},"modified":"2026-03-12T09:07:10","modified_gmt":"2026-03-12T08:07:10","slug":"truusk-lekhage-for-smadjur-utomhusinhagnad-4-golvspetsar-220-cm-x-103-cm-x-103-cm-svart-gron","status":"publish","type":"product","link":"https:\/\/truusk.store\/sv\/produkt\/truusk-lekhage-for-smadjur-utomhusinhagnad-4-golvspetsar-220-cm-x-103-cm-x-103-cm-svart-gron\/","title":{"rendered":"TRUUSK Lekhage f\u00f6r Sm\u00e5djur &#8211; Utomhusinh\u00e4gnad &#8211; 4 Golvspetsar &#8211; 220 cm x 103 cm x 103 cm &#8211; Svart + Gr\u00f6n"},"content":{"rendered":"<p>F\u00f6rvandla ditt husdjurs liv med v\u00e5r lilla djurbur. Flera \u00e5tkomstd\u00f6rrar m\u00f6jligg\u00f6r enkel interaktion med dina djur. Ditt rymliga nya vardagsrum erbjuder plats f\u00f6r en m\u00e4ngd olika kycklingar, kaniner och mer. Tack vare den praktiska indelningen i paneler kan storleken p\u00e5 utloppsgallret enkelt justeras och f\u00f6rvaras bekv\u00e4mt. Uppt\u00e4ck nu bekv\u00e4mligheten i v\u00e5r sm\u00e5 djurbur, som \u00e4r som ett hem f\u00f6r dina sm\u00e5 \u00e4lsklingar.<\/p>\n<h3>Beskrivning:<\/h3>\n<ul>\n<li>Gener\u00f6s storlek f\u00f6r maximal komfort<\/li>\n<li>L\u00e4tt\u00e5tkomlig design med tv\u00e5 stora d\u00f6rrar f\u00f6r enkel \u00e5tkomst<\/li>\n<li>L\u00e4tt och b\u00e4rbar, l\u00e4tt att vika ihop f\u00f6r bekv\u00e4m f\u00f6rvaring<\/li>\n<li>Robust pip f\u00f6r p\u00e5litligt skydd<\/li>\n<li>Inkluderar 4 golvspetsar f\u00f6r extra stabilitet<\/li>\n<li>L\u00e4tt att montera med kopplingsbara ramar f\u00f6r anpassning<\/li>\n<\/ul>\n<h3>Teknisk data:<\/h3>\n<ul>\n<li>F\u00e4rg: gr\u00f6n<\/li>\n<li>Material: st\u00e5l, plast<\/li>\n<li>\u00d6vergripande m\u00e5tt: 220L x 103W x 103H cm<\/li>\n<li>Ytterd\u00f6rrens m\u00e5tt: 49L x 39W cm<\/li>\n<li>Sidod\u00f6rrens m\u00e5tt: 29L x 39W cm (vardera)<\/li>\n<li>Liten d\u00f6rr: 41L x 32,5W cm<\/li>\n<li>K\u00e5pans m\u00e5tt: 135,5L x 75W cm<\/li>\n<li>Avst\u00e5nd mellan st\u00e4ngerna: 3,3 cm<\/li>\n<\/ul>\n<h3>Leveransens omfattning:<\/h3>\n<ul>\n<li>1 x stor lekhage<\/li>\n<li>1 x bruksanvisning<\/li>\n<li>4 x markinsatser<\/li>\n<\/ul>\n","protected":false},"excerpt":{"rendered":"<p>F\u00f6rvandla ditt husdjurs liv med v\u00e5r lilla djurbur. Flera \u00e5tkomstd\u00f6rrar m\u00f6jligg\u00f6r enkel interaktion med dina djur. Ditt rymliga nya vardagsrum&#8230;<\/p>\n","protected":false},"featured_media":26897,"template":"","meta":[],"product_brand":[],"product_cat":[573,599,597],"product_tag":[],"class_list":{"0":"post-26896","1":"product","2":"type-product","3":"status-publish","4":"has-post-thumbnail","6":"product_cat-husdjursmaterial","7":"product_cat-sma-djurburar","8":"product_cat-sma-djurtillbehor","10":"first","11":"instock","12":"sale","13":"taxable","14":"shipping-taxable","15":"purchasable","16":"product-type-simple"},"yoast_head":"<!-- This site is optimized with the Yoast SEO plugin v25.4 - https:\/\/yoast.com\/wordpress\/plugins\/seo\/ -->\n<title>TRUUSK Lekhage f\u00f6r Sm\u00e5djur - Utomhusinh\u00e4gnad - 4 Golvspetsar - 220 cm x 103 cm x 103 cm - Svart + Gr\u00f6n - TRUUSK - Hem, Tr\u00e4dg\u00e5rd &amp; Fritid<\/title>\n<meta name=\"robots\" content=\"index, follow, max-snippet:-1, max-image-preview:large, max-video-preview:-1\" \/>\n<link rel=\"canonical\" href=\"https:\/\/truusk.store\/sv\/produkt\/truusk-lekhage-for-smadjur-utomhusinhagnad-4-golvspetsar-220-cm-x-103-cm-x-103-cm-svart-gron\/\" \/>\n<meta property=\"og:locale\" content=\"sv_SE\" \/>\n<meta property=\"og:type\" content=\"article\" \/>\n<meta property=\"og:title\" content=\"TRUUSK Lekhage f\u00f6r Sm\u00e5djur - Utomhusinh\u00e4gnad - 4 Golvspetsar - 220 cm x 103 cm x 103 cm - Svart + Gr\u00f6n - TRUUSK - Hem, Tr\u00e4dg\u00e5rd &amp; Fritid\" \/>\n<meta property=\"og:description\" content=\"F\u00f6rvandla ditt husdjurs liv med v\u00e5r lilla djurbur. Flera \u00e5tkomstd\u00f6rrar m\u00f6jligg\u00f6r enkel interaktion med dina djur. Ditt rymliga nya vardagsrum...\" \/>\n<meta property=\"og:url\" content=\"https:\/\/truusk.store\/sv\/produkt\/truusk-lekhage-for-smadjur-utomhusinhagnad-4-golvspetsar-220-cm-x-103-cm-x-103-cm-svart-gron\/\" \/>\n<meta property=\"og:site_name\" content=\"TRUUSK - Hem, Tr\u00e4dg\u00e5rd &amp; Fritid\" \/>\n<meta property=\"article:modified_time\" content=\"2026-03-12T08:07:10+00:00\" \/>\n<meta property=\"og:image\" content=\"https:\/\/i0.wp.com\/truusk.se\/wp-content\/uploads\/2024\/02\/lekhage-for-smadjur-utomhusinhagnad-4-st-golvspetsar-220-cm-x-103-cm-x-103-cm-svart-gron.webp?fit=800%2C800&ssl=1\" \/>\n\t<meta property=\"og:image:width\" content=\"800\" \/>\n\t<meta property=\"og:image:height\" content=\"800\" \/>\n\t<meta property=\"og:image:type\" content=\"image\/webp\" \/>\n<meta name=\"twitter:card\" content=\"summary_large_image\" \/>\n<meta name=\"twitter:label1\" content=\"Ber\u00e4knad l\u00e4stid\" \/>\n\t<meta name=\"twitter:data1\" content=\"1 minut\" \/>\n<!-- \/ Yoast SEO plugin. -->","yoast_head_json":{"title":"TRUUSK Lekhage f\u00f6r Sm\u00e5djur - Utomhusinh\u00e4gnad - 4 Golvspetsar - 220 cm x 103 cm x 103 cm - Svart + Gr\u00f6n - TRUUSK - Hem, Tr\u00e4dg\u00e5rd &amp; Fritid","robots":{"index":"index","follow":"follow","max-snippet":"max-snippet:-1","max-image-preview":"max-image-preview:large","max-video-preview":"max-video-preview:-1"},"canonical":"https:\/\/truusk.store\/sv\/produkt\/truusk-lekhage-for-smadjur-utomhusinhagnad-4-golvspetsar-220-cm-x-103-cm-x-103-cm-svart-gron\/","og_locale":"sv_SE","og_type":"article","og_title":"TRUUSK Lekhage f\u00f6r Sm\u00e5djur - Utomhusinh\u00e4gnad - 4 Golvspetsar - 220 cm x 103 cm x 103 cm - Svart + Gr\u00f6n - TRUUSK - Hem, Tr\u00e4dg\u00e5rd &amp; Fritid","og_description":"F\u00f6rvandla ditt husdjurs liv med v\u00e5r lilla djurbur. Flera \u00e5tkomstd\u00f6rrar m\u00f6jligg\u00f6r enkel interaktion med dina djur. Ditt rymliga nya vardagsrum...","og_url":"https:\/\/truusk.store\/sv\/produkt\/truusk-lekhage-for-smadjur-utomhusinhagnad-4-golvspetsar-220-cm-x-103-cm-x-103-cm-svart-gron\/","og_site_name":"TRUUSK - Hem, Tr\u00e4dg\u00e5rd &amp; Fritid","article_modified_time":"2026-03-12T08:07:10+00:00","og_image":[{"width":800,"height":800,"url":"https:\/\/i0.wp.com\/truusk.se\/wp-content\/uploads\/2024\/02\/lekhage-for-smadjur-utomhusinhagnad-4-st-golvspetsar-220-cm-x-103-cm-x-103-cm-svart-gron.webp?fit=800%2C800&ssl=1","type":"image\/webp"}],"twitter_card":"summary_large_image","twitter_misc":{"Ber\u00e4knad l\u00e4stid":"1 minut"},"schema":{"@context":"https:\/\/schema.org","@graph":[{"@type":"WebPage","@id":"https:\/\/truusk.store\/sv\/produkt\/truusk-lekhage-for-smadjur-utomhusinhagnad-4-golvspetsar-220-cm-x-103-cm-x-103-cm-svart-gron\/","url":"https:\/\/truusk.store\/sv\/produkt\/truusk-lekhage-for-smadjur-utomhusinhagnad-4-golvspetsar-220-cm-x-103-cm-x-103-cm-svart-gron\/","name":"TRUUSK Lekhage f\u00f6r Sm\u00e5djur - Utomhusinh\u00e4gnad - 4 Golvspetsar - 220 cm x 103 cm x 103 cm - Svart + Gr\u00f6n - TRUUSK - Hem, Tr\u00e4dg\u00e5rd &amp; Fritid","isPartOf":{"@id":"https:\/\/truusk.store\/sv\/#website"},"primaryImageOfPage":{"@id":"https:\/\/truusk.store\/sv\/produkt\/truusk-lekhage-for-smadjur-utomhusinhagnad-4-golvspetsar-220-cm-x-103-cm-x-103-cm-svart-gron\/#primaryimage"},"image":{"@id":"https:\/\/truusk.store\/sv\/produkt\/truusk-lekhage-for-smadjur-utomhusinhagnad-4-golvspetsar-220-cm-x-103-cm-x-103-cm-svart-gron\/#primaryimage"},"thumbnailUrl":"https:\/\/i0.wp.com\/truusk.store\/wp-content\/uploads\/2024\/02\/lekhage-for-smadjur-utomhusinhagnad-4-st-golvspetsar-220-cm-x-103-cm-x-103-cm-svart-gron.webp?fit=800%2C800&ssl=1","datePublished":"2024-02-13T17:44:51+00:00","dateModified":"2026-03-12T08:07:10+00:00","breadcrumb":{"@id":"https:\/\/truusk.store\/sv\/produkt\/truusk-lekhage-for-smadjur-utomhusinhagnad-4-golvspetsar-220-cm-x-103-cm-x-103-cm-svart-gron\/#breadcrumb"},"inLanguage":"sv-SE","potentialAction":[{"@type":"ReadAction","target":["https:\/\/truusk.store\/sv\/produkt\/truusk-lekhage-for-smadjur-utomhusinhagnad-4-golvspetsar-220-cm-x-103-cm-x-103-cm-svart-gron\/"]}]},{"@type":"ImageObject","inLanguage":"sv-SE","@id":"https:\/\/truusk.store\/sv\/produkt\/truusk-lekhage-for-smadjur-utomhusinhagnad-4-golvspetsar-220-cm-x-103-cm-x-103-cm-svart-gron\/#primaryimage","url":"https:\/\/i0.wp.com\/truusk.store\/wp-content\/uploads\/2024\/02\/lekhage-for-smadjur-utomhusinhagnad-4-st-golvspetsar-220-cm-x-103-cm-x-103-cm-svart-gron.webp?fit=800%2C800&ssl=1","contentUrl":"https:\/\/i0.wp.com\/truusk.store\/wp-content\/uploads\/2024\/02\/lekhage-for-smadjur-utomhusinhagnad-4-st-golvspetsar-220-cm-x-103-cm-x-103-cm-svart-gron.webp?fit=800%2C800&ssl=1","width":800,"height":800,"caption":"Lekhage F\u00f6r Sm\u00e5djur, Utomhusinh\u00e4gnad, 4 St Golvspetsar, 220 Cm X 103 Cm X 103 Cm, Svart + Gr\u00f6n 1"},{"@type":"BreadcrumbList","@id":"https:\/\/truusk.store\/sv\/produkt\/truusk-lekhage-for-smadjur-utomhusinhagnad-4-golvspetsar-220-cm-x-103-cm-x-103-cm-svart-gron\/#breadcrumb","itemListElement":[{"@type":"ListItem","position":1,"name":"Home","item":"https:\/\/truusk.store\/sv\/"},{"@type":"ListItem","position":2,"name":"Shop","item":"https:\/\/truusk.store\/shop\/"},{"@type":"ListItem","position":3,"name":"TRUUSK Lekhage f\u00f6r Sm\u00e5djur &#8211; Utomhusinh\u00e4gnad &#8211; 4 Golvspetsar &#8211; 220 cm x 103 cm x 103 cm &#8211; Svart + Gr\u00f6n"}]},{"@type":"WebSite","@id":"https:\/\/truusk.store\/sv\/#website","url":"https:\/\/truusk.store\/sv\/","name":"TRUUSK - Hem, Tr\u00e4dg\u00e5rd & Fritid","description":"","publisher":{"@id":"https:\/\/truusk.store\/sv\/#organization"},"potentialAction":[{"@type":"SearchAction","target":{"@type":"EntryPoint","urlTemplate":"https:\/\/truusk.store\/sv\/?s={search_term_string}"},"query-input":{"@type":"PropertyValueSpecification","valueRequired":true,"valueName":"search_term_string"}}],"inLanguage":"sv-SE"},{"@type":"Organization","@id":"https:\/\/truusk.store\/sv\/#organization","name":"TRUUSK - Hem, Tr\u00e4dg\u00e5rd & Fritid","url":"https:\/\/truusk.store\/sv\/","logo":{"@type":"ImageObject","inLanguage":"sv-SE","@id":"https:\/\/truusk.store\/sv\/#\/schema\/logo\/image\/","url":"https:\/\/i0.wp.com\/truusk.store\/wp-content\/uploads\/2026\/03\/cropped-TRUUSK.png?fit=2032%2C917&ssl=1","contentUrl":"https:\/\/i0.wp.com\/truusk.store\/wp-content\/uploads\/2026\/03\/cropped-TRUUSK.png?fit=2032%2C917&ssl=1","width":2032,"height":917,"caption":"TRUUSK - Hem, Tr\u00e4dg\u00e5rd & Fritid"},"image":{"@id":"https:\/\/truusk.store\/sv\/#\/schema\/logo\/image\/"}}]}},"jetpack_sharing_enabled":true,"_links":{"self":[{"href":"https:\/\/truusk.store\/sv\/wp-json\/wp\/v2\/product\/26896","targetHints":{"allow":["GET"]}}],"collection":[{"href":"https:\/\/truusk.store\/sv\/wp-json\/wp\/v2\/product"}],"about":[{"href":"https:\/\/truusk.store\/sv\/wp-json\/wp\/v2\/types\/product"}],"wp:featuredmedia":[{"embeddable":true,"href":"https:\/\/truusk.store\/sv\/wp-json\/wp\/v2\/media\/26897"}],"wp:attachment":[{"href":"https:\/\/truusk.store\/sv\/wp-json\/wp\/v2\/media?parent=26896"}],"wp:term":[{"taxonomy":"product_brand","embeddable":true,"href":"https:\/\/truusk.store\/sv\/wp-json\/wp\/v2\/product_brand?post=26896"},{"taxonomy":"product_cat","embeddable":true,"href":"https:\/\/truusk.store\/sv\/wp-json\/wp\/v2\/product_cat?post=26896"},{"taxonomy":"product_tag","embeddable":true,"href":"https:\/\/truusk.store\/sv\/wp-json\/wp\/v2\/product_tag?post=26896"}],"curies":[{"name":"wp","href":"https:\/\/api.w.org\/{rel}","templated":true}]}}