{"id":27044,"date":"2024-02-13T18:49:43","date_gmt":"2024-02-13T17:49:43","guid":{"rendered":"https:\/\/truusk.store\/product\/tvattkorg-av-pilspo-tvattlada-tvattuppsamlare-flatad-med-tvattpase-med-lock-natur-100l-51-x-38-x-57-cm\/"},"modified":"2026-03-12T09:07:11","modified_gmt":"2026-03-12T08:07:11","slug":"truusk-tvattkorg-av-pilspo-flatad-tvattlada-med-lock-natur-100l-51-x-38-x-57-cm","status":"publish","type":"product","link":"https:\/\/truusk.store\/sv\/produkt\/truusk-tvattkorg-av-pilspo-flatad-tvattlada-med-lock-natur-100l-51-x-38-x-57-cm\/","title":{"rendered":"TRUUSK Tv\u00e4ttkorg av pilsp\u00f6 &#8211; Fl\u00e4tad tv\u00e4ttl\u00e5da med lock &#8211; Natur &#8211; 100L &#8211; 51 x 38 x 57 cm"},"content":{"rendered":"<p>Denna fl\u00e4tade tv\u00e4ttkorg \u00e4r den idealiska l\u00f6sningen f\u00f6r varje hush\u00e5ll. Det h\u00e5ller all din tv\u00e4tt redo att tv\u00e4ttas och sparar dig timmar av att leta efter tv\u00e4tt. Tillverkad av naturligt fl\u00e4tat material, med ett avtagbart tygfoder f\u00f6r enkel hantering. Locket ser till att inga obehagliga lukter uppst\u00e5r.<\/p>\n<h3>Beskrivning:<\/h3>\n<ul>\n<li>Avtagbar tv\u00e4ttp\u00e5se f\u00f6r att enkelt ta med smutstv\u00e4tt till tv\u00e4ttmaskinen<\/li>\n<li>Rymlig interi\u00f6r, perfekt f\u00f6r att samla smutsiga kl\u00e4der, strumpor, handdukar eller leksaker<\/li>\n<li>Handv\u00e4vd pil, naturlig sk\u00f6nhet f\u00f6r ditt hem<\/li>\n<li>Kompakt storlek, v\u00e4l l\u00e4mpad f\u00f6r badrum, sovrum eller tv\u00e4ttstuga<\/li>\n<li>Topplock med handtag, h\u00e5ller obehagliga lukter inuti<\/li>\n<li>Ingen montering kr\u00e4vs<\/li>\n<\/ul>\n<h3>Teknisk data:<\/h3>\n<ul>\n<li>F\u00e4rg: Naturlig<\/li>\n<li>Material: pilsp\u00f6<\/li>\n<li>Totala m\u00e5tt: 51L x 38W x 57H cm<\/li>\n<li>Innerficka storlek: 48L x 35W x 55H cm<\/li>\n<li>Lastkapacitet: 15 kg<\/li>\n<\/ul>\n<h3>Leveransens omfattning:<\/h3>\n<ul>\n<li>1 x tv\u00e4ttkorg<\/li>\n<li>1 x Instruktioner<\/li>\n<\/ul>\n","protected":false},"excerpt":{"rendered":"<p>Denna fl\u00e4tade tv\u00e4ttkorg \u00e4r den idealiska l\u00f6sningen f\u00f6r varje hush\u00e5ll. Det h\u00e5ller all din tv\u00e4tt redo att tv\u00e4ttas och sparar&#8230;<\/p>\n","protected":false},"featured_media":27045,"template":"","meta":[],"product_brand":[],"product_cat":[489,485,492],"product_tag":[],"class_list":{"0":"post-27044","1":"product","2":"type-product","3":"status-publish","4":"has-post-thumbnail","6":"product_cat-badrum-sanitar","7":"product_cat-hus-bo","8":"product_cat-tvattkorgar","10":"first","11":"instock","12":"sale","13":"taxable","14":"shipping-taxable","15":"purchasable","16":"product-type-simple"},"yoast_head":"<!-- This site is optimized with the Yoast SEO plugin v25.4 - https:\/\/yoast.com\/wordpress\/plugins\/seo\/ -->\n<title>TRUUSK Tv\u00e4ttkorg av pilsp\u00f6 - Fl\u00e4tad tv\u00e4ttl\u00e5da med lock - Natur - 100L - 51 x 38 x 57 cm - TRUUSK - Hem, Tr\u00e4dg\u00e5rd &amp; Fritid<\/title>\n<meta name=\"robots\" content=\"index, follow, max-snippet:-1, max-image-preview:large, max-video-preview:-1\" \/>\n<link rel=\"canonical\" href=\"https:\/\/truusk.store\/sv\/produkt\/truusk-tvattkorg-av-pilspo-flatad-tvattlada-med-lock-natur-100l-51-x-38-x-57-cm\/\" \/>\n<meta property=\"og:locale\" content=\"sv_SE\" \/>\n<meta property=\"og:type\" content=\"article\" \/>\n<meta property=\"og:title\" content=\"TRUUSK Tv\u00e4ttkorg av pilsp\u00f6 - Fl\u00e4tad tv\u00e4ttl\u00e5da med lock - Natur - 100L - 51 x 38 x 57 cm - TRUUSK - Hem, Tr\u00e4dg\u00e5rd &amp; Fritid\" \/>\n<meta property=\"og:description\" content=\"Denna fl\u00e4tade tv\u00e4ttkorg \u00e4r den idealiska l\u00f6sningen f\u00f6r varje hush\u00e5ll. Det h\u00e5ller all din tv\u00e4tt redo att tv\u00e4ttas och sparar...\" \/>\n<meta property=\"og:url\" content=\"https:\/\/truusk.store\/sv\/produkt\/truusk-tvattkorg-av-pilspo-flatad-tvattlada-med-lock-natur-100l-51-x-38-x-57-cm\/\" \/>\n<meta property=\"og:site_name\" content=\"TRUUSK - Hem, Tr\u00e4dg\u00e5rd &amp; Fritid\" \/>\n<meta property=\"article:modified_time\" content=\"2026-03-12T08:07:11+00:00\" \/>\n<meta property=\"og:image\" content=\"https:\/\/i0.wp.com\/truusk.se\/wp-content\/uploads\/2024\/02\/tvattkorg-av-pilspo-tvattlada-tvattuppsamlare-flatad-med-tvattpase-med-lock-natur-100l-51-x-38-x-57-cm.webp?fit=800%2C800&ssl=1\" \/>\n\t<meta property=\"og:image:width\" content=\"800\" \/>\n\t<meta property=\"og:image:height\" content=\"800\" \/>\n\t<meta property=\"og:image:type\" content=\"image\/webp\" \/>\n<meta name=\"twitter:card\" content=\"summary_large_image\" \/>\n<meta name=\"twitter:label1\" content=\"Ber\u00e4knad l\u00e4stid\" \/>\n\t<meta name=\"twitter:data1\" content=\"1 minut\" \/>\n<!-- \/ Yoast SEO plugin. -->","yoast_head_json":{"title":"TRUUSK Tv\u00e4ttkorg av pilsp\u00f6 - Fl\u00e4tad tv\u00e4ttl\u00e5da med lock - Natur - 100L - 51 x 38 x 57 cm - TRUUSK - Hem, Tr\u00e4dg\u00e5rd &amp; Fritid","robots":{"index":"index","follow":"follow","max-snippet":"max-snippet:-1","max-image-preview":"max-image-preview:large","max-video-preview":"max-video-preview:-1"},"canonical":"https:\/\/truusk.store\/sv\/produkt\/truusk-tvattkorg-av-pilspo-flatad-tvattlada-med-lock-natur-100l-51-x-38-x-57-cm\/","og_locale":"sv_SE","og_type":"article","og_title":"TRUUSK Tv\u00e4ttkorg av pilsp\u00f6 - Fl\u00e4tad tv\u00e4ttl\u00e5da med lock - Natur - 100L - 51 x 38 x 57 cm - TRUUSK - Hem, Tr\u00e4dg\u00e5rd &amp; Fritid","og_description":"Denna fl\u00e4tade tv\u00e4ttkorg \u00e4r den idealiska l\u00f6sningen f\u00f6r varje hush\u00e5ll. Det h\u00e5ller all din tv\u00e4tt redo att tv\u00e4ttas och sparar...","og_url":"https:\/\/truusk.store\/sv\/produkt\/truusk-tvattkorg-av-pilspo-flatad-tvattlada-med-lock-natur-100l-51-x-38-x-57-cm\/","og_site_name":"TRUUSK - Hem, Tr\u00e4dg\u00e5rd &amp; Fritid","article_modified_time":"2026-03-12T08:07:11+00:00","og_image":[{"width":800,"height":800,"url":"https:\/\/i0.wp.com\/truusk.se\/wp-content\/uploads\/2024\/02\/tvattkorg-av-pilspo-tvattlada-tvattuppsamlare-flatad-med-tvattpase-med-lock-natur-100l-51-x-38-x-57-cm.webp?fit=800%2C800&ssl=1","type":"image\/webp"}],"twitter_card":"summary_large_image","twitter_misc":{"Ber\u00e4knad l\u00e4stid":"1 minut"},"schema":{"@context":"https:\/\/schema.org","@graph":[{"@type":"WebPage","@id":"https:\/\/truusk.store\/sv\/produkt\/truusk-tvattkorg-av-pilspo-flatad-tvattlada-med-lock-natur-100l-51-x-38-x-57-cm\/","url":"https:\/\/truusk.store\/sv\/produkt\/truusk-tvattkorg-av-pilspo-flatad-tvattlada-med-lock-natur-100l-51-x-38-x-57-cm\/","name":"TRUUSK Tv\u00e4ttkorg av pilsp\u00f6 - Fl\u00e4tad tv\u00e4ttl\u00e5da med lock - Natur - 100L - 51 x 38 x 57 cm - TRUUSK - Hem, Tr\u00e4dg\u00e5rd &amp; Fritid","isPartOf":{"@id":"https:\/\/truusk.store\/sv\/#website"},"primaryImageOfPage":{"@id":"https:\/\/truusk.store\/sv\/produkt\/truusk-tvattkorg-av-pilspo-flatad-tvattlada-med-lock-natur-100l-51-x-38-x-57-cm\/#primaryimage"},"image":{"@id":"https:\/\/truusk.store\/sv\/produkt\/truusk-tvattkorg-av-pilspo-flatad-tvattlada-med-lock-natur-100l-51-x-38-x-57-cm\/#primaryimage"},"thumbnailUrl":"https:\/\/i0.wp.com\/truusk.store\/wp-content\/uploads\/2024\/02\/tvattkorg-av-pilspo-tvattlada-tvattuppsamlare-flatad-med-tvattpase-med-lock-natur-100l-51-x-38-x-57-cm.webp?fit=800%2C800&ssl=1","datePublished":"2024-02-13T17:49:43+00:00","dateModified":"2026-03-12T08:07:11+00:00","breadcrumb":{"@id":"https:\/\/truusk.store\/sv\/produkt\/truusk-tvattkorg-av-pilspo-flatad-tvattlada-med-lock-natur-100l-51-x-38-x-57-cm\/#breadcrumb"},"inLanguage":"sv-SE","potentialAction":[{"@type":"ReadAction","target":["https:\/\/truusk.store\/sv\/produkt\/truusk-tvattkorg-av-pilspo-flatad-tvattlada-med-lock-natur-100l-51-x-38-x-57-cm\/"]}]},{"@type":"ImageObject","inLanguage":"sv-SE","@id":"https:\/\/truusk.store\/sv\/produkt\/truusk-tvattkorg-av-pilspo-flatad-tvattlada-med-lock-natur-100l-51-x-38-x-57-cm\/#primaryimage","url":"https:\/\/i0.wp.com\/truusk.store\/wp-content\/uploads\/2024\/02\/tvattkorg-av-pilspo-tvattlada-tvattuppsamlare-flatad-med-tvattpase-med-lock-natur-100l-51-x-38-x-57-cm.webp?fit=800%2C800&ssl=1","contentUrl":"https:\/\/i0.wp.com\/truusk.store\/wp-content\/uploads\/2024\/02\/tvattkorg-av-pilspo-tvattlada-tvattuppsamlare-flatad-med-tvattpase-med-lock-natur-100l-51-x-38-x-57-cm.webp?fit=800%2C800&ssl=1","width":800,"height":800,"caption":"Tv\u00e4ttkorg Av Pilsp\u00f6 Tv\u00e4ttl\u00e5da Tv\u00e4ttuppsamlare Fl\u00e4tad Med Tv\u00e4ttp\u00e5se Med Lock Natur 100L 51 X 38 X 57 Cm 1"},{"@type":"BreadcrumbList","@id":"https:\/\/truusk.store\/sv\/produkt\/truusk-tvattkorg-av-pilspo-flatad-tvattlada-med-lock-natur-100l-51-x-38-x-57-cm\/#breadcrumb","itemListElement":[{"@type":"ListItem","position":1,"name":"Home","item":"https:\/\/truusk.store\/sv\/"},{"@type":"ListItem","position":2,"name":"Shop","item":"https:\/\/truusk.store\/shop\/"},{"@type":"ListItem","position":3,"name":"TRUUSK Tv\u00e4ttkorg av pilsp\u00f6 &#8211; Fl\u00e4tad tv\u00e4ttl\u00e5da med lock &#8211; Natur &#8211; 100L &#8211; 51 x 38 x 57 cm"}]},{"@type":"WebSite","@id":"https:\/\/truusk.store\/sv\/#website","url":"https:\/\/truusk.store\/sv\/","name":"TRUUSK - Hem, Tr\u00e4dg\u00e5rd & Fritid","description":"","publisher":{"@id":"https:\/\/truusk.store\/sv\/#organization"},"potentialAction":[{"@type":"SearchAction","target":{"@type":"EntryPoint","urlTemplate":"https:\/\/truusk.store\/sv\/?s={search_term_string}"},"query-input":{"@type":"PropertyValueSpecification","valueRequired":true,"valueName":"search_term_string"}}],"inLanguage":"sv-SE"},{"@type":"Organization","@id":"https:\/\/truusk.store\/sv\/#organization","name":"TRUUSK - Hem, Tr\u00e4dg\u00e5rd & Fritid","url":"https:\/\/truusk.store\/sv\/","logo":{"@type":"ImageObject","inLanguage":"sv-SE","@id":"https:\/\/truusk.store\/sv\/#\/schema\/logo\/image\/","url":"https:\/\/i0.wp.com\/truusk.store\/wp-content\/uploads\/2026\/03\/cropped-TRUUSK.png?fit=2032%2C917&ssl=1","contentUrl":"https:\/\/i0.wp.com\/truusk.store\/wp-content\/uploads\/2026\/03\/cropped-TRUUSK.png?fit=2032%2C917&ssl=1","width":2032,"height":917,"caption":"TRUUSK - Hem, Tr\u00e4dg\u00e5rd & Fritid"},"image":{"@id":"https:\/\/truusk.store\/sv\/#\/schema\/logo\/image\/"}}]}},"jetpack_sharing_enabled":true,"_links":{"self":[{"href":"https:\/\/truusk.store\/sv\/wp-json\/wp\/v2\/product\/27044","targetHints":{"allow":["GET"]}}],"collection":[{"href":"https:\/\/truusk.store\/sv\/wp-json\/wp\/v2\/product"}],"about":[{"href":"https:\/\/truusk.store\/sv\/wp-json\/wp\/v2\/types\/product"}],"wp:featuredmedia":[{"embeddable":true,"href":"https:\/\/truusk.store\/sv\/wp-json\/wp\/v2\/media\/27045"}],"wp:attachment":[{"href":"https:\/\/truusk.store\/sv\/wp-json\/wp\/v2\/media?parent=27044"}],"wp:term":[{"taxonomy":"product_brand","embeddable":true,"href":"https:\/\/truusk.store\/sv\/wp-json\/wp\/v2\/product_brand?post=27044"},{"taxonomy":"product_cat","embeddable":true,"href":"https:\/\/truusk.store\/sv\/wp-json\/wp\/v2\/product_cat?post=27044"},{"taxonomy":"product_tag","embeddable":true,"href":"https:\/\/truusk.store\/sv\/wp-json\/wp\/v2\/product_tag?post=27044"}],"curies":[{"name":"wp","href":"https:\/\/api.w.org\/{rel}","templated":true}]}}