{"id":27182,"date":"2024-02-13T18:54:11","date_gmt":"2024-02-13T17:54:11","guid":{"rendered":"https:\/\/truusk.store\/product\/set-med-2-barstolar-med-knappsommar-massivt-tra-inklusive-fotstod-47-cm-x-50-cm-x-101-cm-gra-natur\/"},"modified":"2026-03-12T09:07:14","modified_gmt":"2026-03-12T08:07:14","slug":"truusk-set-med-2-barstolar-knappsommar-massivt-tra-fotstod-47x50x101-cm-gra-natur","status":"publish","type":"product","link":"https:\/\/truusk.store\/sv\/produkt\/truusk-set-med-2-barstolar-knappsommar-massivt-tra-fotstod-47x50x101-cm-gra-natur\/","title":{"rendered":"TRUUSK Set med 2 Barstolar &#8211; Knapps\u00f6mmar &#8211; Massivt Tr\u00e4 &#8211; Fotst\u00f6d &#8211; 47x50x101 cm &#8211; Gr\u00e5\/Natur"},"content":{"rendered":"<p>Dessa eleganta barstolar kommer i en dubbel f\u00f6rpackning. Den eleganta designen och h\u00f6gkvalitativa materialet g\u00f6r dessa barstolar till en extravagant sittupplevelse. Gener\u00f6s stoppning och inbyggda fj\u00e4drar ger en h\u00f6g niv\u00e5 av sittkomfort. Oavsett om det \u00e4r en k\u00f6ksb\u00e4nk, en hemmabar eller ett festrum \u2013 dessa barstolar ser bra ut \u00f6verallt.<\/p>\n<h3>Beskrivning:<\/h3>\n<ul>\n<li>Set med 2 barstolar<\/li>\n<li>Klassisk tuftning t\u00e4cker det eleganta ryggst\u00f6det<\/li>\n<li>Fj\u00e4derbelastad, mjuk stoppning f\u00f6r h\u00f6g sittkomfort<\/li>\n<li>Fotst\u00f6det hj\u00e4lper till att bibeh\u00e5lla en avslappnad h\u00e5llning<\/li>\n<li>Polyestertyg i linne-look och ben av gummitr\u00e4 f\u00f6r enkel reng\u00f6ring<\/li>\n<li>Montering kr\u00e4vs<\/li>\n<\/ul>\n<h3>Teknisk data:<\/h3>\n<ul>\n<li>F\u00e4rg beige<\/li>\n<li>Material: linne touch polyester, gummi tr\u00e4<\/li>\n<li>\u00d6vergripande m\u00e5tt: 47W x 50D x 101H cm<\/li>\n<li>Sitsstorlek: 47W x 41D cm<\/li>\n<li>Sitth\u00f6jd: 67 cm<\/li>\n<li>Ryggstorlek: 47L x 42W cm<\/li>\n<li>Lastkapacitet: 120 kg<\/li>\n<\/ul>\n<h3>Leveransens omfattning:<\/h3>\n<ul>\n<li>2 x barstolar<\/li>\n<li>1 x monteringsanvisning<\/li>\n<\/ul>\n","protected":false},"excerpt":{"rendered":"<p>Dessa eleganta barstolar kommer i en dubbel f\u00f6rpackning. Den eleganta designen och h\u00f6gkvalitativa materialet g\u00f6r dessa barstolar till en extravagant&#8230;<\/p>\n","protected":false},"featured_media":27183,"template":"","meta":[],"product_brand":[],"product_cat":[544,485,542],"product_tag":[],"class_list":{"0":"post-27182","1":"product","2":"type-product","3":"status-publish","4":"has-post-thumbnail","6":"product_cat-barstol","7":"product_cat-hus-bo","8":"product_cat-pall","10":"first","11":"instock","12":"sale","13":"taxable","14":"shipping-taxable","15":"purchasable","16":"product-type-simple"},"yoast_head":"<!-- This site is optimized with the Yoast SEO plugin v25.4 - https:\/\/yoast.com\/wordpress\/plugins\/seo\/ -->\n<title>TRUUSK Set med 2 Barstolar - Knapps\u00f6mmar - Massivt Tr\u00e4 - Fotst\u00f6d - 47x50x101 cm - Gr\u00e5\/Natur - TRUUSK - Hem, Tr\u00e4dg\u00e5rd &amp; Fritid<\/title>\n<meta name=\"robots\" content=\"index, follow, max-snippet:-1, max-image-preview:large, max-video-preview:-1\" \/>\n<link rel=\"canonical\" href=\"https:\/\/truusk.store\/sv\/produkt\/truusk-set-med-2-barstolar-knappsommar-massivt-tra-fotstod-47x50x101-cm-gra-natur\/\" \/>\n<meta property=\"og:locale\" content=\"sv_SE\" \/>\n<meta property=\"og:type\" content=\"article\" \/>\n<meta property=\"og:title\" content=\"TRUUSK Set med 2 Barstolar - Knapps\u00f6mmar - Massivt Tr\u00e4 - Fotst\u00f6d - 47x50x101 cm - Gr\u00e5\/Natur - TRUUSK - Hem, Tr\u00e4dg\u00e5rd &amp; Fritid\" \/>\n<meta property=\"og:description\" content=\"Dessa eleganta barstolar kommer i en dubbel f\u00f6rpackning. Den eleganta designen och h\u00f6gkvalitativa materialet g\u00f6r dessa barstolar till en extravagant...\" \/>\n<meta property=\"og:url\" content=\"https:\/\/truusk.store\/sv\/produkt\/truusk-set-med-2-barstolar-knappsommar-massivt-tra-fotstod-47x50x101-cm-gra-natur\/\" \/>\n<meta property=\"og:site_name\" content=\"TRUUSK - Hem, Tr\u00e4dg\u00e5rd &amp; Fritid\" \/>\n<meta property=\"article:modified_time\" content=\"2026-03-12T08:07:14+00:00\" \/>\n<meta property=\"og:image\" content=\"https:\/\/i0.wp.com\/truusk.se\/wp-content\/uploads\/2024\/02\/set-med-2-barstolar-med-knappsommar-massivt-tra-inklusive-fotstod-47-cm-x-50-cm-x-101-cm-gra-natur.webp?fit=800%2C800&ssl=1\" \/>\n\t<meta property=\"og:image:width\" content=\"800\" \/>\n\t<meta property=\"og:image:height\" content=\"800\" \/>\n\t<meta property=\"og:image:type\" content=\"image\/webp\" \/>\n<meta name=\"twitter:card\" content=\"summary_large_image\" \/>\n<meta name=\"twitter:label1\" content=\"Ber\u00e4knad l\u00e4stid\" \/>\n\t<meta name=\"twitter:data1\" content=\"1 minut\" \/>\n<!-- \/ Yoast SEO plugin. -->","yoast_head_json":{"title":"TRUUSK Set med 2 Barstolar - Knapps\u00f6mmar - Massivt Tr\u00e4 - Fotst\u00f6d - 47x50x101 cm - Gr\u00e5\/Natur - TRUUSK - Hem, Tr\u00e4dg\u00e5rd &amp; Fritid","robots":{"index":"index","follow":"follow","max-snippet":"max-snippet:-1","max-image-preview":"max-image-preview:large","max-video-preview":"max-video-preview:-1"},"canonical":"https:\/\/truusk.store\/sv\/produkt\/truusk-set-med-2-barstolar-knappsommar-massivt-tra-fotstod-47x50x101-cm-gra-natur\/","og_locale":"sv_SE","og_type":"article","og_title":"TRUUSK Set med 2 Barstolar - Knapps\u00f6mmar - Massivt Tr\u00e4 - Fotst\u00f6d - 47x50x101 cm - Gr\u00e5\/Natur - TRUUSK - Hem, Tr\u00e4dg\u00e5rd &amp; Fritid","og_description":"Dessa eleganta barstolar kommer i en dubbel f\u00f6rpackning. Den eleganta designen och h\u00f6gkvalitativa materialet g\u00f6r dessa barstolar till en extravagant...","og_url":"https:\/\/truusk.store\/sv\/produkt\/truusk-set-med-2-barstolar-knappsommar-massivt-tra-fotstod-47x50x101-cm-gra-natur\/","og_site_name":"TRUUSK - Hem, Tr\u00e4dg\u00e5rd &amp; Fritid","article_modified_time":"2026-03-12T08:07:14+00:00","og_image":[{"width":800,"height":800,"url":"https:\/\/i0.wp.com\/truusk.se\/wp-content\/uploads\/2024\/02\/set-med-2-barstolar-med-knappsommar-massivt-tra-inklusive-fotstod-47-cm-x-50-cm-x-101-cm-gra-natur.webp?fit=800%2C800&ssl=1","type":"image\/webp"}],"twitter_card":"summary_large_image","twitter_misc":{"Ber\u00e4knad l\u00e4stid":"1 minut"},"schema":{"@context":"https:\/\/schema.org","@graph":[{"@type":"WebPage","@id":"https:\/\/truusk.store\/sv\/produkt\/truusk-set-med-2-barstolar-knappsommar-massivt-tra-fotstod-47x50x101-cm-gra-natur\/","url":"https:\/\/truusk.store\/sv\/produkt\/truusk-set-med-2-barstolar-knappsommar-massivt-tra-fotstod-47x50x101-cm-gra-natur\/","name":"TRUUSK Set med 2 Barstolar - Knapps\u00f6mmar - Massivt Tr\u00e4 - Fotst\u00f6d - 47x50x101 cm - Gr\u00e5\/Natur - TRUUSK - Hem, Tr\u00e4dg\u00e5rd &amp; Fritid","isPartOf":{"@id":"https:\/\/truusk.store\/sv\/#website"},"primaryImageOfPage":{"@id":"https:\/\/truusk.store\/sv\/produkt\/truusk-set-med-2-barstolar-knappsommar-massivt-tra-fotstod-47x50x101-cm-gra-natur\/#primaryimage"},"image":{"@id":"https:\/\/truusk.store\/sv\/produkt\/truusk-set-med-2-barstolar-knappsommar-massivt-tra-fotstod-47x50x101-cm-gra-natur\/#primaryimage"},"thumbnailUrl":"https:\/\/i0.wp.com\/truusk.store\/wp-content\/uploads\/2024\/02\/set-med-2-barstolar-med-knappsommar-massivt-tra-inklusive-fotstod-47-cm-x-50-cm-x-101-cm-gra-natur.webp?fit=800%2C800&ssl=1","datePublished":"2024-02-13T17:54:11+00:00","dateModified":"2026-03-12T08:07:14+00:00","breadcrumb":{"@id":"https:\/\/truusk.store\/sv\/produkt\/truusk-set-med-2-barstolar-knappsommar-massivt-tra-fotstod-47x50x101-cm-gra-natur\/#breadcrumb"},"inLanguage":"sv-SE","potentialAction":[{"@type":"ReadAction","target":["https:\/\/truusk.store\/sv\/produkt\/truusk-set-med-2-barstolar-knappsommar-massivt-tra-fotstod-47x50x101-cm-gra-natur\/"]}]},{"@type":"ImageObject","inLanguage":"sv-SE","@id":"https:\/\/truusk.store\/sv\/produkt\/truusk-set-med-2-barstolar-knappsommar-massivt-tra-fotstod-47x50x101-cm-gra-natur\/#primaryimage","url":"https:\/\/i0.wp.com\/truusk.store\/wp-content\/uploads\/2024\/02\/set-med-2-barstolar-med-knappsommar-massivt-tra-inklusive-fotstod-47-cm-x-50-cm-x-101-cm-gra-natur.webp?fit=800%2C800&ssl=1","contentUrl":"https:\/\/i0.wp.com\/truusk.store\/wp-content\/uploads\/2024\/02\/set-med-2-barstolar-med-knappsommar-massivt-tra-inklusive-fotstod-47-cm-x-50-cm-x-101-cm-gra-natur.webp?fit=800%2C800&ssl=1","width":800,"height":800,"caption":"Set Med 2 Barstolar Med Knapps\u00f6mmar, Massivt Tr\u00e4, Inklusive Fotst\u00f6d, 47 Cm X 50 Cm X 101 Cm, Gr\u00e5 + Natur 1"},{"@type":"BreadcrumbList","@id":"https:\/\/truusk.store\/sv\/produkt\/truusk-set-med-2-barstolar-knappsommar-massivt-tra-fotstod-47x50x101-cm-gra-natur\/#breadcrumb","itemListElement":[{"@type":"ListItem","position":1,"name":"Home","item":"https:\/\/truusk.store\/sv\/"},{"@type":"ListItem","position":2,"name":"Shop","item":"https:\/\/truusk.store\/shop\/"},{"@type":"ListItem","position":3,"name":"TRUUSK Set med 2 Barstolar &#8211; Knapps\u00f6mmar &#8211; Massivt Tr\u00e4 &#8211; Fotst\u00f6d &#8211; 47x50x101 cm &#8211; Gr\u00e5\/Natur"}]},{"@type":"WebSite","@id":"https:\/\/truusk.store\/sv\/#website","url":"https:\/\/truusk.store\/sv\/","name":"TRUUSK - Hem, Tr\u00e4dg\u00e5rd & Fritid","description":"","publisher":{"@id":"https:\/\/truusk.store\/sv\/#organization"},"potentialAction":[{"@type":"SearchAction","target":{"@type":"EntryPoint","urlTemplate":"https:\/\/truusk.store\/sv\/?s={search_term_string}"},"query-input":{"@type":"PropertyValueSpecification","valueRequired":true,"valueName":"search_term_string"}}],"inLanguage":"sv-SE"},{"@type":"Organization","@id":"https:\/\/truusk.store\/sv\/#organization","name":"TRUUSK - Hem, Tr\u00e4dg\u00e5rd & Fritid","url":"https:\/\/truusk.store\/sv\/","logo":{"@type":"ImageObject","inLanguage":"sv-SE","@id":"https:\/\/truusk.store\/sv\/#\/schema\/logo\/image\/","url":"https:\/\/i0.wp.com\/truusk.store\/wp-content\/uploads\/2026\/03\/cropped-TRUUSK.png?fit=2032%2C917&ssl=1","contentUrl":"https:\/\/i0.wp.com\/truusk.store\/wp-content\/uploads\/2026\/03\/cropped-TRUUSK.png?fit=2032%2C917&ssl=1","width":2032,"height":917,"caption":"TRUUSK - Hem, Tr\u00e4dg\u00e5rd & Fritid"},"image":{"@id":"https:\/\/truusk.store\/sv\/#\/schema\/logo\/image\/"}}]}},"jetpack_sharing_enabled":true,"_links":{"self":[{"href":"https:\/\/truusk.store\/sv\/wp-json\/wp\/v2\/product\/27182","targetHints":{"allow":["GET"]}}],"collection":[{"href":"https:\/\/truusk.store\/sv\/wp-json\/wp\/v2\/product"}],"about":[{"href":"https:\/\/truusk.store\/sv\/wp-json\/wp\/v2\/types\/product"}],"wp:featuredmedia":[{"embeddable":true,"href":"https:\/\/truusk.store\/sv\/wp-json\/wp\/v2\/media\/27183"}],"wp:attachment":[{"href":"https:\/\/truusk.store\/sv\/wp-json\/wp\/v2\/media?parent=27182"}],"wp:term":[{"taxonomy":"product_brand","embeddable":true,"href":"https:\/\/truusk.store\/sv\/wp-json\/wp\/v2\/product_brand?post=27182"},{"taxonomy":"product_cat","embeddable":true,"href":"https:\/\/truusk.store\/sv\/wp-json\/wp\/v2\/product_cat?post=27182"},{"taxonomy":"product_tag","embeddable":true,"href":"https:\/\/truusk.store\/sv\/wp-json\/wp\/v2\/product_tag?post=27182"}],"curies":[{"name":"wp","href":"https:\/\/api.w.org\/{rel}","templated":true}]}}