{"id":27410,"date":"2024-02-13T19:02:20","date_gmt":"2024-02-13T18:02:20","guid":{"rendered":"https:\/\/truusk.store\/product\/konstgjord-julgran-18-m-julgran-pvc-pe-metallgron-120-x-180-cm\/"},"modified":"2026-03-12T09:07:17","modified_gmt":"2026-03-12T08:07:17","slug":"truusk-konstgjord-julgran-18-m-metallgron-pvc-pe-120-x-180-cm-julgran-med-realistiska-barr-juldekorationer-och","status":"publish","type":"product","link":"https:\/\/truusk.store\/sv\/produkt\/truusk-konstgjord-julgran-18-m-metallgron-pvc-pe-120-x-180-cm-julgran-med-realistiska-barr-juldekorationer-och\/","title":{"rendered":"TRUUSK Konstgjord Julgran 1,8 M &#8211; Metallgr\u00f6n &#8211; PVC PE &#8211; 120 X 180 Cm &#8211; Julgran med Realistiska Barr &#8211; Juldekorationer och"},"content":{"rendered":"<p>Denna vackra julgran \u00e4r ett bra alternativ till traditionella tr\u00e4d d\u00e5 den \u00e4r l\u00e4tt att s\u00e4tta upp och kr\u00e4ver lite underh\u00e5ll. Den h\u00f6ga plastgranen har en idealisk julgransform och best\u00e5r av fylliga, realistiska grenar. Dekorera detta tr\u00e4d enligt din smak och berika din semester om och om igen med en sagolik, festlig atmosf\u00e4r.<\/p>\n<h3>Beskrivning:<\/h3>\n<ul>\n<li>1,8m h\u00f6g konstgjord julgran i realistisk tr\u00e4dstil<\/li>\n<li>Basen \u00e4r avtagbar och vikbar f\u00f6r enkel f\u00f6rvaring<\/li>\n<li>Robust och h\u00e5llbar bas f\u00f6r b\u00e4ttre stabilitet<\/li>\n<li>Grenarna \u00e4r flamskyddade f\u00f6r att garantera s\u00e4kerheten<\/li>\n<li>Obs: Endast f\u00f6r inomhusbruk, inte f\u00f6r utomhusbruk<\/li>\n<li>Ornament ING\u00c5R INTE och anv\u00e4nds endast f\u00f6r effekt<\/li>\n<li>Vi rekommenderar att du tar 25-30 minuter att forma tr\u00e4det.<\/li>\n<\/ul>\n<h3>Teknisk data:<\/h3>\n<ul>\n<li>F\u00e4rg: gr\u00f6n<\/li>\n<li>Material: PVC, PE, metall<\/li>\n<li>Totala m\u00e5tt: 120 x 180H cm<\/li>\n<li>Antal tips: 748(PVC: 397, PE: 351)<\/li>\n<\/ul>\n<h3>Leveransens omfattning:<\/h3>\n<ul>\n<li>1 x julgran<\/li>\n<li>1 x Instruktioner<\/li>\n<\/ul>\n","protected":false},"excerpt":{"rendered":"<p>Denna vackra julgran \u00e4r ett bra alternativ till traditionella tr\u00e4d d\u00e5 den \u00e4r l\u00e4tt att s\u00e4tta upp och kr\u00e4ver lite&#8230;<\/p>\n","protected":false},"featured_media":27411,"template":"","meta":[],"product_brand":[],"product_cat":[705,706,709],"product_tag":[],"class_list":{"0":"post-27410","1":"product","2":"type-product","3":"status-publish","4":"has-post-thumbnail","6":"product_cat-julens-varld","7":"product_cat-julgranar","8":"product_cat-julgranar-over-180cm","10":"first","11":"instock","12":"sale","13":"taxable","14":"shipping-taxable","15":"purchasable","16":"product-type-simple"},"yoast_head":"<!-- This site is optimized with the Yoast SEO plugin v25.4 - https:\/\/yoast.com\/wordpress\/plugins\/seo\/ -->\n<title>TRUUSK Konstgjord Julgran 1,8 M - Metallgr\u00f6n - PVC PE - 120 X 180 Cm - Julgran med Realistiska Barr - Juldekorationer och - TRUUSK - Hem, Tr\u00e4dg\u00e5rd &amp; Fritid<\/title>\n<meta name=\"robots\" content=\"index, follow, max-snippet:-1, max-image-preview:large, max-video-preview:-1\" \/>\n<link rel=\"canonical\" href=\"https:\/\/truusk.store\/sv\/produkt\/truusk-konstgjord-julgran-18-m-metallgron-pvc-pe-120-x-180-cm-julgran-med-realistiska-barr-juldekorationer-och\/\" \/>\n<meta property=\"og:locale\" content=\"sv_SE\" \/>\n<meta property=\"og:type\" content=\"article\" \/>\n<meta property=\"og:title\" content=\"TRUUSK Konstgjord Julgran 1,8 M - Metallgr\u00f6n - PVC PE - 120 X 180 Cm - Julgran med Realistiska Barr - Juldekorationer och - TRUUSK - Hem, Tr\u00e4dg\u00e5rd &amp; Fritid\" \/>\n<meta property=\"og:description\" content=\"Denna vackra julgran \u00e4r ett bra alternativ till traditionella tr\u00e4d d\u00e5 den \u00e4r l\u00e4tt att s\u00e4tta upp och kr\u00e4ver lite...\" \/>\n<meta property=\"og:url\" content=\"https:\/\/truusk.store\/sv\/produkt\/truusk-konstgjord-julgran-18-m-metallgron-pvc-pe-120-x-180-cm-julgran-med-realistiska-barr-juldekorationer-och\/\" \/>\n<meta property=\"og:site_name\" content=\"TRUUSK - Hem, Tr\u00e4dg\u00e5rd &amp; Fritid\" \/>\n<meta property=\"article:modified_time\" content=\"2026-03-12T08:07:17+00:00\" \/>\n<meta property=\"og:image\" content=\"https:\/\/i0.wp.com\/truusk.se\/wp-content\/uploads\/2024\/02\/konstgjord-julgran-18-m-julgran-pvc-pe-metallgron-120-x-180-cm.webp?fit=800%2C800&ssl=1\" \/>\n\t<meta property=\"og:image:width\" content=\"800\" \/>\n\t<meta property=\"og:image:height\" content=\"800\" \/>\n\t<meta property=\"og:image:type\" content=\"image\/webp\" \/>\n<meta name=\"twitter:card\" content=\"summary_large_image\" \/>\n<meta name=\"twitter:label1\" content=\"Ber\u00e4knad l\u00e4stid\" \/>\n\t<meta name=\"twitter:data1\" content=\"1 minut\" \/>\n<!-- \/ Yoast SEO plugin. -->","yoast_head_json":{"title":"TRUUSK Konstgjord Julgran 1,8 M - Metallgr\u00f6n - PVC PE - 120 X 180 Cm - Julgran med Realistiska Barr - Juldekorationer och - TRUUSK - Hem, Tr\u00e4dg\u00e5rd &amp; Fritid","robots":{"index":"index","follow":"follow","max-snippet":"max-snippet:-1","max-image-preview":"max-image-preview:large","max-video-preview":"max-video-preview:-1"},"canonical":"https:\/\/truusk.store\/sv\/produkt\/truusk-konstgjord-julgran-18-m-metallgron-pvc-pe-120-x-180-cm-julgran-med-realistiska-barr-juldekorationer-och\/","og_locale":"sv_SE","og_type":"article","og_title":"TRUUSK Konstgjord Julgran 1,8 M - Metallgr\u00f6n - PVC PE - 120 X 180 Cm - Julgran med Realistiska Barr - Juldekorationer och - TRUUSK - Hem, Tr\u00e4dg\u00e5rd &amp; Fritid","og_description":"Denna vackra julgran \u00e4r ett bra alternativ till traditionella tr\u00e4d d\u00e5 den \u00e4r l\u00e4tt att s\u00e4tta upp och kr\u00e4ver lite...","og_url":"https:\/\/truusk.store\/sv\/produkt\/truusk-konstgjord-julgran-18-m-metallgron-pvc-pe-120-x-180-cm-julgran-med-realistiska-barr-juldekorationer-och\/","og_site_name":"TRUUSK - Hem, Tr\u00e4dg\u00e5rd &amp; Fritid","article_modified_time":"2026-03-12T08:07:17+00:00","og_image":[{"width":800,"height":800,"url":"https:\/\/i0.wp.com\/truusk.se\/wp-content\/uploads\/2024\/02\/konstgjord-julgran-18-m-julgran-pvc-pe-metallgron-120-x-180-cm.webp?fit=800%2C800&ssl=1","type":"image\/webp"}],"twitter_card":"summary_large_image","twitter_misc":{"Ber\u00e4knad l\u00e4stid":"1 minut"},"schema":{"@context":"https:\/\/schema.org","@graph":[{"@type":"WebPage","@id":"https:\/\/truusk.store\/sv\/produkt\/truusk-konstgjord-julgran-18-m-metallgron-pvc-pe-120-x-180-cm-julgran-med-realistiska-barr-juldekorationer-och\/","url":"https:\/\/truusk.store\/sv\/produkt\/truusk-konstgjord-julgran-18-m-metallgron-pvc-pe-120-x-180-cm-julgran-med-realistiska-barr-juldekorationer-och\/","name":"TRUUSK Konstgjord Julgran 1,8 M - Metallgr\u00f6n - PVC PE - 120 X 180 Cm - Julgran med Realistiska Barr - Juldekorationer och - TRUUSK - Hem, Tr\u00e4dg\u00e5rd &amp; Fritid","isPartOf":{"@id":"https:\/\/truusk.store\/sv\/#website"},"primaryImageOfPage":{"@id":"https:\/\/truusk.store\/sv\/produkt\/truusk-konstgjord-julgran-18-m-metallgron-pvc-pe-120-x-180-cm-julgran-med-realistiska-barr-juldekorationer-och\/#primaryimage"},"image":{"@id":"https:\/\/truusk.store\/sv\/produkt\/truusk-konstgjord-julgran-18-m-metallgron-pvc-pe-120-x-180-cm-julgran-med-realistiska-barr-juldekorationer-och\/#primaryimage"},"thumbnailUrl":"https:\/\/i0.wp.com\/truusk.store\/wp-content\/uploads\/2024\/02\/konstgjord-julgran-18-m-julgran-pvc-pe-metallgron-120-x-180-cm.webp?fit=800%2C800&ssl=1","datePublished":"2024-02-13T18:02:20+00:00","dateModified":"2026-03-12T08:07:17+00:00","breadcrumb":{"@id":"https:\/\/truusk.store\/sv\/produkt\/truusk-konstgjord-julgran-18-m-metallgron-pvc-pe-120-x-180-cm-julgran-med-realistiska-barr-juldekorationer-och\/#breadcrumb"},"inLanguage":"sv-SE","potentialAction":[{"@type":"ReadAction","target":["https:\/\/truusk.store\/sv\/produkt\/truusk-konstgjord-julgran-18-m-metallgron-pvc-pe-120-x-180-cm-julgran-med-realistiska-barr-juldekorationer-och\/"]}]},{"@type":"ImageObject","inLanguage":"sv-SE","@id":"https:\/\/truusk.store\/sv\/produkt\/truusk-konstgjord-julgran-18-m-metallgron-pvc-pe-120-x-180-cm-julgran-med-realistiska-barr-juldekorationer-och\/#primaryimage","url":"https:\/\/i0.wp.com\/truusk.store\/wp-content\/uploads\/2024\/02\/konstgjord-julgran-18-m-julgran-pvc-pe-metallgron-120-x-180-cm.webp?fit=800%2C800&ssl=1","contentUrl":"https:\/\/i0.wp.com\/truusk.store\/wp-content\/uploads\/2024\/02\/konstgjord-julgran-18-m-julgran-pvc-pe-metallgron-120-x-180-cm.webp?fit=800%2C800&ssl=1","width":800,"height":800,"caption":"Konstgjord Julgran 1,8 M Julgran PVC PE Metallgr\u00f6n 120 X 180 Cm 1"},{"@type":"BreadcrumbList","@id":"https:\/\/truusk.store\/sv\/produkt\/truusk-konstgjord-julgran-18-m-metallgron-pvc-pe-120-x-180-cm-julgran-med-realistiska-barr-juldekorationer-och\/#breadcrumb","itemListElement":[{"@type":"ListItem","position":1,"name":"Home","item":"https:\/\/truusk.store\/sv\/"},{"@type":"ListItem","position":2,"name":"Shop","item":"https:\/\/truusk.store\/shop\/"},{"@type":"ListItem","position":3,"name":"TRUUSK Konstgjord Julgran 1,8 M &#8211; Metallgr\u00f6n &#8211; PVC PE &#8211; 120 X 180 Cm &#8211; Julgran med Realistiska Barr &#8211; Juldekorationer och"}]},{"@type":"WebSite","@id":"https:\/\/truusk.store\/sv\/#website","url":"https:\/\/truusk.store\/sv\/","name":"TRUUSK - Hem, Tr\u00e4dg\u00e5rd & Fritid","description":"","publisher":{"@id":"https:\/\/truusk.store\/sv\/#organization"},"potentialAction":[{"@type":"SearchAction","target":{"@type":"EntryPoint","urlTemplate":"https:\/\/truusk.store\/sv\/?s={search_term_string}"},"query-input":{"@type":"PropertyValueSpecification","valueRequired":true,"valueName":"search_term_string"}}],"inLanguage":"sv-SE"},{"@type":"Organization","@id":"https:\/\/truusk.store\/sv\/#organization","name":"TRUUSK - Hem, Tr\u00e4dg\u00e5rd & Fritid","url":"https:\/\/truusk.store\/sv\/","logo":{"@type":"ImageObject","inLanguage":"sv-SE","@id":"https:\/\/truusk.store\/sv\/#\/schema\/logo\/image\/","url":"https:\/\/i0.wp.com\/truusk.store\/wp-content\/uploads\/2026\/03\/cropped-TRUUSK.png?fit=2032%2C917&ssl=1","contentUrl":"https:\/\/i0.wp.com\/truusk.store\/wp-content\/uploads\/2026\/03\/cropped-TRUUSK.png?fit=2032%2C917&ssl=1","width":2032,"height":917,"caption":"TRUUSK - Hem, Tr\u00e4dg\u00e5rd & Fritid"},"image":{"@id":"https:\/\/truusk.store\/sv\/#\/schema\/logo\/image\/"}}]}},"jetpack_sharing_enabled":true,"_links":{"self":[{"href":"https:\/\/truusk.store\/sv\/wp-json\/wp\/v2\/product\/27410","targetHints":{"allow":["GET"]}}],"collection":[{"href":"https:\/\/truusk.store\/sv\/wp-json\/wp\/v2\/product"}],"about":[{"href":"https:\/\/truusk.store\/sv\/wp-json\/wp\/v2\/types\/product"}],"wp:featuredmedia":[{"embeddable":true,"href":"https:\/\/truusk.store\/sv\/wp-json\/wp\/v2\/media\/27411"}],"wp:attachment":[{"href":"https:\/\/truusk.store\/sv\/wp-json\/wp\/v2\/media?parent=27410"}],"wp:term":[{"taxonomy":"product_brand","embeddable":true,"href":"https:\/\/truusk.store\/sv\/wp-json\/wp\/v2\/product_brand?post=27410"},{"taxonomy":"product_cat","embeddable":true,"href":"https:\/\/truusk.store\/sv\/wp-json\/wp\/v2\/product_cat?post=27410"},{"taxonomy":"product_tag","embeddable":true,"href":"https:\/\/truusk.store\/sv\/wp-json\/wp\/v2\/product_tag?post=27410"}],"curies":[{"name":"wp","href":"https:\/\/api.w.org\/{rel}","templated":true}]}}