{"id":27449,"date":"2024-02-13T19:04:08","date_gmt":"2024-02-13T18:04:08","guid":{"rendered":"https:\/\/truusk.store\/product\/soffbord-sidobord-soffbord-tv-bord-soffbord-vardagsrumsbord-med-ladhyllor-robust-stalram-latt-att-montera-modern-traspanskiva-metall-morkgra-110x60x40-cm\/"},"modified":"2026-03-12T09:07:18","modified_gmt":"2026-03-12T08:07:18","slug":"truusk-soffbord-sidobord-tv-bord-med-ladhyllor-robust-stalram-latt-att-montera-modern-design-morkgra-110x60x40-cm","status":"publish","type":"product","link":"https:\/\/truusk.store\/sv\/produkt\/truusk-soffbord-sidobord-tv-bord-med-ladhyllor-robust-stalram-latt-att-montera-modern-design-morkgra-110x60x40-cm\/","title":{"rendered":"TRUUSK Soffbord Sidobord TV-bord Med L\u00e5dhyllor &#8211; Robust St\u00e5lram &#8211; L\u00e4tt Att Montera &#8211; Modern Design &#8211; M\u00f6rkgr\u00e5 110x60x40 Cm"},"content":{"rendered":"<p>Detta fantastiska soffbord \u00e4r ett perfekt komplement till din inredning i ditt vardagsrum, sovrum eller kontor. Den enkla och enkla designen g\u00f6r att den ser vacker ut i vilken befintlig inredning som helst. Detta vardagsrumsbord kommer med en l\u00e5da och \u00f6ppet f\u00f6rvaringsutrymme upptill f\u00f6r att m\u00f6ta dina f\u00f6rvaringsbehov. Tillverkad av sp\u00e5nskiva och metallram f\u00f6r l\u00e5ngvarig prestanda.<\/p>\n<h3>Beskrivning:<\/h3>\n<ul>\n<li>Rustik m\u00f6rkgr\u00e5 tr\u00e4fibrer skapar en v\u00e4lkomnande k\u00e4nsla f\u00f6r ditt vardagsrum<\/li>\n<li>Den har en stor bordsskiva, 1 \u00f6ppen hylla f\u00f6r olika f\u00f6rvaringsbehov<\/li>\n<li>Tillverkad av sp\u00e5nskiva med metallram f\u00f6r h\u00f6g stabilitet och l\u00e5ng livsl\u00e4ngd<\/li>\n<li>Upph\u00f6jt golvdesign \u00e4r v\u00e4nligt f\u00f6r sopande robotar<\/li>\n<li>Praktisk m\u00f6bel som soffbord, sidobord eller h\u00f6rnbord<\/li>\n<li>Montering kr\u00e4vs<\/li>\n<\/ul>\n<h3>Teknisk data:<\/h3>\n<ul>\n<li>F\u00e4rg: M\u00f6rkgr\u00e5<\/li>\n<li>Material: sp\u00e5nskiva, metall<\/li>\n<li>Totala m\u00e5tt: 110W x 60D x 40H cm<\/li>\n<li>L\u00e5da: 70W x 29D x 9H cm<\/li>\n<li>Lastkapacitet: \u00d6vre hylla: 15 kg, l\u00e5da: 5 kg<\/li>\n<\/ul>\n<h3>Leveransens omfattning:<\/h3>\n<ul>\n<li>1 x Soffbord<\/li>\n<li>1 x Instruktioner<\/li>\n<\/ul>\n","protected":false},"excerpt":{"rendered":"<p>Detta fantastiska soffbord \u00e4r ett perfekt komplement till din inredning i ditt vardagsrum, sovrum eller kontor. Den enkla och enkla&#8230;<\/p>\n","protected":false},"featured_media":27450,"template":"","meta":[],"product_brand":[],"product_cat":[485,505,501],"product_tag":[],"class_list":{"0":"post-27449","1":"product","2":"type-product","3":"status-publish","4":"has-post-thumbnail","6":"product_cat-hus-bo","7":"product_cat-soffa-och-sidobord","8":"product_cat-tabeller","10":"first","11":"instock","12":"sale","13":"taxable","14":"shipping-taxable","15":"purchasable","16":"product-type-simple"},"yoast_head":"<!-- This site is optimized with the Yoast SEO plugin v25.4 - https:\/\/yoast.com\/wordpress\/plugins\/seo\/ -->\n<title>TRUUSK Soffbord Sidobord TV-bord Med L\u00e5dhyllor - Robust St\u00e5lram - L\u00e4tt Att Montera - Modern Design - M\u00f6rkgr\u00e5 110x60x40 Cm - TRUUSK - Hem, Tr\u00e4dg\u00e5rd &amp; Fritid<\/title>\n<meta name=\"robots\" content=\"index, follow, max-snippet:-1, max-image-preview:large, max-video-preview:-1\" \/>\n<link rel=\"canonical\" href=\"https:\/\/truusk.store\/sv\/produkt\/truusk-soffbord-sidobord-tv-bord-med-ladhyllor-robust-stalram-latt-att-montera-modern-design-morkgra-110x60x40-cm\/\" \/>\n<meta property=\"og:locale\" content=\"sv_SE\" \/>\n<meta property=\"og:type\" content=\"article\" \/>\n<meta property=\"og:title\" content=\"TRUUSK Soffbord Sidobord TV-bord Med L\u00e5dhyllor - Robust St\u00e5lram - L\u00e4tt Att Montera - Modern Design - M\u00f6rkgr\u00e5 110x60x40 Cm - TRUUSK - Hem, Tr\u00e4dg\u00e5rd &amp; Fritid\" \/>\n<meta property=\"og:description\" content=\"Detta fantastiska soffbord \u00e4r ett perfekt komplement till din inredning i ditt vardagsrum, sovrum eller kontor. Den enkla och enkla...\" \/>\n<meta property=\"og:url\" content=\"https:\/\/truusk.store\/sv\/produkt\/truusk-soffbord-sidobord-tv-bord-med-ladhyllor-robust-stalram-latt-att-montera-modern-design-morkgra-110x60x40-cm\/\" \/>\n<meta property=\"og:site_name\" content=\"TRUUSK - Hem, Tr\u00e4dg\u00e5rd &amp; Fritid\" \/>\n<meta property=\"article:modified_time\" content=\"2026-03-12T08:07:18+00:00\" \/>\n<meta property=\"og:image\" content=\"https:\/\/i0.wp.com\/truusk.se\/wp-content\/uploads\/2024\/02\/soffbord-sidobord-soffbord-tv-bord-soffbord-vardagsrumsbord-med-ladhyllor-robust-stalram-latt-att-montera-modern-traspanskiva-metall-morkgra-110x60x40-cm.webp?fit=800%2C800&ssl=1\" \/>\n\t<meta property=\"og:image:width\" content=\"800\" \/>\n\t<meta property=\"og:image:height\" content=\"800\" \/>\n\t<meta property=\"og:image:type\" content=\"image\/webp\" \/>\n<meta name=\"twitter:card\" content=\"summary_large_image\" \/>\n<meta name=\"twitter:label1\" content=\"Ber\u00e4knad l\u00e4stid\" \/>\n\t<meta name=\"twitter:data1\" content=\"1 minut\" \/>\n<!-- \/ Yoast SEO plugin. -->","yoast_head_json":{"title":"TRUUSK Soffbord Sidobord TV-bord Med L\u00e5dhyllor - Robust St\u00e5lram - L\u00e4tt Att Montera - Modern Design - M\u00f6rkgr\u00e5 110x60x40 Cm - TRUUSK - Hem, Tr\u00e4dg\u00e5rd &amp; Fritid","robots":{"index":"index","follow":"follow","max-snippet":"max-snippet:-1","max-image-preview":"max-image-preview:large","max-video-preview":"max-video-preview:-1"},"canonical":"https:\/\/truusk.store\/sv\/produkt\/truusk-soffbord-sidobord-tv-bord-med-ladhyllor-robust-stalram-latt-att-montera-modern-design-morkgra-110x60x40-cm\/","og_locale":"sv_SE","og_type":"article","og_title":"TRUUSK Soffbord Sidobord TV-bord Med L\u00e5dhyllor - Robust St\u00e5lram - L\u00e4tt Att Montera - Modern Design - M\u00f6rkgr\u00e5 110x60x40 Cm - TRUUSK - Hem, Tr\u00e4dg\u00e5rd &amp; Fritid","og_description":"Detta fantastiska soffbord \u00e4r ett perfekt komplement till din inredning i ditt vardagsrum, sovrum eller kontor. Den enkla och enkla...","og_url":"https:\/\/truusk.store\/sv\/produkt\/truusk-soffbord-sidobord-tv-bord-med-ladhyllor-robust-stalram-latt-att-montera-modern-design-morkgra-110x60x40-cm\/","og_site_name":"TRUUSK - Hem, Tr\u00e4dg\u00e5rd &amp; Fritid","article_modified_time":"2026-03-12T08:07:18+00:00","og_image":[{"width":800,"height":800,"url":"https:\/\/i0.wp.com\/truusk.se\/wp-content\/uploads\/2024\/02\/soffbord-sidobord-soffbord-tv-bord-soffbord-vardagsrumsbord-med-ladhyllor-robust-stalram-latt-att-montera-modern-traspanskiva-metall-morkgra-110x60x40-cm.webp?fit=800%2C800&ssl=1","type":"image\/webp"}],"twitter_card":"summary_large_image","twitter_misc":{"Ber\u00e4knad l\u00e4stid":"1 minut"},"schema":{"@context":"https:\/\/schema.org","@graph":[{"@type":"WebPage","@id":"https:\/\/truusk.store\/sv\/produkt\/truusk-soffbord-sidobord-tv-bord-med-ladhyllor-robust-stalram-latt-att-montera-modern-design-morkgra-110x60x40-cm\/","url":"https:\/\/truusk.store\/sv\/produkt\/truusk-soffbord-sidobord-tv-bord-med-ladhyllor-robust-stalram-latt-att-montera-modern-design-morkgra-110x60x40-cm\/","name":"TRUUSK Soffbord Sidobord TV-bord Med L\u00e5dhyllor - Robust St\u00e5lram - L\u00e4tt Att Montera - Modern Design - M\u00f6rkgr\u00e5 110x60x40 Cm - TRUUSK - Hem, Tr\u00e4dg\u00e5rd &amp; Fritid","isPartOf":{"@id":"https:\/\/truusk.store\/sv\/#website"},"primaryImageOfPage":{"@id":"https:\/\/truusk.store\/sv\/produkt\/truusk-soffbord-sidobord-tv-bord-med-ladhyllor-robust-stalram-latt-att-montera-modern-design-morkgra-110x60x40-cm\/#primaryimage"},"image":{"@id":"https:\/\/truusk.store\/sv\/produkt\/truusk-soffbord-sidobord-tv-bord-med-ladhyllor-robust-stalram-latt-att-montera-modern-design-morkgra-110x60x40-cm\/#primaryimage"},"thumbnailUrl":"https:\/\/i0.wp.com\/truusk.store\/wp-content\/uploads\/2024\/02\/soffbord-sidobord-soffbord-tv-bord-soffbord-vardagsrumsbord-med-ladhyllor-robust-stalram-latt-att-montera-modern-traspanskiva-metall-morkgra-110x60x40-cm.webp?fit=800%2C800&ssl=1","datePublished":"2024-02-13T18:04:08+00:00","dateModified":"2026-03-12T08:07:18+00:00","breadcrumb":{"@id":"https:\/\/truusk.store\/sv\/produkt\/truusk-soffbord-sidobord-tv-bord-med-ladhyllor-robust-stalram-latt-att-montera-modern-design-morkgra-110x60x40-cm\/#breadcrumb"},"inLanguage":"sv-SE","potentialAction":[{"@type":"ReadAction","target":["https:\/\/truusk.store\/sv\/produkt\/truusk-soffbord-sidobord-tv-bord-med-ladhyllor-robust-stalram-latt-att-montera-modern-design-morkgra-110x60x40-cm\/"]}]},{"@type":"ImageObject","inLanguage":"sv-SE","@id":"https:\/\/truusk.store\/sv\/produkt\/truusk-soffbord-sidobord-tv-bord-med-ladhyllor-robust-stalram-latt-att-montera-modern-design-morkgra-110x60x40-cm\/#primaryimage","url":"https:\/\/i0.wp.com\/truusk.store\/wp-content\/uploads\/2024\/02\/soffbord-sidobord-soffbord-tv-bord-soffbord-vardagsrumsbord-med-ladhyllor-robust-stalram-latt-att-montera-modern-traspanskiva-metall-morkgra-110x60x40-cm.webp?fit=800%2C800&ssl=1","contentUrl":"https:\/\/i0.wp.com\/truusk.store\/wp-content\/uploads\/2024\/02\/soffbord-sidobord-soffbord-tv-bord-soffbord-vardagsrumsbord-med-ladhyllor-robust-stalram-latt-att-montera-modern-traspanskiva-metall-morkgra-110x60x40-cm.webp?fit=800%2C800&ssl=1","width":800,"height":800,"caption":"Soffbord Sidobord Soffbord TV-bord Soffbord Vardagsrumsbord Med L\u00e5dhyllor Robust St\u00e5lram L\u00e4tt Att Montera Modern Tr\u00e4sp\u00e5nskiva Metall M\u00f6rkgr\u00e5 110x60x40 Cm 1"},{"@type":"BreadcrumbList","@id":"https:\/\/truusk.store\/sv\/produkt\/truusk-soffbord-sidobord-tv-bord-med-ladhyllor-robust-stalram-latt-att-montera-modern-design-morkgra-110x60x40-cm\/#breadcrumb","itemListElement":[{"@type":"ListItem","position":1,"name":"Home","item":"https:\/\/truusk.store\/sv\/"},{"@type":"ListItem","position":2,"name":"Shop","item":"https:\/\/truusk.store\/shop\/"},{"@type":"ListItem","position":3,"name":"TRUUSK Soffbord Sidobord TV-bord Med L\u00e5dhyllor &#8211; Robust St\u00e5lram &#8211; L\u00e4tt Att Montera &#8211; Modern Design &#8211; M\u00f6rkgr\u00e5 110x60x40 Cm"}]},{"@type":"WebSite","@id":"https:\/\/truusk.store\/sv\/#website","url":"https:\/\/truusk.store\/sv\/","name":"TRUUSK - Hem, Tr\u00e4dg\u00e5rd & Fritid","description":"","publisher":{"@id":"https:\/\/truusk.store\/sv\/#organization"},"potentialAction":[{"@type":"SearchAction","target":{"@type":"EntryPoint","urlTemplate":"https:\/\/truusk.store\/sv\/?s={search_term_string}"},"query-input":{"@type":"PropertyValueSpecification","valueRequired":true,"valueName":"search_term_string"}}],"inLanguage":"sv-SE"},{"@type":"Organization","@id":"https:\/\/truusk.store\/sv\/#organization","name":"TRUUSK - Hem, Tr\u00e4dg\u00e5rd & Fritid","url":"https:\/\/truusk.store\/sv\/","logo":{"@type":"ImageObject","inLanguage":"sv-SE","@id":"https:\/\/truusk.store\/sv\/#\/schema\/logo\/image\/","url":"https:\/\/i0.wp.com\/truusk.store\/wp-content\/uploads\/2026\/03\/cropped-TRUUSK.png?fit=2032%2C917&ssl=1","contentUrl":"https:\/\/i0.wp.com\/truusk.store\/wp-content\/uploads\/2026\/03\/cropped-TRUUSK.png?fit=2032%2C917&ssl=1","width":2032,"height":917,"caption":"TRUUSK - Hem, Tr\u00e4dg\u00e5rd & Fritid"},"image":{"@id":"https:\/\/truusk.store\/sv\/#\/schema\/logo\/image\/"}}]}},"jetpack_sharing_enabled":true,"_links":{"self":[{"href":"https:\/\/truusk.store\/sv\/wp-json\/wp\/v2\/product\/27449","targetHints":{"allow":["GET"]}}],"collection":[{"href":"https:\/\/truusk.store\/sv\/wp-json\/wp\/v2\/product"}],"about":[{"href":"https:\/\/truusk.store\/sv\/wp-json\/wp\/v2\/types\/product"}],"wp:featuredmedia":[{"embeddable":true,"href":"https:\/\/truusk.store\/sv\/wp-json\/wp\/v2\/media\/27450"}],"wp:attachment":[{"href":"https:\/\/truusk.store\/sv\/wp-json\/wp\/v2\/media?parent=27449"}],"wp:term":[{"taxonomy":"product_brand","embeddable":true,"href":"https:\/\/truusk.store\/sv\/wp-json\/wp\/v2\/product_brand?post=27449"},{"taxonomy":"product_cat","embeddable":true,"href":"https:\/\/truusk.store\/sv\/wp-json\/wp\/v2\/product_cat?post=27449"},{"taxonomy":"product_tag","embeddable":true,"href":"https:\/\/truusk.store\/sv\/wp-json\/wp\/v2\/product_tag?post=27449"}],"curies":[{"name":"wp","href":"https:\/\/api.w.org\/{rel}","templated":true}]}}