{"id":27486,"date":"2024-02-13T19:05:25","date_gmt":"2024-02-13T18:05:25","guid":{"rendered":"https:\/\/truusk.store\/product\/bank-pall-sits-brost-forvaringsbox-fotbank-med-forvaringsutrymme-oppet-lock-for-sovrum-sammet-touch-gummi-tra-gra-120-x-46-x-42-cm\/"},"modified":"2026-03-12T09:07:20","modified_gmt":"2026-03-12T08:07:20","slug":"truusk-forvaringspall-med-sits-och-brost-for-sovrum-sammet-touch-gra-120-x-46-x-42-cm","status":"publish","type":"product","link":"https:\/\/truusk.store\/sv\/produkt\/truusk-forvaringspall-med-sits-och-brost-for-sovrum-sammet-touch-gra-120-x-46-x-42-cm\/","title":{"rendered":"TRUUSK F\u00f6rvaringspall med Sits och Br\u00f6st &#8211; F\u00f6r Sovrum &#8211; Sammet-touch &#8211; Gr\u00e5 &#8211; 120 x 46 x 42 cm"},"content":{"rendered":"<p>Denna eleganta b\u00e4nk inbjuder dig att sitta och dr\u00f6ja kvar. Den eleganta looken med tufknappar och de snidade m\u00f6belbenen ger denna m\u00f6bel en touch av vintageglamour. Dessutom garanterar en kombination av sammet och mjuk stoppning en bekv\u00e4m sittupplevelse. L\u00e5t dig f\u00f6rtrollas av denna franskinspirerade design och uppt\u00e4ck ny sittkomfort med denna b\u00e4nk.<\/p>\n<h3>Beskrivning:<\/h3>\n<ul>\n<li>Vintagestilen erbjuder en touch av fransk elegans och ger en h\u00f6gkvalitativ smak till ditt hem.<\/li>\n<li>Med f\u00e4llbar sits och stort, st\u00e4ngt sk\u00e5p f\u00f6r gott om f\u00f6rvaringsutrymme<\/li>\n<li>Det mjukst\u00e4ngande g\u00e5ngj\u00e4rnet skyddar dina fingrar fr\u00e5n skador<\/li>\n<li>Mjukt vadderade s\u00e4ten med sammetstyg ger exceptionell komfort<\/li>\n<li>Elegant tufknapp f\u00f6r mer stabilitet och en vacker design<\/li>\n<\/ul>\n<h3>Teknisk data:<\/h3>\n<ul>\n<li>F\u00e4rg gr\u00e5<\/li>\n<li>Material: polyestertyg i sammet, gummitr\u00e4<\/li>\n<li>\u00d6vergripande m\u00e5tt: 120W x 46D x 42H cm<\/li>\n<li>Sk\u00e5pets innerm\u00e5tt: 111,5W x 37,5D x 24H cm<\/li>\n<li>Maximal \u00f6ppningsvinkel: 70<\/li>\n<li>Benstorlek: 6,5 x 10H cm<\/li>\n<li>Lastkapacitet: 120 kg<\/li>\n<\/ul>\n<h3>Leveransens omfattning:<\/h3>\n<ul>\n<li>1 x f\u00f6rvaringspall<\/li>\n<li>1 x Instruktioner<\/li>\n<\/ul>\n","protected":false},"excerpt":{"rendered":"<p>Denna eleganta b\u00e4nk inbjuder dig att sitta och dr\u00f6ja kvar. Den eleganta looken med tufknappar och de snidade m\u00f6belbenen ger&#8230;<\/p>\n","protected":false},"featured_media":27487,"template":"","meta":[],"product_brand":[],"product_cat":[485,541,537],"product_tag":[],"class_list":{"0":"post-27486","1":"product","2":"type-product","3":"status-publish","4":"has-post-thumbnail","6":"product_cat-hus-bo","7":"product_cat-sits-kistor","8":"product_cat-sittplatser-bankar","10":"first","11":"instock","12":"sale","13":"taxable","14":"shipping-taxable","15":"purchasable","16":"product-type-simple"},"yoast_head":"<!-- This site is optimized with the Yoast SEO plugin v25.4 - https:\/\/yoast.com\/wordpress\/plugins\/seo\/ -->\n<title>TRUUSK F\u00f6rvaringspall med Sits och Br\u00f6st - F\u00f6r Sovrum - Sammet-touch - Gr\u00e5 - 120 x 46 x 42 cm - TRUUSK - Hem, Tr\u00e4dg\u00e5rd &amp; Fritid<\/title>\n<meta name=\"robots\" content=\"index, follow, max-snippet:-1, max-image-preview:large, max-video-preview:-1\" \/>\n<link rel=\"canonical\" href=\"https:\/\/truusk.store\/sv\/produkt\/truusk-forvaringspall-med-sits-och-brost-for-sovrum-sammet-touch-gra-120-x-46-x-42-cm\/\" \/>\n<meta property=\"og:locale\" content=\"sv_SE\" \/>\n<meta property=\"og:type\" content=\"article\" \/>\n<meta property=\"og:title\" content=\"TRUUSK F\u00f6rvaringspall med Sits och Br\u00f6st - F\u00f6r Sovrum - Sammet-touch - Gr\u00e5 - 120 x 46 x 42 cm - TRUUSK - Hem, Tr\u00e4dg\u00e5rd &amp; Fritid\" \/>\n<meta property=\"og:description\" content=\"Denna eleganta b\u00e4nk inbjuder dig att sitta och dr\u00f6ja kvar. Den eleganta looken med tufknappar och de snidade m\u00f6belbenen ger...\" \/>\n<meta property=\"og:url\" content=\"https:\/\/truusk.store\/sv\/produkt\/truusk-forvaringspall-med-sits-och-brost-for-sovrum-sammet-touch-gra-120-x-46-x-42-cm\/\" \/>\n<meta property=\"og:site_name\" content=\"TRUUSK - Hem, Tr\u00e4dg\u00e5rd &amp; Fritid\" \/>\n<meta property=\"article:modified_time\" content=\"2026-03-12T08:07:20+00:00\" \/>\n<meta property=\"og:image\" content=\"https:\/\/i0.wp.com\/truusk.se\/wp-content\/uploads\/2024\/02\/bank-pall-sits-brost-forvaringsbox-fotbank-med-forvaringsutrymme-oppet-lock-for-sovrum-sammet-touch-gummi-tra-gra-120-x-46-x-42-cm.webp?fit=800%2C800&ssl=1\" \/>\n\t<meta property=\"og:image:width\" content=\"800\" \/>\n\t<meta property=\"og:image:height\" content=\"800\" \/>\n\t<meta property=\"og:image:type\" content=\"image\/webp\" \/>\n<meta name=\"twitter:card\" content=\"summary_large_image\" \/>\n<meta name=\"twitter:label1\" content=\"Ber\u00e4knad l\u00e4stid\" \/>\n\t<meta name=\"twitter:data1\" content=\"1 minut\" \/>\n<!-- \/ Yoast SEO plugin. -->","yoast_head_json":{"title":"TRUUSK F\u00f6rvaringspall med Sits och Br\u00f6st - F\u00f6r Sovrum - Sammet-touch - Gr\u00e5 - 120 x 46 x 42 cm - TRUUSK - Hem, Tr\u00e4dg\u00e5rd &amp; Fritid","robots":{"index":"index","follow":"follow","max-snippet":"max-snippet:-1","max-image-preview":"max-image-preview:large","max-video-preview":"max-video-preview:-1"},"canonical":"https:\/\/truusk.store\/sv\/produkt\/truusk-forvaringspall-med-sits-och-brost-for-sovrum-sammet-touch-gra-120-x-46-x-42-cm\/","og_locale":"sv_SE","og_type":"article","og_title":"TRUUSK F\u00f6rvaringspall med Sits och Br\u00f6st - F\u00f6r Sovrum - Sammet-touch - Gr\u00e5 - 120 x 46 x 42 cm - TRUUSK - Hem, Tr\u00e4dg\u00e5rd &amp; Fritid","og_description":"Denna eleganta b\u00e4nk inbjuder dig att sitta och dr\u00f6ja kvar. Den eleganta looken med tufknappar och de snidade m\u00f6belbenen ger...","og_url":"https:\/\/truusk.store\/sv\/produkt\/truusk-forvaringspall-med-sits-och-brost-for-sovrum-sammet-touch-gra-120-x-46-x-42-cm\/","og_site_name":"TRUUSK - Hem, Tr\u00e4dg\u00e5rd &amp; Fritid","article_modified_time":"2026-03-12T08:07:20+00:00","og_image":[{"width":800,"height":800,"url":"https:\/\/i0.wp.com\/truusk.se\/wp-content\/uploads\/2024\/02\/bank-pall-sits-brost-forvaringsbox-fotbank-med-forvaringsutrymme-oppet-lock-for-sovrum-sammet-touch-gummi-tra-gra-120-x-46-x-42-cm.webp?fit=800%2C800&ssl=1","type":"image\/webp"}],"twitter_card":"summary_large_image","twitter_misc":{"Ber\u00e4knad l\u00e4stid":"1 minut"},"schema":{"@context":"https:\/\/schema.org","@graph":[{"@type":"WebPage","@id":"https:\/\/truusk.store\/sv\/produkt\/truusk-forvaringspall-med-sits-och-brost-for-sovrum-sammet-touch-gra-120-x-46-x-42-cm\/","url":"https:\/\/truusk.store\/sv\/produkt\/truusk-forvaringspall-med-sits-och-brost-for-sovrum-sammet-touch-gra-120-x-46-x-42-cm\/","name":"TRUUSK F\u00f6rvaringspall med Sits och Br\u00f6st - F\u00f6r Sovrum - Sammet-touch - Gr\u00e5 - 120 x 46 x 42 cm - TRUUSK - Hem, Tr\u00e4dg\u00e5rd &amp; Fritid","isPartOf":{"@id":"https:\/\/truusk.store\/sv\/#website"},"primaryImageOfPage":{"@id":"https:\/\/truusk.store\/sv\/produkt\/truusk-forvaringspall-med-sits-och-brost-for-sovrum-sammet-touch-gra-120-x-46-x-42-cm\/#primaryimage"},"image":{"@id":"https:\/\/truusk.store\/sv\/produkt\/truusk-forvaringspall-med-sits-och-brost-for-sovrum-sammet-touch-gra-120-x-46-x-42-cm\/#primaryimage"},"thumbnailUrl":"https:\/\/i0.wp.com\/truusk.store\/wp-content\/uploads\/2024\/02\/bank-pall-sits-brost-forvaringsbox-fotbank-med-forvaringsutrymme-oppet-lock-for-sovrum-sammet-touch-gummi-tra-gra-120-x-46-x-42-cm.webp?fit=800%2C800&ssl=1","datePublished":"2024-02-13T18:05:25+00:00","dateModified":"2026-03-12T08:07:20+00:00","breadcrumb":{"@id":"https:\/\/truusk.store\/sv\/produkt\/truusk-forvaringspall-med-sits-och-brost-for-sovrum-sammet-touch-gra-120-x-46-x-42-cm\/#breadcrumb"},"inLanguage":"sv-SE","potentialAction":[{"@type":"ReadAction","target":["https:\/\/truusk.store\/sv\/produkt\/truusk-forvaringspall-med-sits-och-brost-for-sovrum-sammet-touch-gra-120-x-46-x-42-cm\/"]}]},{"@type":"ImageObject","inLanguage":"sv-SE","@id":"https:\/\/truusk.store\/sv\/produkt\/truusk-forvaringspall-med-sits-och-brost-for-sovrum-sammet-touch-gra-120-x-46-x-42-cm\/#primaryimage","url":"https:\/\/i0.wp.com\/truusk.store\/wp-content\/uploads\/2024\/02\/bank-pall-sits-brost-forvaringsbox-fotbank-med-forvaringsutrymme-oppet-lock-for-sovrum-sammet-touch-gummi-tra-gra-120-x-46-x-42-cm.webp?fit=800%2C800&ssl=1","contentUrl":"https:\/\/i0.wp.com\/truusk.store\/wp-content\/uploads\/2024\/02\/bank-pall-sits-brost-forvaringsbox-fotbank-med-forvaringsutrymme-oppet-lock-for-sovrum-sammet-touch-gummi-tra-gra-120-x-46-x-42-cm.webp?fit=800%2C800&ssl=1","width":800,"height":800,"caption":"B\u00e4nk Pall Sits Br\u00f6st F\u00f6rvaringsbox Fotb\u00e4nk Med F\u00f6rvaringsutrymme \u00f6ppet Lock F\u00f6r Sovrum Sammet-touch Gummi Tr\u00e4 Gr\u00e5 120 X 46 X 42 Cm 1"},{"@type":"BreadcrumbList","@id":"https:\/\/truusk.store\/sv\/produkt\/truusk-forvaringspall-med-sits-och-brost-for-sovrum-sammet-touch-gra-120-x-46-x-42-cm\/#breadcrumb","itemListElement":[{"@type":"ListItem","position":1,"name":"Home","item":"https:\/\/truusk.store\/sv\/"},{"@type":"ListItem","position":2,"name":"Shop","item":"https:\/\/truusk.store\/shop\/"},{"@type":"ListItem","position":3,"name":"TRUUSK F\u00f6rvaringspall med Sits och Br\u00f6st &#8211; F\u00f6r Sovrum &#8211; Sammet-touch &#8211; Gr\u00e5 &#8211; 120 x 46 x 42 cm"}]},{"@type":"WebSite","@id":"https:\/\/truusk.store\/sv\/#website","url":"https:\/\/truusk.store\/sv\/","name":"TRUUSK - Hem, Tr\u00e4dg\u00e5rd & Fritid","description":"","publisher":{"@id":"https:\/\/truusk.store\/sv\/#organization"},"potentialAction":[{"@type":"SearchAction","target":{"@type":"EntryPoint","urlTemplate":"https:\/\/truusk.store\/sv\/?s={search_term_string}"},"query-input":{"@type":"PropertyValueSpecification","valueRequired":true,"valueName":"search_term_string"}}],"inLanguage":"sv-SE"},{"@type":"Organization","@id":"https:\/\/truusk.store\/sv\/#organization","name":"TRUUSK - Hem, Tr\u00e4dg\u00e5rd & Fritid","url":"https:\/\/truusk.store\/sv\/","logo":{"@type":"ImageObject","inLanguage":"sv-SE","@id":"https:\/\/truusk.store\/sv\/#\/schema\/logo\/image\/","url":"https:\/\/i0.wp.com\/truusk.store\/wp-content\/uploads\/2026\/03\/cropped-TRUUSK.png?fit=2032%2C917&ssl=1","contentUrl":"https:\/\/i0.wp.com\/truusk.store\/wp-content\/uploads\/2026\/03\/cropped-TRUUSK.png?fit=2032%2C917&ssl=1","width":2032,"height":917,"caption":"TRUUSK - Hem, Tr\u00e4dg\u00e5rd & Fritid"},"image":{"@id":"https:\/\/truusk.store\/sv\/#\/schema\/logo\/image\/"}}]}},"jetpack_sharing_enabled":true,"_links":{"self":[{"href":"https:\/\/truusk.store\/sv\/wp-json\/wp\/v2\/product\/27486","targetHints":{"allow":["GET"]}}],"collection":[{"href":"https:\/\/truusk.store\/sv\/wp-json\/wp\/v2\/product"}],"about":[{"href":"https:\/\/truusk.store\/sv\/wp-json\/wp\/v2\/types\/product"}],"wp:featuredmedia":[{"embeddable":true,"href":"https:\/\/truusk.store\/sv\/wp-json\/wp\/v2\/media\/27487"}],"wp:attachment":[{"href":"https:\/\/truusk.store\/sv\/wp-json\/wp\/v2\/media?parent=27486"}],"wp:term":[{"taxonomy":"product_brand","embeddable":true,"href":"https:\/\/truusk.store\/sv\/wp-json\/wp\/v2\/product_brand?post=27486"},{"taxonomy":"product_cat","embeddable":true,"href":"https:\/\/truusk.store\/sv\/wp-json\/wp\/v2\/product_cat?post=27486"},{"taxonomy":"product_tag","embeddable":true,"href":"https:\/\/truusk.store\/sv\/wp-json\/wp\/v2\/product_tag?post=27486"}],"curies":[{"name":"wp","href":"https:\/\/api.w.org\/{rel}","templated":true}]}}