{"id":27575,"date":"2024-02-13T19:08:51","date_gmt":"2024-02-13T18:08:51","guid":{"rendered":"https:\/\/truusk.store\/product\/barnskoter-16-12-tums-sparkcykel-sparkcykel-med-bromsar-stadsskoter-kickboard-barnskoter-for-5-ar-barn-svart-135-x-58-x-92-100-cm\/"},"modified":"2026-03-12T09:07:21","modified_gmt":"2026-03-12T08:07:21","slug":"truusk-barnskoter-16-12-tums-sparkcykel-med-bromsar-kickboard-for-barn-5-ar-svart-135-x-58-x-92-100-cm","status":"publish","type":"product","link":"https:\/\/truusk.store\/sv\/produkt\/truusk-barnskoter-16-12-tums-sparkcykel-med-bromsar-kickboard-for-barn-5-ar-svart-135-x-58-x-92-100-cm\/","title":{"rendered":"TRUUSK Barnskoter 16\/12 Tums Sparkcykel &#8211; Med Bromsar &#8211; Kickboard &#8211; F\u00f6r Barn 5+ \u00e5r &#8211; Svart &#8211; 135 x 58 x 92-100 cm"},"content":{"rendered":"<p>Denna skoter erbjuder k\u00f6rkul f\u00f6r hela familjen. Denna skoter \u00e4r l\u00e4mplig f\u00f6r barn, ton\u00e5ringar och f\u00f6r\u00e4ldrar. Den \u00e4r perfekt f\u00f6r korta resor till skolan eller jobbet. Tack vare 16-tumsf\u00e4lgarna och 12-tumsf\u00e4lgarna med pneumatiska d\u00e4ck, glider sparkscootern snabbt. V-bromsen man\u00f6vreras via styret och m\u00f6jligg\u00f6r ett s\u00e4kert stopp. Det inbyggda stativet g\u00f6r det enkelt att parkera skotern utan att beh\u00f6va l\u00e4gga ner den.<\/p>\n<h3>Beskrivning:<\/h3>\n<ul>\n<li>H\u00f6gkvalitativa och s\u00e4kra skotrar f\u00f6r barn.<\/li>\n<li>L\u00e4mplig f\u00f6r barn fr\u00e5n 5 \u00e5r och upp\u00e5t.<\/li>\n<li>Justerbar styrh\u00f6jd: 92 &#8211; 100 cm.<\/li>\n<li>Halkfri slitbana.<\/li>\n<li>Utrustad med handbromsar (fram och bak) f\u00f6r extra s\u00e4kerhet.<\/li>\n<li>St\u00e5lram, mycket stark och stabil.<\/li>\n<li>Extra tjocka pneumatiska d\u00e4ck (16&#8243; (ca 41 cm) fram och 12&#8243; bak) f\u00f6r optimal fj\u00e4dringskomfort p\u00e5 h\u00f6gkvalitativa metallf\u00e4lgar.<\/li>\n<li>Cykelst\u00e4ll f\u00f6r parkering.<\/li>\n<li>Max lastkapacitet p\u00e5 100 kg.<\/li>\n<\/ul>\n<h3>Teknisk data:<\/h3>\n<ul>\n<li>Svart f\u00e4rg<\/li>\n<li>Material: st\u00e5l, gummi<\/li>\n<li>Totalstorlek: L135 x B58 x H92-100 cm<\/li>\n<li>D\u00e4ck: 16 tum fram och 12 tum bak<\/li>\n<li>Lastkapacitet: 100 kg<\/li>\n<li>Pedalh\u00f6jd fr\u00e5n golv: 11 cm<\/li>\n<li>Pedalstorlek: L36 x B12 cm<\/li>\n<\/ul>\n<h3>Leveransens omfattning:<\/h3>\n<ul>\n<li>1 x sparkcykel<\/li>\n<li>1 x monteringsanvisning<\/li>\n<li>Obs: En vuxen m\u00e5ste vara n\u00e4rvarande vid montering. Scootern m\u00e5ste vara helt monterad f\u00f6re anv\u00e4ndning. R\u00e4tt skyddsutrustning s\u00e5som hj\u00e4lmar, kn\u00e4- och armb\u00e5gsskydd och l\u00e4mpliga skor ska ocks\u00e5 b\u00e4ras. f\u00f6r att undvika eventuella skador.<\/li>\n<\/ul>\n","protected":false},"excerpt":{"rendered":"<p>Denna skoter erbjuder k\u00f6rkul f\u00f6r hela familjen. Denna skoter \u00e4r l\u00e4mplig f\u00f6r barn, ton\u00e5ringar och f\u00f6r\u00e4ldrar. Den \u00e4r perfekt f\u00f6r&#8230;<\/p>\n","protected":false},"featured_media":27576,"template":"","meta":[],"product_brand":[],"product_cat":[609,610,611],"product_tag":[],"class_list":{"0":"post-27575","1":"product","2":"type-product","3":"status-publish","4":"has-post-thumbnail","6":"product_cat-baby-barn","7":"product_cat-barnfordon","8":"product_cat-skoter","10":"first","11":"instock","12":"sale","13":"taxable","14":"shipping-taxable","15":"purchasable","16":"product-type-simple"},"yoast_head":"<!-- This site is optimized with the Yoast SEO plugin v25.4 - https:\/\/yoast.com\/wordpress\/plugins\/seo\/ -->\n<title>TRUUSK Barnskoter 16\/12 Tums Sparkcykel - Med Bromsar - Kickboard - F\u00f6r Barn 5+ \u00e5r - Svart - 135 x 58 x 92-100 cm - TRUUSK - Hem, Tr\u00e4dg\u00e5rd &amp; Fritid<\/title>\n<meta name=\"robots\" content=\"index, follow, max-snippet:-1, max-image-preview:large, max-video-preview:-1\" \/>\n<link rel=\"canonical\" href=\"https:\/\/truusk.store\/sv\/produkt\/truusk-barnskoter-16-12-tums-sparkcykel-med-bromsar-kickboard-for-barn-5-ar-svart-135-x-58-x-92-100-cm\/\" \/>\n<meta property=\"og:locale\" content=\"sv_SE\" \/>\n<meta property=\"og:type\" content=\"article\" \/>\n<meta property=\"og:title\" content=\"TRUUSK Barnskoter 16\/12 Tums Sparkcykel - Med Bromsar - Kickboard - F\u00f6r Barn 5+ \u00e5r - Svart - 135 x 58 x 92-100 cm - TRUUSK - Hem, Tr\u00e4dg\u00e5rd &amp; Fritid\" \/>\n<meta property=\"og:description\" content=\"Denna skoter erbjuder k\u00f6rkul f\u00f6r hela familjen. Denna skoter \u00e4r l\u00e4mplig f\u00f6r barn, ton\u00e5ringar och f\u00f6r\u00e4ldrar. Den \u00e4r perfekt f\u00f6r...\" \/>\n<meta property=\"og:url\" content=\"https:\/\/truusk.store\/sv\/produkt\/truusk-barnskoter-16-12-tums-sparkcykel-med-bromsar-kickboard-for-barn-5-ar-svart-135-x-58-x-92-100-cm\/\" \/>\n<meta property=\"og:site_name\" content=\"TRUUSK - Hem, Tr\u00e4dg\u00e5rd &amp; Fritid\" \/>\n<meta property=\"article:modified_time\" content=\"2026-03-12T08:07:21+00:00\" \/>\n<meta property=\"og:image\" content=\"https:\/\/i0.wp.com\/truusk.se\/wp-content\/uploads\/2024\/02\/barnskoter-16-12-tums-sparkcykel-sparkcykel-med-bromsar-stadsskoter-kickboard-barnskoter-for-5-ar-barn-svart-135-x-58-x-92-100-cm.webp?fit=800%2C800&ssl=1\" \/>\n\t<meta property=\"og:image:width\" content=\"800\" \/>\n\t<meta property=\"og:image:height\" content=\"800\" \/>\n\t<meta property=\"og:image:type\" content=\"image\/webp\" \/>\n<meta name=\"twitter:card\" content=\"summary_large_image\" \/>\n<meta name=\"twitter:label1\" content=\"Ber\u00e4knad l\u00e4stid\" \/>\n\t<meta name=\"twitter:data1\" content=\"1 minut\" \/>\n<!-- \/ Yoast SEO plugin. -->","yoast_head_json":{"title":"TRUUSK Barnskoter 16\/12 Tums Sparkcykel - Med Bromsar - Kickboard - F\u00f6r Barn 5+ \u00e5r - Svart - 135 x 58 x 92-100 cm - TRUUSK - Hem, Tr\u00e4dg\u00e5rd &amp; Fritid","robots":{"index":"index","follow":"follow","max-snippet":"max-snippet:-1","max-image-preview":"max-image-preview:large","max-video-preview":"max-video-preview:-1"},"canonical":"https:\/\/truusk.store\/sv\/produkt\/truusk-barnskoter-16-12-tums-sparkcykel-med-bromsar-kickboard-for-barn-5-ar-svart-135-x-58-x-92-100-cm\/","og_locale":"sv_SE","og_type":"article","og_title":"TRUUSK Barnskoter 16\/12 Tums Sparkcykel - Med Bromsar - Kickboard - F\u00f6r Barn 5+ \u00e5r - Svart - 135 x 58 x 92-100 cm - TRUUSK - Hem, Tr\u00e4dg\u00e5rd &amp; Fritid","og_description":"Denna skoter erbjuder k\u00f6rkul f\u00f6r hela familjen. Denna skoter \u00e4r l\u00e4mplig f\u00f6r barn, ton\u00e5ringar och f\u00f6r\u00e4ldrar. Den \u00e4r perfekt f\u00f6r...","og_url":"https:\/\/truusk.store\/sv\/produkt\/truusk-barnskoter-16-12-tums-sparkcykel-med-bromsar-kickboard-for-barn-5-ar-svart-135-x-58-x-92-100-cm\/","og_site_name":"TRUUSK - Hem, Tr\u00e4dg\u00e5rd &amp; Fritid","article_modified_time":"2026-03-12T08:07:21+00:00","og_image":[{"width":800,"height":800,"url":"https:\/\/i0.wp.com\/truusk.se\/wp-content\/uploads\/2024\/02\/barnskoter-16-12-tums-sparkcykel-sparkcykel-med-bromsar-stadsskoter-kickboard-barnskoter-for-5-ar-barn-svart-135-x-58-x-92-100-cm.webp?fit=800%2C800&ssl=1","type":"image\/webp"}],"twitter_card":"summary_large_image","twitter_misc":{"Ber\u00e4knad l\u00e4stid":"1 minut"},"schema":{"@context":"https:\/\/schema.org","@graph":[{"@type":"WebPage","@id":"https:\/\/truusk.store\/sv\/produkt\/truusk-barnskoter-16-12-tums-sparkcykel-med-bromsar-kickboard-for-barn-5-ar-svart-135-x-58-x-92-100-cm\/","url":"https:\/\/truusk.store\/sv\/produkt\/truusk-barnskoter-16-12-tums-sparkcykel-med-bromsar-kickboard-for-barn-5-ar-svart-135-x-58-x-92-100-cm\/","name":"TRUUSK Barnskoter 16\/12 Tums Sparkcykel - Med Bromsar - Kickboard - F\u00f6r Barn 5+ \u00e5r - Svart - 135 x 58 x 92-100 cm - TRUUSK - Hem, Tr\u00e4dg\u00e5rd &amp; Fritid","isPartOf":{"@id":"https:\/\/truusk.store\/sv\/#website"},"primaryImageOfPage":{"@id":"https:\/\/truusk.store\/sv\/produkt\/truusk-barnskoter-16-12-tums-sparkcykel-med-bromsar-kickboard-for-barn-5-ar-svart-135-x-58-x-92-100-cm\/#primaryimage"},"image":{"@id":"https:\/\/truusk.store\/sv\/produkt\/truusk-barnskoter-16-12-tums-sparkcykel-med-bromsar-kickboard-for-barn-5-ar-svart-135-x-58-x-92-100-cm\/#primaryimage"},"thumbnailUrl":"https:\/\/i0.wp.com\/truusk.store\/wp-content\/uploads\/2024\/02\/barnskoter-16-12-tums-sparkcykel-sparkcykel-med-bromsar-stadsskoter-kickboard-barnskoter-for-5-ar-barn-svart-135-x-58-x-92-100-cm.webp?fit=800%2C800&ssl=1","datePublished":"2024-02-13T18:08:51+00:00","dateModified":"2026-03-12T08:07:21+00:00","breadcrumb":{"@id":"https:\/\/truusk.store\/sv\/produkt\/truusk-barnskoter-16-12-tums-sparkcykel-med-bromsar-kickboard-for-barn-5-ar-svart-135-x-58-x-92-100-cm\/#breadcrumb"},"inLanguage":"sv-SE","potentialAction":[{"@type":"ReadAction","target":["https:\/\/truusk.store\/sv\/produkt\/truusk-barnskoter-16-12-tums-sparkcykel-med-bromsar-kickboard-for-barn-5-ar-svart-135-x-58-x-92-100-cm\/"]}]},{"@type":"ImageObject","inLanguage":"sv-SE","@id":"https:\/\/truusk.store\/sv\/produkt\/truusk-barnskoter-16-12-tums-sparkcykel-med-bromsar-kickboard-for-barn-5-ar-svart-135-x-58-x-92-100-cm\/#primaryimage","url":"https:\/\/i0.wp.com\/truusk.store\/wp-content\/uploads\/2024\/02\/barnskoter-16-12-tums-sparkcykel-sparkcykel-med-bromsar-stadsskoter-kickboard-barnskoter-for-5-ar-barn-svart-135-x-58-x-92-100-cm.webp?fit=800%2C800&ssl=1","contentUrl":"https:\/\/i0.wp.com\/truusk.store\/wp-content\/uploads\/2024\/02\/barnskoter-16-12-tums-sparkcykel-sparkcykel-med-bromsar-stadsskoter-kickboard-barnskoter-for-5-ar-barn-svart-135-x-58-x-92-100-cm.webp?fit=800%2C800&ssl=1","width":800,"height":800,"caption":"Barnskoter 16\/12 Tums Sparkcykel Sparkcykel Med Bromsar Stadsskoter Kickboard Barnskoter F\u00f6r 5+ \u00e5r Barn Svart 135 X 58 X 92-100 Cm 1"},{"@type":"BreadcrumbList","@id":"https:\/\/truusk.store\/sv\/produkt\/truusk-barnskoter-16-12-tums-sparkcykel-med-bromsar-kickboard-for-barn-5-ar-svart-135-x-58-x-92-100-cm\/#breadcrumb","itemListElement":[{"@type":"ListItem","position":1,"name":"Home","item":"https:\/\/truusk.store\/sv\/"},{"@type":"ListItem","position":2,"name":"Shop","item":"https:\/\/truusk.store\/shop\/"},{"@type":"ListItem","position":3,"name":"TRUUSK Barnskoter 16\/12 Tums Sparkcykel &#8211; Med Bromsar &#8211; Kickboard &#8211; F\u00f6r Barn 5+ \u00e5r &#8211; Svart &#8211; 135 x 58 x 92-100 cm"}]},{"@type":"WebSite","@id":"https:\/\/truusk.store\/sv\/#website","url":"https:\/\/truusk.store\/sv\/","name":"TRUUSK - Hem, Tr\u00e4dg\u00e5rd & Fritid","description":"","publisher":{"@id":"https:\/\/truusk.store\/sv\/#organization"},"potentialAction":[{"@type":"SearchAction","target":{"@type":"EntryPoint","urlTemplate":"https:\/\/truusk.store\/sv\/?s={search_term_string}"},"query-input":{"@type":"PropertyValueSpecification","valueRequired":true,"valueName":"search_term_string"}}],"inLanguage":"sv-SE"},{"@type":"Organization","@id":"https:\/\/truusk.store\/sv\/#organization","name":"TRUUSK - Hem, Tr\u00e4dg\u00e5rd & Fritid","url":"https:\/\/truusk.store\/sv\/","logo":{"@type":"ImageObject","inLanguage":"sv-SE","@id":"https:\/\/truusk.store\/sv\/#\/schema\/logo\/image\/","url":"https:\/\/i0.wp.com\/truusk.store\/wp-content\/uploads\/2026\/03\/cropped-TRUUSK.png?fit=2032%2C917&ssl=1","contentUrl":"https:\/\/i0.wp.com\/truusk.store\/wp-content\/uploads\/2026\/03\/cropped-TRUUSK.png?fit=2032%2C917&ssl=1","width":2032,"height":917,"caption":"TRUUSK - Hem, Tr\u00e4dg\u00e5rd & Fritid"},"image":{"@id":"https:\/\/truusk.store\/sv\/#\/schema\/logo\/image\/"}}]}},"jetpack_sharing_enabled":true,"_links":{"self":[{"href":"https:\/\/truusk.store\/sv\/wp-json\/wp\/v2\/product\/27575","targetHints":{"allow":["GET"]}}],"collection":[{"href":"https:\/\/truusk.store\/sv\/wp-json\/wp\/v2\/product"}],"about":[{"href":"https:\/\/truusk.store\/sv\/wp-json\/wp\/v2\/types\/product"}],"wp:featuredmedia":[{"embeddable":true,"href":"https:\/\/truusk.store\/sv\/wp-json\/wp\/v2\/media\/27576"}],"wp:attachment":[{"href":"https:\/\/truusk.store\/sv\/wp-json\/wp\/v2\/media?parent=27575"}],"wp:term":[{"taxonomy":"product_brand","embeddable":true,"href":"https:\/\/truusk.store\/sv\/wp-json\/wp\/v2\/product_brand?post=27575"},{"taxonomy":"product_cat","embeddable":true,"href":"https:\/\/truusk.store\/sv\/wp-json\/wp\/v2\/product_cat?post=27575"},{"taxonomy":"product_tag","embeddable":true,"href":"https:\/\/truusk.store\/sv\/wp-json\/wp\/v2\/product_tag?post=27575"}],"curies":[{"name":"wp","href":"https:\/\/api.w.org\/{rel}","templated":true}]}}