{"id":27647,"date":"2024-02-13T19:11:13","date_gmt":"2024-02-13T18:11:13","guid":{"rendered":"https:\/\/truusk.store\/product\/medicinskap-medicinskap-vaggskap-hangskap-med-stallbar-hylla-forsta-hjalpen-kors-lasbar-for-badrum-kok-hall-vit-30-x-20-x-70-cm\/"},"modified":"2026-03-12T09:07:23","modified_gmt":"2026-03-12T08:07:23","slug":"truusk-medicinskap-vaggskap-med-justerbar-hylla-lasbar-for-badrum-kok-hall-forsta-hjalpen-kors-vit-30-x-20-x-70-cm","status":"publish","type":"product","link":"https:\/\/truusk.store\/sv\/produkt\/truusk-medicinskap-vaggskap-med-justerbar-hylla-lasbar-for-badrum-kok-hall-forsta-hjalpen-kors-vit-30-x-20-x-70-cm\/","title":{"rendered":"TRUUSK Medicinsk\u00e5p &#8211; V\u00e4ggsk\u00e5p med justerbar hylla &#8211; L\u00e5sbar f\u00f6r badrum, k\u00f6k, hall &#8211; F\u00f6rsta hj\u00e4lpen-kors &#8211; Vit &#8211; 30 x 20 x 70 cm"},"content":{"rendered":"<p>Att h\u00e5lla mediciner l\u00e4ttillg\u00e4ngliga \u00e4r viktigt, varf\u00f6r detta v\u00e4ggmonterade medicinsk\u00e5p \u00e4r ett m\u00e5ste f\u00f6r varje hem. Detta medicinsk\u00e5p har fem niv\u00e5er av lagringsutrymme, s\u00e5 att du kan organisera och isolera mediciner som m\u00e5ste h\u00e5llas \u00e5tskilda fr\u00e5n varandra. Du kan justera h\u00f6jden beroende p\u00e5 storleken p\u00e5 f\u00f6rem\u00e5len. F\u00f6rsta hj\u00e4lpen-korset finns p\u00e5 framsidan, vilket g\u00f6r det l\u00e4tt att uppt\u00e4cka i en n\u00f6dsituation.<\/p>\n<h3>Beskrivning:<\/h3>\n<ul>\n<li>5-v\u00e5nings hyllor inuti f\u00f6r effektiv organisation<\/li>\n<li>S\u00e4ker l\u00e5sdesign med tv\u00e5 nycklar, som \u00e4r perfekt f\u00f6r hush\u00e5ll med barn och husdjur<\/li>\n<li>Justerbar avdelare kan flyttas upp och ner f\u00f6r att m\u00f6ta olika behov<\/li>\n<li>Genomskinlig glasv\u00e4gg \u00e4r l\u00e4tt att reng\u00f6ra<\/li>\n<li>F\u00f6rsta hj\u00e4lpen-korset p\u00e5 d\u00f6rren \u00e4r l\u00e4tt att uppt\u00e4cka<\/li>\n<li>V\u00e4ggmonterad design f\u00f6r att spara utrymme<\/li>\n<li>Montering kr\u00e4vs<\/li>\n<\/ul>\n<h3>Teknisk data:<\/h3>\n<ul>\n<li>F\u00e4rg vit<\/li>\n<li>Material: sp\u00e5nskiva, glas<\/li>\n<li>\u00d6vergripande m\u00e5tt: 30W x 20D x 70H cm<\/li>\n<li>D\u00f6rrstorlek: 30W x 70H cm<\/li>\n<li>Varje niv\u00e5storlek: 27W x 17D x 13H cm<\/li>\n<li>Viktkapacitet: 10 kg (totalt), 2 kg (hylla)<\/li>\n<\/ul>\n<h3>Leveransens omfattning:<\/h3>\n<ul>\n<li>1 x Medicinsk\u00e5p<\/li>\n<li>2 x nycklar<\/li>\n<li>1 x Instruktioner<\/li>\n<\/ul>\n","protected":false},"excerpt":{"rendered":"<p>Att h\u00e5lla mediciner l\u00e4ttillg\u00e4ngliga \u00e4r viktigt, varf\u00f6r detta v\u00e4ggmonterade medicinsk\u00e5p \u00e4r ett m\u00e5ste f\u00f6r varje hem. Detta medicinsk\u00e5p har fem&#8230;<\/p>\n","protected":false},"featured_media":27648,"template":"","meta":[],"product_brand":[],"product_cat":[485,529,528],"product_tag":[],"class_list":{"0":"post-27647","1":"product","2":"type-product","3":"status-publish","4":"has-post-thumbnail","6":"product_cat-hus-bo","7":"product_cat-medicinskap","8":"product_cat-skap-byraer","10":"first","11":"instock","12":"sale","13":"taxable","14":"shipping-taxable","15":"purchasable","16":"product-type-simple"},"yoast_head":"<!-- This site is optimized with the Yoast SEO plugin v25.4 - https:\/\/yoast.com\/wordpress\/plugins\/seo\/ -->\n<title>TRUUSK Medicinsk\u00e5p - V\u00e4ggsk\u00e5p med justerbar hylla - L\u00e5sbar f\u00f6r badrum, k\u00f6k, hall - F\u00f6rsta hj\u00e4lpen-kors - Vit - 30 x 20 x 70 cm - TRUUSK - Hem, Tr\u00e4dg\u00e5rd &amp; Fritid<\/title>\n<meta name=\"robots\" content=\"index, follow, max-snippet:-1, max-image-preview:large, max-video-preview:-1\" \/>\n<link rel=\"canonical\" href=\"https:\/\/truusk.store\/sv\/produkt\/truusk-medicinskap-vaggskap-med-justerbar-hylla-lasbar-for-badrum-kok-hall-forsta-hjalpen-kors-vit-30-x-20-x-70-cm\/\" \/>\n<meta property=\"og:locale\" content=\"sv_SE\" \/>\n<meta property=\"og:type\" content=\"article\" \/>\n<meta property=\"og:title\" content=\"TRUUSK Medicinsk\u00e5p - V\u00e4ggsk\u00e5p med justerbar hylla - L\u00e5sbar f\u00f6r badrum, k\u00f6k, hall - F\u00f6rsta hj\u00e4lpen-kors - Vit - 30 x 20 x 70 cm - TRUUSK - Hem, Tr\u00e4dg\u00e5rd &amp; Fritid\" \/>\n<meta property=\"og:description\" content=\"Att h\u00e5lla mediciner l\u00e4ttillg\u00e4ngliga \u00e4r viktigt, varf\u00f6r detta v\u00e4ggmonterade medicinsk\u00e5p \u00e4r ett m\u00e5ste f\u00f6r varje hem. Detta medicinsk\u00e5p har fem...\" \/>\n<meta property=\"og:url\" content=\"https:\/\/truusk.store\/sv\/produkt\/truusk-medicinskap-vaggskap-med-justerbar-hylla-lasbar-for-badrum-kok-hall-forsta-hjalpen-kors-vit-30-x-20-x-70-cm\/\" \/>\n<meta property=\"og:site_name\" content=\"TRUUSK - Hem, Tr\u00e4dg\u00e5rd &amp; Fritid\" \/>\n<meta property=\"article:modified_time\" content=\"2026-03-12T08:07:23+00:00\" \/>\n<meta property=\"og:image\" content=\"https:\/\/i0.wp.com\/truusk.se\/wp-content\/uploads\/2024\/02\/medicinskap-medicinskap-vaggskap-hangskap-med-stallbar-hylla-forsta-hjalpen-kors-lasbar-for-badrum-kok-hall-vit-30-x-20-x-70-cm.webp?fit=800%2C800&ssl=1\" \/>\n\t<meta property=\"og:image:width\" content=\"800\" \/>\n\t<meta property=\"og:image:height\" content=\"800\" \/>\n\t<meta property=\"og:image:type\" content=\"image\/webp\" \/>\n<meta name=\"twitter:card\" content=\"summary_large_image\" \/>\n<meta name=\"twitter:label1\" content=\"Ber\u00e4knad l\u00e4stid\" \/>\n\t<meta name=\"twitter:data1\" content=\"1 minut\" \/>\n<!-- \/ Yoast SEO plugin. -->","yoast_head_json":{"title":"TRUUSK Medicinsk\u00e5p - V\u00e4ggsk\u00e5p med justerbar hylla - L\u00e5sbar f\u00f6r badrum, k\u00f6k, hall - F\u00f6rsta hj\u00e4lpen-kors - Vit - 30 x 20 x 70 cm - TRUUSK - Hem, Tr\u00e4dg\u00e5rd &amp; Fritid","robots":{"index":"index","follow":"follow","max-snippet":"max-snippet:-1","max-image-preview":"max-image-preview:large","max-video-preview":"max-video-preview:-1"},"canonical":"https:\/\/truusk.store\/sv\/produkt\/truusk-medicinskap-vaggskap-med-justerbar-hylla-lasbar-for-badrum-kok-hall-forsta-hjalpen-kors-vit-30-x-20-x-70-cm\/","og_locale":"sv_SE","og_type":"article","og_title":"TRUUSK Medicinsk\u00e5p - V\u00e4ggsk\u00e5p med justerbar hylla - L\u00e5sbar f\u00f6r badrum, k\u00f6k, hall - F\u00f6rsta hj\u00e4lpen-kors - Vit - 30 x 20 x 70 cm - TRUUSK - Hem, Tr\u00e4dg\u00e5rd &amp; Fritid","og_description":"Att h\u00e5lla mediciner l\u00e4ttillg\u00e4ngliga \u00e4r viktigt, varf\u00f6r detta v\u00e4ggmonterade medicinsk\u00e5p \u00e4r ett m\u00e5ste f\u00f6r varje hem. Detta medicinsk\u00e5p har fem...","og_url":"https:\/\/truusk.store\/sv\/produkt\/truusk-medicinskap-vaggskap-med-justerbar-hylla-lasbar-for-badrum-kok-hall-forsta-hjalpen-kors-vit-30-x-20-x-70-cm\/","og_site_name":"TRUUSK - Hem, Tr\u00e4dg\u00e5rd &amp; Fritid","article_modified_time":"2026-03-12T08:07:23+00:00","og_image":[{"width":800,"height":800,"url":"https:\/\/i0.wp.com\/truusk.se\/wp-content\/uploads\/2024\/02\/medicinskap-medicinskap-vaggskap-hangskap-med-stallbar-hylla-forsta-hjalpen-kors-lasbar-for-badrum-kok-hall-vit-30-x-20-x-70-cm.webp?fit=800%2C800&ssl=1","type":"image\/webp"}],"twitter_card":"summary_large_image","twitter_misc":{"Ber\u00e4knad l\u00e4stid":"1 minut"},"schema":{"@context":"https:\/\/schema.org","@graph":[{"@type":"WebPage","@id":"https:\/\/truusk.store\/sv\/produkt\/truusk-medicinskap-vaggskap-med-justerbar-hylla-lasbar-for-badrum-kok-hall-forsta-hjalpen-kors-vit-30-x-20-x-70-cm\/","url":"https:\/\/truusk.store\/sv\/produkt\/truusk-medicinskap-vaggskap-med-justerbar-hylla-lasbar-for-badrum-kok-hall-forsta-hjalpen-kors-vit-30-x-20-x-70-cm\/","name":"TRUUSK Medicinsk\u00e5p - V\u00e4ggsk\u00e5p med justerbar hylla - L\u00e5sbar f\u00f6r badrum, k\u00f6k, hall - F\u00f6rsta hj\u00e4lpen-kors - Vit - 30 x 20 x 70 cm - TRUUSK - Hem, Tr\u00e4dg\u00e5rd &amp; Fritid","isPartOf":{"@id":"https:\/\/truusk.store\/sv\/#website"},"primaryImageOfPage":{"@id":"https:\/\/truusk.store\/sv\/produkt\/truusk-medicinskap-vaggskap-med-justerbar-hylla-lasbar-for-badrum-kok-hall-forsta-hjalpen-kors-vit-30-x-20-x-70-cm\/#primaryimage"},"image":{"@id":"https:\/\/truusk.store\/sv\/produkt\/truusk-medicinskap-vaggskap-med-justerbar-hylla-lasbar-for-badrum-kok-hall-forsta-hjalpen-kors-vit-30-x-20-x-70-cm\/#primaryimage"},"thumbnailUrl":"https:\/\/i0.wp.com\/truusk.store\/wp-content\/uploads\/2024\/02\/medicinskap-medicinskap-vaggskap-hangskap-med-stallbar-hylla-forsta-hjalpen-kors-lasbar-for-badrum-kok-hall-vit-30-x-20-x-70-cm.webp?fit=800%2C800&ssl=1","datePublished":"2024-02-13T18:11:13+00:00","dateModified":"2026-03-12T08:07:23+00:00","breadcrumb":{"@id":"https:\/\/truusk.store\/sv\/produkt\/truusk-medicinskap-vaggskap-med-justerbar-hylla-lasbar-for-badrum-kok-hall-forsta-hjalpen-kors-vit-30-x-20-x-70-cm\/#breadcrumb"},"inLanguage":"sv-SE","potentialAction":[{"@type":"ReadAction","target":["https:\/\/truusk.store\/sv\/produkt\/truusk-medicinskap-vaggskap-med-justerbar-hylla-lasbar-for-badrum-kok-hall-forsta-hjalpen-kors-vit-30-x-20-x-70-cm\/"]}]},{"@type":"ImageObject","inLanguage":"sv-SE","@id":"https:\/\/truusk.store\/sv\/produkt\/truusk-medicinskap-vaggskap-med-justerbar-hylla-lasbar-for-badrum-kok-hall-forsta-hjalpen-kors-vit-30-x-20-x-70-cm\/#primaryimage","url":"https:\/\/i0.wp.com\/truusk.store\/wp-content\/uploads\/2024\/02\/medicinskap-medicinskap-vaggskap-hangskap-med-stallbar-hylla-forsta-hjalpen-kors-lasbar-for-badrum-kok-hall-vit-30-x-20-x-70-cm.webp?fit=800%2C800&ssl=1","contentUrl":"https:\/\/i0.wp.com\/truusk.store\/wp-content\/uploads\/2024\/02\/medicinskap-medicinskap-vaggskap-hangskap-med-stallbar-hylla-forsta-hjalpen-kors-lasbar-for-badrum-kok-hall-vit-30-x-20-x-70-cm.webp?fit=800%2C800&ssl=1","width":800,"height":800,"caption":"Medicinsk\u00e5p, Medicinsk\u00e5p, V\u00e4ggsk\u00e5p, H\u00e4ngsk\u00e5p Med St\u00e4llbar Hylla, F\u00f6rsta Hj\u00e4lpen-kors, L\u00e5sbar F\u00f6r Badrum, K\u00f6k, Hall, Vit, 30 X 20 X 70 Cm 1"},{"@type":"BreadcrumbList","@id":"https:\/\/truusk.store\/sv\/produkt\/truusk-medicinskap-vaggskap-med-justerbar-hylla-lasbar-for-badrum-kok-hall-forsta-hjalpen-kors-vit-30-x-20-x-70-cm\/#breadcrumb","itemListElement":[{"@type":"ListItem","position":1,"name":"Home","item":"https:\/\/truusk.store\/sv\/"},{"@type":"ListItem","position":2,"name":"Shop","item":"https:\/\/truusk.store\/shop\/"},{"@type":"ListItem","position":3,"name":"TRUUSK Medicinsk\u00e5p &#8211; V\u00e4ggsk\u00e5p med justerbar hylla &#8211; L\u00e5sbar f\u00f6r badrum, k\u00f6k, hall &#8211; F\u00f6rsta hj\u00e4lpen-kors &#8211; Vit &#8211; 30 x 20 x 70 cm"}]},{"@type":"WebSite","@id":"https:\/\/truusk.store\/sv\/#website","url":"https:\/\/truusk.store\/sv\/","name":"TRUUSK - Hem, Tr\u00e4dg\u00e5rd & Fritid","description":"","publisher":{"@id":"https:\/\/truusk.store\/sv\/#organization"},"potentialAction":[{"@type":"SearchAction","target":{"@type":"EntryPoint","urlTemplate":"https:\/\/truusk.store\/sv\/?s={search_term_string}"},"query-input":{"@type":"PropertyValueSpecification","valueRequired":true,"valueName":"search_term_string"}}],"inLanguage":"sv-SE"},{"@type":"Organization","@id":"https:\/\/truusk.store\/sv\/#organization","name":"TRUUSK - Hem, Tr\u00e4dg\u00e5rd & Fritid","url":"https:\/\/truusk.store\/sv\/","logo":{"@type":"ImageObject","inLanguage":"sv-SE","@id":"https:\/\/truusk.store\/sv\/#\/schema\/logo\/image\/","url":"https:\/\/i0.wp.com\/truusk.store\/wp-content\/uploads\/2026\/03\/cropped-TRUUSK.png?fit=2032%2C917&ssl=1","contentUrl":"https:\/\/i0.wp.com\/truusk.store\/wp-content\/uploads\/2026\/03\/cropped-TRUUSK.png?fit=2032%2C917&ssl=1","width":2032,"height":917,"caption":"TRUUSK - Hem, Tr\u00e4dg\u00e5rd & Fritid"},"image":{"@id":"https:\/\/truusk.store\/sv\/#\/schema\/logo\/image\/"}}]}},"jetpack_sharing_enabled":true,"_links":{"self":[{"href":"https:\/\/truusk.store\/sv\/wp-json\/wp\/v2\/product\/27647","targetHints":{"allow":["GET"]}}],"collection":[{"href":"https:\/\/truusk.store\/sv\/wp-json\/wp\/v2\/product"}],"about":[{"href":"https:\/\/truusk.store\/sv\/wp-json\/wp\/v2\/types\/product"}],"wp:featuredmedia":[{"embeddable":true,"href":"https:\/\/truusk.store\/sv\/wp-json\/wp\/v2\/media\/27648"}],"wp:attachment":[{"href":"https:\/\/truusk.store\/sv\/wp-json\/wp\/v2\/media?parent=27647"}],"wp:term":[{"taxonomy":"product_brand","embeddable":true,"href":"https:\/\/truusk.store\/sv\/wp-json\/wp\/v2\/product_brand?post=27647"},{"taxonomy":"product_cat","embeddable":true,"href":"https:\/\/truusk.store\/sv\/wp-json\/wp\/v2\/product_cat?post=27647"},{"taxonomy":"product_tag","embeddable":true,"href":"https:\/\/truusk.store\/sv\/wp-json\/wp\/v2\/product_tag?post=27647"}],"curies":[{"name":"wp","href":"https:\/\/api.w.org\/{rel}","templated":true}]}}