{"id":27694,"date":"2024-02-13T19:12:31","date_gmt":"2024-02-13T18:12:31","guid":{"rendered":"https:\/\/truusk.store\/product\/barnskoter-med-bakbroms-sparkscooter-12-tum-sparkscooter-stadsskoter-for-barn-kickboard-hojdjusterbar-stal-eva-svart-120-x-52-x-80-88-cm\/"},"modified":"2026-03-12T09:07:24","modified_gmt":"2026-03-12T08:07:24","slug":"truusk-skotrar-for-barn-12-tums-sparkcykel-med-broms-justerbar-hojd-stalram-svart-120-x-52-x-80-88-cm","status":"publish","type":"product","link":"https:\/\/truusk.store\/sv\/produkt\/truusk-skotrar-for-barn-12-tums-sparkcykel-med-broms-justerbar-hojd-stalram-svart-120-x-52-x-80-88-cm\/","title":{"rendered":"TRUUSK Skotrar f\u00f6r barn &#8211; 12-tums sparkcykel med broms &#8211; Justerbar h\u00f6jd &#8211; St\u00e5lram &#8211; Svart &#8211; 120 x 52 x 80-88 cm"},"content":{"rendered":"<p>En skoter f\u00f6r hela familjen. Inte bara f\u00f6r barn, utan \u00e4ven syskon, f\u00f6r\u00e4ldrar och v\u00e4nner. Denna skoter \u00e4r idealisk f\u00f6r en kort tur till skolan eller jobbet. Med sina 12&#8243; f\u00e4lgar och EVA-d\u00e4ck glider skotern snabbt fram. Tack vare stativet kan du enkelt parkera skotern utan att beh\u00f6va ligga ner. Denna skoter erbjuder massor av k\u00f6rkul f\u00f6r hela familjen!<\/p>\n<h3>Beskrivning:<\/h3>\n<ul>\n<li>Utrustad med handbroms f\u00f6r bakhjulet och fotst\u00f6d f\u00f6r \u00f6kad s\u00e4kerhet<\/li>\n<li>Kullagermonterat styre<\/li>\n<li>Kullagrade, h\u00f6jdjusterbara styre kan justeras fr\u00e5n 80 till max 88 cm<\/li>\n<li>Cykelst\u00e4ll i metall f\u00f6r parkering<\/li>\n<li>Anti-halk slitbaneyta<\/li>\n<li>Kan h\u00e5lla upp till 50 kg<\/li>\n<li>L\u00e4mplig f\u00f6r 5-12 \u00e5r barn<\/li>\n<\/ul>\n<h3>Teknisk data:<\/h3>\n<ul>\n<li>Totalstorlek: L120 x B52 x H80-88 cm<\/li>\n<li>Styrets bredd: 50 cm<\/li>\n<li>L\u00f6parbr\u00e4da: Markfrig\u00e5ng: 11 cm, storlek: L32 x B11 cm<\/li>\n<li>D\u00e4ck: 12 tum fram och bak<\/li>\n<li>Material: ram: st\u00e5l, d\u00e4ckram: PVA, d\u00e4ck: EVA<\/li>\n<li>Svart f\u00e4rg<\/li>\n<li>Max lastkapacitet: 50 kg<\/li>\n<li>Rekommenderad \u00e5lder: 5-12 \u00e5r<\/li>\n<\/ul>\n<h3>Leveransens omfattning:<\/h3>\n<ul>\n<li>1 x sparkscooter (bak med V-broms)<\/li>\n<li>1 x monteringsanvisning<\/li>\n<li>Obs: En vuxen m\u00e5ste vara n\u00e4rvarande vid montering. Scootern m\u00e5ste vara helt monterad f\u00f6re anv\u00e4ndning. R\u00e4tt skyddsutrustning m\u00e5ste ocks\u00e5 b\u00e4ras, s\u00e5som hj\u00e4lm, kn\u00e4- och armb\u00e5gsskydd och ordentliga skor. F\u00f6r att undvika eventuella skador.<\/li>\n<\/ul>\n","protected":false},"excerpt":{"rendered":"<p>En skoter f\u00f6r hela familjen. Inte bara f\u00f6r barn, utan \u00e4ven syskon, f\u00f6r\u00e4ldrar och v\u00e4nner. Denna skoter \u00e4r idealisk f\u00f6r&#8230;<\/p>\n","protected":false},"featured_media":27695,"template":"","meta":[],"product_brand":[],"product_cat":[609,610,611],"product_tag":[],"class_list":{"0":"post-27694","1":"product","2":"type-product","3":"status-publish","4":"has-post-thumbnail","6":"product_cat-baby-barn","7":"product_cat-barnfordon","8":"product_cat-skoter","10":"first","11":"instock","12":"sale","13":"taxable","14":"shipping-taxable","15":"purchasable","16":"product-type-simple"},"yoast_head":"<!-- This site is optimized with the Yoast SEO plugin v25.4 - https:\/\/yoast.com\/wordpress\/plugins\/seo\/ -->\n<title>TRUUSK Skotrar f\u00f6r barn - 12-tums sparkcykel med broms - Justerbar h\u00f6jd - St\u00e5lram - Svart - 120 x 52 x 80-88 cm - TRUUSK - Hem, Tr\u00e4dg\u00e5rd &amp; Fritid<\/title>\n<meta name=\"robots\" content=\"index, follow, max-snippet:-1, max-image-preview:large, max-video-preview:-1\" \/>\n<link rel=\"canonical\" href=\"https:\/\/truusk.store\/sv\/produkt\/truusk-skotrar-for-barn-12-tums-sparkcykel-med-broms-justerbar-hojd-stalram-svart-120-x-52-x-80-88-cm\/\" \/>\n<meta property=\"og:locale\" content=\"sv_SE\" \/>\n<meta property=\"og:type\" content=\"article\" \/>\n<meta property=\"og:title\" content=\"TRUUSK Skotrar f\u00f6r barn - 12-tums sparkcykel med broms - Justerbar h\u00f6jd - St\u00e5lram - Svart - 120 x 52 x 80-88 cm - TRUUSK - Hem, Tr\u00e4dg\u00e5rd &amp; Fritid\" \/>\n<meta property=\"og:description\" content=\"En skoter f\u00f6r hela familjen. Inte bara f\u00f6r barn, utan \u00e4ven syskon, f\u00f6r\u00e4ldrar och v\u00e4nner. Denna skoter \u00e4r idealisk f\u00f6r...\" \/>\n<meta property=\"og:url\" content=\"https:\/\/truusk.store\/sv\/produkt\/truusk-skotrar-for-barn-12-tums-sparkcykel-med-broms-justerbar-hojd-stalram-svart-120-x-52-x-80-88-cm\/\" \/>\n<meta property=\"og:site_name\" content=\"TRUUSK - Hem, Tr\u00e4dg\u00e5rd &amp; Fritid\" \/>\n<meta property=\"article:modified_time\" content=\"2026-03-12T08:07:24+00:00\" \/>\n<meta property=\"og:image\" content=\"https:\/\/i0.wp.com\/truusk.se\/wp-content\/uploads\/2024\/02\/barnskoter-med-bakbroms-sparkscooter-12-tum-sparkscooter-stadsskoter-for-barn-kickboard-hojdjusterbar-stal-eva-svart-120-x-52-x-80-88-cm.webp?fit=800%2C800&ssl=1\" \/>\n\t<meta property=\"og:image:width\" content=\"800\" \/>\n\t<meta property=\"og:image:height\" content=\"800\" \/>\n\t<meta property=\"og:image:type\" content=\"image\/webp\" \/>\n<meta name=\"twitter:card\" content=\"summary_large_image\" \/>\n<meta name=\"twitter:label1\" content=\"Ber\u00e4knad l\u00e4stid\" \/>\n\t<meta name=\"twitter:data1\" content=\"1 minut\" \/>\n<!-- \/ Yoast SEO plugin. -->","yoast_head_json":{"title":"TRUUSK Skotrar f\u00f6r barn - 12-tums sparkcykel med broms - Justerbar h\u00f6jd - St\u00e5lram - Svart - 120 x 52 x 80-88 cm - TRUUSK - Hem, Tr\u00e4dg\u00e5rd &amp; Fritid","robots":{"index":"index","follow":"follow","max-snippet":"max-snippet:-1","max-image-preview":"max-image-preview:large","max-video-preview":"max-video-preview:-1"},"canonical":"https:\/\/truusk.store\/sv\/produkt\/truusk-skotrar-for-barn-12-tums-sparkcykel-med-broms-justerbar-hojd-stalram-svart-120-x-52-x-80-88-cm\/","og_locale":"sv_SE","og_type":"article","og_title":"TRUUSK Skotrar f\u00f6r barn - 12-tums sparkcykel med broms - Justerbar h\u00f6jd - St\u00e5lram - Svart - 120 x 52 x 80-88 cm - TRUUSK - Hem, Tr\u00e4dg\u00e5rd &amp; Fritid","og_description":"En skoter f\u00f6r hela familjen. Inte bara f\u00f6r barn, utan \u00e4ven syskon, f\u00f6r\u00e4ldrar och v\u00e4nner. Denna skoter \u00e4r idealisk f\u00f6r...","og_url":"https:\/\/truusk.store\/sv\/produkt\/truusk-skotrar-for-barn-12-tums-sparkcykel-med-broms-justerbar-hojd-stalram-svart-120-x-52-x-80-88-cm\/","og_site_name":"TRUUSK - Hem, Tr\u00e4dg\u00e5rd &amp; Fritid","article_modified_time":"2026-03-12T08:07:24+00:00","og_image":[{"width":800,"height":800,"url":"https:\/\/i0.wp.com\/truusk.se\/wp-content\/uploads\/2024\/02\/barnskoter-med-bakbroms-sparkscooter-12-tum-sparkscooter-stadsskoter-for-barn-kickboard-hojdjusterbar-stal-eva-svart-120-x-52-x-80-88-cm.webp?fit=800%2C800&ssl=1","type":"image\/webp"}],"twitter_card":"summary_large_image","twitter_misc":{"Ber\u00e4knad l\u00e4stid":"1 minut"},"schema":{"@context":"https:\/\/schema.org","@graph":[{"@type":"WebPage","@id":"https:\/\/truusk.store\/sv\/produkt\/truusk-skotrar-for-barn-12-tums-sparkcykel-med-broms-justerbar-hojd-stalram-svart-120-x-52-x-80-88-cm\/","url":"https:\/\/truusk.store\/sv\/produkt\/truusk-skotrar-for-barn-12-tums-sparkcykel-med-broms-justerbar-hojd-stalram-svart-120-x-52-x-80-88-cm\/","name":"TRUUSK Skotrar f\u00f6r barn - 12-tums sparkcykel med broms - Justerbar h\u00f6jd - St\u00e5lram - Svart - 120 x 52 x 80-88 cm - TRUUSK - Hem, Tr\u00e4dg\u00e5rd &amp; Fritid","isPartOf":{"@id":"https:\/\/truusk.store\/sv\/#website"},"primaryImageOfPage":{"@id":"https:\/\/truusk.store\/sv\/produkt\/truusk-skotrar-for-barn-12-tums-sparkcykel-med-broms-justerbar-hojd-stalram-svart-120-x-52-x-80-88-cm\/#primaryimage"},"image":{"@id":"https:\/\/truusk.store\/sv\/produkt\/truusk-skotrar-for-barn-12-tums-sparkcykel-med-broms-justerbar-hojd-stalram-svart-120-x-52-x-80-88-cm\/#primaryimage"},"thumbnailUrl":"https:\/\/i0.wp.com\/truusk.store\/wp-content\/uploads\/2024\/02\/barnskoter-med-bakbroms-sparkscooter-12-tum-sparkscooter-stadsskoter-for-barn-kickboard-hojdjusterbar-stal-eva-svart-120-x-52-x-80-88-cm.webp?fit=800%2C800&ssl=1","datePublished":"2024-02-13T18:12:31+00:00","dateModified":"2026-03-12T08:07:24+00:00","breadcrumb":{"@id":"https:\/\/truusk.store\/sv\/produkt\/truusk-skotrar-for-barn-12-tums-sparkcykel-med-broms-justerbar-hojd-stalram-svart-120-x-52-x-80-88-cm\/#breadcrumb"},"inLanguage":"sv-SE","potentialAction":[{"@type":"ReadAction","target":["https:\/\/truusk.store\/sv\/produkt\/truusk-skotrar-for-barn-12-tums-sparkcykel-med-broms-justerbar-hojd-stalram-svart-120-x-52-x-80-88-cm\/"]}]},{"@type":"ImageObject","inLanguage":"sv-SE","@id":"https:\/\/truusk.store\/sv\/produkt\/truusk-skotrar-for-barn-12-tums-sparkcykel-med-broms-justerbar-hojd-stalram-svart-120-x-52-x-80-88-cm\/#primaryimage","url":"https:\/\/i0.wp.com\/truusk.store\/wp-content\/uploads\/2024\/02\/barnskoter-med-bakbroms-sparkscooter-12-tum-sparkscooter-stadsskoter-for-barn-kickboard-hojdjusterbar-stal-eva-svart-120-x-52-x-80-88-cm.webp?fit=800%2C800&ssl=1","contentUrl":"https:\/\/i0.wp.com\/truusk.store\/wp-content\/uploads\/2024\/02\/barnskoter-med-bakbroms-sparkscooter-12-tum-sparkscooter-stadsskoter-for-barn-kickboard-hojdjusterbar-stal-eva-svart-120-x-52-x-80-88-cm.webp?fit=800%2C800&ssl=1","width":800,"height":800,"caption":"Barnskoter Med Bakbroms Sparkscooter 12 Tum Sparkscooter Stadsskoter F\u00f6r Barn Kickboard H\u00f6jdjusterbar St\u00e5l EVA Svart 120 X 52 X 80-88 Cm 1"},{"@type":"BreadcrumbList","@id":"https:\/\/truusk.store\/sv\/produkt\/truusk-skotrar-for-barn-12-tums-sparkcykel-med-broms-justerbar-hojd-stalram-svart-120-x-52-x-80-88-cm\/#breadcrumb","itemListElement":[{"@type":"ListItem","position":1,"name":"Home","item":"https:\/\/truusk.store\/sv\/"},{"@type":"ListItem","position":2,"name":"Shop","item":"https:\/\/truusk.store\/shop\/"},{"@type":"ListItem","position":3,"name":"TRUUSK Skotrar f\u00f6r barn &#8211; 12-tums sparkcykel med broms &#8211; Justerbar h\u00f6jd &#8211; St\u00e5lram &#8211; Svart &#8211; 120 x 52 x 80-88 cm"}]},{"@type":"WebSite","@id":"https:\/\/truusk.store\/sv\/#website","url":"https:\/\/truusk.store\/sv\/","name":"TRUUSK - Hem, Tr\u00e4dg\u00e5rd & Fritid","description":"","publisher":{"@id":"https:\/\/truusk.store\/sv\/#organization"},"potentialAction":[{"@type":"SearchAction","target":{"@type":"EntryPoint","urlTemplate":"https:\/\/truusk.store\/sv\/?s={search_term_string}"},"query-input":{"@type":"PropertyValueSpecification","valueRequired":true,"valueName":"search_term_string"}}],"inLanguage":"sv-SE"},{"@type":"Organization","@id":"https:\/\/truusk.store\/sv\/#organization","name":"TRUUSK - Hem, Tr\u00e4dg\u00e5rd & Fritid","url":"https:\/\/truusk.store\/sv\/","logo":{"@type":"ImageObject","inLanguage":"sv-SE","@id":"https:\/\/truusk.store\/sv\/#\/schema\/logo\/image\/","url":"https:\/\/i0.wp.com\/truusk.store\/wp-content\/uploads\/2026\/03\/cropped-TRUUSK.png?fit=2032%2C917&ssl=1","contentUrl":"https:\/\/i0.wp.com\/truusk.store\/wp-content\/uploads\/2026\/03\/cropped-TRUUSK.png?fit=2032%2C917&ssl=1","width":2032,"height":917,"caption":"TRUUSK - Hem, Tr\u00e4dg\u00e5rd & Fritid"},"image":{"@id":"https:\/\/truusk.store\/sv\/#\/schema\/logo\/image\/"}}]}},"jetpack_sharing_enabled":true,"_links":{"self":[{"href":"https:\/\/truusk.store\/sv\/wp-json\/wp\/v2\/product\/27694","targetHints":{"allow":["GET"]}}],"collection":[{"href":"https:\/\/truusk.store\/sv\/wp-json\/wp\/v2\/product"}],"about":[{"href":"https:\/\/truusk.store\/sv\/wp-json\/wp\/v2\/types\/product"}],"wp:featuredmedia":[{"embeddable":true,"href":"https:\/\/truusk.store\/sv\/wp-json\/wp\/v2\/media\/27695"}],"wp:attachment":[{"href":"https:\/\/truusk.store\/sv\/wp-json\/wp\/v2\/media?parent=27694"}],"wp:term":[{"taxonomy":"product_brand","embeddable":true,"href":"https:\/\/truusk.store\/sv\/wp-json\/wp\/v2\/product_brand?post=27694"},{"taxonomy":"product_cat","embeddable":true,"href":"https:\/\/truusk.store\/sv\/wp-json\/wp\/v2\/product_cat?post=27694"},{"taxonomy":"product_tag","embeddable":true,"href":"https:\/\/truusk.store\/sv\/wp-json\/wp\/v2\/product_tag?post=27694"}],"curies":[{"name":"wp","href":"https:\/\/api.w.org\/{rel}","templated":true}]}}