{"id":27782,"date":"2024-02-13T19:15:21","date_gmt":"2024-02-13T18:15:21","guid":{"rendered":"https:\/\/truusk.store\/product\/minijulgran-med-kottar-roda-bar-och-bertop-50cm-hog-flerfargad\/"},"modified":"2026-03-12T09:07:24","modified_gmt":"2026-03-12T08:07:24","slug":"truusk-mini-julgran-med-kottar-och-roda-bar-50cm-hojd-flerfargad","status":"publish","type":"product","link":"https:\/\/truusk.store\/sv\/produkt\/truusk-mini-julgran-med-kottar-och-roda-bar-50cm-hojd-flerfargad\/","title":{"rendered":"TRUUSK Mini Julgran med Kottar och R\u00f6da B\u00e4r &#8211; 50cm H\u00f6jd &#8211; Flerf\u00e4rgad"},"content":{"rendered":"<p>V\u00e5r vackra julgran \u00e4r ett bra alternativ till traditionella tr\u00e4d d\u00e5 de kr\u00e4ver lite underh\u00e5ll. Detta perfekta tr\u00e4dformade tr\u00e4d \u00e4r tillverkat av fylliga och realistiska plastspetsar. Med r\u00f6da b\u00e4r och sn\u00f6iga kottar kommer denna lilla bordsjulgran garanterat att bli ett i\u00f6gonfallande tillskott till din familjs juldekorationer i \u00e5r och i m\u00e5nga \u00e5r fram\u00f6ver.<\/p>\n<h3>Beskrivning:<\/h3>\n<ul>\n<li>50 cm konstgjord julgran i realistisk tr\u00e4dstil, med 8 r\u00f6da b\u00e4r, 7 sn\u00f6iga kottar<\/li>\n<li>Sn\u00f6t\u00e4ckt design, \u00e4ndarna \u00e4r vitm\u00e5lade, vilket skapar en vinterst\u00e4mning<\/li>\n<li>170 realistiska plastgranar,<\/li>\n<li>Unik formsprutningsteknik f\u00f6r att skapa en verklighetstrogen look<\/li>\n<li>Den lilla julgranen \u00e4r perfekt som mittpunkt p\u00e5 ett bord, mantel eller skrivbord<\/li>\n<li>Inkluderar en plantering i betonglook f\u00f6r ett stabilt stativ<\/li>\n<li>Grenarna \u00e4r flamskyddade f\u00f6r att garantera s\u00e4kerheten<\/li>\n<li>Grenspetsarna \u00e4r redan formade och denna minijulgran \u00e4r f\u00f6rmonterad f\u00f6r att spara din monteringstid<\/li>\n<\/ul>\n<h3>Teknisk data:<\/h3>\n<ul>\n<li>Tr\u00e4df\u00e4rg: gr\u00f6n<\/li>\n<li>Material: PE, PVC<\/li>\n<li>Totala m\u00e5tt: 27 x 47H cm<\/li>\n<li>Antal tips: 170<\/li>\n<li>Ett meddelande:<\/li>\n<li>Endast l\u00e4mplig f\u00f6r inomhusbruk, inte f\u00f6r utomhusbruk<\/li>\n<\/ul>\n<h3>Leveransens omfattning:<\/h3>\n<ul>\n<li>1 x julgran<\/li>\n<li>8 x r\u00f6da b\u00e4r<\/li>\n<li>7 x kottar<\/li>\n<li>1 x Instruktioner<\/li>\n<\/ul>\n","protected":false},"excerpt":{"rendered":"<p>V\u00e5r vackra julgran \u00e4r ett bra alternativ till traditionella tr\u00e4d d\u00e5 de kr\u00e4ver lite underh\u00e5ll. Detta perfekta tr\u00e4dformade tr\u00e4d \u00e4r&#8230;<\/p>\n","protected":false},"featured_media":27783,"template":"","meta":[],"product_brand":[],"product_cat":[705,706,707,730],"product_tag":[],"class_list":{"0":"post-27782","1":"product","2":"type-product","3":"status-publish","4":"has-post-thumbnail","6":"product_cat-julens-varld","7":"product_cat-julgranar","8":"product_cat-julgranar-under-120cm","9":"product_cat-julgranar-under-60-cm","11":"first","12":"instock","13":"sale","14":"taxable","15":"shipping-taxable","16":"purchasable","17":"product-type-simple"},"yoast_head":"<!-- This site is optimized with the Yoast SEO plugin v25.4 - https:\/\/yoast.com\/wordpress\/plugins\/seo\/ -->\n<title>TRUUSK Mini Julgran med Kottar och R\u00f6da B\u00e4r - 50cm H\u00f6jd - Flerf\u00e4rgad - TRUUSK - Hem, Tr\u00e4dg\u00e5rd &amp; Fritid<\/title>\n<meta name=\"robots\" content=\"index, follow, max-snippet:-1, max-image-preview:large, max-video-preview:-1\" \/>\n<link rel=\"canonical\" href=\"https:\/\/truusk.store\/sv\/produkt\/truusk-mini-julgran-med-kottar-och-roda-bar-50cm-hojd-flerfargad\/\" \/>\n<meta property=\"og:locale\" content=\"sv_SE\" \/>\n<meta property=\"og:type\" content=\"article\" \/>\n<meta property=\"og:title\" content=\"TRUUSK Mini Julgran med Kottar och R\u00f6da B\u00e4r - 50cm H\u00f6jd - Flerf\u00e4rgad - TRUUSK - Hem, Tr\u00e4dg\u00e5rd &amp; Fritid\" \/>\n<meta property=\"og:description\" content=\"V\u00e5r vackra julgran \u00e4r ett bra alternativ till traditionella tr\u00e4d d\u00e5 de kr\u00e4ver lite underh\u00e5ll. Detta perfekta tr\u00e4dformade tr\u00e4d \u00e4r...\" \/>\n<meta property=\"og:url\" content=\"https:\/\/truusk.store\/sv\/produkt\/truusk-mini-julgran-med-kottar-och-roda-bar-50cm-hojd-flerfargad\/\" \/>\n<meta property=\"og:site_name\" content=\"TRUUSK - Hem, Tr\u00e4dg\u00e5rd &amp; Fritid\" \/>\n<meta property=\"article:modified_time\" content=\"2026-03-12T08:07:24+00:00\" \/>\n<meta property=\"og:image\" content=\"https:\/\/i0.wp.com\/truusk.se\/wp-content\/uploads\/2024\/02\/minijulgran-med-kottar-roda-bar-och-bertop-50cm-hog-flerfargad.webp?fit=800%2C800&ssl=1\" \/>\n\t<meta property=\"og:image:width\" content=\"800\" \/>\n\t<meta property=\"og:image:height\" content=\"800\" \/>\n\t<meta property=\"og:image:type\" content=\"image\/webp\" \/>\n<meta name=\"twitter:card\" content=\"summary_large_image\" \/>\n<meta name=\"twitter:label1\" content=\"Ber\u00e4knad l\u00e4stid\" \/>\n\t<meta name=\"twitter:data1\" content=\"1 minut\" \/>\n<!-- \/ Yoast SEO plugin. -->","yoast_head_json":{"title":"TRUUSK Mini Julgran med Kottar och R\u00f6da B\u00e4r - 50cm H\u00f6jd - Flerf\u00e4rgad - TRUUSK - Hem, Tr\u00e4dg\u00e5rd &amp; Fritid","robots":{"index":"index","follow":"follow","max-snippet":"max-snippet:-1","max-image-preview":"max-image-preview:large","max-video-preview":"max-video-preview:-1"},"canonical":"https:\/\/truusk.store\/sv\/produkt\/truusk-mini-julgran-med-kottar-och-roda-bar-50cm-hojd-flerfargad\/","og_locale":"sv_SE","og_type":"article","og_title":"TRUUSK Mini Julgran med Kottar och R\u00f6da B\u00e4r - 50cm H\u00f6jd - Flerf\u00e4rgad - TRUUSK - Hem, Tr\u00e4dg\u00e5rd &amp; Fritid","og_description":"V\u00e5r vackra julgran \u00e4r ett bra alternativ till traditionella tr\u00e4d d\u00e5 de kr\u00e4ver lite underh\u00e5ll. Detta perfekta tr\u00e4dformade tr\u00e4d \u00e4r...","og_url":"https:\/\/truusk.store\/sv\/produkt\/truusk-mini-julgran-med-kottar-och-roda-bar-50cm-hojd-flerfargad\/","og_site_name":"TRUUSK - Hem, Tr\u00e4dg\u00e5rd &amp; Fritid","article_modified_time":"2026-03-12T08:07:24+00:00","og_image":[{"width":800,"height":800,"url":"https:\/\/i0.wp.com\/truusk.se\/wp-content\/uploads\/2024\/02\/minijulgran-med-kottar-roda-bar-och-bertop-50cm-hog-flerfargad.webp?fit=800%2C800&ssl=1","type":"image\/webp"}],"twitter_card":"summary_large_image","twitter_misc":{"Ber\u00e4knad l\u00e4stid":"1 minut"},"schema":{"@context":"https:\/\/schema.org","@graph":[{"@type":"WebPage","@id":"https:\/\/truusk.store\/sv\/produkt\/truusk-mini-julgran-med-kottar-och-roda-bar-50cm-hojd-flerfargad\/","url":"https:\/\/truusk.store\/sv\/produkt\/truusk-mini-julgran-med-kottar-och-roda-bar-50cm-hojd-flerfargad\/","name":"TRUUSK Mini Julgran med Kottar och R\u00f6da B\u00e4r - 50cm H\u00f6jd - Flerf\u00e4rgad - TRUUSK - Hem, Tr\u00e4dg\u00e5rd &amp; Fritid","isPartOf":{"@id":"https:\/\/truusk.store\/sv\/#website"},"primaryImageOfPage":{"@id":"https:\/\/truusk.store\/sv\/produkt\/truusk-mini-julgran-med-kottar-och-roda-bar-50cm-hojd-flerfargad\/#primaryimage"},"image":{"@id":"https:\/\/truusk.store\/sv\/produkt\/truusk-mini-julgran-med-kottar-och-roda-bar-50cm-hojd-flerfargad\/#primaryimage"},"thumbnailUrl":"https:\/\/i0.wp.com\/truusk.store\/wp-content\/uploads\/2024\/02\/minijulgran-med-kottar-roda-bar-och-bertop-50cm-hog-flerfargad.webp?fit=800%2C800&ssl=1","datePublished":"2024-02-13T18:15:21+00:00","dateModified":"2026-03-12T08:07:24+00:00","breadcrumb":{"@id":"https:\/\/truusk.store\/sv\/produkt\/truusk-mini-julgran-med-kottar-och-roda-bar-50cm-hojd-flerfargad\/#breadcrumb"},"inLanguage":"sv-SE","potentialAction":[{"@type":"ReadAction","target":["https:\/\/truusk.store\/sv\/produkt\/truusk-mini-julgran-med-kottar-och-roda-bar-50cm-hojd-flerfargad\/"]}]},{"@type":"ImageObject","inLanguage":"sv-SE","@id":"https:\/\/truusk.store\/sv\/produkt\/truusk-mini-julgran-med-kottar-och-roda-bar-50cm-hojd-flerfargad\/#primaryimage","url":"https:\/\/i0.wp.com\/truusk.store\/wp-content\/uploads\/2024\/02\/minijulgran-med-kottar-roda-bar-och-bertop-50cm-hog-flerfargad.webp?fit=800%2C800&ssl=1","contentUrl":"https:\/\/i0.wp.com\/truusk.store\/wp-content\/uploads\/2024\/02\/minijulgran-med-kottar-roda-bar-och-bertop-50cm-hog-flerfargad.webp?fit=800%2C800&ssl=1","width":800,"height":800,"caption":"Minijulgran Med Kottar, R\u00f6da B\u00e4r Och Bertop 50cm H\u00f6g, Flerf\u00e4rgad 1"},{"@type":"BreadcrumbList","@id":"https:\/\/truusk.store\/sv\/produkt\/truusk-mini-julgran-med-kottar-och-roda-bar-50cm-hojd-flerfargad\/#breadcrumb","itemListElement":[{"@type":"ListItem","position":1,"name":"Home","item":"https:\/\/truusk.store\/sv\/"},{"@type":"ListItem","position":2,"name":"Shop","item":"https:\/\/truusk.store\/shop\/"},{"@type":"ListItem","position":3,"name":"TRUUSK Mini Julgran med Kottar och R\u00f6da B\u00e4r &#8211; 50cm H\u00f6jd &#8211; Flerf\u00e4rgad"}]},{"@type":"WebSite","@id":"https:\/\/truusk.store\/sv\/#website","url":"https:\/\/truusk.store\/sv\/","name":"TRUUSK - Hem, Tr\u00e4dg\u00e5rd & Fritid","description":"","publisher":{"@id":"https:\/\/truusk.store\/sv\/#organization"},"potentialAction":[{"@type":"SearchAction","target":{"@type":"EntryPoint","urlTemplate":"https:\/\/truusk.store\/sv\/?s={search_term_string}"},"query-input":{"@type":"PropertyValueSpecification","valueRequired":true,"valueName":"search_term_string"}}],"inLanguage":"sv-SE"},{"@type":"Organization","@id":"https:\/\/truusk.store\/sv\/#organization","name":"TRUUSK - Hem, Tr\u00e4dg\u00e5rd & Fritid","url":"https:\/\/truusk.store\/sv\/","logo":{"@type":"ImageObject","inLanguage":"sv-SE","@id":"https:\/\/truusk.store\/sv\/#\/schema\/logo\/image\/","url":"https:\/\/i0.wp.com\/truusk.store\/wp-content\/uploads\/2026\/03\/cropped-TRUUSK.png?fit=2032%2C917&ssl=1","contentUrl":"https:\/\/i0.wp.com\/truusk.store\/wp-content\/uploads\/2026\/03\/cropped-TRUUSK.png?fit=2032%2C917&ssl=1","width":2032,"height":917,"caption":"TRUUSK - Hem, Tr\u00e4dg\u00e5rd & Fritid"},"image":{"@id":"https:\/\/truusk.store\/sv\/#\/schema\/logo\/image\/"}}]}},"jetpack_sharing_enabled":true,"_links":{"self":[{"href":"https:\/\/truusk.store\/sv\/wp-json\/wp\/v2\/product\/27782","targetHints":{"allow":["GET"]}}],"collection":[{"href":"https:\/\/truusk.store\/sv\/wp-json\/wp\/v2\/product"}],"about":[{"href":"https:\/\/truusk.store\/sv\/wp-json\/wp\/v2\/types\/product"}],"wp:featuredmedia":[{"embeddable":true,"href":"https:\/\/truusk.store\/sv\/wp-json\/wp\/v2\/media\/27783"}],"wp:attachment":[{"href":"https:\/\/truusk.store\/sv\/wp-json\/wp\/v2\/media?parent=27782"}],"wp:term":[{"taxonomy":"product_brand","embeddable":true,"href":"https:\/\/truusk.store\/sv\/wp-json\/wp\/v2\/product_brand?post=27782"},{"taxonomy":"product_cat","embeddable":true,"href":"https:\/\/truusk.store\/sv\/wp-json\/wp\/v2\/product_cat?post=27782"},{"taxonomy":"product_tag","embeddable":true,"href":"https:\/\/truusk.store\/sv\/wp-json\/wp\/v2\/product_tag?post=27782"}],"curies":[{"name":"wp","href":"https:\/\/api.w.org\/{rel}","templated":true}]}}