{"id":27792,"date":"2024-02-13T19:15:43","date_gmt":"2024-02-13T18:15:43","guid":{"rendered":"https:\/\/truusk.store\/product\/hundsparr-hundgrind-konfigurationsgrind-3-delad-hopfallbar-med-tva-stodfotter-trappgrind-hundsparrdorr-skyddsgrind-ugnsgaller-for-oppen-spis-vit-1545x295x61-cm\/"},"modified":"2026-03-12T09:07:24","modified_gmt":"2026-03-12T08:07:24","slug":"truusk-hundgrind-3-delad-hopfallbar-tva-stodfotter-trappgrind-skyddsgrind-ugnsgaller-vit-1545x295x61-cm","status":"publish","type":"product","link":"https:\/\/truusk.store\/sv\/produkt\/truusk-hundgrind-3-delad-hopfallbar-tva-stodfotter-trappgrind-skyddsgrind-ugnsgaller-vit-1545x295x61-cm\/","title":{"rendered":"TRUUSK Hundgrind 3-delad Hopf\u00e4llbar &#8211; Tv\u00e5 St\u00f6df\u00f6tter &#8211; Trappgrind &#8211; Skyddsgrind &#8211; Ugnsgaller &#8211; Vit 154,5&#215;29,5&#215;61 cm"},"content":{"rendered":"<p>Denna hundbarri\u00e4r ser till att dina hundar f\u00f6rblir skyddade inuti. Oavsett om det g\u00e4ller trappor, husentr\u00e9er eller som rumsavgr\u00e4nsning &#8211; med denna barri\u00e4r stannar din hund i sitt s\u00e4krade omr\u00e5de. Stativ s\u00e4kerst\u00e4ller ett s\u00e4rskilt stabilt stativ Flexibla anslutningar g\u00f6r att panelerna kan anpassas till alla \u00f6ppningar.<\/p>\n<h3>Beskrivning:<\/h3>\n<ul>\n<li>Best\u00e5r av 3 separata paneler f\u00f6rbundna med robusta g\u00e5ngj\u00e4rn<\/li>\n<li>Tillverkad av slitstarkt massivt tr\u00e4 och MDF<\/li>\n<li>Med vit f\u00e4rg<\/li>\n<li>Flexibla anslutningar g\u00f6r att panelerna kan arrangeras i olika former<\/li>\n<li>Hopf\u00e4llbar design f\u00f6r platsbesparande f\u00f6rvaring<\/li>\n<li>Idealisk f\u00f6r d\u00f6rr\u00f6ppningar, entr\u00e9er, hallar och trapphus<\/li>\n<li>L\u00e4mplig f\u00f6r sm\u00e5 hundar upp till en axelh\u00f6jd p\u00e5 41 cm<\/li>\n<li>Montering kr\u00e4vs<\/li>\n<li>Obs: Eftersom denna husdjursgrind har st\u00f6d kan den dras ut helt<\/li>\n<\/ul>\n<h3>Teknisk data:<\/h3>\n<ul>\n<li>Material som anv\u00e4nds: MDF, tr\u00e4<\/li>\n<li>F\u00e4rg vit<\/li>\n<li>\u00d6vergripande m\u00e5tt: 154,5L x 29,5W x 61H cm<\/li>\n<li>Storlek p\u00e5 varje panel: 50,8L x 61H x 1,8D cm<\/li>\n<li>Zune-avst\u00e5nd: 5 cm<\/li>\n<li>Vikt storlek: 50,8L x 61H x 5,8D cm<\/li>\n<li>St\u00f6dfot: 29,5L cm<\/li>\n<\/ul>\n<h3>Leveransens omfattning:<\/h3>\n<ul>\n<li>3 x enkelpanel<\/li>\n<li>2 x st\u00f6df\u00f6tter<\/li>\n<li>1 x Instruktioner<\/li>\n<\/ul>\n","protected":false},"excerpt":{"rendered":"<p>Denna hundbarri\u00e4r ser till att dina hundar f\u00f6rblir skyddade inuti. Oavsett om det g\u00e4ller trappor, husentr\u00e9er eller som rumsavgr\u00e4nsning &#8211;&#8230;<\/p>\n","protected":false},"featured_media":27793,"template":"","meta":[],"product_brand":[],"product_cat":[577,574,573],"product_tag":[],"class_list":{"0":"post-27792","1":"product","2":"type-product","3":"status-publish","4":"has-post-thumbnail","6":"product_cat-hundgrindar-avdelare","7":"product_cat-hundtillbehor","8":"product_cat-husdjursmaterial","10":"first","11":"instock","12":"sale","13":"taxable","14":"shipping-taxable","15":"purchasable","16":"product-type-simple"},"yoast_head":"<!-- This site is optimized with the Yoast SEO plugin v25.4 - https:\/\/yoast.com\/wordpress\/plugins\/seo\/ -->\n<title>TRUUSK Hundgrind 3-delad Hopf\u00e4llbar - Tv\u00e5 St\u00f6df\u00f6tter - Trappgrind - Skyddsgrind - Ugnsgaller - Vit 154,5x29,5x61 cm - TRUUSK - Hem, Tr\u00e4dg\u00e5rd &amp; Fritid<\/title>\n<meta name=\"robots\" content=\"index, follow, max-snippet:-1, max-image-preview:large, max-video-preview:-1\" \/>\n<link rel=\"canonical\" href=\"https:\/\/truusk.store\/sv\/produkt\/truusk-hundgrind-3-delad-hopfallbar-tva-stodfotter-trappgrind-skyddsgrind-ugnsgaller-vit-1545x295x61-cm\/\" \/>\n<meta property=\"og:locale\" content=\"sv_SE\" \/>\n<meta property=\"og:type\" content=\"article\" \/>\n<meta property=\"og:title\" content=\"TRUUSK Hundgrind 3-delad Hopf\u00e4llbar - Tv\u00e5 St\u00f6df\u00f6tter - Trappgrind - Skyddsgrind - Ugnsgaller - Vit 154,5x29,5x61 cm - TRUUSK - Hem, Tr\u00e4dg\u00e5rd &amp; Fritid\" \/>\n<meta property=\"og:description\" content=\"Denna hundbarri\u00e4r ser till att dina hundar f\u00f6rblir skyddade inuti. Oavsett om det g\u00e4ller trappor, husentr\u00e9er eller som rumsavgr\u00e4nsning &#8211;...\" \/>\n<meta property=\"og:url\" content=\"https:\/\/truusk.store\/sv\/produkt\/truusk-hundgrind-3-delad-hopfallbar-tva-stodfotter-trappgrind-skyddsgrind-ugnsgaller-vit-1545x295x61-cm\/\" \/>\n<meta property=\"og:site_name\" content=\"TRUUSK - Hem, Tr\u00e4dg\u00e5rd &amp; Fritid\" \/>\n<meta property=\"article:modified_time\" content=\"2026-03-12T08:07:24+00:00\" \/>\n<meta property=\"og:image\" content=\"https:\/\/i0.wp.com\/truusk.se\/wp-content\/uploads\/2024\/02\/hundsparr-hundgrind-konfigurationsgrind-3-delad-hopfallbar-med-tva-stodfotter-trappgrind-hundsparrdorr-skyddsgrind-ugnsgaller-for-oppen-spis-vit-1545x295x61-cm.webp?fit=800%2C800&ssl=1\" \/>\n\t<meta property=\"og:image:width\" content=\"800\" \/>\n\t<meta property=\"og:image:height\" content=\"800\" \/>\n\t<meta property=\"og:image:type\" content=\"image\/webp\" \/>\n<meta name=\"twitter:card\" content=\"summary_large_image\" \/>\n<meta name=\"twitter:label1\" content=\"Ber\u00e4knad l\u00e4stid\" \/>\n\t<meta name=\"twitter:data1\" content=\"1 minut\" \/>\n<!-- \/ Yoast SEO plugin. -->","yoast_head_json":{"title":"TRUUSK Hundgrind 3-delad Hopf\u00e4llbar - Tv\u00e5 St\u00f6df\u00f6tter - Trappgrind - Skyddsgrind - Ugnsgaller - Vit 154,5x29,5x61 cm - TRUUSK - Hem, Tr\u00e4dg\u00e5rd &amp; Fritid","robots":{"index":"index","follow":"follow","max-snippet":"max-snippet:-1","max-image-preview":"max-image-preview:large","max-video-preview":"max-video-preview:-1"},"canonical":"https:\/\/truusk.store\/sv\/produkt\/truusk-hundgrind-3-delad-hopfallbar-tva-stodfotter-trappgrind-skyddsgrind-ugnsgaller-vit-1545x295x61-cm\/","og_locale":"sv_SE","og_type":"article","og_title":"TRUUSK Hundgrind 3-delad Hopf\u00e4llbar - Tv\u00e5 St\u00f6df\u00f6tter - Trappgrind - Skyddsgrind - Ugnsgaller - Vit 154,5x29,5x61 cm - TRUUSK - Hem, Tr\u00e4dg\u00e5rd &amp; Fritid","og_description":"Denna hundbarri\u00e4r ser till att dina hundar f\u00f6rblir skyddade inuti. Oavsett om det g\u00e4ller trappor, husentr\u00e9er eller som rumsavgr\u00e4nsning &#8211;...","og_url":"https:\/\/truusk.store\/sv\/produkt\/truusk-hundgrind-3-delad-hopfallbar-tva-stodfotter-trappgrind-skyddsgrind-ugnsgaller-vit-1545x295x61-cm\/","og_site_name":"TRUUSK - Hem, Tr\u00e4dg\u00e5rd &amp; Fritid","article_modified_time":"2026-03-12T08:07:24+00:00","og_image":[{"width":800,"height":800,"url":"https:\/\/i0.wp.com\/truusk.se\/wp-content\/uploads\/2024\/02\/hundsparr-hundgrind-konfigurationsgrind-3-delad-hopfallbar-med-tva-stodfotter-trappgrind-hundsparrdorr-skyddsgrind-ugnsgaller-for-oppen-spis-vit-1545x295x61-cm.webp?fit=800%2C800&ssl=1","type":"image\/webp"}],"twitter_card":"summary_large_image","twitter_misc":{"Ber\u00e4knad l\u00e4stid":"1 minut"},"schema":{"@context":"https:\/\/schema.org","@graph":[{"@type":"WebPage","@id":"https:\/\/truusk.store\/sv\/produkt\/truusk-hundgrind-3-delad-hopfallbar-tva-stodfotter-trappgrind-skyddsgrind-ugnsgaller-vit-1545x295x61-cm\/","url":"https:\/\/truusk.store\/sv\/produkt\/truusk-hundgrind-3-delad-hopfallbar-tva-stodfotter-trappgrind-skyddsgrind-ugnsgaller-vit-1545x295x61-cm\/","name":"TRUUSK Hundgrind 3-delad Hopf\u00e4llbar - Tv\u00e5 St\u00f6df\u00f6tter - Trappgrind - Skyddsgrind - Ugnsgaller - Vit 154,5x29,5x61 cm - TRUUSK - Hem, Tr\u00e4dg\u00e5rd &amp; Fritid","isPartOf":{"@id":"https:\/\/truusk.store\/sv\/#website"},"primaryImageOfPage":{"@id":"https:\/\/truusk.store\/sv\/produkt\/truusk-hundgrind-3-delad-hopfallbar-tva-stodfotter-trappgrind-skyddsgrind-ugnsgaller-vit-1545x295x61-cm\/#primaryimage"},"image":{"@id":"https:\/\/truusk.store\/sv\/produkt\/truusk-hundgrind-3-delad-hopfallbar-tva-stodfotter-trappgrind-skyddsgrind-ugnsgaller-vit-1545x295x61-cm\/#primaryimage"},"thumbnailUrl":"https:\/\/i0.wp.com\/truusk.store\/wp-content\/uploads\/2024\/02\/hundsparr-hundgrind-konfigurationsgrind-3-delad-hopfallbar-med-tva-stodfotter-trappgrind-hundsparrdorr-skyddsgrind-ugnsgaller-for-oppen-spis-vit-1545x295x61-cm.webp?fit=800%2C800&ssl=1","datePublished":"2024-02-13T18:15:43+00:00","dateModified":"2026-03-12T08:07:24+00:00","breadcrumb":{"@id":"https:\/\/truusk.store\/sv\/produkt\/truusk-hundgrind-3-delad-hopfallbar-tva-stodfotter-trappgrind-skyddsgrind-ugnsgaller-vit-1545x295x61-cm\/#breadcrumb"},"inLanguage":"sv-SE","potentialAction":[{"@type":"ReadAction","target":["https:\/\/truusk.store\/sv\/produkt\/truusk-hundgrind-3-delad-hopfallbar-tva-stodfotter-trappgrind-skyddsgrind-ugnsgaller-vit-1545x295x61-cm\/"]}]},{"@type":"ImageObject","inLanguage":"sv-SE","@id":"https:\/\/truusk.store\/sv\/produkt\/truusk-hundgrind-3-delad-hopfallbar-tva-stodfotter-trappgrind-skyddsgrind-ugnsgaller-vit-1545x295x61-cm\/#primaryimage","url":"https:\/\/i0.wp.com\/truusk.store\/wp-content\/uploads\/2024\/02\/hundsparr-hundgrind-konfigurationsgrind-3-delad-hopfallbar-med-tva-stodfotter-trappgrind-hundsparrdorr-skyddsgrind-ugnsgaller-for-oppen-spis-vit-1545x295x61-cm.webp?fit=800%2C800&ssl=1","contentUrl":"https:\/\/i0.wp.com\/truusk.store\/wp-content\/uploads\/2024\/02\/hundsparr-hundgrind-konfigurationsgrind-3-delad-hopfallbar-med-tva-stodfotter-trappgrind-hundsparrdorr-skyddsgrind-ugnsgaller-for-oppen-spis-vit-1545x295x61-cm.webp?fit=800%2C800&ssl=1","width":800,"height":800,"caption":"Hundsp\u00e4rr Hundgrind Konfigurationsgrind 3-delad Hopf\u00e4llbar Med Tv\u00e5 St\u00f6df\u00f6tter Trappgrind Hundsp\u00e4rrd\u00f6rr Skyddsgrind Ugnsgaller F\u00f6r \u00f6ppen Spis Vit 154,5x29,5x61 Cm 1"},{"@type":"BreadcrumbList","@id":"https:\/\/truusk.store\/sv\/produkt\/truusk-hundgrind-3-delad-hopfallbar-tva-stodfotter-trappgrind-skyddsgrind-ugnsgaller-vit-1545x295x61-cm\/#breadcrumb","itemListElement":[{"@type":"ListItem","position":1,"name":"Home","item":"https:\/\/truusk.store\/sv\/"},{"@type":"ListItem","position":2,"name":"Shop","item":"https:\/\/truusk.store\/shop\/"},{"@type":"ListItem","position":3,"name":"TRUUSK Hundgrind 3-delad Hopf\u00e4llbar &#8211; Tv\u00e5 St\u00f6df\u00f6tter &#8211; Trappgrind &#8211; Skyddsgrind &#8211; Ugnsgaller &#8211; Vit 154,5&#215;29,5&#215;61 cm"}]},{"@type":"WebSite","@id":"https:\/\/truusk.store\/sv\/#website","url":"https:\/\/truusk.store\/sv\/","name":"TRUUSK - Hem, Tr\u00e4dg\u00e5rd & Fritid","description":"","publisher":{"@id":"https:\/\/truusk.store\/sv\/#organization"},"potentialAction":[{"@type":"SearchAction","target":{"@type":"EntryPoint","urlTemplate":"https:\/\/truusk.store\/sv\/?s={search_term_string}"},"query-input":{"@type":"PropertyValueSpecification","valueRequired":true,"valueName":"search_term_string"}}],"inLanguage":"sv-SE"},{"@type":"Organization","@id":"https:\/\/truusk.store\/sv\/#organization","name":"TRUUSK - Hem, Tr\u00e4dg\u00e5rd & Fritid","url":"https:\/\/truusk.store\/sv\/","logo":{"@type":"ImageObject","inLanguage":"sv-SE","@id":"https:\/\/truusk.store\/sv\/#\/schema\/logo\/image\/","url":"https:\/\/i0.wp.com\/truusk.store\/wp-content\/uploads\/2026\/03\/cropped-TRUUSK.png?fit=2032%2C917&ssl=1","contentUrl":"https:\/\/i0.wp.com\/truusk.store\/wp-content\/uploads\/2026\/03\/cropped-TRUUSK.png?fit=2032%2C917&ssl=1","width":2032,"height":917,"caption":"TRUUSK - Hem, Tr\u00e4dg\u00e5rd & Fritid"},"image":{"@id":"https:\/\/truusk.store\/sv\/#\/schema\/logo\/image\/"}}]}},"jetpack_sharing_enabled":true,"_links":{"self":[{"href":"https:\/\/truusk.store\/sv\/wp-json\/wp\/v2\/product\/27792","targetHints":{"allow":["GET"]}}],"collection":[{"href":"https:\/\/truusk.store\/sv\/wp-json\/wp\/v2\/product"}],"about":[{"href":"https:\/\/truusk.store\/sv\/wp-json\/wp\/v2\/types\/product"}],"wp:featuredmedia":[{"embeddable":true,"href":"https:\/\/truusk.store\/sv\/wp-json\/wp\/v2\/media\/27793"}],"wp:attachment":[{"href":"https:\/\/truusk.store\/sv\/wp-json\/wp\/v2\/media?parent=27792"}],"wp:term":[{"taxonomy":"product_brand","embeddable":true,"href":"https:\/\/truusk.store\/sv\/wp-json\/wp\/v2\/product_brand?post=27792"},{"taxonomy":"product_cat","embeddable":true,"href":"https:\/\/truusk.store\/sv\/wp-json\/wp\/v2\/product_cat?post=27792"},{"taxonomy":"product_tag","embeddable":true,"href":"https:\/\/truusk.store\/sv\/wp-json\/wp\/v2\/product_tag?post=27792"}],"curies":[{"name":"wp","href":"https:\/\/api.w.org\/{rel}","templated":true}]}}