{"id":27821,"date":"2024-02-13T19:16:47","date_gmt":"2024-02-13T18:16:47","guid":{"rendered":"https:\/\/truusk.store\/product\/barnmotorcykel-elmotorcykel-45-minuters-kortid-med-stodhjul-fran-3-ar-bla-vit-1065-x-515-x-68cm\/"},"modified":"2026-03-12T09:07:25","modified_gmt":"2026-03-12T08:07:25","slug":"truusk-elektrisk-barnmotorcykel-45-minuters-kortid-med-stodhjul-fran-3-ar-bla-vit-1065-x-515-x-68cm","status":"publish","type":"product","link":"https:\/\/truusk.store\/sv\/produkt\/truusk-elektrisk-barnmotorcykel-45-minuters-kortid-med-stodhjul-fran-3-ar-bla-vit-1065-x-515-x-68cm\/","title":{"rendered":"TRUUSK Elektrisk Barnmotorcykel &#8211; 45 Minuters K\u00f6rtid &#8211; Med St\u00f6dhjul &#8211; Fr\u00e5n 3 \u00e5r &#8211; Bl\u00e5 + Vit &#8211; 106,5 X 51,5 X 68cm"},"content":{"rendered":"<p>L\u00e5t gl\u00e4djen b\u00f6rja! Denna elektriska skoter \u00e4r det perfekta fordonet f\u00f6r sm\u00e5 \u00e4ventyrare: med en drifttid p\u00e5 upp till 45 minuter n\u00e4r den \u00e4r fulladdad tar den s\u00e4kert ditt barn till lekplatsen, dagis eller poolen. Det bekv\u00e4ma, breda s\u00e4tet och de halkfria styret hj\u00e4lper ditt barn att stanna uppe s\u00e4kert. N\u00e4stan som en riktig motorcykel startar den n\u00e4r du trycker p\u00e5 startknappen. Om du sl\u00e4pper knappen stannar motorcykeln f\u00f6rsiktigt.<\/p>\n<h3>Beskrivning:<\/h3>\n<ul>\n<li>Snygg, realistisk motorcykellook f\u00f6r en sp\u00e4nnande k\u00f6rupplevelse<\/li>\n<li>Uppladdningsbart 12V batteri ger cirka 45 minuters drift n\u00e4r det \u00e4r fulladdat<\/li>\n<li>Dubbel fj\u00e4dring f\u00f6r en s\u00e4ker och bekv\u00e4m k\u00f6rning<\/li>\n<li>Inkluderar tv\u00e5 avtagbara st\u00f6dhjul<\/li>\n<li>Sl\u00e5s p\u00e5 genom att trycka p\u00e5 knappen p\u00e5 ett av handtagen och stannar n\u00e4r knappen sl\u00e4pps<\/li>\n<li>Hjulen \u00e4r l\u00e4mpliga f\u00f6r olika typer av underlag s\u00e5som asfaltv\u00e4gar, kullersten eller betongytor<\/li>\n<li>Montering kr\u00e4vs<\/li>\n<\/ul>\n<h3>Teknisk data:<\/h3>\n<ul>\n<li>F\u00e4rg: Bl\u00e5+Vit<\/li>\n<li>Material: PP, metall<\/li>\n<li>\u00d6vergripande m\u00e5tt: 106,5L x 51,5W x 68H cm<\/li>\n<li>Sitsm\u00e5tt: 35L x 15W x 49H cm<\/li>\n<li>Hjuldiameter: 34 cm<\/li>\n<li>Hastighet: 3-8km\/h<\/li>\n<li>Laddningstid: 8-12 timmar<\/li>\n<li>Drifttid (fulladdad): 45 minuter<\/li>\n<li>Batteri: 12V, 4,5A<\/li>\n<li>Rekommenderad \u00e5lder: fr\u00e5n 3 \u00e5r<\/li>\n<li>Lastkapacitet: 30 kg<\/li>\n<\/ul>\n<h3>Leveransens omfattning:<\/h3>\n<ul>\n<li>1 x elmotorcykel<\/li>\n<li>1 x manuell<\/li>\n<\/ul>\n","protected":false},"excerpt":{"rendered":"<p>L\u00e5t gl\u00e4djen b\u00f6rja! Denna elektriska skoter \u00e4r det perfekta fordonet f\u00f6r sm\u00e5 \u00e4ventyrare: med en drifttid p\u00e5 upp till 45&#8230;<\/p>\n","protected":false},"featured_media":27822,"template":"","meta":[],"product_brand":[],"product_cat":[609,610,612],"product_tag":[],"class_list":{"0":"post-27821","1":"product","2":"type-product","3":"status-publish","4":"has-post-thumbnail","6":"product_cat-baby-barn","7":"product_cat-barnfordon","8":"product_cat-elektriska-fordon","10":"first","11":"instock","12":"sale","13":"taxable","14":"shipping-taxable","15":"purchasable","16":"product-type-simple"},"yoast_head":"<!-- This site is optimized with the Yoast SEO plugin v25.4 - https:\/\/yoast.com\/wordpress\/plugins\/seo\/ -->\n<title>TRUUSK Elektrisk Barnmotorcykel - 45 Minuters K\u00f6rtid - Med St\u00f6dhjul - Fr\u00e5n 3 \u00e5r - Bl\u00e5 + Vit - 106,5 X 51,5 X 68cm - TRUUSK - Hem, Tr\u00e4dg\u00e5rd &amp; Fritid<\/title>\n<meta name=\"robots\" content=\"index, follow, max-snippet:-1, max-image-preview:large, max-video-preview:-1\" \/>\n<link rel=\"canonical\" href=\"https:\/\/truusk.store\/sv\/produkt\/truusk-elektrisk-barnmotorcykel-45-minuters-kortid-med-stodhjul-fran-3-ar-bla-vit-1065-x-515-x-68cm\/\" \/>\n<meta property=\"og:locale\" content=\"sv_SE\" \/>\n<meta property=\"og:type\" content=\"article\" \/>\n<meta property=\"og:title\" content=\"TRUUSK Elektrisk Barnmotorcykel - 45 Minuters K\u00f6rtid - Med St\u00f6dhjul - Fr\u00e5n 3 \u00e5r - Bl\u00e5 + Vit - 106,5 X 51,5 X 68cm - TRUUSK - Hem, Tr\u00e4dg\u00e5rd &amp; Fritid\" \/>\n<meta property=\"og:description\" content=\"L\u00e5t gl\u00e4djen b\u00f6rja! Denna elektriska skoter \u00e4r det perfekta fordonet f\u00f6r sm\u00e5 \u00e4ventyrare: med en drifttid p\u00e5 upp till 45...\" \/>\n<meta property=\"og:url\" content=\"https:\/\/truusk.store\/sv\/produkt\/truusk-elektrisk-barnmotorcykel-45-minuters-kortid-med-stodhjul-fran-3-ar-bla-vit-1065-x-515-x-68cm\/\" \/>\n<meta property=\"og:site_name\" content=\"TRUUSK - Hem, Tr\u00e4dg\u00e5rd &amp; Fritid\" \/>\n<meta property=\"article:modified_time\" content=\"2026-03-12T08:07:25+00:00\" \/>\n<meta property=\"og:image\" content=\"https:\/\/i0.wp.com\/truusk.se\/wp-content\/uploads\/2024\/02\/barnmotorcykel-elmotorcykel-45-minuters-kortid-med-stodhjul-fran-3-ar-bla-vit-1065-x-515-x-68cm.webp?fit=800%2C800&ssl=1\" \/>\n\t<meta property=\"og:image:width\" content=\"800\" \/>\n\t<meta property=\"og:image:height\" content=\"800\" \/>\n\t<meta property=\"og:image:type\" content=\"image\/webp\" \/>\n<meta name=\"twitter:card\" content=\"summary_large_image\" \/>\n<meta name=\"twitter:label1\" content=\"Ber\u00e4knad l\u00e4stid\" \/>\n\t<meta name=\"twitter:data1\" content=\"1 minut\" \/>\n<!-- \/ Yoast SEO plugin. -->","yoast_head_json":{"title":"TRUUSK Elektrisk Barnmotorcykel - 45 Minuters K\u00f6rtid - Med St\u00f6dhjul - Fr\u00e5n 3 \u00e5r - Bl\u00e5 + Vit - 106,5 X 51,5 X 68cm - TRUUSK - Hem, Tr\u00e4dg\u00e5rd &amp; Fritid","robots":{"index":"index","follow":"follow","max-snippet":"max-snippet:-1","max-image-preview":"max-image-preview:large","max-video-preview":"max-video-preview:-1"},"canonical":"https:\/\/truusk.store\/sv\/produkt\/truusk-elektrisk-barnmotorcykel-45-minuters-kortid-med-stodhjul-fran-3-ar-bla-vit-1065-x-515-x-68cm\/","og_locale":"sv_SE","og_type":"article","og_title":"TRUUSK Elektrisk Barnmotorcykel - 45 Minuters K\u00f6rtid - Med St\u00f6dhjul - Fr\u00e5n 3 \u00e5r - Bl\u00e5 + Vit - 106,5 X 51,5 X 68cm - TRUUSK - Hem, Tr\u00e4dg\u00e5rd &amp; Fritid","og_description":"L\u00e5t gl\u00e4djen b\u00f6rja! Denna elektriska skoter \u00e4r det perfekta fordonet f\u00f6r sm\u00e5 \u00e4ventyrare: med en drifttid p\u00e5 upp till 45...","og_url":"https:\/\/truusk.store\/sv\/produkt\/truusk-elektrisk-barnmotorcykel-45-minuters-kortid-med-stodhjul-fran-3-ar-bla-vit-1065-x-515-x-68cm\/","og_site_name":"TRUUSK - Hem, Tr\u00e4dg\u00e5rd &amp; Fritid","article_modified_time":"2026-03-12T08:07:25+00:00","og_image":[{"width":800,"height":800,"url":"https:\/\/i0.wp.com\/truusk.se\/wp-content\/uploads\/2024\/02\/barnmotorcykel-elmotorcykel-45-minuters-kortid-med-stodhjul-fran-3-ar-bla-vit-1065-x-515-x-68cm.webp?fit=800%2C800&ssl=1","type":"image\/webp"}],"twitter_card":"summary_large_image","twitter_misc":{"Ber\u00e4knad l\u00e4stid":"1 minut"},"schema":{"@context":"https:\/\/schema.org","@graph":[{"@type":"WebPage","@id":"https:\/\/truusk.store\/sv\/produkt\/truusk-elektrisk-barnmotorcykel-45-minuters-kortid-med-stodhjul-fran-3-ar-bla-vit-1065-x-515-x-68cm\/","url":"https:\/\/truusk.store\/sv\/produkt\/truusk-elektrisk-barnmotorcykel-45-minuters-kortid-med-stodhjul-fran-3-ar-bla-vit-1065-x-515-x-68cm\/","name":"TRUUSK Elektrisk Barnmotorcykel - 45 Minuters K\u00f6rtid - Med St\u00f6dhjul - Fr\u00e5n 3 \u00e5r - Bl\u00e5 + Vit - 106,5 X 51,5 X 68cm - TRUUSK - Hem, Tr\u00e4dg\u00e5rd &amp; Fritid","isPartOf":{"@id":"https:\/\/truusk.store\/sv\/#website"},"primaryImageOfPage":{"@id":"https:\/\/truusk.store\/sv\/produkt\/truusk-elektrisk-barnmotorcykel-45-minuters-kortid-med-stodhjul-fran-3-ar-bla-vit-1065-x-515-x-68cm\/#primaryimage"},"image":{"@id":"https:\/\/truusk.store\/sv\/produkt\/truusk-elektrisk-barnmotorcykel-45-minuters-kortid-med-stodhjul-fran-3-ar-bla-vit-1065-x-515-x-68cm\/#primaryimage"},"thumbnailUrl":"https:\/\/i0.wp.com\/truusk.store\/wp-content\/uploads\/2024\/02\/barnmotorcykel-elmotorcykel-45-minuters-kortid-med-stodhjul-fran-3-ar-bla-vit-1065-x-515-x-68cm.webp?fit=800%2C800&ssl=1","datePublished":"2024-02-13T18:16:47+00:00","dateModified":"2026-03-12T08:07:25+00:00","breadcrumb":{"@id":"https:\/\/truusk.store\/sv\/produkt\/truusk-elektrisk-barnmotorcykel-45-minuters-kortid-med-stodhjul-fran-3-ar-bla-vit-1065-x-515-x-68cm\/#breadcrumb"},"inLanguage":"sv-SE","potentialAction":[{"@type":"ReadAction","target":["https:\/\/truusk.store\/sv\/produkt\/truusk-elektrisk-barnmotorcykel-45-minuters-kortid-med-stodhjul-fran-3-ar-bla-vit-1065-x-515-x-68cm\/"]}]},{"@type":"ImageObject","inLanguage":"sv-SE","@id":"https:\/\/truusk.store\/sv\/produkt\/truusk-elektrisk-barnmotorcykel-45-minuters-kortid-med-stodhjul-fran-3-ar-bla-vit-1065-x-515-x-68cm\/#primaryimage","url":"https:\/\/i0.wp.com\/truusk.store\/wp-content\/uploads\/2024\/02\/barnmotorcykel-elmotorcykel-45-minuters-kortid-med-stodhjul-fran-3-ar-bla-vit-1065-x-515-x-68cm.webp?fit=800%2C800&ssl=1","contentUrl":"https:\/\/i0.wp.com\/truusk.store\/wp-content\/uploads\/2024\/02\/barnmotorcykel-elmotorcykel-45-minuters-kortid-med-stodhjul-fran-3-ar-bla-vit-1065-x-515-x-68cm.webp?fit=800%2C800&ssl=1","width":800,"height":800,"caption":"Barnmotorcykel, Elmotorcykel, 45 Minuters K\u00f6rtid, Med St\u00f6dhjul, Fr\u00e5n 3 \u00e5r, Bl\u00e5 + Vit, 106,5 X 51,5 X 68cm 1"},{"@type":"BreadcrumbList","@id":"https:\/\/truusk.store\/sv\/produkt\/truusk-elektrisk-barnmotorcykel-45-minuters-kortid-med-stodhjul-fran-3-ar-bla-vit-1065-x-515-x-68cm\/#breadcrumb","itemListElement":[{"@type":"ListItem","position":1,"name":"Home","item":"https:\/\/truusk.store\/sv\/"},{"@type":"ListItem","position":2,"name":"Shop","item":"https:\/\/truusk.store\/shop\/"},{"@type":"ListItem","position":3,"name":"TRUUSK Elektrisk Barnmotorcykel &#8211; 45 Minuters K\u00f6rtid &#8211; Med St\u00f6dhjul &#8211; Fr\u00e5n 3 \u00e5r &#8211; Bl\u00e5 + Vit &#8211; 106,5 X 51,5 X 68cm"}]},{"@type":"WebSite","@id":"https:\/\/truusk.store\/sv\/#website","url":"https:\/\/truusk.store\/sv\/","name":"TRUUSK - Hem, Tr\u00e4dg\u00e5rd & Fritid","description":"","publisher":{"@id":"https:\/\/truusk.store\/sv\/#organization"},"potentialAction":[{"@type":"SearchAction","target":{"@type":"EntryPoint","urlTemplate":"https:\/\/truusk.store\/sv\/?s={search_term_string}"},"query-input":{"@type":"PropertyValueSpecification","valueRequired":true,"valueName":"search_term_string"}}],"inLanguage":"sv-SE"},{"@type":"Organization","@id":"https:\/\/truusk.store\/sv\/#organization","name":"TRUUSK - Hem, Tr\u00e4dg\u00e5rd & Fritid","url":"https:\/\/truusk.store\/sv\/","logo":{"@type":"ImageObject","inLanguage":"sv-SE","@id":"https:\/\/truusk.store\/sv\/#\/schema\/logo\/image\/","url":"https:\/\/i0.wp.com\/truusk.store\/wp-content\/uploads\/2026\/03\/cropped-TRUUSK.png?fit=2032%2C917&ssl=1","contentUrl":"https:\/\/i0.wp.com\/truusk.store\/wp-content\/uploads\/2026\/03\/cropped-TRUUSK.png?fit=2032%2C917&ssl=1","width":2032,"height":917,"caption":"TRUUSK - Hem, Tr\u00e4dg\u00e5rd & Fritid"},"image":{"@id":"https:\/\/truusk.store\/sv\/#\/schema\/logo\/image\/"}}]}},"jetpack_sharing_enabled":true,"_links":{"self":[{"href":"https:\/\/truusk.store\/sv\/wp-json\/wp\/v2\/product\/27821","targetHints":{"allow":["GET"]}}],"collection":[{"href":"https:\/\/truusk.store\/sv\/wp-json\/wp\/v2\/product"}],"about":[{"href":"https:\/\/truusk.store\/sv\/wp-json\/wp\/v2\/types\/product"}],"wp:featuredmedia":[{"embeddable":true,"href":"https:\/\/truusk.store\/sv\/wp-json\/wp\/v2\/media\/27822"}],"wp:attachment":[{"href":"https:\/\/truusk.store\/sv\/wp-json\/wp\/v2\/media?parent=27821"}],"wp:term":[{"taxonomy":"product_brand","embeddable":true,"href":"https:\/\/truusk.store\/sv\/wp-json\/wp\/v2\/product_brand?post=27821"},{"taxonomy":"product_cat","embeddable":true,"href":"https:\/\/truusk.store\/sv\/wp-json\/wp\/v2\/product_cat?post=27821"},{"taxonomy":"product_tag","embeddable":true,"href":"https:\/\/truusk.store\/sv\/wp-json\/wp\/v2\/product_tag?post=27821"}],"curies":[{"name":"wp","href":"https:\/\/api.w.org\/{rel}","templated":true}]}}