{"id":27831,"date":"2024-02-13T19:17:11","date_gmt":"2024-02-13T18:17:11","guid":{"rendered":"https:\/\/truusk.store\/product\/mini-julgran-juldekoration-inklusive-dekorationer-roda-bar-50-cm-hog-inklusive-cementbotten-gron-flerfargad\/"},"modified":"2026-03-12T09:07:26","modified_gmt":"2026-03-12T08:07:26","slug":"truusk-mini-julgran-juldekoration-roda-bar-50-cm-hog-cementbotten-gron-flerfargad","status":"publish","type":"product","link":"https:\/\/truusk.store\/sv\/produkt\/truusk-mini-julgran-juldekoration-roda-bar-50-cm-hog-cementbotten-gron-flerfargad\/","title":{"rendered":"TRUUSK Mini Julgran Juldekoration &#8211; R\u00f6da B\u00e4r &#8211; 50 cm H\u00f6g &#8211; Cementbotten &#8211; Gr\u00f6n + Flerf\u00e4rgad"},"content":{"rendered":"<p>Denna minijulgran i perfekt tr\u00e4dform \u00e4r gjord av fylliga och realistiska plastn\u00e5lar fr\u00e5n en unik formsprutningsteknik. Med sina r\u00f6da b\u00e4r och tallkottar kommer denna lilla bordsjulgran garanterat att bli ett i\u00f6gonfallande dekorativt element f\u00f6r din familjs juldekorationer i \u00e5r och i m\u00e5nga \u00e5r fram\u00f6ver.<\/p>\n<h3>Beskrivning:<\/h3>\n<ul>\n<li>50 cm h\u00f6g konstgjord julgran i realistisk tr\u00e4dstil, med b\u00e4r och kottar<\/li>\n<li>Realistiska 55 grenar gjorda av plast, gjorda av unik formsprutningsteknik, f\u00f6r ett naturtroget utseende<\/li>\n<li>Cementbas med s\u00e4ckv\u00e4v fungerar som bas<\/li>\n<li>Stabil och h\u00e5llbar bas f\u00f6r b\u00e4ttre stabilitet<\/li>\n<li>\u2013 Grenar \u00e4r flamskyddade och d\u00e4rf\u00f6r s\u00e4kra<\/li>\n<li>Ett meddelande:<\/li>\n<li>F\u00f6r att f\u00e5 ett fullst\u00e4ndigt utseende, v\u00e4nligen sprid ut alla individuella tips, f\u00f6r att f\u00e5 b\u00e4sta m\u00f6jliga utseende p\u00e5 tr\u00e4det rekommenderar vi att du tar 5 minuter att forma tr\u00e4det<\/li>\n<\/ul>\n<h3>Teknisk data:<\/h3>\n<ul>\n<li>Tr\u00e4df\u00e4rg: gr\u00f6n<\/li>\n<li>Material: PE, cement, s\u00e4ckv\u00e4v<\/li>\n<li>Totala m\u00e5tt: 28 x 50H cm<\/li>\n<li>Tr\u00e4dh\u00f6jd: 50 cm<\/li>\n<li>Antal tips: 55<\/li>\n<\/ul>\n<h3>Leveransens omfattning:<\/h3>\n<ul>\n<li>1 x julgran<\/li>\n<li>4 x r\u00f6da b\u00e4r<\/li>\n<li>4 x kottar<\/li>\n<li>1 x Instruktioner<\/li>\n<\/ul>\n","protected":false},"excerpt":{"rendered":"<p>Denna minijulgran i perfekt tr\u00e4dform \u00e4r gjord av fylliga och realistiska plastn\u00e5lar fr\u00e5n en unik formsprutningsteknik. Med sina r\u00f6da b\u00e4r&#8230;<\/p>\n","protected":false},"featured_media":27832,"template":"","meta":[],"product_brand":[],"product_cat":[705,706,707,730],"product_tag":[],"class_list":{"0":"post-27831","1":"product","2":"type-product","3":"status-publish","4":"has-post-thumbnail","6":"product_cat-julens-varld","7":"product_cat-julgranar","8":"product_cat-julgranar-under-120cm","9":"product_cat-julgranar-under-60-cm","11":"first","12":"instock","13":"sale","14":"taxable","15":"shipping-taxable","16":"purchasable","17":"product-type-simple"},"yoast_head":"<!-- This site is optimized with the Yoast SEO plugin v25.4 - https:\/\/yoast.com\/wordpress\/plugins\/seo\/ -->\n<title>TRUUSK Mini Julgran Juldekoration - R\u00f6da B\u00e4r - 50 cm H\u00f6g - Cementbotten - Gr\u00f6n + Flerf\u00e4rgad - TRUUSK - Hem, Tr\u00e4dg\u00e5rd &amp; Fritid<\/title>\n<meta name=\"robots\" content=\"index, follow, max-snippet:-1, max-image-preview:large, max-video-preview:-1\" \/>\n<link rel=\"canonical\" href=\"https:\/\/truusk.store\/sv\/produkt\/truusk-mini-julgran-juldekoration-roda-bar-50-cm-hog-cementbotten-gron-flerfargad\/\" \/>\n<meta property=\"og:locale\" content=\"sv_SE\" \/>\n<meta property=\"og:type\" content=\"article\" \/>\n<meta property=\"og:title\" content=\"TRUUSK Mini Julgran Juldekoration - R\u00f6da B\u00e4r - 50 cm H\u00f6g - Cementbotten - Gr\u00f6n + Flerf\u00e4rgad - TRUUSK - Hem, Tr\u00e4dg\u00e5rd &amp; Fritid\" \/>\n<meta property=\"og:description\" content=\"Denna minijulgran i perfekt tr\u00e4dform \u00e4r gjord av fylliga och realistiska plastn\u00e5lar fr\u00e5n en unik formsprutningsteknik. Med sina r\u00f6da b\u00e4r...\" \/>\n<meta property=\"og:url\" content=\"https:\/\/truusk.store\/sv\/produkt\/truusk-mini-julgran-juldekoration-roda-bar-50-cm-hog-cementbotten-gron-flerfargad\/\" \/>\n<meta property=\"og:site_name\" content=\"TRUUSK - Hem, Tr\u00e4dg\u00e5rd &amp; Fritid\" \/>\n<meta property=\"article:modified_time\" content=\"2026-03-12T08:07:26+00:00\" \/>\n<meta property=\"og:image\" content=\"https:\/\/i0.wp.com\/truusk.se\/wp-content\/uploads\/2024\/02\/mini-julgran-juldekoration-inklusive-dekorationer-roda-bar-50-cm-hog-inklusive-cementbotten-gron-flerfargad.webp?fit=800%2C800&ssl=1\" \/>\n\t<meta property=\"og:image:width\" content=\"800\" \/>\n\t<meta property=\"og:image:height\" content=\"800\" \/>\n\t<meta property=\"og:image:type\" content=\"image\/webp\" \/>\n<meta name=\"twitter:card\" content=\"summary_large_image\" \/>\n<meta name=\"twitter:label1\" content=\"Ber\u00e4knad l\u00e4stid\" \/>\n\t<meta name=\"twitter:data1\" content=\"1 minut\" \/>\n<!-- \/ Yoast SEO plugin. -->","yoast_head_json":{"title":"TRUUSK Mini Julgran Juldekoration - R\u00f6da B\u00e4r - 50 cm H\u00f6g - Cementbotten - Gr\u00f6n + Flerf\u00e4rgad - TRUUSK - Hem, Tr\u00e4dg\u00e5rd &amp; Fritid","robots":{"index":"index","follow":"follow","max-snippet":"max-snippet:-1","max-image-preview":"max-image-preview:large","max-video-preview":"max-video-preview:-1"},"canonical":"https:\/\/truusk.store\/sv\/produkt\/truusk-mini-julgran-juldekoration-roda-bar-50-cm-hog-cementbotten-gron-flerfargad\/","og_locale":"sv_SE","og_type":"article","og_title":"TRUUSK Mini Julgran Juldekoration - R\u00f6da B\u00e4r - 50 cm H\u00f6g - Cementbotten - Gr\u00f6n + Flerf\u00e4rgad - TRUUSK - Hem, Tr\u00e4dg\u00e5rd &amp; Fritid","og_description":"Denna minijulgran i perfekt tr\u00e4dform \u00e4r gjord av fylliga och realistiska plastn\u00e5lar fr\u00e5n en unik formsprutningsteknik. Med sina r\u00f6da b\u00e4r...","og_url":"https:\/\/truusk.store\/sv\/produkt\/truusk-mini-julgran-juldekoration-roda-bar-50-cm-hog-cementbotten-gron-flerfargad\/","og_site_name":"TRUUSK - Hem, Tr\u00e4dg\u00e5rd &amp; Fritid","article_modified_time":"2026-03-12T08:07:26+00:00","og_image":[{"width":800,"height":800,"url":"https:\/\/i0.wp.com\/truusk.se\/wp-content\/uploads\/2024\/02\/mini-julgran-juldekoration-inklusive-dekorationer-roda-bar-50-cm-hog-inklusive-cementbotten-gron-flerfargad.webp?fit=800%2C800&ssl=1","type":"image\/webp"}],"twitter_card":"summary_large_image","twitter_misc":{"Ber\u00e4knad l\u00e4stid":"1 minut"},"schema":{"@context":"https:\/\/schema.org","@graph":[{"@type":"WebPage","@id":"https:\/\/truusk.store\/sv\/produkt\/truusk-mini-julgran-juldekoration-roda-bar-50-cm-hog-cementbotten-gron-flerfargad\/","url":"https:\/\/truusk.store\/sv\/produkt\/truusk-mini-julgran-juldekoration-roda-bar-50-cm-hog-cementbotten-gron-flerfargad\/","name":"TRUUSK Mini Julgran Juldekoration - R\u00f6da B\u00e4r - 50 cm H\u00f6g - Cementbotten - Gr\u00f6n + Flerf\u00e4rgad - TRUUSK - Hem, Tr\u00e4dg\u00e5rd &amp; Fritid","isPartOf":{"@id":"https:\/\/truusk.store\/sv\/#website"},"primaryImageOfPage":{"@id":"https:\/\/truusk.store\/sv\/produkt\/truusk-mini-julgran-juldekoration-roda-bar-50-cm-hog-cementbotten-gron-flerfargad\/#primaryimage"},"image":{"@id":"https:\/\/truusk.store\/sv\/produkt\/truusk-mini-julgran-juldekoration-roda-bar-50-cm-hog-cementbotten-gron-flerfargad\/#primaryimage"},"thumbnailUrl":"https:\/\/i0.wp.com\/truusk.store\/wp-content\/uploads\/2024\/02\/mini-julgran-juldekoration-inklusive-dekorationer-roda-bar-50-cm-hog-inklusive-cementbotten-gron-flerfargad.webp?fit=800%2C800&ssl=1","datePublished":"2024-02-13T18:17:11+00:00","dateModified":"2026-03-12T08:07:26+00:00","breadcrumb":{"@id":"https:\/\/truusk.store\/sv\/produkt\/truusk-mini-julgran-juldekoration-roda-bar-50-cm-hog-cementbotten-gron-flerfargad\/#breadcrumb"},"inLanguage":"sv-SE","potentialAction":[{"@type":"ReadAction","target":["https:\/\/truusk.store\/sv\/produkt\/truusk-mini-julgran-juldekoration-roda-bar-50-cm-hog-cementbotten-gron-flerfargad\/"]}]},{"@type":"ImageObject","inLanguage":"sv-SE","@id":"https:\/\/truusk.store\/sv\/produkt\/truusk-mini-julgran-juldekoration-roda-bar-50-cm-hog-cementbotten-gron-flerfargad\/#primaryimage","url":"https:\/\/i0.wp.com\/truusk.store\/wp-content\/uploads\/2024\/02\/mini-julgran-juldekoration-inklusive-dekorationer-roda-bar-50-cm-hog-inklusive-cementbotten-gron-flerfargad.webp?fit=800%2C800&ssl=1","contentUrl":"https:\/\/i0.wp.com\/truusk.store\/wp-content\/uploads\/2024\/02\/mini-julgran-juldekoration-inklusive-dekorationer-roda-bar-50-cm-hog-inklusive-cementbotten-gron-flerfargad.webp?fit=800%2C800&ssl=1","width":800,"height":800,"caption":"Mini Julgran Juldekoration, Inklusive Dekorationer, R\u00f6da B\u00e4r, 50 Cm H\u00f6g, Inklusive Cementbotten, Gr\u00f6n + Flerf\u00e4rgad 1"},{"@type":"BreadcrumbList","@id":"https:\/\/truusk.store\/sv\/produkt\/truusk-mini-julgran-juldekoration-roda-bar-50-cm-hog-cementbotten-gron-flerfargad\/#breadcrumb","itemListElement":[{"@type":"ListItem","position":1,"name":"Home","item":"https:\/\/truusk.store\/sv\/"},{"@type":"ListItem","position":2,"name":"Shop","item":"https:\/\/truusk.store\/shop\/"},{"@type":"ListItem","position":3,"name":"TRUUSK Mini Julgran Juldekoration &#8211; R\u00f6da B\u00e4r &#8211; 50 cm H\u00f6g &#8211; Cementbotten &#8211; Gr\u00f6n + Flerf\u00e4rgad"}]},{"@type":"WebSite","@id":"https:\/\/truusk.store\/sv\/#website","url":"https:\/\/truusk.store\/sv\/","name":"TRUUSK - Hem, Tr\u00e4dg\u00e5rd & Fritid","description":"","publisher":{"@id":"https:\/\/truusk.store\/sv\/#organization"},"potentialAction":[{"@type":"SearchAction","target":{"@type":"EntryPoint","urlTemplate":"https:\/\/truusk.store\/sv\/?s={search_term_string}"},"query-input":{"@type":"PropertyValueSpecification","valueRequired":true,"valueName":"search_term_string"}}],"inLanguage":"sv-SE"},{"@type":"Organization","@id":"https:\/\/truusk.store\/sv\/#organization","name":"TRUUSK - Hem, Tr\u00e4dg\u00e5rd & Fritid","url":"https:\/\/truusk.store\/sv\/","logo":{"@type":"ImageObject","inLanguage":"sv-SE","@id":"https:\/\/truusk.store\/sv\/#\/schema\/logo\/image\/","url":"https:\/\/i0.wp.com\/truusk.store\/wp-content\/uploads\/2026\/03\/cropped-TRUUSK.png?fit=2032%2C917&ssl=1","contentUrl":"https:\/\/i0.wp.com\/truusk.store\/wp-content\/uploads\/2026\/03\/cropped-TRUUSK.png?fit=2032%2C917&ssl=1","width":2032,"height":917,"caption":"TRUUSK - Hem, Tr\u00e4dg\u00e5rd & Fritid"},"image":{"@id":"https:\/\/truusk.store\/sv\/#\/schema\/logo\/image\/"}}]}},"jetpack_sharing_enabled":true,"_links":{"self":[{"href":"https:\/\/truusk.store\/sv\/wp-json\/wp\/v2\/product\/27831","targetHints":{"allow":["GET"]}}],"collection":[{"href":"https:\/\/truusk.store\/sv\/wp-json\/wp\/v2\/product"}],"about":[{"href":"https:\/\/truusk.store\/sv\/wp-json\/wp\/v2\/types\/product"}],"wp:featuredmedia":[{"embeddable":true,"href":"https:\/\/truusk.store\/sv\/wp-json\/wp\/v2\/media\/27832"}],"wp:attachment":[{"href":"https:\/\/truusk.store\/sv\/wp-json\/wp\/v2\/media?parent=27831"}],"wp:term":[{"taxonomy":"product_brand","embeddable":true,"href":"https:\/\/truusk.store\/sv\/wp-json\/wp\/v2\/product_brand?post=27831"},{"taxonomy":"product_cat","embeddable":true,"href":"https:\/\/truusk.store\/sv\/wp-json\/wp\/v2\/product_cat?post=27831"},{"taxonomy":"product_tag","embeddable":true,"href":"https:\/\/truusk.store\/sv\/wp-json\/wp\/v2\/product_tag?post=27831"}],"curies":[{"name":"wp","href":"https:\/\/api.w.org\/{rel}","templated":true}]}}