{"id":27842,"date":"2024-02-13T19:17:36","date_gmt":"2024-02-13T18:17:36","guid":{"rendered":"https:\/\/truusk.store\/product\/avslappningsstol-med-massagefunktion-fotpall-liggfunktion-konstlader-79-x-82-x-101-cm\/"},"modified":"2026-03-12T09:07:26","modified_gmt":"2026-03-12T08:07:26","slug":"truusk-avslappningsstol-med-massagefunktion-fotpall-liggfunktion-konstlader-79-x-82-x-101-cm","status":"publish","type":"product","link":"https:\/\/truusk.store\/sv\/produkt\/truusk-avslappningsstol-med-massagefunktion-fotpall-liggfunktion-konstlader-79-x-82-x-101-cm\/","title":{"rendered":"TRUUSK Avslappningsstol med Massagefunktion &#8211; Fotpall &#8211; Liggfunktion &#8211; Konstl\u00e4der &#8211; 79 x 82 x 101 cm"},"content":{"rendered":"<p>I denna avslappningsstol med pall gl\u00f6mmer du snabbt vardagens stress. Tack vare tio massagepunkter kan du slappna av i hela kroppen. Stolens lutningsvinkel \u00e4r upp till 145. Ryggst\u00f6det, sittdynan, armst\u00f6den och fotst\u00f6den \u00e4r alla fyllda med skum &#8211; oavsett om du tittar p\u00e5 TV, l\u00e4ser en bok eller tar en tupplur \u00e4r de perfekta f\u00f6r en trevlig kv\u00e4ll. Solstolen kan vridas 360 grader.<\/p>\n<h3>Beskrivning:<\/h3>\n<ul>\n<li>Lutningsvinkel upp till 145 perfekt f\u00f6r att titta p\u00e5 TV, l\u00e4sa, vila<\/li>\n<li>Stabil metallram klarar upp till 160 kg<\/li>\n<li>10 vibrationsmassagepunkter fr\u00e4mjar blodcirkulationen och lindrar muskelsp\u00e4nningar<\/li>\n<li>Slitstarkt och l\u00e4ttsk\u00f6tt konstl\u00e4der<\/li>\n<li>Ryggst\u00f6d, sits och fotpall \u00e4r vadderade med mjukt skum<\/li>\n<li>360 vridbar<\/li>\n<li>Enkel konstruktion<\/li>\n<\/ul>\n<h3>Teknisk data:<\/h3>\n<ul>\n<li>Material: metall, tr\u00e4, konstl\u00e4der, skum<\/li>\n<li>Svart f\u00e4rg<\/li>\n<li>\u00d6vergripande m\u00e5tt p\u00e5 stolen: 79W x 82D x 101H cm (i sittande), 80W x 122D x 95H cm (i liggande position)<\/li>\n<li>Fotpall: 48W x 42D x 42,5H cm<\/li>\n<li>Sitsstorlek: 52D x 50W cm<\/li>\n<li>Ryggst\u00f6dsm\u00e5tt: 66W x 68H x 15D cm<\/li>\n<li>Maximal lutningsvinkel: 145<\/li>\n<li>Insp\u00e4nning: 100-240V\/50\/60HZ<\/li>\n<li>Utsp\u00e4nning: 12V<\/li>\n<li>Kabell\u00e4ngd: 1,8 m<\/li>\n<li>Lastkapacitet: 160 kg (f\u00e5t\u00f6lj), 20 kg (fotpall)<\/li>\n<\/ul>\n<h3>Leveransens omfattning:<\/h3>\n<ul>\n<li>1 x massagestol<\/li>\n<li>1 x Instruktioner<\/li>\n<li>VIKTIGT: Vi levererar varan till trottoarkanten utan kostnad. Se till att du anger r\u00e4tt adress och telefonnummer.<\/li>\n<\/ul>\n","protected":false},"excerpt":{"rendered":"<p>I denna avslappningsstol med pall gl\u00f6mmer du snabbt vardagens stress. Tack vare tio massagepunkter kan du slappna av i hela&#8230;<\/p>\n","protected":false},"featured_media":27843,"template":"","meta":[],"product_brand":[],"product_cat":[521,485,524],"product_tag":[],"class_list":{"0":"post-27842","1":"product","2":"type-product","3":"status-publish","4":"has-post-thumbnail","6":"product_cat-fatolj","7":"product_cat-hus-bo","8":"product_cat-relaxstol-med-pall","10":"first","11":"instock","12":"sale","13":"taxable","14":"shipping-taxable","15":"purchasable","16":"product-type-simple"},"yoast_head":"<!-- This site is optimized with the Yoast SEO plugin v25.4 - https:\/\/yoast.com\/wordpress\/plugins\/seo\/ -->\n<title>TRUUSK Avslappningsstol med Massagefunktion - Fotpall - Liggfunktion - Konstl\u00e4der - 79 x 82 x 101 cm - TRUUSK - Hem, Tr\u00e4dg\u00e5rd &amp; Fritid<\/title>\n<meta name=\"robots\" content=\"index, follow, max-snippet:-1, max-image-preview:large, max-video-preview:-1\" \/>\n<link rel=\"canonical\" href=\"https:\/\/truusk.store\/sv\/produkt\/truusk-avslappningsstol-med-massagefunktion-fotpall-liggfunktion-konstlader-79-x-82-x-101-cm\/\" \/>\n<meta property=\"og:locale\" content=\"sv_SE\" \/>\n<meta property=\"og:type\" content=\"article\" \/>\n<meta property=\"og:title\" content=\"TRUUSK Avslappningsstol med Massagefunktion - Fotpall - Liggfunktion - Konstl\u00e4der - 79 x 82 x 101 cm - TRUUSK - Hem, Tr\u00e4dg\u00e5rd &amp; Fritid\" \/>\n<meta property=\"og:description\" content=\"I denna avslappningsstol med pall gl\u00f6mmer du snabbt vardagens stress. Tack vare tio massagepunkter kan du slappna av i hela...\" \/>\n<meta property=\"og:url\" content=\"https:\/\/truusk.store\/sv\/produkt\/truusk-avslappningsstol-med-massagefunktion-fotpall-liggfunktion-konstlader-79-x-82-x-101-cm\/\" \/>\n<meta property=\"og:site_name\" content=\"TRUUSK - Hem, Tr\u00e4dg\u00e5rd &amp; Fritid\" \/>\n<meta property=\"article:modified_time\" content=\"2026-03-12T08:07:26+00:00\" \/>\n<meta property=\"og:image\" content=\"https:\/\/i0.wp.com\/truusk.se\/wp-content\/uploads\/2024\/02\/avslappningsstol-med-massagefunktion-fotpall-liggfunktion-konstlader-79-x-82-x-101-cm.webp?fit=800%2C800&ssl=1\" \/>\n\t<meta property=\"og:image:width\" content=\"800\" \/>\n\t<meta property=\"og:image:height\" content=\"800\" \/>\n\t<meta property=\"og:image:type\" content=\"image\/webp\" \/>\n<meta name=\"twitter:card\" content=\"summary_large_image\" \/>\n<meta name=\"twitter:label1\" content=\"Ber\u00e4knad l\u00e4stid\" \/>\n\t<meta name=\"twitter:data1\" content=\"1 minut\" \/>\n<!-- \/ Yoast SEO plugin. -->","yoast_head_json":{"title":"TRUUSK Avslappningsstol med Massagefunktion - Fotpall - Liggfunktion - Konstl\u00e4der - 79 x 82 x 101 cm - TRUUSK - Hem, Tr\u00e4dg\u00e5rd &amp; Fritid","robots":{"index":"index","follow":"follow","max-snippet":"max-snippet:-1","max-image-preview":"max-image-preview:large","max-video-preview":"max-video-preview:-1"},"canonical":"https:\/\/truusk.store\/sv\/produkt\/truusk-avslappningsstol-med-massagefunktion-fotpall-liggfunktion-konstlader-79-x-82-x-101-cm\/","og_locale":"sv_SE","og_type":"article","og_title":"TRUUSK Avslappningsstol med Massagefunktion - Fotpall - Liggfunktion - Konstl\u00e4der - 79 x 82 x 101 cm - TRUUSK - Hem, Tr\u00e4dg\u00e5rd &amp; Fritid","og_description":"I denna avslappningsstol med pall gl\u00f6mmer du snabbt vardagens stress. Tack vare tio massagepunkter kan du slappna av i hela...","og_url":"https:\/\/truusk.store\/sv\/produkt\/truusk-avslappningsstol-med-massagefunktion-fotpall-liggfunktion-konstlader-79-x-82-x-101-cm\/","og_site_name":"TRUUSK - Hem, Tr\u00e4dg\u00e5rd &amp; Fritid","article_modified_time":"2026-03-12T08:07:26+00:00","og_image":[{"width":800,"height":800,"url":"https:\/\/i0.wp.com\/truusk.se\/wp-content\/uploads\/2024\/02\/avslappningsstol-med-massagefunktion-fotpall-liggfunktion-konstlader-79-x-82-x-101-cm.webp?fit=800%2C800&ssl=1","type":"image\/webp"}],"twitter_card":"summary_large_image","twitter_misc":{"Ber\u00e4knad l\u00e4stid":"1 minut"},"schema":{"@context":"https:\/\/schema.org","@graph":[{"@type":"WebPage","@id":"https:\/\/truusk.store\/sv\/produkt\/truusk-avslappningsstol-med-massagefunktion-fotpall-liggfunktion-konstlader-79-x-82-x-101-cm\/","url":"https:\/\/truusk.store\/sv\/produkt\/truusk-avslappningsstol-med-massagefunktion-fotpall-liggfunktion-konstlader-79-x-82-x-101-cm\/","name":"TRUUSK Avslappningsstol med Massagefunktion - Fotpall - Liggfunktion - Konstl\u00e4der - 79 x 82 x 101 cm - TRUUSK - Hem, Tr\u00e4dg\u00e5rd &amp; Fritid","isPartOf":{"@id":"https:\/\/truusk.store\/sv\/#website"},"primaryImageOfPage":{"@id":"https:\/\/truusk.store\/sv\/produkt\/truusk-avslappningsstol-med-massagefunktion-fotpall-liggfunktion-konstlader-79-x-82-x-101-cm\/#primaryimage"},"image":{"@id":"https:\/\/truusk.store\/sv\/produkt\/truusk-avslappningsstol-med-massagefunktion-fotpall-liggfunktion-konstlader-79-x-82-x-101-cm\/#primaryimage"},"thumbnailUrl":"https:\/\/i0.wp.com\/truusk.store\/wp-content\/uploads\/2024\/02\/avslappningsstol-med-massagefunktion-fotpall-liggfunktion-konstlader-79-x-82-x-101-cm.webp?fit=800%2C800&ssl=1","datePublished":"2024-02-13T18:17:36+00:00","dateModified":"2026-03-12T08:07:26+00:00","breadcrumb":{"@id":"https:\/\/truusk.store\/sv\/produkt\/truusk-avslappningsstol-med-massagefunktion-fotpall-liggfunktion-konstlader-79-x-82-x-101-cm\/#breadcrumb"},"inLanguage":"sv-SE","potentialAction":[{"@type":"ReadAction","target":["https:\/\/truusk.store\/sv\/produkt\/truusk-avslappningsstol-med-massagefunktion-fotpall-liggfunktion-konstlader-79-x-82-x-101-cm\/"]}]},{"@type":"ImageObject","inLanguage":"sv-SE","@id":"https:\/\/truusk.store\/sv\/produkt\/truusk-avslappningsstol-med-massagefunktion-fotpall-liggfunktion-konstlader-79-x-82-x-101-cm\/#primaryimage","url":"https:\/\/i0.wp.com\/truusk.store\/wp-content\/uploads\/2024\/02\/avslappningsstol-med-massagefunktion-fotpall-liggfunktion-konstlader-79-x-82-x-101-cm.webp?fit=800%2C800&ssl=1","contentUrl":"https:\/\/i0.wp.com\/truusk.store\/wp-content\/uploads\/2024\/02\/avslappningsstol-med-massagefunktion-fotpall-liggfunktion-konstlader-79-x-82-x-101-cm.webp?fit=800%2C800&ssl=1","width":800,"height":800,"caption":"Avslappningsstol Med Massagefunktion, Fotpall, Liggfunktion, Konstl\u00e4der 79 X 82 X 101 Cm 1"},{"@type":"BreadcrumbList","@id":"https:\/\/truusk.store\/sv\/produkt\/truusk-avslappningsstol-med-massagefunktion-fotpall-liggfunktion-konstlader-79-x-82-x-101-cm\/#breadcrumb","itemListElement":[{"@type":"ListItem","position":1,"name":"Home","item":"https:\/\/truusk.store\/sv\/"},{"@type":"ListItem","position":2,"name":"Shop","item":"https:\/\/truusk.store\/shop\/"},{"@type":"ListItem","position":3,"name":"TRUUSK Avslappningsstol med Massagefunktion &#8211; Fotpall &#8211; Liggfunktion &#8211; Konstl\u00e4der &#8211; 79 x 82 x 101 cm"}]},{"@type":"WebSite","@id":"https:\/\/truusk.store\/sv\/#website","url":"https:\/\/truusk.store\/sv\/","name":"TRUUSK - Hem, Tr\u00e4dg\u00e5rd & Fritid","description":"","publisher":{"@id":"https:\/\/truusk.store\/sv\/#organization"},"potentialAction":[{"@type":"SearchAction","target":{"@type":"EntryPoint","urlTemplate":"https:\/\/truusk.store\/sv\/?s={search_term_string}"},"query-input":{"@type":"PropertyValueSpecification","valueRequired":true,"valueName":"search_term_string"}}],"inLanguage":"sv-SE"},{"@type":"Organization","@id":"https:\/\/truusk.store\/sv\/#organization","name":"TRUUSK - Hem, Tr\u00e4dg\u00e5rd & Fritid","url":"https:\/\/truusk.store\/sv\/","logo":{"@type":"ImageObject","inLanguage":"sv-SE","@id":"https:\/\/truusk.store\/sv\/#\/schema\/logo\/image\/","url":"https:\/\/i0.wp.com\/truusk.store\/wp-content\/uploads\/2026\/03\/cropped-TRUUSK.png?fit=2032%2C917&ssl=1","contentUrl":"https:\/\/i0.wp.com\/truusk.store\/wp-content\/uploads\/2026\/03\/cropped-TRUUSK.png?fit=2032%2C917&ssl=1","width":2032,"height":917,"caption":"TRUUSK - Hem, Tr\u00e4dg\u00e5rd & Fritid"},"image":{"@id":"https:\/\/truusk.store\/sv\/#\/schema\/logo\/image\/"}}]}},"jetpack_sharing_enabled":true,"_links":{"self":[{"href":"https:\/\/truusk.store\/sv\/wp-json\/wp\/v2\/product\/27842","targetHints":{"allow":["GET"]}}],"collection":[{"href":"https:\/\/truusk.store\/sv\/wp-json\/wp\/v2\/product"}],"about":[{"href":"https:\/\/truusk.store\/sv\/wp-json\/wp\/v2\/types\/product"}],"wp:featuredmedia":[{"embeddable":true,"href":"https:\/\/truusk.store\/sv\/wp-json\/wp\/v2\/media\/27843"}],"wp:attachment":[{"href":"https:\/\/truusk.store\/sv\/wp-json\/wp\/v2\/media?parent=27842"}],"wp:term":[{"taxonomy":"product_brand","embeddable":true,"href":"https:\/\/truusk.store\/sv\/wp-json\/wp\/v2\/product_brand?post=27842"},{"taxonomy":"product_cat","embeddable":true,"href":"https:\/\/truusk.store\/sv\/wp-json\/wp\/v2\/product_cat?post=27842"},{"taxonomy":"product_tag","embeddable":true,"href":"https:\/\/truusk.store\/sv\/wp-json\/wp\/v2\/product_tag?post=27842"}],"curies":[{"name":"wp","href":"https:\/\/api.w.org\/{rel}","templated":true}]}}