{"id":27912,"date":"2024-02-13T19:19:55","date_gmt":"2024-02-13T18:19:55","guid":{"rendered":"https:\/\/truusk.store\/product\/elektriskt-lopband-hopfallbart-med-lcd-display-hastighet-08-10km-h-och-3-program-effekt-500-w-123-x-62-x-117-cm-svart\/"},"modified":"2026-03-12T09:07:28","modified_gmt":"2026-03-12T08:07:28","slug":"truusk-elektriskt-lopband-hopfallbart-lcd-display-hastighet-08-10km-h-3-program-effekt-500-w-123-x-62-x-117-cm","status":"publish","type":"product","link":"https:\/\/truusk.store\/sv\/produkt\/truusk-elektriskt-lopband-hopfallbart-lcd-display-hastighet-08-10km-h-3-program-effekt-500-w-123-x-62-x-117-cm\/","title":{"rendered":"TRUUSK Elektriskt L\u00f6pband &#8211; Hopf\u00e4llbart &#8211; LCD-display &#8211; Hastighet 0,8-10km\/h &#8211; 3 Program &#8211; Effekt 500 W &#8211; 123 x 62 x 117 cm &#8211;"},"content":{"rendered":"<p>Detta motordrivna l\u00f6pband \u00e4r den perfekta enheten f\u00f6r ett dagligt tr\u00e4ningspass. LCD-sk\u00e4rmen visar tid, distans, kalorier och hastighet f\u00f6r att hj\u00e4lpa dig att koncentrera dig b\u00e4ttre p\u00e5 ditt tr\u00e4ningspass. Tillverkad av slitstark metall, den \u00e4r stark och h\u00e5llbar. Den har tv\u00e5 integrerade muggh\u00e5llare och tr\u00e4ningsl\u00f6pbandet kan f\u00e4llas ihop. Den levereras med tv\u00e5 hjul f\u00f6r enkel transport och f\u00f6rvaring.<\/p>\n<h3>Beskrivning:<\/h3>\n<ul>\n<li>Perfekt f\u00f6r tr\u00e4ning hemma, p\u00e5 kontoret eller p\u00e5 gymmet<\/li>\n<li>Tv\u00e5 inbyggda muggh\u00e5llare f\u00f6r f\u00f6rvaring av drycker<\/li>\n<li>L\u00e4tt att vika ihop l\u00f6pbr\u00e4dan f\u00f6r att spara utrymme<\/li>\n<li>Front LCD-sk\u00e4rm: tid, distans, kalorier, hastighet<\/li>\n<li>12 f\u00f6rinst\u00e4llda program som hj\u00e4lper dig att tr\u00e4na<\/li>\n<li>Inbyggd knapp l\u00e5ter dig justera l\u00f6phastigheten<\/li>\n<li>S\u00e4kerhetsknapp f\u00f6r att stoppa l\u00f6pbandet omedelbart.<\/li>\n<\/ul>\n<h3>Teknisk data:<\/h3>\n<ul>\n<li>Svart f\u00e4rg<\/li>\n<li>Material: metall, ABS, EVA, PP-plast<\/li>\n<li>\u00d6vergripande m\u00e5tt: 123L x 62W x 117H cm<\/li>\n<li>Vikm\u00e5tt: 61,5L x 62W x 122H cm<\/li>\n<li>L\u00f6pbandsmattas m\u00e5tt: 100L x 34W cm<\/li>\n<li>Hastighetsintervall: 0,8-10 km\/h<\/li>\n<li>Motoreffekt: 500W<\/li>\n<li>Insp\u00e4nning: 220-230V \/ 50Hz<\/li>\n<li>Lastkapacitet: 100 kg<\/li>\n<\/ul>\n<h3>Leveransens omfattning:<\/h3>\n<ul>\n<li>1 x L\u00f6pband<\/li>\n<li>1 x Instruktioner<\/li>\n<li>VIKTIGT: Vi levererar varan till trottoarkanten utan kostnad. Se till att du anger r\u00e4tt adress och telefonnummer.<\/li>\n<\/ul>\n","protected":false},"excerpt":{"rendered":"<p>Detta motordrivna l\u00f6pband \u00e4r den perfekta enheten f\u00f6r ett dagligt tr\u00e4ningspass. LCD-sk\u00e4rmen visar tid, distans, kalorier och hastighet f\u00f6r att&#8230;<\/p>\n","protected":false},"featured_media":27913,"template":"","meta":[],"product_brand":[],"product_cat":[662,661,647],"product_tag":[],"class_list":{"0":"post-27912","1":"product","2":"type-product","3":"status-publish","4":"has-post-thumbnail","6":"product_cat-elektriska-lopband","7":"product_cat-kondition-styrketraning","8":"product_cat-sport-fritid","10":"first","11":"instock","12":"sale","13":"taxable","14":"shipping-taxable","15":"purchasable","16":"product-type-simple"},"yoast_head":"<!-- This site is optimized with the Yoast SEO plugin v25.4 - https:\/\/yoast.com\/wordpress\/plugins\/seo\/ -->\n<title>TRUUSK Elektriskt L\u00f6pband - Hopf\u00e4llbart - LCD-display - Hastighet 0,8-10km\/h - 3 Program - Effekt 500 W - 123 x 62 x 117 cm - TRUUSK - Hem, Tr\u00e4dg\u00e5rd &amp; Fritid<\/title>\n<meta name=\"robots\" content=\"index, follow, max-snippet:-1, max-image-preview:large, max-video-preview:-1\" \/>\n<link rel=\"canonical\" href=\"https:\/\/truusk.store\/sv\/produkt\/truusk-elektriskt-lopband-hopfallbart-lcd-display-hastighet-08-10km-h-3-program-effekt-500-w-123-x-62-x-117-cm\/\" \/>\n<meta property=\"og:locale\" content=\"sv_SE\" \/>\n<meta property=\"og:type\" content=\"article\" \/>\n<meta property=\"og:title\" content=\"TRUUSK Elektriskt L\u00f6pband - Hopf\u00e4llbart - LCD-display - Hastighet 0,8-10km\/h - 3 Program - Effekt 500 W - 123 x 62 x 117 cm - TRUUSK - Hem, Tr\u00e4dg\u00e5rd &amp; Fritid\" \/>\n<meta property=\"og:description\" content=\"Detta motordrivna l\u00f6pband \u00e4r den perfekta enheten f\u00f6r ett dagligt tr\u00e4ningspass. LCD-sk\u00e4rmen visar tid, distans, kalorier och hastighet f\u00f6r att...\" \/>\n<meta property=\"og:url\" content=\"https:\/\/truusk.store\/sv\/produkt\/truusk-elektriskt-lopband-hopfallbart-lcd-display-hastighet-08-10km-h-3-program-effekt-500-w-123-x-62-x-117-cm\/\" \/>\n<meta property=\"og:site_name\" content=\"TRUUSK - Hem, Tr\u00e4dg\u00e5rd &amp; Fritid\" \/>\n<meta property=\"article:modified_time\" content=\"2026-03-12T08:07:28+00:00\" \/>\n<meta property=\"og:image\" content=\"https:\/\/i0.wp.com\/truusk.se\/wp-content\/uploads\/2024\/02\/elektriskt-lopband-hopfallbart-med-lcd-display-hastighet-08-10km-h-och-3-program-effekt-500-w-123-x-62-x-117-cm-svart.webp?fit=800%2C800&ssl=1\" \/>\n\t<meta property=\"og:image:width\" content=\"800\" \/>\n\t<meta property=\"og:image:height\" content=\"800\" \/>\n\t<meta property=\"og:image:type\" content=\"image\/webp\" \/>\n<meta name=\"twitter:card\" content=\"summary_large_image\" \/>\n<meta name=\"twitter:label1\" content=\"Ber\u00e4knad l\u00e4stid\" \/>\n\t<meta name=\"twitter:data1\" content=\"1 minut\" \/>\n<!-- \/ Yoast SEO plugin. -->","yoast_head_json":{"title":"TRUUSK Elektriskt L\u00f6pband - Hopf\u00e4llbart - LCD-display - Hastighet 0,8-10km\/h - 3 Program - Effekt 500 W - 123 x 62 x 117 cm - TRUUSK - Hem, Tr\u00e4dg\u00e5rd &amp; Fritid","robots":{"index":"index","follow":"follow","max-snippet":"max-snippet:-1","max-image-preview":"max-image-preview:large","max-video-preview":"max-video-preview:-1"},"canonical":"https:\/\/truusk.store\/sv\/produkt\/truusk-elektriskt-lopband-hopfallbart-lcd-display-hastighet-08-10km-h-3-program-effekt-500-w-123-x-62-x-117-cm\/","og_locale":"sv_SE","og_type":"article","og_title":"TRUUSK Elektriskt L\u00f6pband - Hopf\u00e4llbart - LCD-display - Hastighet 0,8-10km\/h - 3 Program - Effekt 500 W - 123 x 62 x 117 cm - TRUUSK - Hem, Tr\u00e4dg\u00e5rd &amp; Fritid","og_description":"Detta motordrivna l\u00f6pband \u00e4r den perfekta enheten f\u00f6r ett dagligt tr\u00e4ningspass. LCD-sk\u00e4rmen visar tid, distans, kalorier och hastighet f\u00f6r att...","og_url":"https:\/\/truusk.store\/sv\/produkt\/truusk-elektriskt-lopband-hopfallbart-lcd-display-hastighet-08-10km-h-3-program-effekt-500-w-123-x-62-x-117-cm\/","og_site_name":"TRUUSK - Hem, Tr\u00e4dg\u00e5rd &amp; Fritid","article_modified_time":"2026-03-12T08:07:28+00:00","og_image":[{"width":800,"height":800,"url":"https:\/\/i0.wp.com\/truusk.se\/wp-content\/uploads\/2024\/02\/elektriskt-lopband-hopfallbart-med-lcd-display-hastighet-08-10km-h-och-3-program-effekt-500-w-123-x-62-x-117-cm-svart.webp?fit=800%2C800&ssl=1","type":"image\/webp"}],"twitter_card":"summary_large_image","twitter_misc":{"Ber\u00e4knad l\u00e4stid":"1 minut"},"schema":{"@context":"https:\/\/schema.org","@graph":[{"@type":"WebPage","@id":"https:\/\/truusk.store\/sv\/produkt\/truusk-elektriskt-lopband-hopfallbart-lcd-display-hastighet-08-10km-h-3-program-effekt-500-w-123-x-62-x-117-cm\/","url":"https:\/\/truusk.store\/sv\/produkt\/truusk-elektriskt-lopband-hopfallbart-lcd-display-hastighet-08-10km-h-3-program-effekt-500-w-123-x-62-x-117-cm\/","name":"TRUUSK Elektriskt L\u00f6pband - Hopf\u00e4llbart - LCD-display - Hastighet 0,8-10km\/h - 3 Program - Effekt 500 W - 123 x 62 x 117 cm - TRUUSK - Hem, Tr\u00e4dg\u00e5rd &amp; Fritid","isPartOf":{"@id":"https:\/\/truusk.store\/sv\/#website"},"primaryImageOfPage":{"@id":"https:\/\/truusk.store\/sv\/produkt\/truusk-elektriskt-lopband-hopfallbart-lcd-display-hastighet-08-10km-h-3-program-effekt-500-w-123-x-62-x-117-cm\/#primaryimage"},"image":{"@id":"https:\/\/truusk.store\/sv\/produkt\/truusk-elektriskt-lopband-hopfallbart-lcd-display-hastighet-08-10km-h-3-program-effekt-500-w-123-x-62-x-117-cm\/#primaryimage"},"thumbnailUrl":"https:\/\/i0.wp.com\/truusk.store\/wp-content\/uploads\/2024\/02\/elektriskt-lopband-hopfallbart-med-lcd-display-hastighet-08-10km-h-och-3-program-effekt-500-w-123-x-62-x-117-cm-svart.webp?fit=800%2C800&ssl=1","datePublished":"2024-02-13T18:19:55+00:00","dateModified":"2026-03-12T08:07:28+00:00","breadcrumb":{"@id":"https:\/\/truusk.store\/sv\/produkt\/truusk-elektriskt-lopband-hopfallbart-lcd-display-hastighet-08-10km-h-3-program-effekt-500-w-123-x-62-x-117-cm\/#breadcrumb"},"inLanguage":"sv-SE","potentialAction":[{"@type":"ReadAction","target":["https:\/\/truusk.store\/sv\/produkt\/truusk-elektriskt-lopband-hopfallbart-lcd-display-hastighet-08-10km-h-3-program-effekt-500-w-123-x-62-x-117-cm\/"]}]},{"@type":"ImageObject","inLanguage":"sv-SE","@id":"https:\/\/truusk.store\/sv\/produkt\/truusk-elektriskt-lopband-hopfallbart-lcd-display-hastighet-08-10km-h-3-program-effekt-500-w-123-x-62-x-117-cm\/#primaryimage","url":"https:\/\/i0.wp.com\/truusk.store\/wp-content\/uploads\/2024\/02\/elektriskt-lopband-hopfallbart-med-lcd-display-hastighet-08-10km-h-och-3-program-effekt-500-w-123-x-62-x-117-cm-svart.webp?fit=800%2C800&ssl=1","contentUrl":"https:\/\/i0.wp.com\/truusk.store\/wp-content\/uploads\/2024\/02\/elektriskt-lopband-hopfallbart-med-lcd-display-hastighet-08-10km-h-och-3-program-effekt-500-w-123-x-62-x-117-cm-svart.webp?fit=800%2C800&ssl=1","width":800,"height":800,"caption":"Elektriskt L\u00f6pband, Hopf\u00e4llbart, Med LCD-display, Hastighet 0,8-10km\/h Och 3 Program, Effekt 500 W, 123 X 62 X 117 Cm, Svart 1"},{"@type":"BreadcrumbList","@id":"https:\/\/truusk.store\/sv\/produkt\/truusk-elektriskt-lopband-hopfallbart-lcd-display-hastighet-08-10km-h-3-program-effekt-500-w-123-x-62-x-117-cm\/#breadcrumb","itemListElement":[{"@type":"ListItem","position":1,"name":"Home","item":"https:\/\/truusk.store\/sv\/"},{"@type":"ListItem","position":2,"name":"Shop","item":"https:\/\/truusk.store\/shop\/"},{"@type":"ListItem","position":3,"name":"TRUUSK Elektriskt L\u00f6pband &#8211; Hopf\u00e4llbart &#8211; LCD-display &#8211; Hastighet 0,8-10km\/h &#8211; 3 Program &#8211; Effekt 500 W &#8211; 123 x 62 x 117 cm &#8211;"}]},{"@type":"WebSite","@id":"https:\/\/truusk.store\/sv\/#website","url":"https:\/\/truusk.store\/sv\/","name":"TRUUSK - Hem, Tr\u00e4dg\u00e5rd & Fritid","description":"","publisher":{"@id":"https:\/\/truusk.store\/sv\/#organization"},"potentialAction":[{"@type":"SearchAction","target":{"@type":"EntryPoint","urlTemplate":"https:\/\/truusk.store\/sv\/?s={search_term_string}"},"query-input":{"@type":"PropertyValueSpecification","valueRequired":true,"valueName":"search_term_string"}}],"inLanguage":"sv-SE"},{"@type":"Organization","@id":"https:\/\/truusk.store\/sv\/#organization","name":"TRUUSK - Hem, Tr\u00e4dg\u00e5rd & Fritid","url":"https:\/\/truusk.store\/sv\/","logo":{"@type":"ImageObject","inLanguage":"sv-SE","@id":"https:\/\/truusk.store\/sv\/#\/schema\/logo\/image\/","url":"https:\/\/i0.wp.com\/truusk.store\/wp-content\/uploads\/2026\/03\/cropped-TRUUSK.png?fit=2032%2C917&ssl=1","contentUrl":"https:\/\/i0.wp.com\/truusk.store\/wp-content\/uploads\/2026\/03\/cropped-TRUUSK.png?fit=2032%2C917&ssl=1","width":2032,"height":917,"caption":"TRUUSK - Hem, Tr\u00e4dg\u00e5rd & Fritid"},"image":{"@id":"https:\/\/truusk.store\/sv\/#\/schema\/logo\/image\/"}}]}},"jetpack_sharing_enabled":true,"_links":{"self":[{"href":"https:\/\/truusk.store\/sv\/wp-json\/wp\/v2\/product\/27912","targetHints":{"allow":["GET"]}}],"collection":[{"href":"https:\/\/truusk.store\/sv\/wp-json\/wp\/v2\/product"}],"about":[{"href":"https:\/\/truusk.store\/sv\/wp-json\/wp\/v2\/types\/product"}],"wp:featuredmedia":[{"embeddable":true,"href":"https:\/\/truusk.store\/sv\/wp-json\/wp\/v2\/media\/27913"}],"wp:attachment":[{"href":"https:\/\/truusk.store\/sv\/wp-json\/wp\/v2\/media?parent=27912"}],"wp:term":[{"taxonomy":"product_brand","embeddable":true,"href":"https:\/\/truusk.store\/sv\/wp-json\/wp\/v2\/product_brand?post=27912"},{"taxonomy":"product_cat","embeddable":true,"href":"https:\/\/truusk.store\/sv\/wp-json\/wp\/v2\/product_cat?post=27912"},{"taxonomy":"product_tag","embeddable":true,"href":"https:\/\/truusk.store\/sv\/wp-json\/wp\/v2\/product_tag?post=27912"}],"curies":[{"name":"wp","href":"https:\/\/api.w.org\/{rel}","templated":true}]}}