{"id":27994,"date":"2024-02-13T19:22:48","date_gmt":"2024-02-13T18:22:48","guid":{"rendered":"https:\/\/truusk.store\/product\/barnfordon-12v-2-korlagen-sian-suv-billeksak-elbil-med-fjarrkontroll-extra-breda-dack-musik-mp3-usb-ljus-3760-manader-pp-metall-vit-108-x-62-x-40-cm\/"},"modified":"2026-03-12T09:07:30","modified_gmt":"2026-03-12T08:07:30","slug":"truusk-elektrisk-suv-leksaksbil-12v-fjarrkontroll-musik-extra-breda-dack-vit-108-x-62-x-40-cm","status":"publish","type":"product","link":"https:\/\/truusk.store\/sv\/produkt\/truusk-elektrisk-suv-leksaksbil-12v-fjarrkontroll-musik-extra-breda-dack-vit-108-x-62-x-40-cm\/","title":{"rendered":"TRUUSK Elektrisk SUV-leksaksbil 12V &#8211; Fj\u00e4rrkontroll &#8211; Musik &#8211; Extra breda d\u00e4ck &#8211; Vit &#8211; 108 x 62 x 40 cm"},"content":{"rendered":"<p>Denna elbil imponerar med sin realistiska design och integrerade prylar. Denna officiellt licensierade elbil har inte bara ett realistiskt utseende, utan k\u00f6r ocks\u00e5 i en hastighet av 3-5 km\/h. LED-str\u00e5lkastare och bakljus, instrumentpanelsdisplayer och en r\u00f6rlig ratt s\u00e4kerst\u00e4ller en autentisk k\u00f6rupplevelse. Extra breda d\u00e4ck och ett s\u00e4kerhetsb\u00e4lte garanterar s\u00e4kerheten under k\u00f6rning.<\/p>\n<h3>Beskrivning:<\/h3>\n<ul>\n<li>Realistiskt bilutseende, signalhorn, musik, ljusa str\u00e5lkastare och baklyktor och 2 bild\u00f6rrar med pneumatiska skenan<\/li>\n<li>2 k\u00f6rl\u00e4gen, instruktioner och fj\u00e4rrkontroll<\/li>\n<li>2.4G fj\u00e4rrkontroll ing\u00e5r<\/li>\n<li>Fungerande ratt, reglage fram\u00e5t\/back<\/li>\n<li>F\u00f6rinstallerat musik- och multimediacenter samt USB-ing\u00e5ng, TF-kortplats och MP3-plugin-funktion<\/li>\n<li>F\u00f6r 37-60 m\u00e5nader (under vuxens uppsikt) med en maxvikt p\u00e5 25 kg<\/li>\n<li>\u00c5terst\u00e5ende batteriniv\u00e5 visas<\/li>\n<li>Montering kr\u00e4vs<\/li>\n<\/ul>\n<h3>Teknisk data:<\/h3>\n<ul>\n<li>F\u00e4rg vit<\/li>\n<li>Material: PP-plast, metall<\/li>\n<li>\u00d6vergripande m\u00e5tt: 108L x 62W x 40H cm<\/li>\n<li>Sitsstorlek: 31,5L x 18,5W x 22,5H cm<\/li>\n<li>Hastighet: 3-5km\/h<\/li>\n<li>Lastkapacitet: 25 kg<\/li>\n<li>Batteri: 12V 4,5AH x 1<\/li>\n<li>Motor: 12V390(18000RPM) x 2<\/li>\n<li>Laddare: 12V\/0,5A x 1<\/li>\n<li>Rekommenderade \u00e5ldersgrupper: 37-60 m\u00e5nader<\/li>\n<li>Speltid: 45 minuter (beroende p\u00e5 typ av anv\u00e4ndning)<\/li>\n<li>F\u00f6rsta laddning: 8-12 timmar, vanlig laddning: 8-12 timmar<\/li>\n<\/ul>\n<h3>Leveransens omfattning:<\/h3>\n<ul>\n<li>1 x barnbil<\/li>\n<li>1 x Instruktioner<\/li>\n<\/ul>\n","protected":false},"excerpt":{"rendered":"<p>Denna elbil imponerar med sin realistiska design och integrerade prylar. Denna officiellt licensierade elbil har inte bara ett realistiskt utseende,&#8230;<\/p>\n","protected":false},"featured_media":27995,"template":"","meta":[],"product_brand":[],"product_cat":[609,610,612],"product_tag":[],"class_list":{"0":"post-27994","1":"product","2":"type-product","3":"status-publish","4":"has-post-thumbnail","6":"product_cat-baby-barn","7":"product_cat-barnfordon","8":"product_cat-elektriska-fordon","10":"first","11":"instock","12":"sale","13":"taxable","14":"shipping-taxable","15":"purchasable","16":"product-type-simple"},"yoast_head":"<!-- This site is optimized with the Yoast SEO plugin v25.4 - https:\/\/yoast.com\/wordpress\/plugins\/seo\/ -->\n<title>TRUUSK Elektrisk SUV-leksaksbil 12V - Fj\u00e4rrkontroll - Musik - Extra breda d\u00e4ck - Vit - 108 x 62 x 40 cm - TRUUSK - Hem, Tr\u00e4dg\u00e5rd &amp; Fritid<\/title>\n<meta name=\"robots\" content=\"index, follow, max-snippet:-1, max-image-preview:large, max-video-preview:-1\" \/>\n<link rel=\"canonical\" href=\"https:\/\/truusk.store\/sv\/produkt\/truusk-elektrisk-suv-leksaksbil-12v-fjarrkontroll-musik-extra-breda-dack-vit-108-x-62-x-40-cm\/\" \/>\n<meta property=\"og:locale\" content=\"sv_SE\" \/>\n<meta property=\"og:type\" content=\"article\" \/>\n<meta property=\"og:title\" content=\"TRUUSK Elektrisk SUV-leksaksbil 12V - Fj\u00e4rrkontroll - Musik - Extra breda d\u00e4ck - Vit - 108 x 62 x 40 cm - TRUUSK - Hem, Tr\u00e4dg\u00e5rd &amp; Fritid\" \/>\n<meta property=\"og:description\" content=\"Denna elbil imponerar med sin realistiska design och integrerade prylar. Denna officiellt licensierade elbil har inte bara ett realistiskt utseende,...\" \/>\n<meta property=\"og:url\" content=\"https:\/\/truusk.store\/sv\/produkt\/truusk-elektrisk-suv-leksaksbil-12v-fjarrkontroll-musik-extra-breda-dack-vit-108-x-62-x-40-cm\/\" \/>\n<meta property=\"og:site_name\" content=\"TRUUSK - Hem, Tr\u00e4dg\u00e5rd &amp; Fritid\" \/>\n<meta property=\"article:modified_time\" content=\"2026-03-12T08:07:30+00:00\" \/>\n<meta property=\"og:image\" content=\"https:\/\/i0.wp.com\/truusk.se\/wp-content\/uploads\/2024\/02\/barnfordon-12v-2-korlagen-sian-suv-billeksak-elbil-med-fjarrkontroll-extra-breda-dack-musik-mp3-usb-ljus-3760-manader-pp-metall-vit-108-x-62-x-40-cm.webp?fit=800%2C800&ssl=1\" \/>\n\t<meta property=\"og:image:width\" content=\"800\" \/>\n\t<meta property=\"og:image:height\" content=\"800\" \/>\n\t<meta property=\"og:image:type\" content=\"image\/webp\" \/>\n<meta name=\"twitter:card\" content=\"summary_large_image\" \/>\n<meta name=\"twitter:label1\" content=\"Ber\u00e4knad l\u00e4stid\" \/>\n\t<meta name=\"twitter:data1\" content=\"1 minut\" \/>\n<!-- \/ Yoast SEO plugin. -->","yoast_head_json":{"title":"TRUUSK Elektrisk SUV-leksaksbil 12V - Fj\u00e4rrkontroll - Musik - Extra breda d\u00e4ck - Vit - 108 x 62 x 40 cm - TRUUSK - Hem, Tr\u00e4dg\u00e5rd &amp; Fritid","robots":{"index":"index","follow":"follow","max-snippet":"max-snippet:-1","max-image-preview":"max-image-preview:large","max-video-preview":"max-video-preview:-1"},"canonical":"https:\/\/truusk.store\/sv\/produkt\/truusk-elektrisk-suv-leksaksbil-12v-fjarrkontroll-musik-extra-breda-dack-vit-108-x-62-x-40-cm\/","og_locale":"sv_SE","og_type":"article","og_title":"TRUUSK Elektrisk SUV-leksaksbil 12V - Fj\u00e4rrkontroll - Musik - Extra breda d\u00e4ck - Vit - 108 x 62 x 40 cm - TRUUSK - Hem, Tr\u00e4dg\u00e5rd &amp; Fritid","og_description":"Denna elbil imponerar med sin realistiska design och integrerade prylar. Denna officiellt licensierade elbil har inte bara ett realistiskt utseende,...","og_url":"https:\/\/truusk.store\/sv\/produkt\/truusk-elektrisk-suv-leksaksbil-12v-fjarrkontroll-musik-extra-breda-dack-vit-108-x-62-x-40-cm\/","og_site_name":"TRUUSK - Hem, Tr\u00e4dg\u00e5rd &amp; Fritid","article_modified_time":"2026-03-12T08:07:30+00:00","og_image":[{"width":800,"height":800,"url":"https:\/\/i0.wp.com\/truusk.se\/wp-content\/uploads\/2024\/02\/barnfordon-12v-2-korlagen-sian-suv-billeksak-elbil-med-fjarrkontroll-extra-breda-dack-musik-mp3-usb-ljus-3760-manader-pp-metall-vit-108-x-62-x-40-cm.webp?fit=800%2C800&ssl=1","type":"image\/webp"}],"twitter_card":"summary_large_image","twitter_misc":{"Ber\u00e4knad l\u00e4stid":"1 minut"},"schema":{"@context":"https:\/\/schema.org","@graph":[{"@type":"WebPage","@id":"https:\/\/truusk.store\/sv\/produkt\/truusk-elektrisk-suv-leksaksbil-12v-fjarrkontroll-musik-extra-breda-dack-vit-108-x-62-x-40-cm\/","url":"https:\/\/truusk.store\/sv\/produkt\/truusk-elektrisk-suv-leksaksbil-12v-fjarrkontroll-musik-extra-breda-dack-vit-108-x-62-x-40-cm\/","name":"TRUUSK Elektrisk SUV-leksaksbil 12V - Fj\u00e4rrkontroll - Musik - Extra breda d\u00e4ck - Vit - 108 x 62 x 40 cm - TRUUSK - Hem, Tr\u00e4dg\u00e5rd &amp; Fritid","isPartOf":{"@id":"https:\/\/truusk.store\/sv\/#website"},"primaryImageOfPage":{"@id":"https:\/\/truusk.store\/sv\/produkt\/truusk-elektrisk-suv-leksaksbil-12v-fjarrkontroll-musik-extra-breda-dack-vit-108-x-62-x-40-cm\/#primaryimage"},"image":{"@id":"https:\/\/truusk.store\/sv\/produkt\/truusk-elektrisk-suv-leksaksbil-12v-fjarrkontroll-musik-extra-breda-dack-vit-108-x-62-x-40-cm\/#primaryimage"},"thumbnailUrl":"https:\/\/i0.wp.com\/truusk.store\/wp-content\/uploads\/2024\/02\/barnfordon-12v-2-korlagen-sian-suv-billeksak-elbil-med-fjarrkontroll-extra-breda-dack-musik-mp3-usb-ljus-3760-manader-pp-metall-vit-108-x-62-x-40-cm.webp?fit=800%2C800&ssl=1","datePublished":"2024-02-13T18:22:48+00:00","dateModified":"2026-03-12T08:07:30+00:00","breadcrumb":{"@id":"https:\/\/truusk.store\/sv\/produkt\/truusk-elektrisk-suv-leksaksbil-12v-fjarrkontroll-musik-extra-breda-dack-vit-108-x-62-x-40-cm\/#breadcrumb"},"inLanguage":"sv-SE","potentialAction":[{"@type":"ReadAction","target":["https:\/\/truusk.store\/sv\/produkt\/truusk-elektrisk-suv-leksaksbil-12v-fjarrkontroll-musik-extra-breda-dack-vit-108-x-62-x-40-cm\/"]}]},{"@type":"ImageObject","inLanguage":"sv-SE","@id":"https:\/\/truusk.store\/sv\/produkt\/truusk-elektrisk-suv-leksaksbil-12v-fjarrkontroll-musik-extra-breda-dack-vit-108-x-62-x-40-cm\/#primaryimage","url":"https:\/\/i0.wp.com\/truusk.store\/wp-content\/uploads\/2024\/02\/barnfordon-12v-2-korlagen-sian-suv-billeksak-elbil-med-fjarrkontroll-extra-breda-dack-musik-mp3-usb-ljus-3760-manader-pp-metall-vit-108-x-62-x-40-cm.webp?fit=800%2C800&ssl=1","contentUrl":"https:\/\/i0.wp.com\/truusk.store\/wp-content\/uploads\/2024\/02\/barnfordon-12v-2-korlagen-sian-suv-billeksak-elbil-med-fjarrkontroll-extra-breda-dack-musik-mp3-usb-ljus-3760-manader-pp-metall-vit-108-x-62-x-40-cm.webp?fit=800%2C800&ssl=1","width":800,"height":800,"caption":"Barnfordon 12V 2 K\u00f6rl\u00e4gen SIAN SUV Billeksak Elbil Med Fj\u00e4rrkontroll Extra Breda D\u00e4ck Musik (MP3\/USB) Ljus 3760 M\u00e5nader PP Metall Vit 108 X 62 X 40 Cm 1"},{"@type":"BreadcrumbList","@id":"https:\/\/truusk.store\/sv\/produkt\/truusk-elektrisk-suv-leksaksbil-12v-fjarrkontroll-musik-extra-breda-dack-vit-108-x-62-x-40-cm\/#breadcrumb","itemListElement":[{"@type":"ListItem","position":1,"name":"Home","item":"https:\/\/truusk.store\/sv\/"},{"@type":"ListItem","position":2,"name":"Shop","item":"https:\/\/truusk.store\/shop\/"},{"@type":"ListItem","position":3,"name":"TRUUSK Elektrisk SUV-leksaksbil 12V &#8211; Fj\u00e4rrkontroll &#8211; Musik &#8211; Extra breda d\u00e4ck &#8211; Vit &#8211; 108 x 62 x 40 cm"}]},{"@type":"WebSite","@id":"https:\/\/truusk.store\/sv\/#website","url":"https:\/\/truusk.store\/sv\/","name":"TRUUSK - Hem, Tr\u00e4dg\u00e5rd & Fritid","description":"","publisher":{"@id":"https:\/\/truusk.store\/sv\/#organization"},"potentialAction":[{"@type":"SearchAction","target":{"@type":"EntryPoint","urlTemplate":"https:\/\/truusk.store\/sv\/?s={search_term_string}"},"query-input":{"@type":"PropertyValueSpecification","valueRequired":true,"valueName":"search_term_string"}}],"inLanguage":"sv-SE"},{"@type":"Organization","@id":"https:\/\/truusk.store\/sv\/#organization","name":"TRUUSK - Hem, Tr\u00e4dg\u00e5rd & Fritid","url":"https:\/\/truusk.store\/sv\/","logo":{"@type":"ImageObject","inLanguage":"sv-SE","@id":"https:\/\/truusk.store\/sv\/#\/schema\/logo\/image\/","url":"https:\/\/i0.wp.com\/truusk.store\/wp-content\/uploads\/2026\/03\/cropped-TRUUSK.png?fit=2032%2C917&ssl=1","contentUrl":"https:\/\/i0.wp.com\/truusk.store\/wp-content\/uploads\/2026\/03\/cropped-TRUUSK.png?fit=2032%2C917&ssl=1","width":2032,"height":917,"caption":"TRUUSK - Hem, Tr\u00e4dg\u00e5rd & Fritid"},"image":{"@id":"https:\/\/truusk.store\/sv\/#\/schema\/logo\/image\/"}}]}},"jetpack_sharing_enabled":true,"_links":{"self":[{"href":"https:\/\/truusk.store\/sv\/wp-json\/wp\/v2\/product\/27994","targetHints":{"allow":["GET"]}}],"collection":[{"href":"https:\/\/truusk.store\/sv\/wp-json\/wp\/v2\/product"}],"about":[{"href":"https:\/\/truusk.store\/sv\/wp-json\/wp\/v2\/types\/product"}],"wp:featuredmedia":[{"embeddable":true,"href":"https:\/\/truusk.store\/sv\/wp-json\/wp\/v2\/media\/27995"}],"wp:attachment":[{"href":"https:\/\/truusk.store\/sv\/wp-json\/wp\/v2\/media?parent=27994"}],"wp:term":[{"taxonomy":"product_brand","embeddable":true,"href":"https:\/\/truusk.store\/sv\/wp-json\/wp\/v2\/product_brand?post=27994"},{"taxonomy":"product_cat","embeddable":true,"href":"https:\/\/truusk.store\/sv\/wp-json\/wp\/v2\/product_cat?post=27994"},{"taxonomy":"product_tag","embeddable":true,"href":"https:\/\/truusk.store\/sv\/wp-json\/wp\/v2\/product_tag?post=27994"}],"curies":[{"name":"wp","href":"https:\/\/api.w.org\/{rel}","templated":true}]}}