{"id":28035,"date":"2024-02-13T19:24:17","date_gmt":"2024-02-13T18:24:17","guid":{"rendered":"https:\/\/truusk.store\/product\/elektrisk-fyrhjuling-for-barn-3-8-km-h-45-min-drifttid-led-stralkastare-musikspelare-med-usb-for-barn-i-aldrarna-3-till-5-ar-2\/"},"modified":"2026-03-12T09:07:31","modified_gmt":"2026-03-12T08:07:31","slug":"truusk-elektrisk-fyrhjuling-for-barn-3-8-km-h-45-min-drifttid-led-stralkastare-musikspelare-med-usb-for-barn-i-aldrarna","status":"publish","type":"product","link":"https:\/\/truusk.store\/sv\/produkt\/truusk-elektrisk-fyrhjuling-for-barn-3-8-km-h-45-min-drifttid-led-stralkastare-musikspelare-med-usb-for-barn-i-aldrarna\/","title":{"rendered":"TRUUSK Elektrisk Fyrhjuling f\u00f6r Barn &#8211; 3-8 Km\/h &#8211; 45 Min Drifttid &#8211; LED-str\u00e5lkastare &#8211; Musikspelare med USB &#8211; F\u00f6r Barn i \u00e5ldrarna"},"content":{"rendered":"<p>Massor av \u00e4ventyr v\u00e4ntar dina barn med denna elektriska fyrhjuling f\u00f6r barn! Med sin snygga form och sportiga f\u00e4rger \u00e4r den ett riktigt blickf\u00e5ng f\u00f6r unga och gamla. De 4 robusta, stora hjulen garanterar en s\u00e4ker k\u00f6rning och s\u00e4kerst\u00e4ller ett stadigt grepp p\u00e5 n\u00e4stan alla underlag. Tack vare den barnv\u00e4nliga hastigheten p\u00e5 3 till 8 km\/h kan du bekv\u00e4mt g\u00e5, cykla eller jogga vid sidan av och ha en underbar stund med din lilla f\u00f6rare!<\/p>\n<h3>Beskrivning:<\/h3>\n<ul>\n<li>12V motorer som ger kraftfull bakhjulsdrift<\/li>\n<li>Pedalman\u00f6vrerad barnfyrhjuling, hastigheten \u00e4r 3-8 km\/h<\/li>\n<li>Uppladdningsbart batteri och laddare av h\u00f6g kvalitet ing\u00e5r i paketet<\/li>\n<li>Rekommenderas f\u00f6r barn 3 till 5 \u00e5r (under vuxens uppsikt)<\/li>\n<li>Flera musikalternativ med den inbyggda MP3-musikspelaren med USB-gr\u00e4nssnitt<\/li>\n<li>Montering kr\u00e4vs<\/li>\n<\/ul>\n<h3>Teknisk data:<\/h3>\n<ul>\n<li>r\u00f6d f\u00e4rg<\/li>\n<li>Material: j\u00e4rn, plast<\/li>\n<li>Totala m\u00e5tt: 100L x 65W x 73H cm<\/li>\n<li>Sittyta: 37L x 17W cm<\/li>\n<li>Hjulm\u00e5tt: 36 x 15W cm<\/li>\n<li>Laddningstid: 8-12 timmar, drifttid: 45 minuter (beroende p\u00e5 anv\u00e4ndningsintensitet)<\/li>\n<li>Batteri: 12V 10AH<\/li>\n<li>Hastighet: 3-8km\/h<\/li>\n<li>Rekommenderad \u00e5lder: 3-5 \u00e5r<\/li>\n<li>Lastkapacitet: 30 kg<\/li>\n<\/ul>\n<h3>Leveransens omfattning:<\/h3>\n<ul>\n<li>1 x elektrisk fyrhjuling f\u00f6r barn<\/li>\n<li>1 x Instruktioner<\/li>\n<\/ul>\n","protected":false},"excerpt":{"rendered":"<p>Massor av \u00e4ventyr v\u00e4ntar dina barn med denna elektriska fyrhjuling f\u00f6r barn! Med sin snygga form och sportiga f\u00e4rger \u00e4r&#8230;<\/p>\n","protected":false},"featured_media":28036,"template":"","meta":[],"product_brand":[],"product_cat":[609,610,612],"product_tag":[],"class_list":{"0":"post-28035","1":"product","2":"type-product","3":"status-publish","4":"has-post-thumbnail","6":"product_cat-baby-barn","7":"product_cat-barnfordon","8":"product_cat-elektriska-fordon","10":"first","11":"instock","12":"sale","13":"taxable","14":"shipping-taxable","15":"purchasable","16":"product-type-simple"},"yoast_head":"<!-- This site is optimized with the Yoast SEO plugin v25.4 - https:\/\/yoast.com\/wordpress\/plugins\/seo\/ -->\n<title>TRUUSK Elektrisk Fyrhjuling f\u00f6r Barn - 3-8 Km\/h - 45 Min Drifttid - LED-str\u00e5lkastare - Musikspelare med USB - F\u00f6r Barn i \u00e5ldrarna - TRUUSK - Hem, Tr\u00e4dg\u00e5rd &amp; Fritid<\/title>\n<meta name=\"robots\" content=\"index, follow, max-snippet:-1, max-image-preview:large, max-video-preview:-1\" \/>\n<link rel=\"canonical\" href=\"https:\/\/truusk.store\/sv\/produkt\/truusk-elektrisk-fyrhjuling-for-barn-3-8-km-h-45-min-drifttid-led-stralkastare-musikspelare-med-usb-for-barn-i-aldrarna\/\" \/>\n<meta property=\"og:locale\" content=\"sv_SE\" \/>\n<meta property=\"og:type\" content=\"article\" \/>\n<meta property=\"og:title\" content=\"TRUUSK Elektrisk Fyrhjuling f\u00f6r Barn - 3-8 Km\/h - 45 Min Drifttid - LED-str\u00e5lkastare - Musikspelare med USB - F\u00f6r Barn i \u00e5ldrarna - TRUUSK - Hem, Tr\u00e4dg\u00e5rd &amp; Fritid\" \/>\n<meta property=\"og:description\" content=\"Massor av \u00e4ventyr v\u00e4ntar dina barn med denna elektriska fyrhjuling f\u00f6r barn! Med sin snygga form och sportiga f\u00e4rger \u00e4r...\" \/>\n<meta property=\"og:url\" content=\"https:\/\/truusk.store\/sv\/produkt\/truusk-elektrisk-fyrhjuling-for-barn-3-8-km-h-45-min-drifttid-led-stralkastare-musikspelare-med-usb-for-barn-i-aldrarna\/\" \/>\n<meta property=\"og:site_name\" content=\"TRUUSK - Hem, Tr\u00e4dg\u00e5rd &amp; Fritid\" \/>\n<meta property=\"article:modified_time\" content=\"2026-03-12T08:07:31+00:00\" \/>\n<meta property=\"og:image\" content=\"https:\/\/i0.wp.com\/truusk.se\/wp-content\/uploads\/2024\/02\/elektrisk-fyrhjuling-for-barn-3-8-km-h-45-min-drifttid-led-stralkastare-musikspelare-med-usb-for-barn-i-aldrarna-3-till-5-ar-9.webp?fit=800%2C800&ssl=1\" \/>\n\t<meta property=\"og:image:width\" content=\"800\" \/>\n\t<meta property=\"og:image:height\" content=\"800\" \/>\n\t<meta property=\"og:image:type\" content=\"image\/webp\" \/>\n<meta name=\"twitter:card\" content=\"summary_large_image\" \/>\n<meta name=\"twitter:label1\" content=\"Ber\u00e4knad l\u00e4stid\" \/>\n\t<meta name=\"twitter:data1\" content=\"1 minut\" \/>\n<!-- \/ Yoast SEO plugin. -->","yoast_head_json":{"title":"TRUUSK Elektrisk Fyrhjuling f\u00f6r Barn - 3-8 Km\/h - 45 Min Drifttid - LED-str\u00e5lkastare - Musikspelare med USB - F\u00f6r Barn i \u00e5ldrarna - TRUUSK - Hem, Tr\u00e4dg\u00e5rd &amp; Fritid","robots":{"index":"index","follow":"follow","max-snippet":"max-snippet:-1","max-image-preview":"max-image-preview:large","max-video-preview":"max-video-preview:-1"},"canonical":"https:\/\/truusk.store\/sv\/produkt\/truusk-elektrisk-fyrhjuling-for-barn-3-8-km-h-45-min-drifttid-led-stralkastare-musikspelare-med-usb-for-barn-i-aldrarna\/","og_locale":"sv_SE","og_type":"article","og_title":"TRUUSK Elektrisk Fyrhjuling f\u00f6r Barn - 3-8 Km\/h - 45 Min Drifttid - LED-str\u00e5lkastare - Musikspelare med USB - F\u00f6r Barn i \u00e5ldrarna - TRUUSK - Hem, Tr\u00e4dg\u00e5rd &amp; Fritid","og_description":"Massor av \u00e4ventyr v\u00e4ntar dina barn med denna elektriska fyrhjuling f\u00f6r barn! Med sin snygga form och sportiga f\u00e4rger \u00e4r...","og_url":"https:\/\/truusk.store\/sv\/produkt\/truusk-elektrisk-fyrhjuling-for-barn-3-8-km-h-45-min-drifttid-led-stralkastare-musikspelare-med-usb-for-barn-i-aldrarna\/","og_site_name":"TRUUSK - Hem, Tr\u00e4dg\u00e5rd &amp; Fritid","article_modified_time":"2026-03-12T08:07:31+00:00","og_image":[{"width":800,"height":800,"url":"https:\/\/i0.wp.com\/truusk.se\/wp-content\/uploads\/2024\/02\/elektrisk-fyrhjuling-for-barn-3-8-km-h-45-min-drifttid-led-stralkastare-musikspelare-med-usb-for-barn-i-aldrarna-3-till-5-ar-9.webp?fit=800%2C800&ssl=1","type":"image\/webp"}],"twitter_card":"summary_large_image","twitter_misc":{"Ber\u00e4knad l\u00e4stid":"1 minut"},"schema":{"@context":"https:\/\/schema.org","@graph":[{"@type":"WebPage","@id":"https:\/\/truusk.store\/sv\/produkt\/truusk-elektrisk-fyrhjuling-for-barn-3-8-km-h-45-min-drifttid-led-stralkastare-musikspelare-med-usb-for-barn-i-aldrarna\/","url":"https:\/\/truusk.store\/sv\/produkt\/truusk-elektrisk-fyrhjuling-for-barn-3-8-km-h-45-min-drifttid-led-stralkastare-musikspelare-med-usb-for-barn-i-aldrarna\/","name":"TRUUSK Elektrisk Fyrhjuling f\u00f6r Barn - 3-8 Km\/h - 45 Min Drifttid - LED-str\u00e5lkastare - Musikspelare med USB - F\u00f6r Barn i \u00e5ldrarna - TRUUSK - Hem, Tr\u00e4dg\u00e5rd &amp; Fritid","isPartOf":{"@id":"https:\/\/truusk.store\/sv\/#website"},"primaryImageOfPage":{"@id":"https:\/\/truusk.store\/sv\/produkt\/truusk-elektrisk-fyrhjuling-for-barn-3-8-km-h-45-min-drifttid-led-stralkastare-musikspelare-med-usb-for-barn-i-aldrarna\/#primaryimage"},"image":{"@id":"https:\/\/truusk.store\/sv\/produkt\/truusk-elektrisk-fyrhjuling-for-barn-3-8-km-h-45-min-drifttid-led-stralkastare-musikspelare-med-usb-for-barn-i-aldrarna\/#primaryimage"},"thumbnailUrl":"https:\/\/i0.wp.com\/truusk.store\/wp-content\/uploads\/2024\/02\/elektrisk-fyrhjuling-for-barn-3-8-km-h-45-min-drifttid-led-stralkastare-musikspelare-med-usb-for-barn-i-aldrarna-3-till-5-ar-9.webp?fit=800%2C800&ssl=1","datePublished":"2024-02-13T18:24:17+00:00","dateModified":"2026-03-12T08:07:31+00:00","breadcrumb":{"@id":"https:\/\/truusk.store\/sv\/produkt\/truusk-elektrisk-fyrhjuling-for-barn-3-8-km-h-45-min-drifttid-led-stralkastare-musikspelare-med-usb-for-barn-i-aldrarna\/#breadcrumb"},"inLanguage":"sv-SE","potentialAction":[{"@type":"ReadAction","target":["https:\/\/truusk.store\/sv\/produkt\/truusk-elektrisk-fyrhjuling-for-barn-3-8-km-h-45-min-drifttid-led-stralkastare-musikspelare-med-usb-for-barn-i-aldrarna\/"]}]},{"@type":"ImageObject","inLanguage":"sv-SE","@id":"https:\/\/truusk.store\/sv\/produkt\/truusk-elektrisk-fyrhjuling-for-barn-3-8-km-h-45-min-drifttid-led-stralkastare-musikspelare-med-usb-for-barn-i-aldrarna\/#primaryimage","url":"https:\/\/i0.wp.com\/truusk.store\/wp-content\/uploads\/2024\/02\/elektrisk-fyrhjuling-for-barn-3-8-km-h-45-min-drifttid-led-stralkastare-musikspelare-med-usb-for-barn-i-aldrarna-3-till-5-ar-9.webp?fit=800%2C800&ssl=1","contentUrl":"https:\/\/i0.wp.com\/truusk.store\/wp-content\/uploads\/2024\/02\/elektrisk-fyrhjuling-for-barn-3-8-km-h-45-min-drifttid-led-stralkastare-musikspelare-med-usb-for-barn-i-aldrarna-3-till-5-ar-9.webp?fit=800%2C800&ssl=1","width":800,"height":800,"caption":"Elektrisk Fyrhjuling F\u00f6r Barn, 3-8 Km\/h, 45 Min Drifttid, LED-str\u00e5lkastare, Musikspelare Med USB, F\u00f6r Barn I \u00e5ldrarna 3 Till 5 \u00e5r 1"},{"@type":"BreadcrumbList","@id":"https:\/\/truusk.store\/sv\/produkt\/truusk-elektrisk-fyrhjuling-for-barn-3-8-km-h-45-min-drifttid-led-stralkastare-musikspelare-med-usb-for-barn-i-aldrarna\/#breadcrumb","itemListElement":[{"@type":"ListItem","position":1,"name":"Home","item":"https:\/\/truusk.store\/sv\/"},{"@type":"ListItem","position":2,"name":"Shop","item":"https:\/\/truusk.store\/shop\/"},{"@type":"ListItem","position":3,"name":"TRUUSK Elektrisk Fyrhjuling f\u00f6r Barn &#8211; 3-8 Km\/h &#8211; 45 Min Drifttid &#8211; LED-str\u00e5lkastare &#8211; Musikspelare med USB &#8211; F\u00f6r Barn i \u00e5ldrarna"}]},{"@type":"WebSite","@id":"https:\/\/truusk.store\/sv\/#website","url":"https:\/\/truusk.store\/sv\/","name":"TRUUSK - Hem, Tr\u00e4dg\u00e5rd & Fritid","description":"","publisher":{"@id":"https:\/\/truusk.store\/sv\/#organization"},"potentialAction":[{"@type":"SearchAction","target":{"@type":"EntryPoint","urlTemplate":"https:\/\/truusk.store\/sv\/?s={search_term_string}"},"query-input":{"@type":"PropertyValueSpecification","valueRequired":true,"valueName":"search_term_string"}}],"inLanguage":"sv-SE"},{"@type":"Organization","@id":"https:\/\/truusk.store\/sv\/#organization","name":"TRUUSK - Hem, Tr\u00e4dg\u00e5rd & Fritid","url":"https:\/\/truusk.store\/sv\/","logo":{"@type":"ImageObject","inLanguage":"sv-SE","@id":"https:\/\/truusk.store\/sv\/#\/schema\/logo\/image\/","url":"https:\/\/i0.wp.com\/truusk.store\/wp-content\/uploads\/2026\/03\/cropped-TRUUSK.png?fit=2032%2C917&ssl=1","contentUrl":"https:\/\/i0.wp.com\/truusk.store\/wp-content\/uploads\/2026\/03\/cropped-TRUUSK.png?fit=2032%2C917&ssl=1","width":2032,"height":917,"caption":"TRUUSK - Hem, Tr\u00e4dg\u00e5rd & Fritid"},"image":{"@id":"https:\/\/truusk.store\/sv\/#\/schema\/logo\/image\/"}}]}},"jetpack_sharing_enabled":true,"_links":{"self":[{"href":"https:\/\/truusk.store\/sv\/wp-json\/wp\/v2\/product\/28035","targetHints":{"allow":["GET"]}}],"collection":[{"href":"https:\/\/truusk.store\/sv\/wp-json\/wp\/v2\/product"}],"about":[{"href":"https:\/\/truusk.store\/sv\/wp-json\/wp\/v2\/types\/product"}],"wp:featuredmedia":[{"embeddable":true,"href":"https:\/\/truusk.store\/sv\/wp-json\/wp\/v2\/media\/28036"}],"wp:attachment":[{"href":"https:\/\/truusk.store\/sv\/wp-json\/wp\/v2\/media?parent=28035"}],"wp:term":[{"taxonomy":"product_brand","embeddable":true,"href":"https:\/\/truusk.store\/sv\/wp-json\/wp\/v2\/product_brand?post=28035"},{"taxonomy":"product_cat","embeddable":true,"href":"https:\/\/truusk.store\/sv\/wp-json\/wp\/v2\/product_cat?post=28035"},{"taxonomy":"product_tag","embeddable":true,"href":"https:\/\/truusk.store\/sv\/wp-json\/wp\/v2\/product_tag?post=28035"}],"curies":[{"name":"wp","href":"https:\/\/api.w.org\/{rel}","templated":true}]}}