{"id":28117,"date":"2024-02-13T19:26:54","date_gmt":"2024-02-13T18:26:54","guid":{"rendered":"https:\/\/truusk.store\/product\/avkopplingssang-med-liggfunktion-massagestol-tv-stol-vilstol-ergonomisk-stol-fatolj-med-pall-massage-beige-76-x-80-x-102-cm\/"},"modified":"2026-03-12T09:07:31","modified_gmt":"2026-03-12T08:07:31","slug":"truusk-avkopplingssang-med-liggfunktion-massagestol-tv-stol-vilstol-ergonomisk-stol-fatolj-med-pall-massage-beige","status":"publish","type":"product","link":"https:\/\/truusk.store\/sv\/produkt\/truusk-avkopplingssang-med-liggfunktion-massagestol-tv-stol-vilstol-ergonomisk-stol-fatolj-med-pall-massage-beige\/","title":{"rendered":"TRUUSK Avkopplingss\u00e4ng med liggfunktion &#8211; Massagestol &#8211; TV-stol &#8211; Vilstol &#8211; Ergonomisk stol &#8211; F\u00e5t\u00f6lj med pall &#8211; Massage &#8211; Beige &#8211;"},"content":{"rendered":"<p>Massagestolarnas v\u00e4rld \u00e4r mycket omfattande. Beroende p\u00e5 dina \u00f6nskem\u00e5l och budget g\u00e5r det att hitta olika vilstolar. Med v\u00e5r massagestol f\u00e5r du inte bara en bekv\u00e4m stol, utan ocks\u00e5 speciella stunder av v\u00e4lbefinnande. TV-stolen har 10 vibrationspunkter som slappnar av dina muskler och ger m\u00e5nga avkopplande stunder. Den ultramjuka stoppningen, det h\u00f6gkvalitativa materialet och massagefunktionen sk\u00e4mmer bort dig med h\u00f6gsta komfort.<\/p>\n<h3>Beskrivning:<\/h3>\n<ul>\n<li>10 sv\u00e4ngmassagepunkter (6 i ryggst\u00f6det, 2 i s\u00e4tet, 2 i pallen)<\/li>\n<li>Avslappning f\u00f6r rygg, axlar, nacke, rumpa, l\u00e5r och underbensmuskler<\/li>\n<li>10 vibrationsl\u00e4gen och 10 massageintensiteter att v\u00e4lja mellan<\/li>\n<li>Ryggst\u00f6det \u00e4r mekaniskt stegl\u00f6st justerbart<\/li>\n<li>Inneh\u00e5ller en praktisk sidficka f\u00f6r tillbeh\u00f6r, tidningar och drycker<\/li>\n<li>Levereras med fj\u00e4rrkontroll f\u00f6r enkel anv\u00e4ndning<\/li>\n<li>Obs: Massagestolen har en mikrol\u00e5sningsfunktion (ryggst\u00f6det kan inte l\u00e5sas helt)<\/li>\n<\/ul>\n<h3>Teknisk data:<\/h3>\n<ul>\n<li>Material: konstl\u00e4der, skum, tr\u00e4, metall<\/li>\n<li>F\u00e4rg beige<\/li>\n<li>\u00d6vergripande m\u00e5tt: L76 x B80 x H102 cm<\/li>\n<li>M\u00e5tt i liggl\u00e4ge: L122 x B76 x H82 cm<\/li>\n<li>Sittyta: L52,5 x B53 cm<\/li>\n<li>Sitth\u00f6jd: 46 cm<\/li>\n<li>Ryggst\u00f6d: L58 x H74 cm<\/li>\n<li>Ing\u00e5ng: 100240V \/50\/60HZ<\/li>\n<li>Utsp\u00e4nning DC: 12V<\/li>\n<li>Lutningsvinkel: 145<\/li>\n<li>Pall: L47 x B44 x H40 cm<\/li>\n<li>Basdiameter: 62 cm (f\u00e5t\u00f6lj), 47 cm (pall)<\/li>\n<li>Kan h\u00e5lla upp till 150 kg<\/li>\n<li>Anslutning: 220-240 V<\/li>\n<\/ul>\n<h3>Leveransens omfattning:<\/h3>\n<ul>\n<li>1 x massagestol<\/li>\n<li>1 x pall<\/li>\n<li>1 x monteringsanvisning<\/li>\n<\/ul>\n","protected":false},"excerpt":{"rendered":"<p>Massagestolarnas v\u00e4rld \u00e4r mycket omfattande. Beroende p\u00e5 dina \u00f6nskem\u00e5l och budget g\u00e5r det att hitta olika vilstolar. Med v\u00e5r massagestol&#8230;<\/p>\n","protected":false},"featured_media":28118,"template":"","meta":[],"product_brand":[],"product_cat":[521,485,524],"product_tag":[],"class_list":{"0":"post-28117","1":"product","2":"type-product","3":"status-publish","4":"has-post-thumbnail","6":"product_cat-fatolj","7":"product_cat-hus-bo","8":"product_cat-relaxstol-med-pall","10":"first","11":"instock","12":"sale","13":"taxable","14":"shipping-taxable","15":"purchasable","16":"product-type-simple"},"yoast_head":"<!-- This site is optimized with the Yoast SEO plugin v25.4 - https:\/\/yoast.com\/wordpress\/plugins\/seo\/ -->\n<title>TRUUSK Avkopplingss\u00e4ng med liggfunktion - Massagestol - TV-stol - Vilstol - Ergonomisk stol - F\u00e5t\u00f6lj med pall - Massage - Beige - TRUUSK - Hem, Tr\u00e4dg\u00e5rd &amp; Fritid<\/title>\n<meta name=\"robots\" content=\"index, follow, max-snippet:-1, max-image-preview:large, max-video-preview:-1\" \/>\n<link rel=\"canonical\" href=\"https:\/\/truusk.store\/sv\/produkt\/truusk-avkopplingssang-med-liggfunktion-massagestol-tv-stol-vilstol-ergonomisk-stol-fatolj-med-pall-massage-beige\/\" \/>\n<meta property=\"og:locale\" content=\"sv_SE\" \/>\n<meta property=\"og:type\" content=\"article\" \/>\n<meta property=\"og:title\" content=\"TRUUSK Avkopplingss\u00e4ng med liggfunktion - Massagestol - TV-stol - Vilstol - Ergonomisk stol - F\u00e5t\u00f6lj med pall - Massage - Beige - TRUUSK - Hem, Tr\u00e4dg\u00e5rd &amp; Fritid\" \/>\n<meta property=\"og:description\" content=\"Massagestolarnas v\u00e4rld \u00e4r mycket omfattande. Beroende p\u00e5 dina \u00f6nskem\u00e5l och budget g\u00e5r det att hitta olika vilstolar. Med v\u00e5r massagestol...\" \/>\n<meta property=\"og:url\" content=\"https:\/\/truusk.store\/sv\/produkt\/truusk-avkopplingssang-med-liggfunktion-massagestol-tv-stol-vilstol-ergonomisk-stol-fatolj-med-pall-massage-beige\/\" \/>\n<meta property=\"og:site_name\" content=\"TRUUSK - Hem, Tr\u00e4dg\u00e5rd &amp; Fritid\" \/>\n<meta property=\"article:modified_time\" content=\"2026-03-12T08:07:31+00:00\" \/>\n<meta property=\"og:image\" content=\"https:\/\/i0.wp.com\/truusk.se\/wp-content\/uploads\/2024\/02\/avkopplingssang-med-liggfunktion-massagestol-tv-stol-vilstol-ergonomisk-stol-fatolj-med-pall-massage-beige-76-x-80-x-102-cm.webp?fit=800%2C800&ssl=1\" \/>\n\t<meta property=\"og:image:width\" content=\"800\" \/>\n\t<meta property=\"og:image:height\" content=\"800\" \/>\n\t<meta property=\"og:image:type\" content=\"image\/webp\" \/>\n<meta name=\"twitter:card\" content=\"summary_large_image\" \/>\n<meta name=\"twitter:label1\" content=\"Ber\u00e4knad l\u00e4stid\" \/>\n\t<meta name=\"twitter:data1\" content=\"1 minut\" \/>\n<!-- \/ Yoast SEO plugin. -->","yoast_head_json":{"title":"TRUUSK Avkopplingss\u00e4ng med liggfunktion - Massagestol - TV-stol - Vilstol - Ergonomisk stol - F\u00e5t\u00f6lj med pall - Massage - Beige - TRUUSK - Hem, Tr\u00e4dg\u00e5rd &amp; Fritid","robots":{"index":"index","follow":"follow","max-snippet":"max-snippet:-1","max-image-preview":"max-image-preview:large","max-video-preview":"max-video-preview:-1"},"canonical":"https:\/\/truusk.store\/sv\/produkt\/truusk-avkopplingssang-med-liggfunktion-massagestol-tv-stol-vilstol-ergonomisk-stol-fatolj-med-pall-massage-beige\/","og_locale":"sv_SE","og_type":"article","og_title":"TRUUSK Avkopplingss\u00e4ng med liggfunktion - Massagestol - TV-stol - Vilstol - Ergonomisk stol - F\u00e5t\u00f6lj med pall - Massage - Beige - TRUUSK - Hem, Tr\u00e4dg\u00e5rd &amp; Fritid","og_description":"Massagestolarnas v\u00e4rld \u00e4r mycket omfattande. Beroende p\u00e5 dina \u00f6nskem\u00e5l och budget g\u00e5r det att hitta olika vilstolar. Med v\u00e5r massagestol...","og_url":"https:\/\/truusk.store\/sv\/produkt\/truusk-avkopplingssang-med-liggfunktion-massagestol-tv-stol-vilstol-ergonomisk-stol-fatolj-med-pall-massage-beige\/","og_site_name":"TRUUSK - Hem, Tr\u00e4dg\u00e5rd &amp; Fritid","article_modified_time":"2026-03-12T08:07:31+00:00","og_image":[{"width":800,"height":800,"url":"https:\/\/i0.wp.com\/truusk.se\/wp-content\/uploads\/2024\/02\/avkopplingssang-med-liggfunktion-massagestol-tv-stol-vilstol-ergonomisk-stol-fatolj-med-pall-massage-beige-76-x-80-x-102-cm.webp?fit=800%2C800&ssl=1","type":"image\/webp"}],"twitter_card":"summary_large_image","twitter_misc":{"Ber\u00e4knad l\u00e4stid":"1 minut"},"schema":{"@context":"https:\/\/schema.org","@graph":[{"@type":"WebPage","@id":"https:\/\/truusk.store\/sv\/produkt\/truusk-avkopplingssang-med-liggfunktion-massagestol-tv-stol-vilstol-ergonomisk-stol-fatolj-med-pall-massage-beige\/","url":"https:\/\/truusk.store\/sv\/produkt\/truusk-avkopplingssang-med-liggfunktion-massagestol-tv-stol-vilstol-ergonomisk-stol-fatolj-med-pall-massage-beige\/","name":"TRUUSK Avkopplingss\u00e4ng med liggfunktion - Massagestol - TV-stol - Vilstol - Ergonomisk stol - F\u00e5t\u00f6lj med pall - Massage - Beige - TRUUSK - Hem, Tr\u00e4dg\u00e5rd &amp; Fritid","isPartOf":{"@id":"https:\/\/truusk.store\/sv\/#website"},"primaryImageOfPage":{"@id":"https:\/\/truusk.store\/sv\/produkt\/truusk-avkopplingssang-med-liggfunktion-massagestol-tv-stol-vilstol-ergonomisk-stol-fatolj-med-pall-massage-beige\/#primaryimage"},"image":{"@id":"https:\/\/truusk.store\/sv\/produkt\/truusk-avkopplingssang-med-liggfunktion-massagestol-tv-stol-vilstol-ergonomisk-stol-fatolj-med-pall-massage-beige\/#primaryimage"},"thumbnailUrl":"https:\/\/i0.wp.com\/truusk.store\/wp-content\/uploads\/2024\/02\/avkopplingssang-med-liggfunktion-massagestol-tv-stol-vilstol-ergonomisk-stol-fatolj-med-pall-massage-beige-76-x-80-x-102-cm.webp?fit=800%2C800&ssl=1","datePublished":"2024-02-13T18:26:54+00:00","dateModified":"2026-03-12T08:07:31+00:00","breadcrumb":{"@id":"https:\/\/truusk.store\/sv\/produkt\/truusk-avkopplingssang-med-liggfunktion-massagestol-tv-stol-vilstol-ergonomisk-stol-fatolj-med-pall-massage-beige\/#breadcrumb"},"inLanguage":"sv-SE","potentialAction":[{"@type":"ReadAction","target":["https:\/\/truusk.store\/sv\/produkt\/truusk-avkopplingssang-med-liggfunktion-massagestol-tv-stol-vilstol-ergonomisk-stol-fatolj-med-pall-massage-beige\/"]}]},{"@type":"ImageObject","inLanguage":"sv-SE","@id":"https:\/\/truusk.store\/sv\/produkt\/truusk-avkopplingssang-med-liggfunktion-massagestol-tv-stol-vilstol-ergonomisk-stol-fatolj-med-pall-massage-beige\/#primaryimage","url":"https:\/\/i0.wp.com\/truusk.store\/wp-content\/uploads\/2024\/02\/avkopplingssang-med-liggfunktion-massagestol-tv-stol-vilstol-ergonomisk-stol-fatolj-med-pall-massage-beige-76-x-80-x-102-cm.webp?fit=800%2C800&ssl=1","contentUrl":"https:\/\/i0.wp.com\/truusk.store\/wp-content\/uploads\/2024\/02\/avkopplingssang-med-liggfunktion-massagestol-tv-stol-vilstol-ergonomisk-stol-fatolj-med-pall-massage-beige-76-x-80-x-102-cm.webp?fit=800%2C800&ssl=1","width":800,"height":800,"caption":"Avkopplingss\u00e4ng Med Liggfunktion, Massagestol, TV-stol, Vilstol, Ergonomisk Stol, F\u00e5t\u00f6lj Med Pall, Massage, Beige, 76 X 80 X 102 Cm 1"},{"@type":"BreadcrumbList","@id":"https:\/\/truusk.store\/sv\/produkt\/truusk-avkopplingssang-med-liggfunktion-massagestol-tv-stol-vilstol-ergonomisk-stol-fatolj-med-pall-massage-beige\/#breadcrumb","itemListElement":[{"@type":"ListItem","position":1,"name":"Home","item":"https:\/\/truusk.store\/sv\/"},{"@type":"ListItem","position":2,"name":"Shop","item":"https:\/\/truusk.store\/shop\/"},{"@type":"ListItem","position":3,"name":"TRUUSK Avkopplingss\u00e4ng med liggfunktion &#8211; Massagestol &#8211; TV-stol &#8211; Vilstol &#8211; Ergonomisk stol &#8211; F\u00e5t\u00f6lj med pall &#8211; Massage &#8211; Beige &#8211;"}]},{"@type":"WebSite","@id":"https:\/\/truusk.store\/sv\/#website","url":"https:\/\/truusk.store\/sv\/","name":"TRUUSK - Hem, Tr\u00e4dg\u00e5rd & Fritid","description":"","publisher":{"@id":"https:\/\/truusk.store\/sv\/#organization"},"potentialAction":[{"@type":"SearchAction","target":{"@type":"EntryPoint","urlTemplate":"https:\/\/truusk.store\/sv\/?s={search_term_string}"},"query-input":{"@type":"PropertyValueSpecification","valueRequired":true,"valueName":"search_term_string"}}],"inLanguage":"sv-SE"},{"@type":"Organization","@id":"https:\/\/truusk.store\/sv\/#organization","name":"TRUUSK - Hem, Tr\u00e4dg\u00e5rd & Fritid","url":"https:\/\/truusk.store\/sv\/","logo":{"@type":"ImageObject","inLanguage":"sv-SE","@id":"https:\/\/truusk.store\/sv\/#\/schema\/logo\/image\/","url":"https:\/\/i0.wp.com\/truusk.store\/wp-content\/uploads\/2026\/03\/cropped-TRUUSK.png?fit=2032%2C917&ssl=1","contentUrl":"https:\/\/i0.wp.com\/truusk.store\/wp-content\/uploads\/2026\/03\/cropped-TRUUSK.png?fit=2032%2C917&ssl=1","width":2032,"height":917,"caption":"TRUUSK - Hem, Tr\u00e4dg\u00e5rd & Fritid"},"image":{"@id":"https:\/\/truusk.store\/sv\/#\/schema\/logo\/image\/"}}]}},"jetpack_sharing_enabled":true,"_links":{"self":[{"href":"https:\/\/truusk.store\/sv\/wp-json\/wp\/v2\/product\/28117","targetHints":{"allow":["GET"]}}],"collection":[{"href":"https:\/\/truusk.store\/sv\/wp-json\/wp\/v2\/product"}],"about":[{"href":"https:\/\/truusk.store\/sv\/wp-json\/wp\/v2\/types\/product"}],"wp:featuredmedia":[{"embeddable":true,"href":"https:\/\/truusk.store\/sv\/wp-json\/wp\/v2\/media\/28118"}],"wp:attachment":[{"href":"https:\/\/truusk.store\/sv\/wp-json\/wp\/v2\/media?parent=28117"}],"wp:term":[{"taxonomy":"product_brand","embeddable":true,"href":"https:\/\/truusk.store\/sv\/wp-json\/wp\/v2\/product_brand?post=28117"},{"taxonomy":"product_cat","embeddable":true,"href":"https:\/\/truusk.store\/sv\/wp-json\/wp\/v2\/product_cat?post=28117"},{"taxonomy":"product_tag","embeddable":true,"href":"https:\/\/truusk.store\/sv\/wp-json\/wp\/v2\/product_tag?post=28117"}],"curies":[{"name":"wp","href":"https:\/\/api.w.org\/{rel}","templated":true}]}}