{"id":28172,"date":"2024-02-13T19:28:36","date_gmt":"2024-02-13T18:28:36","guid":{"rendered":"https:\/\/truusk.store\/product\/avslappningsstol-med-fotpall-forvaringsutrymme-liggfunktion-massagestol-tv-stol-med-massagefunktion-vilstol-ergonomisk-stol-med-10-vibrationspunkter-konstlader-svart-76-x-81-x-105-cm\/"},"modified":"2026-03-12T09:07:33","modified_gmt":"2026-03-12T08:07:33","slug":"truusk-avslappningsstol-med-fotpall-liggfunktion-massage-forvaringsutrymme-ergonomisk-stol-med-10-vibrationspunkter","status":"publish","type":"product","link":"https:\/\/truusk.store\/sv\/produkt\/truusk-avslappningsstol-med-fotpall-liggfunktion-massage-forvaringsutrymme-ergonomisk-stol-med-10-vibrationspunkter\/","title":{"rendered":"TRUUSK Avslappningsstol med Fotpall &#8211; Liggfunktion &#8211; Massage &#8211; F\u00f6rvaringsutrymme &#8211; Ergonomisk Stol med 10 Vibrationspunkter &#8211;"},"content":{"rendered":"<p>I denna avslappningsstol med fotpall gl\u00f6mmer du snabbt vardagens stress. Tack vare sina tio massagepunkter (justerbara via fj\u00e4rrkontroll) kan du slappna av i hela kroppen. Stolens lutningsvinkel \u00e4r upp till 145. Ryggst\u00f6det, sittdynan, armst\u00f6den och fotpallen \u00e4r vadderade med h\u00f6gdensitetsskum perfekt f\u00f6r en trevlig kv\u00e4ll, oavsett om du tittar p\u00e5 TV, l\u00e4ser en bok eller tar en tupplur. Relaxstolen kan vridas 360 grader.<\/p>\n<h3>Beskrivning:<\/h3>\n<ul>\n<li>Massagestol med fotpall och fj\u00e4rrkontroll<\/li>\n<li>Lutningsvinkel upp till 145 perfekt f\u00f6r att titta p\u00e5 TV, l\u00e4sa, vila<\/li>\n<li>Ryggst\u00f6d, sits och fotpall stoppad med h\u00f6gdensitetsskum<\/li>\n<li>360 vridbar<\/li>\n<li>Kan h\u00e5lla upp till 160 kg kroppsvikt<\/li>\n<li>Enkel konstruktion<\/li>\n<li>Obs: Massagestolen har en mikrol\u00e5sningsfunktion (ryggst\u00f6det kan inte l\u00e5sas helt).<\/li>\n<\/ul>\n<h3>Teknisk data:<\/h3>\n<ul>\n<li>Material: konstl\u00e4der, metall, skum<\/li>\n<li>Svart f\u00e4rg<\/li>\n<li>\u00d6vergripande m\u00e5tt p\u00e5 stolen: B76 x D81 x H105 cm (i sittande), B81 x D112 x H91 cm (i liggande position)<\/li>\n<li>Sitsstorlek: D51,5 x B50 cm<\/li>\n<li>Sitth\u00f6jd: 45 cm<\/li>\n<li>M\u00e5tt p\u00e5 fotpall: B47 x D40 x H43 cm<\/li>\n<li>Insp\u00e4nning: 220240V \/ 50Hz<\/li>\n<li>Vikt: 17,5 kg<\/li>\n<li>Maximal lastkapacitet: 160 kg (massagestol), 20 kg (fotpall)<\/li>\n<\/ul>\n<h3>Leveransens omfattning:<\/h3>\n<ul>\n<li>1 x massagestol<\/li>\n<li>1 x fotpall<\/li>\n<li>1 x Fj\u00e4rrkontroll<\/li>\n<li>1 x Monteringsanvisning<\/li>\n<\/ul>\n","protected":false},"excerpt":{"rendered":"<p>I denna avslappningsstol med fotpall gl\u00f6mmer du snabbt vardagens stress. Tack vare sina tio massagepunkter (justerbara via fj\u00e4rrkontroll) kan du&#8230;<\/p>\n","protected":false},"featured_media":28173,"template":"","meta":[],"product_brand":[],"product_cat":[521,485,522],"product_tag":[],"class_list":{"0":"post-28172","1":"product","2":"type-product","3":"status-publish","4":"has-post-thumbnail","6":"product_cat-fatolj","7":"product_cat-hus-bo","8":"product_cat-massage-stol","10":"first","11":"instock","12":"sale","13":"taxable","14":"shipping-taxable","15":"purchasable","16":"product-type-simple"},"yoast_head":"<!-- This site is optimized with the Yoast SEO plugin v25.4 - https:\/\/yoast.com\/wordpress\/plugins\/seo\/ -->\n<title>TRUUSK Avslappningsstol med Fotpall - Liggfunktion - Massage - F\u00f6rvaringsutrymme - Ergonomisk Stol med 10 Vibrationspunkter - TRUUSK - Hem, Tr\u00e4dg\u00e5rd &amp; Fritid<\/title>\n<meta name=\"robots\" content=\"index, follow, max-snippet:-1, max-image-preview:large, max-video-preview:-1\" \/>\n<link rel=\"canonical\" href=\"https:\/\/truusk.store\/sv\/produkt\/truusk-avslappningsstol-med-fotpall-liggfunktion-massage-forvaringsutrymme-ergonomisk-stol-med-10-vibrationspunkter\/\" \/>\n<meta property=\"og:locale\" content=\"sv_SE\" \/>\n<meta property=\"og:type\" content=\"article\" \/>\n<meta property=\"og:title\" content=\"TRUUSK Avslappningsstol med Fotpall - Liggfunktion - Massage - F\u00f6rvaringsutrymme - Ergonomisk Stol med 10 Vibrationspunkter - TRUUSK - Hem, Tr\u00e4dg\u00e5rd &amp; Fritid\" \/>\n<meta property=\"og:description\" content=\"I denna avslappningsstol med fotpall gl\u00f6mmer du snabbt vardagens stress. Tack vare sina tio massagepunkter (justerbara via fj\u00e4rrkontroll) kan du...\" \/>\n<meta property=\"og:url\" content=\"https:\/\/truusk.store\/sv\/produkt\/truusk-avslappningsstol-med-fotpall-liggfunktion-massage-forvaringsutrymme-ergonomisk-stol-med-10-vibrationspunkter\/\" \/>\n<meta property=\"og:site_name\" content=\"TRUUSK - Hem, Tr\u00e4dg\u00e5rd &amp; Fritid\" \/>\n<meta property=\"article:modified_time\" content=\"2026-03-12T08:07:33+00:00\" \/>\n<meta property=\"og:image\" content=\"https:\/\/i0.wp.com\/truusk.se\/wp-content\/uploads\/2024\/02\/avslappningsstol-med-fotpall-forvaringsutrymme-liggfunktion-massagestol-tv-stol-med-massagefunktion-vilstol-ergonomisk-stol-med-10-vibrationspunkter-konstlader-svart-76-x-81-x-105-cm.webp?fit=800%2C800&ssl=1\" \/>\n\t<meta property=\"og:image:width\" content=\"800\" \/>\n\t<meta property=\"og:image:height\" content=\"800\" \/>\n\t<meta property=\"og:image:type\" content=\"image\/webp\" \/>\n<meta name=\"twitter:card\" content=\"summary_large_image\" \/>\n<meta name=\"twitter:label1\" content=\"Ber\u00e4knad l\u00e4stid\" \/>\n\t<meta name=\"twitter:data1\" content=\"1 minut\" \/>\n<!-- \/ Yoast SEO plugin. -->","yoast_head_json":{"title":"TRUUSK Avslappningsstol med Fotpall - Liggfunktion - Massage - F\u00f6rvaringsutrymme - Ergonomisk Stol med 10 Vibrationspunkter - TRUUSK - Hem, Tr\u00e4dg\u00e5rd &amp; Fritid","robots":{"index":"index","follow":"follow","max-snippet":"max-snippet:-1","max-image-preview":"max-image-preview:large","max-video-preview":"max-video-preview:-1"},"canonical":"https:\/\/truusk.store\/sv\/produkt\/truusk-avslappningsstol-med-fotpall-liggfunktion-massage-forvaringsutrymme-ergonomisk-stol-med-10-vibrationspunkter\/","og_locale":"sv_SE","og_type":"article","og_title":"TRUUSK Avslappningsstol med Fotpall - Liggfunktion - Massage - F\u00f6rvaringsutrymme - Ergonomisk Stol med 10 Vibrationspunkter - TRUUSK - Hem, Tr\u00e4dg\u00e5rd &amp; Fritid","og_description":"I denna avslappningsstol med fotpall gl\u00f6mmer du snabbt vardagens stress. Tack vare sina tio massagepunkter (justerbara via fj\u00e4rrkontroll) kan du...","og_url":"https:\/\/truusk.store\/sv\/produkt\/truusk-avslappningsstol-med-fotpall-liggfunktion-massage-forvaringsutrymme-ergonomisk-stol-med-10-vibrationspunkter\/","og_site_name":"TRUUSK - Hem, Tr\u00e4dg\u00e5rd &amp; Fritid","article_modified_time":"2026-03-12T08:07:33+00:00","og_image":[{"width":800,"height":800,"url":"https:\/\/i0.wp.com\/truusk.se\/wp-content\/uploads\/2024\/02\/avslappningsstol-med-fotpall-forvaringsutrymme-liggfunktion-massagestol-tv-stol-med-massagefunktion-vilstol-ergonomisk-stol-med-10-vibrationspunkter-konstlader-svart-76-x-81-x-105-cm.webp?fit=800%2C800&ssl=1","type":"image\/webp"}],"twitter_card":"summary_large_image","twitter_misc":{"Ber\u00e4knad l\u00e4stid":"1 minut"},"schema":{"@context":"https:\/\/schema.org","@graph":[{"@type":"WebPage","@id":"https:\/\/truusk.store\/sv\/produkt\/truusk-avslappningsstol-med-fotpall-liggfunktion-massage-forvaringsutrymme-ergonomisk-stol-med-10-vibrationspunkter\/","url":"https:\/\/truusk.store\/sv\/produkt\/truusk-avslappningsstol-med-fotpall-liggfunktion-massage-forvaringsutrymme-ergonomisk-stol-med-10-vibrationspunkter\/","name":"TRUUSK Avslappningsstol med Fotpall - Liggfunktion - Massage - F\u00f6rvaringsutrymme - Ergonomisk Stol med 10 Vibrationspunkter - TRUUSK - Hem, Tr\u00e4dg\u00e5rd &amp; Fritid","isPartOf":{"@id":"https:\/\/truusk.store\/sv\/#website"},"primaryImageOfPage":{"@id":"https:\/\/truusk.store\/sv\/produkt\/truusk-avslappningsstol-med-fotpall-liggfunktion-massage-forvaringsutrymme-ergonomisk-stol-med-10-vibrationspunkter\/#primaryimage"},"image":{"@id":"https:\/\/truusk.store\/sv\/produkt\/truusk-avslappningsstol-med-fotpall-liggfunktion-massage-forvaringsutrymme-ergonomisk-stol-med-10-vibrationspunkter\/#primaryimage"},"thumbnailUrl":"https:\/\/i0.wp.com\/truusk.store\/wp-content\/uploads\/2024\/02\/avslappningsstol-med-fotpall-forvaringsutrymme-liggfunktion-massagestol-tv-stol-med-massagefunktion-vilstol-ergonomisk-stol-med-10-vibrationspunkter-konstlader-svart-76-x-81-x-105-cm.webp?fit=800%2C800&ssl=1","datePublished":"2024-02-13T18:28:36+00:00","dateModified":"2026-03-12T08:07:33+00:00","breadcrumb":{"@id":"https:\/\/truusk.store\/sv\/produkt\/truusk-avslappningsstol-med-fotpall-liggfunktion-massage-forvaringsutrymme-ergonomisk-stol-med-10-vibrationspunkter\/#breadcrumb"},"inLanguage":"sv-SE","potentialAction":[{"@type":"ReadAction","target":["https:\/\/truusk.store\/sv\/produkt\/truusk-avslappningsstol-med-fotpall-liggfunktion-massage-forvaringsutrymme-ergonomisk-stol-med-10-vibrationspunkter\/"]}]},{"@type":"ImageObject","inLanguage":"sv-SE","@id":"https:\/\/truusk.store\/sv\/produkt\/truusk-avslappningsstol-med-fotpall-liggfunktion-massage-forvaringsutrymme-ergonomisk-stol-med-10-vibrationspunkter\/#primaryimage","url":"https:\/\/i0.wp.com\/truusk.store\/wp-content\/uploads\/2024\/02\/avslappningsstol-med-fotpall-forvaringsutrymme-liggfunktion-massagestol-tv-stol-med-massagefunktion-vilstol-ergonomisk-stol-med-10-vibrationspunkter-konstlader-svart-76-x-81-x-105-cm.webp?fit=800%2C800&ssl=1","contentUrl":"https:\/\/i0.wp.com\/truusk.store\/wp-content\/uploads\/2024\/02\/avslappningsstol-med-fotpall-forvaringsutrymme-liggfunktion-massagestol-tv-stol-med-massagefunktion-vilstol-ergonomisk-stol-med-10-vibrationspunkter-konstlader-svart-76-x-81-x-105-cm.webp?fit=800%2C800&ssl=1","width":800,"height":800,"caption":"Avslappningsstol Med Fotpall, F\u00f6rvaringsutrymme, Liggfunktion, Massagestol, TV-stol Med Massagefunktion, Vilstol, Ergonomisk Stol Med 10 Vibrationspunkter, Konstl\u00e4der, Svart, 76 X 81 X 105 Cm 1"},{"@type":"BreadcrumbList","@id":"https:\/\/truusk.store\/sv\/produkt\/truusk-avslappningsstol-med-fotpall-liggfunktion-massage-forvaringsutrymme-ergonomisk-stol-med-10-vibrationspunkter\/#breadcrumb","itemListElement":[{"@type":"ListItem","position":1,"name":"Home","item":"https:\/\/truusk.store\/sv\/"},{"@type":"ListItem","position":2,"name":"Shop","item":"https:\/\/truusk.store\/shop\/"},{"@type":"ListItem","position":3,"name":"TRUUSK Avslappningsstol med Fotpall &#8211; Liggfunktion &#8211; Massage &#8211; F\u00f6rvaringsutrymme &#8211; Ergonomisk Stol med 10 Vibrationspunkter &#8211;"}]},{"@type":"WebSite","@id":"https:\/\/truusk.store\/sv\/#website","url":"https:\/\/truusk.store\/sv\/","name":"TRUUSK - Hem, Tr\u00e4dg\u00e5rd & Fritid","description":"","publisher":{"@id":"https:\/\/truusk.store\/sv\/#organization"},"potentialAction":[{"@type":"SearchAction","target":{"@type":"EntryPoint","urlTemplate":"https:\/\/truusk.store\/sv\/?s={search_term_string}"},"query-input":{"@type":"PropertyValueSpecification","valueRequired":true,"valueName":"search_term_string"}}],"inLanguage":"sv-SE"},{"@type":"Organization","@id":"https:\/\/truusk.store\/sv\/#organization","name":"TRUUSK - Hem, Tr\u00e4dg\u00e5rd & Fritid","url":"https:\/\/truusk.store\/sv\/","logo":{"@type":"ImageObject","inLanguage":"sv-SE","@id":"https:\/\/truusk.store\/sv\/#\/schema\/logo\/image\/","url":"https:\/\/i0.wp.com\/truusk.store\/wp-content\/uploads\/2026\/03\/cropped-TRUUSK.png?fit=2032%2C917&ssl=1","contentUrl":"https:\/\/i0.wp.com\/truusk.store\/wp-content\/uploads\/2026\/03\/cropped-TRUUSK.png?fit=2032%2C917&ssl=1","width":2032,"height":917,"caption":"TRUUSK - Hem, Tr\u00e4dg\u00e5rd & Fritid"},"image":{"@id":"https:\/\/truusk.store\/sv\/#\/schema\/logo\/image\/"}}]}},"jetpack_sharing_enabled":true,"_links":{"self":[{"href":"https:\/\/truusk.store\/sv\/wp-json\/wp\/v2\/product\/28172","targetHints":{"allow":["GET"]}}],"collection":[{"href":"https:\/\/truusk.store\/sv\/wp-json\/wp\/v2\/product"}],"about":[{"href":"https:\/\/truusk.store\/sv\/wp-json\/wp\/v2\/types\/product"}],"wp:featuredmedia":[{"embeddable":true,"href":"https:\/\/truusk.store\/sv\/wp-json\/wp\/v2\/media\/28173"}],"wp:attachment":[{"href":"https:\/\/truusk.store\/sv\/wp-json\/wp\/v2\/media?parent=28172"}],"wp:term":[{"taxonomy":"product_brand","embeddable":true,"href":"https:\/\/truusk.store\/sv\/wp-json\/wp\/v2\/product_brand?post=28172"},{"taxonomy":"product_cat","embeddable":true,"href":"https:\/\/truusk.store\/sv\/wp-json\/wp\/v2\/product_cat?post=28172"},{"taxonomy":"product_tag","embeddable":true,"href":"https:\/\/truusk.store\/sv\/wp-json\/wp\/v2\/product_tag?post=28172"}],"curies":[{"name":"wp","href":"https:\/\/api.w.org\/{rel}","templated":true}]}}