{"id":28181,"date":"2024-02-13T19:28:55","date_gmt":"2024-02-13T18:28:55","guid":{"rendered":"https:\/\/truusk.store\/product\/massagestol-med-pall-roterande-avslappningsstol-med-massagefunktion-elektrisk-tv-stol-med-liggfunktion-fjarrkontroll-for-vardagsrum-konstlader-kram\/"},"modified":"2026-03-12T09:07:33","modified_gmt":"2026-03-12T08:07:33","slug":"truusk-massagestol-med-pall-roterande-avslappningsfunktion-elektrisk-tv-stol-fjarrkontroll-konstlader-kram","status":"publish","type":"product","link":"https:\/\/truusk.store\/sv\/produkt\/truusk-massagestol-med-pall-roterande-avslappningsfunktion-elektrisk-tv-stol-fjarrkontroll-konstlader-kram\/","title":{"rendered":"TRUUSK Massagestol med pall &#8211; Roterande avslappningsfunktion &#8211; Elektrisk TV-stol &#8211; Fj\u00e4rrkontroll &#8211; Konstl\u00e4der &#8211; Kr\u00e4m"},"content":{"rendered":"<p>V\u00e5r praktiska avslappningsstol med pall bevisar att det inte beh\u00f6ver kosta en f\u00f6rm\u00f6genhet att komma in i massagev\u00e4rlden. Efter en anstr\u00e4ngande dag p\u00e5 jobbet f\u00f6rtj\u00e4nar du mer \u00e4n v\u00e4l lite avkoppling. L\u00e5t dig sk\u00e4mmas bort av den lugnande vibrationsmassagen och de olika massagel\u00e4gena. Tack vare fj\u00e4rrkontrollen kan din massagestol man\u00f6vreras bekv\u00e4mt.<\/p>\n<h3>Beskrivning:<\/h3>\n<ul>\n<li>Avslappning f\u00f6r rygg, axlar, nacke, rumpa, l\u00e5r och underbensmuskler<\/li>\n<li>10 vibrationsl\u00e4gen f\u00f6r TV-stolen att v\u00e4lja mellan<\/li>\n<li>Fodral av slitstarkt, l\u00e4ttsk\u00f6tt konstl\u00e4der<\/li>\n<li>Vridbar massagestol och pall<\/li>\n<li>Inkl sidficka f\u00f6r fj\u00e4rrkontroll<\/li>\n<li>Inkluderar fj\u00e4rrkontroll f\u00f6r enkel anv\u00e4ndning<\/li>\n<li>L\u00e4tt att st\u00e4da<\/li>\n<li>Obs: Massagestolen har en mikrol\u00e5sningsfunktion (ryggst\u00f6det kan inte l\u00e5sas helt)<\/li>\n<\/ul>\n<h3>Teknisk data:<\/h3>\n<ul>\n<li>Material: konstl\u00e4der, skum, st\u00e5l<\/li>\n<li>F\u00e4rg: Kr\u00e4m<\/li>\n<li>\u00d6vergripande m\u00e5tt: B77 x D84 x H95 cm (st\u00e5ende), B76 x D105 x H90 cm (liggl\u00e4ge)<\/li>\n<li>Sittyta: B50 x D52 cm<\/li>\n<li>Sitth\u00f6jd: 45 cm<\/li>\n<li>Ryggst\u00f6dets m\u00e5tt: B52 x H72 cm<\/li>\n<li>M\u00e5tt pall: L43 x B43 x H41 cm<\/li>\n<li>Ing\u00e5ng: 100-240V\/50\/60Hz<\/li>\n<li>Utsp\u00e4nning DC: 12 V\/1,2 A<\/li>\n<li>Max lutningsvinkel: 145<\/li>\n<li>Basdiameter: 55 cm (f\u00e5t\u00f6lj), 40 cm (pall)<\/li>\n<li>Max belastning: 120 kg<\/li>\n<\/ul>\n<h3>Leveransens omfattning:<\/h3>\n<ul>\n<li>1 x massagestol<\/li>\n<li>1 x pall<\/li>\n<li>1 x Monteringsanvisning<\/li>\n<\/ul>\n","protected":false},"excerpt":{"rendered":"<p>V\u00e5r praktiska avslappningsstol med pall bevisar att det inte beh\u00f6ver kosta en f\u00f6rm\u00f6genhet att komma in i massagev\u00e4rlden. Efter en&#8230;<\/p>\n","protected":false},"featured_media":28182,"template":"","meta":[],"product_brand":[],"product_cat":[521,485,524],"product_tag":[],"class_list":{"0":"post-28181","1":"product","2":"type-product","3":"status-publish","4":"has-post-thumbnail","6":"product_cat-fatolj","7":"product_cat-hus-bo","8":"product_cat-relaxstol-med-pall","10":"first","11":"instock","12":"sale","13":"taxable","14":"shipping-taxable","15":"purchasable","16":"product-type-simple"},"yoast_head":"<!-- This site is optimized with the Yoast SEO plugin v25.4 - https:\/\/yoast.com\/wordpress\/plugins\/seo\/ -->\n<title>TRUUSK Massagestol med pall - Roterande avslappningsfunktion - Elektrisk TV-stol - Fj\u00e4rrkontroll - Konstl\u00e4der - Kr\u00e4m - TRUUSK - Hem, Tr\u00e4dg\u00e5rd &amp; Fritid<\/title>\n<meta name=\"robots\" content=\"index, follow, max-snippet:-1, max-image-preview:large, max-video-preview:-1\" \/>\n<link rel=\"canonical\" href=\"https:\/\/truusk.store\/sv\/produkt\/truusk-massagestol-med-pall-roterande-avslappningsfunktion-elektrisk-tv-stol-fjarrkontroll-konstlader-kram\/\" \/>\n<meta property=\"og:locale\" content=\"sv_SE\" \/>\n<meta property=\"og:type\" content=\"article\" \/>\n<meta property=\"og:title\" content=\"TRUUSK Massagestol med pall - Roterande avslappningsfunktion - Elektrisk TV-stol - Fj\u00e4rrkontroll - Konstl\u00e4der - Kr\u00e4m - TRUUSK - Hem, Tr\u00e4dg\u00e5rd &amp; Fritid\" \/>\n<meta property=\"og:description\" content=\"V\u00e5r praktiska avslappningsstol med pall bevisar att det inte beh\u00f6ver kosta en f\u00f6rm\u00f6genhet att komma in i massagev\u00e4rlden. Efter en...\" \/>\n<meta property=\"og:url\" content=\"https:\/\/truusk.store\/sv\/produkt\/truusk-massagestol-med-pall-roterande-avslappningsfunktion-elektrisk-tv-stol-fjarrkontroll-konstlader-kram\/\" \/>\n<meta property=\"og:site_name\" content=\"TRUUSK - Hem, Tr\u00e4dg\u00e5rd &amp; Fritid\" \/>\n<meta property=\"article:modified_time\" content=\"2026-03-12T08:07:33+00:00\" \/>\n<meta property=\"og:image\" content=\"https:\/\/i0.wp.com\/truusk.se\/wp-content\/uploads\/2024\/02\/massagestol-med-pall-roterande-avslappningsstol-med-massagefunktion-elektrisk-tv-stol-med-liggfunktion-fjarrkontroll-for-vardagsrum-konstlader-kram.webp?fit=800%2C800&ssl=1\" \/>\n\t<meta property=\"og:image:width\" content=\"800\" \/>\n\t<meta property=\"og:image:height\" content=\"800\" \/>\n\t<meta property=\"og:image:type\" content=\"image\/webp\" \/>\n<meta name=\"twitter:card\" content=\"summary_large_image\" \/>\n<meta name=\"twitter:label1\" content=\"Ber\u00e4knad l\u00e4stid\" \/>\n\t<meta name=\"twitter:data1\" content=\"1 minut\" \/>\n<!-- \/ Yoast SEO plugin. -->","yoast_head_json":{"title":"TRUUSK Massagestol med pall - Roterande avslappningsfunktion - Elektrisk TV-stol - Fj\u00e4rrkontroll - Konstl\u00e4der - Kr\u00e4m - TRUUSK - Hem, Tr\u00e4dg\u00e5rd &amp; Fritid","robots":{"index":"index","follow":"follow","max-snippet":"max-snippet:-1","max-image-preview":"max-image-preview:large","max-video-preview":"max-video-preview:-1"},"canonical":"https:\/\/truusk.store\/sv\/produkt\/truusk-massagestol-med-pall-roterande-avslappningsfunktion-elektrisk-tv-stol-fjarrkontroll-konstlader-kram\/","og_locale":"sv_SE","og_type":"article","og_title":"TRUUSK Massagestol med pall - Roterande avslappningsfunktion - Elektrisk TV-stol - Fj\u00e4rrkontroll - Konstl\u00e4der - Kr\u00e4m - TRUUSK - Hem, Tr\u00e4dg\u00e5rd &amp; Fritid","og_description":"V\u00e5r praktiska avslappningsstol med pall bevisar att det inte beh\u00f6ver kosta en f\u00f6rm\u00f6genhet att komma in i massagev\u00e4rlden. Efter en...","og_url":"https:\/\/truusk.store\/sv\/produkt\/truusk-massagestol-med-pall-roterande-avslappningsfunktion-elektrisk-tv-stol-fjarrkontroll-konstlader-kram\/","og_site_name":"TRUUSK - Hem, Tr\u00e4dg\u00e5rd &amp; Fritid","article_modified_time":"2026-03-12T08:07:33+00:00","og_image":[{"width":800,"height":800,"url":"https:\/\/i0.wp.com\/truusk.se\/wp-content\/uploads\/2024\/02\/massagestol-med-pall-roterande-avslappningsstol-med-massagefunktion-elektrisk-tv-stol-med-liggfunktion-fjarrkontroll-for-vardagsrum-konstlader-kram.webp?fit=800%2C800&ssl=1","type":"image\/webp"}],"twitter_card":"summary_large_image","twitter_misc":{"Ber\u00e4knad l\u00e4stid":"1 minut"},"schema":{"@context":"https:\/\/schema.org","@graph":[{"@type":"WebPage","@id":"https:\/\/truusk.store\/sv\/produkt\/truusk-massagestol-med-pall-roterande-avslappningsfunktion-elektrisk-tv-stol-fjarrkontroll-konstlader-kram\/","url":"https:\/\/truusk.store\/sv\/produkt\/truusk-massagestol-med-pall-roterande-avslappningsfunktion-elektrisk-tv-stol-fjarrkontroll-konstlader-kram\/","name":"TRUUSK Massagestol med pall - Roterande avslappningsfunktion - Elektrisk TV-stol - Fj\u00e4rrkontroll - Konstl\u00e4der - Kr\u00e4m - TRUUSK - Hem, Tr\u00e4dg\u00e5rd &amp; Fritid","isPartOf":{"@id":"https:\/\/truusk.store\/sv\/#website"},"primaryImageOfPage":{"@id":"https:\/\/truusk.store\/sv\/produkt\/truusk-massagestol-med-pall-roterande-avslappningsfunktion-elektrisk-tv-stol-fjarrkontroll-konstlader-kram\/#primaryimage"},"image":{"@id":"https:\/\/truusk.store\/sv\/produkt\/truusk-massagestol-med-pall-roterande-avslappningsfunktion-elektrisk-tv-stol-fjarrkontroll-konstlader-kram\/#primaryimage"},"thumbnailUrl":"https:\/\/i0.wp.com\/truusk.store\/wp-content\/uploads\/2024\/02\/massagestol-med-pall-roterande-avslappningsstol-med-massagefunktion-elektrisk-tv-stol-med-liggfunktion-fjarrkontroll-for-vardagsrum-konstlader-kram.webp?fit=800%2C800&ssl=1","datePublished":"2024-02-13T18:28:55+00:00","dateModified":"2026-03-12T08:07:33+00:00","breadcrumb":{"@id":"https:\/\/truusk.store\/sv\/produkt\/truusk-massagestol-med-pall-roterande-avslappningsfunktion-elektrisk-tv-stol-fjarrkontroll-konstlader-kram\/#breadcrumb"},"inLanguage":"sv-SE","potentialAction":[{"@type":"ReadAction","target":["https:\/\/truusk.store\/sv\/produkt\/truusk-massagestol-med-pall-roterande-avslappningsfunktion-elektrisk-tv-stol-fjarrkontroll-konstlader-kram\/"]}]},{"@type":"ImageObject","inLanguage":"sv-SE","@id":"https:\/\/truusk.store\/sv\/produkt\/truusk-massagestol-med-pall-roterande-avslappningsfunktion-elektrisk-tv-stol-fjarrkontroll-konstlader-kram\/#primaryimage","url":"https:\/\/i0.wp.com\/truusk.store\/wp-content\/uploads\/2024\/02\/massagestol-med-pall-roterande-avslappningsstol-med-massagefunktion-elektrisk-tv-stol-med-liggfunktion-fjarrkontroll-for-vardagsrum-konstlader-kram.webp?fit=800%2C800&ssl=1","contentUrl":"https:\/\/i0.wp.com\/truusk.store\/wp-content\/uploads\/2024\/02\/massagestol-med-pall-roterande-avslappningsstol-med-massagefunktion-elektrisk-tv-stol-med-liggfunktion-fjarrkontroll-for-vardagsrum-konstlader-kram.webp?fit=800%2C800&ssl=1","width":800,"height":800,"caption":"Massagestol Med Pall, Roterande Avslappningsstol Med Massagefunktion, Elektrisk TV-stol Med Liggfunktion, Fj\u00e4rrkontroll F\u00f6r Vardagsrum, Konstl\u00e4der, Kr\u00e4m 1"},{"@type":"BreadcrumbList","@id":"https:\/\/truusk.store\/sv\/produkt\/truusk-massagestol-med-pall-roterande-avslappningsfunktion-elektrisk-tv-stol-fjarrkontroll-konstlader-kram\/#breadcrumb","itemListElement":[{"@type":"ListItem","position":1,"name":"Home","item":"https:\/\/truusk.store\/sv\/"},{"@type":"ListItem","position":2,"name":"Shop","item":"https:\/\/truusk.store\/shop\/"},{"@type":"ListItem","position":3,"name":"TRUUSK Massagestol med pall &#8211; Roterande avslappningsfunktion &#8211; Elektrisk TV-stol &#8211; Fj\u00e4rrkontroll &#8211; Konstl\u00e4der &#8211; Kr\u00e4m"}]},{"@type":"WebSite","@id":"https:\/\/truusk.store\/sv\/#website","url":"https:\/\/truusk.store\/sv\/","name":"TRUUSK - Hem, Tr\u00e4dg\u00e5rd & Fritid","description":"","publisher":{"@id":"https:\/\/truusk.store\/sv\/#organization"},"potentialAction":[{"@type":"SearchAction","target":{"@type":"EntryPoint","urlTemplate":"https:\/\/truusk.store\/sv\/?s={search_term_string}"},"query-input":{"@type":"PropertyValueSpecification","valueRequired":true,"valueName":"search_term_string"}}],"inLanguage":"sv-SE"},{"@type":"Organization","@id":"https:\/\/truusk.store\/sv\/#organization","name":"TRUUSK - Hem, Tr\u00e4dg\u00e5rd & Fritid","url":"https:\/\/truusk.store\/sv\/","logo":{"@type":"ImageObject","inLanguage":"sv-SE","@id":"https:\/\/truusk.store\/sv\/#\/schema\/logo\/image\/","url":"https:\/\/i0.wp.com\/truusk.store\/wp-content\/uploads\/2026\/03\/cropped-TRUUSK.png?fit=2032%2C917&ssl=1","contentUrl":"https:\/\/i0.wp.com\/truusk.store\/wp-content\/uploads\/2026\/03\/cropped-TRUUSK.png?fit=2032%2C917&ssl=1","width":2032,"height":917,"caption":"TRUUSK - Hem, Tr\u00e4dg\u00e5rd & Fritid"},"image":{"@id":"https:\/\/truusk.store\/sv\/#\/schema\/logo\/image\/"}}]}},"jetpack_sharing_enabled":true,"_links":{"self":[{"href":"https:\/\/truusk.store\/sv\/wp-json\/wp\/v2\/product\/28181","targetHints":{"allow":["GET"]}}],"collection":[{"href":"https:\/\/truusk.store\/sv\/wp-json\/wp\/v2\/product"}],"about":[{"href":"https:\/\/truusk.store\/sv\/wp-json\/wp\/v2\/types\/product"}],"wp:featuredmedia":[{"embeddable":true,"href":"https:\/\/truusk.store\/sv\/wp-json\/wp\/v2\/media\/28182"}],"wp:attachment":[{"href":"https:\/\/truusk.store\/sv\/wp-json\/wp\/v2\/media?parent=28181"}],"wp:term":[{"taxonomy":"product_brand","embeddable":true,"href":"https:\/\/truusk.store\/sv\/wp-json\/wp\/v2\/product_brand?post=28181"},{"taxonomy":"product_cat","embeddable":true,"href":"https:\/\/truusk.store\/sv\/wp-json\/wp\/v2\/product_cat?post=28181"},{"taxonomy":"product_tag","embeddable":true,"href":"https:\/\/truusk.store\/sv\/wp-json\/wp\/v2\/product_tag?post=28181"}],"curies":[{"name":"wp","href":"https:\/\/api.w.org\/{rel}","templated":true}]}}