{"id":28211,"date":"2024-02-13T19:29:54","date_gmt":"2024-02-13T18:29:54","guid":{"rendered":"https:\/\/truusk.store\/product\/2-i-1-gunghast-med-hjul-plysch-gungdjur-baby-gungleksak-gul-63-x-38-x-63-cm\/"},"modified":"2026-03-12T09:07:34","modified_gmt":"2026-03-12T08:07:34","slug":"truusk-2-i-1-gunghast-med-hjul-plysch-gungdjur-baby-gungleksak-gul-63-x-38-x-63-cm","status":"publish","type":"product","link":"https:\/\/truusk.store\/sv\/produkt\/truusk-2-i-1-gunghast-med-hjul-plysch-gungdjur-baby-gungleksak-gul-63-x-38-x-63-cm\/","title":{"rendered":"TRUUSK 2-i-1 Gungh\u00e4st med Hjul &#8211; Plysch Gungdjur &#8211; Baby Gungleksak &#8211; Gul &#8211; 63 x 38 x 63 cm"},"content":{"rendered":"<p>Denna s\u00f6ta gungleksak erbjuder dina barn mycket n\u00f6je. Den unika mjuka och bekv\u00e4ma sitsen erbjuder mycket komfort. Gungdjur kan hj\u00e4lpa barn att f\u00f6rb\u00e4ttra sin r\u00f6rlighet, uppmuntra till sj\u00e4lvst\u00e4ndig lek, st\u00e4rka k\u00e4rn- och armmusklerna och f\u00f6rb\u00e4ttra deras balanssinne. Denna gungleksak kommer med simulerade djurl\u00e4ten som en specialfunktion.<\/p>\n<h3>Beskrivning:<\/h3>\n<ul>\n<li>Traditionell gungleksak med rolig giraffdesign<\/li>\n<li>St\u00e4rker k\u00e4rnmusklerna och armarna under r\u00f6relse, hj\u00e4lper ocks\u00e5 till att f\u00f6rb\u00e4ttra balansen<\/li>\n<li>Tr\u00e4golvet har tv\u00e5 b\u00f6jda skenor som g\u00f6r att leksaken kan gunga fram\u00e5t och bak\u00e5t<\/li>\n<li>Med hjul f\u00f6r barn att inte bara sv\u00e4nga utan ocks\u00e5 uppleva det roliga med att \u00e5ka<\/li>\n<li>Tryck p\u00e5 \u00f6rat f\u00f6r realistiska djurl\u00e4ten<\/li>\n<li>Mjuk, smidig plyschkropp med bekv\u00e4m vadderad sits f\u00f6r l\u00e5nga resor<\/li>\n<li>Rekommenderas f\u00f6r \u00e5ldrarna 36-72 m\u00e5nader<\/li>\n<li>Montering kr\u00e4vs<\/li>\n<\/ul>\n<h3>Teknisk data:<\/h3>\n<ul>\n<li>F\u00e4rg gul<\/li>\n<li>Material: plysch, poppeltr\u00e4, metall, PP<\/li>\n<li>Totala m\u00e5tt: 63L x 38W x 63H cm<\/li>\n<li>Sitth\u00f6jd: 35 cm<\/li>\n<li>Lastkapacitet: 45 kg<\/li>\n<li>Rekommenderas f\u00f6r \u00e5ldrarna 36-72 m\u00e5nader<\/li>\n<li>Tillbeh\u00f6r: 3 x LR44-batterier<\/li>\n<\/ul>\n<h3>Leveransens omfattning:<\/h3>\n<ul>\n<li>1 x gungh\u00e4st<\/li>\n<li>3 x LR44 batterier<\/li>\n<li>1 x Instruktioner<\/li>\n<\/ul>\n","protected":false},"excerpt":{"rendered":"<p>Denna s\u00f6ta gungleksak erbjuder dina barn mycket n\u00f6je. Den unika mjuka och bekv\u00e4ma sitsen erbjuder mycket komfort. Gungdjur kan hj\u00e4lpa&#8230;<\/p>\n","protected":false},"featured_media":28212,"template":"","meta":[],"product_brand":[],"product_cat":[609,625,624],"product_tag":[],"class_list":{"0":"post-28211","1":"product","2":"type-product","3":"status-publish","4":"has-post-thumbnail","6":"product_cat-baby-barn","7":"product_cat-gungande-djur","8":"product_cat-leksak","10":"first","11":"instock","12":"sale","13":"taxable","14":"shipping-taxable","15":"purchasable","16":"product-type-simple"},"yoast_head":"<!-- This site is optimized with the Yoast SEO plugin v25.4 - https:\/\/yoast.com\/wordpress\/plugins\/seo\/ -->\n<title>TRUUSK 2-i-1 Gungh\u00e4st med Hjul - Plysch Gungdjur - Baby Gungleksak - Gul - 63 x 38 x 63 cm - TRUUSK - Hem, Tr\u00e4dg\u00e5rd &amp; Fritid<\/title>\n<meta name=\"robots\" content=\"index, follow, max-snippet:-1, max-image-preview:large, max-video-preview:-1\" \/>\n<link rel=\"canonical\" href=\"https:\/\/truusk.store\/sv\/produkt\/truusk-2-i-1-gunghast-med-hjul-plysch-gungdjur-baby-gungleksak-gul-63-x-38-x-63-cm\/\" \/>\n<meta property=\"og:locale\" content=\"sv_SE\" \/>\n<meta property=\"og:type\" content=\"article\" \/>\n<meta property=\"og:title\" content=\"TRUUSK 2-i-1 Gungh\u00e4st med Hjul - Plysch Gungdjur - Baby Gungleksak - Gul - 63 x 38 x 63 cm - TRUUSK - Hem, Tr\u00e4dg\u00e5rd &amp; Fritid\" \/>\n<meta property=\"og:description\" content=\"Denna s\u00f6ta gungleksak erbjuder dina barn mycket n\u00f6je. Den unika mjuka och bekv\u00e4ma sitsen erbjuder mycket komfort. Gungdjur kan hj\u00e4lpa...\" \/>\n<meta property=\"og:url\" content=\"https:\/\/truusk.store\/sv\/produkt\/truusk-2-i-1-gunghast-med-hjul-plysch-gungdjur-baby-gungleksak-gul-63-x-38-x-63-cm\/\" \/>\n<meta property=\"og:site_name\" content=\"TRUUSK - Hem, Tr\u00e4dg\u00e5rd &amp; Fritid\" \/>\n<meta property=\"article:modified_time\" content=\"2026-03-12T08:07:34+00:00\" \/>\n<meta property=\"og:image\" content=\"https:\/\/i0.wp.com\/truusk.se\/wp-content\/uploads\/2024\/02\/2-i-1-gunghast-med-hjul-plysch-gungdjur-baby-gungleksak-gul-63-x-38-x-63-cm.webp?fit=800%2C800&ssl=1\" \/>\n\t<meta property=\"og:image:width\" content=\"800\" \/>\n\t<meta property=\"og:image:height\" content=\"800\" \/>\n\t<meta property=\"og:image:type\" content=\"image\/webp\" \/>\n<meta name=\"twitter:card\" content=\"summary_large_image\" \/>\n<meta name=\"twitter:label1\" content=\"Ber\u00e4knad l\u00e4stid\" \/>\n\t<meta name=\"twitter:data1\" content=\"1 minut\" \/>\n<!-- \/ Yoast SEO plugin. -->","yoast_head_json":{"title":"TRUUSK 2-i-1 Gungh\u00e4st med Hjul - Plysch Gungdjur - Baby Gungleksak - Gul - 63 x 38 x 63 cm - TRUUSK - Hem, Tr\u00e4dg\u00e5rd &amp; Fritid","robots":{"index":"index","follow":"follow","max-snippet":"max-snippet:-1","max-image-preview":"max-image-preview:large","max-video-preview":"max-video-preview:-1"},"canonical":"https:\/\/truusk.store\/sv\/produkt\/truusk-2-i-1-gunghast-med-hjul-plysch-gungdjur-baby-gungleksak-gul-63-x-38-x-63-cm\/","og_locale":"sv_SE","og_type":"article","og_title":"TRUUSK 2-i-1 Gungh\u00e4st med Hjul - Plysch Gungdjur - Baby Gungleksak - Gul - 63 x 38 x 63 cm - TRUUSK - Hem, Tr\u00e4dg\u00e5rd &amp; Fritid","og_description":"Denna s\u00f6ta gungleksak erbjuder dina barn mycket n\u00f6je. Den unika mjuka och bekv\u00e4ma sitsen erbjuder mycket komfort. Gungdjur kan hj\u00e4lpa...","og_url":"https:\/\/truusk.store\/sv\/produkt\/truusk-2-i-1-gunghast-med-hjul-plysch-gungdjur-baby-gungleksak-gul-63-x-38-x-63-cm\/","og_site_name":"TRUUSK - Hem, Tr\u00e4dg\u00e5rd &amp; Fritid","article_modified_time":"2026-03-12T08:07:34+00:00","og_image":[{"width":800,"height":800,"url":"https:\/\/i0.wp.com\/truusk.se\/wp-content\/uploads\/2024\/02\/2-i-1-gunghast-med-hjul-plysch-gungdjur-baby-gungleksak-gul-63-x-38-x-63-cm.webp?fit=800%2C800&ssl=1","type":"image\/webp"}],"twitter_card":"summary_large_image","twitter_misc":{"Ber\u00e4knad l\u00e4stid":"1 minut"},"schema":{"@context":"https:\/\/schema.org","@graph":[{"@type":"WebPage","@id":"https:\/\/truusk.store\/sv\/produkt\/truusk-2-i-1-gunghast-med-hjul-plysch-gungdjur-baby-gungleksak-gul-63-x-38-x-63-cm\/","url":"https:\/\/truusk.store\/sv\/produkt\/truusk-2-i-1-gunghast-med-hjul-plysch-gungdjur-baby-gungleksak-gul-63-x-38-x-63-cm\/","name":"TRUUSK 2-i-1 Gungh\u00e4st med Hjul - Plysch Gungdjur - Baby Gungleksak - Gul - 63 x 38 x 63 cm - TRUUSK - Hem, Tr\u00e4dg\u00e5rd &amp; Fritid","isPartOf":{"@id":"https:\/\/truusk.store\/sv\/#website"},"primaryImageOfPage":{"@id":"https:\/\/truusk.store\/sv\/produkt\/truusk-2-i-1-gunghast-med-hjul-plysch-gungdjur-baby-gungleksak-gul-63-x-38-x-63-cm\/#primaryimage"},"image":{"@id":"https:\/\/truusk.store\/sv\/produkt\/truusk-2-i-1-gunghast-med-hjul-plysch-gungdjur-baby-gungleksak-gul-63-x-38-x-63-cm\/#primaryimage"},"thumbnailUrl":"https:\/\/i0.wp.com\/truusk.store\/wp-content\/uploads\/2024\/02\/2-i-1-gunghast-med-hjul-plysch-gungdjur-baby-gungleksak-gul-63-x-38-x-63-cm.webp?fit=800%2C800&ssl=1","datePublished":"2024-02-13T18:29:54+00:00","dateModified":"2026-03-12T08:07:34+00:00","breadcrumb":{"@id":"https:\/\/truusk.store\/sv\/produkt\/truusk-2-i-1-gunghast-med-hjul-plysch-gungdjur-baby-gungleksak-gul-63-x-38-x-63-cm\/#breadcrumb"},"inLanguage":"sv-SE","potentialAction":[{"@type":"ReadAction","target":["https:\/\/truusk.store\/sv\/produkt\/truusk-2-i-1-gunghast-med-hjul-plysch-gungdjur-baby-gungleksak-gul-63-x-38-x-63-cm\/"]}]},{"@type":"ImageObject","inLanguage":"sv-SE","@id":"https:\/\/truusk.store\/sv\/produkt\/truusk-2-i-1-gunghast-med-hjul-plysch-gungdjur-baby-gungleksak-gul-63-x-38-x-63-cm\/#primaryimage","url":"https:\/\/i0.wp.com\/truusk.store\/wp-content\/uploads\/2024\/02\/2-i-1-gunghast-med-hjul-plysch-gungdjur-baby-gungleksak-gul-63-x-38-x-63-cm.webp?fit=800%2C800&ssl=1","contentUrl":"https:\/\/i0.wp.com\/truusk.store\/wp-content\/uploads\/2024\/02\/2-i-1-gunghast-med-hjul-plysch-gungdjur-baby-gungleksak-gul-63-x-38-x-63-cm.webp?fit=800%2C800&ssl=1","width":800,"height":800,"caption":"2-I-1 Gungh\u00e4st Med Hjul Plysch Gungdjur Baby Gungleksak Gul 63 X 38 X 63 Cm 1"},{"@type":"BreadcrumbList","@id":"https:\/\/truusk.store\/sv\/produkt\/truusk-2-i-1-gunghast-med-hjul-plysch-gungdjur-baby-gungleksak-gul-63-x-38-x-63-cm\/#breadcrumb","itemListElement":[{"@type":"ListItem","position":1,"name":"Home","item":"https:\/\/truusk.store\/sv\/"},{"@type":"ListItem","position":2,"name":"Shop","item":"https:\/\/truusk.store\/shop\/"},{"@type":"ListItem","position":3,"name":"TRUUSK 2-i-1 Gungh\u00e4st med Hjul &#8211; Plysch Gungdjur &#8211; Baby Gungleksak &#8211; Gul &#8211; 63 x 38 x 63 cm"}]},{"@type":"WebSite","@id":"https:\/\/truusk.store\/sv\/#website","url":"https:\/\/truusk.store\/sv\/","name":"TRUUSK - Hem, Tr\u00e4dg\u00e5rd & Fritid","description":"","publisher":{"@id":"https:\/\/truusk.store\/sv\/#organization"},"potentialAction":[{"@type":"SearchAction","target":{"@type":"EntryPoint","urlTemplate":"https:\/\/truusk.store\/sv\/?s={search_term_string}"},"query-input":{"@type":"PropertyValueSpecification","valueRequired":true,"valueName":"search_term_string"}}],"inLanguage":"sv-SE"},{"@type":"Organization","@id":"https:\/\/truusk.store\/sv\/#organization","name":"TRUUSK - Hem, Tr\u00e4dg\u00e5rd & Fritid","url":"https:\/\/truusk.store\/sv\/","logo":{"@type":"ImageObject","inLanguage":"sv-SE","@id":"https:\/\/truusk.store\/sv\/#\/schema\/logo\/image\/","url":"https:\/\/i0.wp.com\/truusk.store\/wp-content\/uploads\/2026\/03\/cropped-TRUUSK.png?fit=2032%2C917&ssl=1","contentUrl":"https:\/\/i0.wp.com\/truusk.store\/wp-content\/uploads\/2026\/03\/cropped-TRUUSK.png?fit=2032%2C917&ssl=1","width":2032,"height":917,"caption":"TRUUSK - Hem, Tr\u00e4dg\u00e5rd & Fritid"},"image":{"@id":"https:\/\/truusk.store\/sv\/#\/schema\/logo\/image\/"}}]}},"jetpack_sharing_enabled":true,"_links":{"self":[{"href":"https:\/\/truusk.store\/sv\/wp-json\/wp\/v2\/product\/28211","targetHints":{"allow":["GET"]}}],"collection":[{"href":"https:\/\/truusk.store\/sv\/wp-json\/wp\/v2\/product"}],"about":[{"href":"https:\/\/truusk.store\/sv\/wp-json\/wp\/v2\/types\/product"}],"wp:featuredmedia":[{"embeddable":true,"href":"https:\/\/truusk.store\/sv\/wp-json\/wp\/v2\/media\/28212"}],"wp:attachment":[{"href":"https:\/\/truusk.store\/sv\/wp-json\/wp\/v2\/media?parent=28211"}],"wp:term":[{"taxonomy":"product_brand","embeddable":true,"href":"https:\/\/truusk.store\/sv\/wp-json\/wp\/v2\/product_brand?post=28211"},{"taxonomy":"product_cat","embeddable":true,"href":"https:\/\/truusk.store\/sv\/wp-json\/wp\/v2\/product_cat?post=28211"},{"taxonomy":"product_tag","embeddable":true,"href":"https:\/\/truusk.store\/sv\/wp-json\/wp\/v2\/product_tag?post=28211"}],"curies":[{"name":"wp","href":"https:\/\/api.w.org\/{rel}","templated":true}]}}