{"id":28222,"date":"2024-02-13T19:30:16","date_gmt":"2024-02-13T18:30:16","guid":{"rendered":"https:\/\/truusk.store\/product\/push-on-traktor-med-slap-horn-sandleksak-fran-1-ar-plast-metall-bla-91-x-29-x-44cm\/"},"modified":"2026-03-12T09:07:35","modified_gmt":"2026-03-12T08:07:35","slug":"truusk-barntraktor-med-slap-med-horn-med-sandleksak-fran-1-ar-bla-91-x-29-x-44cm","status":"publish","type":"product","link":"https:\/\/truusk.store\/sv\/produkt\/truusk-barntraktor-med-slap-med-horn-med-sandleksak-fran-1-ar-bla-91-x-29-x-44cm\/","title":{"rendered":"TRUUSK Barntraktor Med Sl\u00e4p &#8211; Med Horn &#8211; Med Sandleksak &#8211; Fr\u00e5n 1 \u00e5r &#8211; Bl\u00e5 &#8211; 91 X 29 X 44cm"},"content":{"rendered":"<p>Uppt\u00e4ck denna eleganta barntraktor &#8211; en magisk trampbil f\u00f6r \u00e4ventyrliga sm\u00e5, som de inte bara kommer att k\u00f6ra utan ocks\u00e5 l\u00e4ra sig g\u00e5 medan de leker! Dessutom erbjuder det breda, avtagbara s\u00e4tet, signalhornet och de ljusa str\u00e5lkastarna en fantastisk spelupplevelse i sandl\u00e5dan. Den p\u00e5byggnadsbara sl\u00e4pvagnen har gott om plats f\u00f6r en snacksl\u00e5da, sandleksaker eller en dricksflaska. Ge dina sm\u00e5 \u00e4ventyr of\u00f6rgl\u00f6mliga \u00f6gonblick!<\/p>\n<h3>Beskrivning:<\/h3>\n<ul>\n<li>S\u00e4ker \u00e5kbil i traktordesign<\/li>\n<li>Bekv\u00e4m och greppv\u00e4nlig ratt, idealisk f\u00f6r st\u00f6d n\u00e4r du l\u00e4r dig g\u00e5<\/li>\n<li>Signalhornet och str\u00e5lkastarna ger realistiska ljud och g\u00f6r det \u00e4nnu roligare<\/li>\n<li>F\u00e4stbar trailer f\u00f6r leksaker, snacks eller en vattenflaska<\/li>\n<li>Stor, smidig ratt<\/li>\n<li>Utan elmotor f\u00f6r mer s\u00e4kerhet<\/li>\n<li>Inkluderar sandskyffel och kratta<\/li>\n<li>Bekv\u00e4m sits f\u00f6r en h\u00e4lsosam sittst\u00e4llning<\/li>\n<\/ul>\n<h3>Teknisk data:<\/h3>\n<ul>\n<li>F\u00e4rg bl\u00e5<\/li>\n<li>Material: PP, metall<\/li>\n<li>\u00d6vergripande m\u00e5tt: 91L x 29W x 44H cm<\/li>\n<li>Sitsstorlek: 18D x 17W x 25H cm (fr\u00e5n golvet)<\/li>\n<li>Sl\u00e4pvagnsm\u00e5tt: 23L x 18W x 14H cm<\/li>\n<li>Lastkapacitet: 25 kg<\/li>\n<li>Rekommenderad \u00e5lder: 12-36 m\u00e5nader<\/li>\n<\/ul>\n<h3>Leveransens omfattning:<\/h3>\n<ul>\n<li>1 x trampbil<\/li>\n<li>1 x Game Rake<\/li>\n<li>1 x sandskyffel<\/li>\n<li>1 x Instruktioner<\/li>\n<\/ul>\n","protected":false},"excerpt":{"rendered":"<p>Uppt\u00e4ck denna eleganta barntraktor &#8211; en magisk trampbil f\u00f6r \u00e4ventyrliga sm\u00e5, som de inte bara kommer att k\u00f6ra utan ocks\u00e5&#8230;<\/p>\n","protected":false},"featured_media":28223,"template":"","meta":[],"product_brand":[],"product_cat":[609,613,610],"product_tag":[],"class_list":{"0":"post-28222","1":"product","2":"type-product","3":"status-publish","4":"has-post-thumbnail","6":"product_cat-baby-barn","7":"product_cat-balansera-cyklar-och-akande","8":"product_cat-barnfordon","10":"first","11":"instock","12":"sale","13":"taxable","14":"shipping-taxable","15":"purchasable","16":"product-type-simple"},"yoast_head":"<!-- This site is optimized with the Yoast SEO plugin v25.4 - https:\/\/yoast.com\/wordpress\/plugins\/seo\/ -->\n<title>TRUUSK Barntraktor Med Sl\u00e4p - Med Horn - Med Sandleksak - Fr\u00e5n 1 \u00e5r - Bl\u00e5 - 91 X 29 X 44cm - TRUUSK - Hem, Tr\u00e4dg\u00e5rd &amp; Fritid<\/title>\n<meta name=\"robots\" content=\"index, follow, max-snippet:-1, max-image-preview:large, max-video-preview:-1\" \/>\n<link rel=\"canonical\" href=\"https:\/\/truusk.store\/sv\/produkt\/truusk-barntraktor-med-slap-med-horn-med-sandleksak-fran-1-ar-bla-91-x-29-x-44cm\/\" \/>\n<meta property=\"og:locale\" content=\"sv_SE\" \/>\n<meta property=\"og:type\" content=\"article\" \/>\n<meta property=\"og:title\" content=\"TRUUSK Barntraktor Med Sl\u00e4p - Med Horn - Med Sandleksak - Fr\u00e5n 1 \u00e5r - Bl\u00e5 - 91 X 29 X 44cm - TRUUSK - Hem, Tr\u00e4dg\u00e5rd &amp; Fritid\" \/>\n<meta property=\"og:description\" content=\"Uppt\u00e4ck denna eleganta barntraktor &#8211; en magisk trampbil f\u00f6r \u00e4ventyrliga sm\u00e5, som de inte bara kommer att k\u00f6ra utan ocks\u00e5...\" \/>\n<meta property=\"og:url\" content=\"https:\/\/truusk.store\/sv\/produkt\/truusk-barntraktor-med-slap-med-horn-med-sandleksak-fran-1-ar-bla-91-x-29-x-44cm\/\" \/>\n<meta property=\"og:site_name\" content=\"TRUUSK - Hem, Tr\u00e4dg\u00e5rd &amp; Fritid\" \/>\n<meta property=\"article:modified_time\" content=\"2026-03-12T08:07:35+00:00\" \/>\n<meta property=\"og:image\" content=\"https:\/\/i0.wp.com\/truusk.se\/wp-content\/uploads\/2024\/02\/push-on-traktor-med-slap-horn-sandleksak-fran-1-ar-plast-metall-bla-91-x-29-x-44cm.webp?fit=800%2C800&ssl=1\" \/>\n\t<meta property=\"og:image:width\" content=\"800\" \/>\n\t<meta property=\"og:image:height\" content=\"800\" \/>\n\t<meta property=\"og:image:type\" content=\"image\/webp\" \/>\n<meta name=\"twitter:card\" content=\"summary_large_image\" \/>\n<meta name=\"twitter:label1\" content=\"Ber\u00e4knad l\u00e4stid\" \/>\n\t<meta name=\"twitter:data1\" content=\"1 minut\" \/>\n<!-- \/ Yoast SEO plugin. -->","yoast_head_json":{"title":"TRUUSK Barntraktor Med Sl\u00e4p - Med Horn - Med Sandleksak - Fr\u00e5n 1 \u00e5r - Bl\u00e5 - 91 X 29 X 44cm - TRUUSK - Hem, Tr\u00e4dg\u00e5rd &amp; Fritid","robots":{"index":"index","follow":"follow","max-snippet":"max-snippet:-1","max-image-preview":"max-image-preview:large","max-video-preview":"max-video-preview:-1"},"canonical":"https:\/\/truusk.store\/sv\/produkt\/truusk-barntraktor-med-slap-med-horn-med-sandleksak-fran-1-ar-bla-91-x-29-x-44cm\/","og_locale":"sv_SE","og_type":"article","og_title":"TRUUSK Barntraktor Med Sl\u00e4p - Med Horn - Med Sandleksak - Fr\u00e5n 1 \u00e5r - Bl\u00e5 - 91 X 29 X 44cm - TRUUSK - Hem, Tr\u00e4dg\u00e5rd &amp; Fritid","og_description":"Uppt\u00e4ck denna eleganta barntraktor &#8211; en magisk trampbil f\u00f6r \u00e4ventyrliga sm\u00e5, som de inte bara kommer att k\u00f6ra utan ocks\u00e5...","og_url":"https:\/\/truusk.store\/sv\/produkt\/truusk-barntraktor-med-slap-med-horn-med-sandleksak-fran-1-ar-bla-91-x-29-x-44cm\/","og_site_name":"TRUUSK - Hem, Tr\u00e4dg\u00e5rd &amp; Fritid","article_modified_time":"2026-03-12T08:07:35+00:00","og_image":[{"width":800,"height":800,"url":"https:\/\/i0.wp.com\/truusk.se\/wp-content\/uploads\/2024\/02\/push-on-traktor-med-slap-horn-sandleksak-fran-1-ar-plast-metall-bla-91-x-29-x-44cm.webp?fit=800%2C800&ssl=1","type":"image\/webp"}],"twitter_card":"summary_large_image","twitter_misc":{"Ber\u00e4knad l\u00e4stid":"1 minut"},"schema":{"@context":"https:\/\/schema.org","@graph":[{"@type":"WebPage","@id":"https:\/\/truusk.store\/sv\/produkt\/truusk-barntraktor-med-slap-med-horn-med-sandleksak-fran-1-ar-bla-91-x-29-x-44cm\/","url":"https:\/\/truusk.store\/sv\/produkt\/truusk-barntraktor-med-slap-med-horn-med-sandleksak-fran-1-ar-bla-91-x-29-x-44cm\/","name":"TRUUSK Barntraktor Med Sl\u00e4p - Med Horn - Med Sandleksak - Fr\u00e5n 1 \u00e5r - Bl\u00e5 - 91 X 29 X 44cm - TRUUSK - Hem, Tr\u00e4dg\u00e5rd &amp; Fritid","isPartOf":{"@id":"https:\/\/truusk.store\/sv\/#website"},"primaryImageOfPage":{"@id":"https:\/\/truusk.store\/sv\/produkt\/truusk-barntraktor-med-slap-med-horn-med-sandleksak-fran-1-ar-bla-91-x-29-x-44cm\/#primaryimage"},"image":{"@id":"https:\/\/truusk.store\/sv\/produkt\/truusk-barntraktor-med-slap-med-horn-med-sandleksak-fran-1-ar-bla-91-x-29-x-44cm\/#primaryimage"},"thumbnailUrl":"https:\/\/i0.wp.com\/truusk.store\/wp-content\/uploads\/2024\/02\/push-on-traktor-med-slap-horn-sandleksak-fran-1-ar-plast-metall-bla-91-x-29-x-44cm.webp?fit=800%2C800&ssl=1","datePublished":"2024-02-13T18:30:16+00:00","dateModified":"2026-03-12T08:07:35+00:00","breadcrumb":{"@id":"https:\/\/truusk.store\/sv\/produkt\/truusk-barntraktor-med-slap-med-horn-med-sandleksak-fran-1-ar-bla-91-x-29-x-44cm\/#breadcrumb"},"inLanguage":"sv-SE","potentialAction":[{"@type":"ReadAction","target":["https:\/\/truusk.store\/sv\/produkt\/truusk-barntraktor-med-slap-med-horn-med-sandleksak-fran-1-ar-bla-91-x-29-x-44cm\/"]}]},{"@type":"ImageObject","inLanguage":"sv-SE","@id":"https:\/\/truusk.store\/sv\/produkt\/truusk-barntraktor-med-slap-med-horn-med-sandleksak-fran-1-ar-bla-91-x-29-x-44cm\/#primaryimage","url":"https:\/\/i0.wp.com\/truusk.store\/wp-content\/uploads\/2024\/02\/push-on-traktor-med-slap-horn-sandleksak-fran-1-ar-plast-metall-bla-91-x-29-x-44cm.webp?fit=800%2C800&ssl=1","contentUrl":"https:\/\/i0.wp.com\/truusk.store\/wp-content\/uploads\/2024\/02\/push-on-traktor-med-slap-horn-sandleksak-fran-1-ar-plast-metall-bla-91-x-29-x-44cm.webp?fit=800%2C800&ssl=1","width":800,"height":800,"caption":"Push-on Traktor Med Sl\u00e4p, Horn, Sandleksak, Fr\u00e5n 1 \u00e5r, Plast + Metall, Bl\u00e5, 91 X 29 X 44cm 1"},{"@type":"BreadcrumbList","@id":"https:\/\/truusk.store\/sv\/produkt\/truusk-barntraktor-med-slap-med-horn-med-sandleksak-fran-1-ar-bla-91-x-29-x-44cm\/#breadcrumb","itemListElement":[{"@type":"ListItem","position":1,"name":"Home","item":"https:\/\/truusk.store\/sv\/"},{"@type":"ListItem","position":2,"name":"Shop","item":"https:\/\/truusk.store\/shop\/"},{"@type":"ListItem","position":3,"name":"TRUUSK Barntraktor Med Sl\u00e4p &#8211; Med Horn &#8211; Med Sandleksak &#8211; Fr\u00e5n 1 \u00e5r &#8211; Bl\u00e5 &#8211; 91 X 29 X 44cm"}]},{"@type":"WebSite","@id":"https:\/\/truusk.store\/sv\/#website","url":"https:\/\/truusk.store\/sv\/","name":"TRUUSK - Hem, Tr\u00e4dg\u00e5rd & Fritid","description":"","publisher":{"@id":"https:\/\/truusk.store\/sv\/#organization"},"potentialAction":[{"@type":"SearchAction","target":{"@type":"EntryPoint","urlTemplate":"https:\/\/truusk.store\/sv\/?s={search_term_string}"},"query-input":{"@type":"PropertyValueSpecification","valueRequired":true,"valueName":"search_term_string"}}],"inLanguage":"sv-SE"},{"@type":"Organization","@id":"https:\/\/truusk.store\/sv\/#organization","name":"TRUUSK - Hem, Tr\u00e4dg\u00e5rd & Fritid","url":"https:\/\/truusk.store\/sv\/","logo":{"@type":"ImageObject","inLanguage":"sv-SE","@id":"https:\/\/truusk.store\/sv\/#\/schema\/logo\/image\/","url":"https:\/\/i0.wp.com\/truusk.store\/wp-content\/uploads\/2026\/03\/cropped-TRUUSK.png?fit=2032%2C917&ssl=1","contentUrl":"https:\/\/i0.wp.com\/truusk.store\/wp-content\/uploads\/2026\/03\/cropped-TRUUSK.png?fit=2032%2C917&ssl=1","width":2032,"height":917,"caption":"TRUUSK - Hem, Tr\u00e4dg\u00e5rd & Fritid"},"image":{"@id":"https:\/\/truusk.store\/sv\/#\/schema\/logo\/image\/"}}]}},"jetpack_sharing_enabled":true,"_links":{"self":[{"href":"https:\/\/truusk.store\/sv\/wp-json\/wp\/v2\/product\/28222","targetHints":{"allow":["GET"]}}],"collection":[{"href":"https:\/\/truusk.store\/sv\/wp-json\/wp\/v2\/product"}],"about":[{"href":"https:\/\/truusk.store\/sv\/wp-json\/wp\/v2\/types\/product"}],"wp:featuredmedia":[{"embeddable":true,"href":"https:\/\/truusk.store\/sv\/wp-json\/wp\/v2\/media\/28223"}],"wp:attachment":[{"href":"https:\/\/truusk.store\/sv\/wp-json\/wp\/v2\/media?parent=28222"}],"wp:term":[{"taxonomy":"product_brand","embeddable":true,"href":"https:\/\/truusk.store\/sv\/wp-json\/wp\/v2\/product_brand?post=28222"},{"taxonomy":"product_cat","embeddable":true,"href":"https:\/\/truusk.store\/sv\/wp-json\/wp\/v2\/product_cat?post=28222"},{"taxonomy":"product_tag","embeddable":true,"href":"https:\/\/truusk.store\/sv\/wp-json\/wp\/v2\/product_tag?post=28222"}],"curies":[{"name":"wp","href":"https:\/\/api.w.org\/{rel}","templated":true}]}}