{"id":28261,"date":"2024-02-13T19:31:34","date_gmt":"2024-02-13T18:31:34","guid":{"rendered":"https:\/\/truusk.store\/product\/barnskoter-skoter-med-broms-inklusive-korg-hojdjusterbar-for-barn-5-12-ar-bla-svart\/"},"modified":"2026-03-12T09:07:35","modified_gmt":"2026-03-12T08:07:35","slug":"truusk-barnskoter-med-broms-inklusive-korg-justerbar-hojd-for-barn-5-12-ar-bla-svart","status":"publish","type":"product","link":"https:\/\/truusk.store\/sv\/produkt\/truusk-barnskoter-med-broms-inklusive-korg-justerbar-hojd-for-barn-5-12-ar-bla-svart\/","title":{"rendered":"TRUUSK Barnskoter med Broms &#8211; Inklusive Korg &#8211; Justerbar H\u00f6jd &#8211; F\u00f6r Barn 5-12 \u00e5r &#8211; Bl\u00e5 + Svart"},"content":{"rendered":"<p>Denna skoter \u00e4r inte bara i\u00f6gonfallande, utan ocks\u00e5 utrustad med ett dubbelt bromssystem som g\u00f6r att dina barn kan stanna s\u00e4kert och omedelbart. Den l\u00e5ga plattformen och de stora gummid\u00e4cken garanterar en smidig och bekv\u00e4m k\u00f6rning. Dessutom erbjuder plastkorgen och muggh\u00e5llaren praktiskt f\u00f6rvaringsutrymme f\u00f6r dina f\u00f6rn\u00f6denheter. Tack vare st\u00e4nksk\u00e4rmarna kan \u00e4ven v\u00e5ta v\u00e4gar k\u00f6ras p\u00e5 rent och snabbt!<\/p>\n<h3>Beskrivning:<\/h3>\n<ul>\n<li>Bred, strukturerad och halkfri fotbr\u00e4da f\u00f6r ett stadigt fotf\u00e4ste<\/li>\n<li>St\u00e5lram f\u00f6r h\u00f6g sp\u00e4nst, utrustad med h\u00f6jdjusterbart styre<\/li>\n<li>Plastkorgen kan tas bort<\/li>\n<li>Fram- och bakbromsar f\u00f6r s\u00e4kert stopp<\/li>\n<li>Stora hjul med gummid\u00e4ck f\u00f6r smidig k\u00f6rning, med djup slitbana f\u00f6r grepp<\/li>\n<li>Rekommenderas f\u00f6r barn i \u00e5ldrarna 5 till 12 \u00e5r<\/li>\n<li>Maxvikt 100kg, montering kr\u00e4vs<\/li>\n<\/ul>\n<h3>Teknisk data:<\/h3>\n<ul>\n<li>F\u00e4rg: Bl\u00e5+svart<\/li>\n<li>Material: metall, plast, aluminiumlegering, gummi<\/li>\n<li>\u00d6vergripande m\u00e5tt: 139L x 58W x 90-96H cm.<\/li>\n<li>Rekommenderad \u00e5lder: 5-12 \u00e5r<\/li>\n<li>Lastkapacitet: 100 kg<\/li>\n<li>L\u00e4mplig h\u00f6jd: 120-170 cm<\/li>\n<\/ul>\n<h3>Leveransens omfattning:<\/h3>\n<ul>\n<li>1 x skoter<\/li>\n<li>1 x Instruktioner<\/li>\n<\/ul>\n","protected":false},"excerpt":{"rendered":"<p>Denna skoter \u00e4r inte bara i\u00f6gonfallande, utan ocks\u00e5 utrustad med ett dubbelt bromssystem som g\u00f6r att dina barn kan stanna&#8230;<\/p>\n","protected":false},"featured_media":28262,"template":"","meta":[],"product_brand":[],"product_cat":[609,610,611],"product_tag":[],"class_list":{"0":"post-28261","1":"product","2":"type-product","3":"status-publish","4":"has-post-thumbnail","6":"product_cat-baby-barn","7":"product_cat-barnfordon","8":"product_cat-skoter","10":"first","11":"instock","12":"sale","13":"taxable","14":"shipping-taxable","15":"purchasable","16":"product-type-simple"},"yoast_head":"<!-- This site is optimized with the Yoast SEO plugin v25.4 - https:\/\/yoast.com\/wordpress\/plugins\/seo\/ -->\n<title>TRUUSK Barnskoter med Broms - Inklusive Korg - Justerbar H\u00f6jd - F\u00f6r Barn 5-12 \u00e5r - Bl\u00e5 + Svart - TRUUSK - Hem, Tr\u00e4dg\u00e5rd &amp; Fritid<\/title>\n<meta name=\"robots\" content=\"index, follow, max-snippet:-1, max-image-preview:large, max-video-preview:-1\" \/>\n<link rel=\"canonical\" href=\"https:\/\/truusk.store\/sv\/produkt\/truusk-barnskoter-med-broms-inklusive-korg-justerbar-hojd-for-barn-5-12-ar-bla-svart\/\" \/>\n<meta property=\"og:locale\" content=\"sv_SE\" \/>\n<meta property=\"og:type\" content=\"article\" \/>\n<meta property=\"og:title\" content=\"TRUUSK Barnskoter med Broms - Inklusive Korg - Justerbar H\u00f6jd - F\u00f6r Barn 5-12 \u00e5r - Bl\u00e5 + Svart - TRUUSK - Hem, Tr\u00e4dg\u00e5rd &amp; Fritid\" \/>\n<meta property=\"og:description\" content=\"Denna skoter \u00e4r inte bara i\u00f6gonfallande, utan ocks\u00e5 utrustad med ett dubbelt bromssystem som g\u00f6r att dina barn kan stanna...\" \/>\n<meta property=\"og:url\" content=\"https:\/\/truusk.store\/sv\/produkt\/truusk-barnskoter-med-broms-inklusive-korg-justerbar-hojd-for-barn-5-12-ar-bla-svart\/\" \/>\n<meta property=\"og:site_name\" content=\"TRUUSK - Hem, Tr\u00e4dg\u00e5rd &amp; Fritid\" \/>\n<meta property=\"article:modified_time\" content=\"2026-03-12T08:07:35+00:00\" \/>\n<meta property=\"og:image\" content=\"https:\/\/i0.wp.com\/truusk.se\/wp-content\/uploads\/2024\/02\/barnskoter-skoter-med-broms-inklusive-korg-hojdjusterbar-for-barn-5-12-ar-bla-svart.webp?fit=800%2C800&ssl=1\" \/>\n\t<meta property=\"og:image:width\" content=\"800\" \/>\n\t<meta property=\"og:image:height\" content=\"800\" \/>\n\t<meta property=\"og:image:type\" content=\"image\/webp\" \/>\n<meta name=\"twitter:card\" content=\"summary_large_image\" \/>\n<meta name=\"twitter:label1\" content=\"Ber\u00e4knad l\u00e4stid\" \/>\n\t<meta name=\"twitter:data1\" content=\"1 minut\" \/>\n<!-- \/ Yoast SEO plugin. -->","yoast_head_json":{"title":"TRUUSK Barnskoter med Broms - Inklusive Korg - Justerbar H\u00f6jd - F\u00f6r Barn 5-12 \u00e5r - Bl\u00e5 + Svart - TRUUSK - Hem, Tr\u00e4dg\u00e5rd &amp; Fritid","robots":{"index":"index","follow":"follow","max-snippet":"max-snippet:-1","max-image-preview":"max-image-preview:large","max-video-preview":"max-video-preview:-1"},"canonical":"https:\/\/truusk.store\/sv\/produkt\/truusk-barnskoter-med-broms-inklusive-korg-justerbar-hojd-for-barn-5-12-ar-bla-svart\/","og_locale":"sv_SE","og_type":"article","og_title":"TRUUSK Barnskoter med Broms - Inklusive Korg - Justerbar H\u00f6jd - F\u00f6r Barn 5-12 \u00e5r - Bl\u00e5 + Svart - TRUUSK - Hem, Tr\u00e4dg\u00e5rd &amp; Fritid","og_description":"Denna skoter \u00e4r inte bara i\u00f6gonfallande, utan ocks\u00e5 utrustad med ett dubbelt bromssystem som g\u00f6r att dina barn kan stanna...","og_url":"https:\/\/truusk.store\/sv\/produkt\/truusk-barnskoter-med-broms-inklusive-korg-justerbar-hojd-for-barn-5-12-ar-bla-svart\/","og_site_name":"TRUUSK - Hem, Tr\u00e4dg\u00e5rd &amp; Fritid","article_modified_time":"2026-03-12T08:07:35+00:00","og_image":[{"width":800,"height":800,"url":"https:\/\/i0.wp.com\/truusk.se\/wp-content\/uploads\/2024\/02\/barnskoter-skoter-med-broms-inklusive-korg-hojdjusterbar-for-barn-5-12-ar-bla-svart.webp?fit=800%2C800&ssl=1","type":"image\/webp"}],"twitter_card":"summary_large_image","twitter_misc":{"Ber\u00e4knad l\u00e4stid":"1 minut"},"schema":{"@context":"https:\/\/schema.org","@graph":[{"@type":"WebPage","@id":"https:\/\/truusk.store\/sv\/produkt\/truusk-barnskoter-med-broms-inklusive-korg-justerbar-hojd-for-barn-5-12-ar-bla-svart\/","url":"https:\/\/truusk.store\/sv\/produkt\/truusk-barnskoter-med-broms-inklusive-korg-justerbar-hojd-for-barn-5-12-ar-bla-svart\/","name":"TRUUSK Barnskoter med Broms - Inklusive Korg - Justerbar H\u00f6jd - F\u00f6r Barn 5-12 \u00e5r - Bl\u00e5 + Svart - TRUUSK - Hem, Tr\u00e4dg\u00e5rd &amp; Fritid","isPartOf":{"@id":"https:\/\/truusk.store\/sv\/#website"},"primaryImageOfPage":{"@id":"https:\/\/truusk.store\/sv\/produkt\/truusk-barnskoter-med-broms-inklusive-korg-justerbar-hojd-for-barn-5-12-ar-bla-svart\/#primaryimage"},"image":{"@id":"https:\/\/truusk.store\/sv\/produkt\/truusk-barnskoter-med-broms-inklusive-korg-justerbar-hojd-for-barn-5-12-ar-bla-svart\/#primaryimage"},"thumbnailUrl":"https:\/\/i0.wp.com\/truusk.store\/wp-content\/uploads\/2024\/02\/barnskoter-skoter-med-broms-inklusive-korg-hojdjusterbar-for-barn-5-12-ar-bla-svart.webp?fit=800%2C800&ssl=1","datePublished":"2024-02-13T18:31:34+00:00","dateModified":"2026-03-12T08:07:35+00:00","breadcrumb":{"@id":"https:\/\/truusk.store\/sv\/produkt\/truusk-barnskoter-med-broms-inklusive-korg-justerbar-hojd-for-barn-5-12-ar-bla-svart\/#breadcrumb"},"inLanguage":"sv-SE","potentialAction":[{"@type":"ReadAction","target":["https:\/\/truusk.store\/sv\/produkt\/truusk-barnskoter-med-broms-inklusive-korg-justerbar-hojd-for-barn-5-12-ar-bla-svart\/"]}]},{"@type":"ImageObject","inLanguage":"sv-SE","@id":"https:\/\/truusk.store\/sv\/produkt\/truusk-barnskoter-med-broms-inklusive-korg-justerbar-hojd-for-barn-5-12-ar-bla-svart\/#primaryimage","url":"https:\/\/i0.wp.com\/truusk.store\/wp-content\/uploads\/2024\/02\/barnskoter-skoter-med-broms-inklusive-korg-hojdjusterbar-for-barn-5-12-ar-bla-svart.webp?fit=800%2C800&ssl=1","contentUrl":"https:\/\/i0.wp.com\/truusk.store\/wp-content\/uploads\/2024\/02\/barnskoter-skoter-med-broms-inklusive-korg-hojdjusterbar-for-barn-5-12-ar-bla-svart.webp?fit=800%2C800&ssl=1","width":800,"height":800,"caption":"Barnskoter, Skoter Med Broms, Inklusive Korg, H\u00f6jdjusterbar, F\u00f6r Barn 5-12 \u00e5r, Bl\u00e5 + Svart 1"},{"@type":"BreadcrumbList","@id":"https:\/\/truusk.store\/sv\/produkt\/truusk-barnskoter-med-broms-inklusive-korg-justerbar-hojd-for-barn-5-12-ar-bla-svart\/#breadcrumb","itemListElement":[{"@type":"ListItem","position":1,"name":"Home","item":"https:\/\/truusk.store\/sv\/"},{"@type":"ListItem","position":2,"name":"Shop","item":"https:\/\/truusk.store\/shop\/"},{"@type":"ListItem","position":3,"name":"TRUUSK Barnskoter med Broms &#8211; Inklusive Korg &#8211; Justerbar H\u00f6jd &#8211; F\u00f6r Barn 5-12 \u00e5r &#8211; Bl\u00e5 + Svart"}]},{"@type":"WebSite","@id":"https:\/\/truusk.store\/sv\/#website","url":"https:\/\/truusk.store\/sv\/","name":"TRUUSK - Hem, Tr\u00e4dg\u00e5rd & Fritid","description":"","publisher":{"@id":"https:\/\/truusk.store\/sv\/#organization"},"potentialAction":[{"@type":"SearchAction","target":{"@type":"EntryPoint","urlTemplate":"https:\/\/truusk.store\/sv\/?s={search_term_string}"},"query-input":{"@type":"PropertyValueSpecification","valueRequired":true,"valueName":"search_term_string"}}],"inLanguage":"sv-SE"},{"@type":"Organization","@id":"https:\/\/truusk.store\/sv\/#organization","name":"TRUUSK - Hem, Tr\u00e4dg\u00e5rd & Fritid","url":"https:\/\/truusk.store\/sv\/","logo":{"@type":"ImageObject","inLanguage":"sv-SE","@id":"https:\/\/truusk.store\/sv\/#\/schema\/logo\/image\/","url":"https:\/\/i0.wp.com\/truusk.store\/wp-content\/uploads\/2026\/03\/cropped-TRUUSK.png?fit=2032%2C917&ssl=1","contentUrl":"https:\/\/i0.wp.com\/truusk.store\/wp-content\/uploads\/2026\/03\/cropped-TRUUSK.png?fit=2032%2C917&ssl=1","width":2032,"height":917,"caption":"TRUUSK - Hem, Tr\u00e4dg\u00e5rd & Fritid"},"image":{"@id":"https:\/\/truusk.store\/sv\/#\/schema\/logo\/image\/"}}]}},"jetpack_sharing_enabled":true,"_links":{"self":[{"href":"https:\/\/truusk.store\/sv\/wp-json\/wp\/v2\/product\/28261","targetHints":{"allow":["GET"]}}],"collection":[{"href":"https:\/\/truusk.store\/sv\/wp-json\/wp\/v2\/product"}],"about":[{"href":"https:\/\/truusk.store\/sv\/wp-json\/wp\/v2\/types\/product"}],"wp:featuredmedia":[{"embeddable":true,"href":"https:\/\/truusk.store\/sv\/wp-json\/wp\/v2\/media\/28262"}],"wp:attachment":[{"href":"https:\/\/truusk.store\/sv\/wp-json\/wp\/v2\/media?parent=28261"}],"wp:term":[{"taxonomy":"product_brand","embeddable":true,"href":"https:\/\/truusk.store\/sv\/wp-json\/wp\/v2\/product_brand?post=28261"},{"taxonomy":"product_cat","embeddable":true,"href":"https:\/\/truusk.store\/sv\/wp-json\/wp\/v2\/product_cat?post=28261"},{"taxonomy":"product_tag","embeddable":true,"href":"https:\/\/truusk.store\/sv\/wp-json\/wp\/v2\/product_tag?post=28261"}],"curies":[{"name":"wp","href":"https:\/\/api.w.org\/{rel}","templated":true}]}}