{"id":28283,"date":"2024-02-13T19:32:17","date_gmt":"2024-02-13T18:32:17","guid":{"rendered":"https:\/\/truusk.store\/product\/massagestol-tv-stol-relaxstol-med-liggfunktion-fatolj-med-pall-massagefunktion-sammetslen-polyester-gra-76-x-80-x-102-cm\/"},"modified":"2026-03-12T09:07:36","modified_gmt":"2026-03-12T08:07:36","slug":"truusk-massagestol-och-relaxfatolj-liggfunktion-pall-inkluderad-massagefunktion-mjukt-sammetstyg-gra-76-x-80-x-102-cm","status":"publish","type":"product","link":"https:\/\/truusk.store\/sv\/produkt\/truusk-massagestol-och-relaxfatolj-liggfunktion-pall-inkluderad-massagefunktion-mjukt-sammetstyg-gra-76-x-80-x-102-cm\/","title":{"rendered":"TRUUSK Massagestol och Relaxf\u00e5t\u00f6lj &#8211; Liggfunktion &#8211; Pall inkluderad &#8211; Massagefunktion &#8211; Mjukt sammetstyg &#8211; Gr\u00e5 &#8211; 76 x 80 x 102 cm"},"content":{"rendered":"<p>Massagestolarnas v\u00e4rld \u00e4r mycket omfattande. Beroende p\u00e5 dina \u00f6nskem\u00e5l och budget g\u00e5r det att hitta olika vilstolar. Med v\u00e5r massagestol f\u00e5r du inte bara en bekv\u00e4m stol, utan ocks\u00e5 speciella stunder av v\u00e4lbefinnande. TV-stolen har 10 vibrationspunkter som slappnar av dina muskler och ger m\u00e5nga avkopplande stunder. Den ultramjuka stoppningen, det h\u00f6gkvalitativa materialet och massagefunktionen sk\u00e4mmer bort dig med h\u00f6gsta komfort.<\/p>\n<h3>Beskrivning:<\/h3>\n<ul>\n<li>10 sv\u00e4ngmassagepunkter (6 i ryggst\u00f6det, 2 i s\u00e4tet, 2 i pallen)<\/li>\n<li>Avslappning f\u00f6r rygg, axlar, nacke, rumpa, l\u00e5r och underbensmuskler<\/li>\n<li>10 vibrationsl\u00e4gen och 10 massageintensiteter f\u00f6r TV-stolen att v\u00e4lja mellan<\/li>\n<li>Ryggst\u00f6det \u00e4r mekaniskt stegl\u00f6st justerbart<\/li>\n<li>Inneh\u00e5ller en praktisk sidficka f\u00f6r tillbeh\u00f6r, tidningar och drycker<\/li>\n<li>Levereras med fj\u00e4rrkontroll f\u00f6r enkel anv\u00e4ndning<\/li>\n<li>Obs: Massagestolen har en mikrol\u00e5sningsfunktion (ryggst\u00f6det kan inte l\u00e5sas helt)<\/li>\n<\/ul>\n<h3>Teknisk data:<\/h3>\n<ul>\n<li>Material: sammetslen polyester, skum, tr\u00e4, metall<\/li>\n<li>F\u00e4rg gr\u00e5<\/li>\n<li>\u00d6vergripande m\u00e5tt: 76L x 80W x 102H cm<\/li>\n<li>M\u00e5tt i liggl\u00e4ge: 122L x 76W x 82H cm<\/li>\n<li>Sittyta: 53L x 60W cm<\/li>\n<li>Sitth\u00f6jd: 48 cm<\/li>\n<li>Ryggst\u00f6d: 83L x 83W cm<\/li>\n<li>Ing\u00e5ng: 100240V \/50\/60HZ<\/li>\n<li>Utsp\u00e4nning DC: 12V<\/li>\n<li>Lutningsvinkel: 145<\/li>\n<li>Pall: 47L x 44W x 40H cm<\/li>\n<li>Basdiameter: 62 cm (f\u00e5t\u00f6lj), 47 cm (pall)<\/li>\n<li>Kan h\u00e5lla upp till 150 kg<\/li>\n<li>Anslutning: 220-240 V<\/li>\n<\/ul>\n<h3>Leveransens omfattning:<\/h3>\n<ul>\n<li>1 x massagestol<\/li>\n<li>1 x pall<\/li>\n<li>1 x monteringsanvisning<\/li>\n<li>VIKTIGT: Vi levererar varan till trottoarkanten utan kostnad. Se till att du anger r\u00e4tt adress och telefonnummer.<\/li>\n<\/ul>\n","protected":false},"excerpt":{"rendered":"<p>Massagestolarnas v\u00e4rld \u00e4r mycket omfattande. Beroende p\u00e5 dina \u00f6nskem\u00e5l och budget g\u00e5r det att hitta olika vilstolar. Med v\u00e5r massagestol&#8230;<\/p>\n","protected":false},"featured_media":28284,"template":"","meta":[],"product_brand":[],"product_cat":[521,485,524],"product_tag":[],"class_list":{"0":"post-28283","1":"product","2":"type-product","3":"status-publish","4":"has-post-thumbnail","6":"product_cat-fatolj","7":"product_cat-hus-bo","8":"product_cat-relaxstol-med-pall","10":"first","11":"instock","12":"sale","13":"taxable","14":"shipping-taxable","15":"purchasable","16":"product-type-simple"},"yoast_head":"<!-- This site is optimized with the Yoast SEO plugin v25.4 - https:\/\/yoast.com\/wordpress\/plugins\/seo\/ -->\n<title>TRUUSK Massagestol och Relaxf\u00e5t\u00f6lj - Liggfunktion - Pall inkluderad - Massagefunktion - Mjukt sammetstyg - Gr\u00e5 - 76 x 80 x 102 cm - TRUUSK - Hem, Tr\u00e4dg\u00e5rd &amp; Fritid<\/title>\n<meta name=\"robots\" content=\"index, follow, max-snippet:-1, max-image-preview:large, max-video-preview:-1\" \/>\n<link rel=\"canonical\" href=\"https:\/\/truusk.store\/sv\/produkt\/truusk-massagestol-och-relaxfatolj-liggfunktion-pall-inkluderad-massagefunktion-mjukt-sammetstyg-gra-76-x-80-x-102-cm\/\" \/>\n<meta property=\"og:locale\" content=\"sv_SE\" \/>\n<meta property=\"og:type\" content=\"article\" \/>\n<meta property=\"og:title\" content=\"TRUUSK Massagestol och Relaxf\u00e5t\u00f6lj - Liggfunktion - Pall inkluderad - Massagefunktion - Mjukt sammetstyg - Gr\u00e5 - 76 x 80 x 102 cm - TRUUSK - Hem, Tr\u00e4dg\u00e5rd &amp; Fritid\" \/>\n<meta property=\"og:description\" content=\"Massagestolarnas v\u00e4rld \u00e4r mycket omfattande. Beroende p\u00e5 dina \u00f6nskem\u00e5l och budget g\u00e5r det att hitta olika vilstolar. Med v\u00e5r massagestol...\" \/>\n<meta property=\"og:url\" content=\"https:\/\/truusk.store\/sv\/produkt\/truusk-massagestol-och-relaxfatolj-liggfunktion-pall-inkluderad-massagefunktion-mjukt-sammetstyg-gra-76-x-80-x-102-cm\/\" \/>\n<meta property=\"og:site_name\" content=\"TRUUSK - Hem, Tr\u00e4dg\u00e5rd &amp; Fritid\" \/>\n<meta property=\"article:modified_time\" content=\"2026-03-12T08:07:36+00:00\" \/>\n<meta property=\"og:image\" content=\"https:\/\/i0.wp.com\/truusk.se\/wp-content\/uploads\/2024\/02\/massagestol-tv-stol-relaxstol-med-liggfunktion-fatolj-med-pall-massagefunktion-sammetslen-polyester-gra-76-x-80-x-102-cm.webp?fit=800%2C800&ssl=1\" \/>\n\t<meta property=\"og:image:width\" content=\"800\" \/>\n\t<meta property=\"og:image:height\" content=\"800\" \/>\n\t<meta property=\"og:image:type\" content=\"image\/webp\" \/>\n<meta name=\"twitter:card\" content=\"summary_large_image\" \/>\n<meta name=\"twitter:label1\" content=\"Ber\u00e4knad l\u00e4stid\" \/>\n\t<meta name=\"twitter:data1\" content=\"1 minut\" \/>\n<!-- \/ Yoast SEO plugin. -->","yoast_head_json":{"title":"TRUUSK Massagestol och Relaxf\u00e5t\u00f6lj - Liggfunktion - Pall inkluderad - Massagefunktion - Mjukt sammetstyg - Gr\u00e5 - 76 x 80 x 102 cm - TRUUSK - Hem, Tr\u00e4dg\u00e5rd &amp; Fritid","robots":{"index":"index","follow":"follow","max-snippet":"max-snippet:-1","max-image-preview":"max-image-preview:large","max-video-preview":"max-video-preview:-1"},"canonical":"https:\/\/truusk.store\/sv\/produkt\/truusk-massagestol-och-relaxfatolj-liggfunktion-pall-inkluderad-massagefunktion-mjukt-sammetstyg-gra-76-x-80-x-102-cm\/","og_locale":"sv_SE","og_type":"article","og_title":"TRUUSK Massagestol och Relaxf\u00e5t\u00f6lj - Liggfunktion - Pall inkluderad - Massagefunktion - Mjukt sammetstyg - Gr\u00e5 - 76 x 80 x 102 cm - TRUUSK - Hem, Tr\u00e4dg\u00e5rd &amp; Fritid","og_description":"Massagestolarnas v\u00e4rld \u00e4r mycket omfattande. Beroende p\u00e5 dina \u00f6nskem\u00e5l och budget g\u00e5r det att hitta olika vilstolar. Med v\u00e5r massagestol...","og_url":"https:\/\/truusk.store\/sv\/produkt\/truusk-massagestol-och-relaxfatolj-liggfunktion-pall-inkluderad-massagefunktion-mjukt-sammetstyg-gra-76-x-80-x-102-cm\/","og_site_name":"TRUUSK - Hem, Tr\u00e4dg\u00e5rd &amp; Fritid","article_modified_time":"2026-03-12T08:07:36+00:00","og_image":[{"width":800,"height":800,"url":"https:\/\/i0.wp.com\/truusk.se\/wp-content\/uploads\/2024\/02\/massagestol-tv-stol-relaxstol-med-liggfunktion-fatolj-med-pall-massagefunktion-sammetslen-polyester-gra-76-x-80-x-102-cm.webp?fit=800%2C800&ssl=1","type":"image\/webp"}],"twitter_card":"summary_large_image","twitter_misc":{"Ber\u00e4knad l\u00e4stid":"1 minut"},"schema":{"@context":"https:\/\/schema.org","@graph":[{"@type":"WebPage","@id":"https:\/\/truusk.store\/sv\/produkt\/truusk-massagestol-och-relaxfatolj-liggfunktion-pall-inkluderad-massagefunktion-mjukt-sammetstyg-gra-76-x-80-x-102-cm\/","url":"https:\/\/truusk.store\/sv\/produkt\/truusk-massagestol-och-relaxfatolj-liggfunktion-pall-inkluderad-massagefunktion-mjukt-sammetstyg-gra-76-x-80-x-102-cm\/","name":"TRUUSK Massagestol och Relaxf\u00e5t\u00f6lj - Liggfunktion - Pall inkluderad - Massagefunktion - Mjukt sammetstyg - Gr\u00e5 - 76 x 80 x 102 cm - TRUUSK - Hem, Tr\u00e4dg\u00e5rd &amp; Fritid","isPartOf":{"@id":"https:\/\/truusk.store\/sv\/#website"},"primaryImageOfPage":{"@id":"https:\/\/truusk.store\/sv\/produkt\/truusk-massagestol-och-relaxfatolj-liggfunktion-pall-inkluderad-massagefunktion-mjukt-sammetstyg-gra-76-x-80-x-102-cm\/#primaryimage"},"image":{"@id":"https:\/\/truusk.store\/sv\/produkt\/truusk-massagestol-och-relaxfatolj-liggfunktion-pall-inkluderad-massagefunktion-mjukt-sammetstyg-gra-76-x-80-x-102-cm\/#primaryimage"},"thumbnailUrl":"https:\/\/i0.wp.com\/truusk.store\/wp-content\/uploads\/2024\/02\/massagestol-tv-stol-relaxstol-med-liggfunktion-fatolj-med-pall-massagefunktion-sammetslen-polyester-gra-76-x-80-x-102-cm.webp?fit=800%2C800&ssl=1","datePublished":"2024-02-13T18:32:17+00:00","dateModified":"2026-03-12T08:07:36+00:00","breadcrumb":{"@id":"https:\/\/truusk.store\/sv\/produkt\/truusk-massagestol-och-relaxfatolj-liggfunktion-pall-inkluderad-massagefunktion-mjukt-sammetstyg-gra-76-x-80-x-102-cm\/#breadcrumb"},"inLanguage":"sv-SE","potentialAction":[{"@type":"ReadAction","target":["https:\/\/truusk.store\/sv\/produkt\/truusk-massagestol-och-relaxfatolj-liggfunktion-pall-inkluderad-massagefunktion-mjukt-sammetstyg-gra-76-x-80-x-102-cm\/"]}]},{"@type":"ImageObject","inLanguage":"sv-SE","@id":"https:\/\/truusk.store\/sv\/produkt\/truusk-massagestol-och-relaxfatolj-liggfunktion-pall-inkluderad-massagefunktion-mjukt-sammetstyg-gra-76-x-80-x-102-cm\/#primaryimage","url":"https:\/\/i0.wp.com\/truusk.store\/wp-content\/uploads\/2024\/02\/massagestol-tv-stol-relaxstol-med-liggfunktion-fatolj-med-pall-massagefunktion-sammetslen-polyester-gra-76-x-80-x-102-cm.webp?fit=800%2C800&ssl=1","contentUrl":"https:\/\/i0.wp.com\/truusk.store\/wp-content\/uploads\/2024\/02\/massagestol-tv-stol-relaxstol-med-liggfunktion-fatolj-med-pall-massagefunktion-sammetslen-polyester-gra-76-x-80-x-102-cm.webp?fit=800%2C800&ssl=1","width":800,"height":800,"caption":"Massagestol, TV-stol, Relaxstol Med Liggfunktion, F\u00e5t\u00f6lj Med Pall, Massagefunktion, Sammetslen Polyester, Gr\u00e5, 76 X 80 X 102 Cm 1"},{"@type":"BreadcrumbList","@id":"https:\/\/truusk.store\/sv\/produkt\/truusk-massagestol-och-relaxfatolj-liggfunktion-pall-inkluderad-massagefunktion-mjukt-sammetstyg-gra-76-x-80-x-102-cm\/#breadcrumb","itemListElement":[{"@type":"ListItem","position":1,"name":"Home","item":"https:\/\/truusk.store\/sv\/"},{"@type":"ListItem","position":2,"name":"Shop","item":"https:\/\/truusk.store\/shop\/"},{"@type":"ListItem","position":3,"name":"TRUUSK Massagestol och Relaxf\u00e5t\u00f6lj &#8211; Liggfunktion &#8211; Pall inkluderad &#8211; Massagefunktion &#8211; Mjukt sammetstyg &#8211; Gr\u00e5 &#8211; 76 x 80 x 102 cm"}]},{"@type":"WebSite","@id":"https:\/\/truusk.store\/sv\/#website","url":"https:\/\/truusk.store\/sv\/","name":"TRUUSK - Hem, Tr\u00e4dg\u00e5rd & Fritid","description":"","publisher":{"@id":"https:\/\/truusk.store\/sv\/#organization"},"potentialAction":[{"@type":"SearchAction","target":{"@type":"EntryPoint","urlTemplate":"https:\/\/truusk.store\/sv\/?s={search_term_string}"},"query-input":{"@type":"PropertyValueSpecification","valueRequired":true,"valueName":"search_term_string"}}],"inLanguage":"sv-SE"},{"@type":"Organization","@id":"https:\/\/truusk.store\/sv\/#organization","name":"TRUUSK - Hem, Tr\u00e4dg\u00e5rd & Fritid","url":"https:\/\/truusk.store\/sv\/","logo":{"@type":"ImageObject","inLanguage":"sv-SE","@id":"https:\/\/truusk.store\/sv\/#\/schema\/logo\/image\/","url":"https:\/\/i0.wp.com\/truusk.store\/wp-content\/uploads\/2026\/03\/cropped-TRUUSK.png?fit=2032%2C917&ssl=1","contentUrl":"https:\/\/i0.wp.com\/truusk.store\/wp-content\/uploads\/2026\/03\/cropped-TRUUSK.png?fit=2032%2C917&ssl=1","width":2032,"height":917,"caption":"TRUUSK - Hem, Tr\u00e4dg\u00e5rd & Fritid"},"image":{"@id":"https:\/\/truusk.store\/sv\/#\/schema\/logo\/image\/"}}]}},"jetpack_sharing_enabled":true,"_links":{"self":[{"href":"https:\/\/truusk.store\/sv\/wp-json\/wp\/v2\/product\/28283","targetHints":{"allow":["GET"]}}],"collection":[{"href":"https:\/\/truusk.store\/sv\/wp-json\/wp\/v2\/product"}],"about":[{"href":"https:\/\/truusk.store\/sv\/wp-json\/wp\/v2\/types\/product"}],"wp:featuredmedia":[{"embeddable":true,"href":"https:\/\/truusk.store\/sv\/wp-json\/wp\/v2\/media\/28284"}],"wp:attachment":[{"href":"https:\/\/truusk.store\/sv\/wp-json\/wp\/v2\/media?parent=28283"}],"wp:term":[{"taxonomy":"product_brand","embeddable":true,"href":"https:\/\/truusk.store\/sv\/wp-json\/wp\/v2\/product_brand?post=28283"},{"taxonomy":"product_cat","embeddable":true,"href":"https:\/\/truusk.store\/sv\/wp-json\/wp\/v2\/product_cat?post=28283"},{"taxonomy":"product_tag","embeddable":true,"href":"https:\/\/truusk.store\/sv\/wp-json\/wp\/v2\/product_tag?post=28283"}],"curies":[{"name":"wp","href":"https:\/\/api.w.org\/{rel}","templated":true}]}}