{"id":28354,"date":"2024-02-13T19:34:52","date_gmt":"2024-02-13T18:34:52","guid":{"rendered":"https:\/\/truusk.store\/product\/stastol-tv-stol-med-forvaringsvaska-fatolj-med-stahjalp-relaxstol-justerbar-vinkel-fjarrkontroll-konstlader-skum-metallram-svart-84-x-92-x-109-cm\/"},"modified":"2026-03-12T09:07:36","modified_gmt":"2026-03-12T08:07:36","slug":"truusk-stastol-med-forvaringsvaska-tv-stol-med-stahjalp-justerbar-vinkel-fjarrkontroll-konstlader-skum-metallram","status":"publish","type":"product","link":"https:\/\/truusk.store\/sv\/produkt\/truusk-stastol-med-forvaringsvaska-tv-stol-med-stahjalp-justerbar-vinkel-fjarrkontroll-konstlader-skum-metallram\/","title":{"rendered":"TRUUSK St\u00e5stol med F\u00f6rvaringsv\u00e4ska &#8211; TV-stol med St\u00e5hj\u00e4lp &#8211; Justerbar Vinkel &#8211; Fj\u00e4rrkontroll &#8211; Konstl\u00e4der &#8211; Skum &#8211; Metallram &#8211;"},"content":{"rendered":"<p>V\u00e5r elektriska lyft och liggdel \u00e4r perfekt, oavsett om det \u00e4r f\u00f6r st\u00f6d vid skador eller f\u00f6r \u00e4ldre personer som beh\u00f6ver ett rej\u00e4lt elektriskt lyft. Fot- och ryggst\u00f6det man\u00f6vreras med ett reglage, det kan lutas upp till 130 grader och stanna i valfri position. Allt styrs via den medf\u00f6ljande fj\u00e4rrkontrollen, vilket g\u00f6r denna elektriska biostol superbekv\u00e4m att anv\u00e4nda.<\/p>\n<h3>Beskrivning:<\/h3>\n<ul>\n<li>2-i-1 design, b\u00e5de stollift och vilstol<\/li>\n<li>Den maximala lyftvinkeln \u00e4r 45 grader och kan justeras upp till 130<\/li>\n<li>Fj\u00e4rrkontrollen g\u00f6r det enkelt att man\u00f6vrera stolen<\/li>\n<li>Muggh\u00e5llare p\u00e5 b\u00e5da sidor f\u00f6r att h\u00e5lla drycker och andra sm\u00e5 tillbeh\u00f6r<\/li>\n<li>Yta i konstl\u00e4der, slitstark och l\u00e4tt att reng\u00f6ra<\/li>\n<li>Stabil metalllyftmekanism f\u00f6r att b\u00e4ra upp till 150 kg<\/li>\n<li>Tjockt vadderad sits, ryggst\u00f6d, armst\u00f6d och nackst\u00f6d f\u00f6r maximal komfort<\/li>\n<li>Montering kr\u00e4vs<\/li>\n<\/ul>\n<h3>Teknisk data:<\/h3>\n<ul>\n<li>Svart f\u00e4rg<\/li>\n<li>Material: konstl\u00e4der, skum, metallram<\/li>\n<li>\u00d6vergripande m\u00e5tt: 84W x 92D x 109H cm<\/li>\n<li>Solstolens m\u00e5tt: 84W x 161D x 95H cm<\/li>\n<li>Lyftm\u00e5tt: 84W x 94D x 118H cm<\/li>\n<li>Sitsstorlek: 55,5W x 50D cm<\/li>\n<li>Sitth\u00f6jd: 48 cm<\/li>\n<li>Muggh\u00e5llare storlek: 12cm<\/li>\n<li>Sp\u00e4nning: 100-240V\/50-60Hz<\/li>\n<li>Str\u00f6mkabell\u00e4ngd: 1,2 m<\/li>\n<li>Lastkapacitet: 150 kg<\/li>\n<\/ul>\n<h3>Leveransens omfattning:<\/h3>\n<ul>\n<li>1 x TV stol<\/li>\n<li>1 x Fj\u00e4rrkontroll<\/li>\n<li>OBS: Stolen har en grund d\u00e4mpning f\u00f6r att g\u00f6ra det l\u00e4ttare f\u00f6r dig att sitta ner och st\u00e5 upp.<\/li>\n<\/ul>\n","protected":false},"excerpt":{"rendered":"<p>V\u00e5r elektriska lyft och liggdel \u00e4r perfekt, oavsett om det \u00e4r f\u00f6r st\u00f6d vid skador eller f\u00f6r \u00e4ldre personer som&#8230;<\/p>\n","protected":false},"featured_media":28355,"template":"","meta":[],"product_brand":[],"product_cat":[521,485,523],"product_tag":[],"class_list":{"0":"post-28354","1":"product","2":"type-product","3":"status-publish","4":"has-post-thumbnail","6":"product_cat-fatolj","7":"product_cat-hus-bo","8":"product_cat-riser-stol","10":"first","11":"instock","12":"sale","13":"taxable","14":"shipping-taxable","15":"purchasable","16":"product-type-simple"},"yoast_head":"<!-- This site is optimized with the Yoast SEO plugin v25.4 - https:\/\/yoast.com\/wordpress\/plugins\/seo\/ -->\n<title>TRUUSK St\u00e5stol med F\u00f6rvaringsv\u00e4ska - TV-stol med St\u00e5hj\u00e4lp - Justerbar Vinkel - Fj\u00e4rrkontroll - Konstl\u00e4der - Skum - Metallram - TRUUSK - Hem, Tr\u00e4dg\u00e5rd &amp; Fritid<\/title>\n<meta name=\"robots\" content=\"index, follow, max-snippet:-1, max-image-preview:large, max-video-preview:-1\" \/>\n<link rel=\"canonical\" href=\"https:\/\/truusk.store\/sv\/produkt\/truusk-stastol-med-forvaringsvaska-tv-stol-med-stahjalp-justerbar-vinkel-fjarrkontroll-konstlader-skum-metallram\/\" \/>\n<meta property=\"og:locale\" content=\"sv_SE\" \/>\n<meta property=\"og:type\" content=\"article\" \/>\n<meta property=\"og:title\" content=\"TRUUSK St\u00e5stol med F\u00f6rvaringsv\u00e4ska - TV-stol med St\u00e5hj\u00e4lp - Justerbar Vinkel - Fj\u00e4rrkontroll - Konstl\u00e4der - Skum - Metallram - TRUUSK - Hem, Tr\u00e4dg\u00e5rd &amp; Fritid\" \/>\n<meta property=\"og:description\" content=\"V\u00e5r elektriska lyft och liggdel \u00e4r perfekt, oavsett om det \u00e4r f\u00f6r st\u00f6d vid skador eller f\u00f6r \u00e4ldre personer som...\" \/>\n<meta property=\"og:url\" content=\"https:\/\/truusk.store\/sv\/produkt\/truusk-stastol-med-forvaringsvaska-tv-stol-med-stahjalp-justerbar-vinkel-fjarrkontroll-konstlader-skum-metallram\/\" \/>\n<meta property=\"og:site_name\" content=\"TRUUSK - Hem, Tr\u00e4dg\u00e5rd &amp; Fritid\" \/>\n<meta property=\"article:modified_time\" content=\"2026-03-12T08:07:36+00:00\" \/>\n<meta property=\"og:image\" content=\"https:\/\/i0.wp.com\/truusk.se\/wp-content\/uploads\/2024\/02\/stastol-tv-stol-med-forvaringsvaska-fatolj-med-stahjalp-relaxstol-justerbar-vinkel-fjarrkontroll-konstlader-skum-metallram-svart-84-x-92-x-109-cm.webp?fit=800%2C800&ssl=1\" \/>\n\t<meta property=\"og:image:width\" content=\"800\" \/>\n\t<meta property=\"og:image:height\" content=\"800\" \/>\n\t<meta property=\"og:image:type\" content=\"image\/webp\" \/>\n<meta name=\"twitter:card\" content=\"summary_large_image\" \/>\n<meta name=\"twitter:label1\" content=\"Ber\u00e4knad l\u00e4stid\" \/>\n\t<meta name=\"twitter:data1\" content=\"1 minut\" \/>\n<!-- \/ Yoast SEO plugin. -->","yoast_head_json":{"title":"TRUUSK St\u00e5stol med F\u00f6rvaringsv\u00e4ska - TV-stol med St\u00e5hj\u00e4lp - Justerbar Vinkel - Fj\u00e4rrkontroll - Konstl\u00e4der - Skum - Metallram - TRUUSK - Hem, Tr\u00e4dg\u00e5rd &amp; Fritid","robots":{"index":"index","follow":"follow","max-snippet":"max-snippet:-1","max-image-preview":"max-image-preview:large","max-video-preview":"max-video-preview:-1"},"canonical":"https:\/\/truusk.store\/sv\/produkt\/truusk-stastol-med-forvaringsvaska-tv-stol-med-stahjalp-justerbar-vinkel-fjarrkontroll-konstlader-skum-metallram\/","og_locale":"sv_SE","og_type":"article","og_title":"TRUUSK St\u00e5stol med F\u00f6rvaringsv\u00e4ska - TV-stol med St\u00e5hj\u00e4lp - Justerbar Vinkel - Fj\u00e4rrkontroll - Konstl\u00e4der - Skum - Metallram - TRUUSK - Hem, Tr\u00e4dg\u00e5rd &amp; Fritid","og_description":"V\u00e5r elektriska lyft och liggdel \u00e4r perfekt, oavsett om det \u00e4r f\u00f6r st\u00f6d vid skador eller f\u00f6r \u00e4ldre personer som...","og_url":"https:\/\/truusk.store\/sv\/produkt\/truusk-stastol-med-forvaringsvaska-tv-stol-med-stahjalp-justerbar-vinkel-fjarrkontroll-konstlader-skum-metallram\/","og_site_name":"TRUUSK - Hem, Tr\u00e4dg\u00e5rd &amp; Fritid","article_modified_time":"2026-03-12T08:07:36+00:00","og_image":[{"width":800,"height":800,"url":"https:\/\/i0.wp.com\/truusk.se\/wp-content\/uploads\/2024\/02\/stastol-tv-stol-med-forvaringsvaska-fatolj-med-stahjalp-relaxstol-justerbar-vinkel-fjarrkontroll-konstlader-skum-metallram-svart-84-x-92-x-109-cm.webp?fit=800%2C800&ssl=1","type":"image\/webp"}],"twitter_card":"summary_large_image","twitter_misc":{"Ber\u00e4knad l\u00e4stid":"1 minut"},"schema":{"@context":"https:\/\/schema.org","@graph":[{"@type":"WebPage","@id":"https:\/\/truusk.store\/sv\/produkt\/truusk-stastol-med-forvaringsvaska-tv-stol-med-stahjalp-justerbar-vinkel-fjarrkontroll-konstlader-skum-metallram\/","url":"https:\/\/truusk.store\/sv\/produkt\/truusk-stastol-med-forvaringsvaska-tv-stol-med-stahjalp-justerbar-vinkel-fjarrkontroll-konstlader-skum-metallram\/","name":"TRUUSK St\u00e5stol med F\u00f6rvaringsv\u00e4ska - TV-stol med St\u00e5hj\u00e4lp - Justerbar Vinkel - Fj\u00e4rrkontroll - Konstl\u00e4der - Skum - Metallram - TRUUSK - Hem, Tr\u00e4dg\u00e5rd &amp; Fritid","isPartOf":{"@id":"https:\/\/truusk.store\/sv\/#website"},"primaryImageOfPage":{"@id":"https:\/\/truusk.store\/sv\/produkt\/truusk-stastol-med-forvaringsvaska-tv-stol-med-stahjalp-justerbar-vinkel-fjarrkontroll-konstlader-skum-metallram\/#primaryimage"},"image":{"@id":"https:\/\/truusk.store\/sv\/produkt\/truusk-stastol-med-forvaringsvaska-tv-stol-med-stahjalp-justerbar-vinkel-fjarrkontroll-konstlader-skum-metallram\/#primaryimage"},"thumbnailUrl":"https:\/\/i0.wp.com\/truusk.store\/wp-content\/uploads\/2024\/02\/stastol-tv-stol-med-forvaringsvaska-fatolj-med-stahjalp-relaxstol-justerbar-vinkel-fjarrkontroll-konstlader-skum-metallram-svart-84-x-92-x-109-cm.webp?fit=800%2C800&ssl=1","datePublished":"2024-02-13T18:34:52+00:00","dateModified":"2026-03-12T08:07:36+00:00","breadcrumb":{"@id":"https:\/\/truusk.store\/sv\/produkt\/truusk-stastol-med-forvaringsvaska-tv-stol-med-stahjalp-justerbar-vinkel-fjarrkontroll-konstlader-skum-metallram\/#breadcrumb"},"inLanguage":"sv-SE","potentialAction":[{"@type":"ReadAction","target":["https:\/\/truusk.store\/sv\/produkt\/truusk-stastol-med-forvaringsvaska-tv-stol-med-stahjalp-justerbar-vinkel-fjarrkontroll-konstlader-skum-metallram\/"]}]},{"@type":"ImageObject","inLanguage":"sv-SE","@id":"https:\/\/truusk.store\/sv\/produkt\/truusk-stastol-med-forvaringsvaska-tv-stol-med-stahjalp-justerbar-vinkel-fjarrkontroll-konstlader-skum-metallram\/#primaryimage","url":"https:\/\/i0.wp.com\/truusk.store\/wp-content\/uploads\/2024\/02\/stastol-tv-stol-med-forvaringsvaska-fatolj-med-stahjalp-relaxstol-justerbar-vinkel-fjarrkontroll-konstlader-skum-metallram-svart-84-x-92-x-109-cm.webp?fit=800%2C800&ssl=1","contentUrl":"https:\/\/i0.wp.com\/truusk.store\/wp-content\/uploads\/2024\/02\/stastol-tv-stol-med-forvaringsvaska-fatolj-med-stahjalp-relaxstol-justerbar-vinkel-fjarrkontroll-konstlader-skum-metallram-svart-84-x-92-x-109-cm.webp?fit=800%2C800&ssl=1","width":800,"height":800,"caption":"St\u00e5stol, TV-stol Med F\u00f6rvaringsv\u00e4ska, F\u00e5t\u00f6lj Med St\u00e5hj\u00e4lp, Relaxstol, Justerbar Vinkel, Fj\u00e4rrkontroll, Konstl\u00e4der, Skum, Metallram, Svart, 84 X 92 X 109 Cm 1"},{"@type":"BreadcrumbList","@id":"https:\/\/truusk.store\/sv\/produkt\/truusk-stastol-med-forvaringsvaska-tv-stol-med-stahjalp-justerbar-vinkel-fjarrkontroll-konstlader-skum-metallram\/#breadcrumb","itemListElement":[{"@type":"ListItem","position":1,"name":"Home","item":"https:\/\/truusk.store\/sv\/"},{"@type":"ListItem","position":2,"name":"Shop","item":"https:\/\/truusk.store\/shop\/"},{"@type":"ListItem","position":3,"name":"TRUUSK St\u00e5stol med F\u00f6rvaringsv\u00e4ska &#8211; TV-stol med St\u00e5hj\u00e4lp &#8211; Justerbar Vinkel &#8211; Fj\u00e4rrkontroll &#8211; Konstl\u00e4der &#8211; Skum &#8211; Metallram &#8211;"}]},{"@type":"WebSite","@id":"https:\/\/truusk.store\/sv\/#website","url":"https:\/\/truusk.store\/sv\/","name":"TRUUSK - Hem, Tr\u00e4dg\u00e5rd & Fritid","description":"","publisher":{"@id":"https:\/\/truusk.store\/sv\/#organization"},"potentialAction":[{"@type":"SearchAction","target":{"@type":"EntryPoint","urlTemplate":"https:\/\/truusk.store\/sv\/?s={search_term_string}"},"query-input":{"@type":"PropertyValueSpecification","valueRequired":true,"valueName":"search_term_string"}}],"inLanguage":"sv-SE"},{"@type":"Organization","@id":"https:\/\/truusk.store\/sv\/#organization","name":"TRUUSK - Hem, Tr\u00e4dg\u00e5rd & Fritid","url":"https:\/\/truusk.store\/sv\/","logo":{"@type":"ImageObject","inLanguage":"sv-SE","@id":"https:\/\/truusk.store\/sv\/#\/schema\/logo\/image\/","url":"https:\/\/i0.wp.com\/truusk.store\/wp-content\/uploads\/2026\/03\/cropped-TRUUSK.png?fit=2032%2C917&ssl=1","contentUrl":"https:\/\/i0.wp.com\/truusk.store\/wp-content\/uploads\/2026\/03\/cropped-TRUUSK.png?fit=2032%2C917&ssl=1","width":2032,"height":917,"caption":"TRUUSK - Hem, Tr\u00e4dg\u00e5rd & Fritid"},"image":{"@id":"https:\/\/truusk.store\/sv\/#\/schema\/logo\/image\/"}}]}},"jetpack_sharing_enabled":true,"_links":{"self":[{"href":"https:\/\/truusk.store\/sv\/wp-json\/wp\/v2\/product\/28354","targetHints":{"allow":["GET"]}}],"collection":[{"href":"https:\/\/truusk.store\/sv\/wp-json\/wp\/v2\/product"}],"about":[{"href":"https:\/\/truusk.store\/sv\/wp-json\/wp\/v2\/types\/product"}],"wp:featuredmedia":[{"embeddable":true,"href":"https:\/\/truusk.store\/sv\/wp-json\/wp\/v2\/media\/28355"}],"wp:attachment":[{"href":"https:\/\/truusk.store\/sv\/wp-json\/wp\/v2\/media?parent=28354"}],"wp:term":[{"taxonomy":"product_brand","embeddable":true,"href":"https:\/\/truusk.store\/sv\/wp-json\/wp\/v2\/product_brand?post=28354"},{"taxonomy":"product_cat","embeddable":true,"href":"https:\/\/truusk.store\/sv\/wp-json\/wp\/v2\/product_cat?post=28354"},{"taxonomy":"product_tag","embeddable":true,"href":"https:\/\/truusk.store\/sv\/wp-json\/wp\/v2\/product_tag?post=28354"}],"curies":[{"name":"wp","href":"https:\/\/api.w.org\/{rel}","templated":true}]}}