{"id":28376,"date":"2024-02-13T19:35:32","date_gmt":"2024-02-13T18:35:32","guid":{"rendered":"https:\/\/truusk.store\/product\/barns-gungdjur-gunghast-morkgron-64-x-30-x-54-cm\/"},"modified":"2026-03-12T09:07:37","modified_gmt":"2026-03-12T08:07:37","slug":"truusk-barns-gungdjur-gunghast-morkgron-64-x-30-x-54-cm-robust-och-saker-for-barn-upp-till-25-kg","status":"publish","type":"product","link":"https:\/\/truusk.store\/sv\/produkt\/truusk-barns-gungdjur-gunghast-morkgron-64-x-30-x-54-cm-robust-och-saker-for-barn-upp-till-25-kg\/","title":{"rendered":"TRUUSK Barns Gungdjur Gungh\u00e4st &#8211; M\u00f6rkgr\u00f6n &#8211; 64 X 30 X 54 Cm &#8211; Robust och S\u00e4ker &#8211; F\u00f6r Barn upp till 25 kg"},"content":{"rendered":"<p>Ditt barn kommer att ha o\u00e4ndligt roligt med denna s\u00f6ta gungleksak i en Triceratops dinosauriedesign. Gungdjur kan hj\u00e4lpa barn att f\u00f6rb\u00e4ttra r\u00f6rligheten, inspirera till sj\u00e4lvst\u00e4ndig lek och gruppspel, st\u00e4rka k\u00e4rnmuskler och armar under r\u00f6relse och f\u00f6rb\u00e4ttra balansen. Som en extra funktion kommer denna gungleksak med djurl\u00e4ten.<\/p>\n<h3>Beskrivning:<\/h3>\n<ul>\n<li>Traditionell gungleksak med en rolig Triceratops-design<\/li>\n<li>St\u00e4rker k\u00e4rnmusklerna och armarna under r\u00f6relse, hj\u00e4lper ocks\u00e5 till att f\u00f6rb\u00e4ttra balansen<\/li>\n<li>Tr\u00e4golvet har tv\u00e5 b\u00f6jda skenor som g\u00f6r att leksaken kan gunga fram\u00e5t och bak\u00e5t<\/li>\n<li>Tryck p\u00e5 hornet f\u00f6r realistiska djurl\u00e4ten<\/li>\n<li>Rekommenderas f\u00f6r \u00e5ldrarna 36-72 m\u00e5nader<\/li>\n<li>Montering kr\u00e4vs<\/li>\n<\/ul>\n<h3>Teknisk data:<\/h3>\n<ul>\n<li>F\u00e4rg: m\u00f6rkgr\u00f6n<\/li>\n<li>Material: plysch, tr\u00e4, metall<\/li>\n<li>Totala m\u00e5tt: 64L x 30W x 54H cm<\/li>\n<li>Sitth\u00f6jd: 36 cm (utan s\u00e4kerhetsb\u00e4lte, utan fotst\u00f6d)<\/li>\n<li>Lastkapacitet: 45 kg<\/li>\n<li>Rekommenderas f\u00f6r \u00e5ldrarna 36-72 m\u00e5nader<\/li>\n<li>Tillbeh\u00f6r: 3 x LR44-batterier<\/li>\n<\/ul>\n<h3>Leveransens omfattning:<\/h3>\n<ul>\n<li>1 x gungh\u00e4st<\/li>\n<li>3 x LR44 batterier<\/li>\n<li>1 x Instruktioner<\/li>\n<\/ul>\n","protected":false},"excerpt":{"rendered":"<p>Ditt barn kommer att ha o\u00e4ndligt roligt med denna s\u00f6ta gungleksak i en Triceratops dinosauriedesign. Gungdjur kan hj\u00e4lpa barn att&#8230;<\/p>\n","protected":false},"featured_media":28377,"template":"","meta":[],"product_brand":[],"product_cat":[609,625,624],"product_tag":[],"class_list":{"0":"post-28376","1":"product","2":"type-product","3":"status-publish","4":"has-post-thumbnail","6":"product_cat-baby-barn","7":"product_cat-gungande-djur","8":"product_cat-leksak","10":"first","11":"instock","12":"sale","13":"taxable","14":"shipping-taxable","15":"purchasable","16":"product-type-simple"},"yoast_head":"<!-- This site is optimized with the Yoast SEO plugin v25.4 - https:\/\/yoast.com\/wordpress\/plugins\/seo\/ -->\n<title>TRUUSK Barns Gungdjur Gungh\u00e4st - M\u00f6rkgr\u00f6n - 64 X 30 X 54 Cm - Robust och S\u00e4ker - F\u00f6r Barn upp till 25 kg - TRUUSK - Hem, Tr\u00e4dg\u00e5rd &amp; Fritid<\/title>\n<meta name=\"robots\" content=\"index, follow, max-snippet:-1, max-image-preview:large, max-video-preview:-1\" \/>\n<link rel=\"canonical\" href=\"https:\/\/truusk.store\/sv\/produkt\/truusk-barns-gungdjur-gunghast-morkgron-64-x-30-x-54-cm-robust-och-saker-for-barn-upp-till-25-kg\/\" \/>\n<meta property=\"og:locale\" content=\"sv_SE\" \/>\n<meta property=\"og:type\" content=\"article\" \/>\n<meta property=\"og:title\" content=\"TRUUSK Barns Gungdjur Gungh\u00e4st - M\u00f6rkgr\u00f6n - 64 X 30 X 54 Cm - Robust och S\u00e4ker - F\u00f6r Barn upp till 25 kg - TRUUSK - Hem, Tr\u00e4dg\u00e5rd &amp; Fritid\" \/>\n<meta property=\"og:description\" content=\"Ditt barn kommer att ha o\u00e4ndligt roligt med denna s\u00f6ta gungleksak i en Triceratops dinosauriedesign. Gungdjur kan hj\u00e4lpa barn att...\" \/>\n<meta property=\"og:url\" content=\"https:\/\/truusk.store\/sv\/produkt\/truusk-barns-gungdjur-gunghast-morkgron-64-x-30-x-54-cm-robust-och-saker-for-barn-upp-till-25-kg\/\" \/>\n<meta property=\"og:site_name\" content=\"TRUUSK - Hem, Tr\u00e4dg\u00e5rd &amp; Fritid\" \/>\n<meta property=\"article:modified_time\" content=\"2026-03-12T08:07:37+00:00\" \/>\n<meta property=\"og:image\" content=\"https:\/\/i0.wp.com\/truusk.se\/wp-content\/uploads\/2024\/02\/barns-gungdjur-gunghast-morkgron-64-x-30-x-54-cm.webp?fit=800%2C800&ssl=1\" \/>\n\t<meta property=\"og:image:width\" content=\"800\" \/>\n\t<meta property=\"og:image:height\" content=\"800\" \/>\n\t<meta property=\"og:image:type\" content=\"image\/webp\" \/>\n<meta name=\"twitter:card\" content=\"summary_large_image\" \/>\n<meta name=\"twitter:label1\" content=\"Ber\u00e4knad l\u00e4stid\" \/>\n\t<meta name=\"twitter:data1\" content=\"1 minut\" \/>\n<!-- \/ Yoast SEO plugin. -->","yoast_head_json":{"title":"TRUUSK Barns Gungdjur Gungh\u00e4st - M\u00f6rkgr\u00f6n - 64 X 30 X 54 Cm - Robust och S\u00e4ker - F\u00f6r Barn upp till 25 kg - TRUUSK - Hem, Tr\u00e4dg\u00e5rd &amp; Fritid","robots":{"index":"index","follow":"follow","max-snippet":"max-snippet:-1","max-image-preview":"max-image-preview:large","max-video-preview":"max-video-preview:-1"},"canonical":"https:\/\/truusk.store\/sv\/produkt\/truusk-barns-gungdjur-gunghast-morkgron-64-x-30-x-54-cm-robust-och-saker-for-barn-upp-till-25-kg\/","og_locale":"sv_SE","og_type":"article","og_title":"TRUUSK Barns Gungdjur Gungh\u00e4st - M\u00f6rkgr\u00f6n - 64 X 30 X 54 Cm - Robust och S\u00e4ker - F\u00f6r Barn upp till 25 kg - TRUUSK - Hem, Tr\u00e4dg\u00e5rd &amp; Fritid","og_description":"Ditt barn kommer att ha o\u00e4ndligt roligt med denna s\u00f6ta gungleksak i en Triceratops dinosauriedesign. Gungdjur kan hj\u00e4lpa barn att...","og_url":"https:\/\/truusk.store\/sv\/produkt\/truusk-barns-gungdjur-gunghast-morkgron-64-x-30-x-54-cm-robust-och-saker-for-barn-upp-till-25-kg\/","og_site_name":"TRUUSK - Hem, Tr\u00e4dg\u00e5rd &amp; Fritid","article_modified_time":"2026-03-12T08:07:37+00:00","og_image":[{"width":800,"height":800,"url":"https:\/\/i0.wp.com\/truusk.se\/wp-content\/uploads\/2024\/02\/barns-gungdjur-gunghast-morkgron-64-x-30-x-54-cm.webp?fit=800%2C800&ssl=1","type":"image\/webp"}],"twitter_card":"summary_large_image","twitter_misc":{"Ber\u00e4knad l\u00e4stid":"1 minut"},"schema":{"@context":"https:\/\/schema.org","@graph":[{"@type":"WebPage","@id":"https:\/\/truusk.store\/sv\/produkt\/truusk-barns-gungdjur-gunghast-morkgron-64-x-30-x-54-cm-robust-och-saker-for-barn-upp-till-25-kg\/","url":"https:\/\/truusk.store\/sv\/produkt\/truusk-barns-gungdjur-gunghast-morkgron-64-x-30-x-54-cm-robust-och-saker-for-barn-upp-till-25-kg\/","name":"TRUUSK Barns Gungdjur Gungh\u00e4st - M\u00f6rkgr\u00f6n - 64 X 30 X 54 Cm - Robust och S\u00e4ker - F\u00f6r Barn upp till 25 kg - TRUUSK - Hem, Tr\u00e4dg\u00e5rd &amp; Fritid","isPartOf":{"@id":"https:\/\/truusk.store\/sv\/#website"},"primaryImageOfPage":{"@id":"https:\/\/truusk.store\/sv\/produkt\/truusk-barns-gungdjur-gunghast-morkgron-64-x-30-x-54-cm-robust-och-saker-for-barn-upp-till-25-kg\/#primaryimage"},"image":{"@id":"https:\/\/truusk.store\/sv\/produkt\/truusk-barns-gungdjur-gunghast-morkgron-64-x-30-x-54-cm-robust-och-saker-for-barn-upp-till-25-kg\/#primaryimage"},"thumbnailUrl":"https:\/\/i0.wp.com\/truusk.store\/wp-content\/uploads\/2024\/02\/barns-gungdjur-gunghast-morkgron-64-x-30-x-54-cm.webp?fit=800%2C800&ssl=1","datePublished":"2024-02-13T18:35:32+00:00","dateModified":"2026-03-12T08:07:37+00:00","breadcrumb":{"@id":"https:\/\/truusk.store\/sv\/produkt\/truusk-barns-gungdjur-gunghast-morkgron-64-x-30-x-54-cm-robust-och-saker-for-barn-upp-till-25-kg\/#breadcrumb"},"inLanguage":"sv-SE","potentialAction":[{"@type":"ReadAction","target":["https:\/\/truusk.store\/sv\/produkt\/truusk-barns-gungdjur-gunghast-morkgron-64-x-30-x-54-cm-robust-och-saker-for-barn-upp-till-25-kg\/"]}]},{"@type":"ImageObject","inLanguage":"sv-SE","@id":"https:\/\/truusk.store\/sv\/produkt\/truusk-barns-gungdjur-gunghast-morkgron-64-x-30-x-54-cm-robust-och-saker-for-barn-upp-till-25-kg\/#primaryimage","url":"https:\/\/i0.wp.com\/truusk.store\/wp-content\/uploads\/2024\/02\/barns-gungdjur-gunghast-morkgron-64-x-30-x-54-cm.webp?fit=800%2C800&ssl=1","contentUrl":"https:\/\/i0.wp.com\/truusk.store\/wp-content\/uploads\/2024\/02\/barns-gungdjur-gunghast-morkgron-64-x-30-x-54-cm.webp?fit=800%2C800&ssl=1","width":800,"height":800,"caption":"Barns Gungdjur Gungh\u00e4st M\u00f6rkgr\u00f6n 64 X 30 X 54 Cm 1"},{"@type":"BreadcrumbList","@id":"https:\/\/truusk.store\/sv\/produkt\/truusk-barns-gungdjur-gunghast-morkgron-64-x-30-x-54-cm-robust-och-saker-for-barn-upp-till-25-kg\/#breadcrumb","itemListElement":[{"@type":"ListItem","position":1,"name":"Home","item":"https:\/\/truusk.store\/sv\/"},{"@type":"ListItem","position":2,"name":"Shop","item":"https:\/\/truusk.store\/shop\/"},{"@type":"ListItem","position":3,"name":"TRUUSK Barns Gungdjur Gungh\u00e4st &#8211; M\u00f6rkgr\u00f6n &#8211; 64 X 30 X 54 Cm &#8211; Robust och S\u00e4ker &#8211; F\u00f6r Barn upp till 25 kg"}]},{"@type":"WebSite","@id":"https:\/\/truusk.store\/sv\/#website","url":"https:\/\/truusk.store\/sv\/","name":"TRUUSK - Hem, Tr\u00e4dg\u00e5rd & Fritid","description":"","publisher":{"@id":"https:\/\/truusk.store\/sv\/#organization"},"potentialAction":[{"@type":"SearchAction","target":{"@type":"EntryPoint","urlTemplate":"https:\/\/truusk.store\/sv\/?s={search_term_string}"},"query-input":{"@type":"PropertyValueSpecification","valueRequired":true,"valueName":"search_term_string"}}],"inLanguage":"sv-SE"},{"@type":"Organization","@id":"https:\/\/truusk.store\/sv\/#organization","name":"TRUUSK - Hem, Tr\u00e4dg\u00e5rd & Fritid","url":"https:\/\/truusk.store\/sv\/","logo":{"@type":"ImageObject","inLanguage":"sv-SE","@id":"https:\/\/truusk.store\/sv\/#\/schema\/logo\/image\/","url":"https:\/\/i0.wp.com\/truusk.store\/wp-content\/uploads\/2026\/03\/cropped-TRUUSK.png?fit=2032%2C917&ssl=1","contentUrl":"https:\/\/i0.wp.com\/truusk.store\/wp-content\/uploads\/2026\/03\/cropped-TRUUSK.png?fit=2032%2C917&ssl=1","width":2032,"height":917,"caption":"TRUUSK - Hem, Tr\u00e4dg\u00e5rd & Fritid"},"image":{"@id":"https:\/\/truusk.store\/sv\/#\/schema\/logo\/image\/"}}]}},"jetpack_sharing_enabled":true,"_links":{"self":[{"href":"https:\/\/truusk.store\/sv\/wp-json\/wp\/v2\/product\/28376","targetHints":{"allow":["GET"]}}],"collection":[{"href":"https:\/\/truusk.store\/sv\/wp-json\/wp\/v2\/product"}],"about":[{"href":"https:\/\/truusk.store\/sv\/wp-json\/wp\/v2\/types\/product"}],"wp:featuredmedia":[{"embeddable":true,"href":"https:\/\/truusk.store\/sv\/wp-json\/wp\/v2\/media\/28377"}],"wp:attachment":[{"href":"https:\/\/truusk.store\/sv\/wp-json\/wp\/v2\/media?parent=28376"}],"wp:term":[{"taxonomy":"product_brand","embeddable":true,"href":"https:\/\/truusk.store\/sv\/wp-json\/wp\/v2\/product_brand?post=28376"},{"taxonomy":"product_cat","embeddable":true,"href":"https:\/\/truusk.store\/sv\/wp-json\/wp\/v2\/product_cat?post=28376"},{"taxonomy":"product_tag","embeddable":true,"href":"https:\/\/truusk.store\/sv\/wp-json\/wp\/v2\/product_tag?post=28376"}],"curies":[{"name":"wp","href":"https:\/\/api.w.org\/{rel}","templated":true}]}}