{"id":28420,"date":"2024-02-13T19:37:07","date_gmt":"2024-02-13T18:37:07","guid":{"rendered":"https:\/\/truusk.store\/product\/skaparkivskap-med-lamelldorrar-garderob-forvaringsskap-industriskap-i-metall-med-2-justerbara-hyllor-vardagsrum-sovrum-svart-75-x-33-x-110-cm\/"},"modified":"2026-03-12T09:07:38","modified_gmt":"2026-03-12T08:07:38","slug":"truusk-svart-metallskap-med-lamelldorrar-garderob-och-forvaringsskap-justerbara-hyllor-for-vardagsrum-och-sovrum","status":"publish","type":"product","link":"https:\/\/truusk.store\/sv\/produkt\/truusk-svart-metallskap-med-lamelldorrar-garderob-och-forvaringsskap-justerbara-hyllor-for-vardagsrum-och-sovrum\/","title":{"rendered":"TRUUSK Svart Metallsk\u00e5p med Lamelld\u00f6rrar &#8211; Garderob och F\u00f6rvaringssk\u00e5p &#8211; Justerbara Hyllor &#8211; F\u00f6r Vardagsrum och Sovrum &#8211;"},"content":{"rendered":"<p>F\u00f6rsk\u00f6na ditt hem med detta sk\u00e5p. Metallkonstruktionen ger h\u00e5llbarhet och ger ditt rum ett professionellt utseende. Sk\u00e5pet \u00e4r utrustat med en metalld\u00f6rr med ventilations\u00f6ppningar f\u00f6r att h\u00e5lla f\u00f6rem\u00e5l utom synh\u00e5ll och s\u00e4kerst\u00e4lla ventilation. L\u00e4mplig f\u00f6r f\u00f6rvaring av verktyg och tillbeh\u00f6r samt handdukar och b\u00f6cker.<\/p>\n<h3>Beskrivning:<\/h3>\n<ul>\n<li>Detta eleganta sk\u00e5p har en metalld\u00f6rr med lameller<\/li>\n<li>L\u00e4mplig f\u00f6r f\u00f6rvaring av verktyg och tillbeh\u00f6r samt handdukar och b\u00f6cker<\/li>\n<li>2 justerbara inv\u00e4ndiga hyllor kan l\u00e5sas i 17 fasta niv\u00e5er<\/li>\n<li>Magnetisk d\u00f6rrst\u00e4ngning f\u00f6r enkel \u00f6ppning och st\u00e4ngning<\/li>\n<li>Flexibel f\u00f6rvaringsl\u00f6sning f\u00f6r garage, lager, kontor, skola, hem<\/li>\n<li>Tillverkad av elegant metall<\/li>\n<li>Har en tipps\u00e4ker design och kan v\u00e4ggmonteras<\/li>\n<li>Montering kr\u00e4vs<\/li>\n<\/ul>\n<h3>Teknisk data:<\/h3>\n<ul>\n<li>Svart f\u00e4rg<\/li>\n<li>Material: metall<\/li>\n<li>\u00d6vergripande m\u00e5tt: 75W x 33D x 110H cm<\/li>\n<li>Lastkapacitet: 10 kg (hylla), 50 kg (hel)<\/li>\n<li>H\u00f6jd fr\u00e5n golv till golv: 7,7 cm<\/li>\n<\/ul>\n<h3>Leveransens omfattning:<\/h3>\n<ul>\n<li>1 x Sk\u00e5p<\/li>\n<li>1 x Instruktioner<\/li>\n<\/ul>\n","protected":false},"excerpt":{"rendered":"<p>F\u00f6rsk\u00f6na ditt hem med detta sk\u00e5p. Metallkonstruktionen ger h\u00e5llbarhet och ger ditt rum ett professionellt utseende. Sk\u00e5pet \u00e4r utrustat med&#8230;<\/p>\n","protected":false},"featured_media":28421,"template":"","meta":[],"product_brand":[],"product_cat":[485,532,528],"product_tag":[],"class_list":{"0":"post-28420","1":"product","2":"type-product","3":"status-publish","4":"has-post-thumbnail","6":"product_cat-hus-bo","7":"product_cat-skap","8":"product_cat-skap-byraer","10":"first","11":"instock","12":"sale","13":"taxable","14":"shipping-taxable","15":"purchasable","16":"product-type-simple"},"yoast_head":"<!-- This site is optimized with the Yoast SEO plugin v25.4 - https:\/\/yoast.com\/wordpress\/plugins\/seo\/ -->\n<title>TRUUSK Svart Metallsk\u00e5p med Lamelld\u00f6rrar - Garderob och F\u00f6rvaringssk\u00e5p - Justerbara Hyllor - F\u00f6r Vardagsrum och Sovrum - TRUUSK - Hem, Tr\u00e4dg\u00e5rd &amp; Fritid<\/title>\n<meta name=\"robots\" content=\"index, follow, max-snippet:-1, max-image-preview:large, max-video-preview:-1\" \/>\n<link rel=\"canonical\" href=\"https:\/\/truusk.store\/sv\/produkt\/truusk-svart-metallskap-med-lamelldorrar-garderob-och-forvaringsskap-justerbara-hyllor-for-vardagsrum-och-sovrum\/\" \/>\n<meta property=\"og:locale\" content=\"sv_SE\" \/>\n<meta property=\"og:type\" content=\"article\" \/>\n<meta property=\"og:title\" content=\"TRUUSK Svart Metallsk\u00e5p med Lamelld\u00f6rrar - Garderob och F\u00f6rvaringssk\u00e5p - Justerbara Hyllor - F\u00f6r Vardagsrum och Sovrum - TRUUSK - Hem, Tr\u00e4dg\u00e5rd &amp; Fritid\" \/>\n<meta property=\"og:description\" content=\"F\u00f6rsk\u00f6na ditt hem med detta sk\u00e5p. Metallkonstruktionen ger h\u00e5llbarhet och ger ditt rum ett professionellt utseende. Sk\u00e5pet \u00e4r utrustat med...\" \/>\n<meta property=\"og:url\" content=\"https:\/\/truusk.store\/sv\/produkt\/truusk-svart-metallskap-med-lamelldorrar-garderob-och-forvaringsskap-justerbara-hyllor-for-vardagsrum-och-sovrum\/\" \/>\n<meta property=\"og:site_name\" content=\"TRUUSK - Hem, Tr\u00e4dg\u00e5rd &amp; Fritid\" \/>\n<meta property=\"article:modified_time\" content=\"2026-03-12T08:07:38+00:00\" \/>\n<meta property=\"og:image\" content=\"https:\/\/i0.wp.com\/truusk.se\/wp-content\/uploads\/2024\/02\/skaparkivskap-med-lamelldorrar-garderob-forvaringsskap-industriskap-i-metall-med-2-justerbara-hyllor-vardagsrum-sovrum-svart-75-x-33-x-110-cm.webp?fit=800%2C800&ssl=1\" \/>\n\t<meta property=\"og:image:width\" content=\"800\" \/>\n\t<meta property=\"og:image:height\" content=\"800\" \/>\n\t<meta property=\"og:image:type\" content=\"image\/webp\" \/>\n<meta name=\"twitter:card\" content=\"summary_large_image\" \/>\n<meta name=\"twitter:label1\" content=\"Ber\u00e4knad l\u00e4stid\" \/>\n\t<meta name=\"twitter:data1\" content=\"1 minut\" \/>\n<!-- \/ Yoast SEO plugin. -->","yoast_head_json":{"title":"TRUUSK Svart Metallsk\u00e5p med Lamelld\u00f6rrar - Garderob och F\u00f6rvaringssk\u00e5p - Justerbara Hyllor - F\u00f6r Vardagsrum och Sovrum - TRUUSK - Hem, Tr\u00e4dg\u00e5rd &amp; Fritid","robots":{"index":"index","follow":"follow","max-snippet":"max-snippet:-1","max-image-preview":"max-image-preview:large","max-video-preview":"max-video-preview:-1"},"canonical":"https:\/\/truusk.store\/sv\/produkt\/truusk-svart-metallskap-med-lamelldorrar-garderob-och-forvaringsskap-justerbara-hyllor-for-vardagsrum-och-sovrum\/","og_locale":"sv_SE","og_type":"article","og_title":"TRUUSK Svart Metallsk\u00e5p med Lamelld\u00f6rrar - Garderob och F\u00f6rvaringssk\u00e5p - Justerbara Hyllor - F\u00f6r Vardagsrum och Sovrum - TRUUSK - Hem, Tr\u00e4dg\u00e5rd &amp; Fritid","og_description":"F\u00f6rsk\u00f6na ditt hem med detta sk\u00e5p. Metallkonstruktionen ger h\u00e5llbarhet och ger ditt rum ett professionellt utseende. Sk\u00e5pet \u00e4r utrustat med...","og_url":"https:\/\/truusk.store\/sv\/produkt\/truusk-svart-metallskap-med-lamelldorrar-garderob-och-forvaringsskap-justerbara-hyllor-for-vardagsrum-och-sovrum\/","og_site_name":"TRUUSK - Hem, Tr\u00e4dg\u00e5rd &amp; Fritid","article_modified_time":"2026-03-12T08:07:38+00:00","og_image":[{"width":800,"height":800,"url":"https:\/\/i0.wp.com\/truusk.se\/wp-content\/uploads\/2024\/02\/skaparkivskap-med-lamelldorrar-garderob-forvaringsskap-industriskap-i-metall-med-2-justerbara-hyllor-vardagsrum-sovrum-svart-75-x-33-x-110-cm.webp?fit=800%2C800&ssl=1","type":"image\/webp"}],"twitter_card":"summary_large_image","twitter_misc":{"Ber\u00e4knad l\u00e4stid":"1 minut"},"schema":{"@context":"https:\/\/schema.org","@graph":[{"@type":"WebPage","@id":"https:\/\/truusk.store\/sv\/produkt\/truusk-svart-metallskap-med-lamelldorrar-garderob-och-forvaringsskap-justerbara-hyllor-for-vardagsrum-och-sovrum\/","url":"https:\/\/truusk.store\/sv\/produkt\/truusk-svart-metallskap-med-lamelldorrar-garderob-och-forvaringsskap-justerbara-hyllor-for-vardagsrum-och-sovrum\/","name":"TRUUSK Svart Metallsk\u00e5p med Lamelld\u00f6rrar - Garderob och F\u00f6rvaringssk\u00e5p - Justerbara Hyllor - F\u00f6r Vardagsrum och Sovrum - TRUUSK - Hem, Tr\u00e4dg\u00e5rd &amp; Fritid","isPartOf":{"@id":"https:\/\/truusk.store\/sv\/#website"},"primaryImageOfPage":{"@id":"https:\/\/truusk.store\/sv\/produkt\/truusk-svart-metallskap-med-lamelldorrar-garderob-och-forvaringsskap-justerbara-hyllor-for-vardagsrum-och-sovrum\/#primaryimage"},"image":{"@id":"https:\/\/truusk.store\/sv\/produkt\/truusk-svart-metallskap-med-lamelldorrar-garderob-och-forvaringsskap-justerbara-hyllor-for-vardagsrum-och-sovrum\/#primaryimage"},"thumbnailUrl":"https:\/\/i0.wp.com\/truusk.store\/wp-content\/uploads\/2024\/02\/skaparkivskap-med-lamelldorrar-garderob-forvaringsskap-industriskap-i-metall-med-2-justerbara-hyllor-vardagsrum-sovrum-svart-75-x-33-x-110-cm.webp?fit=800%2C800&ssl=1","datePublished":"2024-02-13T18:37:07+00:00","dateModified":"2026-03-12T08:07:38+00:00","breadcrumb":{"@id":"https:\/\/truusk.store\/sv\/produkt\/truusk-svart-metallskap-med-lamelldorrar-garderob-och-forvaringsskap-justerbara-hyllor-for-vardagsrum-och-sovrum\/#breadcrumb"},"inLanguage":"sv-SE","potentialAction":[{"@type":"ReadAction","target":["https:\/\/truusk.store\/sv\/produkt\/truusk-svart-metallskap-med-lamelldorrar-garderob-och-forvaringsskap-justerbara-hyllor-for-vardagsrum-och-sovrum\/"]}]},{"@type":"ImageObject","inLanguage":"sv-SE","@id":"https:\/\/truusk.store\/sv\/produkt\/truusk-svart-metallskap-med-lamelldorrar-garderob-och-forvaringsskap-justerbara-hyllor-for-vardagsrum-och-sovrum\/#primaryimage","url":"https:\/\/i0.wp.com\/truusk.store\/wp-content\/uploads\/2024\/02\/skaparkivskap-med-lamelldorrar-garderob-forvaringsskap-industriskap-i-metall-med-2-justerbara-hyllor-vardagsrum-sovrum-svart-75-x-33-x-110-cm.webp?fit=800%2C800&ssl=1","contentUrl":"https:\/\/i0.wp.com\/truusk.store\/wp-content\/uploads\/2024\/02\/skaparkivskap-med-lamelldorrar-garderob-forvaringsskap-industriskap-i-metall-med-2-justerbara-hyllor-vardagsrum-sovrum-svart-75-x-33-x-110-cm.webp?fit=800%2C800&ssl=1","width":800,"height":800,"caption":"Sk\u00e5parkivsk\u00e5p Med Lamelld\u00f6rrar, Garderob, F\u00f6rvaringssk\u00e5p, Industrisk\u00e5p I Metall Med 2 Justerbara Hyllor, Vardagsrum, Sovrum, Svart, 75 X 33 X 110 Cm 1"},{"@type":"BreadcrumbList","@id":"https:\/\/truusk.store\/sv\/produkt\/truusk-svart-metallskap-med-lamelldorrar-garderob-och-forvaringsskap-justerbara-hyllor-for-vardagsrum-och-sovrum\/#breadcrumb","itemListElement":[{"@type":"ListItem","position":1,"name":"Home","item":"https:\/\/truusk.store\/sv\/"},{"@type":"ListItem","position":2,"name":"Shop","item":"https:\/\/truusk.store\/shop\/"},{"@type":"ListItem","position":3,"name":"TRUUSK Svart Metallsk\u00e5p med Lamelld\u00f6rrar &#8211; Garderob och F\u00f6rvaringssk\u00e5p &#8211; Justerbara Hyllor &#8211; F\u00f6r Vardagsrum och Sovrum &#8211;"}]},{"@type":"WebSite","@id":"https:\/\/truusk.store\/sv\/#website","url":"https:\/\/truusk.store\/sv\/","name":"TRUUSK - Hem, Tr\u00e4dg\u00e5rd & Fritid","description":"","publisher":{"@id":"https:\/\/truusk.store\/sv\/#organization"},"potentialAction":[{"@type":"SearchAction","target":{"@type":"EntryPoint","urlTemplate":"https:\/\/truusk.store\/sv\/?s={search_term_string}"},"query-input":{"@type":"PropertyValueSpecification","valueRequired":true,"valueName":"search_term_string"}}],"inLanguage":"sv-SE"},{"@type":"Organization","@id":"https:\/\/truusk.store\/sv\/#organization","name":"TRUUSK - Hem, Tr\u00e4dg\u00e5rd & Fritid","url":"https:\/\/truusk.store\/sv\/","logo":{"@type":"ImageObject","inLanguage":"sv-SE","@id":"https:\/\/truusk.store\/sv\/#\/schema\/logo\/image\/","url":"https:\/\/i0.wp.com\/truusk.store\/wp-content\/uploads\/2026\/03\/cropped-TRUUSK.png?fit=2032%2C917&ssl=1","contentUrl":"https:\/\/i0.wp.com\/truusk.store\/wp-content\/uploads\/2026\/03\/cropped-TRUUSK.png?fit=2032%2C917&ssl=1","width":2032,"height":917,"caption":"TRUUSK - Hem, Tr\u00e4dg\u00e5rd & Fritid"},"image":{"@id":"https:\/\/truusk.store\/sv\/#\/schema\/logo\/image\/"}}]}},"jetpack_sharing_enabled":true,"_links":{"self":[{"href":"https:\/\/truusk.store\/sv\/wp-json\/wp\/v2\/product\/28420","targetHints":{"allow":["GET"]}}],"collection":[{"href":"https:\/\/truusk.store\/sv\/wp-json\/wp\/v2\/product"}],"about":[{"href":"https:\/\/truusk.store\/sv\/wp-json\/wp\/v2\/types\/product"}],"wp:featuredmedia":[{"embeddable":true,"href":"https:\/\/truusk.store\/sv\/wp-json\/wp\/v2\/media\/28421"}],"wp:attachment":[{"href":"https:\/\/truusk.store\/sv\/wp-json\/wp\/v2\/media?parent=28420"}],"wp:term":[{"taxonomy":"product_brand","embeddable":true,"href":"https:\/\/truusk.store\/sv\/wp-json\/wp\/v2\/product_brand?post=28420"},{"taxonomy":"product_cat","embeddable":true,"href":"https:\/\/truusk.store\/sv\/wp-json\/wp\/v2\/product_cat?post=28420"},{"taxonomy":"product_tag","embeddable":true,"href":"https:\/\/truusk.store\/sv\/wp-json\/wp\/v2\/product_tag?post=28420"}],"curies":[{"name":"wp","href":"https:\/\/api.w.org\/{rel}","templated":true}]}}