{"id":28512,"date":"2024-02-13T19:40:13","date_gmt":"2024-02-13T18:40:13","guid":{"rendered":"https:\/\/truusk.store\/product\/kompostbehallare-med-2-behallare-160-l-kapacitet-roterande-71-cm-x-65-cm-x-96-cm-gron-svart\/"},"modified":"2026-03-12T09:08:06","modified_gmt":"2026-03-12T08:08:06","slug":"truusk-kompostbehallare-med-2-behallare-roterande-design-kapacitet-160-l-matt-71-cm-x-65-cm-x-96-cm-gron-och-svart","status":"publish","type":"product","link":"https:\/\/truusk.store\/sv\/produkt\/truusk-kompostbehallare-med-2-behallare-roterande-design-kapacitet-160-l-matt-71-cm-x-65-cm-x-96-cm-gron-och-svart\/","title":{"rendered":"TRUUSK Kompostbeh\u00e5llare Med 2 Beh\u00e5llare &#8211; Roterande Design &#8211; Kapacitet 160 L &#8211; M\u00e5tt 71 cm x 65 cm x 96 cm &#8211; Gr\u00f6n och Svart"},"content":{"rendered":"<p>Tack vare denna kompostbeh\u00e5llare kan du g\u00f6ra kompost p\u00e5 ett naturligt och effektivt s\u00e4tt. Den har tv\u00e5 kammare: p\u00e5 ena sidan lagras den f\u00e4rdiga komposten, p\u00e5 den andra sidan fylls avfallet f\u00f6r att producera tr\u00e4dg\u00e5rdsg\u00f6dsel. Den \u00e4r tillverkad av plast s\u00e5 den \u00e4r mycket robust och l\u00e4mpar sig f\u00f6r utomhusbruk Metallramen ger beh\u00e5llaren ett stabilt stativ.H\u00f6ljet kan vridas s\u00e5 att allt kan blandas utan att beh\u00f6va anv\u00e4nda h\u00e4nderna. Tr\u00e4dg\u00e5rdshandskar ing\u00e5r.<\/p>\n<h3>Beskrivning:<\/h3>\n<ul>\n<li>Tv\u00e5kammardesignen \u00e4r det mest effektiva s\u00e4ttet att producera kompost av h\u00f6g kvalitet<\/li>\n<li>360-trumdesignen inneb\u00e4r att du har h\u00e4nderna fria och inte beh\u00f6ver gr\u00e4va och blanda komposth\u00f6gen med verktyg<\/li>\n<li>Rester och tr\u00e4dg\u00e5rdsavfall kan \u00e5tervinnas f\u00f6r mer h\u00e5llbarhet<\/li>\n<li>Det utm\u00e4rkta luftningssystemet p\u00e5skyndar produktionen och kan producera kompost p\u00e5 bara n\u00e5gra veckor<\/li>\n<li>Robust struktur av st\u00e5l och slitstark PP-plast s\u00e4kerst\u00e4ller en l\u00e5ng livsl\u00e4ngd<\/li>\n<li>Vita tr\u00e4dg\u00e5rdshandskar ing\u00e5r, skyddar dina h\u00e4nder fr\u00e5n skador och smuts<\/li>\n<li>Montering kr\u00e4vs<\/li>\n<\/ul>\n<h3>Teknisk data:<\/h3>\n<ul>\n<li>Svart f\u00e4rg<\/li>\n<li>Material: st\u00e5l, PP<\/li>\n<li>Totala m\u00e5tt: 71L x 65W x 96Hcm<\/li>\n<li>Hinkstorlek: 60 x 65Lcm<\/li>\n<li>H\u00f6jd \u00f6ver marken: 37cm<\/li>\n<li>Kammard\u00f6rr: 22,5L x 13,5Bcm<\/li>\n<li>Kapacitet: 160L<\/li>\n<\/ul>\n<h3>Leveransens omfattning:<\/h3>\n<ul>\n<li>1 x kompostkorg<\/li>\n<li>1 x par vita handskar<\/li>\n<li>1 x skruvmejsel<\/li>\n<li>1 x Instruktioner<\/li>\n<\/ul>\n","protected":false},"excerpt":{"rendered":"<p>Tack vare denna kompostbeh\u00e5llare kan du g\u00f6ra kompost p\u00e5 ett naturligt och effektivt s\u00e4tt. Den har tv\u00e5 kammare: p\u00e5 ena&#8230;<\/p>\n","protected":false},"featured_media":28513,"template":"","meta":[],"product_brand":[],"product_cat":[435],"product_tag":[],"class_list":{"0":"post-28512","1":"product","2":"type-product","3":"status-publish","4":"has-post-thumbnail","6":"product_cat-tradgard-och-terrass","8":"first","9":"instock","10":"sale","11":"taxable","12":"shipping-taxable","13":"purchasable","14":"product-type-simple"},"yoast_head":"<!-- This site is optimized with the Yoast SEO plugin v25.4 - https:\/\/yoast.com\/wordpress\/plugins\/seo\/ -->\n<title>TRUUSK Kompostbeh\u00e5llare Med 2 Beh\u00e5llare - Roterande Design - Kapacitet 160 L - M\u00e5tt 71 cm x 65 cm x 96 cm - Gr\u00f6n och Svart - TRUUSK - Hem, Tr\u00e4dg\u00e5rd &amp; Fritid<\/title>\n<meta name=\"robots\" content=\"index, follow, max-snippet:-1, max-image-preview:large, max-video-preview:-1\" \/>\n<link rel=\"canonical\" href=\"https:\/\/truusk.store\/sv\/produkt\/truusk-kompostbehallare-med-2-behallare-roterande-design-kapacitet-160-l-matt-71-cm-x-65-cm-x-96-cm-gron-och-svart\/\" \/>\n<meta property=\"og:locale\" content=\"sv_SE\" \/>\n<meta property=\"og:type\" content=\"article\" \/>\n<meta property=\"og:title\" content=\"TRUUSK Kompostbeh\u00e5llare Med 2 Beh\u00e5llare - Roterande Design - Kapacitet 160 L - M\u00e5tt 71 cm x 65 cm x 96 cm - Gr\u00f6n och Svart - TRUUSK - Hem, Tr\u00e4dg\u00e5rd &amp; Fritid\" \/>\n<meta property=\"og:description\" content=\"Tack vare denna kompostbeh\u00e5llare kan du g\u00f6ra kompost p\u00e5 ett naturligt och effektivt s\u00e4tt. Den har tv\u00e5 kammare: p\u00e5 ena...\" \/>\n<meta property=\"og:url\" content=\"https:\/\/truusk.store\/sv\/produkt\/truusk-kompostbehallare-med-2-behallare-roterande-design-kapacitet-160-l-matt-71-cm-x-65-cm-x-96-cm-gron-och-svart\/\" \/>\n<meta property=\"og:site_name\" content=\"TRUUSK - Hem, Tr\u00e4dg\u00e5rd &amp; Fritid\" \/>\n<meta property=\"article:modified_time\" content=\"2026-03-12T08:08:06+00:00\" \/>\n<meta property=\"og:image\" content=\"https:\/\/i0.wp.com\/truusk.se\/wp-content\/uploads\/2024\/02\/kompostbehallare-med-2-behallare-160-l-kapacitet-roterande-71-cm-x-65-cm-x-96-cm-gron-svart.webp?fit=800%2C800&ssl=1\" \/>\n\t<meta property=\"og:image:width\" content=\"800\" \/>\n\t<meta property=\"og:image:height\" content=\"800\" \/>\n\t<meta property=\"og:image:type\" content=\"image\/webp\" \/>\n<meta name=\"twitter:card\" content=\"summary_large_image\" \/>\n<meta name=\"twitter:label1\" content=\"Ber\u00e4knad l\u00e4stid\" \/>\n\t<meta name=\"twitter:data1\" content=\"1 minut\" \/>\n<!-- \/ Yoast SEO plugin. -->","yoast_head_json":{"title":"TRUUSK Kompostbeh\u00e5llare Med 2 Beh\u00e5llare - Roterande Design - Kapacitet 160 L - M\u00e5tt 71 cm x 65 cm x 96 cm - Gr\u00f6n och Svart - TRUUSK - Hem, Tr\u00e4dg\u00e5rd &amp; Fritid","robots":{"index":"index","follow":"follow","max-snippet":"max-snippet:-1","max-image-preview":"max-image-preview:large","max-video-preview":"max-video-preview:-1"},"canonical":"https:\/\/truusk.store\/sv\/produkt\/truusk-kompostbehallare-med-2-behallare-roterande-design-kapacitet-160-l-matt-71-cm-x-65-cm-x-96-cm-gron-och-svart\/","og_locale":"sv_SE","og_type":"article","og_title":"TRUUSK Kompostbeh\u00e5llare Med 2 Beh\u00e5llare - Roterande Design - Kapacitet 160 L - M\u00e5tt 71 cm x 65 cm x 96 cm - Gr\u00f6n och Svart - TRUUSK - Hem, Tr\u00e4dg\u00e5rd &amp; Fritid","og_description":"Tack vare denna kompostbeh\u00e5llare kan du g\u00f6ra kompost p\u00e5 ett naturligt och effektivt s\u00e4tt. Den har tv\u00e5 kammare: p\u00e5 ena...","og_url":"https:\/\/truusk.store\/sv\/produkt\/truusk-kompostbehallare-med-2-behallare-roterande-design-kapacitet-160-l-matt-71-cm-x-65-cm-x-96-cm-gron-och-svart\/","og_site_name":"TRUUSK - Hem, Tr\u00e4dg\u00e5rd &amp; Fritid","article_modified_time":"2026-03-12T08:08:06+00:00","og_image":[{"width":800,"height":800,"url":"https:\/\/i0.wp.com\/truusk.se\/wp-content\/uploads\/2024\/02\/kompostbehallare-med-2-behallare-160-l-kapacitet-roterande-71-cm-x-65-cm-x-96-cm-gron-svart.webp?fit=800%2C800&ssl=1","type":"image\/webp"}],"twitter_card":"summary_large_image","twitter_misc":{"Ber\u00e4knad l\u00e4stid":"1 minut"},"schema":{"@context":"https:\/\/schema.org","@graph":[{"@type":"WebPage","@id":"https:\/\/truusk.store\/sv\/produkt\/truusk-kompostbehallare-med-2-behallare-roterande-design-kapacitet-160-l-matt-71-cm-x-65-cm-x-96-cm-gron-och-svart\/","url":"https:\/\/truusk.store\/sv\/produkt\/truusk-kompostbehallare-med-2-behallare-roterande-design-kapacitet-160-l-matt-71-cm-x-65-cm-x-96-cm-gron-och-svart\/","name":"TRUUSK Kompostbeh\u00e5llare Med 2 Beh\u00e5llare - Roterande Design - Kapacitet 160 L - M\u00e5tt 71 cm x 65 cm x 96 cm - Gr\u00f6n och Svart - TRUUSK - Hem, Tr\u00e4dg\u00e5rd &amp; Fritid","isPartOf":{"@id":"https:\/\/truusk.store\/sv\/#website"},"primaryImageOfPage":{"@id":"https:\/\/truusk.store\/sv\/produkt\/truusk-kompostbehallare-med-2-behallare-roterande-design-kapacitet-160-l-matt-71-cm-x-65-cm-x-96-cm-gron-och-svart\/#primaryimage"},"image":{"@id":"https:\/\/truusk.store\/sv\/produkt\/truusk-kompostbehallare-med-2-behallare-roterande-design-kapacitet-160-l-matt-71-cm-x-65-cm-x-96-cm-gron-och-svart\/#primaryimage"},"thumbnailUrl":"https:\/\/i0.wp.com\/truusk.store\/wp-content\/uploads\/2024\/02\/kompostbehallare-med-2-behallare-160-l-kapacitet-roterande-71-cm-x-65-cm-x-96-cm-gron-svart.webp?fit=800%2C800&ssl=1","datePublished":"2024-02-13T18:40:13+00:00","dateModified":"2026-03-12T08:08:06+00:00","breadcrumb":{"@id":"https:\/\/truusk.store\/sv\/produkt\/truusk-kompostbehallare-med-2-behallare-roterande-design-kapacitet-160-l-matt-71-cm-x-65-cm-x-96-cm-gron-och-svart\/#breadcrumb"},"inLanguage":"sv-SE","potentialAction":[{"@type":"ReadAction","target":["https:\/\/truusk.store\/sv\/produkt\/truusk-kompostbehallare-med-2-behallare-roterande-design-kapacitet-160-l-matt-71-cm-x-65-cm-x-96-cm-gron-och-svart\/"]}]},{"@type":"ImageObject","inLanguage":"sv-SE","@id":"https:\/\/truusk.store\/sv\/produkt\/truusk-kompostbehallare-med-2-behallare-roterande-design-kapacitet-160-l-matt-71-cm-x-65-cm-x-96-cm-gron-och-svart\/#primaryimage","url":"https:\/\/i0.wp.com\/truusk.store\/wp-content\/uploads\/2024\/02\/kompostbehallare-med-2-behallare-160-l-kapacitet-roterande-71-cm-x-65-cm-x-96-cm-gron-svart.webp?fit=800%2C800&ssl=1","contentUrl":"https:\/\/i0.wp.com\/truusk.store\/wp-content\/uploads\/2024\/02\/kompostbehallare-med-2-behallare-160-l-kapacitet-roterande-71-cm-x-65-cm-x-96-cm-gron-svart.webp?fit=800%2C800&ssl=1","width":800,"height":800,"caption":"Kompostbeh\u00e5llare Med 2 Beh\u00e5llare, 160 L Kapacitet, Roterande, 71 Cm X 65 Cm X 96 Cm, Gr\u00f6n + Svart 1"},{"@type":"BreadcrumbList","@id":"https:\/\/truusk.store\/sv\/produkt\/truusk-kompostbehallare-med-2-behallare-roterande-design-kapacitet-160-l-matt-71-cm-x-65-cm-x-96-cm-gron-och-svart\/#breadcrumb","itemListElement":[{"@type":"ListItem","position":1,"name":"Home","item":"https:\/\/truusk.store\/sv\/"},{"@type":"ListItem","position":2,"name":"Shop","item":"https:\/\/truusk.store\/shop\/"},{"@type":"ListItem","position":3,"name":"TRUUSK Kompostbeh\u00e5llare Med 2 Beh\u00e5llare &#8211; Roterande Design &#8211; Kapacitet 160 L &#8211; M\u00e5tt 71 cm x 65 cm x 96 cm &#8211; Gr\u00f6n och Svart"}]},{"@type":"WebSite","@id":"https:\/\/truusk.store\/sv\/#website","url":"https:\/\/truusk.store\/sv\/","name":"TRUUSK - Hem, Tr\u00e4dg\u00e5rd & Fritid","description":"","publisher":{"@id":"https:\/\/truusk.store\/sv\/#organization"},"potentialAction":[{"@type":"SearchAction","target":{"@type":"EntryPoint","urlTemplate":"https:\/\/truusk.store\/sv\/?s={search_term_string}"},"query-input":{"@type":"PropertyValueSpecification","valueRequired":true,"valueName":"search_term_string"}}],"inLanguage":"sv-SE"},{"@type":"Organization","@id":"https:\/\/truusk.store\/sv\/#organization","name":"TRUUSK - Hem, Tr\u00e4dg\u00e5rd & Fritid","url":"https:\/\/truusk.store\/sv\/","logo":{"@type":"ImageObject","inLanguage":"sv-SE","@id":"https:\/\/truusk.store\/sv\/#\/schema\/logo\/image\/","url":"https:\/\/i0.wp.com\/truusk.store\/wp-content\/uploads\/2026\/03\/cropped-TRUUSK.png?fit=2032%2C917&ssl=1","contentUrl":"https:\/\/i0.wp.com\/truusk.store\/wp-content\/uploads\/2026\/03\/cropped-TRUUSK.png?fit=2032%2C917&ssl=1","width":2032,"height":917,"caption":"TRUUSK - Hem, Tr\u00e4dg\u00e5rd & Fritid"},"image":{"@id":"https:\/\/truusk.store\/sv\/#\/schema\/logo\/image\/"}}]}},"jetpack_sharing_enabled":true,"_links":{"self":[{"href":"https:\/\/truusk.store\/sv\/wp-json\/wp\/v2\/product\/28512","targetHints":{"allow":["GET"]}}],"collection":[{"href":"https:\/\/truusk.store\/sv\/wp-json\/wp\/v2\/product"}],"about":[{"href":"https:\/\/truusk.store\/sv\/wp-json\/wp\/v2\/types\/product"}],"wp:featuredmedia":[{"embeddable":true,"href":"https:\/\/truusk.store\/sv\/wp-json\/wp\/v2\/media\/28513"}],"wp:attachment":[{"href":"https:\/\/truusk.store\/sv\/wp-json\/wp\/v2\/media?parent=28512"}],"wp:term":[{"taxonomy":"product_brand","embeddable":true,"href":"https:\/\/truusk.store\/sv\/wp-json\/wp\/v2\/product_brand?post=28512"},{"taxonomy":"product_cat","embeddable":true,"href":"https:\/\/truusk.store\/sv\/wp-json\/wp\/v2\/product_cat?post=28512"},{"taxonomy":"product_tag","embeddable":true,"href":"https:\/\/truusk.store\/sv\/wp-json\/wp\/v2\/product_tag?post=28512"}],"curies":[{"name":"wp","href":"https:\/\/api.w.org\/{rel}","templated":true}]}}