{"id":28588,"date":"2024-02-13T19:42:35","date_gmt":"2024-02-13T18:42:35","guid":{"rendered":"https:\/\/truusk.store\/product\/30-kg-viktvast-traningsvast-med-35-viktvaskor-justerbar-styrketraning-fitness-oxford-metall-svart-60-x-50-cm\/"},"modified":"2026-03-12T09:08:06","modified_gmt":"2026-03-12T08:08:06","slug":"truusk-viktvast-traningsvast-30-kg-35-viktvaskor-justerbar-styrketraning-fitness-oxford-material-svart-60-x-50-cm","status":"publish","type":"product","link":"https:\/\/truusk.store\/sv\/produkt\/truusk-viktvast-traningsvast-30-kg-35-viktvaskor-justerbar-styrketraning-fitness-oxford-material-svart-60-x-50-cm\/","title":{"rendered":"TRUUSK Viktv\u00e4st Tr\u00e4ningsv\u00e4st &#8211; 30 Kg &#8211; 35 Viktv\u00e4skor &#8211; Justerbar &#8211; Styrketr\u00e4ning &#8211; Fitness &#8211; Oxford Material &#8211; Svart &#8211; 60 x 50 cm"},"content":{"rendered":"<p>Denna tyngdv\u00e4st \u00e4r skuren n\u00e4ra kroppen. 35 sm\u00e5 viktp\u00e5sar \u00e4r j\u00e4mnt f\u00f6rdelade \u00f6ver kroppen och v\u00e4ger totalt 30 kg, vikterna kan tas av individuellt f\u00f6r att anpassa vikten s\u00e5 att den passar dig b\u00e4st. L\u00e4tt att ta av och p\u00e5 f\u00f6r att undvika belastning p\u00e5 kroppen och full r\u00f6relsefrihet. Perfekt om du k\u00e4nner att du har n\u00e5tt en plat\u00e5 med din tr\u00e4ning.<\/p>\n<h3>Beskrivning:<\/h3>\n<ul>\n<li>T\u00e4tt skuren och formsydd, vikten f\u00f6rdelas j\u00e4mnt \u00f6ver hela kroppen f\u00f6r en konsekvent och effektiv tr\u00e4ning<\/li>\n<li>Har 35 individuellt viktade fickor som l\u00e5ter dig g\u00f6ra v\u00e4sten s\u00e5 tung eller l\u00e4tt som du vill f\u00f6r att passa din styrka<\/li>\n<li>Rem- och \u00f6glef\u00f6rslutningar i hela kroppen f\u00f6r att f\u00e4sta v\u00e4sten p\u00e5 kroppen utan att begr\u00e4nsa dig<\/li>\n<li>Mjukt vadderad insida f\u00f6r mer komfort<\/li>\n<li>L\u00e4tt att ta av och p\u00e5 f\u00f6r att undvika p\u00e5frestning och f\u00f6r att kunna b\u00e4ra v\u00e4sten p\u00e5 egen hand<\/li>\n<\/ul>\n<h3>Teknisk data:<\/h3>\n<ul>\n<li>Svart f\u00e4rg<\/li>\n<li>Material: Oxfordduk, metallsand<\/li>\n<li>Totala m\u00e5tt: 60L x 50W cm<\/li>\n<li>Axelbredd: 44 cm<\/li>\n<li>Totalvikt: 30 kg<\/li>\n<li>Enkel v\u00e4ska vikt: 0,85 kg<\/li>\n<\/ul>\n<h3>Leveransens omfattning:<\/h3>\n<ul>\n<li>1 x viktv\u00e4st<\/li>\n<li>35 x viktv\u00e4skor<\/li>\n<li>1 x Instruktioner<\/li>\n<\/ul>\n","protected":false},"excerpt":{"rendered":"<p>Denna tyngdv\u00e4st \u00e4r skuren n\u00e4ra kroppen. 35 sm\u00e5 viktp\u00e5sar \u00e4r j\u00e4mnt f\u00f6rdelade \u00f6ver kroppen och v\u00e4ger totalt 30 kg, vikterna&#8230;<\/p>\n","protected":false},"featured_media":28589,"template":"","meta":[],"product_brand":[],"product_cat":[661,647,665],"product_tag":[],"class_list":{"0":"post-28588","1":"product","2":"type-product","3":"status-publish","4":"has-post-thumbnail","6":"product_cat-kondition-styrketraning","7":"product_cat-sport-fritid","8":"product_cat-styrketraning","10":"first","11":"instock","12":"sale","13":"taxable","14":"shipping-taxable","15":"purchasable","16":"product-type-simple"},"yoast_head":"<!-- This site is optimized with the Yoast SEO plugin v25.4 - https:\/\/yoast.com\/wordpress\/plugins\/seo\/ -->\n<title>TRUUSK Viktv\u00e4st Tr\u00e4ningsv\u00e4st - 30 Kg - 35 Viktv\u00e4skor - Justerbar - Styrketr\u00e4ning - Fitness - Oxford Material - Svart - 60 x 50 cm - TRUUSK - Hem, Tr\u00e4dg\u00e5rd &amp; Fritid<\/title>\n<meta name=\"robots\" content=\"index, follow, max-snippet:-1, max-image-preview:large, max-video-preview:-1\" \/>\n<link rel=\"canonical\" href=\"https:\/\/truusk.store\/sv\/produkt\/truusk-viktvast-traningsvast-30-kg-35-viktvaskor-justerbar-styrketraning-fitness-oxford-material-svart-60-x-50-cm\/\" \/>\n<meta property=\"og:locale\" content=\"sv_SE\" \/>\n<meta property=\"og:type\" content=\"article\" \/>\n<meta property=\"og:title\" content=\"TRUUSK Viktv\u00e4st Tr\u00e4ningsv\u00e4st - 30 Kg - 35 Viktv\u00e4skor - Justerbar - Styrketr\u00e4ning - Fitness - Oxford Material - Svart - 60 x 50 cm - TRUUSK - Hem, Tr\u00e4dg\u00e5rd &amp; Fritid\" \/>\n<meta property=\"og:description\" content=\"Denna tyngdv\u00e4st \u00e4r skuren n\u00e4ra kroppen. 35 sm\u00e5 viktp\u00e5sar \u00e4r j\u00e4mnt f\u00f6rdelade \u00f6ver kroppen och v\u00e4ger totalt 30 kg, vikterna...\" \/>\n<meta property=\"og:url\" content=\"https:\/\/truusk.store\/sv\/produkt\/truusk-viktvast-traningsvast-30-kg-35-viktvaskor-justerbar-styrketraning-fitness-oxford-material-svart-60-x-50-cm\/\" \/>\n<meta property=\"og:site_name\" content=\"TRUUSK - Hem, Tr\u00e4dg\u00e5rd &amp; Fritid\" \/>\n<meta property=\"article:modified_time\" content=\"2026-03-12T08:08:06+00:00\" \/>\n<meta property=\"og:image\" content=\"https:\/\/i0.wp.com\/truusk.se\/wp-content\/uploads\/2024\/02\/30-kg-viktvast-traningsvast-med-35-viktvaskor-justerbar-styrketraning-fitness-oxford-metall-svart-60-x-50-cm.webp?fit=800%2C800&ssl=1\" \/>\n\t<meta property=\"og:image:width\" content=\"800\" \/>\n\t<meta property=\"og:image:height\" content=\"800\" \/>\n\t<meta property=\"og:image:type\" content=\"image\/webp\" \/>\n<meta name=\"twitter:card\" content=\"summary_large_image\" \/>\n<meta name=\"twitter:label1\" content=\"Ber\u00e4knad l\u00e4stid\" \/>\n\t<meta name=\"twitter:data1\" content=\"1 minut\" \/>\n<!-- \/ Yoast SEO plugin. -->","yoast_head_json":{"title":"TRUUSK Viktv\u00e4st Tr\u00e4ningsv\u00e4st - 30 Kg - 35 Viktv\u00e4skor - Justerbar - Styrketr\u00e4ning - Fitness - Oxford Material - Svart - 60 x 50 cm - TRUUSK - Hem, Tr\u00e4dg\u00e5rd &amp; Fritid","robots":{"index":"index","follow":"follow","max-snippet":"max-snippet:-1","max-image-preview":"max-image-preview:large","max-video-preview":"max-video-preview:-1"},"canonical":"https:\/\/truusk.store\/sv\/produkt\/truusk-viktvast-traningsvast-30-kg-35-viktvaskor-justerbar-styrketraning-fitness-oxford-material-svart-60-x-50-cm\/","og_locale":"sv_SE","og_type":"article","og_title":"TRUUSK Viktv\u00e4st Tr\u00e4ningsv\u00e4st - 30 Kg - 35 Viktv\u00e4skor - Justerbar - Styrketr\u00e4ning - Fitness - Oxford Material - Svart - 60 x 50 cm - TRUUSK - Hem, Tr\u00e4dg\u00e5rd &amp; Fritid","og_description":"Denna tyngdv\u00e4st \u00e4r skuren n\u00e4ra kroppen. 35 sm\u00e5 viktp\u00e5sar \u00e4r j\u00e4mnt f\u00f6rdelade \u00f6ver kroppen och v\u00e4ger totalt 30 kg, vikterna...","og_url":"https:\/\/truusk.store\/sv\/produkt\/truusk-viktvast-traningsvast-30-kg-35-viktvaskor-justerbar-styrketraning-fitness-oxford-material-svart-60-x-50-cm\/","og_site_name":"TRUUSK - Hem, Tr\u00e4dg\u00e5rd &amp; Fritid","article_modified_time":"2026-03-12T08:08:06+00:00","og_image":[{"width":800,"height":800,"url":"https:\/\/i0.wp.com\/truusk.se\/wp-content\/uploads\/2024\/02\/30-kg-viktvast-traningsvast-med-35-viktvaskor-justerbar-styrketraning-fitness-oxford-metall-svart-60-x-50-cm.webp?fit=800%2C800&ssl=1","type":"image\/webp"}],"twitter_card":"summary_large_image","twitter_misc":{"Ber\u00e4knad l\u00e4stid":"1 minut"},"schema":{"@context":"https:\/\/schema.org","@graph":[{"@type":"WebPage","@id":"https:\/\/truusk.store\/sv\/produkt\/truusk-viktvast-traningsvast-30-kg-35-viktvaskor-justerbar-styrketraning-fitness-oxford-material-svart-60-x-50-cm\/","url":"https:\/\/truusk.store\/sv\/produkt\/truusk-viktvast-traningsvast-30-kg-35-viktvaskor-justerbar-styrketraning-fitness-oxford-material-svart-60-x-50-cm\/","name":"TRUUSK Viktv\u00e4st Tr\u00e4ningsv\u00e4st - 30 Kg - 35 Viktv\u00e4skor - Justerbar - Styrketr\u00e4ning - Fitness - Oxford Material - Svart - 60 x 50 cm - TRUUSK - Hem, Tr\u00e4dg\u00e5rd &amp; Fritid","isPartOf":{"@id":"https:\/\/truusk.store\/sv\/#website"},"primaryImageOfPage":{"@id":"https:\/\/truusk.store\/sv\/produkt\/truusk-viktvast-traningsvast-30-kg-35-viktvaskor-justerbar-styrketraning-fitness-oxford-material-svart-60-x-50-cm\/#primaryimage"},"image":{"@id":"https:\/\/truusk.store\/sv\/produkt\/truusk-viktvast-traningsvast-30-kg-35-viktvaskor-justerbar-styrketraning-fitness-oxford-material-svart-60-x-50-cm\/#primaryimage"},"thumbnailUrl":"https:\/\/i0.wp.com\/truusk.store\/wp-content\/uploads\/2024\/02\/30-kg-viktvast-traningsvast-med-35-viktvaskor-justerbar-styrketraning-fitness-oxford-metall-svart-60-x-50-cm.webp?fit=800%2C800&ssl=1","datePublished":"2024-02-13T18:42:35+00:00","dateModified":"2026-03-12T08:08:06+00:00","breadcrumb":{"@id":"https:\/\/truusk.store\/sv\/produkt\/truusk-viktvast-traningsvast-30-kg-35-viktvaskor-justerbar-styrketraning-fitness-oxford-material-svart-60-x-50-cm\/#breadcrumb"},"inLanguage":"sv-SE","potentialAction":[{"@type":"ReadAction","target":["https:\/\/truusk.store\/sv\/produkt\/truusk-viktvast-traningsvast-30-kg-35-viktvaskor-justerbar-styrketraning-fitness-oxford-material-svart-60-x-50-cm\/"]}]},{"@type":"ImageObject","inLanguage":"sv-SE","@id":"https:\/\/truusk.store\/sv\/produkt\/truusk-viktvast-traningsvast-30-kg-35-viktvaskor-justerbar-styrketraning-fitness-oxford-material-svart-60-x-50-cm\/#primaryimage","url":"https:\/\/i0.wp.com\/truusk.store\/wp-content\/uploads\/2024\/02\/30-kg-viktvast-traningsvast-med-35-viktvaskor-justerbar-styrketraning-fitness-oxford-metall-svart-60-x-50-cm.webp?fit=800%2C800&ssl=1","contentUrl":"https:\/\/i0.wp.com\/truusk.store\/wp-content\/uploads\/2024\/02\/30-kg-viktvast-traningsvast-med-35-viktvaskor-justerbar-styrketraning-fitness-oxford-metall-svart-60-x-50-cm.webp?fit=800%2C800&ssl=1","width":800,"height":800,"caption":"30 Kg Viktv\u00e4st Tr\u00e4ningsv\u00e4st Med 35 Viktv\u00e4skor Justerbar Styrketr\u00e4ning Fitness Oxford Metall Svart 60 X 50 Cm 1"},{"@type":"BreadcrumbList","@id":"https:\/\/truusk.store\/sv\/produkt\/truusk-viktvast-traningsvast-30-kg-35-viktvaskor-justerbar-styrketraning-fitness-oxford-material-svart-60-x-50-cm\/#breadcrumb","itemListElement":[{"@type":"ListItem","position":1,"name":"Home","item":"https:\/\/truusk.store\/sv\/"},{"@type":"ListItem","position":2,"name":"Shop","item":"https:\/\/truusk.store\/shop\/"},{"@type":"ListItem","position":3,"name":"TRUUSK Viktv\u00e4st Tr\u00e4ningsv\u00e4st &#8211; 30 Kg &#8211; 35 Viktv\u00e4skor &#8211; Justerbar &#8211; Styrketr\u00e4ning &#8211; Fitness &#8211; Oxford Material &#8211; Svart &#8211; 60 x 50 cm"}]},{"@type":"WebSite","@id":"https:\/\/truusk.store\/sv\/#website","url":"https:\/\/truusk.store\/sv\/","name":"TRUUSK - Hem, Tr\u00e4dg\u00e5rd & Fritid","description":"","publisher":{"@id":"https:\/\/truusk.store\/sv\/#organization"},"potentialAction":[{"@type":"SearchAction","target":{"@type":"EntryPoint","urlTemplate":"https:\/\/truusk.store\/sv\/?s={search_term_string}"},"query-input":{"@type":"PropertyValueSpecification","valueRequired":true,"valueName":"search_term_string"}}],"inLanguage":"sv-SE"},{"@type":"Organization","@id":"https:\/\/truusk.store\/sv\/#organization","name":"TRUUSK - Hem, Tr\u00e4dg\u00e5rd & Fritid","url":"https:\/\/truusk.store\/sv\/","logo":{"@type":"ImageObject","inLanguage":"sv-SE","@id":"https:\/\/truusk.store\/sv\/#\/schema\/logo\/image\/","url":"https:\/\/i0.wp.com\/truusk.store\/wp-content\/uploads\/2026\/03\/cropped-TRUUSK.png?fit=2032%2C917&ssl=1","contentUrl":"https:\/\/i0.wp.com\/truusk.store\/wp-content\/uploads\/2026\/03\/cropped-TRUUSK.png?fit=2032%2C917&ssl=1","width":2032,"height":917,"caption":"TRUUSK - Hem, Tr\u00e4dg\u00e5rd & Fritid"},"image":{"@id":"https:\/\/truusk.store\/sv\/#\/schema\/logo\/image\/"}}]}},"jetpack_sharing_enabled":true,"_links":{"self":[{"href":"https:\/\/truusk.store\/sv\/wp-json\/wp\/v2\/product\/28588","targetHints":{"allow":["GET"]}}],"collection":[{"href":"https:\/\/truusk.store\/sv\/wp-json\/wp\/v2\/product"}],"about":[{"href":"https:\/\/truusk.store\/sv\/wp-json\/wp\/v2\/types\/product"}],"wp:featuredmedia":[{"embeddable":true,"href":"https:\/\/truusk.store\/sv\/wp-json\/wp\/v2\/media\/28589"}],"wp:attachment":[{"href":"https:\/\/truusk.store\/sv\/wp-json\/wp\/v2\/media?parent=28588"}],"wp:term":[{"taxonomy":"product_brand","embeddable":true,"href":"https:\/\/truusk.store\/sv\/wp-json\/wp\/v2\/product_brand?post=28588"},{"taxonomy":"product_cat","embeddable":true,"href":"https:\/\/truusk.store\/sv\/wp-json\/wp\/v2\/product_cat?post=28588"},{"taxonomy":"product_tag","embeddable":true,"href":"https:\/\/truusk.store\/sv\/wp-json\/wp\/v2\/product_tag?post=28588"}],"curies":[{"name":"wp","href":"https:\/\/api.w.org\/{rel}","templated":true}]}}