{"id":28702,"date":"2024-02-13T19:46:27","date_gmt":"2024-02-13T18:46:27","guid":{"rendered":"https:\/\/truusk.store\/product\/baddsoffa-baddsoffa-gastsang-inklusive-2-kuddar-gra\/"},"modified":"2026-03-12T09:08:09","modified_gmt":"2026-03-12T08:08:09","slug":"truusk-hundbaddsoffa-med-2-kuddar-gastsang-gra","status":"publish","type":"product","link":"https:\/\/truusk.store\/sv\/produkt\/truusk-hundbaddsoffa-med-2-kuddar-gastsang-gra\/","title":{"rendered":"TRUUSK Hundb\u00e4ddsoffa &#8211; Med 2 Kuddar &#8211; G\u00e4sts\u00e4ng &#8211; Gr\u00e5"},"content":{"rendered":"<p>Denna mysiga b\u00e4ddsoffa f\u00f6rvandlas snabbt och enkelt fr\u00e5n en soffa till en s\u00e4ng och tillbaka igen, perfekt f\u00f6r en avkopplande tupplur eller \u00f6vernattande g\u00e4ster. En h\u00f6gkvalitativ pulverlackerad st\u00e5lram ger en solid bas, medan sammets\u00f6verdraget och den mjuka stoppningen ger soffan en lyxig och bekv\u00e4m touch. Tyg\u00f6verdraget \u00e4r avtagbart f\u00f6r enkel reng\u00f6ring och underh\u00e5ll.<\/p>\n<h3>Beskrivning:<\/h3>\n<ul>\n<li>Dubbelsoffa som f\u00f6rvandlas till en b\u00e4ddsoffa<\/li>\n<li>Ryggst\u00f6d med 5 justerbara komfortvinklar<\/li>\n<li>H\u00f6gkvalitativt mjukt fodral i fuskmocka vadderat med skum med medium densitet f\u00f6r st\u00f6d och komfort<\/li>\n<li>Tillverkad av slitstark pulverlackerad st\u00e5lram av h\u00f6g kvalitet<\/li>\n<li>Inkluderar accentkuddar f\u00f6r extra komfort och en chic look<\/li>\n<li>Avtagbart \u00f6rngott f\u00f6r bekv\u00e4m tv\u00e4tt<\/li>\n<li>Enkel montering kr\u00e4vs<\/li>\n<\/ul>\n<h3>Teknisk data:<\/h3>\n<ul>\n<li>F\u00e4rg: M\u00f6rkgr\u00e5<\/li>\n<li>Material: sammet (100% polyester), st\u00e5l, skum<\/li>\n<li>M\u00e5tt p\u00e5 soffa: 111L x 80W x 78H cm<\/li>\n<li>M\u00e5tt p\u00e5 s\u00e4ng: 185L x 105W x 27H cm<\/li>\n<li>M\u00e5tt p\u00e5 sits: 105W x 60D x 37H cm<\/li>\n<li>Lastkapacitet: 150 kg.<\/li>\n<\/ul>\n<h3>Leveransens omfattning:<\/h3>\n<ul>\n<li>1 dubbelsoffa<\/li>\n<li>1 instruktion<\/li>\n<li>VIKTIGT: Vi levererar varan till trottoarkanten utan kostnad. Se till att du anger r\u00e4tt adress och telefonnummer.<\/li>\n<\/ul>\n","protected":false},"excerpt":{"rendered":"<p>Denna mysiga b\u00e4ddsoffa f\u00f6rvandlas snabbt och enkelt fr\u00e5n en soffa till en s\u00e4ng och tillbaka igen, perfekt f\u00f6r en avkopplande&#8230;<\/p>\n","protected":false},"featured_media":28703,"template":"","meta":[],"product_brand":[],"product_cat":[557,485,554],"product_tag":[],"class_list":{"0":"post-28702","1":"product","2":"type-product","3":"status-publish","4":"has-post-thumbnail","6":"product_cat-baddsoffor","7":"product_cat-hus-bo","8":"product_cat-soffor-soffor","10":"first","11":"instock","12":"sale","13":"taxable","14":"shipping-taxable","15":"purchasable","16":"product-type-simple"},"yoast_head":"<!-- This site is optimized with the Yoast SEO plugin v25.4 - https:\/\/yoast.com\/wordpress\/plugins\/seo\/ -->\n<title>TRUUSK Hundb\u00e4ddsoffa - Med 2 Kuddar - G\u00e4sts\u00e4ng - Gr\u00e5 - TRUUSK - Hem, Tr\u00e4dg\u00e5rd &amp; Fritid<\/title>\n<meta name=\"robots\" content=\"index, follow, max-snippet:-1, max-image-preview:large, max-video-preview:-1\" \/>\n<link rel=\"canonical\" href=\"https:\/\/truusk.store\/sv\/produkt\/truusk-hundbaddsoffa-med-2-kuddar-gastsang-gra\/\" \/>\n<meta property=\"og:locale\" content=\"sv_SE\" \/>\n<meta property=\"og:type\" content=\"article\" \/>\n<meta property=\"og:title\" content=\"TRUUSK Hundb\u00e4ddsoffa - Med 2 Kuddar - G\u00e4sts\u00e4ng - Gr\u00e5 - TRUUSK - Hem, Tr\u00e4dg\u00e5rd &amp; Fritid\" \/>\n<meta property=\"og:description\" content=\"Denna mysiga b\u00e4ddsoffa f\u00f6rvandlas snabbt och enkelt fr\u00e5n en soffa till en s\u00e4ng och tillbaka igen, perfekt f\u00f6r en avkopplande...\" \/>\n<meta property=\"og:url\" content=\"https:\/\/truusk.store\/sv\/produkt\/truusk-hundbaddsoffa-med-2-kuddar-gastsang-gra\/\" \/>\n<meta property=\"og:site_name\" content=\"TRUUSK - Hem, Tr\u00e4dg\u00e5rd &amp; Fritid\" \/>\n<meta property=\"article:modified_time\" content=\"2026-03-12T08:08:09+00:00\" \/>\n<meta property=\"og:image\" content=\"https:\/\/i0.wp.com\/truusk.se\/wp-content\/uploads\/2024\/02\/baddsoffa-baddsoffa-gastsang-inklusive-2-kuddar-gra.webp?fit=800%2C800&ssl=1\" \/>\n\t<meta property=\"og:image:width\" content=\"800\" \/>\n\t<meta property=\"og:image:height\" content=\"800\" \/>\n\t<meta property=\"og:image:type\" content=\"image\/webp\" \/>\n<meta name=\"twitter:card\" content=\"summary_large_image\" \/>\n<meta name=\"twitter:label1\" content=\"Ber\u00e4knad l\u00e4stid\" \/>\n\t<meta name=\"twitter:data1\" content=\"1 minut\" \/>\n<!-- \/ Yoast SEO plugin. -->","yoast_head_json":{"title":"TRUUSK Hundb\u00e4ddsoffa - Med 2 Kuddar - G\u00e4sts\u00e4ng - Gr\u00e5 - TRUUSK - Hem, Tr\u00e4dg\u00e5rd &amp; Fritid","robots":{"index":"index","follow":"follow","max-snippet":"max-snippet:-1","max-image-preview":"max-image-preview:large","max-video-preview":"max-video-preview:-1"},"canonical":"https:\/\/truusk.store\/sv\/produkt\/truusk-hundbaddsoffa-med-2-kuddar-gastsang-gra\/","og_locale":"sv_SE","og_type":"article","og_title":"TRUUSK Hundb\u00e4ddsoffa - Med 2 Kuddar - G\u00e4sts\u00e4ng - Gr\u00e5 - TRUUSK - Hem, Tr\u00e4dg\u00e5rd &amp; Fritid","og_description":"Denna mysiga b\u00e4ddsoffa f\u00f6rvandlas snabbt och enkelt fr\u00e5n en soffa till en s\u00e4ng och tillbaka igen, perfekt f\u00f6r en avkopplande...","og_url":"https:\/\/truusk.store\/sv\/produkt\/truusk-hundbaddsoffa-med-2-kuddar-gastsang-gra\/","og_site_name":"TRUUSK - Hem, Tr\u00e4dg\u00e5rd &amp; Fritid","article_modified_time":"2026-03-12T08:08:09+00:00","og_image":[{"width":800,"height":800,"url":"https:\/\/i0.wp.com\/truusk.se\/wp-content\/uploads\/2024\/02\/baddsoffa-baddsoffa-gastsang-inklusive-2-kuddar-gra.webp?fit=800%2C800&ssl=1","type":"image\/webp"}],"twitter_card":"summary_large_image","twitter_misc":{"Ber\u00e4knad l\u00e4stid":"1 minut"},"schema":{"@context":"https:\/\/schema.org","@graph":[{"@type":"WebPage","@id":"https:\/\/truusk.store\/sv\/produkt\/truusk-hundbaddsoffa-med-2-kuddar-gastsang-gra\/","url":"https:\/\/truusk.store\/sv\/produkt\/truusk-hundbaddsoffa-med-2-kuddar-gastsang-gra\/","name":"TRUUSK Hundb\u00e4ddsoffa - Med 2 Kuddar - G\u00e4sts\u00e4ng - Gr\u00e5 - TRUUSK - Hem, Tr\u00e4dg\u00e5rd &amp; Fritid","isPartOf":{"@id":"https:\/\/truusk.store\/sv\/#website"},"primaryImageOfPage":{"@id":"https:\/\/truusk.store\/sv\/produkt\/truusk-hundbaddsoffa-med-2-kuddar-gastsang-gra\/#primaryimage"},"image":{"@id":"https:\/\/truusk.store\/sv\/produkt\/truusk-hundbaddsoffa-med-2-kuddar-gastsang-gra\/#primaryimage"},"thumbnailUrl":"https:\/\/i0.wp.com\/truusk.store\/wp-content\/uploads\/2024\/02\/baddsoffa-baddsoffa-gastsang-inklusive-2-kuddar-gra.webp?fit=800%2C800&ssl=1","datePublished":"2024-02-13T18:46:27+00:00","dateModified":"2026-03-12T08:08:09+00:00","breadcrumb":{"@id":"https:\/\/truusk.store\/sv\/produkt\/truusk-hundbaddsoffa-med-2-kuddar-gastsang-gra\/#breadcrumb"},"inLanguage":"sv-SE","potentialAction":[{"@type":"ReadAction","target":["https:\/\/truusk.store\/sv\/produkt\/truusk-hundbaddsoffa-med-2-kuddar-gastsang-gra\/"]}]},{"@type":"ImageObject","inLanguage":"sv-SE","@id":"https:\/\/truusk.store\/sv\/produkt\/truusk-hundbaddsoffa-med-2-kuddar-gastsang-gra\/#primaryimage","url":"https:\/\/i0.wp.com\/truusk.store\/wp-content\/uploads\/2024\/02\/baddsoffa-baddsoffa-gastsang-inklusive-2-kuddar-gra.webp?fit=800%2C800&ssl=1","contentUrl":"https:\/\/i0.wp.com\/truusk.store\/wp-content\/uploads\/2024\/02\/baddsoffa-baddsoffa-gastsang-inklusive-2-kuddar-gra.webp?fit=800%2C800&ssl=1","width":800,"height":800,"caption":"B\u00e4ddsoffa, B\u00e4ddsoffa, G\u00e4sts\u00e4ng, Inklusive 2 Kuddar, Gr\u00e5 1"},{"@type":"BreadcrumbList","@id":"https:\/\/truusk.store\/sv\/produkt\/truusk-hundbaddsoffa-med-2-kuddar-gastsang-gra\/#breadcrumb","itemListElement":[{"@type":"ListItem","position":1,"name":"Home","item":"https:\/\/truusk.store\/sv\/"},{"@type":"ListItem","position":2,"name":"Shop","item":"https:\/\/truusk.store\/shop\/"},{"@type":"ListItem","position":3,"name":"TRUUSK Hundb\u00e4ddsoffa &#8211; Med 2 Kuddar &#8211; G\u00e4sts\u00e4ng &#8211; Gr\u00e5"}]},{"@type":"WebSite","@id":"https:\/\/truusk.store\/sv\/#website","url":"https:\/\/truusk.store\/sv\/","name":"TRUUSK - Hem, Tr\u00e4dg\u00e5rd & Fritid","description":"","publisher":{"@id":"https:\/\/truusk.store\/sv\/#organization"},"potentialAction":[{"@type":"SearchAction","target":{"@type":"EntryPoint","urlTemplate":"https:\/\/truusk.store\/sv\/?s={search_term_string}"},"query-input":{"@type":"PropertyValueSpecification","valueRequired":true,"valueName":"search_term_string"}}],"inLanguage":"sv-SE"},{"@type":"Organization","@id":"https:\/\/truusk.store\/sv\/#organization","name":"TRUUSK - Hem, Tr\u00e4dg\u00e5rd & Fritid","url":"https:\/\/truusk.store\/sv\/","logo":{"@type":"ImageObject","inLanguage":"sv-SE","@id":"https:\/\/truusk.store\/sv\/#\/schema\/logo\/image\/","url":"https:\/\/i0.wp.com\/truusk.store\/wp-content\/uploads\/2026\/03\/cropped-TRUUSK.png?fit=2032%2C917&ssl=1","contentUrl":"https:\/\/i0.wp.com\/truusk.store\/wp-content\/uploads\/2026\/03\/cropped-TRUUSK.png?fit=2032%2C917&ssl=1","width":2032,"height":917,"caption":"TRUUSK - Hem, Tr\u00e4dg\u00e5rd & Fritid"},"image":{"@id":"https:\/\/truusk.store\/sv\/#\/schema\/logo\/image\/"}}]}},"jetpack_sharing_enabled":true,"_links":{"self":[{"href":"https:\/\/truusk.store\/sv\/wp-json\/wp\/v2\/product\/28702","targetHints":{"allow":["GET"]}}],"collection":[{"href":"https:\/\/truusk.store\/sv\/wp-json\/wp\/v2\/product"}],"about":[{"href":"https:\/\/truusk.store\/sv\/wp-json\/wp\/v2\/types\/product"}],"wp:featuredmedia":[{"embeddable":true,"href":"https:\/\/truusk.store\/sv\/wp-json\/wp\/v2\/media\/28703"}],"wp:attachment":[{"href":"https:\/\/truusk.store\/sv\/wp-json\/wp\/v2\/media?parent=28702"}],"wp:term":[{"taxonomy":"product_brand","embeddable":true,"href":"https:\/\/truusk.store\/sv\/wp-json\/wp\/v2\/product_brand?post=28702"},{"taxonomy":"product_cat","embeddable":true,"href":"https:\/\/truusk.store\/sv\/wp-json\/wp\/v2\/product_cat?post=28702"},{"taxonomy":"product_tag","embeddable":true,"href":"https:\/\/truusk.store\/sv\/wp-json\/wp\/v2\/product_tag?post=28702"}],"curies":[{"name":"wp","href":"https:\/\/api.w.org\/{rel}","templated":true}]}}