{"id":28819,"date":"2024-02-13T19:50:22","date_gmt":"2024-02-13T18:50:22","guid":{"rendered":"https:\/\/truusk.store\/product\/sparrgrind-for-hundar-dorrskyddsgrind-skyddsgrind-av-tra-fristaende-hundgrind-med-dorr-hundsparrgrind-konfigurationsgrind-for-oppen-spis-ugn-vit-113-166-x-36-x-71-cm\/"},"modified":"2026-03-12T09:08:10","modified_gmt":"2026-03-12T08:08:10","slug":"truusk-hundsparrgrind-av-tra-fristaende-justerbar-vit-113-166-x-36-x-71-cm","status":"publish","type":"product","link":"https:\/\/truusk.store\/sv\/produkt\/truusk-hundsparrgrind-av-tra-fristaende-justerbar-vit-113-166-x-36-x-71-cm\/","title":{"rendered":"TRUUSK Hundsp\u00e4rrgrind av Tr\u00e4 &#8211; Frist\u00e5ende &#8211; Justerbar &#8211; Vit &#8211; 113-166 x 36 x 71 cm"},"content":{"rendered":"<p>V\u00e5rt d\u00f6rrskydd \u00e4r ett s\u00e4kert och effektivt s\u00e4tt att skydda dina husdjur samtidigt som det ger en dekorativ touch till ditt hem. Denna inf\u00e4llbara grind har 3 separata paneler. En vinge fungerar som en d\u00f6rr genom vilken ditt husdjur enkelt kan ta sig in och ut. Grinden kommer med ett s\u00e4kerhetsl\u00e5s och st\u00f6d f\u00f6r att skydda dina husdjur. En bra produkt f\u00f6r att blockera d\u00f6rrar, korridorer och trappor!<\/p>\n<h3>Beskrivning:<\/h3>\n<ul>\n<li>L\u00e4ngden \u00e4r justerbar fr\u00e5n 113 cm till 166 cm, m\u00e5let kan anv\u00e4ndas p\u00e5 m\u00e5nga st\u00e4llen<\/li>\n<li>Tillverkad av furu med sl\u00e4t yta, s\u00e4ker och giftfri<\/li>\n<li>2 st\u00f6d f\u00f6r extra stabilitet<\/li>\n<li>En praktisk d\u00f6rr g\u00f6r att din hund kan g\u00e5 in och ut bekv\u00e4mt<\/li>\n<li>Ett s\u00e4kerhetsl\u00e5s kan s\u00e4kert st\u00e4nga d\u00f6rren<\/li>\n<li>Enkel montering kr\u00e4vs<\/li>\n<\/ul>\n<h3>Teknisk data:<\/h3>\n<ul>\n<li>Material: furu<\/li>\n<li>F\u00e4rg vit<\/li>\n<li>\u00d6vergripande m\u00e5tt: 113-166L x 36W x 71H cm<\/li>\n<li>D\u00f6rrm\u00e5tt: 41,5L x 66H cm<\/li>\n<li>M\u00e5tt p\u00e5 st\u00f6dfoten: 36L x 2,5W x 9H cm<\/li>\n<li>Avst\u00e5nd mellan lameller: 4,3L cm<\/li>\n<li>M\u00e5tt p\u00e5 v\u00e4nster del: 47L x 71H cm<\/li>\n<li>M\u00e5tt p\u00e5 h\u00f6ger del: 61L x 71H cm<\/li>\n<li>L\u00e4mplig f\u00f6r sm\u00e5 och medelstora hundar med en axelh\u00f6jd p\u00e5 25-50 cm<\/li>\n<\/ul>\n<h3>Leveransens omfattning:<\/h3>\n<ul>\n<li>1 x Pet Gate<\/li>\n<li>1 x Instruktioner<\/li>\n<\/ul>\n","protected":false},"excerpt":{"rendered":"<p>V\u00e5rt d\u00f6rrskydd \u00e4r ett s\u00e4kert och effektivt s\u00e4tt att skydda dina husdjur samtidigt som det ger en dekorativ touch till&#8230;<\/p>\n","protected":false},"featured_media":28820,"template":"","meta":[],"product_brand":[],"product_cat":[577,574,573],"product_tag":[],"class_list":{"0":"post-28819","1":"product","2":"type-product","3":"status-publish","4":"has-post-thumbnail","6":"product_cat-hundgrindar-avdelare","7":"product_cat-hundtillbehor","8":"product_cat-husdjursmaterial","10":"first","11":"instock","12":"sale","13":"taxable","14":"shipping-taxable","15":"purchasable","16":"product-type-simple"},"yoast_head":"<!-- This site is optimized with the Yoast SEO plugin v25.4 - https:\/\/yoast.com\/wordpress\/plugins\/seo\/ -->\n<title>TRUUSK Hundsp\u00e4rrgrind av Tr\u00e4 - Frist\u00e5ende - Justerbar - Vit - 113-166 x 36 x 71 cm - TRUUSK - Hem, Tr\u00e4dg\u00e5rd &amp; Fritid<\/title>\n<meta name=\"robots\" content=\"index, follow, max-snippet:-1, max-image-preview:large, max-video-preview:-1\" \/>\n<link rel=\"canonical\" href=\"https:\/\/truusk.store\/sv\/produkt\/truusk-hundsparrgrind-av-tra-fristaende-justerbar-vit-113-166-x-36-x-71-cm\/\" \/>\n<meta property=\"og:locale\" content=\"sv_SE\" \/>\n<meta property=\"og:type\" content=\"article\" \/>\n<meta property=\"og:title\" content=\"TRUUSK Hundsp\u00e4rrgrind av Tr\u00e4 - Frist\u00e5ende - Justerbar - Vit - 113-166 x 36 x 71 cm - TRUUSK - Hem, Tr\u00e4dg\u00e5rd &amp; Fritid\" \/>\n<meta property=\"og:description\" content=\"V\u00e5rt d\u00f6rrskydd \u00e4r ett s\u00e4kert och effektivt s\u00e4tt att skydda dina husdjur samtidigt som det ger en dekorativ touch till...\" \/>\n<meta property=\"og:url\" content=\"https:\/\/truusk.store\/sv\/produkt\/truusk-hundsparrgrind-av-tra-fristaende-justerbar-vit-113-166-x-36-x-71-cm\/\" \/>\n<meta property=\"og:site_name\" content=\"TRUUSK - Hem, Tr\u00e4dg\u00e5rd &amp; Fritid\" \/>\n<meta property=\"article:modified_time\" content=\"2026-03-12T08:08:10+00:00\" \/>\n<meta property=\"og:image\" content=\"https:\/\/i0.wp.com\/truusk.se\/wp-content\/uploads\/2024\/02\/sparrgrind-for-hundar-dorrskyddsgrind-skyddsgrind-av-tra-fristaende-hundgrind-med-dorr-hundsparrgrind-konfigurationsgrind-for-oppen-spis-ugn-vit-113-166-x-36-x-71-cm.webp?fit=800%2C800&ssl=1\" \/>\n\t<meta property=\"og:image:width\" content=\"800\" \/>\n\t<meta property=\"og:image:height\" content=\"800\" \/>\n\t<meta property=\"og:image:type\" content=\"image\/webp\" \/>\n<meta name=\"twitter:card\" content=\"summary_large_image\" \/>\n<meta name=\"twitter:label1\" content=\"Ber\u00e4knad l\u00e4stid\" \/>\n\t<meta name=\"twitter:data1\" content=\"1 minut\" \/>\n<!-- \/ Yoast SEO plugin. -->","yoast_head_json":{"title":"TRUUSK Hundsp\u00e4rrgrind av Tr\u00e4 - Frist\u00e5ende - Justerbar - Vit - 113-166 x 36 x 71 cm - TRUUSK - Hem, Tr\u00e4dg\u00e5rd &amp; Fritid","robots":{"index":"index","follow":"follow","max-snippet":"max-snippet:-1","max-image-preview":"max-image-preview:large","max-video-preview":"max-video-preview:-1"},"canonical":"https:\/\/truusk.store\/sv\/produkt\/truusk-hundsparrgrind-av-tra-fristaende-justerbar-vit-113-166-x-36-x-71-cm\/","og_locale":"sv_SE","og_type":"article","og_title":"TRUUSK Hundsp\u00e4rrgrind av Tr\u00e4 - Frist\u00e5ende - Justerbar - Vit - 113-166 x 36 x 71 cm - TRUUSK - Hem, Tr\u00e4dg\u00e5rd &amp; Fritid","og_description":"V\u00e5rt d\u00f6rrskydd \u00e4r ett s\u00e4kert och effektivt s\u00e4tt att skydda dina husdjur samtidigt som det ger en dekorativ touch till...","og_url":"https:\/\/truusk.store\/sv\/produkt\/truusk-hundsparrgrind-av-tra-fristaende-justerbar-vit-113-166-x-36-x-71-cm\/","og_site_name":"TRUUSK - Hem, Tr\u00e4dg\u00e5rd &amp; Fritid","article_modified_time":"2026-03-12T08:08:10+00:00","og_image":[{"width":800,"height":800,"url":"https:\/\/i0.wp.com\/truusk.se\/wp-content\/uploads\/2024\/02\/sparrgrind-for-hundar-dorrskyddsgrind-skyddsgrind-av-tra-fristaende-hundgrind-med-dorr-hundsparrgrind-konfigurationsgrind-for-oppen-spis-ugn-vit-113-166-x-36-x-71-cm.webp?fit=800%2C800&ssl=1","type":"image\/webp"}],"twitter_card":"summary_large_image","twitter_misc":{"Ber\u00e4knad l\u00e4stid":"1 minut"},"schema":{"@context":"https:\/\/schema.org","@graph":[{"@type":"WebPage","@id":"https:\/\/truusk.store\/sv\/produkt\/truusk-hundsparrgrind-av-tra-fristaende-justerbar-vit-113-166-x-36-x-71-cm\/","url":"https:\/\/truusk.store\/sv\/produkt\/truusk-hundsparrgrind-av-tra-fristaende-justerbar-vit-113-166-x-36-x-71-cm\/","name":"TRUUSK Hundsp\u00e4rrgrind av Tr\u00e4 - Frist\u00e5ende - Justerbar - Vit - 113-166 x 36 x 71 cm - TRUUSK - Hem, Tr\u00e4dg\u00e5rd &amp; Fritid","isPartOf":{"@id":"https:\/\/truusk.store\/sv\/#website"},"primaryImageOfPage":{"@id":"https:\/\/truusk.store\/sv\/produkt\/truusk-hundsparrgrind-av-tra-fristaende-justerbar-vit-113-166-x-36-x-71-cm\/#primaryimage"},"image":{"@id":"https:\/\/truusk.store\/sv\/produkt\/truusk-hundsparrgrind-av-tra-fristaende-justerbar-vit-113-166-x-36-x-71-cm\/#primaryimage"},"thumbnailUrl":"https:\/\/i0.wp.com\/truusk.store\/wp-content\/uploads\/2024\/02\/sparrgrind-for-hundar-dorrskyddsgrind-skyddsgrind-av-tra-fristaende-hundgrind-med-dorr-hundsparrgrind-konfigurationsgrind-for-oppen-spis-ugn-vit-113-166-x-36-x-71-cm.webp?fit=800%2C800&ssl=1","datePublished":"2024-02-13T18:50:22+00:00","dateModified":"2026-03-12T08:08:10+00:00","breadcrumb":{"@id":"https:\/\/truusk.store\/sv\/produkt\/truusk-hundsparrgrind-av-tra-fristaende-justerbar-vit-113-166-x-36-x-71-cm\/#breadcrumb"},"inLanguage":"sv-SE","potentialAction":[{"@type":"ReadAction","target":["https:\/\/truusk.store\/sv\/produkt\/truusk-hundsparrgrind-av-tra-fristaende-justerbar-vit-113-166-x-36-x-71-cm\/"]}]},{"@type":"ImageObject","inLanguage":"sv-SE","@id":"https:\/\/truusk.store\/sv\/produkt\/truusk-hundsparrgrind-av-tra-fristaende-justerbar-vit-113-166-x-36-x-71-cm\/#primaryimage","url":"https:\/\/i0.wp.com\/truusk.store\/wp-content\/uploads\/2024\/02\/sparrgrind-for-hundar-dorrskyddsgrind-skyddsgrind-av-tra-fristaende-hundgrind-med-dorr-hundsparrgrind-konfigurationsgrind-for-oppen-spis-ugn-vit-113-166-x-36-x-71-cm.webp?fit=800%2C800&ssl=1","contentUrl":"https:\/\/i0.wp.com\/truusk.store\/wp-content\/uploads\/2024\/02\/sparrgrind-for-hundar-dorrskyddsgrind-skyddsgrind-av-tra-fristaende-hundgrind-med-dorr-hundsparrgrind-konfigurationsgrind-for-oppen-spis-ugn-vit-113-166-x-36-x-71-cm.webp?fit=800%2C800&ssl=1","width":800,"height":800,"caption":"Sp\u00e4rrgrind F\u00f6r Hundar, D\u00f6rrskyddsgrind, Skyddsgrind Av Tr\u00e4, Frist\u00e5ende Hundgrind Med D\u00f6rr, Hundsp\u00e4rrgrind, Konfigurationsgrind F\u00f6r \u00f6ppen Spis &amp; Ugn, Vit, 113-166 X 36 X 71 Cm 1"},{"@type":"BreadcrumbList","@id":"https:\/\/truusk.store\/sv\/produkt\/truusk-hundsparrgrind-av-tra-fristaende-justerbar-vit-113-166-x-36-x-71-cm\/#breadcrumb","itemListElement":[{"@type":"ListItem","position":1,"name":"Home","item":"https:\/\/truusk.store\/sv\/"},{"@type":"ListItem","position":2,"name":"Shop","item":"https:\/\/truusk.store\/shop\/"},{"@type":"ListItem","position":3,"name":"TRUUSK Hundsp\u00e4rrgrind av Tr\u00e4 &#8211; Frist\u00e5ende &#8211; Justerbar &#8211; Vit &#8211; 113-166 x 36 x 71 cm"}]},{"@type":"WebSite","@id":"https:\/\/truusk.store\/sv\/#website","url":"https:\/\/truusk.store\/sv\/","name":"TRUUSK - Hem, Tr\u00e4dg\u00e5rd & Fritid","description":"","publisher":{"@id":"https:\/\/truusk.store\/sv\/#organization"},"potentialAction":[{"@type":"SearchAction","target":{"@type":"EntryPoint","urlTemplate":"https:\/\/truusk.store\/sv\/?s={search_term_string}"},"query-input":{"@type":"PropertyValueSpecification","valueRequired":true,"valueName":"search_term_string"}}],"inLanguage":"sv-SE"},{"@type":"Organization","@id":"https:\/\/truusk.store\/sv\/#organization","name":"TRUUSK - Hem, Tr\u00e4dg\u00e5rd & Fritid","url":"https:\/\/truusk.store\/sv\/","logo":{"@type":"ImageObject","inLanguage":"sv-SE","@id":"https:\/\/truusk.store\/sv\/#\/schema\/logo\/image\/","url":"https:\/\/i0.wp.com\/truusk.store\/wp-content\/uploads\/2026\/03\/cropped-TRUUSK.png?fit=2032%2C917&ssl=1","contentUrl":"https:\/\/i0.wp.com\/truusk.store\/wp-content\/uploads\/2026\/03\/cropped-TRUUSK.png?fit=2032%2C917&ssl=1","width":2032,"height":917,"caption":"TRUUSK - Hem, Tr\u00e4dg\u00e5rd & Fritid"},"image":{"@id":"https:\/\/truusk.store\/sv\/#\/schema\/logo\/image\/"}}]}},"jetpack_sharing_enabled":true,"_links":{"self":[{"href":"https:\/\/truusk.store\/sv\/wp-json\/wp\/v2\/product\/28819","targetHints":{"allow":["GET"]}}],"collection":[{"href":"https:\/\/truusk.store\/sv\/wp-json\/wp\/v2\/product"}],"about":[{"href":"https:\/\/truusk.store\/sv\/wp-json\/wp\/v2\/types\/product"}],"wp:featuredmedia":[{"embeddable":true,"href":"https:\/\/truusk.store\/sv\/wp-json\/wp\/v2\/media\/28820"}],"wp:attachment":[{"href":"https:\/\/truusk.store\/sv\/wp-json\/wp\/v2\/media?parent=28819"}],"wp:term":[{"taxonomy":"product_brand","embeddable":true,"href":"https:\/\/truusk.store\/sv\/wp-json\/wp\/v2\/product_brand?post=28819"},{"taxonomy":"product_cat","embeddable":true,"href":"https:\/\/truusk.store\/sv\/wp-json\/wp\/v2\/product_cat?post=28819"},{"taxonomy":"product_tag","embeddable":true,"href":"https:\/\/truusk.store\/sv\/wp-json\/wp\/v2\/product_tag?post=28819"}],"curies":[{"name":"wp","href":"https:\/\/api.w.org\/{rel}","templated":true}]}}