{"id":28854,"date":"2024-02-13T19:51:22","date_gmt":"2024-02-13T18:51:22","guid":{"rendered":"https:\/\/truusk.store\/product\/tradgardsskap-redskapsbod-i-tra-redskapsskjul-redskapsskap-traskjul-tak-tak-bitumen-papp-lamelldorrar-gra-87-x-465-x-160-cm\/"},"modified":"2026-03-12T09:08:14","modified_gmt":"2026-03-12T08:08:14","slug":"truusk-tradgardsskap-i-tra-redskapsbod-med-bitumen-tak-lamelldorrar-gra-87-x-465-x-160-cm","status":"publish","type":"product","link":"https:\/\/truusk.store\/sv\/produkt\/truusk-tradgardsskap-i-tra-redskapsbod-med-bitumen-tak-lamelldorrar-gra-87-x-465-x-160-cm\/","title":{"rendered":"TRUUSK Tr\u00e4dg\u00e5rdssk\u00e5p i Tr\u00e4 &#8211; Redskapsbod med Bitumen Tak &#8211; Lamelld\u00f6rrar &#8211; Gr\u00e5 &#8211; 87 x 46,5 x 160 cm"},"content":{"rendered":"<p>Om du har tr\u00e4dg\u00e5rdsgr\u00f6dor och redskap som ligger och tar plats \u00e4r det dags f\u00f6r dem att f\u00e5 en egen plats i v\u00e5r friggebod! Detta tr\u00e4dg\u00e5rdssk\u00e5p \u00e4r den eleganta l\u00f6sningen f\u00f6r verktyg och tillbeh\u00f6r. Allt f\u00f6rvaras diskret i de tre hyllorna bakom de tv\u00e5 stora luckorna med tr\u00e4handtag och \u00e4nd\u00e5 alltid l\u00e4ttillg\u00e4ngligt. Bitumenpappen p\u00e5 det sneda taket ser till att allt inuti f\u00f6rblir torrt. Tack vare lamellerna p\u00e5 d\u00f6rrarna f\u00f6rblir ditt utrustningssk\u00e5p alltid v\u00e4l ventilerat.<\/p>\n<h3>Beskrivning:<\/h3>\n<ul>\n<li>Tillverkad av massiv gran: extra slitstark<\/li>\n<li>Vattent\u00e4tt tak ger skydd mot vind, regn och sn\u00f6<\/li>\n<li>3 stora hyllfack f\u00f6r att f\u00f6rvara dina verktyg och tillbeh\u00f6r<\/li>\n<li>Bra ventilation genom lamelld\u00f6rrarna<\/li>\n<li>Stora dubbeld\u00f6rrar med tr\u00e4handtag f\u00f6r enkel \u00e5tkomst<\/li>\n<li>Praktiskt tillskott till din uteplats<\/li>\n<li>L\u00e4tt att montera tack vare detaljerade instruktioner<\/li>\n<\/ul>\n<h3>Teknisk data:<\/h3>\n<ul>\n<li>Material: gran, bitumenkartong<\/li>\n<li>F\u00e4rg gr\u00e5<\/li>\n<li>Vikt: 24kg<\/li>\n<li>Basarea: 0,31205m<\/li>\n<li>\u00d6vergripande m\u00e5tt: L87 x B46,5 x H160 cm<\/li>\n<li>M\u00e5tt per lucka: L36,9 x B140,6 cm<\/li>\n<li>M\u00e5tt hylla: L77 x B37,6 x H1 cm<\/li>\n<li>Hyllh\u00f6jd: 42 cm (\u00f6verst), 39,5 cm (mitten), 61 cm (botten)<\/li>\n<li>Max lastkapacitet per fack: 20 kg<\/li>\n<li>OBS: Denna vara skickas och levereras i separata l\u00e5dor, leveranstider kan variera beroende p\u00e5 l\u00e5da. Antal l\u00e5dor: 2<\/li>\n<\/ul>\n<h3>Leveransens omfattning:<\/h3>\n<ul>\n<li>1 x Tr\u00e4dg\u00e5rdssk\u00e5p<br \/>1 x monteringsanvisning\n<p><\/li>\n<\/ul>\n","protected":false},"excerpt":{"rendered":"<p>Om du har tr\u00e4dg\u00e5rdsgr\u00f6dor och redskap som ligger och tar plats \u00e4r det dags f\u00f6r dem att f\u00e5 en egen&#8230;<\/p>\n","protected":false},"featured_media":28855,"template":"","meta":[],"product_brand":[],"product_cat":[436,435,437],"product_tag":[],"class_list":{"0":"post-28854","1":"product","2":"type-product","3":"status-publish","4":"has-post-thumbnail","6":"product_cat-bestall-i-tradgarden","7":"product_cat-tradgard-och-terrass","8":"product_cat-tradgardsskap","10":"first","11":"instock","12":"sale","13":"taxable","14":"shipping-taxable","15":"purchasable","16":"product-type-simple"},"yoast_head":"<!-- This site is optimized with the Yoast SEO plugin v25.4 - https:\/\/yoast.com\/wordpress\/plugins\/seo\/ -->\n<title>TRUUSK Tr\u00e4dg\u00e5rdssk\u00e5p i Tr\u00e4 - Redskapsbod med Bitumen Tak - Lamelld\u00f6rrar - Gr\u00e5 - 87 x 46,5 x 160 cm - TRUUSK - Hem, Tr\u00e4dg\u00e5rd &amp; Fritid<\/title>\n<meta name=\"robots\" content=\"index, follow, max-snippet:-1, max-image-preview:large, max-video-preview:-1\" \/>\n<link rel=\"canonical\" href=\"https:\/\/truusk.store\/sv\/produkt\/truusk-tradgardsskap-i-tra-redskapsbod-med-bitumen-tak-lamelldorrar-gra-87-x-465-x-160-cm\/\" \/>\n<meta property=\"og:locale\" content=\"sv_SE\" \/>\n<meta property=\"og:type\" content=\"article\" \/>\n<meta property=\"og:title\" content=\"TRUUSK Tr\u00e4dg\u00e5rdssk\u00e5p i Tr\u00e4 - Redskapsbod med Bitumen Tak - Lamelld\u00f6rrar - Gr\u00e5 - 87 x 46,5 x 160 cm - TRUUSK - Hem, Tr\u00e4dg\u00e5rd &amp; Fritid\" \/>\n<meta property=\"og:description\" content=\"Om du har tr\u00e4dg\u00e5rdsgr\u00f6dor och redskap som ligger och tar plats \u00e4r det dags f\u00f6r dem att f\u00e5 en egen...\" \/>\n<meta property=\"og:url\" content=\"https:\/\/truusk.store\/sv\/produkt\/truusk-tradgardsskap-i-tra-redskapsbod-med-bitumen-tak-lamelldorrar-gra-87-x-465-x-160-cm\/\" \/>\n<meta property=\"og:site_name\" content=\"TRUUSK - Hem, Tr\u00e4dg\u00e5rd &amp; Fritid\" \/>\n<meta property=\"article:modified_time\" content=\"2026-03-12T08:08:14+00:00\" \/>\n<meta property=\"og:image\" content=\"https:\/\/i0.wp.com\/truusk.se\/wp-content\/uploads\/2024\/02\/tradgardsskap-redskapsbod-i-tra-redskapsskjul-redskapsskap-traskjul-tak-tak-bitumen-papp-lamelldorrar-gra-87-x-465-x-160-cm.webp?fit=800%2C800&ssl=1\" \/>\n\t<meta property=\"og:image:width\" content=\"800\" \/>\n\t<meta property=\"og:image:height\" content=\"800\" \/>\n\t<meta property=\"og:image:type\" content=\"image\/webp\" \/>\n<meta name=\"twitter:card\" content=\"summary_large_image\" \/>\n<meta name=\"twitter:label1\" content=\"Ber\u00e4knad l\u00e4stid\" \/>\n\t<meta name=\"twitter:data1\" content=\"1 minut\" \/>\n<!-- \/ Yoast SEO plugin. -->","yoast_head_json":{"title":"TRUUSK Tr\u00e4dg\u00e5rdssk\u00e5p i Tr\u00e4 - Redskapsbod med Bitumen Tak - Lamelld\u00f6rrar - Gr\u00e5 - 87 x 46,5 x 160 cm - TRUUSK - Hem, Tr\u00e4dg\u00e5rd &amp; Fritid","robots":{"index":"index","follow":"follow","max-snippet":"max-snippet:-1","max-image-preview":"max-image-preview:large","max-video-preview":"max-video-preview:-1"},"canonical":"https:\/\/truusk.store\/sv\/produkt\/truusk-tradgardsskap-i-tra-redskapsbod-med-bitumen-tak-lamelldorrar-gra-87-x-465-x-160-cm\/","og_locale":"sv_SE","og_type":"article","og_title":"TRUUSK Tr\u00e4dg\u00e5rdssk\u00e5p i Tr\u00e4 - Redskapsbod med Bitumen Tak - Lamelld\u00f6rrar - Gr\u00e5 - 87 x 46,5 x 160 cm - TRUUSK - Hem, Tr\u00e4dg\u00e5rd &amp; Fritid","og_description":"Om du har tr\u00e4dg\u00e5rdsgr\u00f6dor och redskap som ligger och tar plats \u00e4r det dags f\u00f6r dem att f\u00e5 en egen...","og_url":"https:\/\/truusk.store\/sv\/produkt\/truusk-tradgardsskap-i-tra-redskapsbod-med-bitumen-tak-lamelldorrar-gra-87-x-465-x-160-cm\/","og_site_name":"TRUUSK - Hem, Tr\u00e4dg\u00e5rd &amp; Fritid","article_modified_time":"2026-03-12T08:08:14+00:00","og_image":[{"width":800,"height":800,"url":"https:\/\/i0.wp.com\/truusk.se\/wp-content\/uploads\/2024\/02\/tradgardsskap-redskapsbod-i-tra-redskapsskjul-redskapsskap-traskjul-tak-tak-bitumen-papp-lamelldorrar-gra-87-x-465-x-160-cm.webp?fit=800%2C800&ssl=1","type":"image\/webp"}],"twitter_card":"summary_large_image","twitter_misc":{"Ber\u00e4knad l\u00e4stid":"1 minut"},"schema":{"@context":"https:\/\/schema.org","@graph":[{"@type":"WebPage","@id":"https:\/\/truusk.store\/sv\/produkt\/truusk-tradgardsskap-i-tra-redskapsbod-med-bitumen-tak-lamelldorrar-gra-87-x-465-x-160-cm\/","url":"https:\/\/truusk.store\/sv\/produkt\/truusk-tradgardsskap-i-tra-redskapsbod-med-bitumen-tak-lamelldorrar-gra-87-x-465-x-160-cm\/","name":"TRUUSK Tr\u00e4dg\u00e5rdssk\u00e5p i Tr\u00e4 - Redskapsbod med Bitumen Tak - Lamelld\u00f6rrar - Gr\u00e5 - 87 x 46,5 x 160 cm - TRUUSK - Hem, Tr\u00e4dg\u00e5rd &amp; Fritid","isPartOf":{"@id":"https:\/\/truusk.store\/sv\/#website"},"primaryImageOfPage":{"@id":"https:\/\/truusk.store\/sv\/produkt\/truusk-tradgardsskap-i-tra-redskapsbod-med-bitumen-tak-lamelldorrar-gra-87-x-465-x-160-cm\/#primaryimage"},"image":{"@id":"https:\/\/truusk.store\/sv\/produkt\/truusk-tradgardsskap-i-tra-redskapsbod-med-bitumen-tak-lamelldorrar-gra-87-x-465-x-160-cm\/#primaryimage"},"thumbnailUrl":"https:\/\/i0.wp.com\/truusk.store\/wp-content\/uploads\/2024\/02\/tradgardsskap-redskapsbod-i-tra-redskapsskjul-redskapsskap-traskjul-tak-tak-bitumen-papp-lamelldorrar-gra-87-x-465-x-160-cm.webp?fit=800%2C800&ssl=1","datePublished":"2024-02-13T18:51:22+00:00","dateModified":"2026-03-12T08:08:14+00:00","breadcrumb":{"@id":"https:\/\/truusk.store\/sv\/produkt\/truusk-tradgardsskap-i-tra-redskapsbod-med-bitumen-tak-lamelldorrar-gra-87-x-465-x-160-cm\/#breadcrumb"},"inLanguage":"sv-SE","potentialAction":[{"@type":"ReadAction","target":["https:\/\/truusk.store\/sv\/produkt\/truusk-tradgardsskap-i-tra-redskapsbod-med-bitumen-tak-lamelldorrar-gra-87-x-465-x-160-cm\/"]}]},{"@type":"ImageObject","inLanguage":"sv-SE","@id":"https:\/\/truusk.store\/sv\/produkt\/truusk-tradgardsskap-i-tra-redskapsbod-med-bitumen-tak-lamelldorrar-gra-87-x-465-x-160-cm\/#primaryimage","url":"https:\/\/i0.wp.com\/truusk.store\/wp-content\/uploads\/2024\/02\/tradgardsskap-redskapsbod-i-tra-redskapsskjul-redskapsskap-traskjul-tak-tak-bitumen-papp-lamelldorrar-gra-87-x-465-x-160-cm.webp?fit=800%2C800&ssl=1","contentUrl":"https:\/\/i0.wp.com\/truusk.store\/wp-content\/uploads\/2024\/02\/tradgardsskap-redskapsbod-i-tra-redskapsskjul-redskapsskap-traskjul-tak-tak-bitumen-papp-lamelldorrar-gra-87-x-465-x-160-cm.webp?fit=800%2C800&ssl=1","width":800,"height":800,"caption":"Tr\u00e4dg\u00e5rdssk\u00e5p Redskapsbod I Tr\u00e4 Redskapsskjul Redskapssk\u00e5p Tr\u00e4skjul Tak Tak Bitumen Papp Lamelld\u00f6rrar Gr\u00e5 87 X 46,5 X 160 Cm 1"},{"@type":"BreadcrumbList","@id":"https:\/\/truusk.store\/sv\/produkt\/truusk-tradgardsskap-i-tra-redskapsbod-med-bitumen-tak-lamelldorrar-gra-87-x-465-x-160-cm\/#breadcrumb","itemListElement":[{"@type":"ListItem","position":1,"name":"Home","item":"https:\/\/truusk.store\/sv\/"},{"@type":"ListItem","position":2,"name":"Shop","item":"https:\/\/truusk.store\/shop\/"},{"@type":"ListItem","position":3,"name":"TRUUSK Tr\u00e4dg\u00e5rdssk\u00e5p i Tr\u00e4 &#8211; Redskapsbod med Bitumen Tak &#8211; Lamelld\u00f6rrar &#8211; Gr\u00e5 &#8211; 87 x 46,5 x 160 cm"}]},{"@type":"WebSite","@id":"https:\/\/truusk.store\/sv\/#website","url":"https:\/\/truusk.store\/sv\/","name":"TRUUSK - Hem, Tr\u00e4dg\u00e5rd & Fritid","description":"","publisher":{"@id":"https:\/\/truusk.store\/sv\/#organization"},"potentialAction":[{"@type":"SearchAction","target":{"@type":"EntryPoint","urlTemplate":"https:\/\/truusk.store\/sv\/?s={search_term_string}"},"query-input":{"@type":"PropertyValueSpecification","valueRequired":true,"valueName":"search_term_string"}}],"inLanguage":"sv-SE"},{"@type":"Organization","@id":"https:\/\/truusk.store\/sv\/#organization","name":"TRUUSK - Hem, Tr\u00e4dg\u00e5rd & Fritid","url":"https:\/\/truusk.store\/sv\/","logo":{"@type":"ImageObject","inLanguage":"sv-SE","@id":"https:\/\/truusk.store\/sv\/#\/schema\/logo\/image\/","url":"https:\/\/i0.wp.com\/truusk.store\/wp-content\/uploads\/2026\/03\/cropped-TRUUSK.png?fit=2032%2C917&ssl=1","contentUrl":"https:\/\/i0.wp.com\/truusk.store\/wp-content\/uploads\/2026\/03\/cropped-TRUUSK.png?fit=2032%2C917&ssl=1","width":2032,"height":917,"caption":"TRUUSK - Hem, Tr\u00e4dg\u00e5rd & Fritid"},"image":{"@id":"https:\/\/truusk.store\/sv\/#\/schema\/logo\/image\/"}}]}},"jetpack_sharing_enabled":true,"_links":{"self":[{"href":"https:\/\/truusk.store\/sv\/wp-json\/wp\/v2\/product\/28854","targetHints":{"allow":["GET"]}}],"collection":[{"href":"https:\/\/truusk.store\/sv\/wp-json\/wp\/v2\/product"}],"about":[{"href":"https:\/\/truusk.store\/sv\/wp-json\/wp\/v2\/types\/product"}],"wp:featuredmedia":[{"embeddable":true,"href":"https:\/\/truusk.store\/sv\/wp-json\/wp\/v2\/media\/28855"}],"wp:attachment":[{"href":"https:\/\/truusk.store\/sv\/wp-json\/wp\/v2\/media?parent=28854"}],"wp:term":[{"taxonomy":"product_brand","embeddable":true,"href":"https:\/\/truusk.store\/sv\/wp-json\/wp\/v2\/product_brand?post=28854"},{"taxonomy":"product_cat","embeddable":true,"href":"https:\/\/truusk.store\/sv\/wp-json\/wp\/v2\/product_cat?post=28854"},{"taxonomy":"product_tag","embeddable":true,"href":"https:\/\/truusk.store\/sv\/wp-json\/wp\/v2\/product_tag?post=28854"}],"curies":[{"name":"wp","href":"https:\/\/api.w.org\/{rel}","templated":true}]}}