{"id":28876,"date":"2024-02-13T19:52:12","date_gmt":"2024-02-13T18:52:12","guid":{"rendered":"https:\/\/truusk.store\/product\/tradgardsskap-tradgardsbod-skjul-bod-med-hyllor-asfalttak-fonster-tra-gragron-77-x-542-x-179-cm\/"},"modified":"2026-03-12T09:08:14","modified_gmt":"2026-03-12T08:08:14","slug":"truusk-tradgardsskap-med-hyllor-och-fonster-asfalttak-gragron-77-x-542-x-179-cm","status":"publish","type":"product","link":"https:\/\/truusk.store\/sv\/produkt\/truusk-tradgardsskap-med-hyllor-och-fonster-asfalttak-gragron-77-x-542-x-179-cm\/","title":{"rendered":"TRUUSK Tr\u00e4dg\u00e5rdssk\u00e5p med Hyllor och F\u00f6nster &#8211; Asfalttak &#8211; Gr\u00e5+gr\u00f6n &#8211; 77 x 54,2 x 179 cm"},"content":{"rendered":"<p>Tr\u00e4dg\u00e5rdssk\u00e5pet \u00e4r den idealiska f\u00f6rvaringsl\u00f6sningen f\u00f6r tr\u00e4dg\u00e5rdsutrustning, grillar och verktyg. Den \u00e4r gjord av furu och cedertr\u00e4. Detta g\u00f6r den robust och slitstark. Stora f\u00f6rem\u00e5l kan f\u00f6rvaras st\u00e5ende, medan det finns tre h\u00f6rnhyllor f\u00f6r mindre redskap. Detta skapar ordning i din tr\u00e4dg\u00e5rd. Med sitt enkla och rustika utseende g\u00f6r detta tr\u00e4dg\u00e5rdssk\u00e5p ocks\u00e5 en snygg utomhusdekoration.<\/p>\n<h3>Beskrivning:<\/h3>\n<ul>\n<li>Tillverkad av slitstarkt tr\u00e4, t\u00e4ckt med 2 lager vattenfast f\u00e4rg<\/li>\n<li>Gott om plats f\u00f6r f\u00f6rvaring av tr\u00e4dg\u00e5rdsredskap och redskap<\/li>\n<li>3 flyttbara hyllor f\u00f6r sm\u00e5saker<\/li>\n<li>Takt\u00e4tning med asfalt<\/li>\n<li>F\u00f6nster f\u00f6r god ventilation<\/li>\n<li>Vacker och praktisk f\u00f6rvaringsl\u00f6sning f\u00f6r din tr\u00e4dg\u00e5rd<\/li>\n<\/ul>\n<h3>Teknisk data:<\/h3>\n<ul>\n<li>Material: gran<\/li>\n<li>F\u00e4rg: Gr\u00e5+gr\u00f6n<\/li>\n<li>\u00d6vergripande m\u00e5tt: 77L x 54,2B x 179H cm<\/li>\n<li>Basarea: 0,3015m<\/li>\n<li>Sk\u00e5pstorlek: 67W x 45D cm<\/li>\n<li>Inv\u00e4ndig storlek: 63W x 41D x 136H cm<\/li>\n<li>Tak\u00f6verh\u00e4ngets h\u00f6jd: 153 cm<\/li>\n<li>Avst\u00e5nd mellan hyllorna: 34 cm<\/li>\n<li>Vikt: 23kg<\/li>\n<li>Hyllornas lastkapacitet: 6 kg vardera<\/li>\n<li>Montering kr\u00e4vs<\/li>\n<\/ul>\n<h3>Leveransens omfattning:<\/h3>\n<ul>\n<li>1 x tr\u00e4dg\u00e5rdshus<\/li>\n<li>1 x Monteringsanvisning<\/li>\n<\/ul>\n","protected":false},"excerpt":{"rendered":"<p>Tr\u00e4dg\u00e5rdssk\u00e5pet \u00e4r den idealiska f\u00f6rvaringsl\u00f6sningen f\u00f6r tr\u00e4dg\u00e5rdsutrustning, grillar och verktyg. Den \u00e4r gjord av furu och cedertr\u00e4. Detta g\u00f6r den&#8230;<\/p>\n","protected":false},"featured_media":28877,"template":"","meta":[],"product_brand":[],"product_cat":[436,435,437],"product_tag":[],"class_list":{"0":"post-28876","1":"product","2":"type-product","3":"status-publish","4":"has-post-thumbnail","6":"product_cat-bestall-i-tradgarden","7":"product_cat-tradgard-och-terrass","8":"product_cat-tradgardsskap","10":"first","11":"instock","12":"sale","13":"taxable","14":"shipping-taxable","15":"purchasable","16":"product-type-simple"},"yoast_head":"<!-- This site is optimized with the Yoast SEO plugin v25.4 - https:\/\/yoast.com\/wordpress\/plugins\/seo\/ -->\n<title>TRUUSK Tr\u00e4dg\u00e5rdssk\u00e5p med Hyllor och F\u00f6nster - Asfalttak - Gr\u00e5+gr\u00f6n - 77 x 54,2 x 179 cm - TRUUSK - Hem, Tr\u00e4dg\u00e5rd &amp; Fritid<\/title>\n<meta name=\"robots\" content=\"index, follow, max-snippet:-1, max-image-preview:large, max-video-preview:-1\" \/>\n<link rel=\"canonical\" href=\"https:\/\/truusk.store\/sv\/produkt\/truusk-tradgardsskap-med-hyllor-och-fonster-asfalttak-gragron-77-x-542-x-179-cm\/\" \/>\n<meta property=\"og:locale\" content=\"sv_SE\" \/>\n<meta property=\"og:type\" content=\"article\" \/>\n<meta property=\"og:title\" content=\"TRUUSK Tr\u00e4dg\u00e5rdssk\u00e5p med Hyllor och F\u00f6nster - Asfalttak - Gr\u00e5+gr\u00f6n - 77 x 54,2 x 179 cm - TRUUSK - Hem, Tr\u00e4dg\u00e5rd &amp; Fritid\" \/>\n<meta property=\"og:description\" content=\"Tr\u00e4dg\u00e5rdssk\u00e5pet \u00e4r den idealiska f\u00f6rvaringsl\u00f6sningen f\u00f6r tr\u00e4dg\u00e5rdsutrustning, grillar och verktyg. Den \u00e4r gjord av furu och cedertr\u00e4. Detta g\u00f6r den...\" \/>\n<meta property=\"og:url\" content=\"https:\/\/truusk.store\/sv\/produkt\/truusk-tradgardsskap-med-hyllor-och-fonster-asfalttak-gragron-77-x-542-x-179-cm\/\" \/>\n<meta property=\"og:site_name\" content=\"TRUUSK - Hem, Tr\u00e4dg\u00e5rd &amp; Fritid\" \/>\n<meta property=\"article:modified_time\" content=\"2026-03-12T08:08:14+00:00\" \/>\n<meta property=\"og:image\" content=\"https:\/\/i0.wp.com\/truusk.se\/wp-content\/uploads\/2024\/02\/tradgardsskap-tradgardsbod-skjul-bod-med-hyllor-asfalttak-fonster-tra-gragron-77-x-542-x-179-cm.webp?fit=800%2C800&ssl=1\" \/>\n\t<meta property=\"og:image:width\" content=\"800\" \/>\n\t<meta property=\"og:image:height\" content=\"800\" \/>\n\t<meta property=\"og:image:type\" content=\"image\/webp\" \/>\n<meta name=\"twitter:card\" content=\"summary_large_image\" \/>\n<meta name=\"twitter:label1\" content=\"Ber\u00e4knad l\u00e4stid\" \/>\n\t<meta name=\"twitter:data1\" content=\"1 minut\" \/>\n<!-- \/ Yoast SEO plugin. -->","yoast_head_json":{"title":"TRUUSK Tr\u00e4dg\u00e5rdssk\u00e5p med Hyllor och F\u00f6nster - Asfalttak - Gr\u00e5+gr\u00f6n - 77 x 54,2 x 179 cm - TRUUSK - Hem, Tr\u00e4dg\u00e5rd &amp; Fritid","robots":{"index":"index","follow":"follow","max-snippet":"max-snippet:-1","max-image-preview":"max-image-preview:large","max-video-preview":"max-video-preview:-1"},"canonical":"https:\/\/truusk.store\/sv\/produkt\/truusk-tradgardsskap-med-hyllor-och-fonster-asfalttak-gragron-77-x-542-x-179-cm\/","og_locale":"sv_SE","og_type":"article","og_title":"TRUUSK Tr\u00e4dg\u00e5rdssk\u00e5p med Hyllor och F\u00f6nster - Asfalttak - Gr\u00e5+gr\u00f6n - 77 x 54,2 x 179 cm - TRUUSK - Hem, Tr\u00e4dg\u00e5rd &amp; Fritid","og_description":"Tr\u00e4dg\u00e5rdssk\u00e5pet \u00e4r den idealiska f\u00f6rvaringsl\u00f6sningen f\u00f6r tr\u00e4dg\u00e5rdsutrustning, grillar och verktyg. Den \u00e4r gjord av furu och cedertr\u00e4. Detta g\u00f6r den...","og_url":"https:\/\/truusk.store\/sv\/produkt\/truusk-tradgardsskap-med-hyllor-och-fonster-asfalttak-gragron-77-x-542-x-179-cm\/","og_site_name":"TRUUSK - Hem, Tr\u00e4dg\u00e5rd &amp; Fritid","article_modified_time":"2026-03-12T08:08:14+00:00","og_image":[{"width":800,"height":800,"url":"https:\/\/i0.wp.com\/truusk.se\/wp-content\/uploads\/2024\/02\/tradgardsskap-tradgardsbod-skjul-bod-med-hyllor-asfalttak-fonster-tra-gragron-77-x-542-x-179-cm.webp?fit=800%2C800&ssl=1","type":"image\/webp"}],"twitter_card":"summary_large_image","twitter_misc":{"Ber\u00e4knad l\u00e4stid":"1 minut"},"schema":{"@context":"https:\/\/schema.org","@graph":[{"@type":"WebPage","@id":"https:\/\/truusk.store\/sv\/produkt\/truusk-tradgardsskap-med-hyllor-och-fonster-asfalttak-gragron-77-x-542-x-179-cm\/","url":"https:\/\/truusk.store\/sv\/produkt\/truusk-tradgardsskap-med-hyllor-och-fonster-asfalttak-gragron-77-x-542-x-179-cm\/","name":"TRUUSK Tr\u00e4dg\u00e5rdssk\u00e5p med Hyllor och F\u00f6nster - Asfalttak - Gr\u00e5+gr\u00f6n - 77 x 54,2 x 179 cm - TRUUSK - Hem, Tr\u00e4dg\u00e5rd &amp; Fritid","isPartOf":{"@id":"https:\/\/truusk.store\/sv\/#website"},"primaryImageOfPage":{"@id":"https:\/\/truusk.store\/sv\/produkt\/truusk-tradgardsskap-med-hyllor-och-fonster-asfalttak-gragron-77-x-542-x-179-cm\/#primaryimage"},"image":{"@id":"https:\/\/truusk.store\/sv\/produkt\/truusk-tradgardsskap-med-hyllor-och-fonster-asfalttak-gragron-77-x-542-x-179-cm\/#primaryimage"},"thumbnailUrl":"https:\/\/i0.wp.com\/truusk.store\/wp-content\/uploads\/2024\/02\/tradgardsskap-tradgardsbod-skjul-bod-med-hyllor-asfalttak-fonster-tra-gragron-77-x-542-x-179-cm.webp?fit=800%2C800&ssl=1","datePublished":"2024-02-13T18:52:12+00:00","dateModified":"2026-03-12T08:08:14+00:00","breadcrumb":{"@id":"https:\/\/truusk.store\/sv\/produkt\/truusk-tradgardsskap-med-hyllor-och-fonster-asfalttak-gragron-77-x-542-x-179-cm\/#breadcrumb"},"inLanguage":"sv-SE","potentialAction":[{"@type":"ReadAction","target":["https:\/\/truusk.store\/sv\/produkt\/truusk-tradgardsskap-med-hyllor-och-fonster-asfalttak-gragron-77-x-542-x-179-cm\/"]}]},{"@type":"ImageObject","inLanguage":"sv-SE","@id":"https:\/\/truusk.store\/sv\/produkt\/truusk-tradgardsskap-med-hyllor-och-fonster-asfalttak-gragron-77-x-542-x-179-cm\/#primaryimage","url":"https:\/\/i0.wp.com\/truusk.store\/wp-content\/uploads\/2024\/02\/tradgardsskap-tradgardsbod-skjul-bod-med-hyllor-asfalttak-fonster-tra-gragron-77-x-542-x-179-cm.webp?fit=800%2C800&ssl=1","contentUrl":"https:\/\/i0.wp.com\/truusk.store\/wp-content\/uploads\/2024\/02\/tradgardsskap-tradgardsbod-skjul-bod-med-hyllor-asfalttak-fonster-tra-gragron-77-x-542-x-179-cm.webp?fit=800%2C800&ssl=1","width":800,"height":800,"caption":"Tr\u00e4dg\u00e5rdssk\u00e5p, Tr\u00e4dg\u00e5rdsbod, Skjul, Bod Med Hyllor, Asfalttak, F\u00f6nster, Tr\u00e4, Gr\u00e5+gr\u00f6n, 77 X 54,2 X 179 Cm 1"},{"@type":"BreadcrumbList","@id":"https:\/\/truusk.store\/sv\/produkt\/truusk-tradgardsskap-med-hyllor-och-fonster-asfalttak-gragron-77-x-542-x-179-cm\/#breadcrumb","itemListElement":[{"@type":"ListItem","position":1,"name":"Home","item":"https:\/\/truusk.store\/sv\/"},{"@type":"ListItem","position":2,"name":"Shop","item":"https:\/\/truusk.store\/shop\/"},{"@type":"ListItem","position":3,"name":"TRUUSK Tr\u00e4dg\u00e5rdssk\u00e5p med Hyllor och F\u00f6nster &#8211; Asfalttak &#8211; Gr\u00e5+gr\u00f6n &#8211; 77 x 54,2 x 179 cm"}]},{"@type":"WebSite","@id":"https:\/\/truusk.store\/sv\/#website","url":"https:\/\/truusk.store\/sv\/","name":"TRUUSK - Hem, Tr\u00e4dg\u00e5rd & Fritid","description":"","publisher":{"@id":"https:\/\/truusk.store\/sv\/#organization"},"potentialAction":[{"@type":"SearchAction","target":{"@type":"EntryPoint","urlTemplate":"https:\/\/truusk.store\/sv\/?s={search_term_string}"},"query-input":{"@type":"PropertyValueSpecification","valueRequired":true,"valueName":"search_term_string"}}],"inLanguage":"sv-SE"},{"@type":"Organization","@id":"https:\/\/truusk.store\/sv\/#organization","name":"TRUUSK - Hem, Tr\u00e4dg\u00e5rd & Fritid","url":"https:\/\/truusk.store\/sv\/","logo":{"@type":"ImageObject","inLanguage":"sv-SE","@id":"https:\/\/truusk.store\/sv\/#\/schema\/logo\/image\/","url":"https:\/\/i0.wp.com\/truusk.store\/wp-content\/uploads\/2026\/03\/cropped-TRUUSK.png?fit=2032%2C917&ssl=1","contentUrl":"https:\/\/i0.wp.com\/truusk.store\/wp-content\/uploads\/2026\/03\/cropped-TRUUSK.png?fit=2032%2C917&ssl=1","width":2032,"height":917,"caption":"TRUUSK - Hem, Tr\u00e4dg\u00e5rd & Fritid"},"image":{"@id":"https:\/\/truusk.store\/sv\/#\/schema\/logo\/image\/"}}]}},"jetpack_sharing_enabled":true,"_links":{"self":[{"href":"https:\/\/truusk.store\/sv\/wp-json\/wp\/v2\/product\/28876","targetHints":{"allow":["GET"]}}],"collection":[{"href":"https:\/\/truusk.store\/sv\/wp-json\/wp\/v2\/product"}],"about":[{"href":"https:\/\/truusk.store\/sv\/wp-json\/wp\/v2\/types\/product"}],"wp:featuredmedia":[{"embeddable":true,"href":"https:\/\/truusk.store\/sv\/wp-json\/wp\/v2\/media\/28877"}],"wp:attachment":[{"href":"https:\/\/truusk.store\/sv\/wp-json\/wp\/v2\/media?parent=28876"}],"wp:term":[{"taxonomy":"product_brand","embeddable":true,"href":"https:\/\/truusk.store\/sv\/wp-json\/wp\/v2\/product_brand?post=28876"},{"taxonomy":"product_cat","embeddable":true,"href":"https:\/\/truusk.store\/sv\/wp-json\/wp\/v2\/product_cat?post=28876"},{"taxonomy":"product_tag","embeddable":true,"href":"https:\/\/truusk.store\/sv\/wp-json\/wp\/v2\/product_tag?post=28876"}],"curies":[{"name":"wp","href":"https:\/\/api.w.org\/{rel}","templated":true}]}}