{"id":28898,"date":"2024-02-13T19:52:53","date_gmt":"2024-02-13T18:52:53","guid":{"rendered":"https:\/\/truusk.store\/product\/tradgardsvagn-med-rullstol-upp-till-150-kg-med-forvaringskorg-for-sma-tradgardsredskap-mobil-verkstadsvagn-tradgardssits-riktningsstyrbar-sitthojd-46-59-cm-hojdjusterbar-metall-gummi-gron\/"},"modified":"2026-03-12T09:08:14","modified_gmt":"2026-03-12T08:08:14","slug":"truusk-tradgardsvagn-med-rullstol-upp-till-150-kg-for-sma-tradgardsredskap-mobil-verkstadsvagn-tradgardssits","status":"publish","type":"product","link":"https:\/\/truusk.store\/sv\/produkt\/truusk-tradgardsvagn-med-rullstol-upp-till-150-kg-for-sma-tradgardsredskap-mobil-verkstadsvagn-tradgardssits\/","title":{"rendered":"TRUUSK Tr\u00e4dg\u00e5rdsvagn Med Rullstol Upp Till 150 Kg &#8211; F\u00f6r Sm\u00e5 Tr\u00e4dg\u00e5rdsredskap &#8211; Mobil Verkstadsvagn &#8211; Tr\u00e4dg\u00e5rdssits &#8211;"},"content":{"rendered":"<p>Denna tr\u00e4dg\u00e5rdsvagn \u00e4r en oumb\u00e4rlig hj\u00e4lpreda f\u00f6r tr\u00e4dg\u00e5rdssk\u00f6tsel och landskapssk\u00f6tsel! Den g\u00f6r det enkelt att transportera f\u00f6rem\u00e5l och har en sittplats s\u00e5 att du enkelt kan ta hand om dina v\u00e4xter och tr\u00e4dg\u00e5rd. Den \u00e4r idealisk f\u00f6r personer med kn\u00e4- eller ryggsm\u00e4rtor eftersom den g\u00f6r tr\u00e4dg\u00e5rdssk\u00f6tseln enklare och lindrar avsev\u00e4rt p\u00e5frestningarna p\u00e5 kroppen. Sitsen kan \u00e4ven vridas och h\u00f6jas. Kort sagt: Med denna tr\u00e4dg\u00e5rdsvagn f\u00e5r du en unik medhj\u00e4lpare f\u00f6r mer komfort och bekv\u00e4mlighet vid tr\u00e4dg\u00e5rdsarbete.<\/p>\n<h3>Beskrivning:<\/h3>\n<ul>\n<li>Perfekt f\u00f6r personer med tr\u00e4dg\u00e5rd eller tr\u00e4dg\u00e5rd<\/li>\n<li>H\u00e5llbar, l\u00e4tt att anv\u00e4nda och lindrar kn\u00e4- och ryggsm\u00e4rtor<\/li>\n<li>St\u00f6ds av en robust metallram<\/li>\n<li>Stabila st\u00e5laxlar m\u00f6jligg\u00f6r enkel styrning och r\u00f6rlighet<\/li>\n<li>Framhjulet kan styras med mjuk ratt<\/li>\n<li>Brukskorg och fack under sitsen hj\u00e4lper dig att f\u00f6rvara tr\u00e4dg\u00e5rdsredskap<\/li>\n<li>Fyra hjul med en diameter p\u00e5 25 cm f\u00f6r smidig r\u00f6relse<\/li>\n<li>Justerbar h\u00f6jd och 360 graders vridbar sits f\u00f6r att passa dina personliga behov<\/li>\n<\/ul>\n<h3>Teknisk data:<\/h3>\n<ul>\n<li>Material: metall, gummi<\/li>\n<li>r\u00f6d f\u00e4rg<\/li>\n<li>Viktkapacitet: 150 kg<\/li>\n<li>\u00d6vergripande m\u00e5tt: 81L x 44,5W x 46-59H cm<\/li>\n<li>Sittm\u00e5tt: 44L x 36W x 0,18D cm<\/li>\n<li>Hyllm\u00e5tt: 46L x 40W x 11,5H cm<\/li>\n<li>Korgm\u00e5tt: 29L x 29W x 12H cm<\/li>\n<li>Hjulstorlek: 25 x 7 cm<\/li>\n<\/ul>\n<h3>Leveransens omfattning:<\/h3>\n<ul>\n<li>Material: metall, gummi<\/li>\n<li>F\u00e4rg: gr\u00f6n<\/li>\n<li>Lastkapacitet: 150 kg<\/li>\n<li>\u00d6vergripande m\u00e5tt: 81L x 44,5W x 46-59H cm<\/li>\n<li>Sittm\u00e5tt: 44L x 36W x 0,18D cm<\/li>\n<li>Brickstorlek: 46L x 40W x 11,5H cm<\/li>\n<li>Korgm\u00e5tt: 29L x 29W x 12H cm<\/li>\n<li>Hjulstorlek: 25 x 7 cm<\/li>\n<\/ul>\n","protected":false},"excerpt":{"rendered":"<p>Denna tr\u00e4dg\u00e5rdsvagn \u00e4r en oumb\u00e4rlig hj\u00e4lpreda f\u00f6r tr\u00e4dg\u00e5rdssk\u00f6tsel och landskapssk\u00f6tsel! Den g\u00f6r det enkelt att transportera f\u00f6rem\u00e5l och har en&#8230;<\/p>\n","protected":false},"featured_media":28899,"template":"","meta":[],"product_brand":[],"product_cat":[694,671,693],"product_tag":[],"class_list":{"0":"post-28898","1":"product","2":"type-product","3":"status-publish","4":"has-post-thumbnail","6":"product_cat-handkarror","7":"product_cat-jarnaffar","8":"product_cat-transport","10":"first","11":"instock","12":"sale","13":"taxable","14":"shipping-taxable","15":"purchasable","16":"product-type-simple"},"yoast_head":"<!-- This site is optimized with the Yoast SEO plugin v25.4 - https:\/\/yoast.com\/wordpress\/plugins\/seo\/ -->\n<title>TRUUSK Tr\u00e4dg\u00e5rdsvagn Med Rullstol Upp Till 150 Kg - F\u00f6r Sm\u00e5 Tr\u00e4dg\u00e5rdsredskap - Mobil Verkstadsvagn - Tr\u00e4dg\u00e5rdssits - TRUUSK - Hem, Tr\u00e4dg\u00e5rd &amp; Fritid<\/title>\n<meta name=\"robots\" content=\"index, follow, max-snippet:-1, max-image-preview:large, max-video-preview:-1\" \/>\n<link rel=\"canonical\" href=\"https:\/\/truusk.store\/sv\/produkt\/truusk-tradgardsvagn-med-rullstol-upp-till-150-kg-for-sma-tradgardsredskap-mobil-verkstadsvagn-tradgardssits\/\" \/>\n<meta property=\"og:locale\" content=\"sv_SE\" \/>\n<meta property=\"og:type\" content=\"article\" \/>\n<meta property=\"og:title\" content=\"TRUUSK Tr\u00e4dg\u00e5rdsvagn Med Rullstol Upp Till 150 Kg - F\u00f6r Sm\u00e5 Tr\u00e4dg\u00e5rdsredskap - Mobil Verkstadsvagn - Tr\u00e4dg\u00e5rdssits - TRUUSK - Hem, Tr\u00e4dg\u00e5rd &amp; Fritid\" \/>\n<meta property=\"og:description\" content=\"Denna tr\u00e4dg\u00e5rdsvagn \u00e4r en oumb\u00e4rlig hj\u00e4lpreda f\u00f6r tr\u00e4dg\u00e5rdssk\u00f6tsel och landskapssk\u00f6tsel! Den g\u00f6r det enkelt att transportera f\u00f6rem\u00e5l och har en...\" \/>\n<meta property=\"og:url\" content=\"https:\/\/truusk.store\/sv\/produkt\/truusk-tradgardsvagn-med-rullstol-upp-till-150-kg-for-sma-tradgardsredskap-mobil-verkstadsvagn-tradgardssits\/\" \/>\n<meta property=\"og:site_name\" content=\"TRUUSK - Hem, Tr\u00e4dg\u00e5rd &amp; Fritid\" \/>\n<meta property=\"article:modified_time\" content=\"2026-03-12T08:08:14+00:00\" \/>\n<meta property=\"og:image\" content=\"https:\/\/i0.wp.com\/truusk.se\/wp-content\/uploads\/2024\/02\/tradgardsvagn-med-rullstol-upp-till-150-kg-med-forvaringskorg-for-sma-tradgardsredskap-mobil-verkstadsvagn-tradgardssits-riktningsstyrbar-sitthojd-46-59-cm-hojdjusterbar-metall-gummi-gron.webp?fit=800%2C800&ssl=1\" \/>\n\t<meta property=\"og:image:width\" content=\"800\" \/>\n\t<meta property=\"og:image:height\" content=\"800\" \/>\n\t<meta property=\"og:image:type\" content=\"image\/webp\" \/>\n<meta name=\"twitter:card\" content=\"summary_large_image\" \/>\n<meta name=\"twitter:label1\" content=\"Ber\u00e4knad l\u00e4stid\" \/>\n\t<meta name=\"twitter:data1\" content=\"1 minut\" \/>\n<!-- \/ Yoast SEO plugin. -->","yoast_head_json":{"title":"TRUUSK Tr\u00e4dg\u00e5rdsvagn Med Rullstol Upp Till 150 Kg - F\u00f6r Sm\u00e5 Tr\u00e4dg\u00e5rdsredskap - Mobil Verkstadsvagn - Tr\u00e4dg\u00e5rdssits - TRUUSK - Hem, Tr\u00e4dg\u00e5rd &amp; Fritid","robots":{"index":"index","follow":"follow","max-snippet":"max-snippet:-1","max-image-preview":"max-image-preview:large","max-video-preview":"max-video-preview:-1"},"canonical":"https:\/\/truusk.store\/sv\/produkt\/truusk-tradgardsvagn-med-rullstol-upp-till-150-kg-for-sma-tradgardsredskap-mobil-verkstadsvagn-tradgardssits\/","og_locale":"sv_SE","og_type":"article","og_title":"TRUUSK Tr\u00e4dg\u00e5rdsvagn Med Rullstol Upp Till 150 Kg - F\u00f6r Sm\u00e5 Tr\u00e4dg\u00e5rdsredskap - Mobil Verkstadsvagn - Tr\u00e4dg\u00e5rdssits - TRUUSK - Hem, Tr\u00e4dg\u00e5rd &amp; Fritid","og_description":"Denna tr\u00e4dg\u00e5rdsvagn \u00e4r en oumb\u00e4rlig hj\u00e4lpreda f\u00f6r tr\u00e4dg\u00e5rdssk\u00f6tsel och landskapssk\u00f6tsel! Den g\u00f6r det enkelt att transportera f\u00f6rem\u00e5l och har en...","og_url":"https:\/\/truusk.store\/sv\/produkt\/truusk-tradgardsvagn-med-rullstol-upp-till-150-kg-for-sma-tradgardsredskap-mobil-verkstadsvagn-tradgardssits\/","og_site_name":"TRUUSK - Hem, Tr\u00e4dg\u00e5rd &amp; Fritid","article_modified_time":"2026-03-12T08:08:14+00:00","og_image":[{"width":800,"height":800,"url":"https:\/\/i0.wp.com\/truusk.se\/wp-content\/uploads\/2024\/02\/tradgardsvagn-med-rullstol-upp-till-150-kg-med-forvaringskorg-for-sma-tradgardsredskap-mobil-verkstadsvagn-tradgardssits-riktningsstyrbar-sitthojd-46-59-cm-hojdjusterbar-metall-gummi-gron.webp?fit=800%2C800&ssl=1","type":"image\/webp"}],"twitter_card":"summary_large_image","twitter_misc":{"Ber\u00e4knad l\u00e4stid":"1 minut"},"schema":{"@context":"https:\/\/schema.org","@graph":[{"@type":"WebPage","@id":"https:\/\/truusk.store\/sv\/produkt\/truusk-tradgardsvagn-med-rullstol-upp-till-150-kg-for-sma-tradgardsredskap-mobil-verkstadsvagn-tradgardssits\/","url":"https:\/\/truusk.store\/sv\/produkt\/truusk-tradgardsvagn-med-rullstol-upp-till-150-kg-for-sma-tradgardsredskap-mobil-verkstadsvagn-tradgardssits\/","name":"TRUUSK Tr\u00e4dg\u00e5rdsvagn Med Rullstol Upp Till 150 Kg - F\u00f6r Sm\u00e5 Tr\u00e4dg\u00e5rdsredskap - Mobil Verkstadsvagn - Tr\u00e4dg\u00e5rdssits - TRUUSK - Hem, Tr\u00e4dg\u00e5rd &amp; Fritid","isPartOf":{"@id":"https:\/\/truusk.store\/sv\/#website"},"primaryImageOfPage":{"@id":"https:\/\/truusk.store\/sv\/produkt\/truusk-tradgardsvagn-med-rullstol-upp-till-150-kg-for-sma-tradgardsredskap-mobil-verkstadsvagn-tradgardssits\/#primaryimage"},"image":{"@id":"https:\/\/truusk.store\/sv\/produkt\/truusk-tradgardsvagn-med-rullstol-upp-till-150-kg-for-sma-tradgardsredskap-mobil-verkstadsvagn-tradgardssits\/#primaryimage"},"thumbnailUrl":"https:\/\/i0.wp.com\/truusk.store\/wp-content\/uploads\/2024\/02\/tradgardsvagn-med-rullstol-upp-till-150-kg-med-forvaringskorg-for-sma-tradgardsredskap-mobil-verkstadsvagn-tradgardssits-riktningsstyrbar-sitthojd-46-59-cm-hojdjusterbar-metall-gummi-gron.webp?fit=800%2C800&ssl=1","datePublished":"2024-02-13T18:52:53+00:00","dateModified":"2026-03-12T08:08:14+00:00","breadcrumb":{"@id":"https:\/\/truusk.store\/sv\/produkt\/truusk-tradgardsvagn-med-rullstol-upp-till-150-kg-for-sma-tradgardsredskap-mobil-verkstadsvagn-tradgardssits\/#breadcrumb"},"inLanguage":"sv-SE","potentialAction":[{"@type":"ReadAction","target":["https:\/\/truusk.store\/sv\/produkt\/truusk-tradgardsvagn-med-rullstol-upp-till-150-kg-for-sma-tradgardsredskap-mobil-verkstadsvagn-tradgardssits\/"]}]},{"@type":"ImageObject","inLanguage":"sv-SE","@id":"https:\/\/truusk.store\/sv\/produkt\/truusk-tradgardsvagn-med-rullstol-upp-till-150-kg-for-sma-tradgardsredskap-mobil-verkstadsvagn-tradgardssits\/#primaryimage","url":"https:\/\/i0.wp.com\/truusk.store\/wp-content\/uploads\/2024\/02\/tradgardsvagn-med-rullstol-upp-till-150-kg-med-forvaringskorg-for-sma-tradgardsredskap-mobil-verkstadsvagn-tradgardssits-riktningsstyrbar-sitthojd-46-59-cm-hojdjusterbar-metall-gummi-gron.webp?fit=800%2C800&ssl=1","contentUrl":"https:\/\/i0.wp.com\/truusk.store\/wp-content\/uploads\/2024\/02\/tradgardsvagn-med-rullstol-upp-till-150-kg-med-forvaringskorg-for-sma-tradgardsredskap-mobil-verkstadsvagn-tradgardssits-riktningsstyrbar-sitthojd-46-59-cm-hojdjusterbar-metall-gummi-gron.webp?fit=800%2C800&ssl=1","width":800,"height":800,"caption":"Tr\u00e4dg\u00e5rdsvagn Med Rullstol Upp Till 150 Kg Med F\u00f6rvaringskorg F\u00f6r Sm\u00e5 Tr\u00e4dg\u00e5rdsredskap, Mobil Verkstadsvagn, Tr\u00e4dg\u00e5rdssits, Riktningsstyrbar, Sitth\u00f6jd 46-59 Cm, H\u00f6jdjusterbar, Metall, Gummi, Gr\u00f6n 1"},{"@type":"BreadcrumbList","@id":"https:\/\/truusk.store\/sv\/produkt\/truusk-tradgardsvagn-med-rullstol-upp-till-150-kg-for-sma-tradgardsredskap-mobil-verkstadsvagn-tradgardssits\/#breadcrumb","itemListElement":[{"@type":"ListItem","position":1,"name":"Home","item":"https:\/\/truusk.store\/sv\/"},{"@type":"ListItem","position":2,"name":"Shop","item":"https:\/\/truusk.store\/shop\/"},{"@type":"ListItem","position":3,"name":"TRUUSK Tr\u00e4dg\u00e5rdsvagn Med Rullstol Upp Till 150 Kg &#8211; F\u00f6r Sm\u00e5 Tr\u00e4dg\u00e5rdsredskap &#8211; Mobil Verkstadsvagn &#8211; Tr\u00e4dg\u00e5rdssits &#8211;"}]},{"@type":"WebSite","@id":"https:\/\/truusk.store\/sv\/#website","url":"https:\/\/truusk.store\/sv\/","name":"TRUUSK - Hem, Tr\u00e4dg\u00e5rd & Fritid","description":"","publisher":{"@id":"https:\/\/truusk.store\/sv\/#organization"},"potentialAction":[{"@type":"SearchAction","target":{"@type":"EntryPoint","urlTemplate":"https:\/\/truusk.store\/sv\/?s={search_term_string}"},"query-input":{"@type":"PropertyValueSpecification","valueRequired":true,"valueName":"search_term_string"}}],"inLanguage":"sv-SE"},{"@type":"Organization","@id":"https:\/\/truusk.store\/sv\/#organization","name":"TRUUSK - Hem, Tr\u00e4dg\u00e5rd & Fritid","url":"https:\/\/truusk.store\/sv\/","logo":{"@type":"ImageObject","inLanguage":"sv-SE","@id":"https:\/\/truusk.store\/sv\/#\/schema\/logo\/image\/","url":"https:\/\/i0.wp.com\/truusk.store\/wp-content\/uploads\/2026\/03\/cropped-TRUUSK.png?fit=2032%2C917&ssl=1","contentUrl":"https:\/\/i0.wp.com\/truusk.store\/wp-content\/uploads\/2026\/03\/cropped-TRUUSK.png?fit=2032%2C917&ssl=1","width":2032,"height":917,"caption":"TRUUSK - Hem, Tr\u00e4dg\u00e5rd & Fritid"},"image":{"@id":"https:\/\/truusk.store\/sv\/#\/schema\/logo\/image\/"}}]}},"jetpack_sharing_enabled":true,"_links":{"self":[{"href":"https:\/\/truusk.store\/sv\/wp-json\/wp\/v2\/product\/28898","targetHints":{"allow":["GET"]}}],"collection":[{"href":"https:\/\/truusk.store\/sv\/wp-json\/wp\/v2\/product"}],"about":[{"href":"https:\/\/truusk.store\/sv\/wp-json\/wp\/v2\/types\/product"}],"wp:featuredmedia":[{"embeddable":true,"href":"https:\/\/truusk.store\/sv\/wp-json\/wp\/v2\/media\/28899"}],"wp:attachment":[{"href":"https:\/\/truusk.store\/sv\/wp-json\/wp\/v2\/media?parent=28898"}],"wp:term":[{"taxonomy":"product_brand","embeddable":true,"href":"https:\/\/truusk.store\/sv\/wp-json\/wp\/v2\/product_brand?post=28898"},{"taxonomy":"product_cat","embeddable":true,"href":"https:\/\/truusk.store\/sv\/wp-json\/wp\/v2\/product_cat?post=28898"},{"taxonomy":"product_tag","embeddable":true,"href":"https:\/\/truusk.store\/sv\/wp-json\/wp\/v2\/product_tag?post=28898"}],"curies":[{"name":"wp","href":"https:\/\/api.w.org\/{rel}","templated":true}]}}