{"id":28951,"date":"2024-02-13T19:54:35","date_gmt":"2024-02-13T18:54:35","guid":{"rendered":"https:\/\/truusk.store\/product\/upphojd-baddkruka-med-spalje-blomlada-rosenbage-med-spalje-for-klattervaxter-tradgard-naturligt-tra-64-x-28-x-120-cm\/"},"modified":"2026-03-12T09:08:15","modified_gmt":"2026-03-12T08:08:15","slug":"truusk-upphojd-baddkruka-med-spalje-blomlada-for-klattervaxter-naturligt-tra-64-x-28-x-120-cm","status":"publish","type":"product","link":"https:\/\/truusk.store\/sv\/produkt\/truusk-upphojd-baddkruka-med-spalje-blomlada-for-klattervaxter-naturligt-tra-64-x-28-x-120-cm\/","title":{"rendered":"TRUUSK Upph\u00f6jd B\u00e4ddkruka Med Spalj\u00e9 &#8211; Bloml\u00e5da f\u00f6r Kl\u00e4tterv\u00e4xter &#8211; Naturligt Tr\u00e4 &#8211; 64 x 28 x 120 cm"},"content":{"rendered":"<p>Med denna eleganta kombination av bloml\u00e5da och spalj\u00e9 f\u00e5r du en stor m\u00f6jlighet att odla dina krukv\u00e4xter och kl\u00e4tterv\u00e4xter harmoniskt bredvid varandra och att ge din tr\u00e4dg\u00e5rd en naturlig, sofistikerad inredning. Ge ditt hus, tr\u00e4dg\u00e5rd, tr\u00e4dg\u00e5rd eller terrass en naturlig avskildhet och en behaglig, lugnande estetik.<\/p>\n<h3>Beskrivning:<\/h3>\n<ul>\n<li>Spalj\u00e9 kan h\u00e5lla kl\u00e4tterv\u00e4xter eller sm\u00e5 blomkrukor<\/li>\n<li>\u00d6ppningar f\u00f6r dr\u00e4nering av \u00f6verfl\u00f6digt vatten<\/li>\n<li>Perfekt f\u00f6r din uteplats eller som en del av din inredning<\/li>\n<li>Robust massiv tr\u00e4konstruktion \u00e4r stabil och h\u00e5llbar<\/li>\n<li>Montering kr\u00e4vs<\/li>\n<\/ul>\n<h3>Teknisk data:<\/h3>\n<ul>\n<li>F\u00e4rg: Naturlig<\/li>\n<li>Material: gran<\/li>\n<li>Totala m\u00e5tt: 64L x 28W x 120H cm<\/li>\n<li>Inv\u00e4ndiga m\u00e5tt p\u00e5 v\u00e4xtl\u00e5dan: 58L x 21,5W x 15H cm<\/li>\n<li>Spalj\u00e9m\u00e5tt: 64W x 92,5cm<\/li>\n<li>Avlopps\u00f6ppningsm\u00e5tt: 20 mm<\/li>\n<li>Max lastkapacitet: 50 kg<\/li>\n<\/ul>\n<h3>Leveransens omfattning:<\/h3>\n<ul>\n<li>1 x Planteringsl\u00e5da<\/li>\n<li>1 x Installationsguide<\/li>\n<\/ul>\n","protected":false},"excerpt":{"rendered":"<p>Med denna eleganta kombination av bloml\u00e5da och spalj\u00e9 f\u00e5r du en stor m\u00f6jlighet att odla dina krukv\u00e4xter och kl\u00e4tterv\u00e4xter harmoniskt&#8230;<\/p>\n","protected":false},"featured_media":28952,"template":"","meta":[],"product_brand":[],"product_cat":[447,435,443],"product_tag":[],"class_list":{"0":"post-28951","1":"product","2":"type-product","3":"status-publish","4":"has-post-thumbnail","6":"product_cat-planteringsmaskiner","7":"product_cat-tradgard-och-terrass","8":"product_cat-vaxthus-tradgardsskotsel","10":"first","11":"instock","12":"sale","13":"taxable","14":"shipping-taxable","15":"purchasable","16":"product-type-simple"},"yoast_head":"<!-- This site is optimized with the Yoast SEO plugin v25.4 - https:\/\/yoast.com\/wordpress\/plugins\/seo\/ -->\n<title>TRUUSK Upph\u00f6jd B\u00e4ddkruka Med Spalj\u00e9 - Bloml\u00e5da f\u00f6r Kl\u00e4tterv\u00e4xter - Naturligt Tr\u00e4 - 64 x 28 x 120 cm - TRUUSK - Hem, Tr\u00e4dg\u00e5rd &amp; Fritid<\/title>\n<meta name=\"robots\" content=\"index, follow, max-snippet:-1, max-image-preview:large, max-video-preview:-1\" \/>\n<link rel=\"canonical\" href=\"https:\/\/truusk.store\/sv\/produkt\/truusk-upphojd-baddkruka-med-spalje-blomlada-for-klattervaxter-naturligt-tra-64-x-28-x-120-cm\/\" \/>\n<meta property=\"og:locale\" content=\"sv_SE\" \/>\n<meta property=\"og:type\" content=\"article\" \/>\n<meta property=\"og:title\" content=\"TRUUSK Upph\u00f6jd B\u00e4ddkruka Med Spalj\u00e9 - Bloml\u00e5da f\u00f6r Kl\u00e4tterv\u00e4xter - Naturligt Tr\u00e4 - 64 x 28 x 120 cm - TRUUSK - Hem, Tr\u00e4dg\u00e5rd &amp; Fritid\" \/>\n<meta property=\"og:description\" content=\"Med denna eleganta kombination av bloml\u00e5da och spalj\u00e9 f\u00e5r du en stor m\u00f6jlighet att odla dina krukv\u00e4xter och kl\u00e4tterv\u00e4xter harmoniskt...\" \/>\n<meta property=\"og:url\" content=\"https:\/\/truusk.store\/sv\/produkt\/truusk-upphojd-baddkruka-med-spalje-blomlada-for-klattervaxter-naturligt-tra-64-x-28-x-120-cm\/\" \/>\n<meta property=\"og:site_name\" content=\"TRUUSK - Hem, Tr\u00e4dg\u00e5rd &amp; Fritid\" \/>\n<meta property=\"article:modified_time\" content=\"2026-03-12T08:08:15+00:00\" \/>\n<meta property=\"og:image\" content=\"https:\/\/i0.wp.com\/truusk.se\/wp-content\/uploads\/2024\/02\/upphojd-baddkruka-med-spalje-blomlada-rosenbage-med-spalje-for-klattervaxter-tradgard-naturligt-tra-64-x-28-x-120-cm.webp?fit=800%2C800&ssl=1\" \/>\n\t<meta property=\"og:image:width\" content=\"800\" \/>\n\t<meta property=\"og:image:height\" content=\"800\" \/>\n\t<meta property=\"og:image:type\" content=\"image\/webp\" \/>\n<meta name=\"twitter:card\" content=\"summary_large_image\" \/>\n<meta name=\"twitter:label1\" content=\"Ber\u00e4knad l\u00e4stid\" \/>\n\t<meta name=\"twitter:data1\" content=\"1 minut\" \/>\n<!-- \/ Yoast SEO plugin. -->","yoast_head_json":{"title":"TRUUSK Upph\u00f6jd B\u00e4ddkruka Med Spalj\u00e9 - Bloml\u00e5da f\u00f6r Kl\u00e4tterv\u00e4xter - Naturligt Tr\u00e4 - 64 x 28 x 120 cm - TRUUSK - Hem, Tr\u00e4dg\u00e5rd &amp; Fritid","robots":{"index":"index","follow":"follow","max-snippet":"max-snippet:-1","max-image-preview":"max-image-preview:large","max-video-preview":"max-video-preview:-1"},"canonical":"https:\/\/truusk.store\/sv\/produkt\/truusk-upphojd-baddkruka-med-spalje-blomlada-for-klattervaxter-naturligt-tra-64-x-28-x-120-cm\/","og_locale":"sv_SE","og_type":"article","og_title":"TRUUSK Upph\u00f6jd B\u00e4ddkruka Med Spalj\u00e9 - Bloml\u00e5da f\u00f6r Kl\u00e4tterv\u00e4xter - Naturligt Tr\u00e4 - 64 x 28 x 120 cm - TRUUSK - Hem, Tr\u00e4dg\u00e5rd &amp; Fritid","og_description":"Med denna eleganta kombination av bloml\u00e5da och spalj\u00e9 f\u00e5r du en stor m\u00f6jlighet att odla dina krukv\u00e4xter och kl\u00e4tterv\u00e4xter harmoniskt...","og_url":"https:\/\/truusk.store\/sv\/produkt\/truusk-upphojd-baddkruka-med-spalje-blomlada-for-klattervaxter-naturligt-tra-64-x-28-x-120-cm\/","og_site_name":"TRUUSK - Hem, Tr\u00e4dg\u00e5rd &amp; Fritid","article_modified_time":"2026-03-12T08:08:15+00:00","og_image":[{"width":800,"height":800,"url":"https:\/\/i0.wp.com\/truusk.se\/wp-content\/uploads\/2024\/02\/upphojd-baddkruka-med-spalje-blomlada-rosenbage-med-spalje-for-klattervaxter-tradgard-naturligt-tra-64-x-28-x-120-cm.webp?fit=800%2C800&ssl=1","type":"image\/webp"}],"twitter_card":"summary_large_image","twitter_misc":{"Ber\u00e4knad l\u00e4stid":"1 minut"},"schema":{"@context":"https:\/\/schema.org","@graph":[{"@type":"WebPage","@id":"https:\/\/truusk.store\/sv\/produkt\/truusk-upphojd-baddkruka-med-spalje-blomlada-for-klattervaxter-naturligt-tra-64-x-28-x-120-cm\/","url":"https:\/\/truusk.store\/sv\/produkt\/truusk-upphojd-baddkruka-med-spalje-blomlada-for-klattervaxter-naturligt-tra-64-x-28-x-120-cm\/","name":"TRUUSK Upph\u00f6jd B\u00e4ddkruka Med Spalj\u00e9 - Bloml\u00e5da f\u00f6r Kl\u00e4tterv\u00e4xter - Naturligt Tr\u00e4 - 64 x 28 x 120 cm - TRUUSK - Hem, Tr\u00e4dg\u00e5rd &amp; Fritid","isPartOf":{"@id":"https:\/\/truusk.store\/sv\/#website"},"primaryImageOfPage":{"@id":"https:\/\/truusk.store\/sv\/produkt\/truusk-upphojd-baddkruka-med-spalje-blomlada-for-klattervaxter-naturligt-tra-64-x-28-x-120-cm\/#primaryimage"},"image":{"@id":"https:\/\/truusk.store\/sv\/produkt\/truusk-upphojd-baddkruka-med-spalje-blomlada-for-klattervaxter-naturligt-tra-64-x-28-x-120-cm\/#primaryimage"},"thumbnailUrl":"https:\/\/i0.wp.com\/truusk.store\/wp-content\/uploads\/2024\/02\/upphojd-baddkruka-med-spalje-blomlada-rosenbage-med-spalje-for-klattervaxter-tradgard-naturligt-tra-64-x-28-x-120-cm.webp?fit=800%2C800&ssl=1","datePublished":"2024-02-13T18:54:35+00:00","dateModified":"2026-03-12T08:08:15+00:00","breadcrumb":{"@id":"https:\/\/truusk.store\/sv\/produkt\/truusk-upphojd-baddkruka-med-spalje-blomlada-for-klattervaxter-naturligt-tra-64-x-28-x-120-cm\/#breadcrumb"},"inLanguage":"sv-SE","potentialAction":[{"@type":"ReadAction","target":["https:\/\/truusk.store\/sv\/produkt\/truusk-upphojd-baddkruka-med-spalje-blomlada-for-klattervaxter-naturligt-tra-64-x-28-x-120-cm\/"]}]},{"@type":"ImageObject","inLanguage":"sv-SE","@id":"https:\/\/truusk.store\/sv\/produkt\/truusk-upphojd-baddkruka-med-spalje-blomlada-for-klattervaxter-naturligt-tra-64-x-28-x-120-cm\/#primaryimage","url":"https:\/\/i0.wp.com\/truusk.store\/wp-content\/uploads\/2024\/02\/upphojd-baddkruka-med-spalje-blomlada-rosenbage-med-spalje-for-klattervaxter-tradgard-naturligt-tra-64-x-28-x-120-cm.webp?fit=800%2C800&ssl=1","contentUrl":"https:\/\/i0.wp.com\/truusk.store\/wp-content\/uploads\/2024\/02\/upphojd-baddkruka-med-spalje-blomlada-rosenbage-med-spalje-for-klattervaxter-tradgard-naturligt-tra-64-x-28-x-120-cm.webp?fit=800%2C800&ssl=1","width":800,"height":800,"caption":"Upph\u00f6jd B\u00e4ddkruka Med Spalj\u00e9, Bloml\u00e5da, Rosenb\u00e5ge Med Spalj\u00e9 F\u00f6r Kl\u00e4tterv\u00e4xter, Tr\u00e4dg\u00e5rd, Naturligt Tr\u00e4, 64 X 28 X 120 Cm 1"},{"@type":"BreadcrumbList","@id":"https:\/\/truusk.store\/sv\/produkt\/truusk-upphojd-baddkruka-med-spalje-blomlada-for-klattervaxter-naturligt-tra-64-x-28-x-120-cm\/#breadcrumb","itemListElement":[{"@type":"ListItem","position":1,"name":"Home","item":"https:\/\/truusk.store\/sv\/"},{"@type":"ListItem","position":2,"name":"Shop","item":"https:\/\/truusk.store\/shop\/"},{"@type":"ListItem","position":3,"name":"TRUUSK Upph\u00f6jd B\u00e4ddkruka Med Spalj\u00e9 &#8211; Bloml\u00e5da f\u00f6r Kl\u00e4tterv\u00e4xter &#8211; Naturligt Tr\u00e4 &#8211; 64 x 28 x 120 cm"}]},{"@type":"WebSite","@id":"https:\/\/truusk.store\/sv\/#website","url":"https:\/\/truusk.store\/sv\/","name":"TRUUSK - Hem, Tr\u00e4dg\u00e5rd & Fritid","description":"","publisher":{"@id":"https:\/\/truusk.store\/sv\/#organization"},"potentialAction":[{"@type":"SearchAction","target":{"@type":"EntryPoint","urlTemplate":"https:\/\/truusk.store\/sv\/?s={search_term_string}"},"query-input":{"@type":"PropertyValueSpecification","valueRequired":true,"valueName":"search_term_string"}}],"inLanguage":"sv-SE"},{"@type":"Organization","@id":"https:\/\/truusk.store\/sv\/#organization","name":"TRUUSK - Hem, Tr\u00e4dg\u00e5rd & Fritid","url":"https:\/\/truusk.store\/sv\/","logo":{"@type":"ImageObject","inLanguage":"sv-SE","@id":"https:\/\/truusk.store\/sv\/#\/schema\/logo\/image\/","url":"https:\/\/i0.wp.com\/truusk.store\/wp-content\/uploads\/2026\/03\/cropped-TRUUSK.png?fit=2032%2C917&ssl=1","contentUrl":"https:\/\/i0.wp.com\/truusk.store\/wp-content\/uploads\/2026\/03\/cropped-TRUUSK.png?fit=2032%2C917&ssl=1","width":2032,"height":917,"caption":"TRUUSK - Hem, Tr\u00e4dg\u00e5rd & Fritid"},"image":{"@id":"https:\/\/truusk.store\/sv\/#\/schema\/logo\/image\/"}}]}},"jetpack_sharing_enabled":true,"_links":{"self":[{"href":"https:\/\/truusk.store\/sv\/wp-json\/wp\/v2\/product\/28951","targetHints":{"allow":["GET"]}}],"collection":[{"href":"https:\/\/truusk.store\/sv\/wp-json\/wp\/v2\/product"}],"about":[{"href":"https:\/\/truusk.store\/sv\/wp-json\/wp\/v2\/types\/product"}],"wp:featuredmedia":[{"embeddable":true,"href":"https:\/\/truusk.store\/sv\/wp-json\/wp\/v2\/media\/28952"}],"wp:attachment":[{"href":"https:\/\/truusk.store\/sv\/wp-json\/wp\/v2\/media?parent=28951"}],"wp:term":[{"taxonomy":"product_brand","embeddable":true,"href":"https:\/\/truusk.store\/sv\/wp-json\/wp\/v2\/product_brand?post=28951"},{"taxonomy":"product_cat","embeddable":true,"href":"https:\/\/truusk.store\/sv\/wp-json\/wp\/v2\/product_cat?post=28951"},{"taxonomy":"product_tag","embeddable":true,"href":"https:\/\/truusk.store\/sv\/wp-json\/wp\/v2\/product_tag?post=28951"}],"curies":[{"name":"wp","href":"https:\/\/api.w.org\/{rel}","templated":true}]}}