{"id":29054,"date":"2024-02-13T19:58:27","date_gmt":"2024-02-13T18:58:27","guid":{"rendered":"https:\/\/truusk.store\/product\/upphojd-baddkruka-med-spalje-blomlada-rosenbage-med-spalje-for-klattervaxter-tradgard-tra-brun-725-x-315-x-1495-cm\/"},"modified":"2026-03-12T09:08:17","modified_gmt":"2026-03-12T08:08:17","slug":"truusk-upphojd-blomlada-med-spalje-for-klattervaxter-tradgard-725-x-315-x-1495-cm-brun","status":"publish","type":"product","link":"https:\/\/truusk.store\/sv\/produkt\/truusk-upphojd-blomlada-med-spalje-for-klattervaxter-tradgard-725-x-315-x-1495-cm-brun\/","title":{"rendered":"TRUUSK Upph\u00f6jd Bloml\u00e5da Med Spalj\u00e9 &#8211; F\u00f6r Kl\u00e4tterv\u00e4xter &#8211; Tr\u00e4dg\u00e5rd &#8211; 72,5 x 31,5 x 149,5 cm &#8211; Brun"},"content":{"rendered":"<p>Visa upp dina favoritv\u00e4xter smakfullt och ge din utomhusmilj\u00f6 en karakt\u00e4rsfull touch med denna rustika bloml\u00e5da! Den robusta spalj\u00e9n ger den perfekta m\u00f6jligheten att odla dekorativa kl\u00e4tterv\u00e4xter och smakfullt lysa upp din tr\u00e4dg\u00e5rd. Ramen av v\u00e4derbest\u00e4ndigt massivt tr\u00e4 skyddar bloml\u00e5dan fr\u00e5n alla v\u00e4der och g\u00f6r att du kan anv\u00e4nda den upph\u00f6jda tr\u00e4dg\u00e5rdsb\u00e4dden permanent utomhus.<\/p>\n<h3>Beskrivning:<\/h3>\n<ul>\n<li>Dekorativ, rustik konstruktion av naturligt tr\u00e4<\/li>\n<li>Har en bloml\u00e5da och en spalj\u00e9 som g\u00f6r att en m\u00e4ngd olika v\u00e4xter kan odlas bredvid varandra<\/li>\n<li>Tillverkad av massivt grantr\u00e4 som \u00e4r brotts\u00e4kert och fulnis-best\u00e4ndigt<\/li>\n<li>Espalier erbjuder gott om plats f\u00f6r kl\u00e4tterv\u00e4xter som vinrankor<\/li>\n<li>Enkel design och kr\u00e4ver montering p\u00e5 n\u00e5gra minuter<\/li>\n<\/ul>\n<h3>Teknisk data:<\/h3>\n<ul>\n<li>Material: gran<\/li>\n<li>F\u00e4rg brun<\/li>\n<li>\u00d6vergripande m\u00e5tt: 72,5L x 31,5W x 149,5H cm<\/li>\n<li>Lastkapacitet: 25 kg<\/li>\n<\/ul>\n<h3>Leveransens omfattning:<\/h3>\n<ul>\n<li>1 x Planteringsl\u00e5da<\/li>\n<li>1 x Instruktioner<\/li>\n<\/ul>\n","protected":false},"excerpt":{"rendered":"<p>Visa upp dina favoritv\u00e4xter smakfullt och ge din utomhusmilj\u00f6 en karakt\u00e4rsfull touch med denna rustika bloml\u00e5da! Den robusta spalj\u00e9n ger&#8230;<\/p>\n","protected":false},"featured_media":29055,"template":"","meta":[],"product_brand":[],"product_cat":[447,435,443],"product_tag":[],"class_list":{"0":"post-29054","1":"product","2":"type-product","3":"status-publish","4":"has-post-thumbnail","6":"product_cat-planteringsmaskiner","7":"product_cat-tradgard-och-terrass","8":"product_cat-vaxthus-tradgardsskotsel","10":"first","11":"instock","12":"sale","13":"taxable","14":"shipping-taxable","15":"purchasable","16":"product-type-simple"},"yoast_head":"<!-- This site is optimized with the Yoast SEO plugin v25.4 - https:\/\/yoast.com\/wordpress\/plugins\/seo\/ -->\n<title>TRUUSK Upph\u00f6jd Bloml\u00e5da Med Spalj\u00e9 - F\u00f6r Kl\u00e4tterv\u00e4xter - Tr\u00e4dg\u00e5rd - 72,5 x 31,5 x 149,5 cm - Brun - TRUUSK - Hem, Tr\u00e4dg\u00e5rd &amp; Fritid<\/title>\n<meta name=\"robots\" content=\"index, follow, max-snippet:-1, max-image-preview:large, max-video-preview:-1\" \/>\n<link rel=\"canonical\" href=\"https:\/\/truusk.store\/sv\/produkt\/truusk-upphojd-blomlada-med-spalje-for-klattervaxter-tradgard-725-x-315-x-1495-cm-brun\/\" \/>\n<meta property=\"og:locale\" content=\"sv_SE\" \/>\n<meta property=\"og:type\" content=\"article\" \/>\n<meta property=\"og:title\" content=\"TRUUSK Upph\u00f6jd Bloml\u00e5da Med Spalj\u00e9 - F\u00f6r Kl\u00e4tterv\u00e4xter - Tr\u00e4dg\u00e5rd - 72,5 x 31,5 x 149,5 cm - Brun - TRUUSK - Hem, Tr\u00e4dg\u00e5rd &amp; Fritid\" \/>\n<meta property=\"og:description\" content=\"Visa upp dina favoritv\u00e4xter smakfullt och ge din utomhusmilj\u00f6 en karakt\u00e4rsfull touch med denna rustika bloml\u00e5da! Den robusta spalj\u00e9n ger...\" \/>\n<meta property=\"og:url\" content=\"https:\/\/truusk.store\/sv\/produkt\/truusk-upphojd-blomlada-med-spalje-for-klattervaxter-tradgard-725-x-315-x-1495-cm-brun\/\" \/>\n<meta property=\"og:site_name\" content=\"TRUUSK - Hem, Tr\u00e4dg\u00e5rd &amp; Fritid\" \/>\n<meta property=\"article:modified_time\" content=\"2026-03-12T08:08:17+00:00\" \/>\n<meta property=\"og:image\" content=\"https:\/\/i0.wp.com\/truusk.se\/wp-content\/uploads\/2024\/02\/upphojd-baddkruka-med-spalje-blomlada-rosenbage-med-spalje-for-klattervaxter-tradgard-tra-brun-725-x-315-x-1495-cm.webp?fit=800%2C800&ssl=1\" \/>\n\t<meta property=\"og:image:width\" content=\"800\" \/>\n\t<meta property=\"og:image:height\" content=\"800\" \/>\n\t<meta property=\"og:image:type\" content=\"image\/webp\" \/>\n<meta name=\"twitter:card\" content=\"summary_large_image\" \/>\n<meta name=\"twitter:label1\" content=\"Ber\u00e4knad l\u00e4stid\" \/>\n\t<meta name=\"twitter:data1\" content=\"1 minut\" \/>\n<!-- \/ Yoast SEO plugin. -->","yoast_head_json":{"title":"TRUUSK Upph\u00f6jd Bloml\u00e5da Med Spalj\u00e9 - F\u00f6r Kl\u00e4tterv\u00e4xter - Tr\u00e4dg\u00e5rd - 72,5 x 31,5 x 149,5 cm - Brun - TRUUSK - Hem, Tr\u00e4dg\u00e5rd &amp; Fritid","robots":{"index":"index","follow":"follow","max-snippet":"max-snippet:-1","max-image-preview":"max-image-preview:large","max-video-preview":"max-video-preview:-1"},"canonical":"https:\/\/truusk.store\/sv\/produkt\/truusk-upphojd-blomlada-med-spalje-for-klattervaxter-tradgard-725-x-315-x-1495-cm-brun\/","og_locale":"sv_SE","og_type":"article","og_title":"TRUUSK Upph\u00f6jd Bloml\u00e5da Med Spalj\u00e9 - F\u00f6r Kl\u00e4tterv\u00e4xter - Tr\u00e4dg\u00e5rd - 72,5 x 31,5 x 149,5 cm - Brun - TRUUSK - Hem, Tr\u00e4dg\u00e5rd &amp; Fritid","og_description":"Visa upp dina favoritv\u00e4xter smakfullt och ge din utomhusmilj\u00f6 en karakt\u00e4rsfull touch med denna rustika bloml\u00e5da! Den robusta spalj\u00e9n ger...","og_url":"https:\/\/truusk.store\/sv\/produkt\/truusk-upphojd-blomlada-med-spalje-for-klattervaxter-tradgard-725-x-315-x-1495-cm-brun\/","og_site_name":"TRUUSK - Hem, Tr\u00e4dg\u00e5rd &amp; Fritid","article_modified_time":"2026-03-12T08:08:17+00:00","og_image":[{"width":800,"height":800,"url":"https:\/\/i0.wp.com\/truusk.se\/wp-content\/uploads\/2024\/02\/upphojd-baddkruka-med-spalje-blomlada-rosenbage-med-spalje-for-klattervaxter-tradgard-tra-brun-725-x-315-x-1495-cm.webp?fit=800%2C800&ssl=1","type":"image\/webp"}],"twitter_card":"summary_large_image","twitter_misc":{"Ber\u00e4knad l\u00e4stid":"1 minut"},"schema":{"@context":"https:\/\/schema.org","@graph":[{"@type":"WebPage","@id":"https:\/\/truusk.store\/sv\/produkt\/truusk-upphojd-blomlada-med-spalje-for-klattervaxter-tradgard-725-x-315-x-1495-cm-brun\/","url":"https:\/\/truusk.store\/sv\/produkt\/truusk-upphojd-blomlada-med-spalje-for-klattervaxter-tradgard-725-x-315-x-1495-cm-brun\/","name":"TRUUSK Upph\u00f6jd Bloml\u00e5da Med Spalj\u00e9 - F\u00f6r Kl\u00e4tterv\u00e4xter - Tr\u00e4dg\u00e5rd - 72,5 x 31,5 x 149,5 cm - Brun - TRUUSK - Hem, Tr\u00e4dg\u00e5rd &amp; Fritid","isPartOf":{"@id":"https:\/\/truusk.store\/sv\/#website"},"primaryImageOfPage":{"@id":"https:\/\/truusk.store\/sv\/produkt\/truusk-upphojd-blomlada-med-spalje-for-klattervaxter-tradgard-725-x-315-x-1495-cm-brun\/#primaryimage"},"image":{"@id":"https:\/\/truusk.store\/sv\/produkt\/truusk-upphojd-blomlada-med-spalje-for-klattervaxter-tradgard-725-x-315-x-1495-cm-brun\/#primaryimage"},"thumbnailUrl":"https:\/\/i0.wp.com\/truusk.store\/wp-content\/uploads\/2024\/02\/upphojd-baddkruka-med-spalje-blomlada-rosenbage-med-spalje-for-klattervaxter-tradgard-tra-brun-725-x-315-x-1495-cm.webp?fit=800%2C800&ssl=1","datePublished":"2024-02-13T18:58:27+00:00","dateModified":"2026-03-12T08:08:17+00:00","breadcrumb":{"@id":"https:\/\/truusk.store\/sv\/produkt\/truusk-upphojd-blomlada-med-spalje-for-klattervaxter-tradgard-725-x-315-x-1495-cm-brun\/#breadcrumb"},"inLanguage":"sv-SE","potentialAction":[{"@type":"ReadAction","target":["https:\/\/truusk.store\/sv\/produkt\/truusk-upphojd-blomlada-med-spalje-for-klattervaxter-tradgard-725-x-315-x-1495-cm-brun\/"]}]},{"@type":"ImageObject","inLanguage":"sv-SE","@id":"https:\/\/truusk.store\/sv\/produkt\/truusk-upphojd-blomlada-med-spalje-for-klattervaxter-tradgard-725-x-315-x-1495-cm-brun\/#primaryimage","url":"https:\/\/i0.wp.com\/truusk.store\/wp-content\/uploads\/2024\/02\/upphojd-baddkruka-med-spalje-blomlada-rosenbage-med-spalje-for-klattervaxter-tradgard-tra-brun-725-x-315-x-1495-cm.webp?fit=800%2C800&ssl=1","contentUrl":"https:\/\/i0.wp.com\/truusk.store\/wp-content\/uploads\/2024\/02\/upphojd-baddkruka-med-spalje-blomlada-rosenbage-med-spalje-for-klattervaxter-tradgard-tra-brun-725-x-315-x-1495-cm.webp?fit=800%2C800&ssl=1","width":800,"height":800,"caption":"Upph\u00f6jd B\u00e4ddkruka Med Spalj\u00e9, Bloml\u00e5da, Rosenb\u00e5ge Med Spalj\u00e9 F\u00f6r Kl\u00e4tterv\u00e4xter, Tr\u00e4dg\u00e5rd, Tr\u00e4, Brun, 72,5 X 31,5 X 149,5 Cm 1"},{"@type":"BreadcrumbList","@id":"https:\/\/truusk.store\/sv\/produkt\/truusk-upphojd-blomlada-med-spalje-for-klattervaxter-tradgard-725-x-315-x-1495-cm-brun\/#breadcrumb","itemListElement":[{"@type":"ListItem","position":1,"name":"Home","item":"https:\/\/truusk.store\/sv\/"},{"@type":"ListItem","position":2,"name":"Shop","item":"https:\/\/truusk.store\/shop\/"},{"@type":"ListItem","position":3,"name":"TRUUSK Upph\u00f6jd Bloml\u00e5da Med Spalj\u00e9 &#8211; F\u00f6r Kl\u00e4tterv\u00e4xter &#8211; Tr\u00e4dg\u00e5rd &#8211; 72,5 x 31,5 x 149,5 cm &#8211; Brun"}]},{"@type":"WebSite","@id":"https:\/\/truusk.store\/sv\/#website","url":"https:\/\/truusk.store\/sv\/","name":"TRUUSK - Hem, Tr\u00e4dg\u00e5rd & Fritid","description":"","publisher":{"@id":"https:\/\/truusk.store\/sv\/#organization"},"potentialAction":[{"@type":"SearchAction","target":{"@type":"EntryPoint","urlTemplate":"https:\/\/truusk.store\/sv\/?s={search_term_string}"},"query-input":{"@type":"PropertyValueSpecification","valueRequired":true,"valueName":"search_term_string"}}],"inLanguage":"sv-SE"},{"@type":"Organization","@id":"https:\/\/truusk.store\/sv\/#organization","name":"TRUUSK - Hem, Tr\u00e4dg\u00e5rd & Fritid","url":"https:\/\/truusk.store\/sv\/","logo":{"@type":"ImageObject","inLanguage":"sv-SE","@id":"https:\/\/truusk.store\/sv\/#\/schema\/logo\/image\/","url":"https:\/\/i0.wp.com\/truusk.store\/wp-content\/uploads\/2026\/03\/cropped-TRUUSK.png?fit=2032%2C917&ssl=1","contentUrl":"https:\/\/i0.wp.com\/truusk.store\/wp-content\/uploads\/2026\/03\/cropped-TRUUSK.png?fit=2032%2C917&ssl=1","width":2032,"height":917,"caption":"TRUUSK - Hem, Tr\u00e4dg\u00e5rd & Fritid"},"image":{"@id":"https:\/\/truusk.store\/sv\/#\/schema\/logo\/image\/"}}]}},"jetpack_sharing_enabled":true,"_links":{"self":[{"href":"https:\/\/truusk.store\/sv\/wp-json\/wp\/v2\/product\/29054","targetHints":{"allow":["GET"]}}],"collection":[{"href":"https:\/\/truusk.store\/sv\/wp-json\/wp\/v2\/product"}],"about":[{"href":"https:\/\/truusk.store\/sv\/wp-json\/wp\/v2\/types\/product"}],"wp:featuredmedia":[{"embeddable":true,"href":"https:\/\/truusk.store\/sv\/wp-json\/wp\/v2\/media\/29055"}],"wp:attachment":[{"href":"https:\/\/truusk.store\/sv\/wp-json\/wp\/v2\/media?parent=29054"}],"wp:term":[{"taxonomy":"product_brand","embeddable":true,"href":"https:\/\/truusk.store\/sv\/wp-json\/wp\/v2\/product_brand?post=29054"},{"taxonomy":"product_cat","embeddable":true,"href":"https:\/\/truusk.store\/sv\/wp-json\/wp\/v2\/product_cat?post=29054"},{"taxonomy":"product_tag","embeddable":true,"href":"https:\/\/truusk.store\/sv\/wp-json\/wp\/v2\/product_tag?post=29054"}],"curies":[{"name":"wp","href":"https:\/\/api.w.org\/{rel}","templated":true}]}}