{"id":29208,"date":"2024-02-13T20:03:25","date_gmt":"2024-02-13T19:03:25","guid":{"rendered":"https:\/\/truusk.store\/product\/lastvagnshandkarra-130-x-64-x-103-cm-stal-svart-gra\/"},"modified":"2026-03-12T09:08:19","modified_gmt":"2026-03-12T08:08:19","slug":"truusk-hundvagn-hopfallbar-regnskydd-natoppningar-kudde-for-hundar-och-katter-upp-till-10-kg-khaki","status":"publish","type":"product","link":"https:\/\/truusk.store\/sv\/produkt\/truusk-hundvagn-hopfallbar-regnskydd-natoppningar-kudde-for-hundar-och-katter-upp-till-10-kg-khaki\/","title":{"rendered":"TRUUSK Hundvagn &#8211; Hopf\u00e4llbar &#8211; Regnskydd &#8211; N\u00e4t\u00f6ppningar &#8211; Kudde &#8211; F\u00f6r Hundar och Katter upp till 10 kg &#8211; Khaki"},"content":{"rendered":"<p>Beh\u00f6ver du en praktisk handk\u00e4rra eller en rej\u00e4l lastvagn som enkelt kan f\u00e4stas p\u00e5 din cykel? D\u00e5 har du kommit till r\u00e4tt plats med denna trailer! Vagnen \u00e4r utrustad med en st\u00e5lram och en avtagbar f\u00f6rvaringsv\u00e4ska. Det genomskinliga h\u00f6ljet skyddar din last fr\u00e5n duggregn och de tv\u00e5 stora, luftfyllda hjulen s\u00e4kerst\u00e4ller en smidig k\u00f6rning. Flera reflexer ser till att du inte f\u00f6rbises \u00e4ven i m\u00f6rker.<\/p>\n<h3>Beskrivning:<\/h3>\n<ul>\n<li>Praktiskt: cykelvagn och handk\u00e4rra i ett<\/li>\n<li>St\u00e5lram med avtagbar Oxford-tygp\u00e5se<\/li>\n<li>Stora d\u00e4ck och snabbkopplingar f\u00f6r en mjuk och s\u00e4ker k\u00f6rning<\/li>\n<li>Reflexer och flagga f\u00f6r extra s\u00e4kerhet<\/li>\n<li>Handtaget kan f\u00e4stas eller tas bort fr\u00e5n vagnen och sl\u00e4pvagnskopplingen kan d\u00f6ljas p\u00e5 vagnens botten<\/li>\n<li>L\u00e4tt att montera<\/li>\n<\/ul>\n<h3>Teknisk data:<\/h3>\n<ul>\n<li>F\u00e4rg: Svart+Gr\u00e5<\/li>\n<li>Material: St\u00e5lram, 600D Oxford-tyg<\/li>\n<li>\u00d6vergripande m\u00e5tt: 130L x 64W x 64\/103H cm<\/li>\n<li>M\u00e5tt p\u00e5 lastutrymmet: 74L x 49W x 36,5H cm, h\u00f6jd p\u00e5 bottenplattan \u00f6ver golvet: 25,5 cm<\/li>\n<li>Hjulstorlek: 50cm, 15cm<\/li>\n<li>Handtagsl\u00e4ngd: 72L cm<\/li>\n<li>Max lastkapacitet: 40 kg<\/li>\n<li>OBS: Sl\u00e4pvagnen \u00e4r l\u00e4mplig f\u00f6r 24&#8243; till 28&#8243; cyklar.<\/li>\n<\/ul>\n<h3>Leveransens omfattning:<\/h3>\n<ul>\n<li>1 x Cykelvagn<\/li>\n<li>1 x Instruktioner<\/li>\n<\/ul>\n","protected":false},"excerpt":{"rendered":"<p>Beh\u00f6ver du en praktisk handk\u00e4rra eller en rej\u00e4l lastvagn som enkelt kan f\u00e4stas p\u00e5 din cykel? D\u00e5 har du kommit&#8230;<\/p>\n","protected":false},"featured_media":29209,"template":"","meta":[],"product_brand":[],"product_cat":[652,653,647],"product_tag":[],"class_list":{"0":"post-29208","1":"product","2":"type-product","3":"status-publish","4":"has-post-thumbnail","6":"product_cat-cykel","7":"product_cat-cykelvagn","8":"product_cat-sport-fritid","10":"first","11":"instock","12":"sale","13":"taxable","14":"shipping-taxable","15":"purchasable","16":"product-type-simple"},"yoast_head":"<!-- This site is optimized with the Yoast SEO plugin v25.4 - https:\/\/yoast.com\/wordpress\/plugins\/seo\/ -->\n<title>TRUUSK Hundvagn - Hopf\u00e4llbar - Regnskydd - N\u00e4t\u00f6ppningar - Kudde - F\u00f6r Hundar och Katter upp till 10 kg - Khaki - TRUUSK - Hem, Tr\u00e4dg\u00e5rd &amp; Fritid<\/title>\n<meta name=\"robots\" content=\"index, follow, max-snippet:-1, max-image-preview:large, max-video-preview:-1\" \/>\n<link rel=\"canonical\" href=\"https:\/\/truusk.store\/sv\/produkt\/truusk-hundvagn-hopfallbar-regnskydd-natoppningar-kudde-for-hundar-och-katter-upp-till-10-kg-khaki\/\" \/>\n<meta property=\"og:locale\" content=\"sv_SE\" \/>\n<meta property=\"og:type\" content=\"article\" \/>\n<meta property=\"og:title\" content=\"TRUUSK Hundvagn - Hopf\u00e4llbar - Regnskydd - N\u00e4t\u00f6ppningar - Kudde - F\u00f6r Hundar och Katter upp till 10 kg - Khaki - TRUUSK - Hem, Tr\u00e4dg\u00e5rd &amp; Fritid\" \/>\n<meta property=\"og:description\" content=\"Beh\u00f6ver du en praktisk handk\u00e4rra eller en rej\u00e4l lastvagn som enkelt kan f\u00e4stas p\u00e5 din cykel? D\u00e5 har du kommit...\" \/>\n<meta property=\"og:url\" content=\"https:\/\/truusk.store\/sv\/produkt\/truusk-hundvagn-hopfallbar-regnskydd-natoppningar-kudde-for-hundar-och-katter-upp-till-10-kg-khaki\/\" \/>\n<meta property=\"og:site_name\" content=\"TRUUSK - Hem, Tr\u00e4dg\u00e5rd &amp; Fritid\" \/>\n<meta property=\"article:modified_time\" content=\"2026-03-12T08:08:19+00:00\" \/>\n<meta property=\"og:image\" content=\"https:\/\/i0.wp.com\/truusk.se\/wp-content\/uploads\/2024\/02\/lastvagnshandkarra-130-x-64-x-103-cm-stal-svart-gra.webp?fit=800%2C800&ssl=1\" \/>\n\t<meta property=\"og:image:width\" content=\"800\" \/>\n\t<meta property=\"og:image:height\" content=\"800\" \/>\n\t<meta property=\"og:image:type\" content=\"image\/webp\" \/>\n<meta name=\"twitter:card\" content=\"summary_large_image\" \/>\n<meta name=\"twitter:label1\" content=\"Ber\u00e4knad l\u00e4stid\" \/>\n\t<meta name=\"twitter:data1\" content=\"1 minut\" \/>\n<!-- \/ Yoast SEO plugin. -->","yoast_head_json":{"title":"TRUUSK Hundvagn - Hopf\u00e4llbar - Regnskydd - N\u00e4t\u00f6ppningar - Kudde - F\u00f6r Hundar och Katter upp till 10 kg - Khaki - TRUUSK - Hem, Tr\u00e4dg\u00e5rd &amp; Fritid","robots":{"index":"index","follow":"follow","max-snippet":"max-snippet:-1","max-image-preview":"max-image-preview:large","max-video-preview":"max-video-preview:-1"},"canonical":"https:\/\/truusk.store\/sv\/produkt\/truusk-hundvagn-hopfallbar-regnskydd-natoppningar-kudde-for-hundar-och-katter-upp-till-10-kg-khaki\/","og_locale":"sv_SE","og_type":"article","og_title":"TRUUSK Hundvagn - Hopf\u00e4llbar - Regnskydd - N\u00e4t\u00f6ppningar - Kudde - F\u00f6r Hundar och Katter upp till 10 kg - Khaki - TRUUSK - Hem, Tr\u00e4dg\u00e5rd &amp; Fritid","og_description":"Beh\u00f6ver du en praktisk handk\u00e4rra eller en rej\u00e4l lastvagn som enkelt kan f\u00e4stas p\u00e5 din cykel? D\u00e5 har du kommit...","og_url":"https:\/\/truusk.store\/sv\/produkt\/truusk-hundvagn-hopfallbar-regnskydd-natoppningar-kudde-for-hundar-och-katter-upp-till-10-kg-khaki\/","og_site_name":"TRUUSK - Hem, Tr\u00e4dg\u00e5rd &amp; Fritid","article_modified_time":"2026-03-12T08:08:19+00:00","og_image":[{"width":800,"height":800,"url":"https:\/\/i0.wp.com\/truusk.se\/wp-content\/uploads\/2024\/02\/lastvagnshandkarra-130-x-64-x-103-cm-stal-svart-gra.webp?fit=800%2C800&ssl=1","type":"image\/webp"}],"twitter_card":"summary_large_image","twitter_misc":{"Ber\u00e4knad l\u00e4stid":"1 minut"},"schema":{"@context":"https:\/\/schema.org","@graph":[{"@type":"WebPage","@id":"https:\/\/truusk.store\/sv\/produkt\/truusk-hundvagn-hopfallbar-regnskydd-natoppningar-kudde-for-hundar-och-katter-upp-till-10-kg-khaki\/","url":"https:\/\/truusk.store\/sv\/produkt\/truusk-hundvagn-hopfallbar-regnskydd-natoppningar-kudde-for-hundar-och-katter-upp-till-10-kg-khaki\/","name":"TRUUSK Hundvagn - Hopf\u00e4llbar - Regnskydd - N\u00e4t\u00f6ppningar - Kudde - F\u00f6r Hundar och Katter upp till 10 kg - Khaki - TRUUSK - Hem, Tr\u00e4dg\u00e5rd &amp; Fritid","isPartOf":{"@id":"https:\/\/truusk.store\/sv\/#website"},"primaryImageOfPage":{"@id":"https:\/\/truusk.store\/sv\/produkt\/truusk-hundvagn-hopfallbar-regnskydd-natoppningar-kudde-for-hundar-och-katter-upp-till-10-kg-khaki\/#primaryimage"},"image":{"@id":"https:\/\/truusk.store\/sv\/produkt\/truusk-hundvagn-hopfallbar-regnskydd-natoppningar-kudde-for-hundar-och-katter-upp-till-10-kg-khaki\/#primaryimage"},"thumbnailUrl":"https:\/\/i0.wp.com\/truusk.store\/wp-content\/uploads\/2024\/02\/lastvagnshandkarra-130-x-64-x-103-cm-stal-svart-gra.webp?fit=800%2C800&ssl=1","datePublished":"2024-02-13T19:03:25+00:00","dateModified":"2026-03-12T08:08:19+00:00","breadcrumb":{"@id":"https:\/\/truusk.store\/sv\/produkt\/truusk-hundvagn-hopfallbar-regnskydd-natoppningar-kudde-for-hundar-och-katter-upp-till-10-kg-khaki\/#breadcrumb"},"inLanguage":"sv-SE","potentialAction":[{"@type":"ReadAction","target":["https:\/\/truusk.store\/sv\/produkt\/truusk-hundvagn-hopfallbar-regnskydd-natoppningar-kudde-for-hundar-och-katter-upp-till-10-kg-khaki\/"]}]},{"@type":"ImageObject","inLanguage":"sv-SE","@id":"https:\/\/truusk.store\/sv\/produkt\/truusk-hundvagn-hopfallbar-regnskydd-natoppningar-kudde-for-hundar-och-katter-upp-till-10-kg-khaki\/#primaryimage","url":"https:\/\/i0.wp.com\/truusk.store\/wp-content\/uploads\/2024\/02\/lastvagnshandkarra-130-x-64-x-103-cm-stal-svart-gra.webp?fit=800%2C800&ssl=1","contentUrl":"https:\/\/i0.wp.com\/truusk.store\/wp-content\/uploads\/2024\/02\/lastvagnshandkarra-130-x-64-x-103-cm-stal-svart-gra.webp?fit=800%2C800&ssl=1","width":800,"height":800,"caption":"Lastvagnshandk\u00e4rra 130 X 64 X 103 Cm St\u00e5l Svart + Gr\u00e5 1"},{"@type":"BreadcrumbList","@id":"https:\/\/truusk.store\/sv\/produkt\/truusk-hundvagn-hopfallbar-regnskydd-natoppningar-kudde-for-hundar-och-katter-upp-till-10-kg-khaki\/#breadcrumb","itemListElement":[{"@type":"ListItem","position":1,"name":"Home","item":"https:\/\/truusk.store\/sv\/"},{"@type":"ListItem","position":2,"name":"Shop","item":"https:\/\/truusk.store\/shop\/"},{"@type":"ListItem","position":3,"name":"TRUUSK Hundvagn &#8211; Hopf\u00e4llbar &#8211; Regnskydd &#8211; N\u00e4t\u00f6ppningar &#8211; Kudde &#8211; F\u00f6r Hundar och Katter upp till 10 kg &#8211; Khaki"}]},{"@type":"WebSite","@id":"https:\/\/truusk.store\/sv\/#website","url":"https:\/\/truusk.store\/sv\/","name":"TRUUSK - Hem, Tr\u00e4dg\u00e5rd & Fritid","description":"","publisher":{"@id":"https:\/\/truusk.store\/sv\/#organization"},"potentialAction":[{"@type":"SearchAction","target":{"@type":"EntryPoint","urlTemplate":"https:\/\/truusk.store\/sv\/?s={search_term_string}"},"query-input":{"@type":"PropertyValueSpecification","valueRequired":true,"valueName":"search_term_string"}}],"inLanguage":"sv-SE"},{"@type":"Organization","@id":"https:\/\/truusk.store\/sv\/#organization","name":"TRUUSK - Hem, Tr\u00e4dg\u00e5rd & Fritid","url":"https:\/\/truusk.store\/sv\/","logo":{"@type":"ImageObject","inLanguage":"sv-SE","@id":"https:\/\/truusk.store\/sv\/#\/schema\/logo\/image\/","url":"https:\/\/i0.wp.com\/truusk.store\/wp-content\/uploads\/2026\/03\/cropped-TRUUSK.png?fit=2032%2C917&ssl=1","contentUrl":"https:\/\/i0.wp.com\/truusk.store\/wp-content\/uploads\/2026\/03\/cropped-TRUUSK.png?fit=2032%2C917&ssl=1","width":2032,"height":917,"caption":"TRUUSK - Hem, Tr\u00e4dg\u00e5rd & Fritid"},"image":{"@id":"https:\/\/truusk.store\/sv\/#\/schema\/logo\/image\/"}}]}},"jetpack_sharing_enabled":true,"_links":{"self":[{"href":"https:\/\/truusk.store\/sv\/wp-json\/wp\/v2\/product\/29208","targetHints":{"allow":["GET"]}}],"collection":[{"href":"https:\/\/truusk.store\/sv\/wp-json\/wp\/v2\/product"}],"about":[{"href":"https:\/\/truusk.store\/sv\/wp-json\/wp\/v2\/types\/product"}],"wp:featuredmedia":[{"embeddable":true,"href":"https:\/\/truusk.store\/sv\/wp-json\/wp\/v2\/media\/29209"}],"wp:attachment":[{"href":"https:\/\/truusk.store\/sv\/wp-json\/wp\/v2\/media?parent=29208"}],"wp:term":[{"taxonomy":"product_brand","embeddable":true,"href":"https:\/\/truusk.store\/sv\/wp-json\/wp\/v2\/product_brand?post=29208"},{"taxonomy":"product_cat","embeddable":true,"href":"https:\/\/truusk.store\/sv\/wp-json\/wp\/v2\/product_cat?post=29208"},{"taxonomy":"product_tag","embeddable":true,"href":"https:\/\/truusk.store\/sv\/wp-json\/wp\/v2\/product_tag?post=29208"}],"curies":[{"name":"wp","href":"https:\/\/api.w.org\/{rel}","templated":true}]}}